{"id":224931,"date":"2025-12-17T15:03:10","date_gmt":"2025-12-17T14:03:10","guid":{"rendered":"https:\/\/shop.bantam.ch\/produit\/spuelschuessel-joseph-joseph-mit-stoepsel-washdrain-fb-grau\/"},"modified":"2026-05-02T23:36:01","modified_gmt":"2026-05-02T21:36:01","slug":"spuelschuessel-joseph-joseph-mit-stoepsel-washdrain-fb-grau","status":"publish","type":"product","link":"https:\/\/shop.bantam.ch\/de\/produkt\/spuelschuessel-joseph-joseph-mit-stoepsel-washdrain-fb-grau\/","title":{"rendered":"Sp\u00fclsch\u00fcssel Joseph Joseph mit St\u00f6psel Wash&amp;Drain\u2122 Fb. grau"},"content":{"rendered":"<p>Der Geschirrsp\u00fclkasten verf\u00fcgt \u00fcber einen integrierten Abfluss, dank dem das Wasser nach dem Sp\u00fclen m\u00fchelos abfliessen kann. Sie m\u00fcssen keine schwere Sch\u00fcssel mehr zum Entleeren anheben. Die breiten Tragegriffe erleichtern das Transportieren bei Bedarf. Perfekt f\u00fcr die Verwendung in der Sp\u00fcle oder zum Abwaschen von Geschirr, wo immer Sie m\u00f6chten. Nur Handw\u00e4sche.<\/p>\n","protected":false},"excerpt":{"rendered":"<p>Der Geschirrsp\u00fclkasten verf\u00fcgt \u00fcber einen integrierten Abfluss, dank dem das Wasser nach dem Sp\u00fclen m\u00fchelos abfliessen kann. Sie m\u00fcssen keine schwere Sch\u00fcssel mehr zum Entleeren anheben. Die breiten Tragegriffe erleichtern das Transportieren bei Bedarf. Perfekt f\u00fcr die Verwendung in der Sp\u00fcle oder zum Abwaschen von Geschirr, wo immer Sie m\u00f6chten. Nur Handw\u00e4sche.<\/p>\n","protected":false},"featured_media":224921,"template":"","meta":{"_acf_changed":false},"product_featured_cat":[],"product_brand":[],"product_cat":[4290],"product_tag":[],"class_list":{"0":"post-224931","1":"product","2":"type-product","3":"status-publish","4":"has-post-thumbnail","6":"product_cat-spuelen-putzen","8":"first","9":"instock","10":"taxable","11":"shipping-taxable","12":"purchasable","13":"product-type-simple"},"acf":[],"yoast_head":"<!-- This site is optimized with the Yoast SEO plugin v27.5 - https:\/\/yoast.com\/product\/yoast-seo-wordpress\/ -->\n<title>Sp\u00fclsch\u00fcssel Joseph Joseph mit St\u00f6psel Wash&amp;Drain\u2122 Fb. grau - Bantam<\/title>\n<meta name=\"robots\" content=\"index, follow, max-snippet:-1, max-image-preview:large, max-video-preview:-1\" \/>\n<link rel=\"canonical\" href=\"https:\/\/shop.bantam.ch\/de\/produkt\/spuelschuessel-joseph-joseph-mit-stoepsel-washdrain-fb-grau\/\" \/>\n<meta property=\"og:locale\" content=\"de_DE\" \/>\n<meta property=\"og:type\" content=\"article\" \/>\n<meta property=\"og:title\" content=\"Sp\u00fclsch\u00fcssel Joseph Joseph mit St\u00f6psel Wash&amp;Drain\u2122 Fb. grau - Bantam\" \/>\n<meta property=\"og:description\" content=\"Der Geschirrsp\u00fclkasten verf\u00fcgt \u00fcber einen integrierten Abfluss, dank dem das Wasser nach dem Sp\u00fclen m\u00fchelos abfliessen kann. Sie m\u00fcssen keine schwere Sch\u00fcssel mehr zum Entleeren anheben. Die breiten Tragegriffe erleichtern das Transportieren bei Bedarf. Perfekt f\u00fcr die Verwendung in der Sp\u00fcle oder zum Abwaschen von Geschirr, wo immer Sie m\u00f6chten. Nur Handw\u00e4sche.\" \/>\n<meta property=\"og:url\" content=\"https:\/\/shop.bantam.ch\/de\/produkt\/spuelschuessel-joseph-joseph-mit-stoepsel-washdrain-fb-grau\/\" \/>\n<meta property=\"og:site_name\" content=\"Bantam\" \/>\n<meta property=\"article:modified_time\" content=\"2026-05-02T21:36:01+00:00\" \/>\n<meta name=\"twitter:card\" content=\"summary_large_image\" \/>\n<script type=\"application\/ld+json\" class=\"yoast-schema-graph\">{\"@context\":\"https:\\\/\\\/schema.org\",\"@graph\":[{\"@type\":\"WebPage\",\"@id\":\"https:\\\/\\\/shop.bantam.ch\\\/de\\\/produkt\\\/spuelschuessel-joseph-joseph-mit-stoepsel-washdrain-fb-grau\\\/\",\"url\":\"https:\\\/\\\/shop.bantam.ch\\\/de\\\/produkt\\\/spuelschuessel-joseph-joseph-mit-stoepsel-washdrain-fb-grau\\\/\",\"name\":\"Sp\u00fclsch\u00fcssel Joseph Joseph mit St\u00f6psel Wash&amp;Drain\u2122 Fb. grau - Bantam\",\"isPartOf\":{\"@id\":\"https:\\\/\\\/shop.bantam.ch\\\/de\\\/#website\"},\"primaryImageOfPage\":{\"@id\":\"https:\\\/\\\/shop.bantam.ch\\\/de\\\/produkt\\\/spuelschuessel-joseph-joseph-mit-stoepsel-washdrain-fb-grau\\\/#primaryimage\"},\"image\":{\"@id\":\"https:\\\/\\\/shop.bantam.ch\\\/de\\\/produkt\\\/spuelschuessel-joseph-joseph-mit-stoepsel-washdrain-fb-grau\\\/#primaryimage\"},\"thumbnailUrl\":\"https:\\\/\\\/shop.bantam.ch\\\/wp-content\\\/uploads\\\/2025\\\/12\\\/Movera-L-9957718100.jpg\",\"datePublished\":\"2025-12-17T14:03:10+00:00\",\"dateModified\":\"2026-05-02T21:36:01+00:00\",\"breadcrumb\":{\"@id\":\"https:\\\/\\\/shop.bantam.ch\\\/de\\\/produkt\\\/spuelschuessel-joseph-joseph-mit-stoepsel-washdrain-fb-grau\\\/#breadcrumb\"},\"inLanguage\":\"de\",\"potentialAction\":[{\"@type\":\"ReadAction\",\"target\":[\"https:\\\/\\\/shop.bantam.ch\\\/de\\\/produkt\\\/spuelschuessel-joseph-joseph-mit-stoepsel-washdrain-fb-grau\\\/\"]}]},{\"@type\":\"ImageObject\",\"inLanguage\":\"de\",\"@id\":\"https:\\\/\\\/shop.bantam.ch\\\/de\\\/produkt\\\/spuelschuessel-joseph-joseph-mit-stoepsel-washdrain-fb-grau\\\/#primaryimage\",\"url\":\"https:\\\/\\\/shop.bantam.ch\\\/wp-content\\\/uploads\\\/2025\\\/12\\\/Movera-L-9957718100.jpg\",\"contentUrl\":\"https:\\\/\\\/shop.bantam.ch\\\/wp-content\\\/uploads\\\/2025\\\/12\\\/Movera-L-9957718100.jpg\",\"width\":640,\"height\":576},{\"@type\":\"BreadcrumbList\",\"@id\":\"https:\\\/\\\/shop.bantam.ch\\\/de\\\/produkt\\\/spuelschuessel-joseph-joseph-mit-stoepsel-washdrain-fb-grau\\\/#breadcrumb\",\"itemListElement\":[{\"@type\":\"ListItem\",\"position\":1,\"name\":\"Accueil\",\"item\":\"https:\\\/\\\/shop.bantam.ch\\\/de\\\/\"},{\"@type\":\"ListItem\",\"position\":2,\"name\":\"Shop\",\"item\":\"https:\\\/\\\/shop.bantam.ch\\\/de\\\/shop\\\/\"},{\"@type\":\"ListItem\",\"position\":3,\"name\":\"Sp\u00fclsch\u00fcssel Joseph Joseph mit St\u00f6psel Wash&amp;Drain\u2122 Fb. grau\"}]},{\"@type\":\"WebSite\",\"@id\":\"https:\\\/\\\/shop.bantam.ch\\\/de\\\/#website\",\"url\":\"https:\\\/\\\/shop.bantam.ch\\\/de\\\/\",\"name\":\"Bantam\",\"description\":\"\",\"publisher\":{\"@id\":\"https:\\\/\\\/shop.bantam.ch\\\/de\\\/#organization\"},\"inLanguage\":\"de\"},{\"@type\":\"Organization\",\"@id\":\"https:\\\/\\\/shop.bantam.ch\\\/de\\\/#organization\",\"name\":\"Bantam\",\"url\":\"https:\\\/\\\/shop.bantam.ch\\\/de\\\/\",\"logo\":{\"@type\":\"ImageObject\",\"inLanguage\":\"de\",\"@id\":\"https:\\\/\\\/shop.bantam.ch\\\/de\\\/#\\\/schema\\\/logo\\\/image\\\/\",\"url\":\"https:\\\/\\\/shop.bantam.ch\\\/wp-content\\\/uploads\\\/2022\\\/12\\\/bantam-logo.png\",\"contentUrl\":\"https:\\\/\\\/shop.bantam.ch\\\/wp-content\\\/uploads\\\/2022\\\/12\\\/bantam-logo.png\",\"width\":320,\"height\":71,\"caption\":\"Bantam\"},\"image\":{\"@id\":\"https:\\\/\\\/shop.bantam.ch\\\/de\\\/#\\\/schema\\\/logo\\\/image\\\/\"}}]}<\/script>\n<!-- \/ Yoast SEO plugin. -->","yoast_head_json":{"title":"Sp\u00fclsch\u00fcssel Joseph Joseph mit St\u00f6psel Wash&amp;Drain\u2122 Fb. grau - Bantam","robots":{"index":"index","follow":"follow","max-snippet":"max-snippet:-1","max-image-preview":"max-image-preview:large","max-video-preview":"max-video-preview:-1"},"canonical":"https:\/\/shop.bantam.ch\/de\/produkt\/spuelschuessel-joseph-joseph-mit-stoepsel-washdrain-fb-grau\/","og_locale":"de_DE","og_type":"article","og_title":"Sp\u00fclsch\u00fcssel Joseph Joseph mit St\u00f6psel Wash&amp;Drain\u2122 Fb. grau - Bantam","og_description":"Der Geschirrsp\u00fclkasten verf\u00fcgt \u00fcber einen integrierten Abfluss, dank dem das Wasser nach dem Sp\u00fclen m\u00fchelos abfliessen kann. Sie m\u00fcssen keine schwere Sch\u00fcssel mehr zum Entleeren anheben. Die breiten Tragegriffe erleichtern das Transportieren bei Bedarf. Perfekt f\u00fcr die Verwendung in der Sp\u00fcle oder zum Abwaschen von Geschirr, wo immer Sie m\u00f6chten. Nur Handw\u00e4sche.","og_url":"https:\/\/shop.bantam.ch\/de\/produkt\/spuelschuessel-joseph-joseph-mit-stoepsel-washdrain-fb-grau\/","og_site_name":"Bantam","article_modified_time":"2026-05-02T21:36:01+00:00","twitter_card":"summary_large_image","schema":{"@context":"https:\/\/schema.org","@graph":[{"@type":"WebPage","@id":"https:\/\/shop.bantam.ch\/de\/produkt\/spuelschuessel-joseph-joseph-mit-stoepsel-washdrain-fb-grau\/","url":"https:\/\/shop.bantam.ch\/de\/produkt\/spuelschuessel-joseph-joseph-mit-stoepsel-washdrain-fb-grau\/","name":"Sp\u00fclsch\u00fcssel Joseph Joseph mit St\u00f6psel Wash&amp;Drain\u2122 Fb. grau - Bantam","isPartOf":{"@id":"https:\/\/shop.bantam.ch\/de\/#website"},"primaryImageOfPage":{"@id":"https:\/\/shop.bantam.ch\/de\/produkt\/spuelschuessel-joseph-joseph-mit-stoepsel-washdrain-fb-grau\/#primaryimage"},"image":{"@id":"https:\/\/shop.bantam.ch\/de\/produkt\/spuelschuessel-joseph-joseph-mit-stoepsel-washdrain-fb-grau\/#primaryimage"},"thumbnailUrl":"https:\/\/shop.bantam.ch\/wp-content\/uploads\/2025\/12\/Movera-L-9957718100.jpg","datePublished":"2025-12-17T14:03:10+00:00","dateModified":"2026-05-02T21:36:01+00:00","breadcrumb":{"@id":"https:\/\/shop.bantam.ch\/de\/produkt\/spuelschuessel-joseph-joseph-mit-stoepsel-washdrain-fb-grau\/#breadcrumb"},"inLanguage":"de","potentialAction":[{"@type":"ReadAction","target":["https:\/\/shop.bantam.ch\/de\/produkt\/spuelschuessel-joseph-joseph-mit-stoepsel-washdrain-fb-grau\/"]}]},{"@type":"ImageObject","inLanguage":"de","@id":"https:\/\/shop.bantam.ch\/de\/produkt\/spuelschuessel-joseph-joseph-mit-stoepsel-washdrain-fb-grau\/#primaryimage","url":"https:\/\/shop.bantam.ch\/wp-content\/uploads\/2025\/12\/Movera-L-9957718100.jpg","contentUrl":"https:\/\/shop.bantam.ch\/wp-content\/uploads\/2025\/12\/Movera-L-9957718100.jpg","width":640,"height":576},{"@type":"BreadcrumbList","@id":"https:\/\/shop.bantam.ch\/de\/produkt\/spuelschuessel-joseph-joseph-mit-stoepsel-washdrain-fb-grau\/#breadcrumb","itemListElement":[{"@type":"ListItem","position":1,"name":"Accueil","item":"https:\/\/shop.bantam.ch\/de\/"},{"@type":"ListItem","position":2,"name":"Shop","item":"https:\/\/shop.bantam.ch\/de\/shop\/"},{"@type":"ListItem","position":3,"name":"Sp\u00fclsch\u00fcssel Joseph Joseph mit St\u00f6psel Wash&amp;Drain\u2122 Fb. grau"}]},{"@type":"WebSite","@id":"https:\/\/shop.bantam.ch\/de\/#website","url":"https:\/\/shop.bantam.ch\/de\/","name":"Bantam","description":"","publisher":{"@id":"https:\/\/shop.bantam.ch\/de\/#organization"},"inLanguage":"de"},{"@type":"Organization","@id":"https:\/\/shop.bantam.ch\/de\/#organization","name":"Bantam","url":"https:\/\/shop.bantam.ch\/de\/","logo":{"@type":"ImageObject","inLanguage":"de","@id":"https:\/\/shop.bantam.ch\/de\/#\/schema\/logo\/image\/","url":"https:\/\/shop.bantam.ch\/wp-content\/uploads\/2022\/12\/bantam-logo.png","contentUrl":"https:\/\/shop.bantam.ch\/wp-content\/uploads\/2022\/12\/bantam-logo.png","width":320,"height":71,"caption":"Bantam"},"image":{"@id":"https:\/\/shop.bantam.ch\/de\/#\/schema\/logo\/image\/"}}]}},"_links":{"self":[{"href":"https:\/\/shop.bantam.ch\/de\/wp-json\/wp\/v2\/product\/224931","targetHints":{"allow":["GET"]}}],"collection":[{"href":"https:\/\/shop.bantam.ch\/de\/wp-json\/wp\/v2\/product"}],"about":[{"href":"https:\/\/shop.bantam.ch\/de\/wp-json\/wp\/v2\/types\/product"}],"wp:featuredmedia":[{"embeddable":true,"href":"https:\/\/shop.bantam.ch\/de\/wp-json\/wp\/v2\/media\/224921"}],"wp:attachment":[{"href":"https:\/\/shop.bantam.ch\/de\/wp-json\/wp\/v2\/media?parent=224931"}],"wp:term":[{"taxonomy":"product_featured_cat","embeddable":true,"href":"https:\/\/shop.bantam.ch\/de\/wp-json\/wp\/v2\/product_featured_cat?post=224931"},{"taxonomy":"product_brand","embeddable":true,"href":"https:\/\/shop.bantam.ch\/de\/wp-json\/wp\/v2\/product_brand?post=224931"},{"taxonomy":"product_cat","embeddable":true,"href":"https:\/\/shop.bantam.ch\/de\/wp-json\/wp\/v2\/product_cat?post=224931"},{"taxonomy":"product_tag","embeddable":true,"href":"https:\/\/shop.bantam.ch\/de\/wp-json\/wp\/v2\/product_tag?post=224931"}],"curies":[{"name":"wp","href":"https:\/\/api.w.org\/{rel}","templated":true}]}}