{"id":224867,"date":"2025-12-17T14:58:40","date_gmt":"2025-12-17T13:58:40","guid":{"rendered":"https:\/\/shop.bantam.ch\/produit\/leichtmetallfelge-cw7-75-x-18-zoll-black-matt-passend-fuer-fiat-peugeot-citroen-opel-ab-bj-2022-5-118\/"},"modified":"2026-04-19T23:46:48","modified_gmt":"2026-04-19T21:46:48","slug":"leichtmetallfelge-cw7-75-x-18-zoll-black-matt-passend-fuer-fiat-peugeot-citroen-opel-ab-bj-2022-5-118","status":"publish","type":"product","link":"https:\/\/shop.bantam.ch\/de\/produkt\/leichtmetallfelge-cw7-75-x-18-zoll-black-matt-passend-fuer-fiat-peugeot-citroen-opel-ab-bj-2022-5-118\/","title":{"rendered":"Leichtmetallfelge CW7 7,5 x 18 Zoll black matt passend f\u00fcr Fiat \/Peugeot \/ Citroen \/ Opel ab Bj. 2022 5\/118"},"content":{"rendered":"<p>Leichtmetallr\u00e4der von Borbet mit mehr Traglast auch f\u00fcr Ihren Camper Van verleihen dem Fahrzeug einen individuellen Style und bieten kompromisslose Zuverl\u00e4ssigkeit. Lieferung mit ECE \u2013 Gutachten, Radschrauben und Zentrierring soweit modellspezifisch gefordert.<\/p>\n<p>Lieferumfang:<br \/>\nohne Radschrauben, passende Radschrauben Serienbefestigung<\/p>\n","protected":false},"excerpt":{"rendered":"<p>Leichtmetallr\u00e4der von Borbet mit mehr Traglast auch f\u00fcr Ihren Camper Van verleihen dem Fahrzeug einen individuellen Style und bieten kompromisslose Zuverl\u00e4ssigkeit. Lieferung mit ECE \u2013 Gutachten, Radschrauben und Zentrierring soweit modellspezifisch gefordert. Lieferumfang: ohne Radschrauben, passende Radschrauben Serienbefestigung<\/p>\n","protected":false},"featured_media":224863,"template":"","meta":{"_acf_changed":false},"product_featured_cat":[],"product_brand":[],"product_cat":[5350],"product_tag":[],"class_list":{"0":"post-224867","1":"product","2":"type-product","3":"status-publish","4":"has-post-thumbnail","6":"product_cat-felgen-radkappen","8":"first","9":"instock","10":"taxable","11":"shipping-taxable","12":"purchasable","13":"product-type-simple"},"acf":[],"yoast_head":"<!-- This site is optimized with the Yoast SEO plugin v27.4 - https:\/\/yoast.com\/product\/yoast-seo-wordpress\/ -->\n<title>Leichtmetallfelge CW7 7,5 x 18 Zoll black matt passend f\u00fcr Fiat \/Peugeot \/ Citroen \/ Opel ab Bj. 2022 5\/118 - Bantam Camping AG<\/title>\n<meta name=\"robots\" content=\"index, follow, max-snippet:-1, max-image-preview:large, max-video-preview:-1\" \/>\n<link rel=\"canonical\" href=\"https:\/\/shop.bantam.ch\/de\/produkt\/leichtmetallfelge-cw7-75-x-18-zoll-black-matt-passend-fuer-fiat-peugeot-citroen-opel-ab-bj-2022-5-118\/\" \/>\n<meta property=\"og:locale\" content=\"de_DE\" \/>\n<meta property=\"og:type\" content=\"article\" \/>\n<meta property=\"og:title\" content=\"Leichtmetallfelge CW7 7,5 x 18 Zoll black matt passend f\u00fcr Fiat \/Peugeot \/ Citroen \/ Opel ab Bj. 2022 5\/118 - Bantam Camping AG\" \/>\n<meta property=\"og:description\" content=\"Leichtmetallr\u00e4der von Borbet mit mehr Traglast auch f\u00fcr Ihren Camper Van verleihen dem Fahrzeug einen individuellen Style und bieten kompromisslose Zuverl\u00e4ssigkeit. Lieferung mit ECE \u2013 Gutachten, Radschrauben und Zentrierring soweit modellspezifisch gefordert. Lieferumfang: ohne Radschrauben, passende Radschrauben Serienbefestigung\" \/>\n<meta property=\"og:url\" content=\"https:\/\/shop.bantam.ch\/de\/produkt\/leichtmetallfelge-cw7-75-x-18-zoll-black-matt-passend-fuer-fiat-peugeot-citroen-opel-ab-bj-2022-5-118\/\" \/>\n<meta property=\"og:site_name\" content=\"Bantam Camping AG\" \/>\n<meta property=\"article:modified_time\" content=\"2026-04-19T21:46:48+00:00\" \/>\n<meta name=\"twitter:card\" content=\"summary_large_image\" \/>\n<script type=\"application\/ld+json\" class=\"yoast-schema-graph\">{\"@context\":\"https:\\\/\\\/schema.org\",\"@graph\":[{\"@type\":\"WebPage\",\"@id\":\"https:\\\/\\\/shop.bantam.ch\\\/de\\\/produkt\\\/leichtmetallfelge-cw7-75-x-18-zoll-black-matt-passend-fuer-fiat-peugeot-citroen-opel-ab-bj-2022-5-118\\\/\",\"url\":\"https:\\\/\\\/shop.bantam.ch\\\/de\\\/produkt\\\/leichtmetallfelge-cw7-75-x-18-zoll-black-matt-passend-fuer-fiat-peugeot-citroen-opel-ab-bj-2022-5-118\\\/\",\"name\":\"Leichtmetallfelge CW7 7,5 x 18 Zoll black matt passend f\u00fcr Fiat \\\/Peugeot \\\/ Citroen \\\/ Opel ab Bj. 2022 5\\\/118 - Bantam Camping AG\",\"isPartOf\":{\"@id\":\"https:\\\/\\\/shop.bantam.ch\\\/de\\\/#website\"},\"primaryImageOfPage\":{\"@id\":\"https:\\\/\\\/shop.bantam.ch\\\/de\\\/produkt\\\/leichtmetallfelge-cw7-75-x-18-zoll-black-matt-passend-fuer-fiat-peugeot-citroen-opel-ab-bj-2022-5-118\\\/#primaryimage\"},\"image\":{\"@id\":\"https:\\\/\\\/shop.bantam.ch\\\/de\\\/produkt\\\/leichtmetallfelge-cw7-75-x-18-zoll-black-matt-passend-fuer-fiat-peugeot-citroen-opel-ab-bj-2022-5-118\\\/#primaryimage\"},\"thumbnailUrl\":\"https:\\\/\\\/shop.bantam.ch\\\/wp-content\\\/uploads\\\/2025\\\/12\\\/Movera-L-9949568100.jpg\",\"datePublished\":\"2025-12-17T13:58:40+00:00\",\"dateModified\":\"2026-04-19T21:46:48+00:00\",\"breadcrumb\":{\"@id\":\"https:\\\/\\\/shop.bantam.ch\\\/de\\\/produkt\\\/leichtmetallfelge-cw7-75-x-18-zoll-black-matt-passend-fuer-fiat-peugeot-citroen-opel-ab-bj-2022-5-118\\\/#breadcrumb\"},\"inLanguage\":\"de\",\"potentialAction\":[{\"@type\":\"ReadAction\",\"target\":[\"https:\\\/\\\/shop.bantam.ch\\\/de\\\/produkt\\\/leichtmetallfelge-cw7-75-x-18-zoll-black-matt-passend-fuer-fiat-peugeot-citroen-opel-ab-bj-2022-5-118\\\/\"]}]},{\"@type\":\"ImageObject\",\"inLanguage\":\"de\",\"@id\":\"https:\\\/\\\/shop.bantam.ch\\\/de\\\/produkt\\\/leichtmetallfelge-cw7-75-x-18-zoll-black-matt-passend-fuer-fiat-peugeot-citroen-opel-ab-bj-2022-5-118\\\/#primaryimage\",\"url\":\"https:\\\/\\\/shop.bantam.ch\\\/wp-content\\\/uploads\\\/2025\\\/12\\\/Movera-L-9949568100.jpg\",\"contentUrl\":\"https:\\\/\\\/shop.bantam.ch\\\/wp-content\\\/uploads\\\/2025\\\/12\\\/Movera-L-9949568100.jpg\",\"width\":640,\"height\":640},{\"@type\":\"BreadcrumbList\",\"@id\":\"https:\\\/\\\/shop.bantam.ch\\\/de\\\/produkt\\\/leichtmetallfelge-cw7-75-x-18-zoll-black-matt-passend-fuer-fiat-peugeot-citroen-opel-ab-bj-2022-5-118\\\/#breadcrumb\",\"itemListElement\":[{\"@type\":\"ListItem\",\"position\":1,\"name\":\"Accueil\",\"item\":\"https:\\\/\\\/shop.bantam.ch\\\/de\\\/\"},{\"@type\":\"ListItem\",\"position\":2,\"name\":\"Shop\",\"item\":\"https:\\\/\\\/shop.bantam.ch\\\/de\\\/shop\\\/\"},{\"@type\":\"ListItem\",\"position\":3,\"name\":\"Leichtmetallfelge CW7 7,5 x 18 Zoll black matt passend f\u00fcr Fiat \\\/Peugeot \\\/ Citroen \\\/ Opel ab Bj. 2022 5\\\/118\"}]},{\"@type\":\"WebSite\",\"@id\":\"https:\\\/\\\/shop.bantam.ch\\\/de\\\/#website\",\"url\":\"https:\\\/\\\/shop.bantam.ch\\\/de\\\/\",\"name\":\"Bantam Camping AG\",\"description\":\"\",\"publisher\":{\"@id\":\"https:\\\/\\\/shop.bantam.ch\\\/de\\\/#organization\"},\"inLanguage\":\"de\"},{\"@type\":\"Organization\",\"@id\":\"https:\\\/\\\/shop.bantam.ch\\\/de\\\/#organization\",\"name\":\"Bantam Camping AG\",\"url\":\"https:\\\/\\\/shop.bantam.ch\\\/de\\\/\",\"logo\":{\"@type\":\"ImageObject\",\"inLanguage\":\"de\",\"@id\":\"https:\\\/\\\/shop.bantam.ch\\\/de\\\/#\\\/schema\\\/logo\\\/image\\\/\",\"url\":\"https:\\\/\\\/shop.bantam.ch\\\/wp-content\\\/uploads\\\/2022\\\/12\\\/bantam-logo.png\",\"contentUrl\":\"https:\\\/\\\/shop.bantam.ch\\\/wp-content\\\/uploads\\\/2022\\\/12\\\/bantam-logo.png\",\"width\":320,\"height\":71,\"caption\":\"Bantam Camping AG\"},\"image\":{\"@id\":\"https:\\\/\\\/shop.bantam.ch\\\/de\\\/#\\\/schema\\\/logo\\\/image\\\/\"}}]}<\/script>\n<!-- \/ Yoast SEO plugin. -->","yoast_head_json":{"title":"Leichtmetallfelge CW7 7,5 x 18 Zoll black matt passend f\u00fcr Fiat \/Peugeot \/ Citroen \/ Opel ab Bj. 2022 5\/118 - Bantam Camping AG","robots":{"index":"index","follow":"follow","max-snippet":"max-snippet:-1","max-image-preview":"max-image-preview:large","max-video-preview":"max-video-preview:-1"},"canonical":"https:\/\/shop.bantam.ch\/de\/produkt\/leichtmetallfelge-cw7-75-x-18-zoll-black-matt-passend-fuer-fiat-peugeot-citroen-opel-ab-bj-2022-5-118\/","og_locale":"de_DE","og_type":"article","og_title":"Leichtmetallfelge CW7 7,5 x 18 Zoll black matt passend f\u00fcr Fiat \/Peugeot \/ Citroen \/ Opel ab Bj. 2022 5\/118 - Bantam Camping AG","og_description":"Leichtmetallr\u00e4der von Borbet mit mehr Traglast auch f\u00fcr Ihren Camper Van verleihen dem Fahrzeug einen individuellen Style und bieten kompromisslose Zuverl\u00e4ssigkeit. Lieferung mit ECE \u2013 Gutachten, Radschrauben und Zentrierring soweit modellspezifisch gefordert. Lieferumfang: ohne Radschrauben, passende Radschrauben Serienbefestigung","og_url":"https:\/\/shop.bantam.ch\/de\/produkt\/leichtmetallfelge-cw7-75-x-18-zoll-black-matt-passend-fuer-fiat-peugeot-citroen-opel-ab-bj-2022-5-118\/","og_site_name":"Bantam Camping AG","article_modified_time":"2026-04-19T21:46:48+00:00","twitter_card":"summary_large_image","schema":{"@context":"https:\/\/schema.org","@graph":[{"@type":"WebPage","@id":"https:\/\/shop.bantam.ch\/de\/produkt\/leichtmetallfelge-cw7-75-x-18-zoll-black-matt-passend-fuer-fiat-peugeot-citroen-opel-ab-bj-2022-5-118\/","url":"https:\/\/shop.bantam.ch\/de\/produkt\/leichtmetallfelge-cw7-75-x-18-zoll-black-matt-passend-fuer-fiat-peugeot-citroen-opel-ab-bj-2022-5-118\/","name":"Leichtmetallfelge CW7 7,5 x 18 Zoll black matt passend f\u00fcr Fiat \/Peugeot \/ Citroen \/ Opel ab Bj. 2022 5\/118 - Bantam Camping AG","isPartOf":{"@id":"https:\/\/shop.bantam.ch\/de\/#website"},"primaryImageOfPage":{"@id":"https:\/\/shop.bantam.ch\/de\/produkt\/leichtmetallfelge-cw7-75-x-18-zoll-black-matt-passend-fuer-fiat-peugeot-citroen-opel-ab-bj-2022-5-118\/#primaryimage"},"image":{"@id":"https:\/\/shop.bantam.ch\/de\/produkt\/leichtmetallfelge-cw7-75-x-18-zoll-black-matt-passend-fuer-fiat-peugeot-citroen-opel-ab-bj-2022-5-118\/#primaryimage"},"thumbnailUrl":"https:\/\/shop.bantam.ch\/wp-content\/uploads\/2025\/12\/Movera-L-9949568100.jpg","datePublished":"2025-12-17T13:58:40+00:00","dateModified":"2026-04-19T21:46:48+00:00","breadcrumb":{"@id":"https:\/\/shop.bantam.ch\/de\/produkt\/leichtmetallfelge-cw7-75-x-18-zoll-black-matt-passend-fuer-fiat-peugeot-citroen-opel-ab-bj-2022-5-118\/#breadcrumb"},"inLanguage":"de","potentialAction":[{"@type":"ReadAction","target":["https:\/\/shop.bantam.ch\/de\/produkt\/leichtmetallfelge-cw7-75-x-18-zoll-black-matt-passend-fuer-fiat-peugeot-citroen-opel-ab-bj-2022-5-118\/"]}]},{"@type":"ImageObject","inLanguage":"de","@id":"https:\/\/shop.bantam.ch\/de\/produkt\/leichtmetallfelge-cw7-75-x-18-zoll-black-matt-passend-fuer-fiat-peugeot-citroen-opel-ab-bj-2022-5-118\/#primaryimage","url":"https:\/\/shop.bantam.ch\/wp-content\/uploads\/2025\/12\/Movera-L-9949568100.jpg","contentUrl":"https:\/\/shop.bantam.ch\/wp-content\/uploads\/2025\/12\/Movera-L-9949568100.jpg","width":640,"height":640},{"@type":"BreadcrumbList","@id":"https:\/\/shop.bantam.ch\/de\/produkt\/leichtmetallfelge-cw7-75-x-18-zoll-black-matt-passend-fuer-fiat-peugeot-citroen-opel-ab-bj-2022-5-118\/#breadcrumb","itemListElement":[{"@type":"ListItem","position":1,"name":"Accueil","item":"https:\/\/shop.bantam.ch\/de\/"},{"@type":"ListItem","position":2,"name":"Shop","item":"https:\/\/shop.bantam.ch\/de\/shop\/"},{"@type":"ListItem","position":3,"name":"Leichtmetallfelge CW7 7,5 x 18 Zoll black matt passend f\u00fcr Fiat \/Peugeot \/ Citroen \/ Opel ab Bj. 2022 5\/118"}]},{"@type":"WebSite","@id":"https:\/\/shop.bantam.ch\/de\/#website","url":"https:\/\/shop.bantam.ch\/de\/","name":"Bantam Camping AG","description":"","publisher":{"@id":"https:\/\/shop.bantam.ch\/de\/#organization"},"inLanguage":"de"},{"@type":"Organization","@id":"https:\/\/shop.bantam.ch\/de\/#organization","name":"Bantam Camping AG","url":"https:\/\/shop.bantam.ch\/de\/","logo":{"@type":"ImageObject","inLanguage":"de","@id":"https:\/\/shop.bantam.ch\/de\/#\/schema\/logo\/image\/","url":"https:\/\/shop.bantam.ch\/wp-content\/uploads\/2022\/12\/bantam-logo.png","contentUrl":"https:\/\/shop.bantam.ch\/wp-content\/uploads\/2022\/12\/bantam-logo.png","width":320,"height":71,"caption":"Bantam Camping AG"},"image":{"@id":"https:\/\/shop.bantam.ch\/de\/#\/schema\/logo\/image\/"}}]}},"_links":{"self":[{"href":"https:\/\/shop.bantam.ch\/de\/wp-json\/wp\/v2\/product\/224867","targetHints":{"allow":["GET"]}}],"collection":[{"href":"https:\/\/shop.bantam.ch\/de\/wp-json\/wp\/v2\/product"}],"about":[{"href":"https:\/\/shop.bantam.ch\/de\/wp-json\/wp\/v2\/types\/product"}],"wp:featuredmedia":[{"embeddable":true,"href":"https:\/\/shop.bantam.ch\/de\/wp-json\/wp\/v2\/media\/224863"}],"wp:attachment":[{"href":"https:\/\/shop.bantam.ch\/de\/wp-json\/wp\/v2\/media?parent=224867"}],"wp:term":[{"taxonomy":"product_featured_cat","embeddable":true,"href":"https:\/\/shop.bantam.ch\/de\/wp-json\/wp\/v2\/product_featured_cat?post=224867"},{"taxonomy":"product_brand","embeddable":true,"href":"https:\/\/shop.bantam.ch\/de\/wp-json\/wp\/v2\/product_brand?post=224867"},{"taxonomy":"product_cat","embeddable":true,"href":"https:\/\/shop.bantam.ch\/de\/wp-json\/wp\/v2\/product_cat?post=224867"},{"taxonomy":"product_tag","embeddable":true,"href":"https:\/\/shop.bantam.ch\/de\/wp-json\/wp\/v2\/product_tag?post=224867"}],"curies":[{"name":"wp","href":"https:\/\/api.w.org\/{rel}","templated":true}]}}