{"id":224845,"date":"2025-12-17T14:57:44","date_gmt":"2025-12-17T13:57:44","guid":{"rendered":"https:\/\/shop.bantam.ch\/produit\/lastentraeger-sawiko-by-al-ko-velo\/"},"modified":"2026-04-18T02:12:30","modified_gmt":"2026-04-18T00:12:30","slug":"lastentraeger-sawiko-by-al-ko-velo","status":"publish","type":"product","link":"https:\/\/shop.bantam.ch\/de\/produkt\/lastentraeger-sawiko-by-al-ko-velo\/","title":{"rendered":"Lastentr\u00e4ger SAWIKO by AL-KO Velo"},"content":{"rendered":"<p>MAXIMALER KOMFORT &#8211; MODERNES DESIGN<\/p>\n<p>LEICHTIGKEIT KOMBINIERT MIT STABILIT\u00c4T<br \/>\nTrotz seiner leichten Bauweise ist der VELO sehr stabil. Die hohe Nutzlast von max. 80 kg reicht aus, um bis zu 3 Fahrr\u00e4der oder E-Bikes sicher zu transportieren. Erleben Sie maximalen Komfort, Leichtigkeit, Qualit\u00e4t und modernes Design.<\/p>\n<p>MEHR KOMFORT DURCH EINFACHE BEDIENUNG<br \/>\nDie Transportplattform l\u00e4sst sich m\u00fchelos hochklappen.<br \/>\nDas spart bei Nichtgebrauch Platz. Dank des neuen Einhebel-Klappmechanismus klappt der Leuchtentr\u00e4ger automatisch an.<\/p>\n<ul>\n<li>Nutzlast: 80 kg<\/li>\n<li>Fahrradschienen und Haltearme mit Ratschen-Schnellverschluss<\/li>\n<li>Mit EG-Typengenehmigung<\/li>\n<li>Viele Transportm\u00f6glichkeiten<\/li>\n<li>Ohne Werkzeug abnehmbar<\/li>\n<li>Inkl. Standard-Aufnahmeelement<\/li>\n<\/ul>\n<p>* Eigengewicht inkl. R\u00fcstsatz, ohne Aufnahmeelemente sowie Rahmenverl\u00e4ngerungen oder -verst\u00e4rkungen.<br \/>\n&nbsp;<\/p>\n","protected":false},"excerpt":{"rendered":"<p>MAXIMALER KOMFORT &#8211; MODERNES DESIGN LEICHTIGKEIT KOMBINIERT MIT STABILIT\u00c4T Trotz seiner leichten Bauweise ist der VELO sehr stabil. Die hohe Nutzlast von max. 80 kg reicht aus, um bis zu 3 Fahrr\u00e4der oder E-Bikes sicher zu transportieren. Erleben Sie maximalen Komfort, Leichtigkeit, Qualit\u00e4t und modernes Design. MEHR KOMFORT DURCH EINFACHE BEDIENUNG Die Transportplattform l\u00e4sst sich [&hellip;]<\/p>\n","protected":false},"featured_media":224829,"template":"","meta":{"_acf_changed":false},"product_featured_cat":[],"product_brand":[],"product_cat":[5138],"product_tag":[],"class_list":{"0":"post-224845","1":"product","2":"type-product","3":"status-publish","4":"has-post-thumbnail","6":"product_cat-heck-fahrradtraeger","8":"first","9":"instock","10":"taxable","11":"shipping-taxable","12":"purchasable","13":"product-type-variable"},"acf":[],"yoast_head":"<!-- This site is optimized with the Yoast SEO plugin v27.4 - https:\/\/yoast.com\/product\/yoast-seo-wordpress\/ -->\n<title>Lastentr\u00e4ger SAWIKO by AL-KO Velo - Bantam Camping AG<\/title>\n<meta name=\"robots\" content=\"index, follow, max-snippet:-1, max-image-preview:large, max-video-preview:-1\" \/>\n<link rel=\"canonical\" href=\"https:\/\/shop.bantam.ch\/de\/produkt\/lastentraeger-sawiko-by-al-ko-velo\/\" \/>\n<meta property=\"og:locale\" content=\"de_DE\" \/>\n<meta property=\"og:type\" content=\"article\" \/>\n<meta property=\"og:title\" content=\"Lastentr\u00e4ger SAWIKO by AL-KO Velo - Bantam Camping AG\" \/>\n<meta property=\"og:description\" content=\"MAXIMALER KOMFORT &#8211; MODERNES DESIGN LEICHTIGKEIT KOMBINIERT MIT STABILIT\u00c4T Trotz seiner leichten Bauweise ist der VELO sehr stabil. Die hohe Nutzlast von max. 80 kg reicht aus, um bis zu 3 Fahrr\u00e4der oder E-Bikes sicher zu transportieren. Erleben Sie maximalen Komfort, Leichtigkeit, Qualit\u00e4t und modernes Design. MEHR KOMFORT DURCH EINFACHE BEDIENUNG Die Transportplattform l\u00e4sst sich [&hellip;]\" \/>\n<meta property=\"og:url\" content=\"https:\/\/shop.bantam.ch\/de\/produkt\/lastentraeger-sawiko-by-al-ko-velo\/\" \/>\n<meta property=\"og:site_name\" content=\"Bantam Camping AG\" \/>\n<meta property=\"article:modified_time\" content=\"2026-04-18T00:12:30+00:00\" \/>\n<meta name=\"twitter:card\" content=\"summary_large_image\" \/>\n<meta name=\"twitter:label1\" content=\"Gesch\u00e4tzte Lesezeit\" \/>\n\t<meta name=\"twitter:data1\" content=\"1\u00a0Minute\" \/>\n<script type=\"application\/ld+json\" class=\"yoast-schema-graph\">{\"@context\":\"https:\\\/\\\/schema.org\",\"@graph\":[{\"@type\":\"WebPage\",\"@id\":\"https:\\\/\\\/shop.bantam.ch\\\/de\\\/produkt\\\/lastentraeger-sawiko-by-al-ko-velo\\\/\",\"url\":\"https:\\\/\\\/shop.bantam.ch\\\/de\\\/produkt\\\/lastentraeger-sawiko-by-al-ko-velo\\\/\",\"name\":\"Lastentr\u00e4ger SAWIKO by AL-KO Velo - Bantam Camping AG\",\"isPartOf\":{\"@id\":\"https:\\\/\\\/shop.bantam.ch\\\/de\\\/#website\"},\"primaryImageOfPage\":{\"@id\":\"https:\\\/\\\/shop.bantam.ch\\\/de\\\/produkt\\\/lastentraeger-sawiko-by-al-ko-velo\\\/#primaryimage\"},\"image\":{\"@id\":\"https:\\\/\\\/shop.bantam.ch\\\/de\\\/produkt\\\/lastentraeger-sawiko-by-al-ko-velo\\\/#primaryimage\"},\"thumbnailUrl\":\"https:\\\/\\\/shop.bantam.ch\\\/wp-content\\\/uploads\\\/2025\\\/12\\\/Movera-L-9949553100.jpg\",\"datePublished\":\"2025-12-17T13:57:44+00:00\",\"dateModified\":\"2026-04-18T00:12:30+00:00\",\"breadcrumb\":{\"@id\":\"https:\\\/\\\/shop.bantam.ch\\\/de\\\/produkt\\\/lastentraeger-sawiko-by-al-ko-velo\\\/#breadcrumb\"},\"inLanguage\":\"de\",\"potentialAction\":[{\"@type\":\"ReadAction\",\"target\":[\"https:\\\/\\\/shop.bantam.ch\\\/de\\\/produkt\\\/lastentraeger-sawiko-by-al-ko-velo\\\/\"]}]},{\"@type\":\"ImageObject\",\"inLanguage\":\"de\",\"@id\":\"https:\\\/\\\/shop.bantam.ch\\\/de\\\/produkt\\\/lastentraeger-sawiko-by-al-ko-velo\\\/#primaryimage\",\"url\":\"https:\\\/\\\/shop.bantam.ch\\\/wp-content\\\/uploads\\\/2025\\\/12\\\/Movera-L-9949553100.jpg\",\"contentUrl\":\"https:\\\/\\\/shop.bantam.ch\\\/wp-content\\\/uploads\\\/2025\\\/12\\\/Movera-L-9949553100.jpg\",\"width\":640,\"height\":411},{\"@type\":\"BreadcrumbList\",\"@id\":\"https:\\\/\\\/shop.bantam.ch\\\/de\\\/produkt\\\/lastentraeger-sawiko-by-al-ko-velo\\\/#breadcrumb\",\"itemListElement\":[{\"@type\":\"ListItem\",\"position\":1,\"name\":\"Accueil\",\"item\":\"https:\\\/\\\/shop.bantam.ch\\\/de\\\/\"},{\"@type\":\"ListItem\",\"position\":2,\"name\":\"Shop\",\"item\":\"https:\\\/\\\/shop.bantam.ch\\\/de\\\/shop\\\/\"},{\"@type\":\"ListItem\",\"position\":3,\"name\":\"Lastentr\u00e4ger SAWIKO by AL-KO Velo\"}]},{\"@type\":\"WebSite\",\"@id\":\"https:\\\/\\\/shop.bantam.ch\\\/de\\\/#website\",\"url\":\"https:\\\/\\\/shop.bantam.ch\\\/de\\\/\",\"name\":\"Bantam Camping AG\",\"description\":\"\",\"publisher\":{\"@id\":\"https:\\\/\\\/shop.bantam.ch\\\/de\\\/#organization\"},\"inLanguage\":\"de\"},{\"@type\":\"Organization\",\"@id\":\"https:\\\/\\\/shop.bantam.ch\\\/de\\\/#organization\",\"name\":\"Bantam Camping AG\",\"url\":\"https:\\\/\\\/shop.bantam.ch\\\/de\\\/\",\"logo\":{\"@type\":\"ImageObject\",\"inLanguage\":\"de\",\"@id\":\"https:\\\/\\\/shop.bantam.ch\\\/de\\\/#\\\/schema\\\/logo\\\/image\\\/\",\"url\":\"https:\\\/\\\/shop.bantam.ch\\\/wp-content\\\/uploads\\\/2022\\\/12\\\/bantam-logo.png\",\"contentUrl\":\"https:\\\/\\\/shop.bantam.ch\\\/wp-content\\\/uploads\\\/2022\\\/12\\\/bantam-logo.png\",\"width\":320,\"height\":71,\"caption\":\"Bantam Camping AG\"},\"image\":{\"@id\":\"https:\\\/\\\/shop.bantam.ch\\\/de\\\/#\\\/schema\\\/logo\\\/image\\\/\"}}]}<\/script>\n<!-- \/ Yoast SEO plugin. -->","yoast_head_json":{"title":"Lastentr\u00e4ger SAWIKO by AL-KO Velo - Bantam Camping AG","robots":{"index":"index","follow":"follow","max-snippet":"max-snippet:-1","max-image-preview":"max-image-preview:large","max-video-preview":"max-video-preview:-1"},"canonical":"https:\/\/shop.bantam.ch\/de\/produkt\/lastentraeger-sawiko-by-al-ko-velo\/","og_locale":"de_DE","og_type":"article","og_title":"Lastentr\u00e4ger SAWIKO by AL-KO Velo - Bantam Camping AG","og_description":"MAXIMALER KOMFORT &#8211; MODERNES DESIGN LEICHTIGKEIT KOMBINIERT MIT STABILIT\u00c4T Trotz seiner leichten Bauweise ist der VELO sehr stabil. Die hohe Nutzlast von max. 80 kg reicht aus, um bis zu 3 Fahrr\u00e4der oder E-Bikes sicher zu transportieren. Erleben Sie maximalen Komfort, Leichtigkeit, Qualit\u00e4t und modernes Design. MEHR KOMFORT DURCH EINFACHE BEDIENUNG Die Transportplattform l\u00e4sst sich [&hellip;]","og_url":"https:\/\/shop.bantam.ch\/de\/produkt\/lastentraeger-sawiko-by-al-ko-velo\/","og_site_name":"Bantam Camping AG","article_modified_time":"2026-04-18T00:12:30+00:00","twitter_card":"summary_large_image","twitter_misc":{"Gesch\u00e4tzte Lesezeit":"1\u00a0Minute"},"schema":{"@context":"https:\/\/schema.org","@graph":[{"@type":"WebPage","@id":"https:\/\/shop.bantam.ch\/de\/produkt\/lastentraeger-sawiko-by-al-ko-velo\/","url":"https:\/\/shop.bantam.ch\/de\/produkt\/lastentraeger-sawiko-by-al-ko-velo\/","name":"Lastentr\u00e4ger SAWIKO by AL-KO Velo - Bantam Camping AG","isPartOf":{"@id":"https:\/\/shop.bantam.ch\/de\/#website"},"primaryImageOfPage":{"@id":"https:\/\/shop.bantam.ch\/de\/produkt\/lastentraeger-sawiko-by-al-ko-velo\/#primaryimage"},"image":{"@id":"https:\/\/shop.bantam.ch\/de\/produkt\/lastentraeger-sawiko-by-al-ko-velo\/#primaryimage"},"thumbnailUrl":"https:\/\/shop.bantam.ch\/wp-content\/uploads\/2025\/12\/Movera-L-9949553100.jpg","datePublished":"2025-12-17T13:57:44+00:00","dateModified":"2026-04-18T00:12:30+00:00","breadcrumb":{"@id":"https:\/\/shop.bantam.ch\/de\/produkt\/lastentraeger-sawiko-by-al-ko-velo\/#breadcrumb"},"inLanguage":"de","potentialAction":[{"@type":"ReadAction","target":["https:\/\/shop.bantam.ch\/de\/produkt\/lastentraeger-sawiko-by-al-ko-velo\/"]}]},{"@type":"ImageObject","inLanguage":"de","@id":"https:\/\/shop.bantam.ch\/de\/produkt\/lastentraeger-sawiko-by-al-ko-velo\/#primaryimage","url":"https:\/\/shop.bantam.ch\/wp-content\/uploads\/2025\/12\/Movera-L-9949553100.jpg","contentUrl":"https:\/\/shop.bantam.ch\/wp-content\/uploads\/2025\/12\/Movera-L-9949553100.jpg","width":640,"height":411},{"@type":"BreadcrumbList","@id":"https:\/\/shop.bantam.ch\/de\/produkt\/lastentraeger-sawiko-by-al-ko-velo\/#breadcrumb","itemListElement":[{"@type":"ListItem","position":1,"name":"Accueil","item":"https:\/\/shop.bantam.ch\/de\/"},{"@type":"ListItem","position":2,"name":"Shop","item":"https:\/\/shop.bantam.ch\/de\/shop\/"},{"@type":"ListItem","position":3,"name":"Lastentr\u00e4ger SAWIKO by AL-KO Velo"}]},{"@type":"WebSite","@id":"https:\/\/shop.bantam.ch\/de\/#website","url":"https:\/\/shop.bantam.ch\/de\/","name":"Bantam Camping AG","description":"","publisher":{"@id":"https:\/\/shop.bantam.ch\/de\/#organization"},"inLanguage":"de"},{"@type":"Organization","@id":"https:\/\/shop.bantam.ch\/de\/#organization","name":"Bantam Camping AG","url":"https:\/\/shop.bantam.ch\/de\/","logo":{"@type":"ImageObject","inLanguage":"de","@id":"https:\/\/shop.bantam.ch\/de\/#\/schema\/logo\/image\/","url":"https:\/\/shop.bantam.ch\/wp-content\/uploads\/2022\/12\/bantam-logo.png","contentUrl":"https:\/\/shop.bantam.ch\/wp-content\/uploads\/2022\/12\/bantam-logo.png","width":320,"height":71,"caption":"Bantam Camping AG"},"image":{"@id":"https:\/\/shop.bantam.ch\/de\/#\/schema\/logo\/image\/"}}]}},"_links":{"self":[{"href":"https:\/\/shop.bantam.ch\/de\/wp-json\/wp\/v2\/product\/224845","targetHints":{"allow":["GET"]}}],"collection":[{"href":"https:\/\/shop.bantam.ch\/de\/wp-json\/wp\/v2\/product"}],"about":[{"href":"https:\/\/shop.bantam.ch\/de\/wp-json\/wp\/v2\/types\/product"}],"wp:featuredmedia":[{"embeddable":true,"href":"https:\/\/shop.bantam.ch\/de\/wp-json\/wp\/v2\/media\/224829"}],"wp:attachment":[{"href":"https:\/\/shop.bantam.ch\/de\/wp-json\/wp\/v2\/media?parent=224845"}],"wp:term":[{"taxonomy":"product_featured_cat","embeddable":true,"href":"https:\/\/shop.bantam.ch\/de\/wp-json\/wp\/v2\/product_featured_cat?post=224845"},{"taxonomy":"product_brand","embeddable":true,"href":"https:\/\/shop.bantam.ch\/de\/wp-json\/wp\/v2\/product_brand?post=224845"},{"taxonomy":"product_cat","embeddable":true,"href":"https:\/\/shop.bantam.ch\/de\/wp-json\/wp\/v2\/product_cat?post=224845"},{"taxonomy":"product_tag","embeddable":true,"href":"https:\/\/shop.bantam.ch\/de\/wp-json\/wp\/v2\/product_tag?post=224845"}],"curies":[{"name":"wp","href":"https:\/\/api.w.org\/{rel}","templated":true}]}}