{"id":224817,"date":"2025-12-17T14:56:18","date_gmt":"2025-12-17T13:56:18","guid":{"rendered":"https:\/\/shop.bantam.ch\/produit\/lastentraeger-sawiko-by-al-ko-vario\/"},"modified":"2026-04-18T02:12:21","modified_gmt":"2026-04-18T00:12:21","slug":"lastentraeger-sawiko-by-al-ko-vario","status":"publish","type":"product","link":"https:\/\/shop.bantam.ch\/de\/produkt\/lastentraeger-sawiko-by-al-ko-vario\/","title":{"rendered":"Lastentr\u00e4ger SAWIKO by AL-KO Vario"},"content":{"rendered":"<p>VARIO \u2013 KOMPAKT, KLAPPBAR UND VARIABEL<\/p>\n<p>MODERNES DESIGN &#8211; MEHR KOMFORT<br \/>\nDer VARIO Fahrradtr\u00e4ger \u00fcberzeugt mit einem modernen und kompakten Design. Dank hochwertiger Materialien zeichnet sich der VARIO durch ein geringes Eigengewicht und eine hohe Nutzlast aus. Das durchdachte Tr\u00e4gersystem ist ideal f\u00fcr verschiedene Transportl\u00f6sungen konzipiert.<\/p>\n<p>EINFACHE BEDIENUNG<br \/>\nMit der hochklappbaren Transportplattform und dem automatisch anklappenden Leuchtentr\u00e4ger bietet der VARIO eine m\u00fchelose Handhabung. Die praktischen Ratschen-Schnellverschl\u00fcsse an Haltearmen und Fahrradschienen machen die Nutzung kinderleicht. Eine optional erh\u00e4ltliche Auffahrschiene erleichtert zus\u00e4tzlich das Verladen schwerer E-Bikes. Erleben Sie den VARIO Fahrradtr\u00e4ger \u2013 die perfekte Kombination aus modernem Design, einfacher Bedienung und h\u00f6chster Flexibilit\u00e4t. Ideal f\u00fcr alle, die Wert auf Qualit\u00e4t und Komfort legen.<\/p>\n<p>FLEXIBEL UND FUNKTIONAL<br \/>\nDer VARIO Fahrradtr\u00e4ger besticht durch eine variable Beladetiefe, die von 620 mm auf bis zu 800 mm verl\u00e4ngert werden kann, und bietet somit noch mehr Flexibilit\u00e4t. Neben den bew\u00e4hrten R\u00fcsts\u00e4tzen f\u00fcr Fahrr\u00e4der und Roller sind auch spezielle R\u00fcsts\u00e4tze f\u00fcr Fat Bikes und Tricycles erh\u00e4ltlich.<\/p>\n<ul>\n<li>Nutzlast: bis zu 150 kg*<\/li>\n<li>EG-Typengenehmigung vorhanden<\/li>\n<li>Viele Transportl\u00f6sungen<\/li>\n<li>Gr\u00f6\u00dftenteils aus Aluminium<\/li>\n<li>Ohne Werkzeug abnehmbar<\/li>\n<li>Serienm\u00e4\u00dfig von 620 &#8211; 800 mm teleskopierbar<\/li>\n<li>Transportplattform klappbar + Leuchtentr\u00e4ger klappt automatisch mit an<\/li>\n<li>Fahrradschienen und Haltearme mit Ratschen-Schnellverschluss<\/li>\n<li>Abmessungen: B 2011 mm \/ T 937 mm<\/li>\n<li>Inkl. Standardaufnahmeelemente<\/li>\n<\/ul>\n<p>*Eigengewicht inkl. R\u00fcstsatz, ohne Aufnahmeelemente und Rahmenverl\u00e4ngerungen &#8211; oder Verst\u00e4rkungen.<\/p>\n","protected":false},"excerpt":{"rendered":"<p>VARIO \u2013 KOMPAKT, KLAPPBAR UND VARIABEL MODERNES DESIGN &#8211; MEHR KOMFORT Der VARIO Fahrradtr\u00e4ger \u00fcberzeugt mit einem modernen und kompakten Design. Dank hochwertiger Materialien zeichnet sich der VARIO durch ein geringes Eigengewicht und eine hohe Nutzlast aus. Das durchdachte Tr\u00e4gersystem ist ideal f\u00fcr verschiedene Transportl\u00f6sungen konzipiert. EINFACHE BEDIENUNG Mit der hochklappbaren Transportplattform und dem automatisch [&hellip;]<\/p>\n","protected":false},"featured_media":224791,"template":"","meta":{"_acf_changed":false},"product_featured_cat":[],"product_brand":[],"product_cat":[5138],"product_tag":[],"class_list":{"0":"post-224817","1":"product","2":"type-product","3":"status-publish","4":"has-post-thumbnail","6":"product_cat-heck-fahrradtraeger","8":"first","9":"instock","10":"taxable","11":"shipping-taxable","12":"purchasable","13":"product-type-variable"},"acf":[],"yoast_head":"<!-- This site is optimized with the Yoast SEO plugin v27.4 - https:\/\/yoast.com\/product\/yoast-seo-wordpress\/ -->\n<title>Lastentr\u00e4ger SAWIKO by AL-KO Vario - Bantam Camping AG<\/title>\n<meta name=\"robots\" content=\"index, follow, max-snippet:-1, max-image-preview:large, max-video-preview:-1\" \/>\n<link rel=\"canonical\" href=\"https:\/\/shop.bantam.ch\/de\/produkt\/lastentraeger-sawiko-by-al-ko-vario\/\" \/>\n<meta property=\"og:locale\" content=\"de_DE\" \/>\n<meta property=\"og:type\" content=\"article\" \/>\n<meta property=\"og:title\" content=\"Lastentr\u00e4ger SAWIKO by AL-KO Vario - Bantam Camping AG\" \/>\n<meta property=\"og:description\" content=\"VARIO \u2013 KOMPAKT, KLAPPBAR UND VARIABEL MODERNES DESIGN &#8211; MEHR KOMFORT Der VARIO Fahrradtr\u00e4ger \u00fcberzeugt mit einem modernen und kompakten Design. Dank hochwertiger Materialien zeichnet sich der VARIO durch ein geringes Eigengewicht und eine hohe Nutzlast aus. Das durchdachte Tr\u00e4gersystem ist ideal f\u00fcr verschiedene Transportl\u00f6sungen konzipiert. EINFACHE BEDIENUNG Mit der hochklappbaren Transportplattform und dem automatisch [&hellip;]\" \/>\n<meta property=\"og:url\" content=\"https:\/\/shop.bantam.ch\/de\/produkt\/lastentraeger-sawiko-by-al-ko-vario\/\" \/>\n<meta property=\"og:site_name\" content=\"Bantam Camping AG\" \/>\n<meta property=\"article:modified_time\" content=\"2026-04-18T00:12:21+00:00\" \/>\n<meta name=\"twitter:card\" content=\"summary_large_image\" \/>\n<meta name=\"twitter:label1\" content=\"Gesch\u00e4tzte Lesezeit\" \/>\n\t<meta name=\"twitter:data1\" content=\"1\u00a0Minute\" \/>\n<script type=\"application\/ld+json\" class=\"yoast-schema-graph\">{\"@context\":\"https:\\\/\\\/schema.org\",\"@graph\":[{\"@type\":\"WebPage\",\"@id\":\"https:\\\/\\\/shop.bantam.ch\\\/de\\\/produkt\\\/lastentraeger-sawiko-by-al-ko-vario\\\/\",\"url\":\"https:\\\/\\\/shop.bantam.ch\\\/de\\\/produkt\\\/lastentraeger-sawiko-by-al-ko-vario\\\/\",\"name\":\"Lastentr\u00e4ger SAWIKO by AL-KO Vario - Bantam Camping AG\",\"isPartOf\":{\"@id\":\"https:\\\/\\\/shop.bantam.ch\\\/de\\\/#website\"},\"primaryImageOfPage\":{\"@id\":\"https:\\\/\\\/shop.bantam.ch\\\/de\\\/produkt\\\/lastentraeger-sawiko-by-al-ko-vario\\\/#primaryimage\"},\"image\":{\"@id\":\"https:\\\/\\\/shop.bantam.ch\\\/de\\\/produkt\\\/lastentraeger-sawiko-by-al-ko-vario\\\/#primaryimage\"},\"thumbnailUrl\":\"https:\\\/\\\/shop.bantam.ch\\\/wp-content\\\/uploads\\\/2025\\\/12\\\/Movera-L-9949543100.jpg\",\"datePublished\":\"2025-12-17T13:56:18+00:00\",\"dateModified\":\"2026-04-18T00:12:21+00:00\",\"breadcrumb\":{\"@id\":\"https:\\\/\\\/shop.bantam.ch\\\/de\\\/produkt\\\/lastentraeger-sawiko-by-al-ko-vario\\\/#breadcrumb\"},\"inLanguage\":\"de\",\"potentialAction\":[{\"@type\":\"ReadAction\",\"target\":[\"https:\\\/\\\/shop.bantam.ch\\\/de\\\/produkt\\\/lastentraeger-sawiko-by-al-ko-vario\\\/\"]}]},{\"@type\":\"ImageObject\",\"inLanguage\":\"de\",\"@id\":\"https:\\\/\\\/shop.bantam.ch\\\/de\\\/produkt\\\/lastentraeger-sawiko-by-al-ko-vario\\\/#primaryimage\",\"url\":\"https:\\\/\\\/shop.bantam.ch\\\/wp-content\\\/uploads\\\/2025\\\/12\\\/Movera-L-9949543100.jpg\",\"contentUrl\":\"https:\\\/\\\/shop.bantam.ch\\\/wp-content\\\/uploads\\\/2025\\\/12\\\/Movera-L-9949543100.jpg\",\"width\":640,\"height\":411},{\"@type\":\"BreadcrumbList\",\"@id\":\"https:\\\/\\\/shop.bantam.ch\\\/de\\\/produkt\\\/lastentraeger-sawiko-by-al-ko-vario\\\/#breadcrumb\",\"itemListElement\":[{\"@type\":\"ListItem\",\"position\":1,\"name\":\"Accueil\",\"item\":\"https:\\\/\\\/shop.bantam.ch\\\/de\\\/\"},{\"@type\":\"ListItem\",\"position\":2,\"name\":\"Shop\",\"item\":\"https:\\\/\\\/shop.bantam.ch\\\/de\\\/shop\\\/\"},{\"@type\":\"ListItem\",\"position\":3,\"name\":\"Lastentr\u00e4ger SAWIKO by AL-KO Vario\"}]},{\"@type\":\"WebSite\",\"@id\":\"https:\\\/\\\/shop.bantam.ch\\\/de\\\/#website\",\"url\":\"https:\\\/\\\/shop.bantam.ch\\\/de\\\/\",\"name\":\"Bantam Camping AG\",\"description\":\"\",\"publisher\":{\"@id\":\"https:\\\/\\\/shop.bantam.ch\\\/de\\\/#organization\"},\"inLanguage\":\"de\"},{\"@type\":\"Organization\",\"@id\":\"https:\\\/\\\/shop.bantam.ch\\\/de\\\/#organization\",\"name\":\"Bantam Camping AG\",\"url\":\"https:\\\/\\\/shop.bantam.ch\\\/de\\\/\",\"logo\":{\"@type\":\"ImageObject\",\"inLanguage\":\"de\",\"@id\":\"https:\\\/\\\/shop.bantam.ch\\\/de\\\/#\\\/schema\\\/logo\\\/image\\\/\",\"url\":\"https:\\\/\\\/shop.bantam.ch\\\/wp-content\\\/uploads\\\/2022\\\/12\\\/bantam-logo.png\",\"contentUrl\":\"https:\\\/\\\/shop.bantam.ch\\\/wp-content\\\/uploads\\\/2022\\\/12\\\/bantam-logo.png\",\"width\":320,\"height\":71,\"caption\":\"Bantam Camping AG\"},\"image\":{\"@id\":\"https:\\\/\\\/shop.bantam.ch\\\/de\\\/#\\\/schema\\\/logo\\\/image\\\/\"}}]}<\/script>\n<!-- \/ Yoast SEO plugin. -->","yoast_head_json":{"title":"Lastentr\u00e4ger SAWIKO by AL-KO Vario - Bantam Camping AG","robots":{"index":"index","follow":"follow","max-snippet":"max-snippet:-1","max-image-preview":"max-image-preview:large","max-video-preview":"max-video-preview:-1"},"canonical":"https:\/\/shop.bantam.ch\/de\/produkt\/lastentraeger-sawiko-by-al-ko-vario\/","og_locale":"de_DE","og_type":"article","og_title":"Lastentr\u00e4ger SAWIKO by AL-KO Vario - Bantam Camping AG","og_description":"VARIO \u2013 KOMPAKT, KLAPPBAR UND VARIABEL MODERNES DESIGN &#8211; MEHR KOMFORT Der VARIO Fahrradtr\u00e4ger \u00fcberzeugt mit einem modernen und kompakten Design. Dank hochwertiger Materialien zeichnet sich der VARIO durch ein geringes Eigengewicht und eine hohe Nutzlast aus. Das durchdachte Tr\u00e4gersystem ist ideal f\u00fcr verschiedene Transportl\u00f6sungen konzipiert. EINFACHE BEDIENUNG Mit der hochklappbaren Transportplattform und dem automatisch [&hellip;]","og_url":"https:\/\/shop.bantam.ch\/de\/produkt\/lastentraeger-sawiko-by-al-ko-vario\/","og_site_name":"Bantam Camping AG","article_modified_time":"2026-04-18T00:12:21+00:00","twitter_card":"summary_large_image","twitter_misc":{"Gesch\u00e4tzte Lesezeit":"1\u00a0Minute"},"schema":{"@context":"https:\/\/schema.org","@graph":[{"@type":"WebPage","@id":"https:\/\/shop.bantam.ch\/de\/produkt\/lastentraeger-sawiko-by-al-ko-vario\/","url":"https:\/\/shop.bantam.ch\/de\/produkt\/lastentraeger-sawiko-by-al-ko-vario\/","name":"Lastentr\u00e4ger SAWIKO by AL-KO Vario - Bantam Camping AG","isPartOf":{"@id":"https:\/\/shop.bantam.ch\/de\/#website"},"primaryImageOfPage":{"@id":"https:\/\/shop.bantam.ch\/de\/produkt\/lastentraeger-sawiko-by-al-ko-vario\/#primaryimage"},"image":{"@id":"https:\/\/shop.bantam.ch\/de\/produkt\/lastentraeger-sawiko-by-al-ko-vario\/#primaryimage"},"thumbnailUrl":"https:\/\/shop.bantam.ch\/wp-content\/uploads\/2025\/12\/Movera-L-9949543100.jpg","datePublished":"2025-12-17T13:56:18+00:00","dateModified":"2026-04-18T00:12:21+00:00","breadcrumb":{"@id":"https:\/\/shop.bantam.ch\/de\/produkt\/lastentraeger-sawiko-by-al-ko-vario\/#breadcrumb"},"inLanguage":"de","potentialAction":[{"@type":"ReadAction","target":["https:\/\/shop.bantam.ch\/de\/produkt\/lastentraeger-sawiko-by-al-ko-vario\/"]}]},{"@type":"ImageObject","inLanguage":"de","@id":"https:\/\/shop.bantam.ch\/de\/produkt\/lastentraeger-sawiko-by-al-ko-vario\/#primaryimage","url":"https:\/\/shop.bantam.ch\/wp-content\/uploads\/2025\/12\/Movera-L-9949543100.jpg","contentUrl":"https:\/\/shop.bantam.ch\/wp-content\/uploads\/2025\/12\/Movera-L-9949543100.jpg","width":640,"height":411},{"@type":"BreadcrumbList","@id":"https:\/\/shop.bantam.ch\/de\/produkt\/lastentraeger-sawiko-by-al-ko-vario\/#breadcrumb","itemListElement":[{"@type":"ListItem","position":1,"name":"Accueil","item":"https:\/\/shop.bantam.ch\/de\/"},{"@type":"ListItem","position":2,"name":"Shop","item":"https:\/\/shop.bantam.ch\/de\/shop\/"},{"@type":"ListItem","position":3,"name":"Lastentr\u00e4ger SAWIKO by AL-KO Vario"}]},{"@type":"WebSite","@id":"https:\/\/shop.bantam.ch\/de\/#website","url":"https:\/\/shop.bantam.ch\/de\/","name":"Bantam Camping AG","description":"","publisher":{"@id":"https:\/\/shop.bantam.ch\/de\/#organization"},"inLanguage":"de"},{"@type":"Organization","@id":"https:\/\/shop.bantam.ch\/de\/#organization","name":"Bantam Camping AG","url":"https:\/\/shop.bantam.ch\/de\/","logo":{"@type":"ImageObject","inLanguage":"de","@id":"https:\/\/shop.bantam.ch\/de\/#\/schema\/logo\/image\/","url":"https:\/\/shop.bantam.ch\/wp-content\/uploads\/2022\/12\/bantam-logo.png","contentUrl":"https:\/\/shop.bantam.ch\/wp-content\/uploads\/2022\/12\/bantam-logo.png","width":320,"height":71,"caption":"Bantam Camping AG"},"image":{"@id":"https:\/\/shop.bantam.ch\/de\/#\/schema\/logo\/image\/"}}]}},"_links":{"self":[{"href":"https:\/\/shop.bantam.ch\/de\/wp-json\/wp\/v2\/product\/224817","targetHints":{"allow":["GET"]}}],"collection":[{"href":"https:\/\/shop.bantam.ch\/de\/wp-json\/wp\/v2\/product"}],"about":[{"href":"https:\/\/shop.bantam.ch\/de\/wp-json\/wp\/v2\/types\/product"}],"wp:featuredmedia":[{"embeddable":true,"href":"https:\/\/shop.bantam.ch\/de\/wp-json\/wp\/v2\/media\/224791"}],"wp:attachment":[{"href":"https:\/\/shop.bantam.ch\/de\/wp-json\/wp\/v2\/media?parent=224817"}],"wp:term":[{"taxonomy":"product_featured_cat","embeddable":true,"href":"https:\/\/shop.bantam.ch\/de\/wp-json\/wp\/v2\/product_featured_cat?post=224817"},{"taxonomy":"product_brand","embeddable":true,"href":"https:\/\/shop.bantam.ch\/de\/wp-json\/wp\/v2\/product_brand?post=224817"},{"taxonomy":"product_cat","embeddable":true,"href":"https:\/\/shop.bantam.ch\/de\/wp-json\/wp\/v2\/product_cat?post=224817"},{"taxonomy":"product_tag","embeddable":true,"href":"https:\/\/shop.bantam.ch\/de\/wp-json\/wp\/v2\/product_tag?post=224817"}],"curies":[{"name":"wp","href":"https:\/\/api.w.org\/{rel}","templated":true}]}}