{"id":224778,"date":"2025-12-17T14:55:01","date_gmt":"2025-12-17T13:55:01","guid":{"rendered":"https:\/\/shop.bantam.ch\/produit\/lastentraeger-sawiko-by-al-ko-ligero\/"},"modified":"2026-04-29T02:14:50","modified_gmt":"2026-04-29T00:14:50","slug":"lastentraeger-sawiko-by-al-ko-ligero","status":"publish","type":"product","link":"https:\/\/shop.bantam.ch\/de\/produkt\/lastentraeger-sawiko-by-al-ko-ligero\/","title":{"rendered":"Lastentr\u00e4ger SAWIKO by AL-KO Ligero"},"content":{"rendered":"<p>LIGERO &#8211; DER KLASSIKER IN DER N\u00c4CHSTEN GENERATION<\/p>\n<p>LEICHT, FUNKTIONALUND VIELSEITIG<br \/>\nDie neueste Generation des LIGERO ersetzt den bew\u00e4hrten LIGERO III. Er kombiniert geringes Eigengewicht mit hoher Nutzlast und vielseitigen R\u00fcstm\u00f6glichkeiten. Die in Schwarz beschichteten Elemente verleihen dem LIGERO ein modernes und ansprechendes Aussehen, das nicht nur praktisch, sondern auch \u00e4sthetisch \u00fcberzeugt. Der LIGERO ist die ideale Wahl f\u00fcr alle, die Wert auf Funktionalit\u00e4t, Design und Flexibilit\u00e4t legen.<\/p>\n<p>LEICHTGEWICHT MIT HOHER NUTZLAST<br \/>\nDank des neuen Leuchtentr\u00e4gerdesigns ist der LIGERO etwa 5 kg leichter als sein Vorg\u00e4nger. Trotz des geringeren Eigengewichts bietet er eine beeindruckende Nutzlast von ca. 150 kg. Dies er\u00f6ffnet zahlreiche R\u00fcstm\u00f6glichkeiten, einschlie\u00dflich spezieller Sets f\u00fcr Fat Bikes und Tricycles.<\/p>\n<p>MAXIMALE FLEXIBILIT\u00c4T<br \/>\nEin herausragendes Merkmal des LIGERO ist seine serienm\u00e4\u00dfige Teleskopierbarkeit von 600 bis 930 mm. So passt sich der Lastentr\u00e4ger flexibel Ihren Bed\u00fcrfnissen an und bietet so noch mehr Anwendungsm\u00f6glichkeiten.<\/p>\n<ul>\n<li>Nutzlast: bis zu 150 kg*<\/li>\n<li>Geringes Eigengewicht<\/li>\n<li>EG-Typengenehmigung vorhanden<\/li>\n<li>Viele Transportl\u00f6sungen<\/li>\n<li>Serienm\u00e4\u00dfig teleskopierbar von 600 &#8211; 930 mm<\/li>\n<li>Ohne Werkzeug abnehmbar<\/li>\n<li>Inkl. Standardaufnahmeelemente<\/li>\n<\/ul>\n<p>* Eigengewicht inkl. R\u00fcstsatz, ohne Aufnahmeelemente und Rahmenverl\u00e4ngerungen &#8211; oder Verst\u00e4rkungen.<\/p>\n","protected":false},"excerpt":{"rendered":"<p>LIGERO &#8211; DER KLASSIKER IN DER N\u00c4CHSTEN GENERATION LEICHT, FUNKTIONALUND VIELSEITIG Die neueste Generation des LIGERO ersetzt den bew\u00e4hrten LIGERO III. Er kombiniert geringes Eigengewicht mit hoher Nutzlast und vielseitigen R\u00fcstm\u00f6glichkeiten. Die in Schwarz beschichteten Elemente verleihen dem LIGERO ein modernes und ansprechendes Aussehen, das nicht nur praktisch, sondern auch \u00e4sthetisch \u00fcberzeugt. Der LIGERO ist [&hellip;]<\/p>\n","protected":false},"featured_media":224761,"template":"","meta":{"_acf_changed":false},"product_featured_cat":[],"product_brand":[],"product_cat":[5138],"product_tag":[],"class_list":{"0":"post-224778","1":"product","2":"type-product","3":"status-publish","4":"has-post-thumbnail","6":"product_cat-heck-fahrradtraeger","8":"first","9":"instock","10":"taxable","11":"shipping-taxable","12":"purchasable","13":"product-type-variable"},"acf":[],"yoast_head":"<!-- This site is optimized with the Yoast SEO plugin v27.5 - https:\/\/yoast.com\/product\/yoast-seo-wordpress\/ -->\n<title>Lastentr\u00e4ger SAWIKO by AL-KO Ligero - Bantam<\/title>\n<meta name=\"robots\" content=\"index, follow, max-snippet:-1, max-image-preview:large, max-video-preview:-1\" \/>\n<link rel=\"canonical\" href=\"https:\/\/shop.bantam.ch\/de\/produkt\/lastentraeger-sawiko-by-al-ko-ligero\/\" \/>\n<meta property=\"og:locale\" content=\"de_DE\" \/>\n<meta property=\"og:type\" content=\"article\" \/>\n<meta property=\"og:title\" content=\"Lastentr\u00e4ger SAWIKO by AL-KO Ligero - Bantam\" \/>\n<meta property=\"og:description\" content=\"LIGERO &#8211; DER KLASSIKER IN DER N\u00c4CHSTEN GENERATION LEICHT, FUNKTIONALUND VIELSEITIG Die neueste Generation des LIGERO ersetzt den bew\u00e4hrten LIGERO III. Er kombiniert geringes Eigengewicht mit hoher Nutzlast und vielseitigen R\u00fcstm\u00f6glichkeiten. Die in Schwarz beschichteten Elemente verleihen dem LIGERO ein modernes und ansprechendes Aussehen, das nicht nur praktisch, sondern auch \u00e4sthetisch \u00fcberzeugt. Der LIGERO ist [&hellip;]\" \/>\n<meta property=\"og:url\" content=\"https:\/\/shop.bantam.ch\/de\/produkt\/lastentraeger-sawiko-by-al-ko-ligero\/\" \/>\n<meta property=\"og:site_name\" content=\"Bantam\" \/>\n<meta property=\"article:modified_time\" content=\"2026-04-29T00:14:50+00:00\" \/>\n<meta name=\"twitter:card\" content=\"summary_large_image\" \/>\n<meta name=\"twitter:label1\" content=\"Gesch\u00e4tzte Lesezeit\" \/>\n\t<meta name=\"twitter:data1\" content=\"1\u00a0Minute\" \/>\n<script type=\"application\/ld+json\" class=\"yoast-schema-graph\">{\"@context\":\"https:\\\/\\\/schema.org\",\"@graph\":[{\"@type\":\"WebPage\",\"@id\":\"https:\\\/\\\/shop.bantam.ch\\\/de\\\/produkt\\\/lastentraeger-sawiko-by-al-ko-ligero\\\/\",\"url\":\"https:\\\/\\\/shop.bantam.ch\\\/de\\\/produkt\\\/lastentraeger-sawiko-by-al-ko-ligero\\\/\",\"name\":\"Lastentr\u00e4ger SAWIKO by AL-KO Ligero - Bantam\",\"isPartOf\":{\"@id\":\"https:\\\/\\\/shop.bantam.ch\\\/de\\\/#website\"},\"primaryImageOfPage\":{\"@id\":\"https:\\\/\\\/shop.bantam.ch\\\/de\\\/produkt\\\/lastentraeger-sawiko-by-al-ko-ligero\\\/#primaryimage\"},\"image\":{\"@id\":\"https:\\\/\\\/shop.bantam.ch\\\/de\\\/produkt\\\/lastentraeger-sawiko-by-al-ko-ligero\\\/#primaryimage\"},\"thumbnailUrl\":\"https:\\\/\\\/shop.bantam.ch\\\/wp-content\\\/uploads\\\/2025\\\/12\\\/Movera-L-9949528100.jpg\",\"datePublished\":\"2025-12-17T13:55:01+00:00\",\"dateModified\":\"2026-04-29T00:14:50+00:00\",\"breadcrumb\":{\"@id\":\"https:\\\/\\\/shop.bantam.ch\\\/de\\\/produkt\\\/lastentraeger-sawiko-by-al-ko-ligero\\\/#breadcrumb\"},\"inLanguage\":\"de\",\"potentialAction\":[{\"@type\":\"ReadAction\",\"target\":[\"https:\\\/\\\/shop.bantam.ch\\\/de\\\/produkt\\\/lastentraeger-sawiko-by-al-ko-ligero\\\/\"]}]},{\"@type\":\"ImageObject\",\"inLanguage\":\"de\",\"@id\":\"https:\\\/\\\/shop.bantam.ch\\\/de\\\/produkt\\\/lastentraeger-sawiko-by-al-ko-ligero\\\/#primaryimage\",\"url\":\"https:\\\/\\\/shop.bantam.ch\\\/wp-content\\\/uploads\\\/2025\\\/12\\\/Movera-L-9949528100.jpg\",\"contentUrl\":\"https:\\\/\\\/shop.bantam.ch\\\/wp-content\\\/uploads\\\/2025\\\/12\\\/Movera-L-9949528100.jpg\",\"width\":640,\"height\":436},{\"@type\":\"BreadcrumbList\",\"@id\":\"https:\\\/\\\/shop.bantam.ch\\\/de\\\/produkt\\\/lastentraeger-sawiko-by-al-ko-ligero\\\/#breadcrumb\",\"itemListElement\":[{\"@type\":\"ListItem\",\"position\":1,\"name\":\"Accueil\",\"item\":\"https:\\\/\\\/shop.bantam.ch\\\/de\\\/\"},{\"@type\":\"ListItem\",\"position\":2,\"name\":\"Shop\",\"item\":\"https:\\\/\\\/shop.bantam.ch\\\/de\\\/shop\\\/\"},{\"@type\":\"ListItem\",\"position\":3,\"name\":\"Lastentr\u00e4ger SAWIKO by AL-KO Ligero\"}]},{\"@type\":\"WebSite\",\"@id\":\"https:\\\/\\\/shop.bantam.ch\\\/de\\\/#website\",\"url\":\"https:\\\/\\\/shop.bantam.ch\\\/de\\\/\",\"name\":\"Bantam\",\"description\":\"\",\"publisher\":{\"@id\":\"https:\\\/\\\/shop.bantam.ch\\\/de\\\/#organization\"},\"inLanguage\":\"de\"},{\"@type\":\"Organization\",\"@id\":\"https:\\\/\\\/shop.bantam.ch\\\/de\\\/#organization\",\"name\":\"Bantam\",\"url\":\"https:\\\/\\\/shop.bantam.ch\\\/de\\\/\",\"logo\":{\"@type\":\"ImageObject\",\"inLanguage\":\"de\",\"@id\":\"https:\\\/\\\/shop.bantam.ch\\\/de\\\/#\\\/schema\\\/logo\\\/image\\\/\",\"url\":\"https:\\\/\\\/shop.bantam.ch\\\/wp-content\\\/uploads\\\/2022\\\/12\\\/bantam-logo.png\",\"contentUrl\":\"https:\\\/\\\/shop.bantam.ch\\\/wp-content\\\/uploads\\\/2022\\\/12\\\/bantam-logo.png\",\"width\":320,\"height\":71,\"caption\":\"Bantam\"},\"image\":{\"@id\":\"https:\\\/\\\/shop.bantam.ch\\\/de\\\/#\\\/schema\\\/logo\\\/image\\\/\"}}]}<\/script>\n<!-- \/ Yoast SEO plugin. -->","yoast_head_json":{"title":"Lastentr\u00e4ger SAWIKO by AL-KO Ligero - Bantam","robots":{"index":"index","follow":"follow","max-snippet":"max-snippet:-1","max-image-preview":"max-image-preview:large","max-video-preview":"max-video-preview:-1"},"canonical":"https:\/\/shop.bantam.ch\/de\/produkt\/lastentraeger-sawiko-by-al-ko-ligero\/","og_locale":"de_DE","og_type":"article","og_title":"Lastentr\u00e4ger SAWIKO by AL-KO Ligero - Bantam","og_description":"LIGERO &#8211; DER KLASSIKER IN DER N\u00c4CHSTEN GENERATION LEICHT, FUNKTIONALUND VIELSEITIG Die neueste Generation des LIGERO ersetzt den bew\u00e4hrten LIGERO III. Er kombiniert geringes Eigengewicht mit hoher Nutzlast und vielseitigen R\u00fcstm\u00f6glichkeiten. Die in Schwarz beschichteten Elemente verleihen dem LIGERO ein modernes und ansprechendes Aussehen, das nicht nur praktisch, sondern auch \u00e4sthetisch \u00fcberzeugt. Der LIGERO ist [&hellip;]","og_url":"https:\/\/shop.bantam.ch\/de\/produkt\/lastentraeger-sawiko-by-al-ko-ligero\/","og_site_name":"Bantam","article_modified_time":"2026-04-29T00:14:50+00:00","twitter_card":"summary_large_image","twitter_misc":{"Gesch\u00e4tzte Lesezeit":"1\u00a0Minute"},"schema":{"@context":"https:\/\/schema.org","@graph":[{"@type":"WebPage","@id":"https:\/\/shop.bantam.ch\/de\/produkt\/lastentraeger-sawiko-by-al-ko-ligero\/","url":"https:\/\/shop.bantam.ch\/de\/produkt\/lastentraeger-sawiko-by-al-ko-ligero\/","name":"Lastentr\u00e4ger SAWIKO by AL-KO Ligero - Bantam","isPartOf":{"@id":"https:\/\/shop.bantam.ch\/de\/#website"},"primaryImageOfPage":{"@id":"https:\/\/shop.bantam.ch\/de\/produkt\/lastentraeger-sawiko-by-al-ko-ligero\/#primaryimage"},"image":{"@id":"https:\/\/shop.bantam.ch\/de\/produkt\/lastentraeger-sawiko-by-al-ko-ligero\/#primaryimage"},"thumbnailUrl":"https:\/\/shop.bantam.ch\/wp-content\/uploads\/2025\/12\/Movera-L-9949528100.jpg","datePublished":"2025-12-17T13:55:01+00:00","dateModified":"2026-04-29T00:14:50+00:00","breadcrumb":{"@id":"https:\/\/shop.bantam.ch\/de\/produkt\/lastentraeger-sawiko-by-al-ko-ligero\/#breadcrumb"},"inLanguage":"de","potentialAction":[{"@type":"ReadAction","target":["https:\/\/shop.bantam.ch\/de\/produkt\/lastentraeger-sawiko-by-al-ko-ligero\/"]}]},{"@type":"ImageObject","inLanguage":"de","@id":"https:\/\/shop.bantam.ch\/de\/produkt\/lastentraeger-sawiko-by-al-ko-ligero\/#primaryimage","url":"https:\/\/shop.bantam.ch\/wp-content\/uploads\/2025\/12\/Movera-L-9949528100.jpg","contentUrl":"https:\/\/shop.bantam.ch\/wp-content\/uploads\/2025\/12\/Movera-L-9949528100.jpg","width":640,"height":436},{"@type":"BreadcrumbList","@id":"https:\/\/shop.bantam.ch\/de\/produkt\/lastentraeger-sawiko-by-al-ko-ligero\/#breadcrumb","itemListElement":[{"@type":"ListItem","position":1,"name":"Accueil","item":"https:\/\/shop.bantam.ch\/de\/"},{"@type":"ListItem","position":2,"name":"Shop","item":"https:\/\/shop.bantam.ch\/de\/shop\/"},{"@type":"ListItem","position":3,"name":"Lastentr\u00e4ger SAWIKO by AL-KO Ligero"}]},{"@type":"WebSite","@id":"https:\/\/shop.bantam.ch\/de\/#website","url":"https:\/\/shop.bantam.ch\/de\/","name":"Bantam","description":"","publisher":{"@id":"https:\/\/shop.bantam.ch\/de\/#organization"},"inLanguage":"de"},{"@type":"Organization","@id":"https:\/\/shop.bantam.ch\/de\/#organization","name":"Bantam","url":"https:\/\/shop.bantam.ch\/de\/","logo":{"@type":"ImageObject","inLanguage":"de","@id":"https:\/\/shop.bantam.ch\/de\/#\/schema\/logo\/image\/","url":"https:\/\/shop.bantam.ch\/wp-content\/uploads\/2022\/12\/bantam-logo.png","contentUrl":"https:\/\/shop.bantam.ch\/wp-content\/uploads\/2022\/12\/bantam-logo.png","width":320,"height":71,"caption":"Bantam"},"image":{"@id":"https:\/\/shop.bantam.ch\/de\/#\/schema\/logo\/image\/"}}]}},"_links":{"self":[{"href":"https:\/\/shop.bantam.ch\/de\/wp-json\/wp\/v2\/product\/224778","targetHints":{"allow":["GET"]}}],"collection":[{"href":"https:\/\/shop.bantam.ch\/de\/wp-json\/wp\/v2\/product"}],"about":[{"href":"https:\/\/shop.bantam.ch\/de\/wp-json\/wp\/v2\/types\/product"}],"wp:featuredmedia":[{"embeddable":true,"href":"https:\/\/shop.bantam.ch\/de\/wp-json\/wp\/v2\/media\/224761"}],"wp:attachment":[{"href":"https:\/\/shop.bantam.ch\/de\/wp-json\/wp\/v2\/media?parent=224778"}],"wp:term":[{"taxonomy":"product_featured_cat","embeddable":true,"href":"https:\/\/shop.bantam.ch\/de\/wp-json\/wp\/v2\/product_featured_cat?post=224778"},{"taxonomy":"product_brand","embeddable":true,"href":"https:\/\/shop.bantam.ch\/de\/wp-json\/wp\/v2\/product_brand?post=224778"},{"taxonomy":"product_cat","embeddable":true,"href":"https:\/\/shop.bantam.ch\/de\/wp-json\/wp\/v2\/product_cat?post=224778"},{"taxonomy":"product_tag","embeddable":true,"href":"https:\/\/shop.bantam.ch\/de\/wp-json\/wp\/v2\/product_tag?post=224778"}],"curies":[{"name":"wp","href":"https:\/\/api.w.org\/{rel}","templated":true}]}}