{"id":224747,"date":"2025-12-17T14:54:36","date_gmt":"2025-12-17T13:54:36","guid":{"rendered":"https:\/\/shop.bantam.ch\/produit\/scheinwerfer-reparatur-set-quixx-inhalt-30-ml-ch-version\/"},"modified":"2026-04-16T23:55:18","modified_gmt":"2026-04-16T21:55:18","slug":"scheinwerfer-reparatur-set-quixx-inhalt-30-ml-ch-version","status":"publish","type":"product","link":"https:\/\/shop.bantam.ch\/de\/produkt\/scheinwerfer-reparatur-set-quixx-inhalt-30-ml-ch-version\/","title":{"rendered":"Scheinwerfer Reparatur-Set QUIXX Inhalt 30 ml CH Version"},"content":{"rendered":"<p>Eine Politur und Versiegelung f\u00fcr Scheinwerfergl\u00e4ser aus Kunststoff die alte, tr\u00fcbe oder vergilbte Scheinwerfer wieder klar und transparent macht. Die einzigartige Formel schafft eine harte und langanhaltende, wetterfeste und reinigungsmittelresistente Hochglanzschutzschicht gegen Umwelteinfl\u00fcsse.<\/p>\n<p>Lieferumfang:<br \/>\n1 Tube Scheinwerferpolitur 50 g<br \/>\n1 Scheinwerferversiegelung 30 ml<\/p>\n","protected":false},"excerpt":{"rendered":"<p>Eine Politur und Versiegelung f\u00fcr Scheinwerfergl\u00e4ser aus Kunststoff die alte, tr\u00fcbe oder vergilbte Scheinwerfer wieder klar und transparent macht. Die einzigartige Formel schafft eine harte und langanhaltende, wetterfeste und reinigungsmittelresistente Hochglanzschutzschicht gegen Umwelteinfl\u00fcsse. Lieferumfang: 1 Tube Scheinwerferpolitur 50 g 1 Scheinwerferversiegelung 30 ml<\/p>\n","protected":false},"featured_media":224745,"template":"","meta":{"_acf_changed":false},"product_featured_cat":[],"product_brand":[],"product_cat":[5090],"product_tag":[],"class_list":{"0":"post-224747","1":"product","2":"type-product","3":"status-publish","4":"has-post-thumbnail","6":"product_cat-politur","8":"first","9":"instock","10":"taxable","11":"shipping-taxable","12":"purchasable","13":"product-type-simple"},"acf":[],"yoast_head":"<!-- This site is optimized with the Yoast SEO plugin v27.4 - https:\/\/yoast.com\/product\/yoast-seo-wordpress\/ -->\n<title>Scheinwerfer Reparatur-Set QUIXX Inhalt 30 ml CH Version - Bantam Camping AG<\/title>\n<meta name=\"robots\" content=\"index, follow, max-snippet:-1, max-image-preview:large, max-video-preview:-1\" \/>\n<link rel=\"canonical\" href=\"https:\/\/shop.bantam.ch\/de\/produkt\/scheinwerfer-reparatur-set-quixx-inhalt-30-ml-ch-version\/\" \/>\n<meta property=\"og:locale\" content=\"de_DE\" \/>\n<meta property=\"og:type\" content=\"article\" \/>\n<meta property=\"og:title\" content=\"Scheinwerfer Reparatur-Set QUIXX Inhalt 30 ml CH Version - Bantam Camping AG\" \/>\n<meta property=\"og:description\" content=\"Eine Politur und Versiegelung f\u00fcr Scheinwerfergl\u00e4ser aus Kunststoff die alte, tr\u00fcbe oder vergilbte Scheinwerfer wieder klar und transparent macht. Die einzigartige Formel schafft eine harte und langanhaltende, wetterfeste und reinigungsmittelresistente Hochglanzschutzschicht gegen Umwelteinfl\u00fcsse. Lieferumfang: 1 Tube Scheinwerferpolitur 50 g 1 Scheinwerferversiegelung 30 ml\" \/>\n<meta property=\"og:url\" content=\"https:\/\/shop.bantam.ch\/de\/produkt\/scheinwerfer-reparatur-set-quixx-inhalt-30-ml-ch-version\/\" \/>\n<meta property=\"og:site_name\" content=\"Bantam Camping AG\" \/>\n<meta property=\"article:modified_time\" content=\"2026-04-16T21:55:18+00:00\" \/>\n<meta name=\"twitter:card\" content=\"summary_large_image\" \/>\n<script type=\"application\/ld+json\" class=\"yoast-schema-graph\">{\"@context\":\"https:\\\/\\\/schema.org\",\"@graph\":[{\"@type\":\"WebPage\",\"@id\":\"https:\\\/\\\/shop.bantam.ch\\\/de\\\/produkt\\\/scheinwerfer-reparatur-set-quixx-inhalt-30-ml-ch-version\\\/\",\"url\":\"https:\\\/\\\/shop.bantam.ch\\\/de\\\/produkt\\\/scheinwerfer-reparatur-set-quixx-inhalt-30-ml-ch-version\\\/\",\"name\":\"Scheinwerfer Reparatur-Set QUIXX Inhalt 30 ml CH Version - Bantam Camping AG\",\"isPartOf\":{\"@id\":\"https:\\\/\\\/shop.bantam.ch\\\/de\\\/#website\"},\"primaryImageOfPage\":{\"@id\":\"https:\\\/\\\/shop.bantam.ch\\\/de\\\/produkt\\\/scheinwerfer-reparatur-set-quixx-inhalt-30-ml-ch-version\\\/#primaryimage\"},\"image\":{\"@id\":\"https:\\\/\\\/shop.bantam.ch\\\/de\\\/produkt\\\/scheinwerfer-reparatur-set-quixx-inhalt-30-ml-ch-version\\\/#primaryimage\"},\"thumbnailUrl\":\"https:\\\/\\\/shop.bantam.ch\\\/wp-content\\\/uploads\\\/2025\\\/12\\\/Movera-L-9949359100.jpg\",\"datePublished\":\"2025-12-17T13:54:36+00:00\",\"dateModified\":\"2026-04-16T21:55:18+00:00\",\"breadcrumb\":{\"@id\":\"https:\\\/\\\/shop.bantam.ch\\\/de\\\/produkt\\\/scheinwerfer-reparatur-set-quixx-inhalt-30-ml-ch-version\\\/#breadcrumb\"},\"inLanguage\":\"de\",\"potentialAction\":[{\"@type\":\"ReadAction\",\"target\":[\"https:\\\/\\\/shop.bantam.ch\\\/de\\\/produkt\\\/scheinwerfer-reparatur-set-quixx-inhalt-30-ml-ch-version\\\/\"]}]},{\"@type\":\"ImageObject\",\"inLanguage\":\"de\",\"@id\":\"https:\\\/\\\/shop.bantam.ch\\\/de\\\/produkt\\\/scheinwerfer-reparatur-set-quixx-inhalt-30-ml-ch-version\\\/#primaryimage\",\"url\":\"https:\\\/\\\/shop.bantam.ch\\\/wp-content\\\/uploads\\\/2025\\\/12\\\/Movera-L-9949359100.jpg\",\"contentUrl\":\"https:\\\/\\\/shop.bantam.ch\\\/wp-content\\\/uploads\\\/2025\\\/12\\\/Movera-L-9949359100.jpg\",\"width\":640,\"height\":706},{\"@type\":\"BreadcrumbList\",\"@id\":\"https:\\\/\\\/shop.bantam.ch\\\/de\\\/produkt\\\/scheinwerfer-reparatur-set-quixx-inhalt-30-ml-ch-version\\\/#breadcrumb\",\"itemListElement\":[{\"@type\":\"ListItem\",\"position\":1,\"name\":\"Accueil\",\"item\":\"https:\\\/\\\/shop.bantam.ch\\\/de\\\/\"},{\"@type\":\"ListItem\",\"position\":2,\"name\":\"Shop\",\"item\":\"https:\\\/\\\/shop.bantam.ch\\\/de\\\/shop\\\/\"},{\"@type\":\"ListItem\",\"position\":3,\"name\":\"Scheinwerfer Reparatur-Set QUIXX Inhalt 30 ml CH Version\"}]},{\"@type\":\"WebSite\",\"@id\":\"https:\\\/\\\/shop.bantam.ch\\\/de\\\/#website\",\"url\":\"https:\\\/\\\/shop.bantam.ch\\\/de\\\/\",\"name\":\"Bantam Camping AG\",\"description\":\"\",\"publisher\":{\"@id\":\"https:\\\/\\\/shop.bantam.ch\\\/de\\\/#organization\"},\"inLanguage\":\"de\"},{\"@type\":\"Organization\",\"@id\":\"https:\\\/\\\/shop.bantam.ch\\\/de\\\/#organization\",\"name\":\"Bantam Camping AG\",\"url\":\"https:\\\/\\\/shop.bantam.ch\\\/de\\\/\",\"logo\":{\"@type\":\"ImageObject\",\"inLanguage\":\"de\",\"@id\":\"https:\\\/\\\/shop.bantam.ch\\\/de\\\/#\\\/schema\\\/logo\\\/image\\\/\",\"url\":\"https:\\\/\\\/shop.bantam.ch\\\/wp-content\\\/uploads\\\/2022\\\/12\\\/bantam-logo.png\",\"contentUrl\":\"https:\\\/\\\/shop.bantam.ch\\\/wp-content\\\/uploads\\\/2022\\\/12\\\/bantam-logo.png\",\"width\":320,\"height\":71,\"caption\":\"Bantam Camping AG\"},\"image\":{\"@id\":\"https:\\\/\\\/shop.bantam.ch\\\/de\\\/#\\\/schema\\\/logo\\\/image\\\/\"}}]}<\/script>\n<!-- \/ Yoast SEO plugin. -->","yoast_head_json":{"title":"Scheinwerfer Reparatur-Set QUIXX Inhalt 30 ml CH Version - Bantam Camping AG","robots":{"index":"index","follow":"follow","max-snippet":"max-snippet:-1","max-image-preview":"max-image-preview:large","max-video-preview":"max-video-preview:-1"},"canonical":"https:\/\/shop.bantam.ch\/de\/produkt\/scheinwerfer-reparatur-set-quixx-inhalt-30-ml-ch-version\/","og_locale":"de_DE","og_type":"article","og_title":"Scheinwerfer Reparatur-Set QUIXX Inhalt 30 ml CH Version - Bantam Camping AG","og_description":"Eine Politur und Versiegelung f\u00fcr Scheinwerfergl\u00e4ser aus Kunststoff die alte, tr\u00fcbe oder vergilbte Scheinwerfer wieder klar und transparent macht. Die einzigartige Formel schafft eine harte und langanhaltende, wetterfeste und reinigungsmittelresistente Hochglanzschutzschicht gegen Umwelteinfl\u00fcsse. Lieferumfang: 1 Tube Scheinwerferpolitur 50 g 1 Scheinwerferversiegelung 30 ml","og_url":"https:\/\/shop.bantam.ch\/de\/produkt\/scheinwerfer-reparatur-set-quixx-inhalt-30-ml-ch-version\/","og_site_name":"Bantam Camping AG","article_modified_time":"2026-04-16T21:55:18+00:00","twitter_card":"summary_large_image","schema":{"@context":"https:\/\/schema.org","@graph":[{"@type":"WebPage","@id":"https:\/\/shop.bantam.ch\/de\/produkt\/scheinwerfer-reparatur-set-quixx-inhalt-30-ml-ch-version\/","url":"https:\/\/shop.bantam.ch\/de\/produkt\/scheinwerfer-reparatur-set-quixx-inhalt-30-ml-ch-version\/","name":"Scheinwerfer Reparatur-Set QUIXX Inhalt 30 ml CH Version - Bantam Camping AG","isPartOf":{"@id":"https:\/\/shop.bantam.ch\/de\/#website"},"primaryImageOfPage":{"@id":"https:\/\/shop.bantam.ch\/de\/produkt\/scheinwerfer-reparatur-set-quixx-inhalt-30-ml-ch-version\/#primaryimage"},"image":{"@id":"https:\/\/shop.bantam.ch\/de\/produkt\/scheinwerfer-reparatur-set-quixx-inhalt-30-ml-ch-version\/#primaryimage"},"thumbnailUrl":"https:\/\/shop.bantam.ch\/wp-content\/uploads\/2025\/12\/Movera-L-9949359100.jpg","datePublished":"2025-12-17T13:54:36+00:00","dateModified":"2026-04-16T21:55:18+00:00","breadcrumb":{"@id":"https:\/\/shop.bantam.ch\/de\/produkt\/scheinwerfer-reparatur-set-quixx-inhalt-30-ml-ch-version\/#breadcrumb"},"inLanguage":"de","potentialAction":[{"@type":"ReadAction","target":["https:\/\/shop.bantam.ch\/de\/produkt\/scheinwerfer-reparatur-set-quixx-inhalt-30-ml-ch-version\/"]}]},{"@type":"ImageObject","inLanguage":"de","@id":"https:\/\/shop.bantam.ch\/de\/produkt\/scheinwerfer-reparatur-set-quixx-inhalt-30-ml-ch-version\/#primaryimage","url":"https:\/\/shop.bantam.ch\/wp-content\/uploads\/2025\/12\/Movera-L-9949359100.jpg","contentUrl":"https:\/\/shop.bantam.ch\/wp-content\/uploads\/2025\/12\/Movera-L-9949359100.jpg","width":640,"height":706},{"@type":"BreadcrumbList","@id":"https:\/\/shop.bantam.ch\/de\/produkt\/scheinwerfer-reparatur-set-quixx-inhalt-30-ml-ch-version\/#breadcrumb","itemListElement":[{"@type":"ListItem","position":1,"name":"Accueil","item":"https:\/\/shop.bantam.ch\/de\/"},{"@type":"ListItem","position":2,"name":"Shop","item":"https:\/\/shop.bantam.ch\/de\/shop\/"},{"@type":"ListItem","position":3,"name":"Scheinwerfer Reparatur-Set QUIXX Inhalt 30 ml CH Version"}]},{"@type":"WebSite","@id":"https:\/\/shop.bantam.ch\/de\/#website","url":"https:\/\/shop.bantam.ch\/de\/","name":"Bantam Camping AG","description":"","publisher":{"@id":"https:\/\/shop.bantam.ch\/de\/#organization"},"inLanguage":"de"},{"@type":"Organization","@id":"https:\/\/shop.bantam.ch\/de\/#organization","name":"Bantam Camping AG","url":"https:\/\/shop.bantam.ch\/de\/","logo":{"@type":"ImageObject","inLanguage":"de","@id":"https:\/\/shop.bantam.ch\/de\/#\/schema\/logo\/image\/","url":"https:\/\/shop.bantam.ch\/wp-content\/uploads\/2022\/12\/bantam-logo.png","contentUrl":"https:\/\/shop.bantam.ch\/wp-content\/uploads\/2022\/12\/bantam-logo.png","width":320,"height":71,"caption":"Bantam Camping AG"},"image":{"@id":"https:\/\/shop.bantam.ch\/de\/#\/schema\/logo\/image\/"}}]}},"_links":{"self":[{"href":"https:\/\/shop.bantam.ch\/de\/wp-json\/wp\/v2\/product\/224747","targetHints":{"allow":["GET"]}}],"collection":[{"href":"https:\/\/shop.bantam.ch\/de\/wp-json\/wp\/v2\/product"}],"about":[{"href":"https:\/\/shop.bantam.ch\/de\/wp-json\/wp\/v2\/types\/product"}],"wp:featuredmedia":[{"embeddable":true,"href":"https:\/\/shop.bantam.ch\/de\/wp-json\/wp\/v2\/media\/224745"}],"wp:attachment":[{"href":"https:\/\/shop.bantam.ch\/de\/wp-json\/wp\/v2\/media?parent=224747"}],"wp:term":[{"taxonomy":"product_featured_cat","embeddable":true,"href":"https:\/\/shop.bantam.ch\/de\/wp-json\/wp\/v2\/product_featured_cat?post=224747"},{"taxonomy":"product_brand","embeddable":true,"href":"https:\/\/shop.bantam.ch\/de\/wp-json\/wp\/v2\/product_brand?post=224747"},{"taxonomy":"product_cat","embeddable":true,"href":"https:\/\/shop.bantam.ch\/de\/wp-json\/wp\/v2\/product_cat?post=224747"},{"taxonomy":"product_tag","embeddable":true,"href":"https:\/\/shop.bantam.ch\/de\/wp-json\/wp\/v2\/product_tag?post=224747"}],"curies":[{"name":"wp","href":"https:\/\/api.w.org\/{rel}","templated":true}]}}