{"id":224724,"date":"2025-12-17T14:53:39","date_gmt":"2025-12-17T13:53:39","guid":{"rendered":"https:\/\/shop.bantam.ch\/produit\/dichtmasse-deaseal-8936\/"},"modified":"2026-04-18T02:11:52","modified_gmt":"2026-04-18T00:11:52","slug":"dichtmasse-deaseal-8936","status":"publish","type":"product","link":"https:\/\/shop.bantam.ch\/de\/produkt\/dichtmasse-deaseal-8936\/","title":{"rendered":"Dichtmasse Deaseal 8936"},"content":{"rendered":"<p>Dauerelastische, UV-best\u00e4ndige, abtupfbare Abdichtung f\u00fcr alle Anbauteile wie Rahmen, Dachluken, Schlauch-, Rohr- und Kabeldurchf\u00fchrungen, Fenster, T\u00fcren, Klappen, Heki&#8217;s und Steckdosen.&nbsp;<br \/>\nDer \u00dcberschuss kann leicht nach 20 &#8211; 30 Minuten mit sich selbst abgetupft werden. Kann aber nicht \u00fcberlackiert werden.<br \/>\n&nbsp;<\/p>\n","protected":false},"excerpt":{"rendered":"<p>Dauerelastische, UV-best\u00e4ndige, abtupfbare Abdichtung f\u00fcr alle Anbauteile wie Rahmen, Dachluken, Schlauch-, Rohr- und Kabeldurchf\u00fchrungen, Fenster, T\u00fcren, Klappen, Heki&#8217;s und Steckdosen.&nbsp; Der \u00dcberschuss kann leicht nach 20 &#8211; 30 Minuten mit sich selbst abgetupft werden. Kann aber nicht \u00fcberlackiert werden. &nbsp;<\/p>\n","protected":false},"featured_media":224719,"template":"","meta":{"_acf_changed":false},"product_featured_cat":[],"product_brand":[],"product_cat":[5086],"product_tag":[],"class_list":{"0":"post-224724","1":"product","2":"type-product","3":"status-publish","4":"has-post-thumbnail","6":"product_cat-kleb-dichtstoffe","8":"first","9":"instock","10":"taxable","11":"shipping-taxable","12":"purchasable","13":"product-type-variable"},"acf":[],"yoast_head":"<!-- This site is optimized with the Yoast SEO plugin v27.4 - https:\/\/yoast.com\/product\/yoast-seo-wordpress\/ -->\n<title>Dichtmasse Deaseal 8936 - Bantam Camping AG<\/title>\n<meta name=\"robots\" content=\"index, follow, max-snippet:-1, max-image-preview:large, max-video-preview:-1\" \/>\n<link rel=\"canonical\" href=\"https:\/\/shop.bantam.ch\/de\/produkt\/dichtmasse-deaseal-8936\/\" \/>\n<meta property=\"og:locale\" content=\"de_DE\" \/>\n<meta property=\"og:type\" content=\"article\" \/>\n<meta property=\"og:title\" content=\"Dichtmasse Deaseal 8936 - Bantam Camping AG\" \/>\n<meta property=\"og:description\" content=\"Dauerelastische, UV-best\u00e4ndige, abtupfbare Abdichtung f\u00fcr alle Anbauteile wie Rahmen, Dachluken, Schlauch-, Rohr- und Kabeldurchf\u00fchrungen, Fenster, T\u00fcren, Klappen, Heki&#8217;s und Steckdosen.&nbsp; Der \u00dcberschuss kann leicht nach 20 &#8211; 30 Minuten mit sich selbst abgetupft werden. Kann aber nicht \u00fcberlackiert werden. &nbsp;\" \/>\n<meta property=\"og:url\" content=\"https:\/\/shop.bantam.ch\/de\/produkt\/dichtmasse-deaseal-8936\/\" \/>\n<meta property=\"og:site_name\" content=\"Bantam Camping AG\" \/>\n<meta property=\"article:modified_time\" content=\"2026-04-18T00:11:52+00:00\" \/>\n<meta name=\"twitter:card\" content=\"summary_large_image\" \/>\n<script type=\"application\/ld+json\" class=\"yoast-schema-graph\">{\"@context\":\"https:\\\/\\\/schema.org\",\"@graph\":[{\"@type\":\"WebPage\",\"@id\":\"https:\\\/\\\/shop.bantam.ch\\\/de\\\/produkt\\\/dichtmasse-deaseal-8936\\\/\",\"url\":\"https:\\\/\\\/shop.bantam.ch\\\/de\\\/produkt\\\/dichtmasse-deaseal-8936\\\/\",\"name\":\"Dichtmasse Deaseal 8936 - Bantam Camping AG\",\"isPartOf\":{\"@id\":\"https:\\\/\\\/shop.bantam.ch\\\/de\\\/#website\"},\"primaryImageOfPage\":{\"@id\":\"https:\\\/\\\/shop.bantam.ch\\\/de\\\/produkt\\\/dichtmasse-deaseal-8936\\\/#primaryimage\"},\"image\":{\"@id\":\"https:\\\/\\\/shop.bantam.ch\\\/de\\\/produkt\\\/dichtmasse-deaseal-8936\\\/#primaryimage\"},\"thumbnailUrl\":\"https:\\\/\\\/shop.bantam.ch\\\/wp-content\\\/uploads\\\/2025\\\/12\\\/Movera-L-9949351100.jpg\",\"datePublished\":\"2025-12-17T13:53:39+00:00\",\"dateModified\":\"2026-04-18T00:11:52+00:00\",\"breadcrumb\":{\"@id\":\"https:\\\/\\\/shop.bantam.ch\\\/de\\\/produkt\\\/dichtmasse-deaseal-8936\\\/#breadcrumb\"},\"inLanguage\":\"de\",\"potentialAction\":[{\"@type\":\"ReadAction\",\"target\":[\"https:\\\/\\\/shop.bantam.ch\\\/de\\\/produkt\\\/dichtmasse-deaseal-8936\\\/\"]}]},{\"@type\":\"ImageObject\",\"inLanguage\":\"de\",\"@id\":\"https:\\\/\\\/shop.bantam.ch\\\/de\\\/produkt\\\/dichtmasse-deaseal-8936\\\/#primaryimage\",\"url\":\"https:\\\/\\\/shop.bantam.ch\\\/wp-content\\\/uploads\\\/2025\\\/12\\\/Movera-L-9949351100.jpg\",\"contentUrl\":\"https:\\\/\\\/shop.bantam.ch\\\/wp-content\\\/uploads\\\/2025\\\/12\\\/Movera-L-9949351100.jpg\",\"width\":640,\"height\":244},{\"@type\":\"BreadcrumbList\",\"@id\":\"https:\\\/\\\/shop.bantam.ch\\\/de\\\/produkt\\\/dichtmasse-deaseal-8936\\\/#breadcrumb\",\"itemListElement\":[{\"@type\":\"ListItem\",\"position\":1,\"name\":\"Accueil\",\"item\":\"https:\\\/\\\/shop.bantam.ch\\\/de\\\/\"},{\"@type\":\"ListItem\",\"position\":2,\"name\":\"Shop\",\"item\":\"https:\\\/\\\/shop.bantam.ch\\\/de\\\/shop\\\/\"},{\"@type\":\"ListItem\",\"position\":3,\"name\":\"Dichtmasse Deaseal 8936\"}]},{\"@type\":\"WebSite\",\"@id\":\"https:\\\/\\\/shop.bantam.ch\\\/de\\\/#website\",\"url\":\"https:\\\/\\\/shop.bantam.ch\\\/de\\\/\",\"name\":\"Bantam Camping AG\",\"description\":\"\",\"publisher\":{\"@id\":\"https:\\\/\\\/shop.bantam.ch\\\/de\\\/#organization\"},\"inLanguage\":\"de\"},{\"@type\":\"Organization\",\"@id\":\"https:\\\/\\\/shop.bantam.ch\\\/de\\\/#organization\",\"name\":\"Bantam Camping AG\",\"url\":\"https:\\\/\\\/shop.bantam.ch\\\/de\\\/\",\"logo\":{\"@type\":\"ImageObject\",\"inLanguage\":\"de\",\"@id\":\"https:\\\/\\\/shop.bantam.ch\\\/de\\\/#\\\/schema\\\/logo\\\/image\\\/\",\"url\":\"https:\\\/\\\/shop.bantam.ch\\\/wp-content\\\/uploads\\\/2022\\\/12\\\/bantam-logo.png\",\"contentUrl\":\"https:\\\/\\\/shop.bantam.ch\\\/wp-content\\\/uploads\\\/2022\\\/12\\\/bantam-logo.png\",\"width\":320,\"height\":71,\"caption\":\"Bantam Camping AG\"},\"image\":{\"@id\":\"https:\\\/\\\/shop.bantam.ch\\\/de\\\/#\\\/schema\\\/logo\\\/image\\\/\"}}]}<\/script>\n<!-- \/ Yoast SEO plugin. -->","yoast_head_json":{"title":"Dichtmasse Deaseal 8936 - Bantam Camping AG","robots":{"index":"index","follow":"follow","max-snippet":"max-snippet:-1","max-image-preview":"max-image-preview:large","max-video-preview":"max-video-preview:-1"},"canonical":"https:\/\/shop.bantam.ch\/de\/produkt\/dichtmasse-deaseal-8936\/","og_locale":"de_DE","og_type":"article","og_title":"Dichtmasse Deaseal 8936 - Bantam Camping AG","og_description":"Dauerelastische, UV-best\u00e4ndige, abtupfbare Abdichtung f\u00fcr alle Anbauteile wie Rahmen, Dachluken, Schlauch-, Rohr- und Kabeldurchf\u00fchrungen, Fenster, T\u00fcren, Klappen, Heki&#8217;s und Steckdosen.&nbsp; Der \u00dcberschuss kann leicht nach 20 &#8211; 30 Minuten mit sich selbst abgetupft werden. Kann aber nicht \u00fcberlackiert werden. &nbsp;","og_url":"https:\/\/shop.bantam.ch\/de\/produkt\/dichtmasse-deaseal-8936\/","og_site_name":"Bantam Camping AG","article_modified_time":"2026-04-18T00:11:52+00:00","twitter_card":"summary_large_image","schema":{"@context":"https:\/\/schema.org","@graph":[{"@type":"WebPage","@id":"https:\/\/shop.bantam.ch\/de\/produkt\/dichtmasse-deaseal-8936\/","url":"https:\/\/shop.bantam.ch\/de\/produkt\/dichtmasse-deaseal-8936\/","name":"Dichtmasse Deaseal 8936 - Bantam Camping AG","isPartOf":{"@id":"https:\/\/shop.bantam.ch\/de\/#website"},"primaryImageOfPage":{"@id":"https:\/\/shop.bantam.ch\/de\/produkt\/dichtmasse-deaseal-8936\/#primaryimage"},"image":{"@id":"https:\/\/shop.bantam.ch\/de\/produkt\/dichtmasse-deaseal-8936\/#primaryimage"},"thumbnailUrl":"https:\/\/shop.bantam.ch\/wp-content\/uploads\/2025\/12\/Movera-L-9949351100.jpg","datePublished":"2025-12-17T13:53:39+00:00","dateModified":"2026-04-18T00:11:52+00:00","breadcrumb":{"@id":"https:\/\/shop.bantam.ch\/de\/produkt\/dichtmasse-deaseal-8936\/#breadcrumb"},"inLanguage":"de","potentialAction":[{"@type":"ReadAction","target":["https:\/\/shop.bantam.ch\/de\/produkt\/dichtmasse-deaseal-8936\/"]}]},{"@type":"ImageObject","inLanguage":"de","@id":"https:\/\/shop.bantam.ch\/de\/produkt\/dichtmasse-deaseal-8936\/#primaryimage","url":"https:\/\/shop.bantam.ch\/wp-content\/uploads\/2025\/12\/Movera-L-9949351100.jpg","contentUrl":"https:\/\/shop.bantam.ch\/wp-content\/uploads\/2025\/12\/Movera-L-9949351100.jpg","width":640,"height":244},{"@type":"BreadcrumbList","@id":"https:\/\/shop.bantam.ch\/de\/produkt\/dichtmasse-deaseal-8936\/#breadcrumb","itemListElement":[{"@type":"ListItem","position":1,"name":"Accueil","item":"https:\/\/shop.bantam.ch\/de\/"},{"@type":"ListItem","position":2,"name":"Shop","item":"https:\/\/shop.bantam.ch\/de\/shop\/"},{"@type":"ListItem","position":3,"name":"Dichtmasse Deaseal 8936"}]},{"@type":"WebSite","@id":"https:\/\/shop.bantam.ch\/de\/#website","url":"https:\/\/shop.bantam.ch\/de\/","name":"Bantam Camping AG","description":"","publisher":{"@id":"https:\/\/shop.bantam.ch\/de\/#organization"},"inLanguage":"de"},{"@type":"Organization","@id":"https:\/\/shop.bantam.ch\/de\/#organization","name":"Bantam Camping AG","url":"https:\/\/shop.bantam.ch\/de\/","logo":{"@type":"ImageObject","inLanguage":"de","@id":"https:\/\/shop.bantam.ch\/de\/#\/schema\/logo\/image\/","url":"https:\/\/shop.bantam.ch\/wp-content\/uploads\/2022\/12\/bantam-logo.png","contentUrl":"https:\/\/shop.bantam.ch\/wp-content\/uploads\/2022\/12\/bantam-logo.png","width":320,"height":71,"caption":"Bantam Camping AG"},"image":{"@id":"https:\/\/shop.bantam.ch\/de\/#\/schema\/logo\/image\/"}}]}},"_links":{"self":[{"href":"https:\/\/shop.bantam.ch\/de\/wp-json\/wp\/v2\/product\/224724","targetHints":{"allow":["GET"]}}],"collection":[{"href":"https:\/\/shop.bantam.ch\/de\/wp-json\/wp\/v2\/product"}],"about":[{"href":"https:\/\/shop.bantam.ch\/de\/wp-json\/wp\/v2\/types\/product"}],"wp:featuredmedia":[{"embeddable":true,"href":"https:\/\/shop.bantam.ch\/de\/wp-json\/wp\/v2\/media\/224719"}],"wp:attachment":[{"href":"https:\/\/shop.bantam.ch\/de\/wp-json\/wp\/v2\/media?parent=224724"}],"wp:term":[{"taxonomy":"product_featured_cat","embeddable":true,"href":"https:\/\/shop.bantam.ch\/de\/wp-json\/wp\/v2\/product_featured_cat?post=224724"},{"taxonomy":"product_brand","embeddable":true,"href":"https:\/\/shop.bantam.ch\/de\/wp-json\/wp\/v2\/product_brand?post=224724"},{"taxonomy":"product_cat","embeddable":true,"href":"https:\/\/shop.bantam.ch\/de\/wp-json\/wp\/v2\/product_cat?post=224724"},{"taxonomy":"product_tag","embeddable":true,"href":"https:\/\/shop.bantam.ch\/de\/wp-json\/wp\/v2\/product_tag?post=224724"}],"curies":[{"name":"wp","href":"https:\/\/api.w.org\/{rel}","templated":true}]}}