{"id":224669,"date":"2025-12-17T14:52:21","date_gmt":"2025-12-17T13:52:21","guid":{"rendered":"https:\/\/shop.bantam.ch\/produit\/anhaengerkupplung-thule-veloswing\/"},"modified":"2026-04-21T23:44:37","modified_gmt":"2026-04-21T21:44:37","slug":"anhaengerkupplung-thule-veloswing","status":"publish","type":"product","link":"https:\/\/shop.bantam.ch\/de\/produkt\/anhaengerkupplung-thule-veloswing\/","title":{"rendered":"Anh\u00e4ngerkupplung THULE VeloSwing"},"content":{"rendered":"<p>Mehr als nur eine E-Bike-Transportl\u00f6sung.<br \/>\nDer Thule VeloSwing ist eine zertifizierte Anh\u00e4ngerkupplung, die ganz einfach zur Seite schwenkt, sodass Sie an das Heck Ihres Vans kommen, ohne Fahrr\u00e4der oder anderes Zubeh\u00f6r entfernen zu m\u00fcssen. Speziell entwickelt f\u00fcr den Fiat Ducato, Peugeot Boxer, Citro\u00ebn Jumper ab 2007 und den Opel Movano ab 2022.<br \/>\nKompletter Zugang zu Ihrem Heck<br \/>\nBeladen Sie jeden gew\u00fcnschten Kupplungstr\u00e4ger<br \/>\nZiehen Sie schwerere Anh\u00e4nger, Boote und mehr<br \/>\nEinfache Handhabung mit Farbindikator an der st\u00e4ndigen Sicherheitsverriegelung, die Ihnen anzeigt, wenn alles an seinem Platz eingerastet ist<br \/>\nDenselben Fahrradtr\u00e4ger oder dieselbe Heckbox an Ihrem Freizeitfahrzeug und an Ihrem normalen Auto verwenden<br \/>\nEine vorgestanzte Sto\u00dfstange (separat erh\u00e4ltlich) sorgt daf\u00fcr, dass sich alles in den Look Ihres Vans integriert-<\/p>\n<p>&nbsp;<\/p>\n<p>&nbsp;<\/p>\n<p>Eigenschaften:<\/p>\n<ul>\n<li>Kompletter Zugang zu Ihrem Heck<\/li>\n<li>Beladen Sie jeden gew\u00fcnschten Kupplungstr\u00e4ger<\/li>\n<li>Ziehen Sie schwerere Anh\u00e4nger, Boote und mehr<\/li>\n<li>max. Anh\u00e4ngelast 3.000 kg*<\/li>\n<li>\u00d6ffnungsbereich 95\u00b0<\/li>\n<li>max. Traglast 150 kg<\/li>\n<li>Schwenkt ganz einfach zur Seite, sodass Sie an das Heck Ihres Vans kommen, ohne Fahrr\u00e4der oder anderes Zubeh\u00f6r entfernen zu m\u00fcssen<\/li>\n<li>Einfache Handhabung mit Farbindikator an der st\u00e4ndigen Sicherheitsverriegelung, die Ihnen anzeigt, wenn alles an seinem Platz eingerastet ist<\/li>\n<li>Mit dieser L\u00f6sung f\u00fcr die Anh\u00e4ngerkupplung k\u00f6nnen Sie denselben Fahrradtr\u00e4ger oder Heckbox an Ihrem Freizeitfahrzeug und an Ihrem normalen Auto verwenden.<\/li>\n<li>Der Thule VeloSwing ist eine zertifizierte Anh\u00e4ngerkupplung, mit der Sie Anh\u00e4nger oder anderes Zubeh\u00f6r f\u00fcr die Anh\u00e4ngerkupplung mit bis zu 3000 kg<\/li>\n<li>ziehen k\u00f6nnen*<\/li>\n<li>Eine vorgestanzte Sto\u00dfstange (separat erh\u00e4ltlich) sorgt daf\u00fcr, dass sich alles in den Look Ihres Vans integriert<\/li>\n<li>Speziell entwickelt f\u00fcr den Fiat Ducato, Peugeot Boxer, Citro\u00ebn Jumper ab 2007 und den Opel Movano ab 2022<\/li>\n<\/ul>\n<p>Anh\u00e4ngelast 3.000 kg. max. Traglast 150 kg.<\/p>\n<p>* Bitte pr\u00fcfen Sie die Anh\u00e4ngelast Ihres Fahrzeugs<br \/>\n** Zus\u00e4tzliches Nettogewicht von 46 kg\/101 lbs nach der Installation<\/p>\n","protected":false},"excerpt":{"rendered":"<p>Mehr als nur eine E-Bike-Transportl\u00f6sung. Der Thule VeloSwing ist eine zertifizierte Anh\u00e4ngerkupplung, die ganz einfach zur Seite schwenkt, sodass Sie an das Heck Ihres Vans kommen, ohne Fahrr\u00e4der oder anderes Zubeh\u00f6r entfernen zu m\u00fcssen. Speziell entwickelt f\u00fcr den Fiat Ducato, Peugeot Boxer, Citro\u00ebn Jumper ab 2007 und den Opel Movano ab 2022. Kompletter Zugang zu [&hellip;]<\/p>\n","protected":false},"featured_media":224659,"template":"","meta":{"_acf_changed":false},"product_featured_cat":[],"product_brand":[],"product_cat":[4694],"product_tag":[],"class_list":{"0":"post-224669","1":"product","2":"type-product","3":"status-publish","4":"has-post-thumbnail","6":"product_cat-kupplungs-fahrradtraeger","8":"first","9":"instock","10":"taxable","11":"shipping-taxable","12":"purchasable","13":"product-type-simple"},"acf":[],"yoast_head":"<!-- This site is optimized with the Yoast SEO plugin v27.4 - https:\/\/yoast.com\/product\/yoast-seo-wordpress\/ -->\n<title>Anh\u00e4ngerkupplung THULE VeloSwing - Bantam Camping AG<\/title>\n<meta name=\"robots\" content=\"index, follow, max-snippet:-1, max-image-preview:large, max-video-preview:-1\" \/>\n<link rel=\"canonical\" href=\"https:\/\/shop.bantam.ch\/de\/produkt\/anhaengerkupplung-thule-veloswing\/\" \/>\n<meta property=\"og:locale\" content=\"de_DE\" \/>\n<meta property=\"og:type\" content=\"article\" \/>\n<meta property=\"og:title\" content=\"Anh\u00e4ngerkupplung THULE VeloSwing - Bantam Camping AG\" \/>\n<meta property=\"og:description\" content=\"Mehr als nur eine E-Bike-Transportl\u00f6sung. Der Thule VeloSwing ist eine zertifizierte Anh\u00e4ngerkupplung, die ganz einfach zur Seite schwenkt, sodass Sie an das Heck Ihres Vans kommen, ohne Fahrr\u00e4der oder anderes Zubeh\u00f6r entfernen zu m\u00fcssen. Speziell entwickelt f\u00fcr den Fiat Ducato, Peugeot Boxer, Citro\u00ebn Jumper ab 2007 und den Opel Movano ab 2022. Kompletter Zugang zu [&hellip;]\" \/>\n<meta property=\"og:url\" content=\"https:\/\/shop.bantam.ch\/de\/produkt\/anhaengerkupplung-thule-veloswing\/\" \/>\n<meta property=\"og:site_name\" content=\"Bantam Camping AG\" \/>\n<meta property=\"article:modified_time\" content=\"2026-04-21T21:44:37+00:00\" \/>\n<meta name=\"twitter:card\" content=\"summary_large_image\" \/>\n<meta name=\"twitter:label1\" content=\"Gesch\u00e4tzte Lesezeit\" \/>\n\t<meta name=\"twitter:data1\" content=\"2\u00a0Minuten\" \/>\n<script type=\"application\/ld+json\" class=\"yoast-schema-graph\">{\"@context\":\"https:\\\/\\\/schema.org\",\"@graph\":[{\"@type\":\"WebPage\",\"@id\":\"https:\\\/\\\/shop.bantam.ch\\\/de\\\/produkt\\\/anhaengerkupplung-thule-veloswing\\\/\",\"url\":\"https:\\\/\\\/shop.bantam.ch\\\/de\\\/produkt\\\/anhaengerkupplung-thule-veloswing\\\/\",\"name\":\"Anh\u00e4ngerkupplung THULE VeloSwing - Bantam Camping AG\",\"isPartOf\":{\"@id\":\"https:\\\/\\\/shop.bantam.ch\\\/de\\\/#website\"},\"primaryImageOfPage\":{\"@id\":\"https:\\\/\\\/shop.bantam.ch\\\/de\\\/produkt\\\/anhaengerkupplung-thule-veloswing\\\/#primaryimage\"},\"image\":{\"@id\":\"https:\\\/\\\/shop.bantam.ch\\\/de\\\/produkt\\\/anhaengerkupplung-thule-veloswing\\\/#primaryimage\"},\"thumbnailUrl\":\"https:\\\/\\\/shop.bantam.ch\\\/wp-content\\\/uploads\\\/2025\\\/12\\\/Movera-L-9949149100.jpg\",\"datePublished\":\"2025-12-17T13:52:21+00:00\",\"dateModified\":\"2026-04-21T21:44:37+00:00\",\"breadcrumb\":{\"@id\":\"https:\\\/\\\/shop.bantam.ch\\\/de\\\/produkt\\\/anhaengerkupplung-thule-veloswing\\\/#breadcrumb\"},\"inLanguage\":\"de\",\"potentialAction\":[{\"@type\":\"ReadAction\",\"target\":[\"https:\\\/\\\/shop.bantam.ch\\\/de\\\/produkt\\\/anhaengerkupplung-thule-veloswing\\\/\"]}]},{\"@type\":\"ImageObject\",\"inLanguage\":\"de\",\"@id\":\"https:\\\/\\\/shop.bantam.ch\\\/de\\\/produkt\\\/anhaengerkupplung-thule-veloswing\\\/#primaryimage\",\"url\":\"https:\\\/\\\/shop.bantam.ch\\\/wp-content\\\/uploads\\\/2025\\\/12\\\/Movera-L-9949149100.jpg\",\"contentUrl\":\"https:\\\/\\\/shop.bantam.ch\\\/wp-content\\\/uploads\\\/2025\\\/12\\\/Movera-L-9949149100.jpg\",\"width\":640,\"height\":427},{\"@type\":\"BreadcrumbList\",\"@id\":\"https:\\\/\\\/shop.bantam.ch\\\/de\\\/produkt\\\/anhaengerkupplung-thule-veloswing\\\/#breadcrumb\",\"itemListElement\":[{\"@type\":\"ListItem\",\"position\":1,\"name\":\"Accueil\",\"item\":\"https:\\\/\\\/shop.bantam.ch\\\/de\\\/\"},{\"@type\":\"ListItem\",\"position\":2,\"name\":\"Shop\",\"item\":\"https:\\\/\\\/shop.bantam.ch\\\/de\\\/shop\\\/\"},{\"@type\":\"ListItem\",\"position\":3,\"name\":\"Anh\u00e4ngerkupplung THULE VeloSwing\"}]},{\"@type\":\"WebSite\",\"@id\":\"https:\\\/\\\/shop.bantam.ch\\\/de\\\/#website\",\"url\":\"https:\\\/\\\/shop.bantam.ch\\\/de\\\/\",\"name\":\"Bantam Camping AG\",\"description\":\"\",\"publisher\":{\"@id\":\"https:\\\/\\\/shop.bantam.ch\\\/de\\\/#organization\"},\"inLanguage\":\"de\"},{\"@type\":\"Organization\",\"@id\":\"https:\\\/\\\/shop.bantam.ch\\\/de\\\/#organization\",\"name\":\"Bantam Camping AG\",\"url\":\"https:\\\/\\\/shop.bantam.ch\\\/de\\\/\",\"logo\":{\"@type\":\"ImageObject\",\"inLanguage\":\"de\",\"@id\":\"https:\\\/\\\/shop.bantam.ch\\\/de\\\/#\\\/schema\\\/logo\\\/image\\\/\",\"url\":\"https:\\\/\\\/shop.bantam.ch\\\/wp-content\\\/uploads\\\/2022\\\/12\\\/bantam-logo.png\",\"contentUrl\":\"https:\\\/\\\/shop.bantam.ch\\\/wp-content\\\/uploads\\\/2022\\\/12\\\/bantam-logo.png\",\"width\":320,\"height\":71,\"caption\":\"Bantam Camping AG\"},\"image\":{\"@id\":\"https:\\\/\\\/shop.bantam.ch\\\/de\\\/#\\\/schema\\\/logo\\\/image\\\/\"}}]}<\/script>\n<!-- \/ Yoast SEO plugin. -->","yoast_head_json":{"title":"Anh\u00e4ngerkupplung THULE VeloSwing - Bantam Camping AG","robots":{"index":"index","follow":"follow","max-snippet":"max-snippet:-1","max-image-preview":"max-image-preview:large","max-video-preview":"max-video-preview:-1"},"canonical":"https:\/\/shop.bantam.ch\/de\/produkt\/anhaengerkupplung-thule-veloswing\/","og_locale":"de_DE","og_type":"article","og_title":"Anh\u00e4ngerkupplung THULE VeloSwing - Bantam Camping AG","og_description":"Mehr als nur eine E-Bike-Transportl\u00f6sung. Der Thule VeloSwing ist eine zertifizierte Anh\u00e4ngerkupplung, die ganz einfach zur Seite schwenkt, sodass Sie an das Heck Ihres Vans kommen, ohne Fahrr\u00e4der oder anderes Zubeh\u00f6r entfernen zu m\u00fcssen. Speziell entwickelt f\u00fcr den Fiat Ducato, Peugeot Boxer, Citro\u00ebn Jumper ab 2007 und den Opel Movano ab 2022. Kompletter Zugang zu [&hellip;]","og_url":"https:\/\/shop.bantam.ch\/de\/produkt\/anhaengerkupplung-thule-veloswing\/","og_site_name":"Bantam Camping AG","article_modified_time":"2026-04-21T21:44:37+00:00","twitter_card":"summary_large_image","twitter_misc":{"Gesch\u00e4tzte Lesezeit":"2\u00a0Minuten"},"schema":{"@context":"https:\/\/schema.org","@graph":[{"@type":"WebPage","@id":"https:\/\/shop.bantam.ch\/de\/produkt\/anhaengerkupplung-thule-veloswing\/","url":"https:\/\/shop.bantam.ch\/de\/produkt\/anhaengerkupplung-thule-veloswing\/","name":"Anh\u00e4ngerkupplung THULE VeloSwing - Bantam Camping AG","isPartOf":{"@id":"https:\/\/shop.bantam.ch\/de\/#website"},"primaryImageOfPage":{"@id":"https:\/\/shop.bantam.ch\/de\/produkt\/anhaengerkupplung-thule-veloswing\/#primaryimage"},"image":{"@id":"https:\/\/shop.bantam.ch\/de\/produkt\/anhaengerkupplung-thule-veloswing\/#primaryimage"},"thumbnailUrl":"https:\/\/shop.bantam.ch\/wp-content\/uploads\/2025\/12\/Movera-L-9949149100.jpg","datePublished":"2025-12-17T13:52:21+00:00","dateModified":"2026-04-21T21:44:37+00:00","breadcrumb":{"@id":"https:\/\/shop.bantam.ch\/de\/produkt\/anhaengerkupplung-thule-veloswing\/#breadcrumb"},"inLanguage":"de","potentialAction":[{"@type":"ReadAction","target":["https:\/\/shop.bantam.ch\/de\/produkt\/anhaengerkupplung-thule-veloswing\/"]}]},{"@type":"ImageObject","inLanguage":"de","@id":"https:\/\/shop.bantam.ch\/de\/produkt\/anhaengerkupplung-thule-veloswing\/#primaryimage","url":"https:\/\/shop.bantam.ch\/wp-content\/uploads\/2025\/12\/Movera-L-9949149100.jpg","contentUrl":"https:\/\/shop.bantam.ch\/wp-content\/uploads\/2025\/12\/Movera-L-9949149100.jpg","width":640,"height":427},{"@type":"BreadcrumbList","@id":"https:\/\/shop.bantam.ch\/de\/produkt\/anhaengerkupplung-thule-veloswing\/#breadcrumb","itemListElement":[{"@type":"ListItem","position":1,"name":"Accueil","item":"https:\/\/shop.bantam.ch\/de\/"},{"@type":"ListItem","position":2,"name":"Shop","item":"https:\/\/shop.bantam.ch\/de\/shop\/"},{"@type":"ListItem","position":3,"name":"Anh\u00e4ngerkupplung THULE VeloSwing"}]},{"@type":"WebSite","@id":"https:\/\/shop.bantam.ch\/de\/#website","url":"https:\/\/shop.bantam.ch\/de\/","name":"Bantam Camping AG","description":"","publisher":{"@id":"https:\/\/shop.bantam.ch\/de\/#organization"},"inLanguage":"de"},{"@type":"Organization","@id":"https:\/\/shop.bantam.ch\/de\/#organization","name":"Bantam Camping AG","url":"https:\/\/shop.bantam.ch\/de\/","logo":{"@type":"ImageObject","inLanguage":"de","@id":"https:\/\/shop.bantam.ch\/de\/#\/schema\/logo\/image\/","url":"https:\/\/shop.bantam.ch\/wp-content\/uploads\/2022\/12\/bantam-logo.png","contentUrl":"https:\/\/shop.bantam.ch\/wp-content\/uploads\/2022\/12\/bantam-logo.png","width":320,"height":71,"caption":"Bantam Camping AG"},"image":{"@id":"https:\/\/shop.bantam.ch\/de\/#\/schema\/logo\/image\/"}}]}},"_links":{"self":[{"href":"https:\/\/shop.bantam.ch\/de\/wp-json\/wp\/v2\/product\/224669","targetHints":{"allow":["GET"]}}],"collection":[{"href":"https:\/\/shop.bantam.ch\/de\/wp-json\/wp\/v2\/product"}],"about":[{"href":"https:\/\/shop.bantam.ch\/de\/wp-json\/wp\/v2\/types\/product"}],"wp:featuredmedia":[{"embeddable":true,"href":"https:\/\/shop.bantam.ch\/de\/wp-json\/wp\/v2\/media\/224659"}],"wp:attachment":[{"href":"https:\/\/shop.bantam.ch\/de\/wp-json\/wp\/v2\/media?parent=224669"}],"wp:term":[{"taxonomy":"product_featured_cat","embeddable":true,"href":"https:\/\/shop.bantam.ch\/de\/wp-json\/wp\/v2\/product_featured_cat?post=224669"},{"taxonomy":"product_brand","embeddable":true,"href":"https:\/\/shop.bantam.ch\/de\/wp-json\/wp\/v2\/product_brand?post=224669"},{"taxonomy":"product_cat","embeddable":true,"href":"https:\/\/shop.bantam.ch\/de\/wp-json\/wp\/v2\/product_cat?post=224669"},{"taxonomy":"product_tag","embeddable":true,"href":"https:\/\/shop.bantam.ch\/de\/wp-json\/wp\/v2\/product_tag?post=224669"}],"curies":[{"name":"wp","href":"https:\/\/api.w.org\/{rel}","templated":true}]}}