{"id":224651,"date":"2025-12-17T14:52:00","date_gmt":"2025-12-17T13:52:00","guid":{"rendered":"https:\/\/shop.bantam.ch\/produit\/wagenheber-al-ko-mit-bausatz-bis-800-kg\/"},"modified":"2026-04-19T23:46:26","modified_gmt":"2026-04-19T21:46:26","slug":"wagenheber-al-ko-mit-bausatz-bis-800-kg","status":"publish","type":"product","link":"https:\/\/shop.bantam.ch\/de\/produkt\/wagenheber-al-ko-mit-bausatz-bis-800-kg\/","title":{"rendered":"Wagenheber AL-KO mit Bausatz bis 800 kg"},"content":{"rendered":"<p>Nachr\u00fcstbar bei Wohnwagen mit AL-KO Chassis ab Bj. 1980. <\/p>\n<ul>\n<li>Kein Abrutschen durch spezielles Stecksystem (Zugfahrzeug angekuppelt lassen). Spezielle Einstecktaschen verst\u00e4rken den Rahmen und st\u00fctzen sich zus\u00e4tzlich am Caravanboden ab (800 kg \/ 1.000 kg)<\/li>\n<li>Speziell f\u00fcr AL-KO Chassis abgestimmt = idealer Schutz vor Verletzung und Besch\u00e4digung von Chassis + Unterboden<\/li>\n<li>F\u00fcr schwere Tandem-Wohnwagen bis 3,0 t. Variante mit speziellen verst\u00e4rkten + massiven Konsolen. Optional mit hochwertigem Werkstattwagenheber aus dem Profibereich<\/li>\n<li>Ab Bj. 1991 wurden die meisten Wohnwagen mit AL-KO Fahrgestell bereits mit den entsprechenden Aufnahmebohrungen ausger\u00fcstet. Bei allen anderen Fahrzeugen ab Bj. 1980 d\u00fcrfen die Bohrungen gem. Bedienungsanweisung selbst gebohrt werden<\/li>\n<li>Stat. Tragf\u00e4higkeit 800 kg<\/li>\n<li>Ma\u00dfe Anfangsh\u00f6he 85 mm (A)<\/li>\n<li>Hubh\u00f6he 290 mm<\/li>\n<li>Endh\u00f6he 375 mm (B)<\/li>\n<\/ul>\n<p>Material:<br \/>Tasche 100 % Nylon<\/p>\n<p>Lieferumfang:<br \/>Wagenheber, Abst\u00fctzwinkel, Schraubenmaterial, Bedienungsanleitung, Kurbelheber<\/p>\n","protected":false},"excerpt":{"rendered":"<p>Nachr\u00fcstbar bei Wohnwagen mit AL-KO Chassis ab Bj. 1980. Kein Abrutschen durch spezielles Stecksystem (Zugfahrzeug angekuppelt lassen). Spezielle Einstecktaschen verst\u00e4rken den Rahmen und st\u00fctzen sich zus\u00e4tzlich am Caravanboden ab (800 kg \/ 1.000 kg) Speziell f\u00fcr AL-KO Chassis abgestimmt = idealer Schutz vor Verletzung und Besch\u00e4digung von Chassis + Unterboden F\u00fcr schwere Tandem-Wohnwagen bis 3,0 [&hellip;]<\/p>\n","protected":false},"featured_media":224649,"template":"","meta":{"_acf_changed":false},"product_featured_cat":[],"product_brand":[],"product_cat":[5352],"product_tag":[],"class_list":{"0":"post-224651","1":"product","2":"type-product","3":"status-publish","4":"has-post-thumbnail","6":"product_cat-reifenzubehoer","8":"first","9":"instock","10":"taxable","11":"shipping-taxable","12":"purchasable","13":"product-type-simple"},"acf":[],"yoast_head":"<!-- This site is optimized with the Yoast SEO plugin v27.4 - https:\/\/yoast.com\/product\/yoast-seo-wordpress\/ -->\n<title>Wagenheber AL-KO mit Bausatz bis 800 kg - Bantam Camping AG<\/title>\n<meta name=\"robots\" content=\"index, follow, max-snippet:-1, max-image-preview:large, max-video-preview:-1\" \/>\n<link rel=\"canonical\" href=\"https:\/\/shop.bantam.ch\/de\/produkt\/wagenheber-al-ko-mit-bausatz-bis-800-kg\/\" \/>\n<meta property=\"og:locale\" content=\"de_DE\" \/>\n<meta property=\"og:type\" content=\"article\" \/>\n<meta property=\"og:title\" content=\"Wagenheber AL-KO mit Bausatz bis 800 kg - Bantam Camping AG\" \/>\n<meta property=\"og:description\" content=\"Nachr\u00fcstbar bei Wohnwagen mit AL-KO Chassis ab Bj. 1980. Kein Abrutschen durch spezielles Stecksystem (Zugfahrzeug angekuppelt lassen). Spezielle Einstecktaschen verst\u00e4rken den Rahmen und st\u00fctzen sich zus\u00e4tzlich am Caravanboden ab (800 kg \/ 1.000 kg) Speziell f\u00fcr AL-KO Chassis abgestimmt = idealer Schutz vor Verletzung und Besch\u00e4digung von Chassis + Unterboden F\u00fcr schwere Tandem-Wohnwagen bis 3,0 [&hellip;]\" \/>\n<meta property=\"og:url\" content=\"https:\/\/shop.bantam.ch\/de\/produkt\/wagenheber-al-ko-mit-bausatz-bis-800-kg\/\" \/>\n<meta property=\"og:site_name\" content=\"Bantam Camping AG\" \/>\n<meta property=\"article:modified_time\" content=\"2026-04-19T21:46:26+00:00\" \/>\n<meta name=\"twitter:card\" content=\"summary_large_image\" \/>\n<meta name=\"twitter:label1\" content=\"Gesch\u00e4tzte Lesezeit\" \/>\n\t<meta name=\"twitter:data1\" content=\"1\u00a0Minute\" \/>\n<script type=\"application\/ld+json\" class=\"yoast-schema-graph\">{\"@context\":\"https:\\\/\\\/schema.org\",\"@graph\":[{\"@type\":\"WebPage\",\"@id\":\"https:\\\/\\\/shop.bantam.ch\\\/de\\\/produkt\\\/wagenheber-al-ko-mit-bausatz-bis-800-kg\\\/\",\"url\":\"https:\\\/\\\/shop.bantam.ch\\\/de\\\/produkt\\\/wagenheber-al-ko-mit-bausatz-bis-800-kg\\\/\",\"name\":\"Wagenheber AL-KO mit Bausatz bis 800 kg - Bantam Camping AG\",\"isPartOf\":{\"@id\":\"https:\\\/\\\/shop.bantam.ch\\\/de\\\/#website\"},\"primaryImageOfPage\":{\"@id\":\"https:\\\/\\\/shop.bantam.ch\\\/de\\\/produkt\\\/wagenheber-al-ko-mit-bausatz-bis-800-kg\\\/#primaryimage\"},\"image\":{\"@id\":\"https:\\\/\\\/shop.bantam.ch\\\/de\\\/produkt\\\/wagenheber-al-ko-mit-bausatz-bis-800-kg\\\/#primaryimage\"},\"thumbnailUrl\":\"https:\\\/\\\/shop.bantam.ch\\\/wp-content\\\/uploads\\\/2025\\\/12\\\/Movera-L-9978571100.jpg\",\"datePublished\":\"2025-12-17T13:52:00+00:00\",\"dateModified\":\"2026-04-19T21:46:26+00:00\",\"breadcrumb\":{\"@id\":\"https:\\\/\\\/shop.bantam.ch\\\/de\\\/produkt\\\/wagenheber-al-ko-mit-bausatz-bis-800-kg\\\/#breadcrumb\"},\"inLanguage\":\"de\",\"potentialAction\":[{\"@type\":\"ReadAction\",\"target\":[\"https:\\\/\\\/shop.bantam.ch\\\/de\\\/produkt\\\/wagenheber-al-ko-mit-bausatz-bis-800-kg\\\/\"]}]},{\"@type\":\"ImageObject\",\"inLanguage\":\"de\",\"@id\":\"https:\\\/\\\/shop.bantam.ch\\\/de\\\/produkt\\\/wagenheber-al-ko-mit-bausatz-bis-800-kg\\\/#primaryimage\",\"url\":\"https:\\\/\\\/shop.bantam.ch\\\/wp-content\\\/uploads\\\/2025\\\/12\\\/Movera-L-9978571100.jpg\",\"contentUrl\":\"https:\\\/\\\/shop.bantam.ch\\\/wp-content\\\/uploads\\\/2025\\\/12\\\/Movera-L-9978571100.jpg\",\"width\":640,\"height\":335},{\"@type\":\"BreadcrumbList\",\"@id\":\"https:\\\/\\\/shop.bantam.ch\\\/de\\\/produkt\\\/wagenheber-al-ko-mit-bausatz-bis-800-kg\\\/#breadcrumb\",\"itemListElement\":[{\"@type\":\"ListItem\",\"position\":1,\"name\":\"Accueil\",\"item\":\"https:\\\/\\\/shop.bantam.ch\\\/de\\\/\"},{\"@type\":\"ListItem\",\"position\":2,\"name\":\"Shop\",\"item\":\"https:\\\/\\\/shop.bantam.ch\\\/de\\\/shop\\\/\"},{\"@type\":\"ListItem\",\"position\":3,\"name\":\"Wagenheber AL-KO mit Bausatz bis 800 kg\"}]},{\"@type\":\"WebSite\",\"@id\":\"https:\\\/\\\/shop.bantam.ch\\\/de\\\/#website\",\"url\":\"https:\\\/\\\/shop.bantam.ch\\\/de\\\/\",\"name\":\"Bantam Camping AG\",\"description\":\"\",\"publisher\":{\"@id\":\"https:\\\/\\\/shop.bantam.ch\\\/de\\\/#organization\"},\"inLanguage\":\"de\"},{\"@type\":\"Organization\",\"@id\":\"https:\\\/\\\/shop.bantam.ch\\\/de\\\/#organization\",\"name\":\"Bantam Camping AG\",\"url\":\"https:\\\/\\\/shop.bantam.ch\\\/de\\\/\",\"logo\":{\"@type\":\"ImageObject\",\"inLanguage\":\"de\",\"@id\":\"https:\\\/\\\/shop.bantam.ch\\\/de\\\/#\\\/schema\\\/logo\\\/image\\\/\",\"url\":\"https:\\\/\\\/shop.bantam.ch\\\/wp-content\\\/uploads\\\/2022\\\/12\\\/bantam-logo.png\",\"contentUrl\":\"https:\\\/\\\/shop.bantam.ch\\\/wp-content\\\/uploads\\\/2022\\\/12\\\/bantam-logo.png\",\"width\":320,\"height\":71,\"caption\":\"Bantam Camping AG\"},\"image\":{\"@id\":\"https:\\\/\\\/shop.bantam.ch\\\/de\\\/#\\\/schema\\\/logo\\\/image\\\/\"}}]}<\/script>\n<!-- \/ Yoast SEO plugin. -->","yoast_head_json":{"title":"Wagenheber AL-KO mit Bausatz bis 800 kg - Bantam Camping AG","robots":{"index":"index","follow":"follow","max-snippet":"max-snippet:-1","max-image-preview":"max-image-preview:large","max-video-preview":"max-video-preview:-1"},"canonical":"https:\/\/shop.bantam.ch\/de\/produkt\/wagenheber-al-ko-mit-bausatz-bis-800-kg\/","og_locale":"de_DE","og_type":"article","og_title":"Wagenheber AL-KO mit Bausatz bis 800 kg - Bantam Camping AG","og_description":"Nachr\u00fcstbar bei Wohnwagen mit AL-KO Chassis ab Bj. 1980. Kein Abrutschen durch spezielles Stecksystem (Zugfahrzeug angekuppelt lassen). Spezielle Einstecktaschen verst\u00e4rken den Rahmen und st\u00fctzen sich zus\u00e4tzlich am Caravanboden ab (800 kg \/ 1.000 kg) Speziell f\u00fcr AL-KO Chassis abgestimmt = idealer Schutz vor Verletzung und Besch\u00e4digung von Chassis + Unterboden F\u00fcr schwere Tandem-Wohnwagen bis 3,0 [&hellip;]","og_url":"https:\/\/shop.bantam.ch\/de\/produkt\/wagenheber-al-ko-mit-bausatz-bis-800-kg\/","og_site_name":"Bantam Camping AG","article_modified_time":"2026-04-19T21:46:26+00:00","twitter_card":"summary_large_image","twitter_misc":{"Gesch\u00e4tzte Lesezeit":"1\u00a0Minute"},"schema":{"@context":"https:\/\/schema.org","@graph":[{"@type":"WebPage","@id":"https:\/\/shop.bantam.ch\/de\/produkt\/wagenheber-al-ko-mit-bausatz-bis-800-kg\/","url":"https:\/\/shop.bantam.ch\/de\/produkt\/wagenheber-al-ko-mit-bausatz-bis-800-kg\/","name":"Wagenheber AL-KO mit Bausatz bis 800 kg - Bantam Camping AG","isPartOf":{"@id":"https:\/\/shop.bantam.ch\/de\/#website"},"primaryImageOfPage":{"@id":"https:\/\/shop.bantam.ch\/de\/produkt\/wagenheber-al-ko-mit-bausatz-bis-800-kg\/#primaryimage"},"image":{"@id":"https:\/\/shop.bantam.ch\/de\/produkt\/wagenheber-al-ko-mit-bausatz-bis-800-kg\/#primaryimage"},"thumbnailUrl":"https:\/\/shop.bantam.ch\/wp-content\/uploads\/2025\/12\/Movera-L-9978571100.jpg","datePublished":"2025-12-17T13:52:00+00:00","dateModified":"2026-04-19T21:46:26+00:00","breadcrumb":{"@id":"https:\/\/shop.bantam.ch\/de\/produkt\/wagenheber-al-ko-mit-bausatz-bis-800-kg\/#breadcrumb"},"inLanguage":"de","potentialAction":[{"@type":"ReadAction","target":["https:\/\/shop.bantam.ch\/de\/produkt\/wagenheber-al-ko-mit-bausatz-bis-800-kg\/"]}]},{"@type":"ImageObject","inLanguage":"de","@id":"https:\/\/shop.bantam.ch\/de\/produkt\/wagenheber-al-ko-mit-bausatz-bis-800-kg\/#primaryimage","url":"https:\/\/shop.bantam.ch\/wp-content\/uploads\/2025\/12\/Movera-L-9978571100.jpg","contentUrl":"https:\/\/shop.bantam.ch\/wp-content\/uploads\/2025\/12\/Movera-L-9978571100.jpg","width":640,"height":335},{"@type":"BreadcrumbList","@id":"https:\/\/shop.bantam.ch\/de\/produkt\/wagenheber-al-ko-mit-bausatz-bis-800-kg\/#breadcrumb","itemListElement":[{"@type":"ListItem","position":1,"name":"Accueil","item":"https:\/\/shop.bantam.ch\/de\/"},{"@type":"ListItem","position":2,"name":"Shop","item":"https:\/\/shop.bantam.ch\/de\/shop\/"},{"@type":"ListItem","position":3,"name":"Wagenheber AL-KO mit Bausatz bis 800 kg"}]},{"@type":"WebSite","@id":"https:\/\/shop.bantam.ch\/de\/#website","url":"https:\/\/shop.bantam.ch\/de\/","name":"Bantam Camping AG","description":"","publisher":{"@id":"https:\/\/shop.bantam.ch\/de\/#organization"},"inLanguage":"de"},{"@type":"Organization","@id":"https:\/\/shop.bantam.ch\/de\/#organization","name":"Bantam Camping AG","url":"https:\/\/shop.bantam.ch\/de\/","logo":{"@type":"ImageObject","inLanguage":"de","@id":"https:\/\/shop.bantam.ch\/de\/#\/schema\/logo\/image\/","url":"https:\/\/shop.bantam.ch\/wp-content\/uploads\/2022\/12\/bantam-logo.png","contentUrl":"https:\/\/shop.bantam.ch\/wp-content\/uploads\/2022\/12\/bantam-logo.png","width":320,"height":71,"caption":"Bantam Camping AG"},"image":{"@id":"https:\/\/shop.bantam.ch\/de\/#\/schema\/logo\/image\/"}}]}},"_links":{"self":[{"href":"https:\/\/shop.bantam.ch\/de\/wp-json\/wp\/v2\/product\/224651","targetHints":{"allow":["GET"]}}],"collection":[{"href":"https:\/\/shop.bantam.ch\/de\/wp-json\/wp\/v2\/product"}],"about":[{"href":"https:\/\/shop.bantam.ch\/de\/wp-json\/wp\/v2\/types\/product"}],"wp:featuredmedia":[{"embeddable":true,"href":"https:\/\/shop.bantam.ch\/de\/wp-json\/wp\/v2\/media\/224649"}],"wp:attachment":[{"href":"https:\/\/shop.bantam.ch\/de\/wp-json\/wp\/v2\/media?parent=224651"}],"wp:term":[{"taxonomy":"product_featured_cat","embeddable":true,"href":"https:\/\/shop.bantam.ch\/de\/wp-json\/wp\/v2\/product_featured_cat?post=224651"},{"taxonomy":"product_brand","embeddable":true,"href":"https:\/\/shop.bantam.ch\/de\/wp-json\/wp\/v2\/product_brand?post=224651"},{"taxonomy":"product_cat","embeddable":true,"href":"https:\/\/shop.bantam.ch\/de\/wp-json\/wp\/v2\/product_cat?post=224651"},{"taxonomy":"product_tag","embeddable":true,"href":"https:\/\/shop.bantam.ch\/de\/wp-json\/wp\/v2\/product_tag?post=224651"}],"curies":[{"name":"wp","href":"https:\/\/api.w.org\/{rel}","templated":true}]}}