{"id":224521,"date":"2025-12-17T14:48:45","date_gmt":"2025-12-17T13:48:45","guid":{"rendered":"https:\/\/shop.bantam.ch\/produit\/satmessgeraet-megasat-hd4-combo\/"},"modified":"2026-04-19T23:45:48","modified_gmt":"2026-04-19T21:45:48","slug":"satmessgeraet-megasat-hd4-combo","status":"publish","type":"product","link":"https:\/\/shop.bantam.ch\/de\/produkt\/satmessgeraet-megasat-hd4-combo\/","title":{"rendered":"Satmessger\u00e4t MEGASAT HD4 Combo"},"content":{"rendered":"<p>Das HD 4 Combo V2 ist ein handliches Messger\u00e4t und bestens f\u00fcr eine schnelle und genaue Satellitensuche geeignet. M\u00f6glich ist die Messung von DVB-S\/-S2, DVB-T\/-T2 und DVB-C\/-C2-Signalen. Das eingebaute LCD Display bietet eine Bildschirmdiagonale von 2,7 Zoll (6,9 cm). Die Bedienung ist mit der \u00fcbersichtlichen und klar strukturierten Bildschirmoberfl\u00e4che ein Kinderspiel. In der Live-Messung werden alle wichtigen Informationen angezeigt und bei Bedarf kann der Signalpegel und die -qualit\u00e4t vergr\u00f6\u00dfert dargestellt werden.<br \/>\nEchtzeit-Spektrum zur Fehlersuche<br \/>\nUm das Signal der Sat-Anlage zu beurteilen und evtl. Empfangsfehler zu analysieren, nutzen Sie die in nahezu Echtzeit laufende Spektrumanalyse. Durch die st\u00e4ndig aktualisierte Darstellung des Diagramms wird bei Bewegung des Spiegels das Spektrum sofort ver\u00e4ndert.<br \/>\nWinkelberechnung zur schnellen Ausrichtung<br \/>\nDie Winkelberechnung hilft Ihnen den vertikalen und horizontalen Winkel der Antenne zu ermitteln, denn je nach Standort \u00e4ndert sich die Elevation und der Azimut. Geben Sie einfach die Daten des Standorts ein und das Messger\u00e4t errechnet schnell die passenden Winkeleinstellungen f\u00fcr den Spiegel. Somit l\u00e4sst sich der gew\u00fcnschte Satellit schneller finden.<br \/>\nDie integrierte Kompass-Funktion erleichtert Ihnen die Berechnung des Winkels. Wird das Messger\u00e4t gedreht oder geneigt, wird automatisch der aktuelle Winkel auf dem Display angezeigt. Alternativ kann auch der ausgew\u00e4hlte Satellit grafisch dargestellt werden, um schnell die korrekte Position zu ermitteln.<br \/>\nTransponderkontrolle<br \/>\nDie Transponderkontrolle ist eine Funktion, um gleichzeitig die Signalst\u00e4rke und -qualit\u00e4t von mehreren Transpondern zu beurteilen. Dies ist hilfreich bei der Einmessung von Quattro LNBs. Die Transponder k\u00f6nnen beliebig ausgew\u00e4hlt und durchgeschaltet werden. Das Satellitensignal wird hierbei permanent aktualisiert.<\/p>\n","protected":false},"excerpt":{"rendered":"<p>Das HD 4 Combo V2 ist ein handliches Messger\u00e4t und bestens f\u00fcr eine schnelle und genaue Satellitensuche geeignet. M\u00f6glich ist die Messung von DVB-S\/-S2, DVB-T\/-T2 und DVB-C\/-C2-Signalen. Das eingebaute LCD Display bietet eine Bildschirmdiagonale von 2,7 Zoll (6,9 cm). Die Bedienung ist mit der \u00fcbersichtlichen und klar strukturierten Bildschirmoberfl\u00e4che ein Kinderspiel. In der Live-Messung werden [&hellip;]<\/p>\n","protected":false},"featured_media":224517,"template":"","meta":{"_acf_changed":false},"product_featured_cat":[],"product_brand":[],"product_cat":[4526],"product_tag":[],"class_list":{"0":"post-224521","1":"product","2":"type-product","3":"status-publish","4":"has-post-thumbnail","6":"product_cat-sat-finder","8":"first","9":"instock","10":"taxable","11":"shipping-taxable","12":"purchasable","13":"product-type-simple"},"acf":[],"yoast_head":"<!-- This site is optimized with the Yoast SEO plugin v27.4 - https:\/\/yoast.com\/product\/yoast-seo-wordpress\/ -->\n<title>Satmessger\u00e4t MEGASAT HD4 Combo - Bantam Camping AG<\/title>\n<meta name=\"robots\" content=\"index, follow, max-snippet:-1, max-image-preview:large, max-video-preview:-1\" \/>\n<link rel=\"canonical\" href=\"https:\/\/shop.bantam.ch\/de\/produkt\/satmessgeraet-megasat-hd4-combo\/\" \/>\n<meta property=\"og:locale\" content=\"de_DE\" \/>\n<meta property=\"og:type\" content=\"article\" \/>\n<meta property=\"og:title\" content=\"Satmessger\u00e4t MEGASAT HD4 Combo - Bantam Camping AG\" \/>\n<meta property=\"og:description\" content=\"Das HD 4 Combo V2 ist ein handliches Messger\u00e4t und bestens f\u00fcr eine schnelle und genaue Satellitensuche geeignet. M\u00f6glich ist die Messung von DVB-S\/-S2, DVB-T\/-T2 und DVB-C\/-C2-Signalen. Das eingebaute LCD Display bietet eine Bildschirmdiagonale von 2,7 Zoll (6,9 cm). Die Bedienung ist mit der \u00fcbersichtlichen und klar strukturierten Bildschirmoberfl\u00e4che ein Kinderspiel. In der Live-Messung werden [&hellip;]\" \/>\n<meta property=\"og:url\" content=\"https:\/\/shop.bantam.ch\/de\/produkt\/satmessgeraet-megasat-hd4-combo\/\" \/>\n<meta property=\"og:site_name\" content=\"Bantam Camping AG\" \/>\n<meta property=\"article:modified_time\" content=\"2026-04-19T21:45:48+00:00\" \/>\n<meta name=\"twitter:card\" content=\"summary_large_image\" \/>\n<meta name=\"twitter:label1\" content=\"Gesch\u00e4tzte Lesezeit\" \/>\n\t<meta name=\"twitter:data1\" content=\"1\u00a0Minute\" \/>\n<script type=\"application\/ld+json\" class=\"yoast-schema-graph\">{\"@context\":\"https:\\\/\\\/schema.org\",\"@graph\":[{\"@type\":\"WebPage\",\"@id\":\"https:\\\/\\\/shop.bantam.ch\\\/de\\\/produkt\\\/satmessgeraet-megasat-hd4-combo\\\/\",\"url\":\"https:\\\/\\\/shop.bantam.ch\\\/de\\\/produkt\\\/satmessgeraet-megasat-hd4-combo\\\/\",\"name\":\"Satmessger\u00e4t MEGASAT HD4 Combo - Bantam Camping AG\",\"isPartOf\":{\"@id\":\"https:\\\/\\\/shop.bantam.ch\\\/de\\\/#website\"},\"primaryImageOfPage\":{\"@id\":\"https:\\\/\\\/shop.bantam.ch\\\/de\\\/produkt\\\/satmessgeraet-megasat-hd4-combo\\\/#primaryimage\"},\"image\":{\"@id\":\"https:\\\/\\\/shop.bantam.ch\\\/de\\\/produkt\\\/satmessgeraet-megasat-hd4-combo\\\/#primaryimage\"},\"thumbnailUrl\":\"https:\\\/\\\/shop.bantam.ch\\\/wp-content\\\/uploads\\\/2025\\\/12\\\/Movera-L-9945726100.png\",\"datePublished\":\"2025-12-17T13:48:45+00:00\",\"dateModified\":\"2026-04-19T21:45:48+00:00\",\"breadcrumb\":{\"@id\":\"https:\\\/\\\/shop.bantam.ch\\\/de\\\/produkt\\\/satmessgeraet-megasat-hd4-combo\\\/#breadcrumb\"},\"inLanguage\":\"de\",\"potentialAction\":[{\"@type\":\"ReadAction\",\"target\":[\"https:\\\/\\\/shop.bantam.ch\\\/de\\\/produkt\\\/satmessgeraet-megasat-hd4-combo\\\/\"]}]},{\"@type\":\"ImageObject\",\"inLanguage\":\"de\",\"@id\":\"https:\\\/\\\/shop.bantam.ch\\\/de\\\/produkt\\\/satmessgeraet-megasat-hd4-combo\\\/#primaryimage\",\"url\":\"https:\\\/\\\/shop.bantam.ch\\\/wp-content\\\/uploads\\\/2025\\\/12\\\/Movera-L-9945726100.png\",\"contentUrl\":\"https:\\\/\\\/shop.bantam.ch\\\/wp-content\\\/uploads\\\/2025\\\/12\\\/Movera-L-9945726100.png\",\"width\":640,\"height\":1480},{\"@type\":\"BreadcrumbList\",\"@id\":\"https:\\\/\\\/shop.bantam.ch\\\/de\\\/produkt\\\/satmessgeraet-megasat-hd4-combo\\\/#breadcrumb\",\"itemListElement\":[{\"@type\":\"ListItem\",\"position\":1,\"name\":\"Accueil\",\"item\":\"https:\\\/\\\/shop.bantam.ch\\\/de\\\/\"},{\"@type\":\"ListItem\",\"position\":2,\"name\":\"Shop\",\"item\":\"https:\\\/\\\/shop.bantam.ch\\\/de\\\/shop\\\/\"},{\"@type\":\"ListItem\",\"position\":3,\"name\":\"Satmessger\u00e4t MEGASAT HD4 Combo\"}]},{\"@type\":\"WebSite\",\"@id\":\"https:\\\/\\\/shop.bantam.ch\\\/de\\\/#website\",\"url\":\"https:\\\/\\\/shop.bantam.ch\\\/de\\\/\",\"name\":\"Bantam Camping AG\",\"description\":\"\",\"publisher\":{\"@id\":\"https:\\\/\\\/shop.bantam.ch\\\/de\\\/#organization\"},\"inLanguage\":\"de\"},{\"@type\":\"Organization\",\"@id\":\"https:\\\/\\\/shop.bantam.ch\\\/de\\\/#organization\",\"name\":\"Bantam Camping AG\",\"url\":\"https:\\\/\\\/shop.bantam.ch\\\/de\\\/\",\"logo\":{\"@type\":\"ImageObject\",\"inLanguage\":\"de\",\"@id\":\"https:\\\/\\\/shop.bantam.ch\\\/de\\\/#\\\/schema\\\/logo\\\/image\\\/\",\"url\":\"https:\\\/\\\/shop.bantam.ch\\\/wp-content\\\/uploads\\\/2022\\\/12\\\/bantam-logo.png\",\"contentUrl\":\"https:\\\/\\\/shop.bantam.ch\\\/wp-content\\\/uploads\\\/2022\\\/12\\\/bantam-logo.png\",\"width\":320,\"height\":71,\"caption\":\"Bantam Camping AG\"},\"image\":{\"@id\":\"https:\\\/\\\/shop.bantam.ch\\\/de\\\/#\\\/schema\\\/logo\\\/image\\\/\"}}]}<\/script>\n<!-- \/ Yoast SEO plugin. -->","yoast_head_json":{"title":"Satmessger\u00e4t MEGASAT HD4 Combo - Bantam Camping AG","robots":{"index":"index","follow":"follow","max-snippet":"max-snippet:-1","max-image-preview":"max-image-preview:large","max-video-preview":"max-video-preview:-1"},"canonical":"https:\/\/shop.bantam.ch\/de\/produkt\/satmessgeraet-megasat-hd4-combo\/","og_locale":"de_DE","og_type":"article","og_title":"Satmessger\u00e4t MEGASAT HD4 Combo - Bantam Camping AG","og_description":"Das HD 4 Combo V2 ist ein handliches Messger\u00e4t und bestens f\u00fcr eine schnelle und genaue Satellitensuche geeignet. M\u00f6glich ist die Messung von DVB-S\/-S2, DVB-T\/-T2 und DVB-C\/-C2-Signalen. Das eingebaute LCD Display bietet eine Bildschirmdiagonale von 2,7 Zoll (6,9 cm). Die Bedienung ist mit der \u00fcbersichtlichen und klar strukturierten Bildschirmoberfl\u00e4che ein Kinderspiel. In der Live-Messung werden [&hellip;]","og_url":"https:\/\/shop.bantam.ch\/de\/produkt\/satmessgeraet-megasat-hd4-combo\/","og_site_name":"Bantam Camping AG","article_modified_time":"2026-04-19T21:45:48+00:00","twitter_card":"summary_large_image","twitter_misc":{"Gesch\u00e4tzte Lesezeit":"1\u00a0Minute"},"schema":{"@context":"https:\/\/schema.org","@graph":[{"@type":"WebPage","@id":"https:\/\/shop.bantam.ch\/de\/produkt\/satmessgeraet-megasat-hd4-combo\/","url":"https:\/\/shop.bantam.ch\/de\/produkt\/satmessgeraet-megasat-hd4-combo\/","name":"Satmessger\u00e4t MEGASAT HD4 Combo - Bantam Camping AG","isPartOf":{"@id":"https:\/\/shop.bantam.ch\/de\/#website"},"primaryImageOfPage":{"@id":"https:\/\/shop.bantam.ch\/de\/produkt\/satmessgeraet-megasat-hd4-combo\/#primaryimage"},"image":{"@id":"https:\/\/shop.bantam.ch\/de\/produkt\/satmessgeraet-megasat-hd4-combo\/#primaryimage"},"thumbnailUrl":"https:\/\/shop.bantam.ch\/wp-content\/uploads\/2025\/12\/Movera-L-9945726100.png","datePublished":"2025-12-17T13:48:45+00:00","dateModified":"2026-04-19T21:45:48+00:00","breadcrumb":{"@id":"https:\/\/shop.bantam.ch\/de\/produkt\/satmessgeraet-megasat-hd4-combo\/#breadcrumb"},"inLanguage":"de","potentialAction":[{"@type":"ReadAction","target":["https:\/\/shop.bantam.ch\/de\/produkt\/satmessgeraet-megasat-hd4-combo\/"]}]},{"@type":"ImageObject","inLanguage":"de","@id":"https:\/\/shop.bantam.ch\/de\/produkt\/satmessgeraet-megasat-hd4-combo\/#primaryimage","url":"https:\/\/shop.bantam.ch\/wp-content\/uploads\/2025\/12\/Movera-L-9945726100.png","contentUrl":"https:\/\/shop.bantam.ch\/wp-content\/uploads\/2025\/12\/Movera-L-9945726100.png","width":640,"height":1480},{"@type":"BreadcrumbList","@id":"https:\/\/shop.bantam.ch\/de\/produkt\/satmessgeraet-megasat-hd4-combo\/#breadcrumb","itemListElement":[{"@type":"ListItem","position":1,"name":"Accueil","item":"https:\/\/shop.bantam.ch\/de\/"},{"@type":"ListItem","position":2,"name":"Shop","item":"https:\/\/shop.bantam.ch\/de\/shop\/"},{"@type":"ListItem","position":3,"name":"Satmessger\u00e4t MEGASAT HD4 Combo"}]},{"@type":"WebSite","@id":"https:\/\/shop.bantam.ch\/de\/#website","url":"https:\/\/shop.bantam.ch\/de\/","name":"Bantam Camping AG","description":"","publisher":{"@id":"https:\/\/shop.bantam.ch\/de\/#organization"},"inLanguage":"de"},{"@type":"Organization","@id":"https:\/\/shop.bantam.ch\/de\/#organization","name":"Bantam Camping AG","url":"https:\/\/shop.bantam.ch\/de\/","logo":{"@type":"ImageObject","inLanguage":"de","@id":"https:\/\/shop.bantam.ch\/de\/#\/schema\/logo\/image\/","url":"https:\/\/shop.bantam.ch\/wp-content\/uploads\/2022\/12\/bantam-logo.png","contentUrl":"https:\/\/shop.bantam.ch\/wp-content\/uploads\/2022\/12\/bantam-logo.png","width":320,"height":71,"caption":"Bantam Camping AG"},"image":{"@id":"https:\/\/shop.bantam.ch\/de\/#\/schema\/logo\/image\/"}}]}},"_links":{"self":[{"href":"https:\/\/shop.bantam.ch\/de\/wp-json\/wp\/v2\/product\/224521","targetHints":{"allow":["GET"]}}],"collection":[{"href":"https:\/\/shop.bantam.ch\/de\/wp-json\/wp\/v2\/product"}],"about":[{"href":"https:\/\/shop.bantam.ch\/de\/wp-json\/wp\/v2\/types\/product"}],"wp:featuredmedia":[{"embeddable":true,"href":"https:\/\/shop.bantam.ch\/de\/wp-json\/wp\/v2\/media\/224517"}],"wp:attachment":[{"href":"https:\/\/shop.bantam.ch\/de\/wp-json\/wp\/v2\/media?parent=224521"}],"wp:term":[{"taxonomy":"product_featured_cat","embeddable":true,"href":"https:\/\/shop.bantam.ch\/de\/wp-json\/wp\/v2\/product_featured_cat?post=224521"},{"taxonomy":"product_brand","embeddable":true,"href":"https:\/\/shop.bantam.ch\/de\/wp-json\/wp\/v2\/product_brand?post=224521"},{"taxonomy":"product_cat","embeddable":true,"href":"https:\/\/shop.bantam.ch\/de\/wp-json\/wp\/v2\/product_cat?post=224521"},{"taxonomy":"product_tag","embeddable":true,"href":"https:\/\/shop.bantam.ch\/de\/wp-json\/wp\/v2\/product_tag?post=224521"}],"curies":[{"name":"wp","href":"https:\/\/api.w.org\/{rel}","templated":true}]}}