{"id":224417,"date":"2025-12-17T14:45:58","date_gmt":"2025-12-17T13:45:58","guid":{"rendered":"https:\/\/shop.bantam.ch\/produit\/batterietrenniode-phaesun-120-2ac-2-batterien-120a\/"},"modified":"2026-04-17T23:38:20","modified_gmt":"2026-04-17T21:38:20","slug":"batterietrenniode-phaesun-120-2ac-2-batterien-120a","status":"publish","type":"product","link":"https:\/\/shop.bantam.ch\/de\/produkt\/batterietrenniode-phaesun-120-2ac-2-batterien-120a\/","title":{"rendered":"Batterietrenniode Phaesun 120-2AC, 2 Batterien 120A"},"content":{"rendered":"<p>Batterietrenndioden erm\u00f6glichen gleichzeitiges Laden mehrere Batterien aus einer Stromquelle, ohne da\u00df die&nbsp;<br \/>\nEinzelbatterien miteinander verbunden sind. So kann z.B. die Bordnetzbatterie belastet werden, ohne da\u00df&nbsp;<br \/>\ngleichzeitig auch die Starterbatterie mit entladen wird.&nbsp;<br \/>\nDurch die Nutzung moderner Shottky-Dioden wird dar\u00fcber hinaus der Spannungsverlust klein gehalten. Er&nbsp;<br \/>\nbetr\u00e4gt bei niedrigen Str\u00f6men ca. 0,3 V und beim Nennstrom ca. 045 V.&nbsp;<br \/>\nAlle Modelle dieser Baureihe sind mit einer Kompensationsdiode ausger\u00fcstet, mit der die Ausgangsspannung&nbsp;<br \/>\nder Lichtmaschine geringf\u00fcgig erh\u00f6ht wird, um so den Spannungsverlust durch die Shottky Dioden&nbsp;<br \/>\nauszugleichen.&nbsp;<br \/>\nGewicht: 0,80 kg<br \/>\nAbmessungen: 60 x 115 x 120 mm LxBxH<\/p>\n","protected":false},"excerpt":{"rendered":"<p>Batterietrenndioden erm\u00f6glichen gleichzeitiges Laden mehrere Batterien aus einer Stromquelle, ohne da\u00df die&nbsp; Einzelbatterien miteinander verbunden sind. So kann z.B. die Bordnetzbatterie belastet werden, ohne da\u00df&nbsp; gleichzeitig auch die Starterbatterie mit entladen wird.&nbsp; Durch die Nutzung moderner Shottky-Dioden wird dar\u00fcber hinaus der Spannungsverlust klein gehalten. Er&nbsp; betr\u00e4gt bei niedrigen Str\u00f6men ca. 0,3 V und beim Nennstrom [&hellip;]<\/p>\n","protected":false},"featured_media":224415,"template":"","meta":{"_acf_changed":false},"product_featured_cat":[],"product_brand":[],"product_cat":[4908],"product_tag":[],"class_list":{"0":"post-224417","1":"product","2":"type-product","3":"status-publish","4":"has-post-thumbnail","6":"product_cat-zubehoer-fuer-batterien","8":"first","9":"instock","10":"taxable","11":"shipping-taxable","12":"purchasable","13":"product-type-simple"},"acf":[],"yoast_head":"<!-- This site is optimized with the Yoast SEO plugin v27.4 - https:\/\/yoast.com\/product\/yoast-seo-wordpress\/ -->\n<title>Batterietrenniode Phaesun 120-2AC, 2 Batterien 120A - Bantam Camping AG<\/title>\n<meta name=\"robots\" content=\"index, follow, max-snippet:-1, max-image-preview:large, max-video-preview:-1\" \/>\n<link rel=\"canonical\" href=\"https:\/\/shop.bantam.ch\/de\/produkt\/batterietrenniode-phaesun-120-2ac-2-batterien-120a\/\" \/>\n<meta property=\"og:locale\" content=\"de_DE\" \/>\n<meta property=\"og:type\" content=\"article\" \/>\n<meta property=\"og:title\" content=\"Batterietrenniode Phaesun 120-2AC, 2 Batterien 120A - Bantam Camping AG\" \/>\n<meta property=\"og:description\" content=\"Batterietrenndioden erm\u00f6glichen gleichzeitiges Laden mehrere Batterien aus einer Stromquelle, ohne da\u00df die&nbsp; Einzelbatterien miteinander verbunden sind. So kann z.B. die Bordnetzbatterie belastet werden, ohne da\u00df&nbsp; gleichzeitig auch die Starterbatterie mit entladen wird.&nbsp; Durch die Nutzung moderner Shottky-Dioden wird dar\u00fcber hinaus der Spannungsverlust klein gehalten. Er&nbsp; betr\u00e4gt bei niedrigen Str\u00f6men ca. 0,3 V und beim Nennstrom [&hellip;]\" \/>\n<meta property=\"og:url\" content=\"https:\/\/shop.bantam.ch\/de\/produkt\/batterietrenniode-phaesun-120-2ac-2-batterien-120a\/\" \/>\n<meta property=\"og:site_name\" content=\"Bantam Camping AG\" \/>\n<meta property=\"article:modified_time\" content=\"2026-04-17T21:38:20+00:00\" \/>\n<meta name=\"twitter:card\" content=\"summary_large_image\" \/>\n<meta name=\"twitter:label1\" content=\"Gesch\u00e4tzte Lesezeit\" \/>\n\t<meta name=\"twitter:data1\" content=\"1\u00a0Minute\" \/>\n<script type=\"application\/ld+json\" class=\"yoast-schema-graph\">{\"@context\":\"https:\\\/\\\/schema.org\",\"@graph\":[{\"@type\":\"WebPage\",\"@id\":\"https:\\\/\\\/shop.bantam.ch\\\/de\\\/produkt\\\/batterietrenniode-phaesun-120-2ac-2-batterien-120a\\\/\",\"url\":\"https:\\\/\\\/shop.bantam.ch\\\/de\\\/produkt\\\/batterietrenniode-phaesun-120-2ac-2-batterien-120a\\\/\",\"name\":\"Batterietrenniode Phaesun 120-2AC, 2 Batterien 120A - Bantam Camping AG\",\"isPartOf\":{\"@id\":\"https:\\\/\\\/shop.bantam.ch\\\/de\\\/#website\"},\"primaryImageOfPage\":{\"@id\":\"https:\\\/\\\/shop.bantam.ch\\\/de\\\/produkt\\\/batterietrenniode-phaesun-120-2ac-2-batterien-120a\\\/#primaryimage\"},\"image\":{\"@id\":\"https:\\\/\\\/shop.bantam.ch\\\/de\\\/produkt\\\/batterietrenniode-phaesun-120-2ac-2-batterien-120a\\\/#primaryimage\"},\"thumbnailUrl\":\"https:\\\/\\\/shop.bantam.ch\\\/wp-content\\\/uploads\\\/2025\\\/12\\\/Movera-L-9945343100.jpg\",\"datePublished\":\"2025-12-17T13:45:58+00:00\",\"dateModified\":\"2026-04-17T21:38:20+00:00\",\"breadcrumb\":{\"@id\":\"https:\\\/\\\/shop.bantam.ch\\\/de\\\/produkt\\\/batterietrenniode-phaesun-120-2ac-2-batterien-120a\\\/#breadcrumb\"},\"inLanguage\":\"de\",\"potentialAction\":[{\"@type\":\"ReadAction\",\"target\":[\"https:\\\/\\\/shop.bantam.ch\\\/de\\\/produkt\\\/batterietrenniode-phaesun-120-2ac-2-batterien-120a\\\/\"]}]},{\"@type\":\"ImageObject\",\"inLanguage\":\"de\",\"@id\":\"https:\\\/\\\/shop.bantam.ch\\\/de\\\/produkt\\\/batterietrenniode-phaesun-120-2ac-2-batterien-120a\\\/#primaryimage\",\"url\":\"https:\\\/\\\/shop.bantam.ch\\\/wp-content\\\/uploads\\\/2025\\\/12\\\/Movera-L-9945343100.jpg\",\"contentUrl\":\"https:\\\/\\\/shop.bantam.ch\\\/wp-content\\\/uploads\\\/2025\\\/12\\\/Movera-L-9945343100.jpg\",\"width\":624,\"height\":584},{\"@type\":\"BreadcrumbList\",\"@id\":\"https:\\\/\\\/shop.bantam.ch\\\/de\\\/produkt\\\/batterietrenniode-phaesun-120-2ac-2-batterien-120a\\\/#breadcrumb\",\"itemListElement\":[{\"@type\":\"ListItem\",\"position\":1,\"name\":\"Accueil\",\"item\":\"https:\\\/\\\/shop.bantam.ch\\\/de\\\/\"},{\"@type\":\"ListItem\",\"position\":2,\"name\":\"Shop\",\"item\":\"https:\\\/\\\/shop.bantam.ch\\\/de\\\/shop\\\/\"},{\"@type\":\"ListItem\",\"position\":3,\"name\":\"Batterietrenniode Phaesun 120-2AC, 2 Batterien 120A\"}]},{\"@type\":\"WebSite\",\"@id\":\"https:\\\/\\\/shop.bantam.ch\\\/de\\\/#website\",\"url\":\"https:\\\/\\\/shop.bantam.ch\\\/de\\\/\",\"name\":\"Bantam Camping AG\",\"description\":\"\",\"publisher\":{\"@id\":\"https:\\\/\\\/shop.bantam.ch\\\/de\\\/#organization\"},\"inLanguage\":\"de\"},{\"@type\":\"Organization\",\"@id\":\"https:\\\/\\\/shop.bantam.ch\\\/de\\\/#organization\",\"name\":\"Bantam Camping AG\",\"url\":\"https:\\\/\\\/shop.bantam.ch\\\/de\\\/\",\"logo\":{\"@type\":\"ImageObject\",\"inLanguage\":\"de\",\"@id\":\"https:\\\/\\\/shop.bantam.ch\\\/de\\\/#\\\/schema\\\/logo\\\/image\\\/\",\"url\":\"https:\\\/\\\/shop.bantam.ch\\\/wp-content\\\/uploads\\\/2022\\\/12\\\/bantam-logo.png\",\"contentUrl\":\"https:\\\/\\\/shop.bantam.ch\\\/wp-content\\\/uploads\\\/2022\\\/12\\\/bantam-logo.png\",\"width\":320,\"height\":71,\"caption\":\"Bantam Camping AG\"},\"image\":{\"@id\":\"https:\\\/\\\/shop.bantam.ch\\\/de\\\/#\\\/schema\\\/logo\\\/image\\\/\"}}]}<\/script>\n<!-- \/ Yoast SEO plugin. -->","yoast_head_json":{"title":"Batterietrenniode Phaesun 120-2AC, 2 Batterien 120A - Bantam Camping AG","robots":{"index":"index","follow":"follow","max-snippet":"max-snippet:-1","max-image-preview":"max-image-preview:large","max-video-preview":"max-video-preview:-1"},"canonical":"https:\/\/shop.bantam.ch\/de\/produkt\/batterietrenniode-phaesun-120-2ac-2-batterien-120a\/","og_locale":"de_DE","og_type":"article","og_title":"Batterietrenniode Phaesun 120-2AC, 2 Batterien 120A - Bantam Camping AG","og_description":"Batterietrenndioden erm\u00f6glichen gleichzeitiges Laden mehrere Batterien aus einer Stromquelle, ohne da\u00df die&nbsp; Einzelbatterien miteinander verbunden sind. So kann z.B. die Bordnetzbatterie belastet werden, ohne da\u00df&nbsp; gleichzeitig auch die Starterbatterie mit entladen wird.&nbsp; Durch die Nutzung moderner Shottky-Dioden wird dar\u00fcber hinaus der Spannungsverlust klein gehalten. Er&nbsp; betr\u00e4gt bei niedrigen Str\u00f6men ca. 0,3 V und beim Nennstrom [&hellip;]","og_url":"https:\/\/shop.bantam.ch\/de\/produkt\/batterietrenniode-phaesun-120-2ac-2-batterien-120a\/","og_site_name":"Bantam Camping AG","article_modified_time":"2026-04-17T21:38:20+00:00","twitter_card":"summary_large_image","twitter_misc":{"Gesch\u00e4tzte Lesezeit":"1\u00a0Minute"},"schema":{"@context":"https:\/\/schema.org","@graph":[{"@type":"WebPage","@id":"https:\/\/shop.bantam.ch\/de\/produkt\/batterietrenniode-phaesun-120-2ac-2-batterien-120a\/","url":"https:\/\/shop.bantam.ch\/de\/produkt\/batterietrenniode-phaesun-120-2ac-2-batterien-120a\/","name":"Batterietrenniode Phaesun 120-2AC, 2 Batterien 120A - Bantam Camping AG","isPartOf":{"@id":"https:\/\/shop.bantam.ch\/de\/#website"},"primaryImageOfPage":{"@id":"https:\/\/shop.bantam.ch\/de\/produkt\/batterietrenniode-phaesun-120-2ac-2-batterien-120a\/#primaryimage"},"image":{"@id":"https:\/\/shop.bantam.ch\/de\/produkt\/batterietrenniode-phaesun-120-2ac-2-batterien-120a\/#primaryimage"},"thumbnailUrl":"https:\/\/shop.bantam.ch\/wp-content\/uploads\/2025\/12\/Movera-L-9945343100.jpg","datePublished":"2025-12-17T13:45:58+00:00","dateModified":"2026-04-17T21:38:20+00:00","breadcrumb":{"@id":"https:\/\/shop.bantam.ch\/de\/produkt\/batterietrenniode-phaesun-120-2ac-2-batterien-120a\/#breadcrumb"},"inLanguage":"de","potentialAction":[{"@type":"ReadAction","target":["https:\/\/shop.bantam.ch\/de\/produkt\/batterietrenniode-phaesun-120-2ac-2-batterien-120a\/"]}]},{"@type":"ImageObject","inLanguage":"de","@id":"https:\/\/shop.bantam.ch\/de\/produkt\/batterietrenniode-phaesun-120-2ac-2-batterien-120a\/#primaryimage","url":"https:\/\/shop.bantam.ch\/wp-content\/uploads\/2025\/12\/Movera-L-9945343100.jpg","contentUrl":"https:\/\/shop.bantam.ch\/wp-content\/uploads\/2025\/12\/Movera-L-9945343100.jpg","width":624,"height":584},{"@type":"BreadcrumbList","@id":"https:\/\/shop.bantam.ch\/de\/produkt\/batterietrenniode-phaesun-120-2ac-2-batterien-120a\/#breadcrumb","itemListElement":[{"@type":"ListItem","position":1,"name":"Accueil","item":"https:\/\/shop.bantam.ch\/de\/"},{"@type":"ListItem","position":2,"name":"Shop","item":"https:\/\/shop.bantam.ch\/de\/shop\/"},{"@type":"ListItem","position":3,"name":"Batterietrenniode Phaesun 120-2AC, 2 Batterien 120A"}]},{"@type":"WebSite","@id":"https:\/\/shop.bantam.ch\/de\/#website","url":"https:\/\/shop.bantam.ch\/de\/","name":"Bantam Camping AG","description":"","publisher":{"@id":"https:\/\/shop.bantam.ch\/de\/#organization"},"inLanguage":"de"},{"@type":"Organization","@id":"https:\/\/shop.bantam.ch\/de\/#organization","name":"Bantam Camping AG","url":"https:\/\/shop.bantam.ch\/de\/","logo":{"@type":"ImageObject","inLanguage":"de","@id":"https:\/\/shop.bantam.ch\/de\/#\/schema\/logo\/image\/","url":"https:\/\/shop.bantam.ch\/wp-content\/uploads\/2022\/12\/bantam-logo.png","contentUrl":"https:\/\/shop.bantam.ch\/wp-content\/uploads\/2022\/12\/bantam-logo.png","width":320,"height":71,"caption":"Bantam Camping AG"},"image":{"@id":"https:\/\/shop.bantam.ch\/de\/#\/schema\/logo\/image\/"}}]}},"_links":{"self":[{"href":"https:\/\/shop.bantam.ch\/de\/wp-json\/wp\/v2\/product\/224417","targetHints":{"allow":["GET"]}}],"collection":[{"href":"https:\/\/shop.bantam.ch\/de\/wp-json\/wp\/v2\/product"}],"about":[{"href":"https:\/\/shop.bantam.ch\/de\/wp-json\/wp\/v2\/types\/product"}],"wp:featuredmedia":[{"embeddable":true,"href":"https:\/\/shop.bantam.ch\/de\/wp-json\/wp\/v2\/media\/224415"}],"wp:attachment":[{"href":"https:\/\/shop.bantam.ch\/de\/wp-json\/wp\/v2\/media?parent=224417"}],"wp:term":[{"taxonomy":"product_featured_cat","embeddable":true,"href":"https:\/\/shop.bantam.ch\/de\/wp-json\/wp\/v2\/product_featured_cat?post=224417"},{"taxonomy":"product_brand","embeddable":true,"href":"https:\/\/shop.bantam.ch\/de\/wp-json\/wp\/v2\/product_brand?post=224417"},{"taxonomy":"product_cat","embeddable":true,"href":"https:\/\/shop.bantam.ch\/de\/wp-json\/wp\/v2\/product_cat?post=224417"},{"taxonomy":"product_tag","embeddable":true,"href":"https:\/\/shop.bantam.ch\/de\/wp-json\/wp\/v2\/product_tag?post=224417"}],"curies":[{"name":"wp","href":"https:\/\/api.w.org\/{rel}","templated":true}]}}