{"id":224379,"date":"2025-12-17T14:44:56","date_gmt":"2025-12-17T13:44:56","guid":{"rendered":"https:\/\/shop.bantam.ch\/produit\/led-campinglaterne-campingaz-battery-guard-tm-600-lumen\/"},"modified":"2026-04-20T23:39:10","modified_gmt":"2026-04-20T21:39:10","slug":"led-campinglaterne-campingaz-battery-guard-tm-600-lumen","status":"publish","type":"product","link":"https:\/\/shop.bantam.ch\/de\/produkt\/led-campinglaterne-campingaz-battery-guard-tm-600-lumen\/","title":{"rendered":"LED Campinglaterne Campingaz Battery Guard TM 600 Lumen"},"content":{"rendered":"<p>Die BatteryGuard Lantern 600 L sorgt f\u00fcr ein angenehmes, helles Licht beim Zelten und ist ein treuer Begleiter auch f\u00fcr n\u00e4chtliche Aktivit\u00e4ten. Das bruchsichere 360\u00b0Polycarbonat Glas gibt Ihnen hierbei die n\u00f6tige Sicherheit und die runde Form der Laterne verhindert ungewollten Schattenwurf von st\u00f6renden Plastikteilen. Bestimmen Sie selbst, wie hell Sie ihre Umgebung erleuchten wollen, mit der anpassbaren Leuchtweite von 6 oder 12 Metern. Dank den Lifetime LEDs ist eine Lebensdauer von bis zu 40.000 Stunden m\u00f6glich. Die im An \u2013 und Ausschalter integrierte BatteryGuard Technologie verhindert zudem ein Auslaufen oder Energieverlust, sodass die BatteryGuard Lantern 600 L Sie auf zahlreichen Reisen begleiten und nicht im Stich lassen wird. Das Gewicht von nur 494 g und einem Packma\u00df von 12 x 22 cm erm\u00f6glicht dar\u00fcber hinaus einen m\u00fchelosen Transport.&nbsp;<\/p>\n","protected":false},"excerpt":{"rendered":"<p>Die BatteryGuard Lantern 600 L sorgt f\u00fcr ein angenehmes, helles Licht beim Zelten und ist ein treuer Begleiter auch f\u00fcr n\u00e4chtliche Aktivit\u00e4ten. Das bruchsichere 360\u00b0Polycarbonat Glas gibt Ihnen hierbei die n\u00f6tige Sicherheit und die runde Form der Laterne verhindert ungewollten Schattenwurf von st\u00f6renden Plastikteilen. Bestimmen Sie selbst, wie hell Sie ihre Umgebung erleuchten wollen, mit [&hellip;]<\/p>\n","protected":false},"featured_media":224373,"template":"","meta":{"_acf_changed":false},"product_featured_cat":[],"product_brand":[],"product_cat":[4362],"product_tag":[],"class_list":{"0":"post-224379","1":"product","2":"type-product","3":"status-publish","4":"has-post-thumbnail","6":"product_cat-batterie-akkulampen","8":"first","9":"instock","10":"taxable","11":"shipping-taxable","12":"purchasable","13":"product-type-simple"},"acf":[],"yoast_head":"<!-- This site is optimized with the Yoast SEO plugin v27.4 - https:\/\/yoast.com\/product\/yoast-seo-wordpress\/ -->\n<title>LED Campinglaterne Campingaz Battery Guard TM 600 Lumen - Bantam Camping AG<\/title>\n<meta name=\"robots\" content=\"index, follow, max-snippet:-1, max-image-preview:large, max-video-preview:-1\" \/>\n<link rel=\"canonical\" href=\"https:\/\/shop.bantam.ch\/de\/produkt\/led-campinglaterne-campingaz-battery-guard-tm-600-lumen\/\" \/>\n<meta property=\"og:locale\" content=\"de_DE\" \/>\n<meta property=\"og:type\" content=\"article\" \/>\n<meta property=\"og:title\" content=\"LED Campinglaterne Campingaz Battery Guard TM 600 Lumen - Bantam Camping AG\" \/>\n<meta property=\"og:description\" content=\"Die BatteryGuard Lantern 600 L sorgt f\u00fcr ein angenehmes, helles Licht beim Zelten und ist ein treuer Begleiter auch f\u00fcr n\u00e4chtliche Aktivit\u00e4ten. Das bruchsichere 360\u00b0Polycarbonat Glas gibt Ihnen hierbei die n\u00f6tige Sicherheit und die runde Form der Laterne verhindert ungewollten Schattenwurf von st\u00f6renden Plastikteilen. Bestimmen Sie selbst, wie hell Sie ihre Umgebung erleuchten wollen, mit [&hellip;]\" \/>\n<meta property=\"og:url\" content=\"https:\/\/shop.bantam.ch\/de\/produkt\/led-campinglaterne-campingaz-battery-guard-tm-600-lumen\/\" \/>\n<meta property=\"og:site_name\" content=\"Bantam Camping AG\" \/>\n<meta property=\"article:modified_time\" content=\"2026-04-20T21:39:10+00:00\" \/>\n<meta name=\"twitter:card\" content=\"summary_large_image\" \/>\n<meta name=\"twitter:label1\" content=\"Gesch\u00e4tzte Lesezeit\" \/>\n\t<meta name=\"twitter:data1\" content=\"1\u00a0Minute\" \/>\n<script type=\"application\/ld+json\" class=\"yoast-schema-graph\">{\"@context\":\"https:\\\/\\\/schema.org\",\"@graph\":[{\"@type\":\"WebPage\",\"@id\":\"https:\\\/\\\/shop.bantam.ch\\\/de\\\/produkt\\\/led-campinglaterne-campingaz-battery-guard-tm-600-lumen\\\/\",\"url\":\"https:\\\/\\\/shop.bantam.ch\\\/de\\\/produkt\\\/led-campinglaterne-campingaz-battery-guard-tm-600-lumen\\\/\",\"name\":\"LED Campinglaterne Campingaz Battery Guard TM 600 Lumen - Bantam Camping AG\",\"isPartOf\":{\"@id\":\"https:\\\/\\\/shop.bantam.ch\\\/de\\\/#website\"},\"primaryImageOfPage\":{\"@id\":\"https:\\\/\\\/shop.bantam.ch\\\/de\\\/produkt\\\/led-campinglaterne-campingaz-battery-guard-tm-600-lumen\\\/#primaryimage\"},\"image\":{\"@id\":\"https:\\\/\\\/shop.bantam.ch\\\/de\\\/produkt\\\/led-campinglaterne-campingaz-battery-guard-tm-600-lumen\\\/#primaryimage\"},\"thumbnailUrl\":\"https:\\\/\\\/shop.bantam.ch\\\/wp-content\\\/uploads\\\/2025\\\/12\\\/Movera-L-9945242100.jpg\",\"datePublished\":\"2025-12-17T13:44:56+00:00\",\"dateModified\":\"2026-04-20T21:39:10+00:00\",\"breadcrumb\":{\"@id\":\"https:\\\/\\\/shop.bantam.ch\\\/de\\\/produkt\\\/led-campinglaterne-campingaz-battery-guard-tm-600-lumen\\\/#breadcrumb\"},\"inLanguage\":\"de\",\"potentialAction\":[{\"@type\":\"ReadAction\",\"target\":[\"https:\\\/\\\/shop.bantam.ch\\\/de\\\/produkt\\\/led-campinglaterne-campingaz-battery-guard-tm-600-lumen\\\/\"]}]},{\"@type\":\"ImageObject\",\"inLanguage\":\"de\",\"@id\":\"https:\\\/\\\/shop.bantam.ch\\\/de\\\/produkt\\\/led-campinglaterne-campingaz-battery-guard-tm-600-lumen\\\/#primaryimage\",\"url\":\"https:\\\/\\\/shop.bantam.ch\\\/wp-content\\\/uploads\\\/2025\\\/12\\\/Movera-L-9945242100.jpg\",\"contentUrl\":\"https:\\\/\\\/shop.bantam.ch\\\/wp-content\\\/uploads\\\/2025\\\/12\\\/Movera-L-9945242100.jpg\",\"width\":640,\"height\":1373},{\"@type\":\"BreadcrumbList\",\"@id\":\"https:\\\/\\\/shop.bantam.ch\\\/de\\\/produkt\\\/led-campinglaterne-campingaz-battery-guard-tm-600-lumen\\\/#breadcrumb\",\"itemListElement\":[{\"@type\":\"ListItem\",\"position\":1,\"name\":\"Accueil\",\"item\":\"https:\\\/\\\/shop.bantam.ch\\\/de\\\/\"},{\"@type\":\"ListItem\",\"position\":2,\"name\":\"Shop\",\"item\":\"https:\\\/\\\/shop.bantam.ch\\\/de\\\/shop\\\/\"},{\"@type\":\"ListItem\",\"position\":3,\"name\":\"LED Campinglaterne Campingaz Battery Guard TM 600 Lumen\"}]},{\"@type\":\"WebSite\",\"@id\":\"https:\\\/\\\/shop.bantam.ch\\\/de\\\/#website\",\"url\":\"https:\\\/\\\/shop.bantam.ch\\\/de\\\/\",\"name\":\"Bantam Camping AG\",\"description\":\"\",\"publisher\":{\"@id\":\"https:\\\/\\\/shop.bantam.ch\\\/de\\\/#organization\"},\"inLanguage\":\"de\"},{\"@type\":\"Organization\",\"@id\":\"https:\\\/\\\/shop.bantam.ch\\\/de\\\/#organization\",\"name\":\"Bantam Camping AG\",\"url\":\"https:\\\/\\\/shop.bantam.ch\\\/de\\\/\",\"logo\":{\"@type\":\"ImageObject\",\"inLanguage\":\"de\",\"@id\":\"https:\\\/\\\/shop.bantam.ch\\\/de\\\/#\\\/schema\\\/logo\\\/image\\\/\",\"url\":\"https:\\\/\\\/shop.bantam.ch\\\/wp-content\\\/uploads\\\/2022\\\/12\\\/bantam-logo.png\",\"contentUrl\":\"https:\\\/\\\/shop.bantam.ch\\\/wp-content\\\/uploads\\\/2022\\\/12\\\/bantam-logo.png\",\"width\":320,\"height\":71,\"caption\":\"Bantam Camping AG\"},\"image\":{\"@id\":\"https:\\\/\\\/shop.bantam.ch\\\/de\\\/#\\\/schema\\\/logo\\\/image\\\/\"}}]}<\/script>\n<!-- \/ Yoast SEO plugin. -->","yoast_head_json":{"title":"LED Campinglaterne Campingaz Battery Guard TM 600 Lumen - Bantam Camping AG","robots":{"index":"index","follow":"follow","max-snippet":"max-snippet:-1","max-image-preview":"max-image-preview:large","max-video-preview":"max-video-preview:-1"},"canonical":"https:\/\/shop.bantam.ch\/de\/produkt\/led-campinglaterne-campingaz-battery-guard-tm-600-lumen\/","og_locale":"de_DE","og_type":"article","og_title":"LED Campinglaterne Campingaz Battery Guard TM 600 Lumen - Bantam Camping AG","og_description":"Die BatteryGuard Lantern 600 L sorgt f\u00fcr ein angenehmes, helles Licht beim Zelten und ist ein treuer Begleiter auch f\u00fcr n\u00e4chtliche Aktivit\u00e4ten. Das bruchsichere 360\u00b0Polycarbonat Glas gibt Ihnen hierbei die n\u00f6tige Sicherheit und die runde Form der Laterne verhindert ungewollten Schattenwurf von st\u00f6renden Plastikteilen. Bestimmen Sie selbst, wie hell Sie ihre Umgebung erleuchten wollen, mit [&hellip;]","og_url":"https:\/\/shop.bantam.ch\/de\/produkt\/led-campinglaterne-campingaz-battery-guard-tm-600-lumen\/","og_site_name":"Bantam Camping AG","article_modified_time":"2026-04-20T21:39:10+00:00","twitter_card":"summary_large_image","twitter_misc":{"Gesch\u00e4tzte Lesezeit":"1\u00a0Minute"},"schema":{"@context":"https:\/\/schema.org","@graph":[{"@type":"WebPage","@id":"https:\/\/shop.bantam.ch\/de\/produkt\/led-campinglaterne-campingaz-battery-guard-tm-600-lumen\/","url":"https:\/\/shop.bantam.ch\/de\/produkt\/led-campinglaterne-campingaz-battery-guard-tm-600-lumen\/","name":"LED Campinglaterne Campingaz Battery Guard TM 600 Lumen - Bantam Camping AG","isPartOf":{"@id":"https:\/\/shop.bantam.ch\/de\/#website"},"primaryImageOfPage":{"@id":"https:\/\/shop.bantam.ch\/de\/produkt\/led-campinglaterne-campingaz-battery-guard-tm-600-lumen\/#primaryimage"},"image":{"@id":"https:\/\/shop.bantam.ch\/de\/produkt\/led-campinglaterne-campingaz-battery-guard-tm-600-lumen\/#primaryimage"},"thumbnailUrl":"https:\/\/shop.bantam.ch\/wp-content\/uploads\/2025\/12\/Movera-L-9945242100.jpg","datePublished":"2025-12-17T13:44:56+00:00","dateModified":"2026-04-20T21:39:10+00:00","breadcrumb":{"@id":"https:\/\/shop.bantam.ch\/de\/produkt\/led-campinglaterne-campingaz-battery-guard-tm-600-lumen\/#breadcrumb"},"inLanguage":"de","potentialAction":[{"@type":"ReadAction","target":["https:\/\/shop.bantam.ch\/de\/produkt\/led-campinglaterne-campingaz-battery-guard-tm-600-lumen\/"]}]},{"@type":"ImageObject","inLanguage":"de","@id":"https:\/\/shop.bantam.ch\/de\/produkt\/led-campinglaterne-campingaz-battery-guard-tm-600-lumen\/#primaryimage","url":"https:\/\/shop.bantam.ch\/wp-content\/uploads\/2025\/12\/Movera-L-9945242100.jpg","contentUrl":"https:\/\/shop.bantam.ch\/wp-content\/uploads\/2025\/12\/Movera-L-9945242100.jpg","width":640,"height":1373},{"@type":"BreadcrumbList","@id":"https:\/\/shop.bantam.ch\/de\/produkt\/led-campinglaterne-campingaz-battery-guard-tm-600-lumen\/#breadcrumb","itemListElement":[{"@type":"ListItem","position":1,"name":"Accueil","item":"https:\/\/shop.bantam.ch\/de\/"},{"@type":"ListItem","position":2,"name":"Shop","item":"https:\/\/shop.bantam.ch\/de\/shop\/"},{"@type":"ListItem","position":3,"name":"LED Campinglaterne Campingaz Battery Guard TM 600 Lumen"}]},{"@type":"WebSite","@id":"https:\/\/shop.bantam.ch\/de\/#website","url":"https:\/\/shop.bantam.ch\/de\/","name":"Bantam Camping AG","description":"","publisher":{"@id":"https:\/\/shop.bantam.ch\/de\/#organization"},"inLanguage":"de"},{"@type":"Organization","@id":"https:\/\/shop.bantam.ch\/de\/#organization","name":"Bantam Camping AG","url":"https:\/\/shop.bantam.ch\/de\/","logo":{"@type":"ImageObject","inLanguage":"de","@id":"https:\/\/shop.bantam.ch\/de\/#\/schema\/logo\/image\/","url":"https:\/\/shop.bantam.ch\/wp-content\/uploads\/2022\/12\/bantam-logo.png","contentUrl":"https:\/\/shop.bantam.ch\/wp-content\/uploads\/2022\/12\/bantam-logo.png","width":320,"height":71,"caption":"Bantam Camping AG"},"image":{"@id":"https:\/\/shop.bantam.ch\/de\/#\/schema\/logo\/image\/"}}]}},"_links":{"self":[{"href":"https:\/\/shop.bantam.ch\/de\/wp-json\/wp\/v2\/product\/224379","targetHints":{"allow":["GET"]}}],"collection":[{"href":"https:\/\/shop.bantam.ch\/de\/wp-json\/wp\/v2\/product"}],"about":[{"href":"https:\/\/shop.bantam.ch\/de\/wp-json\/wp\/v2\/types\/product"}],"wp:featuredmedia":[{"embeddable":true,"href":"https:\/\/shop.bantam.ch\/de\/wp-json\/wp\/v2\/media\/224373"}],"wp:attachment":[{"href":"https:\/\/shop.bantam.ch\/de\/wp-json\/wp\/v2\/media?parent=224379"}],"wp:term":[{"taxonomy":"product_featured_cat","embeddable":true,"href":"https:\/\/shop.bantam.ch\/de\/wp-json\/wp\/v2\/product_featured_cat?post=224379"},{"taxonomy":"product_brand","embeddable":true,"href":"https:\/\/shop.bantam.ch\/de\/wp-json\/wp\/v2\/product_brand?post=224379"},{"taxonomy":"product_cat","embeddable":true,"href":"https:\/\/shop.bantam.ch\/de\/wp-json\/wp\/v2\/product_cat?post=224379"},{"taxonomy":"product_tag","embeddable":true,"href":"https:\/\/shop.bantam.ch\/de\/wp-json\/wp\/v2\/product_tag?post=224379"}],"curies":[{"name":"wp","href":"https:\/\/api.w.org\/{rel}","templated":true}]}}