{"id":224273,"date":"2025-12-17T14:40:32","date_gmt":"2025-12-17T13:40:32","guid":{"rendered":"https:\/\/shop.bantam.ch\/produit\/agm-batterie-banner-80ah-12v\/"},"modified":"2026-04-17T23:37:43","modified_gmt":"2026-04-17T21:37:43","slug":"agm-batterie-banner-80ah-12v","status":"publish","type":"product","link":"https:\/\/shop.bantam.ch\/de\/produkt\/agm-batterie-banner-80ah-12v\/","title":{"rendered":"AGM Batterie Banner 80Ah \/ 12V"},"content":{"rendered":"<p>Die Running Bull von Banner, eine Hochleistungs-AGM-Batterie f\u00fcr Start-Stop-Technologien und Fahrzeuge mit h\u00f6chsten Anforderungen. Diese absolut zuverl\u00e4ssige und zyklenfeste AGM-Batterie mit starkem Preis-Leistungsverh\u00e4ltnis. Geeignet f\u00fcr den t\u00e4glichen Versorgungs- und Startereinsatz in hochwertigen Fahrzeugen mit umfangreicher Sonderausstattung und Fahrzeugen mit Start-Stop Technologie.&nbsp;Bei der v\u00f6llig wartungsfreien Running Bull handelt es sich um eine sogenannte AGM-Batterie oder auch &#8222;VRLA&#8220;-oder &#8222;Vliesbatterie&#8220; der neuesten Bauart. Die Batterie kann durch ihren hohen Startstrom sowohl als Starterbatterie und durch ihre AGM-Technik aber auch als Bordnetzbatterie verwendet werden. Gleichzeitig kann sie sowohl liegend als auch stehend verbaut werden, ein Auslaufen ist unm\u00f6glich. Durch die VRLA-\u00dcberdrucksteuerung ist ein bedenkenloser Betrieb unabh\u00e4ngig von der Einbaulage sicher.<\/p>\n<p>Eigenschaften:<\/p>\n<ul>\n<li>Ventilregulierte Vliesbatterie (VRLA)<\/li>\n<li>Angebot von 6 Typen von 50 Ah bis 105 Ah Kapazit\u00e4t<\/li>\n<li>Bis zu 360.000 Motorstarts<\/li>\n<li>Doppelte Zyklenfestigkeit im Vergleich zur Langzeitentladebatterie Energy Bull: h\u00f6chste Einstufung M3 gem\u00e4\u00df EN 50342-1<\/li>\n<li>Dreifache Zyklenfestigkeit im Vergleich zu herk\u00f6mmlichen Starterbatterien: h\u00f6chste Einstufung M3 gem\u00e4\u00df EN 50342-1<\/li>\n<li>Auslaufsicher dank im Glasvlies gebundenem Elektrolyt (Absorbent Glass Mat)<\/li>\n<li>Absolut wartungsfrei dank Rekombinationstechnik<\/li>\n<li>H\u00f6chste R\u00fcttelfestigkeit V3 gem\u00e4\u00df EN 50342-1<\/li>\n<li>H\u00f6chste Startleistung dank sehr niedrigem Innenwiderstand<\/li>\n<li>Einbau in Seitenlage m\u00f6glich (max. 90\u00b0 Neigungswinkel)<\/li>\n<li>Flexibler Einsatz als Starter- und Bordnetzbatterie<\/li>\n<\/ul>\n","protected":false},"excerpt":{"rendered":"<p>Die Running Bull von Banner, eine Hochleistungs-AGM-Batterie f\u00fcr Start-Stop-Technologien und Fahrzeuge mit h\u00f6chsten Anforderungen. Diese absolut zuverl\u00e4ssige und zyklenfeste AGM-Batterie mit starkem Preis-Leistungsverh\u00e4ltnis. Geeignet f\u00fcr den t\u00e4glichen Versorgungs- und Startereinsatz in hochwertigen Fahrzeugen mit umfangreicher Sonderausstattung und Fahrzeugen mit Start-Stop Technologie.&nbsp;Bei der v\u00f6llig wartungsfreien Running Bull handelt es sich um eine sogenannte AGM-Batterie oder auch [&hellip;]<\/p>\n","protected":false},"featured_media":224271,"template":"","meta":{"_acf_changed":false},"product_featured_cat":[],"product_brand":[],"product_cat":[4904],"product_tag":[],"class_list":{"0":"post-224273","1":"product","2":"type-product","3":"status-publish","4":"has-post-thumbnail","6":"product_cat-bordbatterien","8":"first","9":"instock","10":"taxable","11":"shipping-taxable","12":"purchasable","13":"product-type-simple"},"acf":[],"yoast_head":"<!-- This site is optimized with the Yoast SEO plugin v27.4 - https:\/\/yoast.com\/product\/yoast-seo-wordpress\/ -->\n<title>AGM Batterie Banner 80Ah \/ 12V - Bantam Camping AG<\/title>\n<meta name=\"robots\" content=\"index, follow, max-snippet:-1, max-image-preview:large, max-video-preview:-1\" \/>\n<link rel=\"canonical\" href=\"https:\/\/shop.bantam.ch\/de\/produkt\/agm-batterie-banner-80ah-12v\/\" \/>\n<meta property=\"og:locale\" content=\"de_DE\" \/>\n<meta property=\"og:type\" content=\"article\" \/>\n<meta property=\"og:title\" content=\"AGM Batterie Banner 80Ah \/ 12V - Bantam Camping AG\" \/>\n<meta property=\"og:description\" content=\"Die Running Bull von Banner, eine Hochleistungs-AGM-Batterie f\u00fcr Start-Stop-Technologien und Fahrzeuge mit h\u00f6chsten Anforderungen. Diese absolut zuverl\u00e4ssige und zyklenfeste AGM-Batterie mit starkem Preis-Leistungsverh\u00e4ltnis. Geeignet f\u00fcr den t\u00e4glichen Versorgungs- und Startereinsatz in hochwertigen Fahrzeugen mit umfangreicher Sonderausstattung und Fahrzeugen mit Start-Stop Technologie.&nbsp;Bei der v\u00f6llig wartungsfreien Running Bull handelt es sich um eine sogenannte AGM-Batterie oder auch [&hellip;]\" \/>\n<meta property=\"og:url\" content=\"https:\/\/shop.bantam.ch\/de\/produkt\/agm-batterie-banner-80ah-12v\/\" \/>\n<meta property=\"og:site_name\" content=\"Bantam Camping AG\" \/>\n<meta property=\"article:modified_time\" content=\"2026-04-17T21:37:43+00:00\" \/>\n<meta name=\"twitter:card\" content=\"summary_large_image\" \/>\n<meta name=\"twitter:label1\" content=\"Gesch\u00e4tzte Lesezeit\" \/>\n\t<meta name=\"twitter:data1\" content=\"1\u00a0Minute\" \/>\n<script type=\"application\/ld+json\" class=\"yoast-schema-graph\">{\"@context\":\"https:\\\/\\\/schema.org\",\"@graph\":[{\"@type\":\"WebPage\",\"@id\":\"https:\\\/\\\/shop.bantam.ch\\\/de\\\/produkt\\\/agm-batterie-banner-80ah-12v\\\/\",\"url\":\"https:\\\/\\\/shop.bantam.ch\\\/de\\\/produkt\\\/agm-batterie-banner-80ah-12v\\\/\",\"name\":\"AGM Batterie Banner 80Ah \\\/ 12V - Bantam Camping AG\",\"isPartOf\":{\"@id\":\"https:\\\/\\\/shop.bantam.ch\\\/de\\\/#website\"},\"primaryImageOfPage\":{\"@id\":\"https:\\\/\\\/shop.bantam.ch\\\/de\\\/produkt\\\/agm-batterie-banner-80ah-12v\\\/#primaryimage\"},\"image\":{\"@id\":\"https:\\\/\\\/shop.bantam.ch\\\/de\\\/produkt\\\/agm-batterie-banner-80ah-12v\\\/#primaryimage\"},\"thumbnailUrl\":\"https:\\\/\\\/shop.bantam.ch\\\/wp-content\\\/uploads\\\/2025\\\/12\\\/Movera-L-9944845100.jpg\",\"datePublished\":\"2025-12-17T13:40:32+00:00\",\"dateModified\":\"2026-04-17T21:37:43+00:00\",\"breadcrumb\":{\"@id\":\"https:\\\/\\\/shop.bantam.ch\\\/de\\\/produkt\\\/agm-batterie-banner-80ah-12v\\\/#breadcrumb\"},\"inLanguage\":\"de\",\"potentialAction\":[{\"@type\":\"ReadAction\",\"target\":[\"https:\\\/\\\/shop.bantam.ch\\\/de\\\/produkt\\\/agm-batterie-banner-80ah-12v\\\/\"]}]},{\"@type\":\"ImageObject\",\"inLanguage\":\"de\",\"@id\":\"https:\\\/\\\/shop.bantam.ch\\\/de\\\/produkt\\\/agm-batterie-banner-80ah-12v\\\/#primaryimage\",\"url\":\"https:\\\/\\\/shop.bantam.ch\\\/wp-content\\\/uploads\\\/2025\\\/12\\\/Movera-L-9944845100.jpg\",\"contentUrl\":\"https:\\\/\\\/shop.bantam.ch\\\/wp-content\\\/uploads\\\/2025\\\/12\\\/Movera-L-9944845100.jpg\",\"width\":640,\"height\":640},{\"@type\":\"BreadcrumbList\",\"@id\":\"https:\\\/\\\/shop.bantam.ch\\\/de\\\/produkt\\\/agm-batterie-banner-80ah-12v\\\/#breadcrumb\",\"itemListElement\":[{\"@type\":\"ListItem\",\"position\":1,\"name\":\"Accueil\",\"item\":\"https:\\\/\\\/shop.bantam.ch\\\/de\\\/\"},{\"@type\":\"ListItem\",\"position\":2,\"name\":\"Shop\",\"item\":\"https:\\\/\\\/shop.bantam.ch\\\/de\\\/shop\\\/\"},{\"@type\":\"ListItem\",\"position\":3,\"name\":\"AGM Batterie Banner 80Ah \\\/ 12V\"}]},{\"@type\":\"WebSite\",\"@id\":\"https:\\\/\\\/shop.bantam.ch\\\/de\\\/#website\",\"url\":\"https:\\\/\\\/shop.bantam.ch\\\/de\\\/\",\"name\":\"Bantam Camping AG\",\"description\":\"\",\"publisher\":{\"@id\":\"https:\\\/\\\/shop.bantam.ch\\\/de\\\/#organization\"},\"inLanguage\":\"de\"},{\"@type\":\"Organization\",\"@id\":\"https:\\\/\\\/shop.bantam.ch\\\/de\\\/#organization\",\"name\":\"Bantam Camping AG\",\"url\":\"https:\\\/\\\/shop.bantam.ch\\\/de\\\/\",\"logo\":{\"@type\":\"ImageObject\",\"inLanguage\":\"de\",\"@id\":\"https:\\\/\\\/shop.bantam.ch\\\/de\\\/#\\\/schema\\\/logo\\\/image\\\/\",\"url\":\"https:\\\/\\\/shop.bantam.ch\\\/wp-content\\\/uploads\\\/2022\\\/12\\\/bantam-logo.png\",\"contentUrl\":\"https:\\\/\\\/shop.bantam.ch\\\/wp-content\\\/uploads\\\/2022\\\/12\\\/bantam-logo.png\",\"width\":320,\"height\":71,\"caption\":\"Bantam Camping AG\"},\"image\":{\"@id\":\"https:\\\/\\\/shop.bantam.ch\\\/de\\\/#\\\/schema\\\/logo\\\/image\\\/\"}}]}<\/script>\n<!-- \/ Yoast SEO plugin. -->","yoast_head_json":{"title":"AGM Batterie Banner 80Ah \/ 12V - Bantam Camping AG","robots":{"index":"index","follow":"follow","max-snippet":"max-snippet:-1","max-image-preview":"max-image-preview:large","max-video-preview":"max-video-preview:-1"},"canonical":"https:\/\/shop.bantam.ch\/de\/produkt\/agm-batterie-banner-80ah-12v\/","og_locale":"de_DE","og_type":"article","og_title":"AGM Batterie Banner 80Ah \/ 12V - Bantam Camping AG","og_description":"Die Running Bull von Banner, eine Hochleistungs-AGM-Batterie f\u00fcr Start-Stop-Technologien und Fahrzeuge mit h\u00f6chsten Anforderungen. Diese absolut zuverl\u00e4ssige und zyklenfeste AGM-Batterie mit starkem Preis-Leistungsverh\u00e4ltnis. Geeignet f\u00fcr den t\u00e4glichen Versorgungs- und Startereinsatz in hochwertigen Fahrzeugen mit umfangreicher Sonderausstattung und Fahrzeugen mit Start-Stop Technologie.&nbsp;Bei der v\u00f6llig wartungsfreien Running Bull handelt es sich um eine sogenannte AGM-Batterie oder auch [&hellip;]","og_url":"https:\/\/shop.bantam.ch\/de\/produkt\/agm-batterie-banner-80ah-12v\/","og_site_name":"Bantam Camping AG","article_modified_time":"2026-04-17T21:37:43+00:00","twitter_card":"summary_large_image","twitter_misc":{"Gesch\u00e4tzte Lesezeit":"1\u00a0Minute"},"schema":{"@context":"https:\/\/schema.org","@graph":[{"@type":"WebPage","@id":"https:\/\/shop.bantam.ch\/de\/produkt\/agm-batterie-banner-80ah-12v\/","url":"https:\/\/shop.bantam.ch\/de\/produkt\/agm-batterie-banner-80ah-12v\/","name":"AGM Batterie Banner 80Ah \/ 12V - Bantam Camping AG","isPartOf":{"@id":"https:\/\/shop.bantam.ch\/de\/#website"},"primaryImageOfPage":{"@id":"https:\/\/shop.bantam.ch\/de\/produkt\/agm-batterie-banner-80ah-12v\/#primaryimage"},"image":{"@id":"https:\/\/shop.bantam.ch\/de\/produkt\/agm-batterie-banner-80ah-12v\/#primaryimage"},"thumbnailUrl":"https:\/\/shop.bantam.ch\/wp-content\/uploads\/2025\/12\/Movera-L-9944845100.jpg","datePublished":"2025-12-17T13:40:32+00:00","dateModified":"2026-04-17T21:37:43+00:00","breadcrumb":{"@id":"https:\/\/shop.bantam.ch\/de\/produkt\/agm-batterie-banner-80ah-12v\/#breadcrumb"},"inLanguage":"de","potentialAction":[{"@type":"ReadAction","target":["https:\/\/shop.bantam.ch\/de\/produkt\/agm-batterie-banner-80ah-12v\/"]}]},{"@type":"ImageObject","inLanguage":"de","@id":"https:\/\/shop.bantam.ch\/de\/produkt\/agm-batterie-banner-80ah-12v\/#primaryimage","url":"https:\/\/shop.bantam.ch\/wp-content\/uploads\/2025\/12\/Movera-L-9944845100.jpg","contentUrl":"https:\/\/shop.bantam.ch\/wp-content\/uploads\/2025\/12\/Movera-L-9944845100.jpg","width":640,"height":640},{"@type":"BreadcrumbList","@id":"https:\/\/shop.bantam.ch\/de\/produkt\/agm-batterie-banner-80ah-12v\/#breadcrumb","itemListElement":[{"@type":"ListItem","position":1,"name":"Accueil","item":"https:\/\/shop.bantam.ch\/de\/"},{"@type":"ListItem","position":2,"name":"Shop","item":"https:\/\/shop.bantam.ch\/de\/shop\/"},{"@type":"ListItem","position":3,"name":"AGM Batterie Banner 80Ah \/ 12V"}]},{"@type":"WebSite","@id":"https:\/\/shop.bantam.ch\/de\/#website","url":"https:\/\/shop.bantam.ch\/de\/","name":"Bantam Camping AG","description":"","publisher":{"@id":"https:\/\/shop.bantam.ch\/de\/#organization"},"inLanguage":"de"},{"@type":"Organization","@id":"https:\/\/shop.bantam.ch\/de\/#organization","name":"Bantam Camping AG","url":"https:\/\/shop.bantam.ch\/de\/","logo":{"@type":"ImageObject","inLanguage":"de","@id":"https:\/\/shop.bantam.ch\/de\/#\/schema\/logo\/image\/","url":"https:\/\/shop.bantam.ch\/wp-content\/uploads\/2022\/12\/bantam-logo.png","contentUrl":"https:\/\/shop.bantam.ch\/wp-content\/uploads\/2022\/12\/bantam-logo.png","width":320,"height":71,"caption":"Bantam Camping AG"},"image":{"@id":"https:\/\/shop.bantam.ch\/de\/#\/schema\/logo\/image\/"}}]}},"_links":{"self":[{"href":"https:\/\/shop.bantam.ch\/de\/wp-json\/wp\/v2\/product\/224273","targetHints":{"allow":["GET"]}}],"collection":[{"href":"https:\/\/shop.bantam.ch\/de\/wp-json\/wp\/v2\/product"}],"about":[{"href":"https:\/\/shop.bantam.ch\/de\/wp-json\/wp\/v2\/types\/product"}],"wp:featuredmedia":[{"embeddable":true,"href":"https:\/\/shop.bantam.ch\/de\/wp-json\/wp\/v2\/media\/224271"}],"wp:attachment":[{"href":"https:\/\/shop.bantam.ch\/de\/wp-json\/wp\/v2\/media?parent=224273"}],"wp:term":[{"taxonomy":"product_featured_cat","embeddable":true,"href":"https:\/\/shop.bantam.ch\/de\/wp-json\/wp\/v2\/product_featured_cat?post=224273"},{"taxonomy":"product_brand","embeddable":true,"href":"https:\/\/shop.bantam.ch\/de\/wp-json\/wp\/v2\/product_brand?post=224273"},{"taxonomy":"product_cat","embeddable":true,"href":"https:\/\/shop.bantam.ch\/de\/wp-json\/wp\/v2\/product_cat?post=224273"},{"taxonomy":"product_tag","embeddable":true,"href":"https:\/\/shop.bantam.ch\/de\/wp-json\/wp\/v2\/product_tag?post=224273"}],"curies":[{"name":"wp","href":"https:\/\/api.w.org\/{rel}","templated":true}]}}