{"id":224236,"date":"2025-12-17T14:39:13","date_gmt":"2025-12-17T13:39:13","guid":{"rendered":"https:\/\/shop.bantam.ch\/produit\/kuehlbox-eco-m\/"},"modified":"2026-04-20T02:22:29","modified_gmt":"2026-04-20T00:22:29","slug":"kuehlbox-eco-m","status":"publish","type":"product","link":"https:\/\/shop.bantam.ch\/de\/produkt\/kuehlbox-eco-m\/","title":{"rendered":"K\u00fchlbox Eco+ M"},"content":{"rendered":"<p>QOOL Box Eco+ &#8211; Das nachhaltige Thermo-Wunder!<br \/>\nTagelang stromlos unterwegs sein &#8211; mit der QOOL Box Eco+ kein Problem. Als passive K\u00fchlbox ist sie ein zuverl\u00e4ssiger Begleiter bei jedem Outdoor Abenteuer. Durch ihre Hightech Isolierung aus Vakuumisolationspaneelen in allen Seiten, Boden und Deckel sowie die innovative K\u00fchltechnik der QOOL Temperature Elements ist eine K\u00fchlzeit bis zu 10 Tage m\u00f6glich &#8211; ohne Stromversorgung, in jeder Klimazone, auf der ganzen Welt. Die QOOL Box Eco+ ist eine nachhaltige Sonderedition: Das \u00e0u\u00dfere besteht aus Recyclingmaterial. Alle Komponenten der QOOL Box Eco+ sind, genau wie die Originalversion, recycelbar und werden umweltfreundlich in Deutschland mit Lieferanten aus der Region hergestellt.<\/p>\n<p>QOOL Box Temperature Elements<br \/>\nDie QOOL Box Temperature Elements enthalten sogenanntes Phase Change Material und k\u00f6nnen Energie bei einer bestimmten Temperatur aufnehmen bzw. abgeben. Je nachdem welcher Temperaturbereich f\u00fcr die zu k\u00fchlenden Lebensmittel ben\u00f6tigt wird, kann zwischen verschiedenen QOOL Temperature Elements ausgew\u00e4hlt werden.<\/p>\n<p>Verf\u00fcgbare Temperaturbereiche<br \/>\nFrozen (-20\u00b0C bis -10\u00b0C) ist f\u00fcr den Transport aller tiefgek\u00fchlten Lebensmittel und perfekt f\u00fcr Speiseeis geeignet.<br \/>\nCool (-2\u00b0C bis +2\u00b0C) eignet sich optimal f\u00fcr den Transport von besonders sensiblem K\u00fchlgut wie z.B. frischen Fisch, Fleisch.<br \/>\nFresh (+2\u00b0C bis +8\u00b0C) ist f\u00fcr die meisten Getr\u00e4nke und verderblichen Lebensmittel aus dem K\u00fchlschrank &#8211; aber auch temperatursensible Medikamente geeignet.<\/p>\n<p>Alles auf einen Blick:<\/p>\n<ul>\n<li>Funktioniert ohne Strom<\/li>\n<li>H\u00e4lt die Temperatur bis zu 10 Tage konstant<\/li>\n<li>Alle Komponenten sind recyclebar<\/li>\n<li>\u00e4u\u00dferes besteht aus&nbsp;recyceltem Material<\/li>\n<li>Made in Germany<\/li>\n<\/ul>\n<p>Das praktische QOOL-Bundle, bestehend aus einer Box und einem Set passender Temperature Elements, ist der ideale Einstieg in die Welt der vakuumbasierten K\u00fchlung.<\/p>\n","protected":false},"excerpt":{"rendered":"<p>QOOL Box Eco+ &#8211; Das nachhaltige Thermo-Wunder! Tagelang stromlos unterwegs sein &#8211; mit der QOOL Box Eco+ kein Problem. Als passive K\u00fchlbox ist sie ein zuverl\u00e4ssiger Begleiter bei jedem Outdoor Abenteuer. Durch ihre Hightech Isolierung aus Vakuumisolationspaneelen in allen Seiten, Boden und Deckel sowie die innovative K\u00fchltechnik der QOOL Temperature Elements ist eine K\u00fchlzeit bis [&hellip;]<\/p>\n","protected":false},"featured_media":224223,"template":"","meta":{"_acf_changed":false},"product_featured_cat":[],"product_brand":[],"product_cat":[4086],"product_tag":[],"class_list":{"0":"post-224236","1":"product","2":"type-product","3":"status-publish","4":"has-post-thumbnail","6":"product_cat-passiv-kuehlboxen-taschen","8":"first","9":"instock","10":"taxable","11":"shipping-taxable","12":"purchasable","13":"product-type-variable"},"acf":[],"yoast_head":"<!-- This site is optimized with the Yoast SEO plugin v27.4 - https:\/\/yoast.com\/product\/yoast-seo-wordpress\/ -->\n<title>K\u00fchlbox Eco+ M - Bantam Camping AG<\/title>\n<meta name=\"robots\" content=\"index, follow, max-snippet:-1, max-image-preview:large, max-video-preview:-1\" \/>\n<link rel=\"canonical\" href=\"https:\/\/shop.bantam.ch\/de\/produkt\/kuehlbox-eco-m\/\" \/>\n<meta property=\"og:locale\" content=\"de_DE\" \/>\n<meta property=\"og:type\" content=\"article\" \/>\n<meta property=\"og:title\" content=\"K\u00fchlbox Eco+ M - Bantam Camping AG\" \/>\n<meta property=\"og:description\" content=\"QOOL Box Eco+ &#8211; Das nachhaltige Thermo-Wunder! Tagelang stromlos unterwegs sein &#8211; mit der QOOL Box Eco+ kein Problem. Als passive K\u00fchlbox ist sie ein zuverl\u00e4ssiger Begleiter bei jedem Outdoor Abenteuer. Durch ihre Hightech Isolierung aus Vakuumisolationspaneelen in allen Seiten, Boden und Deckel sowie die innovative K\u00fchltechnik der QOOL Temperature Elements ist eine K\u00fchlzeit bis [&hellip;]\" \/>\n<meta property=\"og:url\" content=\"https:\/\/shop.bantam.ch\/de\/produkt\/kuehlbox-eco-m\/\" \/>\n<meta property=\"og:site_name\" content=\"Bantam Camping AG\" \/>\n<meta property=\"article:modified_time\" content=\"2026-04-20T00:22:29+00:00\" \/>\n<meta name=\"twitter:card\" content=\"summary_large_image\" \/>\n<meta name=\"twitter:label1\" content=\"Gesch\u00e4tzte Lesezeit\" \/>\n\t<meta name=\"twitter:data1\" content=\"1\u00a0Minute\" \/>\n<script type=\"application\/ld+json\" class=\"yoast-schema-graph\">{\"@context\":\"https:\\\/\\\/schema.org\",\"@graph\":[{\"@type\":\"WebPage\",\"@id\":\"https:\\\/\\\/shop.bantam.ch\\\/de\\\/produkt\\\/kuehlbox-eco-m\\\/\",\"url\":\"https:\\\/\\\/shop.bantam.ch\\\/de\\\/produkt\\\/kuehlbox-eco-m\\\/\",\"name\":\"K\u00fchlbox Eco+ M - Bantam Camping AG\",\"isPartOf\":{\"@id\":\"https:\\\/\\\/shop.bantam.ch\\\/de\\\/#website\"},\"primaryImageOfPage\":{\"@id\":\"https:\\\/\\\/shop.bantam.ch\\\/de\\\/produkt\\\/kuehlbox-eco-m\\\/#primaryimage\"},\"image\":{\"@id\":\"https:\\\/\\\/shop.bantam.ch\\\/de\\\/produkt\\\/kuehlbox-eco-m\\\/#primaryimage\"},\"thumbnailUrl\":\"https:\\\/\\\/shop.bantam.ch\\\/wp-content\\\/uploads\\\/2025\\\/12\\\/Movera-L-9943923100.jpg\",\"datePublished\":\"2025-12-17T13:39:13+00:00\",\"dateModified\":\"2026-04-20T00:22:29+00:00\",\"breadcrumb\":{\"@id\":\"https:\\\/\\\/shop.bantam.ch\\\/de\\\/produkt\\\/kuehlbox-eco-m\\\/#breadcrumb\"},\"inLanguage\":\"de\",\"potentialAction\":[{\"@type\":\"ReadAction\",\"target\":[\"https:\\\/\\\/shop.bantam.ch\\\/de\\\/produkt\\\/kuehlbox-eco-m\\\/\"]}]},{\"@type\":\"ImageObject\",\"inLanguage\":\"de\",\"@id\":\"https:\\\/\\\/shop.bantam.ch\\\/de\\\/produkt\\\/kuehlbox-eco-m\\\/#primaryimage\",\"url\":\"https:\\\/\\\/shop.bantam.ch\\\/wp-content\\\/uploads\\\/2025\\\/12\\\/Movera-L-9943923100.jpg\",\"contentUrl\":\"https:\\\/\\\/shop.bantam.ch\\\/wp-content\\\/uploads\\\/2025\\\/12\\\/Movera-L-9943923100.jpg\",\"width\":640,\"height\":640},{\"@type\":\"BreadcrumbList\",\"@id\":\"https:\\\/\\\/shop.bantam.ch\\\/de\\\/produkt\\\/kuehlbox-eco-m\\\/#breadcrumb\",\"itemListElement\":[{\"@type\":\"ListItem\",\"position\":1,\"name\":\"Accueil\",\"item\":\"https:\\\/\\\/shop.bantam.ch\\\/de\\\/\"},{\"@type\":\"ListItem\",\"position\":2,\"name\":\"Shop\",\"item\":\"https:\\\/\\\/shop.bantam.ch\\\/de\\\/shop\\\/\"},{\"@type\":\"ListItem\",\"position\":3,\"name\":\"K\u00fchlbox Eco+ M\"}]},{\"@type\":\"WebSite\",\"@id\":\"https:\\\/\\\/shop.bantam.ch\\\/de\\\/#website\",\"url\":\"https:\\\/\\\/shop.bantam.ch\\\/de\\\/\",\"name\":\"Bantam Camping AG\",\"description\":\"\",\"publisher\":{\"@id\":\"https:\\\/\\\/shop.bantam.ch\\\/de\\\/#organization\"},\"inLanguage\":\"de\"},{\"@type\":\"Organization\",\"@id\":\"https:\\\/\\\/shop.bantam.ch\\\/de\\\/#organization\",\"name\":\"Bantam Camping AG\",\"url\":\"https:\\\/\\\/shop.bantam.ch\\\/de\\\/\",\"logo\":{\"@type\":\"ImageObject\",\"inLanguage\":\"de\",\"@id\":\"https:\\\/\\\/shop.bantam.ch\\\/de\\\/#\\\/schema\\\/logo\\\/image\\\/\",\"url\":\"https:\\\/\\\/shop.bantam.ch\\\/wp-content\\\/uploads\\\/2022\\\/12\\\/bantam-logo.png\",\"contentUrl\":\"https:\\\/\\\/shop.bantam.ch\\\/wp-content\\\/uploads\\\/2022\\\/12\\\/bantam-logo.png\",\"width\":320,\"height\":71,\"caption\":\"Bantam Camping AG\"},\"image\":{\"@id\":\"https:\\\/\\\/shop.bantam.ch\\\/de\\\/#\\\/schema\\\/logo\\\/image\\\/\"}}]}<\/script>\n<!-- \/ Yoast SEO plugin. -->","yoast_head_json":{"title":"K\u00fchlbox Eco+ M - Bantam Camping AG","robots":{"index":"index","follow":"follow","max-snippet":"max-snippet:-1","max-image-preview":"max-image-preview:large","max-video-preview":"max-video-preview:-1"},"canonical":"https:\/\/shop.bantam.ch\/de\/produkt\/kuehlbox-eco-m\/","og_locale":"de_DE","og_type":"article","og_title":"K\u00fchlbox Eco+ M - Bantam Camping AG","og_description":"QOOL Box Eco+ &#8211; Das nachhaltige Thermo-Wunder! Tagelang stromlos unterwegs sein &#8211; mit der QOOL Box Eco+ kein Problem. Als passive K\u00fchlbox ist sie ein zuverl\u00e4ssiger Begleiter bei jedem Outdoor Abenteuer. Durch ihre Hightech Isolierung aus Vakuumisolationspaneelen in allen Seiten, Boden und Deckel sowie die innovative K\u00fchltechnik der QOOL Temperature Elements ist eine K\u00fchlzeit bis [&hellip;]","og_url":"https:\/\/shop.bantam.ch\/de\/produkt\/kuehlbox-eco-m\/","og_site_name":"Bantam Camping AG","article_modified_time":"2026-04-20T00:22:29+00:00","twitter_card":"summary_large_image","twitter_misc":{"Gesch\u00e4tzte Lesezeit":"1\u00a0Minute"},"schema":{"@context":"https:\/\/schema.org","@graph":[{"@type":"WebPage","@id":"https:\/\/shop.bantam.ch\/de\/produkt\/kuehlbox-eco-m\/","url":"https:\/\/shop.bantam.ch\/de\/produkt\/kuehlbox-eco-m\/","name":"K\u00fchlbox Eco+ M - Bantam Camping AG","isPartOf":{"@id":"https:\/\/shop.bantam.ch\/de\/#website"},"primaryImageOfPage":{"@id":"https:\/\/shop.bantam.ch\/de\/produkt\/kuehlbox-eco-m\/#primaryimage"},"image":{"@id":"https:\/\/shop.bantam.ch\/de\/produkt\/kuehlbox-eco-m\/#primaryimage"},"thumbnailUrl":"https:\/\/shop.bantam.ch\/wp-content\/uploads\/2025\/12\/Movera-L-9943923100.jpg","datePublished":"2025-12-17T13:39:13+00:00","dateModified":"2026-04-20T00:22:29+00:00","breadcrumb":{"@id":"https:\/\/shop.bantam.ch\/de\/produkt\/kuehlbox-eco-m\/#breadcrumb"},"inLanguage":"de","potentialAction":[{"@type":"ReadAction","target":["https:\/\/shop.bantam.ch\/de\/produkt\/kuehlbox-eco-m\/"]}]},{"@type":"ImageObject","inLanguage":"de","@id":"https:\/\/shop.bantam.ch\/de\/produkt\/kuehlbox-eco-m\/#primaryimage","url":"https:\/\/shop.bantam.ch\/wp-content\/uploads\/2025\/12\/Movera-L-9943923100.jpg","contentUrl":"https:\/\/shop.bantam.ch\/wp-content\/uploads\/2025\/12\/Movera-L-9943923100.jpg","width":640,"height":640},{"@type":"BreadcrumbList","@id":"https:\/\/shop.bantam.ch\/de\/produkt\/kuehlbox-eco-m\/#breadcrumb","itemListElement":[{"@type":"ListItem","position":1,"name":"Accueil","item":"https:\/\/shop.bantam.ch\/de\/"},{"@type":"ListItem","position":2,"name":"Shop","item":"https:\/\/shop.bantam.ch\/de\/shop\/"},{"@type":"ListItem","position":3,"name":"K\u00fchlbox Eco+ M"}]},{"@type":"WebSite","@id":"https:\/\/shop.bantam.ch\/de\/#website","url":"https:\/\/shop.bantam.ch\/de\/","name":"Bantam Camping AG","description":"","publisher":{"@id":"https:\/\/shop.bantam.ch\/de\/#organization"},"inLanguage":"de"},{"@type":"Organization","@id":"https:\/\/shop.bantam.ch\/de\/#organization","name":"Bantam Camping AG","url":"https:\/\/shop.bantam.ch\/de\/","logo":{"@type":"ImageObject","inLanguage":"de","@id":"https:\/\/shop.bantam.ch\/de\/#\/schema\/logo\/image\/","url":"https:\/\/shop.bantam.ch\/wp-content\/uploads\/2022\/12\/bantam-logo.png","contentUrl":"https:\/\/shop.bantam.ch\/wp-content\/uploads\/2022\/12\/bantam-logo.png","width":320,"height":71,"caption":"Bantam Camping AG"},"image":{"@id":"https:\/\/shop.bantam.ch\/de\/#\/schema\/logo\/image\/"}}]}},"_links":{"self":[{"href":"https:\/\/shop.bantam.ch\/de\/wp-json\/wp\/v2\/product\/224236","targetHints":{"allow":["GET"]}}],"collection":[{"href":"https:\/\/shop.bantam.ch\/de\/wp-json\/wp\/v2\/product"}],"about":[{"href":"https:\/\/shop.bantam.ch\/de\/wp-json\/wp\/v2\/types\/product"}],"wp:featuredmedia":[{"embeddable":true,"href":"https:\/\/shop.bantam.ch\/de\/wp-json\/wp\/v2\/media\/224223"}],"wp:attachment":[{"href":"https:\/\/shop.bantam.ch\/de\/wp-json\/wp\/v2\/media?parent=224236"}],"wp:term":[{"taxonomy":"product_featured_cat","embeddable":true,"href":"https:\/\/shop.bantam.ch\/de\/wp-json\/wp\/v2\/product_featured_cat?post=224236"},{"taxonomy":"product_brand","embeddable":true,"href":"https:\/\/shop.bantam.ch\/de\/wp-json\/wp\/v2\/product_brand?post=224236"},{"taxonomy":"product_cat","embeddable":true,"href":"https:\/\/shop.bantam.ch\/de\/wp-json\/wp\/v2\/product_cat?post=224236"},{"taxonomy":"product_tag","embeddable":true,"href":"https:\/\/shop.bantam.ch\/de\/wp-json\/wp\/v2\/product_tag?post=224236"}],"curies":[{"name":"wp","href":"https:\/\/api.w.org\/{rel}","templated":true}]}}