{"id":224167,"date":"2025-12-17T14:22:05","date_gmt":"2025-12-17T13:22:05","guid":{"rendered":"https:\/\/shop.bantam.ch\/produit\/anhaengevorrichtung-sawiko-mt-054-abnehmbar-fuer-al-ko-chassis-ohne-elektrokabelsatz\/"},"modified":"2026-04-18T23:40:49","modified_gmt":"2026-04-18T21:40:49","slug":"anhaengevorrichtung-sawiko-mt-054-abnehmbar-fuer-al-ko-chassis-ohne-elektrokabelsatz","status":"publish","type":"product","link":"https:\/\/shop.bantam.ch\/de\/produkt\/anhaengevorrichtung-sawiko-mt-054-abnehmbar-fuer-al-ko-chassis-ohne-elektrokabelsatz\/","title":{"rendered":"Anh\u00e4ngevorrichtung Sawiko MT 054 abnehmbar f\u00fcr AL-KO Chassis ohne  Elektrokabelsatz"},"content":{"rendered":"<p>Nur f\u00fcr die Montage f\u00fcr AL-KO Fahrgestelle und AL-KO Rahmenverl\u00e4ngerungen. Abmessungen exakt auf das AMC CHASSIS abgestimmt. Ab Baujahr 8\/95 alle Aufnahmepunkte am Rahmen vorbereitet. \u00e0\u201eltere Baujahre: Montage nach Anleitung, die Bohrungen m\u00fcssen selbst gesetzt werden.<\/p>\n<p>Lieferumfang:<br \/>Anh\u00e4ngebock kmpl. mit Kupplungskugel, Montagematerial, Montageanleitung<\/p>\n<p>\u00a0<\/p>\n<ul>\n<li>Elektrokabelsatz bitte immer separat bestellen!<\/li>\n<li>Datenblatt bei Bestellung ausf\u00fcllen!<\/li>\n<\/ul>\n<p>\u00a0<\/p>\n","protected":false},"excerpt":{"rendered":"<p>Nur f\u00fcr die Montage f\u00fcr AL-KO Fahrgestelle und AL-KO Rahmenverl\u00e4ngerungen. Abmessungen exakt auf das AMC CHASSIS abgestimmt. Ab Baujahr 8\/95 alle Aufnahmepunkte am Rahmen vorbereitet. \u00e0\u201eltere Baujahre: Montage nach Anleitung, die Bohrungen m\u00fcssen selbst gesetzt werden. Lieferumfang:Anh\u00e4ngebock kmpl. mit Kupplungskugel, Montagematerial, Montageanleitung \u00a0 Elektrokabelsatz bitte immer separat bestellen! Datenblatt bei Bestellung ausf\u00fcllen! \u00a0<\/p>\n","protected":false},"featured_media":224163,"template":"","meta":{"_acf_changed":false},"product_featured_cat":[],"product_brand":[],"product_cat":[4796],"product_tag":[],"class_list":{"0":"post-224167","1":"product","2":"type-product","3":"status-publish","4":"has-post-thumbnail","6":"product_cat-anhaengerkupplungen","8":"first","9":"instock","10":"taxable","11":"shipping-taxable","12":"purchasable","13":"product-type-simple"},"acf":[],"yoast_head":"<!-- This site is optimized with the Yoast SEO plugin v27.4 - https:\/\/yoast.com\/product\/yoast-seo-wordpress\/ -->\n<title>Anh\u00e4ngevorrichtung Sawiko MT 054 abnehmbar f\u00fcr AL-KO Chassis ohne Elektrokabelsatz - Bantam Camping AG<\/title>\n<meta name=\"robots\" content=\"index, follow, max-snippet:-1, max-image-preview:large, max-video-preview:-1\" \/>\n<link rel=\"canonical\" href=\"https:\/\/shop.bantam.ch\/de\/produkt\/anhaengevorrichtung-sawiko-mt-054-abnehmbar-fuer-al-ko-chassis-ohne-elektrokabelsatz\/\" \/>\n<meta property=\"og:locale\" content=\"de_DE\" \/>\n<meta property=\"og:type\" content=\"article\" \/>\n<meta property=\"og:title\" content=\"Anh\u00e4ngevorrichtung Sawiko MT 054 abnehmbar f\u00fcr AL-KO Chassis ohne Elektrokabelsatz - Bantam Camping AG\" \/>\n<meta property=\"og:description\" content=\"Nur f\u00fcr die Montage f\u00fcr AL-KO Fahrgestelle und AL-KO Rahmenverl\u00e4ngerungen. Abmessungen exakt auf das AMC CHASSIS abgestimmt. Ab Baujahr 8\/95 alle Aufnahmepunkte am Rahmen vorbereitet. \u00e0\u201eltere Baujahre: Montage nach Anleitung, die Bohrungen m\u00fcssen selbst gesetzt werden. Lieferumfang:Anh\u00e4ngebock kmpl. mit Kupplungskugel, Montagematerial, Montageanleitung \u00a0 Elektrokabelsatz bitte immer separat bestellen! Datenblatt bei Bestellung ausf\u00fcllen! \u00a0\" \/>\n<meta property=\"og:url\" content=\"https:\/\/shop.bantam.ch\/de\/produkt\/anhaengevorrichtung-sawiko-mt-054-abnehmbar-fuer-al-ko-chassis-ohne-elektrokabelsatz\/\" \/>\n<meta property=\"og:site_name\" content=\"Bantam Camping AG\" \/>\n<meta property=\"article:modified_time\" content=\"2026-04-18T21:40:49+00:00\" \/>\n<meta name=\"twitter:card\" content=\"summary_large_image\" \/>\n<script type=\"application\/ld+json\" class=\"yoast-schema-graph\">{\"@context\":\"https:\\\/\\\/schema.org\",\"@graph\":[{\"@type\":\"WebPage\",\"@id\":\"https:\\\/\\\/shop.bantam.ch\\\/de\\\/produkt\\\/anhaengevorrichtung-sawiko-mt-054-abnehmbar-fuer-al-ko-chassis-ohne-elektrokabelsatz\\\/\",\"url\":\"https:\\\/\\\/shop.bantam.ch\\\/de\\\/produkt\\\/anhaengevorrichtung-sawiko-mt-054-abnehmbar-fuer-al-ko-chassis-ohne-elektrokabelsatz\\\/\",\"name\":\"Anh\u00e4ngevorrichtung Sawiko MT 054 abnehmbar f\u00fcr AL-KO Chassis ohne Elektrokabelsatz - Bantam Camping AG\",\"isPartOf\":{\"@id\":\"https:\\\/\\\/shop.bantam.ch\\\/de\\\/#website\"},\"primaryImageOfPage\":{\"@id\":\"https:\\\/\\\/shop.bantam.ch\\\/de\\\/produkt\\\/anhaengevorrichtung-sawiko-mt-054-abnehmbar-fuer-al-ko-chassis-ohne-elektrokabelsatz\\\/#primaryimage\"},\"image\":{\"@id\":\"https:\\\/\\\/shop.bantam.ch\\\/de\\\/produkt\\\/anhaengevorrichtung-sawiko-mt-054-abnehmbar-fuer-al-ko-chassis-ohne-elektrokabelsatz\\\/#primaryimage\"},\"thumbnailUrl\":\"https:\\\/\\\/shop.bantam.ch\\\/wp-content\\\/uploads\\\/2025\\\/12\\\/Movera-L-9940872100.jpg\",\"datePublished\":\"2025-12-17T13:22:05+00:00\",\"dateModified\":\"2026-04-18T21:40:49+00:00\",\"breadcrumb\":{\"@id\":\"https:\\\/\\\/shop.bantam.ch\\\/de\\\/produkt\\\/anhaengevorrichtung-sawiko-mt-054-abnehmbar-fuer-al-ko-chassis-ohne-elektrokabelsatz\\\/#breadcrumb\"},\"inLanguage\":\"de\",\"potentialAction\":[{\"@type\":\"ReadAction\",\"target\":[\"https:\\\/\\\/shop.bantam.ch\\\/de\\\/produkt\\\/anhaengevorrichtung-sawiko-mt-054-abnehmbar-fuer-al-ko-chassis-ohne-elektrokabelsatz\\\/\"]}]},{\"@type\":\"ImageObject\",\"inLanguage\":\"de\",\"@id\":\"https:\\\/\\\/shop.bantam.ch\\\/de\\\/produkt\\\/anhaengevorrichtung-sawiko-mt-054-abnehmbar-fuer-al-ko-chassis-ohne-elektrokabelsatz\\\/#primaryimage\",\"url\":\"https:\\\/\\\/shop.bantam.ch\\\/wp-content\\\/uploads\\\/2025\\\/12\\\/Movera-L-9940872100.jpg\",\"contentUrl\":\"https:\\\/\\\/shop.bantam.ch\\\/wp-content\\\/uploads\\\/2025\\\/12\\\/Movera-L-9940872100.jpg\",\"width\":640,\"height\":267},{\"@type\":\"BreadcrumbList\",\"@id\":\"https:\\\/\\\/shop.bantam.ch\\\/de\\\/produkt\\\/anhaengevorrichtung-sawiko-mt-054-abnehmbar-fuer-al-ko-chassis-ohne-elektrokabelsatz\\\/#breadcrumb\",\"itemListElement\":[{\"@type\":\"ListItem\",\"position\":1,\"name\":\"Accueil\",\"item\":\"https:\\\/\\\/shop.bantam.ch\\\/de\\\/\"},{\"@type\":\"ListItem\",\"position\":2,\"name\":\"Shop\",\"item\":\"https:\\\/\\\/shop.bantam.ch\\\/de\\\/shop\\\/\"},{\"@type\":\"ListItem\",\"position\":3,\"name\":\"Anh\u00e4ngevorrichtung Sawiko MT 054 abnehmbar f\u00fcr AL-KO Chassis ohne Elektrokabelsatz\"}]},{\"@type\":\"WebSite\",\"@id\":\"https:\\\/\\\/shop.bantam.ch\\\/de\\\/#website\",\"url\":\"https:\\\/\\\/shop.bantam.ch\\\/de\\\/\",\"name\":\"Bantam Camping AG\",\"description\":\"\",\"publisher\":{\"@id\":\"https:\\\/\\\/shop.bantam.ch\\\/de\\\/#organization\"},\"inLanguage\":\"de\"},{\"@type\":\"Organization\",\"@id\":\"https:\\\/\\\/shop.bantam.ch\\\/de\\\/#organization\",\"name\":\"Bantam Camping AG\",\"url\":\"https:\\\/\\\/shop.bantam.ch\\\/de\\\/\",\"logo\":{\"@type\":\"ImageObject\",\"inLanguage\":\"de\",\"@id\":\"https:\\\/\\\/shop.bantam.ch\\\/de\\\/#\\\/schema\\\/logo\\\/image\\\/\",\"url\":\"https:\\\/\\\/shop.bantam.ch\\\/wp-content\\\/uploads\\\/2022\\\/12\\\/bantam-logo.png\",\"contentUrl\":\"https:\\\/\\\/shop.bantam.ch\\\/wp-content\\\/uploads\\\/2022\\\/12\\\/bantam-logo.png\",\"width\":320,\"height\":71,\"caption\":\"Bantam Camping AG\"},\"image\":{\"@id\":\"https:\\\/\\\/shop.bantam.ch\\\/de\\\/#\\\/schema\\\/logo\\\/image\\\/\"}}]}<\/script>\n<!-- \/ Yoast SEO plugin. -->","yoast_head_json":{"title":"Anh\u00e4ngevorrichtung Sawiko MT 054 abnehmbar f\u00fcr AL-KO Chassis ohne Elektrokabelsatz - Bantam Camping AG","robots":{"index":"index","follow":"follow","max-snippet":"max-snippet:-1","max-image-preview":"max-image-preview:large","max-video-preview":"max-video-preview:-1"},"canonical":"https:\/\/shop.bantam.ch\/de\/produkt\/anhaengevorrichtung-sawiko-mt-054-abnehmbar-fuer-al-ko-chassis-ohne-elektrokabelsatz\/","og_locale":"de_DE","og_type":"article","og_title":"Anh\u00e4ngevorrichtung Sawiko MT 054 abnehmbar f\u00fcr AL-KO Chassis ohne Elektrokabelsatz - Bantam Camping AG","og_description":"Nur f\u00fcr die Montage f\u00fcr AL-KO Fahrgestelle und AL-KO Rahmenverl\u00e4ngerungen. Abmessungen exakt auf das AMC CHASSIS abgestimmt. Ab Baujahr 8\/95 alle Aufnahmepunkte am Rahmen vorbereitet. \u00e0\u201eltere Baujahre: Montage nach Anleitung, die Bohrungen m\u00fcssen selbst gesetzt werden. Lieferumfang:Anh\u00e4ngebock kmpl. mit Kupplungskugel, Montagematerial, Montageanleitung \u00a0 Elektrokabelsatz bitte immer separat bestellen! Datenblatt bei Bestellung ausf\u00fcllen! \u00a0","og_url":"https:\/\/shop.bantam.ch\/de\/produkt\/anhaengevorrichtung-sawiko-mt-054-abnehmbar-fuer-al-ko-chassis-ohne-elektrokabelsatz\/","og_site_name":"Bantam Camping AG","article_modified_time":"2026-04-18T21:40:49+00:00","twitter_card":"summary_large_image","schema":{"@context":"https:\/\/schema.org","@graph":[{"@type":"WebPage","@id":"https:\/\/shop.bantam.ch\/de\/produkt\/anhaengevorrichtung-sawiko-mt-054-abnehmbar-fuer-al-ko-chassis-ohne-elektrokabelsatz\/","url":"https:\/\/shop.bantam.ch\/de\/produkt\/anhaengevorrichtung-sawiko-mt-054-abnehmbar-fuer-al-ko-chassis-ohne-elektrokabelsatz\/","name":"Anh\u00e4ngevorrichtung Sawiko MT 054 abnehmbar f\u00fcr AL-KO Chassis ohne Elektrokabelsatz - Bantam Camping AG","isPartOf":{"@id":"https:\/\/shop.bantam.ch\/de\/#website"},"primaryImageOfPage":{"@id":"https:\/\/shop.bantam.ch\/de\/produkt\/anhaengevorrichtung-sawiko-mt-054-abnehmbar-fuer-al-ko-chassis-ohne-elektrokabelsatz\/#primaryimage"},"image":{"@id":"https:\/\/shop.bantam.ch\/de\/produkt\/anhaengevorrichtung-sawiko-mt-054-abnehmbar-fuer-al-ko-chassis-ohne-elektrokabelsatz\/#primaryimage"},"thumbnailUrl":"https:\/\/shop.bantam.ch\/wp-content\/uploads\/2025\/12\/Movera-L-9940872100.jpg","datePublished":"2025-12-17T13:22:05+00:00","dateModified":"2026-04-18T21:40:49+00:00","breadcrumb":{"@id":"https:\/\/shop.bantam.ch\/de\/produkt\/anhaengevorrichtung-sawiko-mt-054-abnehmbar-fuer-al-ko-chassis-ohne-elektrokabelsatz\/#breadcrumb"},"inLanguage":"de","potentialAction":[{"@type":"ReadAction","target":["https:\/\/shop.bantam.ch\/de\/produkt\/anhaengevorrichtung-sawiko-mt-054-abnehmbar-fuer-al-ko-chassis-ohne-elektrokabelsatz\/"]}]},{"@type":"ImageObject","inLanguage":"de","@id":"https:\/\/shop.bantam.ch\/de\/produkt\/anhaengevorrichtung-sawiko-mt-054-abnehmbar-fuer-al-ko-chassis-ohne-elektrokabelsatz\/#primaryimage","url":"https:\/\/shop.bantam.ch\/wp-content\/uploads\/2025\/12\/Movera-L-9940872100.jpg","contentUrl":"https:\/\/shop.bantam.ch\/wp-content\/uploads\/2025\/12\/Movera-L-9940872100.jpg","width":640,"height":267},{"@type":"BreadcrumbList","@id":"https:\/\/shop.bantam.ch\/de\/produkt\/anhaengevorrichtung-sawiko-mt-054-abnehmbar-fuer-al-ko-chassis-ohne-elektrokabelsatz\/#breadcrumb","itemListElement":[{"@type":"ListItem","position":1,"name":"Accueil","item":"https:\/\/shop.bantam.ch\/de\/"},{"@type":"ListItem","position":2,"name":"Shop","item":"https:\/\/shop.bantam.ch\/de\/shop\/"},{"@type":"ListItem","position":3,"name":"Anh\u00e4ngevorrichtung Sawiko MT 054 abnehmbar f\u00fcr AL-KO Chassis ohne Elektrokabelsatz"}]},{"@type":"WebSite","@id":"https:\/\/shop.bantam.ch\/de\/#website","url":"https:\/\/shop.bantam.ch\/de\/","name":"Bantam Camping AG","description":"","publisher":{"@id":"https:\/\/shop.bantam.ch\/de\/#organization"},"inLanguage":"de"},{"@type":"Organization","@id":"https:\/\/shop.bantam.ch\/de\/#organization","name":"Bantam Camping AG","url":"https:\/\/shop.bantam.ch\/de\/","logo":{"@type":"ImageObject","inLanguage":"de","@id":"https:\/\/shop.bantam.ch\/de\/#\/schema\/logo\/image\/","url":"https:\/\/shop.bantam.ch\/wp-content\/uploads\/2022\/12\/bantam-logo.png","contentUrl":"https:\/\/shop.bantam.ch\/wp-content\/uploads\/2022\/12\/bantam-logo.png","width":320,"height":71,"caption":"Bantam Camping AG"},"image":{"@id":"https:\/\/shop.bantam.ch\/de\/#\/schema\/logo\/image\/"}}]}},"_links":{"self":[{"href":"https:\/\/shop.bantam.ch\/de\/wp-json\/wp\/v2\/product\/224167","targetHints":{"allow":["GET"]}}],"collection":[{"href":"https:\/\/shop.bantam.ch\/de\/wp-json\/wp\/v2\/product"}],"about":[{"href":"https:\/\/shop.bantam.ch\/de\/wp-json\/wp\/v2\/types\/product"}],"wp:featuredmedia":[{"embeddable":true,"href":"https:\/\/shop.bantam.ch\/de\/wp-json\/wp\/v2\/media\/224163"}],"wp:attachment":[{"href":"https:\/\/shop.bantam.ch\/de\/wp-json\/wp\/v2\/media?parent=224167"}],"wp:term":[{"taxonomy":"product_featured_cat","embeddable":true,"href":"https:\/\/shop.bantam.ch\/de\/wp-json\/wp\/v2\/product_featured_cat?post=224167"},{"taxonomy":"product_brand","embeddable":true,"href":"https:\/\/shop.bantam.ch\/de\/wp-json\/wp\/v2\/product_brand?post=224167"},{"taxonomy":"product_cat","embeddable":true,"href":"https:\/\/shop.bantam.ch\/de\/wp-json\/wp\/v2\/product_cat?post=224167"},{"taxonomy":"product_tag","embeddable":true,"href":"https:\/\/shop.bantam.ch\/de\/wp-json\/wp\/v2\/product_tag?post=224167"}],"curies":[{"name":"wp","href":"https:\/\/api.w.org\/{rel}","templated":true}]}}