{"id":224107,"date":"2025-12-17T14:20:26","date_gmt":"2025-12-17T13:20:26","guid":{"rendered":"https:\/\/shop.bantam.ch\/produit\/markisenadapter-set-passend-fuer-fiamma-f65-eagle-ducato-320-cm-tuch-farbe-royal-grey-gehaeuse-farbe-polar-white\/"},"modified":"2026-04-17T23:37:08","modified_gmt":"2026-04-17T21:37:08","slug":"markisenadapter-set-passend-fuer-fiamma-f65-eagle-ducato-320-cm-tuch-farbe-royal-grey-gehaeuse-farbe-polar-white","status":"publish","type":"product","link":"https:\/\/shop.bantam.ch\/de\/produkt\/markisenadapter-set-passend-fuer-fiamma-f65-eagle-ducato-320-cm-tuch-farbe-royal-grey-gehaeuse-farbe-polar-white\/","title":{"rendered":"Markisenadapter Set passend f\u00fcr FIAMMA F65 Eagle Ducato 320 cm Tuch Farbe Royal Grey Geh\u00e4use Farbe Polar White"},"content":{"rendered":"<p>Motor Kit: der 12-V-Motor erm\u00f6glicht das elektrische \u00d6ffnen und Schlie\u00dfen: Eine manuelle Schlie\u00dfung ist im Notfall m\u00f6glich.&nbsp;<br \/>\nControl-System f\u00fcr das Motor Kit mit Wandsteuerger\u00e4t<br \/>\nVerst\u00e4rktes Geh\u00e4use: das Profi l mit doppelter Innenverst\u00e4rkung sorgt f\u00fcr mehr Widerstandsf\u00e4higkeit gegen\u00fcber Torsionskr\u00e4ften,<br \/>\ndenen die Markise ausgesetzt ist<br \/>\nKompakte Frontblende und funktionales Design<br \/>\nWalzenunterst\u00fctzung: Tuch immer perfekt gespannt<br \/>\nSt\u00fctze Double Block: erm\u00f6glicht die Einstellung der Neigung zwischen 5 Grad und 17 Grad und verst\u00e4rkt die selbsttragenden Arme ohne<br \/>\nVerwendung von Bodenstangen.<br \/>\nLED: vorne installierte F\u00fchrung f\u00fcr das optionale LED-Beleuchtungskit in voller L\u00e4nge, sowie weitere Installationsm\u00f6glichkeiten<br \/>\nf\u00fcr LEDs auf den Armen&nbsp;<br \/>\nKann nur auf Adapter montiert werden. Montagehalterungen: optionale Halterungen (Art-No. 98655-776, 98655-936, 98655-768,<br \/>\n98655Z010)<br \/>\nWind-Detection-System: das Windsensors<\/p>\n","protected":false},"excerpt":{"rendered":"<p>Motor Kit: der 12-V-Motor erm\u00f6glicht das elektrische \u00d6ffnen und Schlie\u00dfen: Eine manuelle Schlie\u00dfung ist im Notfall m\u00f6glich.&nbsp; Control-System f\u00fcr das Motor Kit mit Wandsteuerger\u00e4t Verst\u00e4rktes Geh\u00e4use: das Profi l mit doppelter Innenverst\u00e4rkung sorgt f\u00fcr mehr Widerstandsf\u00e4higkeit gegen\u00fcber Torsionskr\u00e4ften, denen die Markise ausgesetzt ist Kompakte Frontblende und funktionales Design Walzenunterst\u00fctzung: Tuch immer perfekt gespannt St\u00fctze Double [&hellip;]<\/p>\n","protected":false},"featured_media":224101,"template":"","meta":{"_acf_changed":false},"product_featured_cat":[],"product_brand":[],"product_cat":[4226],"product_tag":[],"class_list":{"0":"post-224107","1":"product","2":"type-product","3":"status-publish","4":"has-post-thumbnail","6":"product_cat-markisen-adapter","8":"first","9":"instock","10":"taxable","11":"shipping-taxable","12":"purchasable","13":"product-type-simple"},"acf":[],"yoast_head":"<!-- This site is optimized with the Yoast SEO plugin v27.4 - https:\/\/yoast.com\/product\/yoast-seo-wordpress\/ -->\n<title>Markisenadapter Set passend f\u00fcr FIAMMA F65 Eagle Ducato 320 cm Tuch Farbe Royal Grey Geh\u00e4use Farbe Polar White - Bantam Camping AG<\/title>\n<meta name=\"robots\" content=\"index, follow, max-snippet:-1, max-image-preview:large, max-video-preview:-1\" \/>\n<link rel=\"canonical\" href=\"https:\/\/shop.bantam.ch\/de\/produkt\/markisenadapter-set-passend-fuer-fiamma-f65-eagle-ducato-320-cm-tuch-farbe-royal-grey-gehaeuse-farbe-polar-white\/\" \/>\n<meta property=\"og:locale\" content=\"de_DE\" \/>\n<meta property=\"og:type\" content=\"article\" \/>\n<meta property=\"og:title\" content=\"Markisenadapter Set passend f\u00fcr FIAMMA F65 Eagle Ducato 320 cm Tuch Farbe Royal Grey Geh\u00e4use Farbe Polar White - Bantam Camping AG\" \/>\n<meta property=\"og:description\" content=\"Motor Kit: der 12-V-Motor erm\u00f6glicht das elektrische \u00d6ffnen und Schlie\u00dfen: Eine manuelle Schlie\u00dfung ist im Notfall m\u00f6glich.&nbsp; Control-System f\u00fcr das Motor Kit mit Wandsteuerger\u00e4t Verst\u00e4rktes Geh\u00e4use: das Profi l mit doppelter Innenverst\u00e4rkung sorgt f\u00fcr mehr Widerstandsf\u00e4higkeit gegen\u00fcber Torsionskr\u00e4ften, denen die Markise ausgesetzt ist Kompakte Frontblende und funktionales Design Walzenunterst\u00fctzung: Tuch immer perfekt gespannt St\u00fctze Double [&hellip;]\" \/>\n<meta property=\"og:url\" content=\"https:\/\/shop.bantam.ch\/de\/produkt\/markisenadapter-set-passend-fuer-fiamma-f65-eagle-ducato-320-cm-tuch-farbe-royal-grey-gehaeuse-farbe-polar-white\/\" \/>\n<meta property=\"og:site_name\" content=\"Bantam Camping AG\" \/>\n<meta property=\"article:modified_time\" content=\"2026-04-17T21:37:08+00:00\" \/>\n<meta name=\"twitter:card\" content=\"summary_large_image\" \/>\n<meta name=\"twitter:label1\" content=\"Gesch\u00e4tzte Lesezeit\" \/>\n\t<meta name=\"twitter:data1\" content=\"1\u00a0Minute\" \/>\n<script type=\"application\/ld+json\" class=\"yoast-schema-graph\">{\"@context\":\"https:\\\/\\\/schema.org\",\"@graph\":[{\"@type\":\"WebPage\",\"@id\":\"https:\\\/\\\/shop.bantam.ch\\\/de\\\/produkt\\\/markisenadapter-set-passend-fuer-fiamma-f65-eagle-ducato-320-cm-tuch-farbe-royal-grey-gehaeuse-farbe-polar-white\\\/\",\"url\":\"https:\\\/\\\/shop.bantam.ch\\\/de\\\/produkt\\\/markisenadapter-set-passend-fuer-fiamma-f65-eagle-ducato-320-cm-tuch-farbe-royal-grey-gehaeuse-farbe-polar-white\\\/\",\"name\":\"Markisenadapter Set passend f\u00fcr FIAMMA F65 Eagle Ducato 320 cm Tuch Farbe Royal Grey Geh\u00e4use Farbe Polar White - Bantam Camping AG\",\"isPartOf\":{\"@id\":\"https:\\\/\\\/shop.bantam.ch\\\/de\\\/#website\"},\"primaryImageOfPage\":{\"@id\":\"https:\\\/\\\/shop.bantam.ch\\\/de\\\/produkt\\\/markisenadapter-set-passend-fuer-fiamma-f65-eagle-ducato-320-cm-tuch-farbe-royal-grey-gehaeuse-farbe-polar-white\\\/#primaryimage\"},\"image\":{\"@id\":\"https:\\\/\\\/shop.bantam.ch\\\/de\\\/produkt\\\/markisenadapter-set-passend-fuer-fiamma-f65-eagle-ducato-320-cm-tuch-farbe-royal-grey-gehaeuse-farbe-polar-white\\\/#primaryimage\"},\"thumbnailUrl\":\"https:\\\/\\\/shop.bantam.ch\\\/wp-content\\\/uploads\\\/2025\\\/12\\\/Movera-L-9939357100.jpg\",\"datePublished\":\"2025-12-17T13:20:26+00:00\",\"dateModified\":\"2026-04-17T21:37:08+00:00\",\"breadcrumb\":{\"@id\":\"https:\\\/\\\/shop.bantam.ch\\\/de\\\/produkt\\\/markisenadapter-set-passend-fuer-fiamma-f65-eagle-ducato-320-cm-tuch-farbe-royal-grey-gehaeuse-farbe-polar-white\\\/#breadcrumb\"},\"inLanguage\":\"de\",\"potentialAction\":[{\"@type\":\"ReadAction\",\"target\":[\"https:\\\/\\\/shop.bantam.ch\\\/de\\\/produkt\\\/markisenadapter-set-passend-fuer-fiamma-f65-eagle-ducato-320-cm-tuch-farbe-royal-grey-gehaeuse-farbe-polar-white\\\/\"]}]},{\"@type\":\"ImageObject\",\"inLanguage\":\"de\",\"@id\":\"https:\\\/\\\/shop.bantam.ch\\\/de\\\/produkt\\\/markisenadapter-set-passend-fuer-fiamma-f65-eagle-ducato-320-cm-tuch-farbe-royal-grey-gehaeuse-farbe-polar-white\\\/#primaryimage\",\"url\":\"https:\\\/\\\/shop.bantam.ch\\\/wp-content\\\/uploads\\\/2025\\\/12\\\/Movera-L-9939357100.jpg\",\"contentUrl\":\"https:\\\/\\\/shop.bantam.ch\\\/wp-content\\\/uploads\\\/2025\\\/12\\\/Movera-L-9939357100.jpg\",\"width\":640,\"height\":360},{\"@type\":\"BreadcrumbList\",\"@id\":\"https:\\\/\\\/shop.bantam.ch\\\/de\\\/produkt\\\/markisenadapter-set-passend-fuer-fiamma-f65-eagle-ducato-320-cm-tuch-farbe-royal-grey-gehaeuse-farbe-polar-white\\\/#breadcrumb\",\"itemListElement\":[{\"@type\":\"ListItem\",\"position\":1,\"name\":\"Accueil\",\"item\":\"https:\\\/\\\/shop.bantam.ch\\\/de\\\/\"},{\"@type\":\"ListItem\",\"position\":2,\"name\":\"Shop\",\"item\":\"https:\\\/\\\/shop.bantam.ch\\\/de\\\/shop\\\/\"},{\"@type\":\"ListItem\",\"position\":3,\"name\":\"Markisenadapter Set passend f\u00fcr FIAMMA F65 Eagle Ducato 320 cm Tuch Farbe Royal Grey Geh\u00e4use Farbe Polar White\"}]},{\"@type\":\"WebSite\",\"@id\":\"https:\\\/\\\/shop.bantam.ch\\\/de\\\/#website\",\"url\":\"https:\\\/\\\/shop.bantam.ch\\\/de\\\/\",\"name\":\"Bantam Camping AG\",\"description\":\"\",\"publisher\":{\"@id\":\"https:\\\/\\\/shop.bantam.ch\\\/de\\\/#organization\"},\"inLanguage\":\"de\"},{\"@type\":\"Organization\",\"@id\":\"https:\\\/\\\/shop.bantam.ch\\\/de\\\/#organization\",\"name\":\"Bantam Camping AG\",\"url\":\"https:\\\/\\\/shop.bantam.ch\\\/de\\\/\",\"logo\":{\"@type\":\"ImageObject\",\"inLanguage\":\"de\",\"@id\":\"https:\\\/\\\/shop.bantam.ch\\\/de\\\/#\\\/schema\\\/logo\\\/image\\\/\",\"url\":\"https:\\\/\\\/shop.bantam.ch\\\/wp-content\\\/uploads\\\/2022\\\/12\\\/bantam-logo.png\",\"contentUrl\":\"https:\\\/\\\/shop.bantam.ch\\\/wp-content\\\/uploads\\\/2022\\\/12\\\/bantam-logo.png\",\"width\":320,\"height\":71,\"caption\":\"Bantam Camping AG\"},\"image\":{\"@id\":\"https:\\\/\\\/shop.bantam.ch\\\/de\\\/#\\\/schema\\\/logo\\\/image\\\/\"}}]}<\/script>\n<!-- \/ Yoast SEO plugin. -->","yoast_head_json":{"title":"Markisenadapter Set passend f\u00fcr FIAMMA F65 Eagle Ducato 320 cm Tuch Farbe Royal Grey Geh\u00e4use Farbe Polar White - Bantam Camping AG","robots":{"index":"index","follow":"follow","max-snippet":"max-snippet:-1","max-image-preview":"max-image-preview:large","max-video-preview":"max-video-preview:-1"},"canonical":"https:\/\/shop.bantam.ch\/de\/produkt\/markisenadapter-set-passend-fuer-fiamma-f65-eagle-ducato-320-cm-tuch-farbe-royal-grey-gehaeuse-farbe-polar-white\/","og_locale":"de_DE","og_type":"article","og_title":"Markisenadapter Set passend f\u00fcr FIAMMA F65 Eagle Ducato 320 cm Tuch Farbe Royal Grey Geh\u00e4use Farbe Polar White - Bantam Camping AG","og_description":"Motor Kit: der 12-V-Motor erm\u00f6glicht das elektrische \u00d6ffnen und Schlie\u00dfen: Eine manuelle Schlie\u00dfung ist im Notfall m\u00f6glich.&nbsp; Control-System f\u00fcr das Motor Kit mit Wandsteuerger\u00e4t Verst\u00e4rktes Geh\u00e4use: das Profi l mit doppelter Innenverst\u00e4rkung sorgt f\u00fcr mehr Widerstandsf\u00e4higkeit gegen\u00fcber Torsionskr\u00e4ften, denen die Markise ausgesetzt ist Kompakte Frontblende und funktionales Design Walzenunterst\u00fctzung: Tuch immer perfekt gespannt St\u00fctze Double [&hellip;]","og_url":"https:\/\/shop.bantam.ch\/de\/produkt\/markisenadapter-set-passend-fuer-fiamma-f65-eagle-ducato-320-cm-tuch-farbe-royal-grey-gehaeuse-farbe-polar-white\/","og_site_name":"Bantam Camping AG","article_modified_time":"2026-04-17T21:37:08+00:00","twitter_card":"summary_large_image","twitter_misc":{"Gesch\u00e4tzte Lesezeit":"1\u00a0Minute"},"schema":{"@context":"https:\/\/schema.org","@graph":[{"@type":"WebPage","@id":"https:\/\/shop.bantam.ch\/de\/produkt\/markisenadapter-set-passend-fuer-fiamma-f65-eagle-ducato-320-cm-tuch-farbe-royal-grey-gehaeuse-farbe-polar-white\/","url":"https:\/\/shop.bantam.ch\/de\/produkt\/markisenadapter-set-passend-fuer-fiamma-f65-eagle-ducato-320-cm-tuch-farbe-royal-grey-gehaeuse-farbe-polar-white\/","name":"Markisenadapter Set passend f\u00fcr FIAMMA F65 Eagle Ducato 320 cm Tuch Farbe Royal Grey Geh\u00e4use Farbe Polar White - Bantam Camping AG","isPartOf":{"@id":"https:\/\/shop.bantam.ch\/de\/#website"},"primaryImageOfPage":{"@id":"https:\/\/shop.bantam.ch\/de\/produkt\/markisenadapter-set-passend-fuer-fiamma-f65-eagle-ducato-320-cm-tuch-farbe-royal-grey-gehaeuse-farbe-polar-white\/#primaryimage"},"image":{"@id":"https:\/\/shop.bantam.ch\/de\/produkt\/markisenadapter-set-passend-fuer-fiamma-f65-eagle-ducato-320-cm-tuch-farbe-royal-grey-gehaeuse-farbe-polar-white\/#primaryimage"},"thumbnailUrl":"https:\/\/shop.bantam.ch\/wp-content\/uploads\/2025\/12\/Movera-L-9939357100.jpg","datePublished":"2025-12-17T13:20:26+00:00","dateModified":"2026-04-17T21:37:08+00:00","breadcrumb":{"@id":"https:\/\/shop.bantam.ch\/de\/produkt\/markisenadapter-set-passend-fuer-fiamma-f65-eagle-ducato-320-cm-tuch-farbe-royal-grey-gehaeuse-farbe-polar-white\/#breadcrumb"},"inLanguage":"de","potentialAction":[{"@type":"ReadAction","target":["https:\/\/shop.bantam.ch\/de\/produkt\/markisenadapter-set-passend-fuer-fiamma-f65-eagle-ducato-320-cm-tuch-farbe-royal-grey-gehaeuse-farbe-polar-white\/"]}]},{"@type":"ImageObject","inLanguage":"de","@id":"https:\/\/shop.bantam.ch\/de\/produkt\/markisenadapter-set-passend-fuer-fiamma-f65-eagle-ducato-320-cm-tuch-farbe-royal-grey-gehaeuse-farbe-polar-white\/#primaryimage","url":"https:\/\/shop.bantam.ch\/wp-content\/uploads\/2025\/12\/Movera-L-9939357100.jpg","contentUrl":"https:\/\/shop.bantam.ch\/wp-content\/uploads\/2025\/12\/Movera-L-9939357100.jpg","width":640,"height":360},{"@type":"BreadcrumbList","@id":"https:\/\/shop.bantam.ch\/de\/produkt\/markisenadapter-set-passend-fuer-fiamma-f65-eagle-ducato-320-cm-tuch-farbe-royal-grey-gehaeuse-farbe-polar-white\/#breadcrumb","itemListElement":[{"@type":"ListItem","position":1,"name":"Accueil","item":"https:\/\/shop.bantam.ch\/de\/"},{"@type":"ListItem","position":2,"name":"Shop","item":"https:\/\/shop.bantam.ch\/de\/shop\/"},{"@type":"ListItem","position":3,"name":"Markisenadapter Set passend f\u00fcr FIAMMA F65 Eagle Ducato 320 cm Tuch Farbe Royal Grey Geh\u00e4use Farbe Polar White"}]},{"@type":"WebSite","@id":"https:\/\/shop.bantam.ch\/de\/#website","url":"https:\/\/shop.bantam.ch\/de\/","name":"Bantam Camping AG","description":"","publisher":{"@id":"https:\/\/shop.bantam.ch\/de\/#organization"},"inLanguage":"de"},{"@type":"Organization","@id":"https:\/\/shop.bantam.ch\/de\/#organization","name":"Bantam Camping AG","url":"https:\/\/shop.bantam.ch\/de\/","logo":{"@type":"ImageObject","inLanguage":"de","@id":"https:\/\/shop.bantam.ch\/de\/#\/schema\/logo\/image\/","url":"https:\/\/shop.bantam.ch\/wp-content\/uploads\/2022\/12\/bantam-logo.png","contentUrl":"https:\/\/shop.bantam.ch\/wp-content\/uploads\/2022\/12\/bantam-logo.png","width":320,"height":71,"caption":"Bantam Camping AG"},"image":{"@id":"https:\/\/shop.bantam.ch\/de\/#\/schema\/logo\/image\/"}}]}},"_links":{"self":[{"href":"https:\/\/shop.bantam.ch\/de\/wp-json\/wp\/v2\/product\/224107","targetHints":{"allow":["GET"]}}],"collection":[{"href":"https:\/\/shop.bantam.ch\/de\/wp-json\/wp\/v2\/product"}],"about":[{"href":"https:\/\/shop.bantam.ch\/de\/wp-json\/wp\/v2\/types\/product"}],"wp:featuredmedia":[{"embeddable":true,"href":"https:\/\/shop.bantam.ch\/de\/wp-json\/wp\/v2\/media\/224101"}],"wp:attachment":[{"href":"https:\/\/shop.bantam.ch\/de\/wp-json\/wp\/v2\/media?parent=224107"}],"wp:term":[{"taxonomy":"product_featured_cat","embeddable":true,"href":"https:\/\/shop.bantam.ch\/de\/wp-json\/wp\/v2\/product_featured_cat?post=224107"},{"taxonomy":"product_brand","embeddable":true,"href":"https:\/\/shop.bantam.ch\/de\/wp-json\/wp\/v2\/product_brand?post=224107"},{"taxonomy":"product_cat","embeddable":true,"href":"https:\/\/shop.bantam.ch\/de\/wp-json\/wp\/v2\/product_cat?post=224107"},{"taxonomy":"product_tag","embeddable":true,"href":"https:\/\/shop.bantam.ch\/de\/wp-json\/wp\/v2\/product_tag?post=224107"}],"curies":[{"name":"wp","href":"https:\/\/api.w.org\/{rel}","templated":true}]}}