{"id":224067,"date":"2025-12-17T14:19:31","date_gmt":"2025-12-17T13:19:31","guid":{"rendered":"https:\/\/shop.bantam.ch\/produit\/thermomatte-hindermann-lux-2-passend-fuer-hymer-klasse-b-mc-modern-comfort-ab-2018\/"},"modified":"2026-04-18T23:40:20","modified_gmt":"2026-04-18T21:40:20","slug":"thermomatte-hindermann-lux-2-passend-fuer-hymer-klasse-b-mc-modern-comfort-ab-2018","status":"publish","type":"product","link":"https:\/\/shop.bantam.ch\/de\/produkt\/thermomatte-hindermann-lux-2-passend-fuer-hymer-klasse-b-mc-modern-comfort-ab-2018\/","title":{"rendered":"Thermomatte HINDERMANN LUX 2 passend f\u00fcr Hymer Klasse-B-MC Modern Comfort ab 2018"},"content":{"rendered":"<p>F\u00fcr Vans, Alkoven-, voll- und teilintegrierte Fahrzeuge<br \/>\nThermofenstermatte LUX<br \/>\nDie einteiligen HINDERMANN Thermofenstermatten LUX sind einerseits die ideale W\u00e4rmed\u00e4mmung f\u00fcr den Winterurlaub, andererseits bieten sie im Sommer einen wirkungsvollen Schutz vor Sonneneinstrahlung. Im Wintereinsatz wird durch die Au\u00dfenisolierung die Oberfl\u00e4chentemperatur auf der Innenseite der Scheiben erh\u00f6ht und somit die Gefahr der Kondenswasserbildung innerhalb des Fahrzeugs wesentlich reduziert.<br \/>\nIm Sommereinsatz gelangen bei geschlossener Fenstermatte die Sonnenstrahlen gar nicht erst durch das Scheibenglas und der Innenraum kann sich nicht so leicht aufheizen. Bei sch\u00f6nem, sonnigem Winterwetter kann die Frontklappe ge\u00f6ffnet werden, und durch die Sonnenstrahlen kann sich der Innenraum weiter erw\u00e4rmen, was dem Camper Heizenergie einspart.<br \/>\nF\u00fcr passend f\u00fcr Hymer Klasse-B-MC Modern Comfort ab 2018<\/p>\n","protected":false},"excerpt":{"rendered":"<p>F\u00fcr Vans, Alkoven-, voll- und teilintegrierte Fahrzeuge Thermofenstermatte LUX Die einteiligen HINDERMANN Thermofenstermatten LUX sind einerseits die ideale W\u00e4rmed\u00e4mmung f\u00fcr den Winterurlaub, andererseits bieten sie im Sommer einen wirkungsvollen Schutz vor Sonneneinstrahlung. Im Wintereinsatz wird durch die Au\u00dfenisolierung die Oberfl\u00e4chentemperatur auf der Innenseite der Scheiben erh\u00f6ht und somit die Gefahr der Kondenswasserbildung innerhalb des Fahrzeugs [&hellip;]<\/p>\n","protected":false},"featured_media":224065,"template":"","meta":{"_acf_changed":false},"product_featured_cat":[],"product_brand":[],"product_cat":[4642],"product_tag":[],"class_list":{"0":"post-224067","1":"product","2":"type-product","3":"status-publish","4":"has-post-thumbnail","6":"product_cat-thermomatten-vorhaenge","8":"first","9":"instock","10":"taxable","11":"shipping-taxable","12":"purchasable","13":"product-type-simple"},"acf":[],"yoast_head":"<!-- This site is optimized with the Yoast SEO plugin v27.4 - https:\/\/yoast.com\/product\/yoast-seo-wordpress\/ -->\n<title>Thermomatte HINDERMANN LUX 2 passend f\u00fcr Hymer Klasse-B-MC Modern Comfort ab 2018 - Bantam Camping AG<\/title>\n<meta name=\"robots\" content=\"index, follow, max-snippet:-1, max-image-preview:large, max-video-preview:-1\" \/>\n<link rel=\"canonical\" href=\"https:\/\/shop.bantam.ch\/de\/produkt\/thermomatte-hindermann-lux-2-passend-fuer-hymer-klasse-b-mc-modern-comfort-ab-2018\/\" \/>\n<meta property=\"og:locale\" content=\"de_DE\" \/>\n<meta property=\"og:type\" content=\"article\" \/>\n<meta property=\"og:title\" content=\"Thermomatte HINDERMANN LUX 2 passend f\u00fcr Hymer Klasse-B-MC Modern Comfort ab 2018 - Bantam Camping AG\" \/>\n<meta property=\"og:description\" content=\"F\u00fcr Vans, Alkoven-, voll- und teilintegrierte Fahrzeuge Thermofenstermatte LUX Die einteiligen HINDERMANN Thermofenstermatten LUX sind einerseits die ideale W\u00e4rmed\u00e4mmung f\u00fcr den Winterurlaub, andererseits bieten sie im Sommer einen wirkungsvollen Schutz vor Sonneneinstrahlung. Im Wintereinsatz wird durch die Au\u00dfenisolierung die Oberfl\u00e4chentemperatur auf der Innenseite der Scheiben erh\u00f6ht und somit die Gefahr der Kondenswasserbildung innerhalb des Fahrzeugs [&hellip;]\" \/>\n<meta property=\"og:url\" content=\"https:\/\/shop.bantam.ch\/de\/produkt\/thermomatte-hindermann-lux-2-passend-fuer-hymer-klasse-b-mc-modern-comfort-ab-2018\/\" \/>\n<meta property=\"og:site_name\" content=\"Bantam Camping AG\" \/>\n<meta property=\"article:modified_time\" content=\"2026-04-18T21:40:20+00:00\" \/>\n<meta name=\"twitter:card\" content=\"summary_large_image\" \/>\n<meta name=\"twitter:label1\" content=\"Gesch\u00e4tzte Lesezeit\" \/>\n\t<meta name=\"twitter:data1\" content=\"1\u00a0Minute\" \/>\n<script type=\"application\/ld+json\" class=\"yoast-schema-graph\">{\"@context\":\"https:\\\/\\\/schema.org\",\"@graph\":[{\"@type\":\"WebPage\",\"@id\":\"https:\\\/\\\/shop.bantam.ch\\\/de\\\/produkt\\\/thermomatte-hindermann-lux-2-passend-fuer-hymer-klasse-b-mc-modern-comfort-ab-2018\\\/\",\"url\":\"https:\\\/\\\/shop.bantam.ch\\\/de\\\/produkt\\\/thermomatte-hindermann-lux-2-passend-fuer-hymer-klasse-b-mc-modern-comfort-ab-2018\\\/\",\"name\":\"Thermomatte HINDERMANN LUX 2 passend f\u00fcr Hymer Klasse-B-MC Modern Comfort ab 2018 - Bantam Camping AG\",\"isPartOf\":{\"@id\":\"https:\\\/\\\/shop.bantam.ch\\\/de\\\/#website\"},\"primaryImageOfPage\":{\"@id\":\"https:\\\/\\\/shop.bantam.ch\\\/de\\\/produkt\\\/thermomatte-hindermann-lux-2-passend-fuer-hymer-klasse-b-mc-modern-comfort-ab-2018\\\/#primaryimage\"},\"image\":{\"@id\":\"https:\\\/\\\/shop.bantam.ch\\\/de\\\/produkt\\\/thermomatte-hindermann-lux-2-passend-fuer-hymer-klasse-b-mc-modern-comfort-ab-2018\\\/#primaryimage\"},\"thumbnailUrl\":\"https:\\\/\\\/shop.bantam.ch\\\/wp-content\\\/uploads\\\/2025\\\/12\\\/Movera-L-9937559100.jpg\",\"datePublished\":\"2025-12-17T13:19:31+00:00\",\"dateModified\":\"2026-04-18T21:40:20+00:00\",\"breadcrumb\":{\"@id\":\"https:\\\/\\\/shop.bantam.ch\\\/de\\\/produkt\\\/thermomatte-hindermann-lux-2-passend-fuer-hymer-klasse-b-mc-modern-comfort-ab-2018\\\/#breadcrumb\"},\"inLanguage\":\"de\",\"potentialAction\":[{\"@type\":\"ReadAction\",\"target\":[\"https:\\\/\\\/shop.bantam.ch\\\/de\\\/produkt\\\/thermomatte-hindermann-lux-2-passend-fuer-hymer-klasse-b-mc-modern-comfort-ab-2018\\\/\"]}]},{\"@type\":\"ImageObject\",\"inLanguage\":\"de\",\"@id\":\"https:\\\/\\\/shop.bantam.ch\\\/de\\\/produkt\\\/thermomatte-hindermann-lux-2-passend-fuer-hymer-klasse-b-mc-modern-comfort-ab-2018\\\/#primaryimage\",\"url\":\"https:\\\/\\\/shop.bantam.ch\\\/wp-content\\\/uploads\\\/2025\\\/12\\\/Movera-L-9937559100.jpg\",\"contentUrl\":\"https:\\\/\\\/shop.bantam.ch\\\/wp-content\\\/uploads\\\/2025\\\/12\\\/Movera-L-9937559100.jpg\",\"width\":640,\"height\":427},{\"@type\":\"BreadcrumbList\",\"@id\":\"https:\\\/\\\/shop.bantam.ch\\\/de\\\/produkt\\\/thermomatte-hindermann-lux-2-passend-fuer-hymer-klasse-b-mc-modern-comfort-ab-2018\\\/#breadcrumb\",\"itemListElement\":[{\"@type\":\"ListItem\",\"position\":1,\"name\":\"Accueil\",\"item\":\"https:\\\/\\\/shop.bantam.ch\\\/de\\\/\"},{\"@type\":\"ListItem\",\"position\":2,\"name\":\"Shop\",\"item\":\"https:\\\/\\\/shop.bantam.ch\\\/de\\\/shop\\\/\"},{\"@type\":\"ListItem\",\"position\":3,\"name\":\"Thermomatte HINDERMANN LUX 2 passend f\u00fcr Hymer Klasse-B-MC Modern Comfort ab 2018\"}]},{\"@type\":\"WebSite\",\"@id\":\"https:\\\/\\\/shop.bantam.ch\\\/de\\\/#website\",\"url\":\"https:\\\/\\\/shop.bantam.ch\\\/de\\\/\",\"name\":\"Bantam Camping AG\",\"description\":\"\",\"publisher\":{\"@id\":\"https:\\\/\\\/shop.bantam.ch\\\/de\\\/#organization\"},\"inLanguage\":\"de\"},{\"@type\":\"Organization\",\"@id\":\"https:\\\/\\\/shop.bantam.ch\\\/de\\\/#organization\",\"name\":\"Bantam Camping AG\",\"url\":\"https:\\\/\\\/shop.bantam.ch\\\/de\\\/\",\"logo\":{\"@type\":\"ImageObject\",\"inLanguage\":\"de\",\"@id\":\"https:\\\/\\\/shop.bantam.ch\\\/de\\\/#\\\/schema\\\/logo\\\/image\\\/\",\"url\":\"https:\\\/\\\/shop.bantam.ch\\\/wp-content\\\/uploads\\\/2022\\\/12\\\/bantam-logo.png\",\"contentUrl\":\"https:\\\/\\\/shop.bantam.ch\\\/wp-content\\\/uploads\\\/2022\\\/12\\\/bantam-logo.png\",\"width\":320,\"height\":71,\"caption\":\"Bantam Camping AG\"},\"image\":{\"@id\":\"https:\\\/\\\/shop.bantam.ch\\\/de\\\/#\\\/schema\\\/logo\\\/image\\\/\"}}]}<\/script>\n<!-- \/ Yoast SEO plugin. -->","yoast_head_json":{"title":"Thermomatte HINDERMANN LUX 2 passend f\u00fcr Hymer Klasse-B-MC Modern Comfort ab 2018 - Bantam Camping AG","robots":{"index":"index","follow":"follow","max-snippet":"max-snippet:-1","max-image-preview":"max-image-preview:large","max-video-preview":"max-video-preview:-1"},"canonical":"https:\/\/shop.bantam.ch\/de\/produkt\/thermomatte-hindermann-lux-2-passend-fuer-hymer-klasse-b-mc-modern-comfort-ab-2018\/","og_locale":"de_DE","og_type":"article","og_title":"Thermomatte HINDERMANN LUX 2 passend f\u00fcr Hymer Klasse-B-MC Modern Comfort ab 2018 - Bantam Camping AG","og_description":"F\u00fcr Vans, Alkoven-, voll- und teilintegrierte Fahrzeuge Thermofenstermatte LUX Die einteiligen HINDERMANN Thermofenstermatten LUX sind einerseits die ideale W\u00e4rmed\u00e4mmung f\u00fcr den Winterurlaub, andererseits bieten sie im Sommer einen wirkungsvollen Schutz vor Sonneneinstrahlung. Im Wintereinsatz wird durch die Au\u00dfenisolierung die Oberfl\u00e4chentemperatur auf der Innenseite der Scheiben erh\u00f6ht und somit die Gefahr der Kondenswasserbildung innerhalb des Fahrzeugs [&hellip;]","og_url":"https:\/\/shop.bantam.ch\/de\/produkt\/thermomatte-hindermann-lux-2-passend-fuer-hymer-klasse-b-mc-modern-comfort-ab-2018\/","og_site_name":"Bantam Camping AG","article_modified_time":"2026-04-18T21:40:20+00:00","twitter_card":"summary_large_image","twitter_misc":{"Gesch\u00e4tzte Lesezeit":"1\u00a0Minute"},"schema":{"@context":"https:\/\/schema.org","@graph":[{"@type":"WebPage","@id":"https:\/\/shop.bantam.ch\/de\/produkt\/thermomatte-hindermann-lux-2-passend-fuer-hymer-klasse-b-mc-modern-comfort-ab-2018\/","url":"https:\/\/shop.bantam.ch\/de\/produkt\/thermomatte-hindermann-lux-2-passend-fuer-hymer-klasse-b-mc-modern-comfort-ab-2018\/","name":"Thermomatte HINDERMANN LUX 2 passend f\u00fcr Hymer Klasse-B-MC Modern Comfort ab 2018 - Bantam Camping AG","isPartOf":{"@id":"https:\/\/shop.bantam.ch\/de\/#website"},"primaryImageOfPage":{"@id":"https:\/\/shop.bantam.ch\/de\/produkt\/thermomatte-hindermann-lux-2-passend-fuer-hymer-klasse-b-mc-modern-comfort-ab-2018\/#primaryimage"},"image":{"@id":"https:\/\/shop.bantam.ch\/de\/produkt\/thermomatte-hindermann-lux-2-passend-fuer-hymer-klasse-b-mc-modern-comfort-ab-2018\/#primaryimage"},"thumbnailUrl":"https:\/\/shop.bantam.ch\/wp-content\/uploads\/2025\/12\/Movera-L-9937559100.jpg","datePublished":"2025-12-17T13:19:31+00:00","dateModified":"2026-04-18T21:40:20+00:00","breadcrumb":{"@id":"https:\/\/shop.bantam.ch\/de\/produkt\/thermomatte-hindermann-lux-2-passend-fuer-hymer-klasse-b-mc-modern-comfort-ab-2018\/#breadcrumb"},"inLanguage":"de","potentialAction":[{"@type":"ReadAction","target":["https:\/\/shop.bantam.ch\/de\/produkt\/thermomatte-hindermann-lux-2-passend-fuer-hymer-klasse-b-mc-modern-comfort-ab-2018\/"]}]},{"@type":"ImageObject","inLanguage":"de","@id":"https:\/\/shop.bantam.ch\/de\/produkt\/thermomatte-hindermann-lux-2-passend-fuer-hymer-klasse-b-mc-modern-comfort-ab-2018\/#primaryimage","url":"https:\/\/shop.bantam.ch\/wp-content\/uploads\/2025\/12\/Movera-L-9937559100.jpg","contentUrl":"https:\/\/shop.bantam.ch\/wp-content\/uploads\/2025\/12\/Movera-L-9937559100.jpg","width":640,"height":427},{"@type":"BreadcrumbList","@id":"https:\/\/shop.bantam.ch\/de\/produkt\/thermomatte-hindermann-lux-2-passend-fuer-hymer-klasse-b-mc-modern-comfort-ab-2018\/#breadcrumb","itemListElement":[{"@type":"ListItem","position":1,"name":"Accueil","item":"https:\/\/shop.bantam.ch\/de\/"},{"@type":"ListItem","position":2,"name":"Shop","item":"https:\/\/shop.bantam.ch\/de\/shop\/"},{"@type":"ListItem","position":3,"name":"Thermomatte HINDERMANN LUX 2 passend f\u00fcr Hymer Klasse-B-MC Modern Comfort ab 2018"}]},{"@type":"WebSite","@id":"https:\/\/shop.bantam.ch\/de\/#website","url":"https:\/\/shop.bantam.ch\/de\/","name":"Bantam Camping AG","description":"","publisher":{"@id":"https:\/\/shop.bantam.ch\/de\/#organization"},"inLanguage":"de"},{"@type":"Organization","@id":"https:\/\/shop.bantam.ch\/de\/#organization","name":"Bantam Camping AG","url":"https:\/\/shop.bantam.ch\/de\/","logo":{"@type":"ImageObject","inLanguage":"de","@id":"https:\/\/shop.bantam.ch\/de\/#\/schema\/logo\/image\/","url":"https:\/\/shop.bantam.ch\/wp-content\/uploads\/2022\/12\/bantam-logo.png","contentUrl":"https:\/\/shop.bantam.ch\/wp-content\/uploads\/2022\/12\/bantam-logo.png","width":320,"height":71,"caption":"Bantam Camping AG"},"image":{"@id":"https:\/\/shop.bantam.ch\/de\/#\/schema\/logo\/image\/"}}]}},"_links":{"self":[{"href":"https:\/\/shop.bantam.ch\/de\/wp-json\/wp\/v2\/product\/224067","targetHints":{"allow":["GET"]}}],"collection":[{"href":"https:\/\/shop.bantam.ch\/de\/wp-json\/wp\/v2\/product"}],"about":[{"href":"https:\/\/shop.bantam.ch\/de\/wp-json\/wp\/v2\/types\/product"}],"wp:featuredmedia":[{"embeddable":true,"href":"https:\/\/shop.bantam.ch\/de\/wp-json\/wp\/v2\/media\/224065"}],"wp:attachment":[{"href":"https:\/\/shop.bantam.ch\/de\/wp-json\/wp\/v2\/media?parent=224067"}],"wp:term":[{"taxonomy":"product_featured_cat","embeddable":true,"href":"https:\/\/shop.bantam.ch\/de\/wp-json\/wp\/v2\/product_featured_cat?post=224067"},{"taxonomy":"product_brand","embeddable":true,"href":"https:\/\/shop.bantam.ch\/de\/wp-json\/wp\/v2\/product_brand?post=224067"},{"taxonomy":"product_cat","embeddable":true,"href":"https:\/\/shop.bantam.ch\/de\/wp-json\/wp\/v2\/product_cat?post=224067"},{"taxonomy":"product_tag","embeddable":true,"href":"https:\/\/shop.bantam.ch\/de\/wp-json\/wp\/v2\/product_tag?post=224067"}],"curies":[{"name":"wp","href":"https:\/\/api.w.org\/{rel}","templated":true}]}}