{"id":223971,"date":"2025-12-17T14:16:39","date_gmt":"2025-12-17T13:16:39","guid":{"rendered":"https:\/\/shop.bantam.ch\/produit\/batterie-victron-energy-lithium-superpack-128v-100-ah-m8\/"},"modified":"2026-04-17T23:36:39","modified_gmt":"2026-04-17T21:36:39","slug":"batterie-victron-energy-lithium-superpack-128v-100-ah-m8","status":"publish","type":"product","link":"https:\/\/shop.bantam.ch\/de\/produkt\/batterie-victron-energy-lithium-superpack-128v-100-ah-m8\/","title":{"rendered":"Batterie Victron Energy Lithium Superpack 12,8V\/ 100 Ah M8"},"content":{"rendered":"<p>Integriertes BMS und Sicherheitsschalter&nbsp;<br \/>\nDie SuperPack Batterien sind extrem einfach zu installieren und es werden keine zus\u00e4tzlichen Komponenten ben\u00f6tigt.<br \/>\nDer interne Schalter trennt die Batterien im Falle einer Tiefenentladung, \u00dcberladung, niedriger oder hoher Temperatur abtrennen.<br \/>\nEine Lithium-Ionen-Batterie muss nicht voll aufgeladen sein. Die Betriebslebensdauer erh\u00f6ht sich sogar noch leicht, wenn die Batterie anstatt voll nur teilweise&nbsp;<br \/>\naufgeladen ist. Darin liegt ein bedeutender Vorteil von Lithium-Ionen-Batterien im Vergleich zu Blei-S\u00e4ure-Batterien.<br \/>\nDie SuperPack Batterien unterbrechen den Lade-bzw. Entlade-Strom, wenn die maximalen Nennwerte \u00fcberschritten werden.<br \/>\nGewicht: 14,00 kg<br \/>\nAbmessungen: 330 x 172 x 220 mm LxBxH<\/p>\n","protected":false},"excerpt":{"rendered":"<p>Integriertes BMS und Sicherheitsschalter&nbsp; Die SuperPack Batterien sind extrem einfach zu installieren und es werden keine zus\u00e4tzlichen Komponenten ben\u00f6tigt. Der interne Schalter trennt die Batterien im Falle einer Tiefenentladung, \u00dcberladung, niedriger oder hoher Temperatur abtrennen. Eine Lithium-Ionen-Batterie muss nicht voll aufgeladen sein. Die Betriebslebensdauer erh\u00f6ht sich sogar noch leicht, wenn die Batterie anstatt voll nur [&hellip;]<\/p>\n","protected":false},"featured_media":223969,"template":"","meta":{"_acf_changed":false},"product_featured_cat":[],"product_brand":[],"product_cat":[4904],"product_tag":[],"class_list":{"0":"post-223971","1":"product","2":"type-product","3":"status-publish","4":"has-post-thumbnail","6":"product_cat-bordbatterien","8":"first","9":"instock","10":"taxable","11":"shipping-taxable","12":"purchasable","13":"product-type-simple"},"acf":[],"yoast_head":"<!-- This site is optimized with the Yoast SEO plugin v27.4 - https:\/\/yoast.com\/product\/yoast-seo-wordpress\/ -->\n<title>Batterie Victron Energy Lithium Superpack 12,8V\/ 100 Ah M8 - Bantam Camping AG<\/title>\n<meta name=\"robots\" content=\"index, follow, max-snippet:-1, max-image-preview:large, max-video-preview:-1\" \/>\n<link rel=\"canonical\" href=\"https:\/\/shop.bantam.ch\/de\/produkt\/batterie-victron-energy-lithium-superpack-128v-100-ah-m8\/\" \/>\n<meta property=\"og:locale\" content=\"de_DE\" \/>\n<meta property=\"og:type\" content=\"article\" \/>\n<meta property=\"og:title\" content=\"Batterie Victron Energy Lithium Superpack 12,8V\/ 100 Ah M8 - Bantam Camping AG\" \/>\n<meta property=\"og:description\" content=\"Integriertes BMS und Sicherheitsschalter&nbsp; Die SuperPack Batterien sind extrem einfach zu installieren und es werden keine zus\u00e4tzlichen Komponenten ben\u00f6tigt. Der interne Schalter trennt die Batterien im Falle einer Tiefenentladung, \u00dcberladung, niedriger oder hoher Temperatur abtrennen. Eine Lithium-Ionen-Batterie muss nicht voll aufgeladen sein. Die Betriebslebensdauer erh\u00f6ht sich sogar noch leicht, wenn die Batterie anstatt voll nur [&hellip;]\" \/>\n<meta property=\"og:url\" content=\"https:\/\/shop.bantam.ch\/de\/produkt\/batterie-victron-energy-lithium-superpack-128v-100-ah-m8\/\" \/>\n<meta property=\"og:site_name\" content=\"Bantam Camping AG\" \/>\n<meta property=\"article:modified_time\" content=\"2026-04-17T21:36:39+00:00\" \/>\n<meta name=\"twitter:card\" content=\"summary_large_image\" \/>\n<script type=\"application\/ld+json\" class=\"yoast-schema-graph\">{\"@context\":\"https:\\\/\\\/schema.org\",\"@graph\":[{\"@type\":\"WebPage\",\"@id\":\"https:\\\/\\\/shop.bantam.ch\\\/de\\\/produkt\\\/batterie-victron-energy-lithium-superpack-128v-100-ah-m8\\\/\",\"url\":\"https:\\\/\\\/shop.bantam.ch\\\/de\\\/produkt\\\/batterie-victron-energy-lithium-superpack-128v-100-ah-m8\\\/\",\"name\":\"Batterie Victron Energy Lithium Superpack 12,8V\\\/ 100 Ah M8 - Bantam Camping AG\",\"isPartOf\":{\"@id\":\"https:\\\/\\\/shop.bantam.ch\\\/de\\\/#website\"},\"primaryImageOfPage\":{\"@id\":\"https:\\\/\\\/shop.bantam.ch\\\/de\\\/produkt\\\/batterie-victron-energy-lithium-superpack-128v-100-ah-m8\\\/#primaryimage\"},\"image\":{\"@id\":\"https:\\\/\\\/shop.bantam.ch\\\/de\\\/produkt\\\/batterie-victron-energy-lithium-superpack-128v-100-ah-m8\\\/#primaryimage\"},\"thumbnailUrl\":\"https:\\\/\\\/shop.bantam.ch\\\/wp-content\\\/uploads\\\/2025\\\/12\\\/Movera-L-9939163100.jpg\",\"datePublished\":\"2025-12-17T13:16:39+00:00\",\"dateModified\":\"2026-04-17T21:36:39+00:00\",\"breadcrumb\":{\"@id\":\"https:\\\/\\\/shop.bantam.ch\\\/de\\\/produkt\\\/batterie-victron-energy-lithium-superpack-128v-100-ah-m8\\\/#breadcrumb\"},\"inLanguage\":\"de\",\"potentialAction\":[{\"@type\":\"ReadAction\",\"target\":[\"https:\\\/\\\/shop.bantam.ch\\\/de\\\/produkt\\\/batterie-victron-energy-lithium-superpack-128v-100-ah-m8\\\/\"]}]},{\"@type\":\"ImageObject\",\"inLanguage\":\"de\",\"@id\":\"https:\\\/\\\/shop.bantam.ch\\\/de\\\/produkt\\\/batterie-victron-energy-lithium-superpack-128v-100-ah-m8\\\/#primaryimage\",\"url\":\"https:\\\/\\\/shop.bantam.ch\\\/wp-content\\\/uploads\\\/2025\\\/12\\\/Movera-L-9939163100.jpg\",\"contentUrl\":\"https:\\\/\\\/shop.bantam.ch\\\/wp-content\\\/uploads\\\/2025\\\/12\\\/Movera-L-9939163100.jpg\",\"width\":250,\"height\":250},{\"@type\":\"BreadcrumbList\",\"@id\":\"https:\\\/\\\/shop.bantam.ch\\\/de\\\/produkt\\\/batterie-victron-energy-lithium-superpack-128v-100-ah-m8\\\/#breadcrumb\",\"itemListElement\":[{\"@type\":\"ListItem\",\"position\":1,\"name\":\"Accueil\",\"item\":\"https:\\\/\\\/shop.bantam.ch\\\/de\\\/\"},{\"@type\":\"ListItem\",\"position\":2,\"name\":\"Shop\",\"item\":\"https:\\\/\\\/shop.bantam.ch\\\/de\\\/shop\\\/\"},{\"@type\":\"ListItem\",\"position\":3,\"name\":\"Batterie Victron Energy Lithium Superpack 12,8V\\\/ 100 Ah M8\"}]},{\"@type\":\"WebSite\",\"@id\":\"https:\\\/\\\/shop.bantam.ch\\\/de\\\/#website\",\"url\":\"https:\\\/\\\/shop.bantam.ch\\\/de\\\/\",\"name\":\"Bantam Camping AG\",\"description\":\"\",\"publisher\":{\"@id\":\"https:\\\/\\\/shop.bantam.ch\\\/de\\\/#organization\"},\"inLanguage\":\"de\"},{\"@type\":\"Organization\",\"@id\":\"https:\\\/\\\/shop.bantam.ch\\\/de\\\/#organization\",\"name\":\"Bantam Camping AG\",\"url\":\"https:\\\/\\\/shop.bantam.ch\\\/de\\\/\",\"logo\":{\"@type\":\"ImageObject\",\"inLanguage\":\"de\",\"@id\":\"https:\\\/\\\/shop.bantam.ch\\\/de\\\/#\\\/schema\\\/logo\\\/image\\\/\",\"url\":\"https:\\\/\\\/shop.bantam.ch\\\/wp-content\\\/uploads\\\/2022\\\/12\\\/bantam-logo.png\",\"contentUrl\":\"https:\\\/\\\/shop.bantam.ch\\\/wp-content\\\/uploads\\\/2022\\\/12\\\/bantam-logo.png\",\"width\":320,\"height\":71,\"caption\":\"Bantam Camping AG\"},\"image\":{\"@id\":\"https:\\\/\\\/shop.bantam.ch\\\/de\\\/#\\\/schema\\\/logo\\\/image\\\/\"}}]}<\/script>\n<!-- \/ Yoast SEO plugin. -->","yoast_head_json":{"title":"Batterie Victron Energy Lithium Superpack 12,8V\/ 100 Ah M8 - Bantam Camping AG","robots":{"index":"index","follow":"follow","max-snippet":"max-snippet:-1","max-image-preview":"max-image-preview:large","max-video-preview":"max-video-preview:-1"},"canonical":"https:\/\/shop.bantam.ch\/de\/produkt\/batterie-victron-energy-lithium-superpack-128v-100-ah-m8\/","og_locale":"de_DE","og_type":"article","og_title":"Batterie Victron Energy Lithium Superpack 12,8V\/ 100 Ah M8 - Bantam Camping AG","og_description":"Integriertes BMS und Sicherheitsschalter&nbsp; Die SuperPack Batterien sind extrem einfach zu installieren und es werden keine zus\u00e4tzlichen Komponenten ben\u00f6tigt. Der interne Schalter trennt die Batterien im Falle einer Tiefenentladung, \u00dcberladung, niedriger oder hoher Temperatur abtrennen. Eine Lithium-Ionen-Batterie muss nicht voll aufgeladen sein. Die Betriebslebensdauer erh\u00f6ht sich sogar noch leicht, wenn die Batterie anstatt voll nur [&hellip;]","og_url":"https:\/\/shop.bantam.ch\/de\/produkt\/batterie-victron-energy-lithium-superpack-128v-100-ah-m8\/","og_site_name":"Bantam Camping AG","article_modified_time":"2026-04-17T21:36:39+00:00","twitter_card":"summary_large_image","schema":{"@context":"https:\/\/schema.org","@graph":[{"@type":"WebPage","@id":"https:\/\/shop.bantam.ch\/de\/produkt\/batterie-victron-energy-lithium-superpack-128v-100-ah-m8\/","url":"https:\/\/shop.bantam.ch\/de\/produkt\/batterie-victron-energy-lithium-superpack-128v-100-ah-m8\/","name":"Batterie Victron Energy Lithium Superpack 12,8V\/ 100 Ah M8 - Bantam Camping AG","isPartOf":{"@id":"https:\/\/shop.bantam.ch\/de\/#website"},"primaryImageOfPage":{"@id":"https:\/\/shop.bantam.ch\/de\/produkt\/batterie-victron-energy-lithium-superpack-128v-100-ah-m8\/#primaryimage"},"image":{"@id":"https:\/\/shop.bantam.ch\/de\/produkt\/batterie-victron-energy-lithium-superpack-128v-100-ah-m8\/#primaryimage"},"thumbnailUrl":"https:\/\/shop.bantam.ch\/wp-content\/uploads\/2025\/12\/Movera-L-9939163100.jpg","datePublished":"2025-12-17T13:16:39+00:00","dateModified":"2026-04-17T21:36:39+00:00","breadcrumb":{"@id":"https:\/\/shop.bantam.ch\/de\/produkt\/batterie-victron-energy-lithium-superpack-128v-100-ah-m8\/#breadcrumb"},"inLanguage":"de","potentialAction":[{"@type":"ReadAction","target":["https:\/\/shop.bantam.ch\/de\/produkt\/batterie-victron-energy-lithium-superpack-128v-100-ah-m8\/"]}]},{"@type":"ImageObject","inLanguage":"de","@id":"https:\/\/shop.bantam.ch\/de\/produkt\/batterie-victron-energy-lithium-superpack-128v-100-ah-m8\/#primaryimage","url":"https:\/\/shop.bantam.ch\/wp-content\/uploads\/2025\/12\/Movera-L-9939163100.jpg","contentUrl":"https:\/\/shop.bantam.ch\/wp-content\/uploads\/2025\/12\/Movera-L-9939163100.jpg","width":250,"height":250},{"@type":"BreadcrumbList","@id":"https:\/\/shop.bantam.ch\/de\/produkt\/batterie-victron-energy-lithium-superpack-128v-100-ah-m8\/#breadcrumb","itemListElement":[{"@type":"ListItem","position":1,"name":"Accueil","item":"https:\/\/shop.bantam.ch\/de\/"},{"@type":"ListItem","position":2,"name":"Shop","item":"https:\/\/shop.bantam.ch\/de\/shop\/"},{"@type":"ListItem","position":3,"name":"Batterie Victron Energy Lithium Superpack 12,8V\/ 100 Ah M8"}]},{"@type":"WebSite","@id":"https:\/\/shop.bantam.ch\/de\/#website","url":"https:\/\/shop.bantam.ch\/de\/","name":"Bantam Camping AG","description":"","publisher":{"@id":"https:\/\/shop.bantam.ch\/de\/#organization"},"inLanguage":"de"},{"@type":"Organization","@id":"https:\/\/shop.bantam.ch\/de\/#organization","name":"Bantam Camping AG","url":"https:\/\/shop.bantam.ch\/de\/","logo":{"@type":"ImageObject","inLanguage":"de","@id":"https:\/\/shop.bantam.ch\/de\/#\/schema\/logo\/image\/","url":"https:\/\/shop.bantam.ch\/wp-content\/uploads\/2022\/12\/bantam-logo.png","contentUrl":"https:\/\/shop.bantam.ch\/wp-content\/uploads\/2022\/12\/bantam-logo.png","width":320,"height":71,"caption":"Bantam Camping AG"},"image":{"@id":"https:\/\/shop.bantam.ch\/de\/#\/schema\/logo\/image\/"}}]}},"_links":{"self":[{"href":"https:\/\/shop.bantam.ch\/de\/wp-json\/wp\/v2\/product\/223971","targetHints":{"allow":["GET"]}}],"collection":[{"href":"https:\/\/shop.bantam.ch\/de\/wp-json\/wp\/v2\/product"}],"about":[{"href":"https:\/\/shop.bantam.ch\/de\/wp-json\/wp\/v2\/types\/product"}],"wp:featuredmedia":[{"embeddable":true,"href":"https:\/\/shop.bantam.ch\/de\/wp-json\/wp\/v2\/media\/223969"}],"wp:attachment":[{"href":"https:\/\/shop.bantam.ch\/de\/wp-json\/wp\/v2\/media?parent=223971"}],"wp:term":[{"taxonomy":"product_featured_cat","embeddable":true,"href":"https:\/\/shop.bantam.ch\/de\/wp-json\/wp\/v2\/product_featured_cat?post=223971"},{"taxonomy":"product_brand","embeddable":true,"href":"https:\/\/shop.bantam.ch\/de\/wp-json\/wp\/v2\/product_brand?post=223971"},{"taxonomy":"product_cat","embeddable":true,"href":"https:\/\/shop.bantam.ch\/de\/wp-json\/wp\/v2\/product_cat?post=223971"},{"taxonomy":"product_tag","embeddable":true,"href":"https:\/\/shop.bantam.ch\/de\/wp-json\/wp\/v2\/product_tag?post=223971"}],"curies":[{"name":"wp","href":"https:\/\/api.w.org\/{rel}","templated":true}]}}