{"id":223958,"date":"2025-12-17T14:16:11","date_gmt":"2025-12-17T13:16:11","guid":{"rendered":"https:\/\/shop.bantam.ch\/produit\/wandmarkise-f45-eagle\/"},"modified":"2026-05-10T02:08:32","modified_gmt":"2026-05-10T00:08:32","slug":"wandmarkise-f45-eagle","status":"publish","type":"product","link":"https:\/\/shop.bantam.ch\/de\/produkt\/wandmarkise-f45-eagle\/","title":{"rendered":"Wandmarkise F45 Eagle"},"content":{"rendered":"<p>Die innovative und kompakte Markise von italienischem Design<br \/>\nEinfach zu montieren und in der Anwendung; die Markise F45s verbindet zukunftsorientierte Technik mit der besten Qualit\u00e4t und dem besten Service. Kompakt im Design und in der Funktion, immer auf dem neuesten Stand und von h\u00f6chster Qualit\u00e4t, resistent und solide sowie sicher und praktisch im Gebrauch. Die sichtbare \u00d6se vereinfacht das Einh\u00e4ngen der Kurbel zum \u00d6ffnen der Markise.<\/p>\n<p>\n\u00d6ffnung:<br \/>\nAutomatisches Getriebe. \u00d6ffnung und Verschluss mit Kurbel. Kein Abrutschen, sicheres Ein- und Aushaken. Motor als Zubeh\u00f6r erh\u00e4ltlich.<\/p>\n<ul>\n<li>Halterungen \/ Adapter: serienm\u00e4\u00dfige Standardausstattung. Optional sind mehr als 90 verschiedene spezifische Adapter verf\u00fcgbar<\/li>\n<li>Presto Fix: gew\u00e4hrleistet auf Dauer ein perfektes Schlie\u00dfen der Frontblende<\/li>\n<li>Dual Shock-Absorber: f\u00e4ngt starke St\u00f6\u00dfe ab<\/li>\n<li>Walzenunterst\u00fctzung: erleichtert das Aufwickeln des Tuches<\/li>\n<li>Dual Security: Anzeige des korrekten Schlie\u00dfens der Frontblende<\/li>\n<li>Verst\u00e4rkte Gelenkarme: f\u00fcr eine immer perfekte Tuchspannung<\/li>\n<li>One Way Roll: sorgt immer f\u00fcr die korrekte Richtung beim Aufwickeln<\/li>\n<li>LED: die eingelassenen F\u00fchrungen in den Gelenkarmen dienen als Kabelf\u00fchrung f\u00fcr die Kabel des optionalen Fiamma-LED-Kits<\/li>\n<li>Doppelte Kederschiene: erm\u00f6glicht die gleichzeitige Anbringung zweier Frontw\u00e4nde und anderem Zubeh\u00f6r<\/li>\n<li>St\u00fctzfu\u00df: teleskopischer St\u00fctzfu\u00df mit verst\u00e4rktem Gelenk<\/li>\n<li>Secure Lock: erm\u00f6glicht die Einstellung der Frontblendenh\u00f6he<\/li>\n<li>Regenrinne in der Frontblende<\/li>\n<\/ul>\n<p>Material:<br \/>\nTuch: 100 %&nbsp;Polyvinylchlorid<br \/>\nGeh\u00e4use: Aluminium&nbsp;<\/p>\n<p>&nbsp;<\/p>\n<p>Lieferumfang:<br \/>\nInklusive Kit AS<\/p>\n","protected":false},"excerpt":{"rendered":"<p>Die innovative und kompakte Markise von italienischem Design Einfach zu montieren und in der Anwendung; die Markise F45s verbindet zukunftsorientierte Technik mit der besten Qualit\u00e4t und dem besten Service. Kompakt im Design und in der Funktion, immer auf dem neuesten Stand und von h\u00f6chster Qualit\u00e4t, resistent und solide sowie sicher und praktisch im Gebrauch. Die [&hellip;]<\/p>\n","protected":false},"featured_media":223949,"template":"","meta":{"_acf_changed":false},"product_featured_cat":[],"product_brand":[],"product_cat":[4214],"product_tag":[],"class_list":{"0":"post-223958","1":"product","2":"type-product","3":"status-publish","4":"has-post-thumbnail","6":"product_cat-markisen-dachseitenwand","8":"first","9":"instock","10":"taxable","11":"shipping-taxable","12":"purchasable","13":"product-type-variable"},"acf":[],"yoast_head":"<!-- This site is optimized with the Yoast SEO plugin v27.5 - https:\/\/yoast.com\/product\/yoast-seo-wordpress\/ -->\n<title>Wandmarkise F45 Eagle - Bantam<\/title>\n<meta name=\"robots\" content=\"index, follow, max-snippet:-1, max-image-preview:large, max-video-preview:-1\" \/>\n<link rel=\"canonical\" href=\"https:\/\/shop.bantam.ch\/de\/produkt\/wandmarkise-f45-eagle\/\" \/>\n<meta property=\"og:locale\" content=\"de_DE\" \/>\n<meta property=\"og:type\" content=\"article\" \/>\n<meta property=\"og:title\" content=\"Wandmarkise F45 Eagle - Bantam\" \/>\n<meta property=\"og:description\" content=\"Die innovative und kompakte Markise von italienischem Design Einfach zu montieren und in der Anwendung; die Markise F45s verbindet zukunftsorientierte Technik mit der besten Qualit\u00e4t und dem besten Service. Kompakt im Design und in der Funktion, immer auf dem neuesten Stand und von h\u00f6chster Qualit\u00e4t, resistent und solide sowie sicher und praktisch im Gebrauch. Die [&hellip;]\" \/>\n<meta property=\"og:url\" content=\"https:\/\/shop.bantam.ch\/de\/produkt\/wandmarkise-f45-eagle\/\" \/>\n<meta property=\"og:site_name\" content=\"Bantam\" \/>\n<meta property=\"article:modified_time\" content=\"2026-05-10T00:08:32+00:00\" \/>\n<meta name=\"twitter:card\" content=\"summary_large_image\" \/>\n<meta name=\"twitter:label1\" content=\"Gesch\u00e4tzte Lesezeit\" \/>\n\t<meta name=\"twitter:data1\" content=\"1\u00a0Minute\" \/>\n<script type=\"application\/ld+json\" class=\"yoast-schema-graph\">{\"@context\":\"https:\\\/\\\/schema.org\",\"@graph\":[{\"@type\":\"WebPage\",\"@id\":\"https:\\\/\\\/shop.bantam.ch\\\/de\\\/produkt\\\/wandmarkise-f45-eagle\\\/\",\"url\":\"https:\\\/\\\/shop.bantam.ch\\\/de\\\/produkt\\\/wandmarkise-f45-eagle\\\/\",\"name\":\"Wandmarkise F45 Eagle - Bantam\",\"isPartOf\":{\"@id\":\"https:\\\/\\\/shop.bantam.ch\\\/de\\\/#website\"},\"primaryImageOfPage\":{\"@id\":\"https:\\\/\\\/shop.bantam.ch\\\/de\\\/produkt\\\/wandmarkise-f45-eagle\\\/#primaryimage\"},\"image\":{\"@id\":\"https:\\\/\\\/shop.bantam.ch\\\/de\\\/produkt\\\/wandmarkise-f45-eagle\\\/#primaryimage\"},\"thumbnailUrl\":\"https:\\\/\\\/shop.bantam.ch\\\/wp-content\\\/uploads\\\/2025\\\/12\\\/Movera-L-0106684100.jpg\",\"datePublished\":\"2025-12-17T13:16:11+00:00\",\"dateModified\":\"2026-05-10T00:08:32+00:00\",\"breadcrumb\":{\"@id\":\"https:\\\/\\\/shop.bantam.ch\\\/de\\\/produkt\\\/wandmarkise-f45-eagle\\\/#breadcrumb\"},\"inLanguage\":\"de\",\"potentialAction\":[{\"@type\":\"ReadAction\",\"target\":[\"https:\\\/\\\/shop.bantam.ch\\\/de\\\/produkt\\\/wandmarkise-f45-eagle\\\/\"]}]},{\"@type\":\"ImageObject\",\"inLanguage\":\"de\",\"@id\":\"https:\\\/\\\/shop.bantam.ch\\\/de\\\/produkt\\\/wandmarkise-f45-eagle\\\/#primaryimage\",\"url\":\"https:\\\/\\\/shop.bantam.ch\\\/wp-content\\\/uploads\\\/2025\\\/12\\\/Movera-L-0106684100.jpg\",\"contentUrl\":\"https:\\\/\\\/shop.bantam.ch\\\/wp-content\\\/uploads\\\/2025\\\/12\\\/Movera-L-0106684100.jpg\",\"width\":640,\"height\":400},{\"@type\":\"BreadcrumbList\",\"@id\":\"https:\\\/\\\/shop.bantam.ch\\\/de\\\/produkt\\\/wandmarkise-f45-eagle\\\/#breadcrumb\",\"itemListElement\":[{\"@type\":\"ListItem\",\"position\":1,\"name\":\"Accueil\",\"item\":\"https:\\\/\\\/shop.bantam.ch\\\/de\\\/\"},{\"@type\":\"ListItem\",\"position\":2,\"name\":\"Shop\",\"item\":\"https:\\\/\\\/shop.bantam.ch\\\/de\\\/shop\\\/\"},{\"@type\":\"ListItem\",\"position\":3,\"name\":\"Wandmarkise F45 Eagle\"}]},{\"@type\":\"WebSite\",\"@id\":\"https:\\\/\\\/shop.bantam.ch\\\/de\\\/#website\",\"url\":\"https:\\\/\\\/shop.bantam.ch\\\/de\\\/\",\"name\":\"Bantam\",\"description\":\"\",\"publisher\":{\"@id\":\"https:\\\/\\\/shop.bantam.ch\\\/de\\\/#organization\"},\"inLanguage\":\"de\"},{\"@type\":\"Organization\",\"@id\":\"https:\\\/\\\/shop.bantam.ch\\\/de\\\/#organization\",\"name\":\"Bantam\",\"url\":\"https:\\\/\\\/shop.bantam.ch\\\/de\\\/\",\"logo\":{\"@type\":\"ImageObject\",\"inLanguage\":\"de\",\"@id\":\"https:\\\/\\\/shop.bantam.ch\\\/de\\\/#\\\/schema\\\/logo\\\/image\\\/\",\"url\":\"https:\\\/\\\/shop.bantam.ch\\\/wp-content\\\/uploads\\\/2022\\\/12\\\/bantam-logo.png\",\"contentUrl\":\"https:\\\/\\\/shop.bantam.ch\\\/wp-content\\\/uploads\\\/2022\\\/12\\\/bantam-logo.png\",\"width\":320,\"height\":71,\"caption\":\"Bantam\"},\"image\":{\"@id\":\"https:\\\/\\\/shop.bantam.ch\\\/de\\\/#\\\/schema\\\/logo\\\/image\\\/\"}}]}<\/script>\n<!-- \/ Yoast SEO plugin. -->","yoast_head_json":{"title":"Wandmarkise F45 Eagle - Bantam","robots":{"index":"index","follow":"follow","max-snippet":"max-snippet:-1","max-image-preview":"max-image-preview:large","max-video-preview":"max-video-preview:-1"},"canonical":"https:\/\/shop.bantam.ch\/de\/produkt\/wandmarkise-f45-eagle\/","og_locale":"de_DE","og_type":"article","og_title":"Wandmarkise F45 Eagle - Bantam","og_description":"Die innovative und kompakte Markise von italienischem Design Einfach zu montieren und in der Anwendung; die Markise F45s verbindet zukunftsorientierte Technik mit der besten Qualit\u00e4t und dem besten Service. Kompakt im Design und in der Funktion, immer auf dem neuesten Stand und von h\u00f6chster Qualit\u00e4t, resistent und solide sowie sicher und praktisch im Gebrauch. Die [&hellip;]","og_url":"https:\/\/shop.bantam.ch\/de\/produkt\/wandmarkise-f45-eagle\/","og_site_name":"Bantam","article_modified_time":"2026-05-10T00:08:32+00:00","twitter_card":"summary_large_image","twitter_misc":{"Gesch\u00e4tzte Lesezeit":"1\u00a0Minute"},"schema":{"@context":"https:\/\/schema.org","@graph":[{"@type":"WebPage","@id":"https:\/\/shop.bantam.ch\/de\/produkt\/wandmarkise-f45-eagle\/","url":"https:\/\/shop.bantam.ch\/de\/produkt\/wandmarkise-f45-eagle\/","name":"Wandmarkise F45 Eagle - Bantam","isPartOf":{"@id":"https:\/\/shop.bantam.ch\/de\/#website"},"primaryImageOfPage":{"@id":"https:\/\/shop.bantam.ch\/de\/produkt\/wandmarkise-f45-eagle\/#primaryimage"},"image":{"@id":"https:\/\/shop.bantam.ch\/de\/produkt\/wandmarkise-f45-eagle\/#primaryimage"},"thumbnailUrl":"https:\/\/shop.bantam.ch\/wp-content\/uploads\/2025\/12\/Movera-L-0106684100.jpg","datePublished":"2025-12-17T13:16:11+00:00","dateModified":"2026-05-10T00:08:32+00:00","breadcrumb":{"@id":"https:\/\/shop.bantam.ch\/de\/produkt\/wandmarkise-f45-eagle\/#breadcrumb"},"inLanguage":"de","potentialAction":[{"@type":"ReadAction","target":["https:\/\/shop.bantam.ch\/de\/produkt\/wandmarkise-f45-eagle\/"]}]},{"@type":"ImageObject","inLanguage":"de","@id":"https:\/\/shop.bantam.ch\/de\/produkt\/wandmarkise-f45-eagle\/#primaryimage","url":"https:\/\/shop.bantam.ch\/wp-content\/uploads\/2025\/12\/Movera-L-0106684100.jpg","contentUrl":"https:\/\/shop.bantam.ch\/wp-content\/uploads\/2025\/12\/Movera-L-0106684100.jpg","width":640,"height":400},{"@type":"BreadcrumbList","@id":"https:\/\/shop.bantam.ch\/de\/produkt\/wandmarkise-f45-eagle\/#breadcrumb","itemListElement":[{"@type":"ListItem","position":1,"name":"Accueil","item":"https:\/\/shop.bantam.ch\/de\/"},{"@type":"ListItem","position":2,"name":"Shop","item":"https:\/\/shop.bantam.ch\/de\/shop\/"},{"@type":"ListItem","position":3,"name":"Wandmarkise F45 Eagle"}]},{"@type":"WebSite","@id":"https:\/\/shop.bantam.ch\/de\/#website","url":"https:\/\/shop.bantam.ch\/de\/","name":"Bantam","description":"","publisher":{"@id":"https:\/\/shop.bantam.ch\/de\/#organization"},"inLanguage":"de"},{"@type":"Organization","@id":"https:\/\/shop.bantam.ch\/de\/#organization","name":"Bantam","url":"https:\/\/shop.bantam.ch\/de\/","logo":{"@type":"ImageObject","inLanguage":"de","@id":"https:\/\/shop.bantam.ch\/de\/#\/schema\/logo\/image\/","url":"https:\/\/shop.bantam.ch\/wp-content\/uploads\/2022\/12\/bantam-logo.png","contentUrl":"https:\/\/shop.bantam.ch\/wp-content\/uploads\/2022\/12\/bantam-logo.png","width":320,"height":71,"caption":"Bantam"},"image":{"@id":"https:\/\/shop.bantam.ch\/de\/#\/schema\/logo\/image\/"}}]}},"_links":{"self":[{"href":"https:\/\/shop.bantam.ch\/de\/wp-json\/wp\/v2\/product\/223958","targetHints":{"allow":["GET"]}}],"collection":[{"href":"https:\/\/shop.bantam.ch\/de\/wp-json\/wp\/v2\/product"}],"about":[{"href":"https:\/\/shop.bantam.ch\/de\/wp-json\/wp\/v2\/types\/product"}],"wp:featuredmedia":[{"embeddable":true,"href":"https:\/\/shop.bantam.ch\/de\/wp-json\/wp\/v2\/media\/223949"}],"wp:attachment":[{"href":"https:\/\/shop.bantam.ch\/de\/wp-json\/wp\/v2\/media?parent=223958"}],"wp:term":[{"taxonomy":"product_featured_cat","embeddable":true,"href":"https:\/\/shop.bantam.ch\/de\/wp-json\/wp\/v2\/product_featured_cat?post=223958"},{"taxonomy":"product_brand","embeddable":true,"href":"https:\/\/shop.bantam.ch\/de\/wp-json\/wp\/v2\/product_brand?post=223958"},{"taxonomy":"product_cat","embeddable":true,"href":"https:\/\/shop.bantam.ch\/de\/wp-json\/wp\/v2\/product_cat?post=223958"},{"taxonomy":"product_tag","embeddable":true,"href":"https:\/\/shop.bantam.ch\/de\/wp-json\/wp\/v2\/product_tag?post=223958"}],"curies":[{"name":"wp","href":"https:\/\/api.w.org\/{rel}","templated":true}]}}