{"id":223887,"date":"2025-12-17T14:14:36","date_gmt":"2025-12-17T13:14:36","guid":{"rendered":"https:\/\/shop.bantam.ch\/produit\/markisendapter-dometic-45-m-zu-perfekt-roof-passend-fuer-carthago-chic-c-highliner\/"},"modified":"2026-04-18T23:39:37","modified_gmt":"2026-04-18T21:39:37","slug":"markisendapter-dometic-45-m-zu-perfekt-roof-passend-fuer-carthago-chic-c-highliner","status":"publish","type":"product","link":"https:\/\/shop.bantam.ch\/de\/produkt\/markisendapter-dometic-45-m-zu-perfekt-roof-passend-fuer-carthago-chic-c-highliner\/","title":{"rendered":"Markisendapter DOMETIC 4,5 m zu Perfekt Roof passend f\u00fcr Carthago Chic C-Highliner"},"content":{"rendered":"<p>Dachmarkisenadapter, Schiene \u00fcber die gesamte L\u00e4nge f\u00fcr passend f\u00fcr Carthago Chic, L\u00e4nge 4,5&nbsp;m. Dieser Adapter von Dometic sorgt daf\u00fcr, dass sich Ihre Markise immer perfekt an Ihrem Wohnmobildach anbringen l\u00e4sst. Dometic Markisenadapter sind so robust wie unsere Markisen. Bei uns finden Sie eine gro\u00dfe Auswahl an Adaptern &#8211; auch f\u00fcr Ihr Fahrzeug! Wenn Sie keinen Adapter finden, der zu Ihrem Fahrzeugtyp passt, wenden Sie sich bitte direkt an Dometic oder an Ihren Dometic Fachh\u00e4ndler vor Ort&nbsp;\u2013 wir finden bestimmt auch eine L\u00f6sung f\u00fcr Ihre Anforderung.<\/p>\n","protected":false},"excerpt":{"rendered":"<p>Dachmarkisenadapter, Schiene \u00fcber die gesamte L\u00e4nge f\u00fcr passend f\u00fcr Carthago Chic, L\u00e4nge 4,5&nbsp;m. Dieser Adapter von Dometic sorgt daf\u00fcr, dass sich Ihre Markise immer perfekt an Ihrem Wohnmobildach anbringen l\u00e4sst. Dometic Markisenadapter sind so robust wie unsere Markisen. Bei uns finden Sie eine gro\u00dfe Auswahl an Adaptern &#8211; auch f\u00fcr Ihr Fahrzeug! Wenn Sie keinen [&hellip;]<\/p>\n","protected":false},"featured_media":223885,"template":"","meta":{"_acf_changed":false},"product_featured_cat":[],"product_brand":[],"product_cat":[4226],"product_tag":[],"class_list":{"0":"post-223887","1":"product","2":"type-product","3":"status-publish","4":"has-post-thumbnail","6":"product_cat-markisen-adapter","8":"first","9":"instock","10":"taxable","11":"shipping-taxable","12":"purchasable","13":"product-type-simple"},"acf":[],"yoast_head":"<!-- This site is optimized with the Yoast SEO plugin v27.4 - https:\/\/yoast.com\/product\/yoast-seo-wordpress\/ -->\n<title>Markisendapter DOMETIC 4,5 m zu Perfekt Roof passend f\u00fcr Carthago Chic C-Highliner - Bantam Camping AG<\/title>\n<meta name=\"robots\" content=\"index, follow, max-snippet:-1, max-image-preview:large, max-video-preview:-1\" \/>\n<link rel=\"canonical\" href=\"https:\/\/shop.bantam.ch\/de\/produkt\/markisendapter-dometic-45-m-zu-perfekt-roof-passend-fuer-carthago-chic-c-highliner\/\" \/>\n<meta property=\"og:locale\" content=\"de_DE\" \/>\n<meta property=\"og:type\" content=\"article\" \/>\n<meta property=\"og:title\" content=\"Markisendapter DOMETIC 4,5 m zu Perfekt Roof passend f\u00fcr Carthago Chic C-Highliner - Bantam Camping AG\" \/>\n<meta property=\"og:description\" content=\"Dachmarkisenadapter, Schiene \u00fcber die gesamte L\u00e4nge f\u00fcr passend f\u00fcr Carthago Chic, L\u00e4nge 4,5&nbsp;m. Dieser Adapter von Dometic sorgt daf\u00fcr, dass sich Ihre Markise immer perfekt an Ihrem Wohnmobildach anbringen l\u00e4sst. Dometic Markisenadapter sind so robust wie unsere Markisen. Bei uns finden Sie eine gro\u00dfe Auswahl an Adaptern &#8211; auch f\u00fcr Ihr Fahrzeug! Wenn Sie keinen [&hellip;]\" \/>\n<meta property=\"og:url\" content=\"https:\/\/shop.bantam.ch\/de\/produkt\/markisendapter-dometic-45-m-zu-perfekt-roof-passend-fuer-carthago-chic-c-highliner\/\" \/>\n<meta property=\"og:site_name\" content=\"Bantam Camping AG\" \/>\n<meta property=\"article:modified_time\" content=\"2026-04-18T21:39:37+00:00\" \/>\n<meta name=\"twitter:card\" content=\"summary_large_image\" \/>\n<script type=\"application\/ld+json\" class=\"yoast-schema-graph\">{\"@context\":\"https:\\\/\\\/schema.org\",\"@graph\":[{\"@type\":\"WebPage\",\"@id\":\"https:\\\/\\\/shop.bantam.ch\\\/de\\\/produkt\\\/markisendapter-dometic-45-m-zu-perfekt-roof-passend-fuer-carthago-chic-c-highliner\\\/\",\"url\":\"https:\\\/\\\/shop.bantam.ch\\\/de\\\/produkt\\\/markisendapter-dometic-45-m-zu-perfekt-roof-passend-fuer-carthago-chic-c-highliner\\\/\",\"name\":\"Markisendapter DOMETIC 4,5 m zu Perfekt Roof passend f\u00fcr Carthago Chic C-Highliner - Bantam Camping AG\",\"isPartOf\":{\"@id\":\"https:\\\/\\\/shop.bantam.ch\\\/de\\\/#website\"},\"primaryImageOfPage\":{\"@id\":\"https:\\\/\\\/shop.bantam.ch\\\/de\\\/produkt\\\/markisendapter-dometic-45-m-zu-perfekt-roof-passend-fuer-carthago-chic-c-highliner\\\/#primaryimage\"},\"image\":{\"@id\":\"https:\\\/\\\/shop.bantam.ch\\\/de\\\/produkt\\\/markisendapter-dometic-45-m-zu-perfekt-roof-passend-fuer-carthago-chic-c-highliner\\\/#primaryimage\"},\"thumbnailUrl\":\"https:\\\/\\\/shop.bantam.ch\\\/wp-content\\\/uploads\\\/2025\\\/12\\\/Movera-L-9938314100.jpg\",\"datePublished\":\"2025-12-17T13:14:36+00:00\",\"dateModified\":\"2026-04-18T21:39:37+00:00\",\"breadcrumb\":{\"@id\":\"https:\\\/\\\/shop.bantam.ch\\\/de\\\/produkt\\\/markisendapter-dometic-45-m-zu-perfekt-roof-passend-fuer-carthago-chic-c-highliner\\\/#breadcrumb\"},\"inLanguage\":\"de\",\"potentialAction\":[{\"@type\":\"ReadAction\",\"target\":[\"https:\\\/\\\/shop.bantam.ch\\\/de\\\/produkt\\\/markisendapter-dometic-45-m-zu-perfekt-roof-passend-fuer-carthago-chic-c-highliner\\\/\"]}]},{\"@type\":\"ImageObject\",\"inLanguage\":\"de\",\"@id\":\"https:\\\/\\\/shop.bantam.ch\\\/de\\\/produkt\\\/markisendapter-dometic-45-m-zu-perfekt-roof-passend-fuer-carthago-chic-c-highliner\\\/#primaryimage\",\"url\":\"https:\\\/\\\/shop.bantam.ch\\\/wp-content\\\/uploads\\\/2025\\\/12\\\/Movera-L-9938314100.jpg\",\"contentUrl\":\"https:\\\/\\\/shop.bantam.ch\\\/wp-content\\\/uploads\\\/2025\\\/12\\\/Movera-L-9938314100.jpg\",\"width\":640,\"height\":640},{\"@type\":\"BreadcrumbList\",\"@id\":\"https:\\\/\\\/shop.bantam.ch\\\/de\\\/produkt\\\/markisendapter-dometic-45-m-zu-perfekt-roof-passend-fuer-carthago-chic-c-highliner\\\/#breadcrumb\",\"itemListElement\":[{\"@type\":\"ListItem\",\"position\":1,\"name\":\"Accueil\",\"item\":\"https:\\\/\\\/shop.bantam.ch\\\/de\\\/\"},{\"@type\":\"ListItem\",\"position\":2,\"name\":\"Shop\",\"item\":\"https:\\\/\\\/shop.bantam.ch\\\/de\\\/shop\\\/\"},{\"@type\":\"ListItem\",\"position\":3,\"name\":\"Markisendapter DOMETIC 4,5 m zu Perfekt Roof passend f\u00fcr Carthago Chic C-Highliner\"}]},{\"@type\":\"WebSite\",\"@id\":\"https:\\\/\\\/shop.bantam.ch\\\/de\\\/#website\",\"url\":\"https:\\\/\\\/shop.bantam.ch\\\/de\\\/\",\"name\":\"Bantam Camping AG\",\"description\":\"\",\"publisher\":{\"@id\":\"https:\\\/\\\/shop.bantam.ch\\\/de\\\/#organization\"},\"inLanguage\":\"de\"},{\"@type\":\"Organization\",\"@id\":\"https:\\\/\\\/shop.bantam.ch\\\/de\\\/#organization\",\"name\":\"Bantam Camping AG\",\"url\":\"https:\\\/\\\/shop.bantam.ch\\\/de\\\/\",\"logo\":{\"@type\":\"ImageObject\",\"inLanguage\":\"de\",\"@id\":\"https:\\\/\\\/shop.bantam.ch\\\/de\\\/#\\\/schema\\\/logo\\\/image\\\/\",\"url\":\"https:\\\/\\\/shop.bantam.ch\\\/wp-content\\\/uploads\\\/2022\\\/12\\\/bantam-logo.png\",\"contentUrl\":\"https:\\\/\\\/shop.bantam.ch\\\/wp-content\\\/uploads\\\/2022\\\/12\\\/bantam-logo.png\",\"width\":320,\"height\":71,\"caption\":\"Bantam Camping AG\"},\"image\":{\"@id\":\"https:\\\/\\\/shop.bantam.ch\\\/de\\\/#\\\/schema\\\/logo\\\/image\\\/\"}}]}<\/script>\n<!-- \/ Yoast SEO plugin. -->","yoast_head_json":{"title":"Markisendapter DOMETIC 4,5 m zu Perfekt Roof passend f\u00fcr Carthago Chic C-Highliner - Bantam Camping AG","robots":{"index":"index","follow":"follow","max-snippet":"max-snippet:-1","max-image-preview":"max-image-preview:large","max-video-preview":"max-video-preview:-1"},"canonical":"https:\/\/shop.bantam.ch\/de\/produkt\/markisendapter-dometic-45-m-zu-perfekt-roof-passend-fuer-carthago-chic-c-highliner\/","og_locale":"de_DE","og_type":"article","og_title":"Markisendapter DOMETIC 4,5 m zu Perfekt Roof passend f\u00fcr Carthago Chic C-Highliner - Bantam Camping AG","og_description":"Dachmarkisenadapter, Schiene \u00fcber die gesamte L\u00e4nge f\u00fcr passend f\u00fcr Carthago Chic, L\u00e4nge 4,5&nbsp;m. Dieser Adapter von Dometic sorgt daf\u00fcr, dass sich Ihre Markise immer perfekt an Ihrem Wohnmobildach anbringen l\u00e4sst. Dometic Markisenadapter sind so robust wie unsere Markisen. Bei uns finden Sie eine gro\u00dfe Auswahl an Adaptern &#8211; auch f\u00fcr Ihr Fahrzeug! Wenn Sie keinen [&hellip;]","og_url":"https:\/\/shop.bantam.ch\/de\/produkt\/markisendapter-dometic-45-m-zu-perfekt-roof-passend-fuer-carthago-chic-c-highliner\/","og_site_name":"Bantam Camping AG","article_modified_time":"2026-04-18T21:39:37+00:00","twitter_card":"summary_large_image","schema":{"@context":"https:\/\/schema.org","@graph":[{"@type":"WebPage","@id":"https:\/\/shop.bantam.ch\/de\/produkt\/markisendapter-dometic-45-m-zu-perfekt-roof-passend-fuer-carthago-chic-c-highliner\/","url":"https:\/\/shop.bantam.ch\/de\/produkt\/markisendapter-dometic-45-m-zu-perfekt-roof-passend-fuer-carthago-chic-c-highliner\/","name":"Markisendapter DOMETIC 4,5 m zu Perfekt Roof passend f\u00fcr Carthago Chic C-Highliner - Bantam Camping AG","isPartOf":{"@id":"https:\/\/shop.bantam.ch\/de\/#website"},"primaryImageOfPage":{"@id":"https:\/\/shop.bantam.ch\/de\/produkt\/markisendapter-dometic-45-m-zu-perfekt-roof-passend-fuer-carthago-chic-c-highliner\/#primaryimage"},"image":{"@id":"https:\/\/shop.bantam.ch\/de\/produkt\/markisendapter-dometic-45-m-zu-perfekt-roof-passend-fuer-carthago-chic-c-highliner\/#primaryimage"},"thumbnailUrl":"https:\/\/shop.bantam.ch\/wp-content\/uploads\/2025\/12\/Movera-L-9938314100.jpg","datePublished":"2025-12-17T13:14:36+00:00","dateModified":"2026-04-18T21:39:37+00:00","breadcrumb":{"@id":"https:\/\/shop.bantam.ch\/de\/produkt\/markisendapter-dometic-45-m-zu-perfekt-roof-passend-fuer-carthago-chic-c-highliner\/#breadcrumb"},"inLanguage":"de","potentialAction":[{"@type":"ReadAction","target":["https:\/\/shop.bantam.ch\/de\/produkt\/markisendapter-dometic-45-m-zu-perfekt-roof-passend-fuer-carthago-chic-c-highliner\/"]}]},{"@type":"ImageObject","inLanguage":"de","@id":"https:\/\/shop.bantam.ch\/de\/produkt\/markisendapter-dometic-45-m-zu-perfekt-roof-passend-fuer-carthago-chic-c-highliner\/#primaryimage","url":"https:\/\/shop.bantam.ch\/wp-content\/uploads\/2025\/12\/Movera-L-9938314100.jpg","contentUrl":"https:\/\/shop.bantam.ch\/wp-content\/uploads\/2025\/12\/Movera-L-9938314100.jpg","width":640,"height":640},{"@type":"BreadcrumbList","@id":"https:\/\/shop.bantam.ch\/de\/produkt\/markisendapter-dometic-45-m-zu-perfekt-roof-passend-fuer-carthago-chic-c-highliner\/#breadcrumb","itemListElement":[{"@type":"ListItem","position":1,"name":"Accueil","item":"https:\/\/shop.bantam.ch\/de\/"},{"@type":"ListItem","position":2,"name":"Shop","item":"https:\/\/shop.bantam.ch\/de\/shop\/"},{"@type":"ListItem","position":3,"name":"Markisendapter DOMETIC 4,5 m zu Perfekt Roof passend f\u00fcr Carthago Chic C-Highliner"}]},{"@type":"WebSite","@id":"https:\/\/shop.bantam.ch\/de\/#website","url":"https:\/\/shop.bantam.ch\/de\/","name":"Bantam Camping AG","description":"","publisher":{"@id":"https:\/\/shop.bantam.ch\/de\/#organization"},"inLanguage":"de"},{"@type":"Organization","@id":"https:\/\/shop.bantam.ch\/de\/#organization","name":"Bantam Camping AG","url":"https:\/\/shop.bantam.ch\/de\/","logo":{"@type":"ImageObject","inLanguage":"de","@id":"https:\/\/shop.bantam.ch\/de\/#\/schema\/logo\/image\/","url":"https:\/\/shop.bantam.ch\/wp-content\/uploads\/2022\/12\/bantam-logo.png","contentUrl":"https:\/\/shop.bantam.ch\/wp-content\/uploads\/2022\/12\/bantam-logo.png","width":320,"height":71,"caption":"Bantam Camping AG"},"image":{"@id":"https:\/\/shop.bantam.ch\/de\/#\/schema\/logo\/image\/"}}]}},"_links":{"self":[{"href":"https:\/\/shop.bantam.ch\/de\/wp-json\/wp\/v2\/product\/223887","targetHints":{"allow":["GET"]}}],"collection":[{"href":"https:\/\/shop.bantam.ch\/de\/wp-json\/wp\/v2\/product"}],"about":[{"href":"https:\/\/shop.bantam.ch\/de\/wp-json\/wp\/v2\/types\/product"}],"wp:featuredmedia":[{"embeddable":true,"href":"https:\/\/shop.bantam.ch\/de\/wp-json\/wp\/v2\/media\/223885"}],"wp:attachment":[{"href":"https:\/\/shop.bantam.ch\/de\/wp-json\/wp\/v2\/media?parent=223887"}],"wp:term":[{"taxonomy":"product_featured_cat","embeddable":true,"href":"https:\/\/shop.bantam.ch\/de\/wp-json\/wp\/v2\/product_featured_cat?post=223887"},{"taxonomy":"product_brand","embeddable":true,"href":"https:\/\/shop.bantam.ch\/de\/wp-json\/wp\/v2\/product_brand?post=223887"},{"taxonomy":"product_cat","embeddable":true,"href":"https:\/\/shop.bantam.ch\/de\/wp-json\/wp\/v2\/product_cat?post=223887"},{"taxonomy":"product_tag","embeddable":true,"href":"https:\/\/shop.bantam.ch\/de\/wp-json\/wp\/v2\/product_tag?post=223887"}],"curies":[{"name":"wp","href":"https:\/\/api.w.org\/{rel}","templated":true}]}}