{"id":223797,"date":"2025-12-17T14:08:06","date_gmt":"2025-12-17T13:08:06","guid":{"rendered":"https:\/\/shop.bantam.ch\/produit\/fley-toilet-brush-fb-grau-weiss\/"},"modified":"2026-04-17T23:35:46","modified_gmt":"2026-04-17T21:35:46","slug":"fley-toilet-brush-fb-grau-weiss","status":"publish","type":"product","link":"https:\/\/shop.bantam.ch\/de\/produkt\/fley-toilet-brush-fb-grau-weiss\/","title":{"rendered":"Fley Toilet Brush Fb. Grau\/Wei\u00df"},"content":{"rendered":"<p>Herk\u00f6mmliche Toilettenb\u00fcrsten nehmen Schmutz und Fl\u00fcssigkeit auf, was ihre Benutzung und Reinigung unhygienisch macht. Au\u00dferdem k\u00f6nnen sich ihre Borsten verformen und abnutzen, so dass sie regelm\u00e4\u00dfig ersetzt werden m\u00fcssen. Flex ist eine revolution\u00e4re Toilettenb\u00fcrste, die all diese Probleme l\u00f6sen soll. Sie verf\u00fcgt \u00fcber einen flexiblen, D-f\u00f6rmigen Kopf, der alle Bereiche erreicht, sogar unter dem Rand. Die weit auseinander stehenden Borsten verhindern das Verstopfen mit Schmutz, lassen die Fl\u00fcssigkeit schnell ablaufen und sind haltbarer als herk\u00f6mmliche Borsten. Flex wird au\u00dferdem mit einem schlanken Halter f\u00fcr eine saubere Aufbewahrung geliefert.<\/p>\n","protected":false},"excerpt":{"rendered":"<p>Herk\u00f6mmliche Toilettenb\u00fcrsten nehmen Schmutz und Fl\u00fcssigkeit auf, was ihre Benutzung und Reinigung unhygienisch macht. Au\u00dferdem k\u00f6nnen sich ihre Borsten verformen und abnutzen, so dass sie regelm\u00e4\u00dfig ersetzt werden m\u00fcssen. Flex ist eine revolution\u00e4re Toilettenb\u00fcrste, die all diese Probleme l\u00f6sen soll. Sie verf\u00fcgt \u00fcber einen flexiblen, D-f\u00f6rmigen Kopf, der alle Bereiche erreicht, sogar unter dem Rand. [&hellip;]<\/p>\n","protected":false},"featured_media":223793,"template":"","meta":{"_acf_changed":false},"product_featured_cat":[],"product_brand":[],"product_cat":[4578],"product_tag":[],"class_list":{"0":"post-223797","1":"product","2":"type-product","3":"status-publish","4":"has-post-thumbnail","6":"product_cat-bad-accessoires","8":"first","9":"instock","10":"taxable","11":"shipping-taxable","12":"purchasable","13":"product-type-simple"},"acf":[],"yoast_head":"<!-- This site is optimized with the Yoast SEO plugin v27.4 - https:\/\/yoast.com\/product\/yoast-seo-wordpress\/ -->\n<title>Fley Toilet Brush Fb. Grau\/Wei\u00df - Bantam Camping AG<\/title>\n<meta name=\"robots\" content=\"index, follow, max-snippet:-1, max-image-preview:large, max-video-preview:-1\" \/>\n<link rel=\"canonical\" href=\"https:\/\/shop.bantam.ch\/de\/produkt\/fley-toilet-brush-fb-grau-weiss\/\" \/>\n<meta property=\"og:locale\" content=\"de_DE\" \/>\n<meta property=\"og:type\" content=\"article\" \/>\n<meta property=\"og:title\" content=\"Fley Toilet Brush Fb. Grau\/Wei\u00df - Bantam Camping AG\" \/>\n<meta property=\"og:description\" content=\"Herk\u00f6mmliche Toilettenb\u00fcrsten nehmen Schmutz und Fl\u00fcssigkeit auf, was ihre Benutzung und Reinigung unhygienisch macht. Au\u00dferdem k\u00f6nnen sich ihre Borsten verformen und abnutzen, so dass sie regelm\u00e4\u00dfig ersetzt werden m\u00fcssen. Flex ist eine revolution\u00e4re Toilettenb\u00fcrste, die all diese Probleme l\u00f6sen soll. Sie verf\u00fcgt \u00fcber einen flexiblen, D-f\u00f6rmigen Kopf, der alle Bereiche erreicht, sogar unter dem Rand. [&hellip;]\" \/>\n<meta property=\"og:url\" content=\"https:\/\/shop.bantam.ch\/de\/produkt\/fley-toilet-brush-fb-grau-weiss\/\" \/>\n<meta property=\"og:site_name\" content=\"Bantam Camping AG\" \/>\n<meta property=\"article:modified_time\" content=\"2026-04-17T21:35:46+00:00\" \/>\n<meta name=\"twitter:card\" content=\"summary_large_image\" \/>\n<meta name=\"twitter:label1\" content=\"Gesch\u00e4tzte Lesezeit\" \/>\n\t<meta name=\"twitter:data1\" content=\"1\u00a0Minute\" \/>\n<script type=\"application\/ld+json\" class=\"yoast-schema-graph\">{\"@context\":\"https:\\\/\\\/schema.org\",\"@graph\":[{\"@type\":\"WebPage\",\"@id\":\"https:\\\/\\\/shop.bantam.ch\\\/de\\\/produkt\\\/fley-toilet-brush-fb-grau-weiss\\\/\",\"url\":\"https:\\\/\\\/shop.bantam.ch\\\/de\\\/produkt\\\/fley-toilet-brush-fb-grau-weiss\\\/\",\"name\":\"Fley Toilet Brush Fb. Grau\\\/Wei\u00df - Bantam Camping AG\",\"isPartOf\":{\"@id\":\"https:\\\/\\\/shop.bantam.ch\\\/de\\\/#website\"},\"primaryImageOfPage\":{\"@id\":\"https:\\\/\\\/shop.bantam.ch\\\/de\\\/produkt\\\/fley-toilet-brush-fb-grau-weiss\\\/#primaryimage\"},\"image\":{\"@id\":\"https:\\\/\\\/shop.bantam.ch\\\/de\\\/produkt\\\/fley-toilet-brush-fb-grau-weiss\\\/#primaryimage\"},\"thumbnailUrl\":\"https:\\\/\\\/shop.bantam.ch\\\/wp-content\\\/uploads\\\/2025\\\/12\\\/Movera-L-9935079100.jpg\",\"datePublished\":\"2025-12-17T13:08:06+00:00\",\"dateModified\":\"2026-04-17T21:35:46+00:00\",\"breadcrumb\":{\"@id\":\"https:\\\/\\\/shop.bantam.ch\\\/de\\\/produkt\\\/fley-toilet-brush-fb-grau-weiss\\\/#breadcrumb\"},\"inLanguage\":\"de\",\"potentialAction\":[{\"@type\":\"ReadAction\",\"target\":[\"https:\\\/\\\/shop.bantam.ch\\\/de\\\/produkt\\\/fley-toilet-brush-fb-grau-weiss\\\/\"]}]},{\"@type\":\"ImageObject\",\"inLanguage\":\"de\",\"@id\":\"https:\\\/\\\/shop.bantam.ch\\\/de\\\/produkt\\\/fley-toilet-brush-fb-grau-weiss\\\/#primaryimage\",\"url\":\"https:\\\/\\\/shop.bantam.ch\\\/wp-content\\\/uploads\\\/2025\\\/12\\\/Movera-L-9935079100.jpg\",\"contentUrl\":\"https:\\\/\\\/shop.bantam.ch\\\/wp-content\\\/uploads\\\/2025\\\/12\\\/Movera-L-9935079100.jpg\",\"width\":640,\"height\":1457},{\"@type\":\"BreadcrumbList\",\"@id\":\"https:\\\/\\\/shop.bantam.ch\\\/de\\\/produkt\\\/fley-toilet-brush-fb-grau-weiss\\\/#breadcrumb\",\"itemListElement\":[{\"@type\":\"ListItem\",\"position\":1,\"name\":\"Accueil\",\"item\":\"https:\\\/\\\/shop.bantam.ch\\\/de\\\/\"},{\"@type\":\"ListItem\",\"position\":2,\"name\":\"Shop\",\"item\":\"https:\\\/\\\/shop.bantam.ch\\\/de\\\/shop\\\/\"},{\"@type\":\"ListItem\",\"position\":3,\"name\":\"Fley Toilet Brush Fb. Grau\\\/Wei\u00df\"}]},{\"@type\":\"WebSite\",\"@id\":\"https:\\\/\\\/shop.bantam.ch\\\/de\\\/#website\",\"url\":\"https:\\\/\\\/shop.bantam.ch\\\/de\\\/\",\"name\":\"Bantam Camping AG\",\"description\":\"\",\"publisher\":{\"@id\":\"https:\\\/\\\/shop.bantam.ch\\\/de\\\/#organization\"},\"inLanguage\":\"de\"},{\"@type\":\"Organization\",\"@id\":\"https:\\\/\\\/shop.bantam.ch\\\/de\\\/#organization\",\"name\":\"Bantam Camping AG\",\"url\":\"https:\\\/\\\/shop.bantam.ch\\\/de\\\/\",\"logo\":{\"@type\":\"ImageObject\",\"inLanguage\":\"de\",\"@id\":\"https:\\\/\\\/shop.bantam.ch\\\/de\\\/#\\\/schema\\\/logo\\\/image\\\/\",\"url\":\"https:\\\/\\\/shop.bantam.ch\\\/wp-content\\\/uploads\\\/2022\\\/12\\\/bantam-logo.png\",\"contentUrl\":\"https:\\\/\\\/shop.bantam.ch\\\/wp-content\\\/uploads\\\/2022\\\/12\\\/bantam-logo.png\",\"width\":320,\"height\":71,\"caption\":\"Bantam Camping AG\"},\"image\":{\"@id\":\"https:\\\/\\\/shop.bantam.ch\\\/de\\\/#\\\/schema\\\/logo\\\/image\\\/\"}}]}<\/script>\n<!-- \/ Yoast SEO plugin. -->","yoast_head_json":{"title":"Fley Toilet Brush Fb. Grau\/Wei\u00df - Bantam Camping AG","robots":{"index":"index","follow":"follow","max-snippet":"max-snippet:-1","max-image-preview":"max-image-preview:large","max-video-preview":"max-video-preview:-1"},"canonical":"https:\/\/shop.bantam.ch\/de\/produkt\/fley-toilet-brush-fb-grau-weiss\/","og_locale":"de_DE","og_type":"article","og_title":"Fley Toilet Brush Fb. Grau\/Wei\u00df - Bantam Camping AG","og_description":"Herk\u00f6mmliche Toilettenb\u00fcrsten nehmen Schmutz und Fl\u00fcssigkeit auf, was ihre Benutzung und Reinigung unhygienisch macht. Au\u00dferdem k\u00f6nnen sich ihre Borsten verformen und abnutzen, so dass sie regelm\u00e4\u00dfig ersetzt werden m\u00fcssen. Flex ist eine revolution\u00e4re Toilettenb\u00fcrste, die all diese Probleme l\u00f6sen soll. Sie verf\u00fcgt \u00fcber einen flexiblen, D-f\u00f6rmigen Kopf, der alle Bereiche erreicht, sogar unter dem Rand. [&hellip;]","og_url":"https:\/\/shop.bantam.ch\/de\/produkt\/fley-toilet-brush-fb-grau-weiss\/","og_site_name":"Bantam Camping AG","article_modified_time":"2026-04-17T21:35:46+00:00","twitter_card":"summary_large_image","twitter_misc":{"Gesch\u00e4tzte Lesezeit":"1\u00a0Minute"},"schema":{"@context":"https:\/\/schema.org","@graph":[{"@type":"WebPage","@id":"https:\/\/shop.bantam.ch\/de\/produkt\/fley-toilet-brush-fb-grau-weiss\/","url":"https:\/\/shop.bantam.ch\/de\/produkt\/fley-toilet-brush-fb-grau-weiss\/","name":"Fley Toilet Brush Fb. Grau\/Wei\u00df - Bantam Camping AG","isPartOf":{"@id":"https:\/\/shop.bantam.ch\/de\/#website"},"primaryImageOfPage":{"@id":"https:\/\/shop.bantam.ch\/de\/produkt\/fley-toilet-brush-fb-grau-weiss\/#primaryimage"},"image":{"@id":"https:\/\/shop.bantam.ch\/de\/produkt\/fley-toilet-brush-fb-grau-weiss\/#primaryimage"},"thumbnailUrl":"https:\/\/shop.bantam.ch\/wp-content\/uploads\/2025\/12\/Movera-L-9935079100.jpg","datePublished":"2025-12-17T13:08:06+00:00","dateModified":"2026-04-17T21:35:46+00:00","breadcrumb":{"@id":"https:\/\/shop.bantam.ch\/de\/produkt\/fley-toilet-brush-fb-grau-weiss\/#breadcrumb"},"inLanguage":"de","potentialAction":[{"@type":"ReadAction","target":["https:\/\/shop.bantam.ch\/de\/produkt\/fley-toilet-brush-fb-grau-weiss\/"]}]},{"@type":"ImageObject","inLanguage":"de","@id":"https:\/\/shop.bantam.ch\/de\/produkt\/fley-toilet-brush-fb-grau-weiss\/#primaryimage","url":"https:\/\/shop.bantam.ch\/wp-content\/uploads\/2025\/12\/Movera-L-9935079100.jpg","contentUrl":"https:\/\/shop.bantam.ch\/wp-content\/uploads\/2025\/12\/Movera-L-9935079100.jpg","width":640,"height":1457},{"@type":"BreadcrumbList","@id":"https:\/\/shop.bantam.ch\/de\/produkt\/fley-toilet-brush-fb-grau-weiss\/#breadcrumb","itemListElement":[{"@type":"ListItem","position":1,"name":"Accueil","item":"https:\/\/shop.bantam.ch\/de\/"},{"@type":"ListItem","position":2,"name":"Shop","item":"https:\/\/shop.bantam.ch\/de\/shop\/"},{"@type":"ListItem","position":3,"name":"Fley Toilet Brush Fb. Grau\/Wei\u00df"}]},{"@type":"WebSite","@id":"https:\/\/shop.bantam.ch\/de\/#website","url":"https:\/\/shop.bantam.ch\/de\/","name":"Bantam Camping AG","description":"","publisher":{"@id":"https:\/\/shop.bantam.ch\/de\/#organization"},"inLanguage":"de"},{"@type":"Organization","@id":"https:\/\/shop.bantam.ch\/de\/#organization","name":"Bantam Camping AG","url":"https:\/\/shop.bantam.ch\/de\/","logo":{"@type":"ImageObject","inLanguage":"de","@id":"https:\/\/shop.bantam.ch\/de\/#\/schema\/logo\/image\/","url":"https:\/\/shop.bantam.ch\/wp-content\/uploads\/2022\/12\/bantam-logo.png","contentUrl":"https:\/\/shop.bantam.ch\/wp-content\/uploads\/2022\/12\/bantam-logo.png","width":320,"height":71,"caption":"Bantam Camping AG"},"image":{"@id":"https:\/\/shop.bantam.ch\/de\/#\/schema\/logo\/image\/"}}]}},"_links":{"self":[{"href":"https:\/\/shop.bantam.ch\/de\/wp-json\/wp\/v2\/product\/223797","targetHints":{"allow":["GET"]}}],"collection":[{"href":"https:\/\/shop.bantam.ch\/de\/wp-json\/wp\/v2\/product"}],"about":[{"href":"https:\/\/shop.bantam.ch\/de\/wp-json\/wp\/v2\/types\/product"}],"wp:featuredmedia":[{"embeddable":true,"href":"https:\/\/shop.bantam.ch\/de\/wp-json\/wp\/v2\/media\/223793"}],"wp:attachment":[{"href":"https:\/\/shop.bantam.ch\/de\/wp-json\/wp\/v2\/media?parent=223797"}],"wp:term":[{"taxonomy":"product_featured_cat","embeddable":true,"href":"https:\/\/shop.bantam.ch\/de\/wp-json\/wp\/v2\/product_featured_cat?post=223797"},{"taxonomy":"product_brand","embeddable":true,"href":"https:\/\/shop.bantam.ch\/de\/wp-json\/wp\/v2\/product_brand?post=223797"},{"taxonomy":"product_cat","embeddable":true,"href":"https:\/\/shop.bantam.ch\/de\/wp-json\/wp\/v2\/product_cat?post=223797"},{"taxonomy":"product_tag","embeddable":true,"href":"https:\/\/shop.bantam.ch\/de\/wp-json\/wp\/v2\/product_tag?post=223797"}],"curies":[{"name":"wp","href":"https:\/\/api.w.org\/{rel}","templated":true}]}}