{"id":223787,"date":"2025-12-17T14:07:48","date_gmt":"2025-12-17T13:07:48","guid":{"rendered":"https:\/\/shop.bantam.ch\/produit\/fahrerhaus-jacket-hindermann-wintertime-passend-fuer-ducato-2007-2014\/"},"modified":"2026-04-29T23:41:45","modified_gmt":"2026-04-29T21:41:45","slug":"fahrerhaus-jacket-hindermann-wintertime-passend-fuer-ducato-2007-2014","status":"publish","type":"product","link":"https:\/\/shop.bantam.ch\/de\/produkt\/fahrerhaus-jacket-hindermann-wintertime-passend-fuer-ducato-2007-2014\/","title":{"rendered":"Fahrerhaus-Jacket HINDERMANN Wintertime passend f\u00fcr Ducato 2007\/2014"},"content":{"rendered":"<p>Das HINDERMANN Fahrerhausjacket ist aus atmungsaktivem SFS-3-Material der Serie WINTERTIME. Die Schutzplane ist einteilig gearbeitet und leicht zu befestigen. Sie wird einfach in die leicht ge\u00f6ffneten T\u00fcrkanten eingeh\u00e4ngt und abgespannt. Alle Au\u00dfenkanten sind sorgf\u00e4ltig eingefasst. Die Abspannlaschen verf\u00fcgen \u00fcber den bew\u00e4hrten Zusatzschutz, welcher vor Reibung auf der Lackierung sch\u00fctzt. Zum Lieferumfang geh\u00f6ren Gummispanner.<\/p>\n","protected":false},"excerpt":{"rendered":"<p>Das HINDERMANN Fahrerhausjacket ist aus atmungsaktivem SFS-3-Material der Serie WINTERTIME. Die Schutzplane ist einteilig gearbeitet und leicht zu befestigen. Sie wird einfach in die leicht ge\u00f6ffneten T\u00fcrkanten eingeh\u00e4ngt und abgespannt. Alle Au\u00dfenkanten sind sorgf\u00e4ltig eingefasst. Die Abspannlaschen verf\u00fcgen \u00fcber den bew\u00e4hrten Zusatzschutz, welcher vor Reibung auf der Lackierung sch\u00fctzt. Zum Lieferumfang geh\u00f6ren Gummispanner.<\/p>\n","protected":false},"featured_media":223785,"template":"","meta":{"_acf_changed":false},"product_featured_cat":[],"product_brand":[],"product_cat":[4642],"product_tag":[],"class_list":{"0":"post-223787","1":"product","2":"type-product","3":"status-publish","4":"has-post-thumbnail","6":"product_cat-thermomatten-vorhaenge","8":"first","9":"instock","10":"taxable","11":"shipping-taxable","12":"purchasable","13":"product-type-simple"},"acf":[],"yoast_head":"<!-- This site is optimized with the Yoast SEO plugin v27.5 - https:\/\/yoast.com\/product\/yoast-seo-wordpress\/ -->\n<title>Fahrerhaus-Jacket HINDERMANN Wintertime passend f\u00fcr Ducato 2007\/2014 - Bantam<\/title>\n<meta name=\"robots\" content=\"index, follow, max-snippet:-1, max-image-preview:large, max-video-preview:-1\" \/>\n<link rel=\"canonical\" href=\"https:\/\/shop.bantam.ch\/de\/produkt\/fahrerhaus-jacket-hindermann-wintertime-passend-fuer-ducato-2007-2014\/\" \/>\n<meta property=\"og:locale\" content=\"de_DE\" \/>\n<meta property=\"og:type\" content=\"article\" \/>\n<meta property=\"og:title\" content=\"Fahrerhaus-Jacket HINDERMANN Wintertime passend f\u00fcr Ducato 2007\/2014 - Bantam\" \/>\n<meta property=\"og:description\" content=\"Das HINDERMANN Fahrerhausjacket ist aus atmungsaktivem SFS-3-Material der Serie WINTERTIME. Die Schutzplane ist einteilig gearbeitet und leicht zu befestigen. Sie wird einfach in die leicht ge\u00f6ffneten T\u00fcrkanten eingeh\u00e4ngt und abgespannt. Alle Au\u00dfenkanten sind sorgf\u00e4ltig eingefasst. Die Abspannlaschen verf\u00fcgen \u00fcber den bew\u00e4hrten Zusatzschutz, welcher vor Reibung auf der Lackierung sch\u00fctzt. Zum Lieferumfang geh\u00f6ren Gummispanner.\" \/>\n<meta property=\"og:url\" content=\"https:\/\/shop.bantam.ch\/de\/produkt\/fahrerhaus-jacket-hindermann-wintertime-passend-fuer-ducato-2007-2014\/\" \/>\n<meta property=\"og:site_name\" content=\"Bantam\" \/>\n<meta property=\"article:modified_time\" content=\"2026-04-29T21:41:45+00:00\" \/>\n<meta name=\"twitter:card\" content=\"summary_large_image\" \/>\n<script type=\"application\/ld+json\" class=\"yoast-schema-graph\">{\"@context\":\"https:\\\/\\\/schema.org\",\"@graph\":[{\"@type\":\"WebPage\",\"@id\":\"https:\\\/\\\/shop.bantam.ch\\\/de\\\/produkt\\\/fahrerhaus-jacket-hindermann-wintertime-passend-fuer-ducato-2007-2014\\\/\",\"url\":\"https:\\\/\\\/shop.bantam.ch\\\/de\\\/produkt\\\/fahrerhaus-jacket-hindermann-wintertime-passend-fuer-ducato-2007-2014\\\/\",\"name\":\"Fahrerhaus-Jacket HINDERMANN Wintertime passend f\u00fcr Ducato 2007\\\/2014 - Bantam\",\"isPartOf\":{\"@id\":\"https:\\\/\\\/shop.bantam.ch\\\/de\\\/#website\"},\"primaryImageOfPage\":{\"@id\":\"https:\\\/\\\/shop.bantam.ch\\\/de\\\/produkt\\\/fahrerhaus-jacket-hindermann-wintertime-passend-fuer-ducato-2007-2014\\\/#primaryimage\"},\"image\":{\"@id\":\"https:\\\/\\\/shop.bantam.ch\\\/de\\\/produkt\\\/fahrerhaus-jacket-hindermann-wintertime-passend-fuer-ducato-2007-2014\\\/#primaryimage\"},\"thumbnailUrl\":\"https:\\\/\\\/shop.bantam.ch\\\/wp-content\\\/uploads\\\/2025\\\/12\\\/Movera-L-9934461100.jpg\",\"datePublished\":\"2025-12-17T13:07:48+00:00\",\"dateModified\":\"2026-04-29T21:41:45+00:00\",\"breadcrumb\":{\"@id\":\"https:\\\/\\\/shop.bantam.ch\\\/de\\\/produkt\\\/fahrerhaus-jacket-hindermann-wintertime-passend-fuer-ducato-2007-2014\\\/#breadcrumb\"},\"inLanguage\":\"de\",\"potentialAction\":[{\"@type\":\"ReadAction\",\"target\":[\"https:\\\/\\\/shop.bantam.ch\\\/de\\\/produkt\\\/fahrerhaus-jacket-hindermann-wintertime-passend-fuer-ducato-2007-2014\\\/\"]}]},{\"@type\":\"ImageObject\",\"inLanguage\":\"de\",\"@id\":\"https:\\\/\\\/shop.bantam.ch\\\/de\\\/produkt\\\/fahrerhaus-jacket-hindermann-wintertime-passend-fuer-ducato-2007-2014\\\/#primaryimage\",\"url\":\"https:\\\/\\\/shop.bantam.ch\\\/wp-content\\\/uploads\\\/2025\\\/12\\\/Movera-L-9934461100.jpg\",\"contentUrl\":\"https:\\\/\\\/shop.bantam.ch\\\/wp-content\\\/uploads\\\/2025\\\/12\\\/Movera-L-9934461100.jpg\",\"width\":640,\"height\":640},{\"@type\":\"BreadcrumbList\",\"@id\":\"https:\\\/\\\/shop.bantam.ch\\\/de\\\/produkt\\\/fahrerhaus-jacket-hindermann-wintertime-passend-fuer-ducato-2007-2014\\\/#breadcrumb\",\"itemListElement\":[{\"@type\":\"ListItem\",\"position\":1,\"name\":\"Accueil\",\"item\":\"https:\\\/\\\/shop.bantam.ch\\\/de\\\/\"},{\"@type\":\"ListItem\",\"position\":2,\"name\":\"Shop\",\"item\":\"https:\\\/\\\/shop.bantam.ch\\\/de\\\/shop\\\/\"},{\"@type\":\"ListItem\",\"position\":3,\"name\":\"Fahrerhaus-Jacket HINDERMANN Wintertime passend f\u00fcr Ducato 2007\\\/2014\"}]},{\"@type\":\"WebSite\",\"@id\":\"https:\\\/\\\/shop.bantam.ch\\\/de\\\/#website\",\"url\":\"https:\\\/\\\/shop.bantam.ch\\\/de\\\/\",\"name\":\"Bantam\",\"description\":\"\",\"publisher\":{\"@id\":\"https:\\\/\\\/shop.bantam.ch\\\/de\\\/#organization\"},\"inLanguage\":\"de\"},{\"@type\":\"Organization\",\"@id\":\"https:\\\/\\\/shop.bantam.ch\\\/de\\\/#organization\",\"name\":\"Bantam\",\"url\":\"https:\\\/\\\/shop.bantam.ch\\\/de\\\/\",\"logo\":{\"@type\":\"ImageObject\",\"inLanguage\":\"de\",\"@id\":\"https:\\\/\\\/shop.bantam.ch\\\/de\\\/#\\\/schema\\\/logo\\\/image\\\/\",\"url\":\"https:\\\/\\\/shop.bantam.ch\\\/wp-content\\\/uploads\\\/2022\\\/12\\\/bantam-logo.png\",\"contentUrl\":\"https:\\\/\\\/shop.bantam.ch\\\/wp-content\\\/uploads\\\/2022\\\/12\\\/bantam-logo.png\",\"width\":320,\"height\":71,\"caption\":\"Bantam\"},\"image\":{\"@id\":\"https:\\\/\\\/shop.bantam.ch\\\/de\\\/#\\\/schema\\\/logo\\\/image\\\/\"}}]}<\/script>\n<!-- \/ Yoast SEO plugin. -->","yoast_head_json":{"title":"Fahrerhaus-Jacket HINDERMANN Wintertime passend f\u00fcr Ducato 2007\/2014 - Bantam","robots":{"index":"index","follow":"follow","max-snippet":"max-snippet:-1","max-image-preview":"max-image-preview:large","max-video-preview":"max-video-preview:-1"},"canonical":"https:\/\/shop.bantam.ch\/de\/produkt\/fahrerhaus-jacket-hindermann-wintertime-passend-fuer-ducato-2007-2014\/","og_locale":"de_DE","og_type":"article","og_title":"Fahrerhaus-Jacket HINDERMANN Wintertime passend f\u00fcr Ducato 2007\/2014 - Bantam","og_description":"Das HINDERMANN Fahrerhausjacket ist aus atmungsaktivem SFS-3-Material der Serie WINTERTIME. Die Schutzplane ist einteilig gearbeitet und leicht zu befestigen. Sie wird einfach in die leicht ge\u00f6ffneten T\u00fcrkanten eingeh\u00e4ngt und abgespannt. Alle Au\u00dfenkanten sind sorgf\u00e4ltig eingefasst. Die Abspannlaschen verf\u00fcgen \u00fcber den bew\u00e4hrten Zusatzschutz, welcher vor Reibung auf der Lackierung sch\u00fctzt. Zum Lieferumfang geh\u00f6ren Gummispanner.","og_url":"https:\/\/shop.bantam.ch\/de\/produkt\/fahrerhaus-jacket-hindermann-wintertime-passend-fuer-ducato-2007-2014\/","og_site_name":"Bantam","article_modified_time":"2026-04-29T21:41:45+00:00","twitter_card":"summary_large_image","schema":{"@context":"https:\/\/schema.org","@graph":[{"@type":"WebPage","@id":"https:\/\/shop.bantam.ch\/de\/produkt\/fahrerhaus-jacket-hindermann-wintertime-passend-fuer-ducato-2007-2014\/","url":"https:\/\/shop.bantam.ch\/de\/produkt\/fahrerhaus-jacket-hindermann-wintertime-passend-fuer-ducato-2007-2014\/","name":"Fahrerhaus-Jacket HINDERMANN Wintertime passend f\u00fcr Ducato 2007\/2014 - Bantam","isPartOf":{"@id":"https:\/\/shop.bantam.ch\/de\/#website"},"primaryImageOfPage":{"@id":"https:\/\/shop.bantam.ch\/de\/produkt\/fahrerhaus-jacket-hindermann-wintertime-passend-fuer-ducato-2007-2014\/#primaryimage"},"image":{"@id":"https:\/\/shop.bantam.ch\/de\/produkt\/fahrerhaus-jacket-hindermann-wintertime-passend-fuer-ducato-2007-2014\/#primaryimage"},"thumbnailUrl":"https:\/\/shop.bantam.ch\/wp-content\/uploads\/2025\/12\/Movera-L-9934461100.jpg","datePublished":"2025-12-17T13:07:48+00:00","dateModified":"2026-04-29T21:41:45+00:00","breadcrumb":{"@id":"https:\/\/shop.bantam.ch\/de\/produkt\/fahrerhaus-jacket-hindermann-wintertime-passend-fuer-ducato-2007-2014\/#breadcrumb"},"inLanguage":"de","potentialAction":[{"@type":"ReadAction","target":["https:\/\/shop.bantam.ch\/de\/produkt\/fahrerhaus-jacket-hindermann-wintertime-passend-fuer-ducato-2007-2014\/"]}]},{"@type":"ImageObject","inLanguage":"de","@id":"https:\/\/shop.bantam.ch\/de\/produkt\/fahrerhaus-jacket-hindermann-wintertime-passend-fuer-ducato-2007-2014\/#primaryimage","url":"https:\/\/shop.bantam.ch\/wp-content\/uploads\/2025\/12\/Movera-L-9934461100.jpg","contentUrl":"https:\/\/shop.bantam.ch\/wp-content\/uploads\/2025\/12\/Movera-L-9934461100.jpg","width":640,"height":640},{"@type":"BreadcrumbList","@id":"https:\/\/shop.bantam.ch\/de\/produkt\/fahrerhaus-jacket-hindermann-wintertime-passend-fuer-ducato-2007-2014\/#breadcrumb","itemListElement":[{"@type":"ListItem","position":1,"name":"Accueil","item":"https:\/\/shop.bantam.ch\/de\/"},{"@type":"ListItem","position":2,"name":"Shop","item":"https:\/\/shop.bantam.ch\/de\/shop\/"},{"@type":"ListItem","position":3,"name":"Fahrerhaus-Jacket HINDERMANN Wintertime passend f\u00fcr Ducato 2007\/2014"}]},{"@type":"WebSite","@id":"https:\/\/shop.bantam.ch\/de\/#website","url":"https:\/\/shop.bantam.ch\/de\/","name":"Bantam","description":"","publisher":{"@id":"https:\/\/shop.bantam.ch\/de\/#organization"},"inLanguage":"de"},{"@type":"Organization","@id":"https:\/\/shop.bantam.ch\/de\/#organization","name":"Bantam","url":"https:\/\/shop.bantam.ch\/de\/","logo":{"@type":"ImageObject","inLanguage":"de","@id":"https:\/\/shop.bantam.ch\/de\/#\/schema\/logo\/image\/","url":"https:\/\/shop.bantam.ch\/wp-content\/uploads\/2022\/12\/bantam-logo.png","contentUrl":"https:\/\/shop.bantam.ch\/wp-content\/uploads\/2022\/12\/bantam-logo.png","width":320,"height":71,"caption":"Bantam"},"image":{"@id":"https:\/\/shop.bantam.ch\/de\/#\/schema\/logo\/image\/"}}]}},"_links":{"self":[{"href":"https:\/\/shop.bantam.ch\/de\/wp-json\/wp\/v2\/product\/223787","targetHints":{"allow":["GET"]}}],"collection":[{"href":"https:\/\/shop.bantam.ch\/de\/wp-json\/wp\/v2\/product"}],"about":[{"href":"https:\/\/shop.bantam.ch\/de\/wp-json\/wp\/v2\/types\/product"}],"wp:featuredmedia":[{"embeddable":true,"href":"https:\/\/shop.bantam.ch\/de\/wp-json\/wp\/v2\/media\/223785"}],"wp:attachment":[{"href":"https:\/\/shop.bantam.ch\/de\/wp-json\/wp\/v2\/media?parent=223787"}],"wp:term":[{"taxonomy":"product_featured_cat","embeddable":true,"href":"https:\/\/shop.bantam.ch\/de\/wp-json\/wp\/v2\/product_featured_cat?post=223787"},{"taxonomy":"product_brand","embeddable":true,"href":"https:\/\/shop.bantam.ch\/de\/wp-json\/wp\/v2\/product_brand?post=223787"},{"taxonomy":"product_cat","embeddable":true,"href":"https:\/\/shop.bantam.ch\/de\/wp-json\/wp\/v2\/product_cat?post=223787"},{"taxonomy":"product_tag","embeddable":true,"href":"https:\/\/shop.bantam.ch\/de\/wp-json\/wp\/v2\/product_tag?post=223787"}],"curies":[{"name":"wp","href":"https:\/\/api.w.org\/{rel}","templated":true}]}}