{"id":223775,"date":"2025-12-17T14:07:23","date_gmt":"2025-12-17T13:07:23","guid":{"rendered":"https:\/\/shop.bantam.ch\/produit\/parksensoren-dometic-mwe-7006-fuer-reisemobile\/"},"modified":"2026-04-21T23:40:42","modified_gmt":"2026-04-21T21:40:42","slug":"parksensoren-dometic-mwe-7006-fuer-reisemobile","status":"publish","type":"product","link":"https:\/\/shop.bantam.ch\/de\/produkt\/parksensoren-dometic-mwe-7006-fuer-reisemobile\/","title":{"rendered":"Parksensoren Dometic MWE 7006 f\u00fcr Reisemobile"},"content":{"rendered":"<p>Sechs Sensoren sehen mehr! H\u00f6her, breiter un\u00fcbersichtlicher. Das Rangieren mit einem Reisemobil ist oft eine Herausforderung. Die Dometic Einparkhilfe MWE 7006 wurde speziell f\u00fcr Reisemobile entwickelt. Sechs hochkompakte \u00fcberlackierbare digitale Sensoren mit 18 mm Durchmesser erm\u00f6glichen drei Montagevarianten am Fahrzeugheck. Das System ber\u00fccksichtigt bei der Messung Anbauten wie z.B. eine Anh\u00e4ngerkupplung. Auch mit einem Fahrradtr\u00e4ger am Heck kann manuell per Schalter zwischen zwei Stoppzonen geschaltet werden. Die Warnung erfolgt akustisch bei einem Erfassungsbereich bis 3 m. Die Sensorempfindlichkeit ist in drei Stufen einstellbar.<\/p>\n<p><br data-mce-bogus=\"1\"><\/p>\n","protected":false},"excerpt":{"rendered":"<p>Sechs Sensoren sehen mehr! H\u00f6her, breiter un\u00fcbersichtlicher. Das Rangieren mit einem Reisemobil ist oft eine Herausforderung. Die Dometic Einparkhilfe MWE 7006 wurde speziell f\u00fcr Reisemobile entwickelt. Sechs hochkompakte \u00fcberlackierbare digitale Sensoren mit 18 mm Durchmesser erm\u00f6glichen drei Montagevarianten am Fahrzeugheck. Das System ber\u00fccksichtigt bei der Messung Anbauten wie z.B. eine Anh\u00e4ngerkupplung. Auch mit einem Fahrradtr\u00e4ger [&hellip;]<\/p>\n","protected":false},"featured_media":223773,"template":"","meta":{"_acf_changed":false},"product_featured_cat":[],"product_brand":[],"product_cat":[5004],"product_tag":[],"class_list":{"0":"post-223775","1":"product","2":"type-product","3":"status-publish","4":"has-post-thumbnail","6":"product_cat-zubehoer-fuer-rueckfahrkameras","8":"first","9":"instock","10":"taxable","11":"shipping-taxable","12":"purchasable","13":"product-type-simple"},"acf":[],"yoast_head":"<!-- This site is optimized with the Yoast SEO plugin v27.4 - https:\/\/yoast.com\/product\/yoast-seo-wordpress\/ -->\n<title>Parksensoren Dometic MWE 7006 f\u00fcr Reisemobile - Bantam Camping AG<\/title>\n<meta name=\"robots\" content=\"index, follow, max-snippet:-1, max-image-preview:large, max-video-preview:-1\" \/>\n<link rel=\"canonical\" href=\"https:\/\/shop.bantam.ch\/de\/produkt\/parksensoren-dometic-mwe-7006-fuer-reisemobile\/\" \/>\n<meta property=\"og:locale\" content=\"de_DE\" \/>\n<meta property=\"og:type\" content=\"article\" \/>\n<meta property=\"og:title\" content=\"Parksensoren Dometic MWE 7006 f\u00fcr Reisemobile - Bantam Camping AG\" \/>\n<meta property=\"og:description\" content=\"Sechs Sensoren sehen mehr! H\u00f6her, breiter un\u00fcbersichtlicher. Das Rangieren mit einem Reisemobil ist oft eine Herausforderung. Die Dometic Einparkhilfe MWE 7006 wurde speziell f\u00fcr Reisemobile entwickelt. Sechs hochkompakte \u00fcberlackierbare digitale Sensoren mit 18 mm Durchmesser erm\u00f6glichen drei Montagevarianten am Fahrzeugheck. Das System ber\u00fccksichtigt bei der Messung Anbauten wie z.B. eine Anh\u00e4ngerkupplung. Auch mit einem Fahrradtr\u00e4ger [&hellip;]\" \/>\n<meta property=\"og:url\" content=\"https:\/\/shop.bantam.ch\/de\/produkt\/parksensoren-dometic-mwe-7006-fuer-reisemobile\/\" \/>\n<meta property=\"og:site_name\" content=\"Bantam Camping AG\" \/>\n<meta property=\"article:modified_time\" content=\"2026-04-21T21:40:42+00:00\" \/>\n<meta name=\"twitter:card\" content=\"summary_large_image\" \/>\n<script type=\"application\/ld+json\" class=\"yoast-schema-graph\">{\"@context\":\"https:\\\/\\\/schema.org\",\"@graph\":[{\"@type\":\"WebPage\",\"@id\":\"https:\\\/\\\/shop.bantam.ch\\\/de\\\/produkt\\\/parksensoren-dometic-mwe-7006-fuer-reisemobile\\\/\",\"url\":\"https:\\\/\\\/shop.bantam.ch\\\/de\\\/produkt\\\/parksensoren-dometic-mwe-7006-fuer-reisemobile\\\/\",\"name\":\"Parksensoren Dometic MWE 7006 f\u00fcr Reisemobile - Bantam Camping AG\",\"isPartOf\":{\"@id\":\"https:\\\/\\\/shop.bantam.ch\\\/de\\\/#website\"},\"primaryImageOfPage\":{\"@id\":\"https:\\\/\\\/shop.bantam.ch\\\/de\\\/produkt\\\/parksensoren-dometic-mwe-7006-fuer-reisemobile\\\/#primaryimage\"},\"image\":{\"@id\":\"https:\\\/\\\/shop.bantam.ch\\\/de\\\/produkt\\\/parksensoren-dometic-mwe-7006-fuer-reisemobile\\\/#primaryimage\"},\"thumbnailUrl\":\"https:\\\/\\\/shop.bantam.ch\\\/wp-content\\\/uploads\\\/2025\\\/12\\\/Movera-L-9930416100.jpg\",\"datePublished\":\"2025-12-17T13:07:23+00:00\",\"dateModified\":\"2026-04-21T21:40:42+00:00\",\"breadcrumb\":{\"@id\":\"https:\\\/\\\/shop.bantam.ch\\\/de\\\/produkt\\\/parksensoren-dometic-mwe-7006-fuer-reisemobile\\\/#breadcrumb\"},\"inLanguage\":\"de\",\"potentialAction\":[{\"@type\":\"ReadAction\",\"target\":[\"https:\\\/\\\/shop.bantam.ch\\\/de\\\/produkt\\\/parksensoren-dometic-mwe-7006-fuer-reisemobile\\\/\"]}]},{\"@type\":\"ImageObject\",\"inLanguage\":\"de\",\"@id\":\"https:\\\/\\\/shop.bantam.ch\\\/de\\\/produkt\\\/parksensoren-dometic-mwe-7006-fuer-reisemobile\\\/#primaryimage\",\"url\":\"https:\\\/\\\/shop.bantam.ch\\\/wp-content\\\/uploads\\\/2025\\\/12\\\/Movera-L-9930416100.jpg\",\"contentUrl\":\"https:\\\/\\\/shop.bantam.ch\\\/wp-content\\\/uploads\\\/2025\\\/12\\\/Movera-L-9930416100.jpg\",\"width\":500,\"height\":300},{\"@type\":\"BreadcrumbList\",\"@id\":\"https:\\\/\\\/shop.bantam.ch\\\/de\\\/produkt\\\/parksensoren-dometic-mwe-7006-fuer-reisemobile\\\/#breadcrumb\",\"itemListElement\":[{\"@type\":\"ListItem\",\"position\":1,\"name\":\"Accueil\",\"item\":\"https:\\\/\\\/shop.bantam.ch\\\/de\\\/\"},{\"@type\":\"ListItem\",\"position\":2,\"name\":\"Shop\",\"item\":\"https:\\\/\\\/shop.bantam.ch\\\/de\\\/shop\\\/\"},{\"@type\":\"ListItem\",\"position\":3,\"name\":\"Parksensoren Dometic MWE 7006 f\u00fcr Reisemobile\"}]},{\"@type\":\"WebSite\",\"@id\":\"https:\\\/\\\/shop.bantam.ch\\\/de\\\/#website\",\"url\":\"https:\\\/\\\/shop.bantam.ch\\\/de\\\/\",\"name\":\"Bantam Camping AG\",\"description\":\"\",\"publisher\":{\"@id\":\"https:\\\/\\\/shop.bantam.ch\\\/de\\\/#organization\"},\"inLanguage\":\"de\"},{\"@type\":\"Organization\",\"@id\":\"https:\\\/\\\/shop.bantam.ch\\\/de\\\/#organization\",\"name\":\"Bantam Camping AG\",\"url\":\"https:\\\/\\\/shop.bantam.ch\\\/de\\\/\",\"logo\":{\"@type\":\"ImageObject\",\"inLanguage\":\"de\",\"@id\":\"https:\\\/\\\/shop.bantam.ch\\\/de\\\/#\\\/schema\\\/logo\\\/image\\\/\",\"url\":\"https:\\\/\\\/shop.bantam.ch\\\/wp-content\\\/uploads\\\/2022\\\/12\\\/bantam-logo.png\",\"contentUrl\":\"https:\\\/\\\/shop.bantam.ch\\\/wp-content\\\/uploads\\\/2022\\\/12\\\/bantam-logo.png\",\"width\":320,\"height\":71,\"caption\":\"Bantam Camping AG\"},\"image\":{\"@id\":\"https:\\\/\\\/shop.bantam.ch\\\/de\\\/#\\\/schema\\\/logo\\\/image\\\/\"}}]}<\/script>\n<!-- \/ Yoast SEO plugin. -->","yoast_head_json":{"title":"Parksensoren Dometic MWE 7006 f\u00fcr Reisemobile - Bantam Camping AG","robots":{"index":"index","follow":"follow","max-snippet":"max-snippet:-1","max-image-preview":"max-image-preview:large","max-video-preview":"max-video-preview:-1"},"canonical":"https:\/\/shop.bantam.ch\/de\/produkt\/parksensoren-dometic-mwe-7006-fuer-reisemobile\/","og_locale":"de_DE","og_type":"article","og_title":"Parksensoren Dometic MWE 7006 f\u00fcr Reisemobile - Bantam Camping AG","og_description":"Sechs Sensoren sehen mehr! H\u00f6her, breiter un\u00fcbersichtlicher. Das Rangieren mit einem Reisemobil ist oft eine Herausforderung. Die Dometic Einparkhilfe MWE 7006 wurde speziell f\u00fcr Reisemobile entwickelt. Sechs hochkompakte \u00fcberlackierbare digitale Sensoren mit 18 mm Durchmesser erm\u00f6glichen drei Montagevarianten am Fahrzeugheck. Das System ber\u00fccksichtigt bei der Messung Anbauten wie z.B. eine Anh\u00e4ngerkupplung. Auch mit einem Fahrradtr\u00e4ger [&hellip;]","og_url":"https:\/\/shop.bantam.ch\/de\/produkt\/parksensoren-dometic-mwe-7006-fuer-reisemobile\/","og_site_name":"Bantam Camping AG","article_modified_time":"2026-04-21T21:40:42+00:00","twitter_card":"summary_large_image","schema":{"@context":"https:\/\/schema.org","@graph":[{"@type":"WebPage","@id":"https:\/\/shop.bantam.ch\/de\/produkt\/parksensoren-dometic-mwe-7006-fuer-reisemobile\/","url":"https:\/\/shop.bantam.ch\/de\/produkt\/parksensoren-dometic-mwe-7006-fuer-reisemobile\/","name":"Parksensoren Dometic MWE 7006 f\u00fcr Reisemobile - Bantam Camping AG","isPartOf":{"@id":"https:\/\/shop.bantam.ch\/de\/#website"},"primaryImageOfPage":{"@id":"https:\/\/shop.bantam.ch\/de\/produkt\/parksensoren-dometic-mwe-7006-fuer-reisemobile\/#primaryimage"},"image":{"@id":"https:\/\/shop.bantam.ch\/de\/produkt\/parksensoren-dometic-mwe-7006-fuer-reisemobile\/#primaryimage"},"thumbnailUrl":"https:\/\/shop.bantam.ch\/wp-content\/uploads\/2025\/12\/Movera-L-9930416100.jpg","datePublished":"2025-12-17T13:07:23+00:00","dateModified":"2026-04-21T21:40:42+00:00","breadcrumb":{"@id":"https:\/\/shop.bantam.ch\/de\/produkt\/parksensoren-dometic-mwe-7006-fuer-reisemobile\/#breadcrumb"},"inLanguage":"de","potentialAction":[{"@type":"ReadAction","target":["https:\/\/shop.bantam.ch\/de\/produkt\/parksensoren-dometic-mwe-7006-fuer-reisemobile\/"]}]},{"@type":"ImageObject","inLanguage":"de","@id":"https:\/\/shop.bantam.ch\/de\/produkt\/parksensoren-dometic-mwe-7006-fuer-reisemobile\/#primaryimage","url":"https:\/\/shop.bantam.ch\/wp-content\/uploads\/2025\/12\/Movera-L-9930416100.jpg","contentUrl":"https:\/\/shop.bantam.ch\/wp-content\/uploads\/2025\/12\/Movera-L-9930416100.jpg","width":500,"height":300},{"@type":"BreadcrumbList","@id":"https:\/\/shop.bantam.ch\/de\/produkt\/parksensoren-dometic-mwe-7006-fuer-reisemobile\/#breadcrumb","itemListElement":[{"@type":"ListItem","position":1,"name":"Accueil","item":"https:\/\/shop.bantam.ch\/de\/"},{"@type":"ListItem","position":2,"name":"Shop","item":"https:\/\/shop.bantam.ch\/de\/shop\/"},{"@type":"ListItem","position":3,"name":"Parksensoren Dometic MWE 7006 f\u00fcr Reisemobile"}]},{"@type":"WebSite","@id":"https:\/\/shop.bantam.ch\/de\/#website","url":"https:\/\/shop.bantam.ch\/de\/","name":"Bantam Camping AG","description":"","publisher":{"@id":"https:\/\/shop.bantam.ch\/de\/#organization"},"inLanguage":"de"},{"@type":"Organization","@id":"https:\/\/shop.bantam.ch\/de\/#organization","name":"Bantam Camping AG","url":"https:\/\/shop.bantam.ch\/de\/","logo":{"@type":"ImageObject","inLanguage":"de","@id":"https:\/\/shop.bantam.ch\/de\/#\/schema\/logo\/image\/","url":"https:\/\/shop.bantam.ch\/wp-content\/uploads\/2022\/12\/bantam-logo.png","contentUrl":"https:\/\/shop.bantam.ch\/wp-content\/uploads\/2022\/12\/bantam-logo.png","width":320,"height":71,"caption":"Bantam Camping AG"},"image":{"@id":"https:\/\/shop.bantam.ch\/de\/#\/schema\/logo\/image\/"}}]}},"_links":{"self":[{"href":"https:\/\/shop.bantam.ch\/de\/wp-json\/wp\/v2\/product\/223775","targetHints":{"allow":["GET"]}}],"collection":[{"href":"https:\/\/shop.bantam.ch\/de\/wp-json\/wp\/v2\/product"}],"about":[{"href":"https:\/\/shop.bantam.ch\/de\/wp-json\/wp\/v2\/types\/product"}],"wp:featuredmedia":[{"embeddable":true,"href":"https:\/\/shop.bantam.ch\/de\/wp-json\/wp\/v2\/media\/223773"}],"wp:attachment":[{"href":"https:\/\/shop.bantam.ch\/de\/wp-json\/wp\/v2\/media?parent=223775"}],"wp:term":[{"taxonomy":"product_featured_cat","embeddable":true,"href":"https:\/\/shop.bantam.ch\/de\/wp-json\/wp\/v2\/product_featured_cat?post=223775"},{"taxonomy":"product_brand","embeddable":true,"href":"https:\/\/shop.bantam.ch\/de\/wp-json\/wp\/v2\/product_brand?post=223775"},{"taxonomy":"product_cat","embeddable":true,"href":"https:\/\/shop.bantam.ch\/de\/wp-json\/wp\/v2\/product_cat?post=223775"},{"taxonomy":"product_tag","embeddable":true,"href":"https:\/\/shop.bantam.ch\/de\/wp-json\/wp\/v2\/product_tag?post=223775"}],"curies":[{"name":"wp","href":"https:\/\/api.w.org\/{rel}","templated":true}]}}