{"id":223759,"date":"2025-12-17T14:07:05","date_gmt":"2025-12-17T13:07:05","guid":{"rendered":"https:\/\/shop.bantam.ch\/produit\/windblende-fiamma-skirting-fuer-caravan\/"},"modified":"2026-04-19T23:42:23","modified_gmt":"2026-04-19T21:42:23","slug":"windblende-fiamma-skirting-fuer-caravan","status":"publish","type":"product","link":"https:\/\/shop.bantam.ch\/de\/produkt\/windblende-fiamma-skirting-fuer-caravan\/","title":{"rendered":"Windblende Fiamma Skirting f\u00fcr Caravan"},"content":{"rendered":"<p>Windblende Fiamma Skirting f\u00fcr Caravan<\/p>\n<p>Verabschieden Sie sich von st\u00f6render Zugluft, die unter Ihrem Fahrzeug nach oben steigt<br \/>\nDie Windschutzblende, die sich direkt in die serienm\u00e4\u00dfige Kederschiene des Caravans einziehen l\u00e4sst.<br \/>\nKann auf das Ma\u00df der Markise gek\u00fcrzt werden.<br \/>\nMa\u00dfe: 450 x 60h cm&nbsp;<br \/>\nGewicht: 1,8 kg&nbsp;<br \/>\n&nbsp;<\/p>\n","protected":false},"excerpt":{"rendered":"<p>Windblende Fiamma Skirting f\u00fcr Caravan Verabschieden Sie sich von st\u00f6render Zugluft, die unter Ihrem Fahrzeug nach oben steigt Die Windschutzblende, die sich direkt in die serienm\u00e4\u00dfige Kederschiene des Caravans einziehen l\u00e4sst. Kann auf das Ma\u00df der Markise gek\u00fcrzt werden. Ma\u00dfe: 450 x 60h cm&nbsp; Gewicht: 1,8 kg&nbsp; &nbsp;<\/p>\n","protected":false},"featured_media":223757,"template":"","meta":{"_acf_changed":false},"product_featured_cat":[],"product_brand":[],"product_cat":[4640],"product_tag":[],"class_list":{"0":"post-223759","1":"product","2":"type-product","3":"status-publish","4":"has-post-thumbnail","6":"product_cat-radschutzhuellen","8":"first","9":"instock","10":"taxable","11":"shipping-taxable","12":"purchasable","13":"product-type-simple"},"acf":[],"yoast_head":"<!-- This site is optimized with the Yoast SEO plugin v27.4 - https:\/\/yoast.com\/product\/yoast-seo-wordpress\/ -->\n<title>Windblende Fiamma Skirting f\u00fcr Caravan - Bantam Camping AG<\/title>\n<meta name=\"robots\" content=\"index, follow, max-snippet:-1, max-image-preview:large, max-video-preview:-1\" \/>\n<link rel=\"canonical\" href=\"https:\/\/shop.bantam.ch\/de\/produkt\/windblende-fiamma-skirting-fuer-caravan\/\" \/>\n<meta property=\"og:locale\" content=\"de_DE\" \/>\n<meta property=\"og:type\" content=\"article\" \/>\n<meta property=\"og:title\" content=\"Windblende Fiamma Skirting f\u00fcr Caravan - Bantam Camping AG\" \/>\n<meta property=\"og:description\" content=\"Windblende Fiamma Skirting f\u00fcr Caravan Verabschieden Sie sich von st\u00f6render Zugluft, die unter Ihrem Fahrzeug nach oben steigt Die Windschutzblende, die sich direkt in die serienm\u00e4\u00dfige Kederschiene des Caravans einziehen l\u00e4sst. Kann auf das Ma\u00df der Markise gek\u00fcrzt werden. Ma\u00dfe: 450 x 60h cm&nbsp; Gewicht: 1,8 kg&nbsp; &nbsp;\" \/>\n<meta property=\"og:url\" content=\"https:\/\/shop.bantam.ch\/de\/produkt\/windblende-fiamma-skirting-fuer-caravan\/\" \/>\n<meta property=\"og:site_name\" content=\"Bantam Camping AG\" \/>\n<meta property=\"article:modified_time\" content=\"2026-04-19T21:42:23+00:00\" \/>\n<meta name=\"twitter:card\" content=\"summary_large_image\" \/>\n<script type=\"application\/ld+json\" class=\"yoast-schema-graph\">{\"@context\":\"https:\\\/\\\/schema.org\",\"@graph\":[{\"@type\":\"WebPage\",\"@id\":\"https:\\\/\\\/shop.bantam.ch\\\/de\\\/produkt\\\/windblende-fiamma-skirting-fuer-caravan\\\/\",\"url\":\"https:\\\/\\\/shop.bantam.ch\\\/de\\\/produkt\\\/windblende-fiamma-skirting-fuer-caravan\\\/\",\"name\":\"Windblende Fiamma Skirting f\u00fcr Caravan - Bantam Camping AG\",\"isPartOf\":{\"@id\":\"https:\\\/\\\/shop.bantam.ch\\\/de\\\/#website\"},\"primaryImageOfPage\":{\"@id\":\"https:\\\/\\\/shop.bantam.ch\\\/de\\\/produkt\\\/windblende-fiamma-skirting-fuer-caravan\\\/#primaryimage\"},\"image\":{\"@id\":\"https:\\\/\\\/shop.bantam.ch\\\/de\\\/produkt\\\/windblende-fiamma-skirting-fuer-caravan\\\/#primaryimage\"},\"thumbnailUrl\":\"https:\\\/\\\/shop.bantam.ch\\\/wp-content\\\/uploads\\\/2025\\\/12\\\/Movera-L-9933292400.jpg\",\"datePublished\":\"2025-12-17T13:07:05+00:00\",\"dateModified\":\"2026-04-19T21:42:23+00:00\",\"breadcrumb\":{\"@id\":\"https:\\\/\\\/shop.bantam.ch\\\/de\\\/produkt\\\/windblende-fiamma-skirting-fuer-caravan\\\/#breadcrumb\"},\"inLanguage\":\"de\",\"potentialAction\":[{\"@type\":\"ReadAction\",\"target\":[\"https:\\\/\\\/shop.bantam.ch\\\/de\\\/produkt\\\/windblende-fiamma-skirting-fuer-caravan\\\/\"]}]},{\"@type\":\"ImageObject\",\"inLanguage\":\"de\",\"@id\":\"https:\\\/\\\/shop.bantam.ch\\\/de\\\/produkt\\\/windblende-fiamma-skirting-fuer-caravan\\\/#primaryimage\",\"url\":\"https:\\\/\\\/shop.bantam.ch\\\/wp-content\\\/uploads\\\/2025\\\/12\\\/Movera-L-9933292400.jpg\",\"contentUrl\":\"https:\\\/\\\/shop.bantam.ch\\\/wp-content\\\/uploads\\\/2025\\\/12\\\/Movera-L-9933292400.jpg\",\"width\":640,\"height\":414},{\"@type\":\"BreadcrumbList\",\"@id\":\"https:\\\/\\\/shop.bantam.ch\\\/de\\\/produkt\\\/windblende-fiamma-skirting-fuer-caravan\\\/#breadcrumb\",\"itemListElement\":[{\"@type\":\"ListItem\",\"position\":1,\"name\":\"Accueil\",\"item\":\"https:\\\/\\\/shop.bantam.ch\\\/de\\\/\"},{\"@type\":\"ListItem\",\"position\":2,\"name\":\"Shop\",\"item\":\"https:\\\/\\\/shop.bantam.ch\\\/de\\\/shop\\\/\"},{\"@type\":\"ListItem\",\"position\":3,\"name\":\"Windblende Fiamma Skirting f\u00fcr Caravan\"}]},{\"@type\":\"WebSite\",\"@id\":\"https:\\\/\\\/shop.bantam.ch\\\/de\\\/#website\",\"url\":\"https:\\\/\\\/shop.bantam.ch\\\/de\\\/\",\"name\":\"Bantam Camping AG\",\"description\":\"\",\"publisher\":{\"@id\":\"https:\\\/\\\/shop.bantam.ch\\\/de\\\/#organization\"},\"inLanguage\":\"de\"},{\"@type\":\"Organization\",\"@id\":\"https:\\\/\\\/shop.bantam.ch\\\/de\\\/#organization\",\"name\":\"Bantam Camping AG\",\"url\":\"https:\\\/\\\/shop.bantam.ch\\\/de\\\/\",\"logo\":{\"@type\":\"ImageObject\",\"inLanguage\":\"de\",\"@id\":\"https:\\\/\\\/shop.bantam.ch\\\/de\\\/#\\\/schema\\\/logo\\\/image\\\/\",\"url\":\"https:\\\/\\\/shop.bantam.ch\\\/wp-content\\\/uploads\\\/2022\\\/12\\\/bantam-logo.png\",\"contentUrl\":\"https:\\\/\\\/shop.bantam.ch\\\/wp-content\\\/uploads\\\/2022\\\/12\\\/bantam-logo.png\",\"width\":320,\"height\":71,\"caption\":\"Bantam Camping AG\"},\"image\":{\"@id\":\"https:\\\/\\\/shop.bantam.ch\\\/de\\\/#\\\/schema\\\/logo\\\/image\\\/\"}}]}<\/script>\n<!-- \/ Yoast SEO plugin. -->","yoast_head_json":{"title":"Windblende Fiamma Skirting f\u00fcr Caravan - Bantam Camping AG","robots":{"index":"index","follow":"follow","max-snippet":"max-snippet:-1","max-image-preview":"max-image-preview:large","max-video-preview":"max-video-preview:-1"},"canonical":"https:\/\/shop.bantam.ch\/de\/produkt\/windblende-fiamma-skirting-fuer-caravan\/","og_locale":"de_DE","og_type":"article","og_title":"Windblende Fiamma Skirting f\u00fcr Caravan - Bantam Camping AG","og_description":"Windblende Fiamma Skirting f\u00fcr Caravan Verabschieden Sie sich von st\u00f6render Zugluft, die unter Ihrem Fahrzeug nach oben steigt Die Windschutzblende, die sich direkt in die serienm\u00e4\u00dfige Kederschiene des Caravans einziehen l\u00e4sst. Kann auf das Ma\u00df der Markise gek\u00fcrzt werden. Ma\u00dfe: 450 x 60h cm&nbsp; Gewicht: 1,8 kg&nbsp; &nbsp;","og_url":"https:\/\/shop.bantam.ch\/de\/produkt\/windblende-fiamma-skirting-fuer-caravan\/","og_site_name":"Bantam Camping AG","article_modified_time":"2026-04-19T21:42:23+00:00","twitter_card":"summary_large_image","schema":{"@context":"https:\/\/schema.org","@graph":[{"@type":"WebPage","@id":"https:\/\/shop.bantam.ch\/de\/produkt\/windblende-fiamma-skirting-fuer-caravan\/","url":"https:\/\/shop.bantam.ch\/de\/produkt\/windblende-fiamma-skirting-fuer-caravan\/","name":"Windblende Fiamma Skirting f\u00fcr Caravan - Bantam Camping AG","isPartOf":{"@id":"https:\/\/shop.bantam.ch\/de\/#website"},"primaryImageOfPage":{"@id":"https:\/\/shop.bantam.ch\/de\/produkt\/windblende-fiamma-skirting-fuer-caravan\/#primaryimage"},"image":{"@id":"https:\/\/shop.bantam.ch\/de\/produkt\/windblende-fiamma-skirting-fuer-caravan\/#primaryimage"},"thumbnailUrl":"https:\/\/shop.bantam.ch\/wp-content\/uploads\/2025\/12\/Movera-L-9933292400.jpg","datePublished":"2025-12-17T13:07:05+00:00","dateModified":"2026-04-19T21:42:23+00:00","breadcrumb":{"@id":"https:\/\/shop.bantam.ch\/de\/produkt\/windblende-fiamma-skirting-fuer-caravan\/#breadcrumb"},"inLanguage":"de","potentialAction":[{"@type":"ReadAction","target":["https:\/\/shop.bantam.ch\/de\/produkt\/windblende-fiamma-skirting-fuer-caravan\/"]}]},{"@type":"ImageObject","inLanguage":"de","@id":"https:\/\/shop.bantam.ch\/de\/produkt\/windblende-fiamma-skirting-fuer-caravan\/#primaryimage","url":"https:\/\/shop.bantam.ch\/wp-content\/uploads\/2025\/12\/Movera-L-9933292400.jpg","contentUrl":"https:\/\/shop.bantam.ch\/wp-content\/uploads\/2025\/12\/Movera-L-9933292400.jpg","width":640,"height":414},{"@type":"BreadcrumbList","@id":"https:\/\/shop.bantam.ch\/de\/produkt\/windblende-fiamma-skirting-fuer-caravan\/#breadcrumb","itemListElement":[{"@type":"ListItem","position":1,"name":"Accueil","item":"https:\/\/shop.bantam.ch\/de\/"},{"@type":"ListItem","position":2,"name":"Shop","item":"https:\/\/shop.bantam.ch\/de\/shop\/"},{"@type":"ListItem","position":3,"name":"Windblende Fiamma Skirting f\u00fcr Caravan"}]},{"@type":"WebSite","@id":"https:\/\/shop.bantam.ch\/de\/#website","url":"https:\/\/shop.bantam.ch\/de\/","name":"Bantam Camping AG","description":"","publisher":{"@id":"https:\/\/shop.bantam.ch\/de\/#organization"},"inLanguage":"de"},{"@type":"Organization","@id":"https:\/\/shop.bantam.ch\/de\/#organization","name":"Bantam Camping AG","url":"https:\/\/shop.bantam.ch\/de\/","logo":{"@type":"ImageObject","inLanguage":"de","@id":"https:\/\/shop.bantam.ch\/de\/#\/schema\/logo\/image\/","url":"https:\/\/shop.bantam.ch\/wp-content\/uploads\/2022\/12\/bantam-logo.png","contentUrl":"https:\/\/shop.bantam.ch\/wp-content\/uploads\/2022\/12\/bantam-logo.png","width":320,"height":71,"caption":"Bantam Camping AG"},"image":{"@id":"https:\/\/shop.bantam.ch\/de\/#\/schema\/logo\/image\/"}}]}},"_links":{"self":[{"href":"https:\/\/shop.bantam.ch\/de\/wp-json\/wp\/v2\/product\/223759","targetHints":{"allow":["GET"]}}],"collection":[{"href":"https:\/\/shop.bantam.ch\/de\/wp-json\/wp\/v2\/product"}],"about":[{"href":"https:\/\/shop.bantam.ch\/de\/wp-json\/wp\/v2\/types\/product"}],"wp:featuredmedia":[{"embeddable":true,"href":"https:\/\/shop.bantam.ch\/de\/wp-json\/wp\/v2\/media\/223757"}],"wp:attachment":[{"href":"https:\/\/shop.bantam.ch\/de\/wp-json\/wp\/v2\/media?parent=223759"}],"wp:term":[{"taxonomy":"product_featured_cat","embeddable":true,"href":"https:\/\/shop.bantam.ch\/de\/wp-json\/wp\/v2\/product_featured_cat?post=223759"},{"taxonomy":"product_brand","embeddable":true,"href":"https:\/\/shop.bantam.ch\/de\/wp-json\/wp\/v2\/product_brand?post=223759"},{"taxonomy":"product_cat","embeddable":true,"href":"https:\/\/shop.bantam.ch\/de\/wp-json\/wp\/v2\/product_cat?post=223759"},{"taxonomy":"product_tag","embeddable":true,"href":"https:\/\/shop.bantam.ch\/de\/wp-json\/wp\/v2\/product_tag?post=223759"}],"curies":[{"name":"wp","href":"https:\/\/api.w.org\/{rel}","templated":true}]}}