{"id":223647,"date":"2025-12-17T14:03:39","date_gmt":"2025-12-17T13:03:39","guid":{"rendered":"https:\/\/shop.bantam.ch\/produit\/thermomatte-hindermann-lux-1-oberteil-passend-fuer-lmc-tec-liberty-explorer-_2012\/"},"modified":"2026-04-29T23:41:08","modified_gmt":"2026-04-29T21:41:08","slug":"thermomatte-hindermann-lux-1-oberteil-passend-fuer-lmc-tec-liberty-explorer-_2012","status":"publish","type":"product","link":"https:\/\/shop.bantam.ch\/de\/produkt\/thermomatte-hindermann-lux-1-oberteil-passend-fuer-lmc-tec-liberty-explorer-_2012\/","title":{"rendered":"Thermomatte HINDERMANN LUX 1 Oberteil passend f\u00fcr LMC\/TEC Liberty Explorer _2012"},"content":{"rendered":"<p>Die einteiligen HINDERMANN Thermofenstermatten LUX sind einerseits die ideale W\u00e4rmed\u00e4mmung f\u00fcr den Winterurlaub, andererseits bieten sie im Sommer einen wirkungsvollen Schutz vor Sonneneinstrahlung. Im Wintereinsatz wird durch die Au\u00dfenisolierung die Oberfl\u00e4chentemperatur auf der Innenseite der Scheiben erh\u00f6ht und somit die Gefahr der Kondenswasserbildung innerhalb des Fahrzeugs wesentlich reduziert. Im Sommereinsatz gelangen bei geschlossener Fenstermatte die Sonnenstrahlen gar nicht erst durch das Scheibenglas und der Innenraum kann sich nicht so leicht aufheizen. Bei sch\u00f6nem, sonnigem Winterwetter kann die Frontklappe ge\u00f6ffnet werden, und durch die Sonnenstrahlen kann sich der Innenraum weiter erw\u00e4rmen, was dem Camper Heizenergie einspart.<\/p>\n","protected":false},"excerpt":{"rendered":"<p>Die einteiligen HINDERMANN Thermofenstermatten LUX sind einerseits die ideale W\u00e4rmed\u00e4mmung f\u00fcr den Winterurlaub, andererseits bieten sie im Sommer einen wirkungsvollen Schutz vor Sonneneinstrahlung. Im Wintereinsatz wird durch die Au\u00dfenisolierung die Oberfl\u00e4chentemperatur auf der Innenseite der Scheiben erh\u00f6ht und somit die Gefahr der Kondenswasserbildung innerhalb des Fahrzeugs wesentlich reduziert. Im Sommereinsatz gelangen bei geschlossener Fenstermatte die [&hellip;]<\/p>\n","protected":false},"featured_media":223641,"template":"","meta":{"_acf_changed":false},"product_featured_cat":[],"product_brand":[],"product_cat":[4642],"product_tag":[],"class_list":{"0":"post-223647","1":"product","2":"type-product","3":"status-publish","4":"has-post-thumbnail","6":"product_cat-thermomatten-vorhaenge","8":"first","9":"instock","10":"taxable","11":"shipping-taxable","12":"purchasable","13":"product-type-simple"},"acf":[],"yoast_head":"<!-- This site is optimized with the Yoast SEO plugin v27.5 - https:\/\/yoast.com\/product\/yoast-seo-wordpress\/ -->\n<title>Thermomatte HINDERMANN LUX 1 Oberteil passend f\u00fcr LMC\/TEC Liberty Explorer _2012 - Bantam<\/title>\n<meta name=\"robots\" content=\"index, follow, max-snippet:-1, max-image-preview:large, max-video-preview:-1\" \/>\n<link rel=\"canonical\" href=\"https:\/\/shop.bantam.ch\/de\/produkt\/thermomatte-hindermann-lux-1-oberteil-passend-fuer-lmc-tec-liberty-explorer-_2012\/\" \/>\n<meta property=\"og:locale\" content=\"de_DE\" \/>\n<meta property=\"og:type\" content=\"article\" \/>\n<meta property=\"og:title\" content=\"Thermomatte HINDERMANN LUX 1 Oberteil passend f\u00fcr LMC\/TEC Liberty Explorer _2012 - Bantam\" \/>\n<meta property=\"og:description\" content=\"Die einteiligen HINDERMANN Thermofenstermatten LUX sind einerseits die ideale W\u00e4rmed\u00e4mmung f\u00fcr den Winterurlaub, andererseits bieten sie im Sommer einen wirkungsvollen Schutz vor Sonneneinstrahlung. Im Wintereinsatz wird durch die Au\u00dfenisolierung die Oberfl\u00e4chentemperatur auf der Innenseite der Scheiben erh\u00f6ht und somit die Gefahr der Kondenswasserbildung innerhalb des Fahrzeugs wesentlich reduziert. Im Sommereinsatz gelangen bei geschlossener Fenstermatte die [&hellip;]\" \/>\n<meta property=\"og:url\" content=\"https:\/\/shop.bantam.ch\/de\/produkt\/thermomatte-hindermann-lux-1-oberteil-passend-fuer-lmc-tec-liberty-explorer-_2012\/\" \/>\n<meta property=\"og:site_name\" content=\"Bantam\" \/>\n<meta property=\"article:modified_time\" content=\"2026-04-29T21:41:08+00:00\" \/>\n<meta name=\"twitter:card\" content=\"summary_large_image\" \/>\n<meta name=\"twitter:label1\" content=\"Gesch\u00e4tzte Lesezeit\" \/>\n\t<meta name=\"twitter:data1\" content=\"1\u00a0Minute\" \/>\n<script type=\"application\/ld+json\" class=\"yoast-schema-graph\">{\"@context\":\"https:\\\/\\\/schema.org\",\"@graph\":[{\"@type\":\"WebPage\",\"@id\":\"https:\\\/\\\/shop.bantam.ch\\\/de\\\/produkt\\\/thermomatte-hindermann-lux-1-oberteil-passend-fuer-lmc-tec-liberty-explorer-_2012\\\/\",\"url\":\"https:\\\/\\\/shop.bantam.ch\\\/de\\\/produkt\\\/thermomatte-hindermann-lux-1-oberteil-passend-fuer-lmc-tec-liberty-explorer-_2012\\\/\",\"name\":\"Thermomatte HINDERMANN LUX 1 Oberteil passend f\u00fcr LMC\\\/TEC Liberty Explorer _2012 - Bantam\",\"isPartOf\":{\"@id\":\"https:\\\/\\\/shop.bantam.ch\\\/de\\\/#website\"},\"primaryImageOfPage\":{\"@id\":\"https:\\\/\\\/shop.bantam.ch\\\/de\\\/produkt\\\/thermomatte-hindermann-lux-1-oberteil-passend-fuer-lmc-tec-liberty-explorer-_2012\\\/#primaryimage\"},\"image\":{\"@id\":\"https:\\\/\\\/shop.bantam.ch\\\/de\\\/produkt\\\/thermomatte-hindermann-lux-1-oberteil-passend-fuer-lmc-tec-liberty-explorer-_2012\\\/#primaryimage\"},\"thumbnailUrl\":\"https:\\\/\\\/shop.bantam.ch\\\/wp-content\\\/uploads\\\/2025\\\/12\\\/Movera-L-9926230100.jpg\",\"datePublished\":\"2025-12-17T13:03:39+00:00\",\"dateModified\":\"2026-04-29T21:41:08+00:00\",\"breadcrumb\":{\"@id\":\"https:\\\/\\\/shop.bantam.ch\\\/de\\\/produkt\\\/thermomatte-hindermann-lux-1-oberteil-passend-fuer-lmc-tec-liberty-explorer-_2012\\\/#breadcrumb\"},\"inLanguage\":\"de\",\"potentialAction\":[{\"@type\":\"ReadAction\",\"target\":[\"https:\\\/\\\/shop.bantam.ch\\\/de\\\/produkt\\\/thermomatte-hindermann-lux-1-oberteil-passend-fuer-lmc-tec-liberty-explorer-_2012\\\/\"]}]},{\"@type\":\"ImageObject\",\"inLanguage\":\"de\",\"@id\":\"https:\\\/\\\/shop.bantam.ch\\\/de\\\/produkt\\\/thermomatte-hindermann-lux-1-oberteil-passend-fuer-lmc-tec-liberty-explorer-_2012\\\/#primaryimage\",\"url\":\"https:\\\/\\\/shop.bantam.ch\\\/wp-content\\\/uploads\\\/2025\\\/12\\\/Movera-L-9926230100.jpg\",\"contentUrl\":\"https:\\\/\\\/shop.bantam.ch\\\/wp-content\\\/uploads\\\/2025\\\/12\\\/Movera-L-9926230100.jpg\",\"width\":640,\"height\":485},{\"@type\":\"BreadcrumbList\",\"@id\":\"https:\\\/\\\/shop.bantam.ch\\\/de\\\/produkt\\\/thermomatte-hindermann-lux-1-oberteil-passend-fuer-lmc-tec-liberty-explorer-_2012\\\/#breadcrumb\",\"itemListElement\":[{\"@type\":\"ListItem\",\"position\":1,\"name\":\"Accueil\",\"item\":\"https:\\\/\\\/shop.bantam.ch\\\/de\\\/\"},{\"@type\":\"ListItem\",\"position\":2,\"name\":\"Shop\",\"item\":\"https:\\\/\\\/shop.bantam.ch\\\/de\\\/shop\\\/\"},{\"@type\":\"ListItem\",\"position\":3,\"name\":\"Thermomatte HINDERMANN LUX 1 Oberteil passend f\u00fcr LMC\\\/TEC Liberty Explorer _2012\"}]},{\"@type\":\"WebSite\",\"@id\":\"https:\\\/\\\/shop.bantam.ch\\\/de\\\/#website\",\"url\":\"https:\\\/\\\/shop.bantam.ch\\\/de\\\/\",\"name\":\"Bantam\",\"description\":\"\",\"publisher\":{\"@id\":\"https:\\\/\\\/shop.bantam.ch\\\/de\\\/#organization\"},\"inLanguage\":\"de\"},{\"@type\":\"Organization\",\"@id\":\"https:\\\/\\\/shop.bantam.ch\\\/de\\\/#organization\",\"name\":\"Bantam\",\"url\":\"https:\\\/\\\/shop.bantam.ch\\\/de\\\/\",\"logo\":{\"@type\":\"ImageObject\",\"inLanguage\":\"de\",\"@id\":\"https:\\\/\\\/shop.bantam.ch\\\/de\\\/#\\\/schema\\\/logo\\\/image\\\/\",\"url\":\"https:\\\/\\\/shop.bantam.ch\\\/wp-content\\\/uploads\\\/2022\\\/12\\\/bantam-logo.png\",\"contentUrl\":\"https:\\\/\\\/shop.bantam.ch\\\/wp-content\\\/uploads\\\/2022\\\/12\\\/bantam-logo.png\",\"width\":320,\"height\":71,\"caption\":\"Bantam\"},\"image\":{\"@id\":\"https:\\\/\\\/shop.bantam.ch\\\/de\\\/#\\\/schema\\\/logo\\\/image\\\/\"}}]}<\/script>\n<!-- \/ Yoast SEO plugin. -->","yoast_head_json":{"title":"Thermomatte HINDERMANN LUX 1 Oberteil passend f\u00fcr LMC\/TEC Liberty Explorer _2012 - Bantam","robots":{"index":"index","follow":"follow","max-snippet":"max-snippet:-1","max-image-preview":"max-image-preview:large","max-video-preview":"max-video-preview:-1"},"canonical":"https:\/\/shop.bantam.ch\/de\/produkt\/thermomatte-hindermann-lux-1-oberteil-passend-fuer-lmc-tec-liberty-explorer-_2012\/","og_locale":"de_DE","og_type":"article","og_title":"Thermomatte HINDERMANN LUX 1 Oberteil passend f\u00fcr LMC\/TEC Liberty Explorer _2012 - Bantam","og_description":"Die einteiligen HINDERMANN Thermofenstermatten LUX sind einerseits die ideale W\u00e4rmed\u00e4mmung f\u00fcr den Winterurlaub, andererseits bieten sie im Sommer einen wirkungsvollen Schutz vor Sonneneinstrahlung. Im Wintereinsatz wird durch die Au\u00dfenisolierung die Oberfl\u00e4chentemperatur auf der Innenseite der Scheiben erh\u00f6ht und somit die Gefahr der Kondenswasserbildung innerhalb des Fahrzeugs wesentlich reduziert. Im Sommereinsatz gelangen bei geschlossener Fenstermatte die [&hellip;]","og_url":"https:\/\/shop.bantam.ch\/de\/produkt\/thermomatte-hindermann-lux-1-oberteil-passend-fuer-lmc-tec-liberty-explorer-_2012\/","og_site_name":"Bantam","article_modified_time":"2026-04-29T21:41:08+00:00","twitter_card":"summary_large_image","twitter_misc":{"Gesch\u00e4tzte Lesezeit":"1\u00a0Minute"},"schema":{"@context":"https:\/\/schema.org","@graph":[{"@type":"WebPage","@id":"https:\/\/shop.bantam.ch\/de\/produkt\/thermomatte-hindermann-lux-1-oberteil-passend-fuer-lmc-tec-liberty-explorer-_2012\/","url":"https:\/\/shop.bantam.ch\/de\/produkt\/thermomatte-hindermann-lux-1-oberteil-passend-fuer-lmc-tec-liberty-explorer-_2012\/","name":"Thermomatte HINDERMANN LUX 1 Oberteil passend f\u00fcr LMC\/TEC Liberty Explorer _2012 - Bantam","isPartOf":{"@id":"https:\/\/shop.bantam.ch\/de\/#website"},"primaryImageOfPage":{"@id":"https:\/\/shop.bantam.ch\/de\/produkt\/thermomatte-hindermann-lux-1-oberteil-passend-fuer-lmc-tec-liberty-explorer-_2012\/#primaryimage"},"image":{"@id":"https:\/\/shop.bantam.ch\/de\/produkt\/thermomatte-hindermann-lux-1-oberteil-passend-fuer-lmc-tec-liberty-explorer-_2012\/#primaryimage"},"thumbnailUrl":"https:\/\/shop.bantam.ch\/wp-content\/uploads\/2025\/12\/Movera-L-9926230100.jpg","datePublished":"2025-12-17T13:03:39+00:00","dateModified":"2026-04-29T21:41:08+00:00","breadcrumb":{"@id":"https:\/\/shop.bantam.ch\/de\/produkt\/thermomatte-hindermann-lux-1-oberteil-passend-fuer-lmc-tec-liberty-explorer-_2012\/#breadcrumb"},"inLanguage":"de","potentialAction":[{"@type":"ReadAction","target":["https:\/\/shop.bantam.ch\/de\/produkt\/thermomatte-hindermann-lux-1-oberteil-passend-fuer-lmc-tec-liberty-explorer-_2012\/"]}]},{"@type":"ImageObject","inLanguage":"de","@id":"https:\/\/shop.bantam.ch\/de\/produkt\/thermomatte-hindermann-lux-1-oberteil-passend-fuer-lmc-tec-liberty-explorer-_2012\/#primaryimage","url":"https:\/\/shop.bantam.ch\/wp-content\/uploads\/2025\/12\/Movera-L-9926230100.jpg","contentUrl":"https:\/\/shop.bantam.ch\/wp-content\/uploads\/2025\/12\/Movera-L-9926230100.jpg","width":640,"height":485},{"@type":"BreadcrumbList","@id":"https:\/\/shop.bantam.ch\/de\/produkt\/thermomatte-hindermann-lux-1-oberteil-passend-fuer-lmc-tec-liberty-explorer-_2012\/#breadcrumb","itemListElement":[{"@type":"ListItem","position":1,"name":"Accueil","item":"https:\/\/shop.bantam.ch\/de\/"},{"@type":"ListItem","position":2,"name":"Shop","item":"https:\/\/shop.bantam.ch\/de\/shop\/"},{"@type":"ListItem","position":3,"name":"Thermomatte HINDERMANN LUX 1 Oberteil passend f\u00fcr LMC\/TEC Liberty Explorer _2012"}]},{"@type":"WebSite","@id":"https:\/\/shop.bantam.ch\/de\/#website","url":"https:\/\/shop.bantam.ch\/de\/","name":"Bantam","description":"","publisher":{"@id":"https:\/\/shop.bantam.ch\/de\/#organization"},"inLanguage":"de"},{"@type":"Organization","@id":"https:\/\/shop.bantam.ch\/de\/#organization","name":"Bantam","url":"https:\/\/shop.bantam.ch\/de\/","logo":{"@type":"ImageObject","inLanguage":"de","@id":"https:\/\/shop.bantam.ch\/de\/#\/schema\/logo\/image\/","url":"https:\/\/shop.bantam.ch\/wp-content\/uploads\/2022\/12\/bantam-logo.png","contentUrl":"https:\/\/shop.bantam.ch\/wp-content\/uploads\/2022\/12\/bantam-logo.png","width":320,"height":71,"caption":"Bantam"},"image":{"@id":"https:\/\/shop.bantam.ch\/de\/#\/schema\/logo\/image\/"}}]}},"_links":{"self":[{"href":"https:\/\/shop.bantam.ch\/de\/wp-json\/wp\/v2\/product\/223647","targetHints":{"allow":["GET"]}}],"collection":[{"href":"https:\/\/shop.bantam.ch\/de\/wp-json\/wp\/v2\/product"}],"about":[{"href":"https:\/\/shop.bantam.ch\/de\/wp-json\/wp\/v2\/types\/product"}],"wp:featuredmedia":[{"embeddable":true,"href":"https:\/\/shop.bantam.ch\/de\/wp-json\/wp\/v2\/media\/223641"}],"wp:attachment":[{"href":"https:\/\/shop.bantam.ch\/de\/wp-json\/wp\/v2\/media?parent=223647"}],"wp:term":[{"taxonomy":"product_featured_cat","embeddable":true,"href":"https:\/\/shop.bantam.ch\/de\/wp-json\/wp\/v2\/product_featured_cat?post=223647"},{"taxonomy":"product_brand","embeddable":true,"href":"https:\/\/shop.bantam.ch\/de\/wp-json\/wp\/v2\/product_brand?post=223647"},{"taxonomy":"product_cat","embeddable":true,"href":"https:\/\/shop.bantam.ch\/de\/wp-json\/wp\/v2\/product_cat?post=223647"},{"taxonomy":"product_tag","embeddable":true,"href":"https:\/\/shop.bantam.ch\/de\/wp-json\/wp\/v2\/product_tag?post=223647"}],"curies":[{"name":"wp","href":"https:\/\/api.w.org\/{rel}","templated":true}]}}