{"id":223601,"date":"2025-12-17T14:02:19","date_gmt":"2025-12-17T13:02:19","guid":{"rendered":"https:\/\/shop.bantam.ch\/produit\/rueckfahrvideosystem-camos-tv-720-fb-weiss\/"},"modified":"2026-04-17T23:34:53","modified_gmt":"2026-04-17T21:34:53","slug":"rueckfahrvideosystem-camos-tv-720-fb-weiss","status":"publish","type":"product","link":"https:\/\/shop.bantam.ch\/de\/produkt\/rueckfahrvideosystem-camos-tv-720-fb-weiss\/","title":{"rendered":"R\u00fcckfahrvideosystem CAMOS TV-720, Fb. wei\u00df"},"content":{"rendered":"<p>Die TwinVue Kamera sorgt mit ihren 2 Linsen in einem Geh\u00e4use und Einkabell\u00f6sung f\u00fcr den optimalen Blick hinter das Fahrzeug. W\u00e4hrend der Fahrt kann die obere Linse mit 60\u00b0 Blickwinkel als R\u00fcckspiegelersatz genutzt werden. Legt man den R\u00fcckw\u00e4rtsgang ein, schaltet die Kamera auf die untere Linse mit 160\u00b0(diagonal) Blickwinkel um, so dass das Fahrzeugheck zum Rangieren zu sehen ist. Inklusive Monitor 7 Zoll.<\/p>\n","protected":false},"excerpt":{"rendered":"<p>Die TwinVue Kamera sorgt mit ihren 2 Linsen in einem Geh\u00e4use und Einkabell\u00f6sung f\u00fcr den optimalen Blick hinter das Fahrzeug. W\u00e4hrend der Fahrt kann die obere Linse mit 60\u00b0 Blickwinkel als R\u00fcckspiegelersatz genutzt werden. Legt man den R\u00fcckw\u00e4rtsgang ein, schaltet die Kamera auf die untere Linse mit 160\u00b0(diagonal) Blickwinkel um, so dass das Fahrzeugheck zum [&hellip;]<\/p>\n","protected":false},"featured_media":223599,"template":"","meta":{"_acf_changed":false},"product_featured_cat":[],"product_brand":[],"product_cat":[5154],"product_tag":[],"class_list":{"0":"post-223601","1":"product","2":"type-product","3":"status-publish","4":"has-post-thumbnail","6":"product_cat-rueckfahrvideosystem-sets","8":"first","9":"instock","10":"taxable","11":"shipping-taxable","12":"purchasable","13":"product-type-simple"},"acf":[],"yoast_head":"<!-- This site is optimized with the Yoast SEO plugin v27.4 - https:\/\/yoast.com\/product\/yoast-seo-wordpress\/ -->\n<title>R\u00fcckfahrvideosystem CAMOS TV-720, Fb. wei\u00df - Bantam Camping AG<\/title>\n<meta name=\"robots\" content=\"index, follow, max-snippet:-1, max-image-preview:large, max-video-preview:-1\" \/>\n<link rel=\"canonical\" href=\"https:\/\/shop.bantam.ch\/de\/produkt\/rueckfahrvideosystem-camos-tv-720-fb-weiss\/\" \/>\n<meta property=\"og:locale\" content=\"de_DE\" \/>\n<meta property=\"og:type\" content=\"article\" \/>\n<meta property=\"og:title\" content=\"R\u00fcckfahrvideosystem CAMOS TV-720, Fb. wei\u00df - Bantam Camping AG\" \/>\n<meta property=\"og:description\" content=\"Die TwinVue Kamera sorgt mit ihren 2 Linsen in einem Geh\u00e4use und Einkabell\u00f6sung f\u00fcr den optimalen Blick hinter das Fahrzeug. W\u00e4hrend der Fahrt kann die obere Linse mit 60\u00b0 Blickwinkel als R\u00fcckspiegelersatz genutzt werden. Legt man den R\u00fcckw\u00e4rtsgang ein, schaltet die Kamera auf die untere Linse mit 160\u00b0(diagonal) Blickwinkel um, so dass das Fahrzeugheck zum [&hellip;]\" \/>\n<meta property=\"og:url\" content=\"https:\/\/shop.bantam.ch\/de\/produkt\/rueckfahrvideosystem-camos-tv-720-fb-weiss\/\" \/>\n<meta property=\"og:site_name\" content=\"Bantam Camping AG\" \/>\n<meta property=\"article:modified_time\" content=\"2026-04-17T21:34:53+00:00\" \/>\n<meta name=\"twitter:card\" content=\"summary_large_image\" \/>\n<script type=\"application\/ld+json\" class=\"yoast-schema-graph\">{\"@context\":\"https:\\\/\\\/schema.org\",\"@graph\":[{\"@type\":\"WebPage\",\"@id\":\"https:\\\/\\\/shop.bantam.ch\\\/de\\\/produkt\\\/rueckfahrvideosystem-camos-tv-720-fb-weiss\\\/\",\"url\":\"https:\\\/\\\/shop.bantam.ch\\\/de\\\/produkt\\\/rueckfahrvideosystem-camos-tv-720-fb-weiss\\\/\",\"name\":\"R\u00fcckfahrvideosystem CAMOS TV-720, Fb. wei\u00df - Bantam Camping AG\",\"isPartOf\":{\"@id\":\"https:\\\/\\\/shop.bantam.ch\\\/de\\\/#website\"},\"primaryImageOfPage\":{\"@id\":\"https:\\\/\\\/shop.bantam.ch\\\/de\\\/produkt\\\/rueckfahrvideosystem-camos-tv-720-fb-weiss\\\/#primaryimage\"},\"image\":{\"@id\":\"https:\\\/\\\/shop.bantam.ch\\\/de\\\/produkt\\\/rueckfahrvideosystem-camos-tv-720-fb-weiss\\\/#primaryimage\"},\"thumbnailUrl\":\"https:\\\/\\\/shop.bantam.ch\\\/wp-content\\\/uploads\\\/2025\\\/12\\\/Movera-L-9924239100.jpg\",\"datePublished\":\"2025-12-17T13:02:19+00:00\",\"dateModified\":\"2026-04-17T21:34:53+00:00\",\"breadcrumb\":{\"@id\":\"https:\\\/\\\/shop.bantam.ch\\\/de\\\/produkt\\\/rueckfahrvideosystem-camos-tv-720-fb-weiss\\\/#breadcrumb\"},\"inLanguage\":\"de\",\"potentialAction\":[{\"@type\":\"ReadAction\",\"target\":[\"https:\\\/\\\/shop.bantam.ch\\\/de\\\/produkt\\\/rueckfahrvideosystem-camos-tv-720-fb-weiss\\\/\"]}]},{\"@type\":\"ImageObject\",\"inLanguage\":\"de\",\"@id\":\"https:\\\/\\\/shop.bantam.ch\\\/de\\\/produkt\\\/rueckfahrvideosystem-camos-tv-720-fb-weiss\\\/#primaryimage\",\"url\":\"https:\\\/\\\/shop.bantam.ch\\\/wp-content\\\/uploads\\\/2025\\\/12\\\/Movera-L-9924239100.jpg\",\"contentUrl\":\"https:\\\/\\\/shop.bantam.ch\\\/wp-content\\\/uploads\\\/2025\\\/12\\\/Movera-L-9924239100.jpg\",\"width\":640,\"height\":566},{\"@type\":\"BreadcrumbList\",\"@id\":\"https:\\\/\\\/shop.bantam.ch\\\/de\\\/produkt\\\/rueckfahrvideosystem-camos-tv-720-fb-weiss\\\/#breadcrumb\",\"itemListElement\":[{\"@type\":\"ListItem\",\"position\":1,\"name\":\"Accueil\",\"item\":\"https:\\\/\\\/shop.bantam.ch\\\/de\\\/\"},{\"@type\":\"ListItem\",\"position\":2,\"name\":\"Shop\",\"item\":\"https:\\\/\\\/shop.bantam.ch\\\/de\\\/shop\\\/\"},{\"@type\":\"ListItem\",\"position\":3,\"name\":\"R\u00fcckfahrvideosystem CAMOS TV-720, Fb. wei\u00df\"}]},{\"@type\":\"WebSite\",\"@id\":\"https:\\\/\\\/shop.bantam.ch\\\/de\\\/#website\",\"url\":\"https:\\\/\\\/shop.bantam.ch\\\/de\\\/\",\"name\":\"Bantam Camping AG\",\"description\":\"\",\"publisher\":{\"@id\":\"https:\\\/\\\/shop.bantam.ch\\\/de\\\/#organization\"},\"inLanguage\":\"de\"},{\"@type\":\"Organization\",\"@id\":\"https:\\\/\\\/shop.bantam.ch\\\/de\\\/#organization\",\"name\":\"Bantam Camping AG\",\"url\":\"https:\\\/\\\/shop.bantam.ch\\\/de\\\/\",\"logo\":{\"@type\":\"ImageObject\",\"inLanguage\":\"de\",\"@id\":\"https:\\\/\\\/shop.bantam.ch\\\/de\\\/#\\\/schema\\\/logo\\\/image\\\/\",\"url\":\"https:\\\/\\\/shop.bantam.ch\\\/wp-content\\\/uploads\\\/2022\\\/12\\\/bantam-logo.png\",\"contentUrl\":\"https:\\\/\\\/shop.bantam.ch\\\/wp-content\\\/uploads\\\/2022\\\/12\\\/bantam-logo.png\",\"width\":320,\"height\":71,\"caption\":\"Bantam Camping AG\"},\"image\":{\"@id\":\"https:\\\/\\\/shop.bantam.ch\\\/de\\\/#\\\/schema\\\/logo\\\/image\\\/\"}}]}<\/script>\n<!-- \/ Yoast SEO plugin. -->","yoast_head_json":{"title":"R\u00fcckfahrvideosystem CAMOS TV-720, Fb. wei\u00df - Bantam Camping AG","robots":{"index":"index","follow":"follow","max-snippet":"max-snippet:-1","max-image-preview":"max-image-preview:large","max-video-preview":"max-video-preview:-1"},"canonical":"https:\/\/shop.bantam.ch\/de\/produkt\/rueckfahrvideosystem-camos-tv-720-fb-weiss\/","og_locale":"de_DE","og_type":"article","og_title":"R\u00fcckfahrvideosystem CAMOS TV-720, Fb. wei\u00df - Bantam Camping AG","og_description":"Die TwinVue Kamera sorgt mit ihren 2 Linsen in einem Geh\u00e4use und Einkabell\u00f6sung f\u00fcr den optimalen Blick hinter das Fahrzeug. W\u00e4hrend der Fahrt kann die obere Linse mit 60\u00b0 Blickwinkel als R\u00fcckspiegelersatz genutzt werden. Legt man den R\u00fcckw\u00e4rtsgang ein, schaltet die Kamera auf die untere Linse mit 160\u00b0(diagonal) Blickwinkel um, so dass das Fahrzeugheck zum [&hellip;]","og_url":"https:\/\/shop.bantam.ch\/de\/produkt\/rueckfahrvideosystem-camos-tv-720-fb-weiss\/","og_site_name":"Bantam Camping AG","article_modified_time":"2026-04-17T21:34:53+00:00","twitter_card":"summary_large_image","schema":{"@context":"https:\/\/schema.org","@graph":[{"@type":"WebPage","@id":"https:\/\/shop.bantam.ch\/de\/produkt\/rueckfahrvideosystem-camos-tv-720-fb-weiss\/","url":"https:\/\/shop.bantam.ch\/de\/produkt\/rueckfahrvideosystem-camos-tv-720-fb-weiss\/","name":"R\u00fcckfahrvideosystem CAMOS TV-720, Fb. wei\u00df - Bantam Camping AG","isPartOf":{"@id":"https:\/\/shop.bantam.ch\/de\/#website"},"primaryImageOfPage":{"@id":"https:\/\/shop.bantam.ch\/de\/produkt\/rueckfahrvideosystem-camos-tv-720-fb-weiss\/#primaryimage"},"image":{"@id":"https:\/\/shop.bantam.ch\/de\/produkt\/rueckfahrvideosystem-camos-tv-720-fb-weiss\/#primaryimage"},"thumbnailUrl":"https:\/\/shop.bantam.ch\/wp-content\/uploads\/2025\/12\/Movera-L-9924239100.jpg","datePublished":"2025-12-17T13:02:19+00:00","dateModified":"2026-04-17T21:34:53+00:00","breadcrumb":{"@id":"https:\/\/shop.bantam.ch\/de\/produkt\/rueckfahrvideosystem-camos-tv-720-fb-weiss\/#breadcrumb"},"inLanguage":"de","potentialAction":[{"@type":"ReadAction","target":["https:\/\/shop.bantam.ch\/de\/produkt\/rueckfahrvideosystem-camos-tv-720-fb-weiss\/"]}]},{"@type":"ImageObject","inLanguage":"de","@id":"https:\/\/shop.bantam.ch\/de\/produkt\/rueckfahrvideosystem-camos-tv-720-fb-weiss\/#primaryimage","url":"https:\/\/shop.bantam.ch\/wp-content\/uploads\/2025\/12\/Movera-L-9924239100.jpg","contentUrl":"https:\/\/shop.bantam.ch\/wp-content\/uploads\/2025\/12\/Movera-L-9924239100.jpg","width":640,"height":566},{"@type":"BreadcrumbList","@id":"https:\/\/shop.bantam.ch\/de\/produkt\/rueckfahrvideosystem-camos-tv-720-fb-weiss\/#breadcrumb","itemListElement":[{"@type":"ListItem","position":1,"name":"Accueil","item":"https:\/\/shop.bantam.ch\/de\/"},{"@type":"ListItem","position":2,"name":"Shop","item":"https:\/\/shop.bantam.ch\/de\/shop\/"},{"@type":"ListItem","position":3,"name":"R\u00fcckfahrvideosystem CAMOS TV-720, Fb. wei\u00df"}]},{"@type":"WebSite","@id":"https:\/\/shop.bantam.ch\/de\/#website","url":"https:\/\/shop.bantam.ch\/de\/","name":"Bantam Camping AG","description":"","publisher":{"@id":"https:\/\/shop.bantam.ch\/de\/#organization"},"inLanguage":"de"},{"@type":"Organization","@id":"https:\/\/shop.bantam.ch\/de\/#organization","name":"Bantam Camping AG","url":"https:\/\/shop.bantam.ch\/de\/","logo":{"@type":"ImageObject","inLanguage":"de","@id":"https:\/\/shop.bantam.ch\/de\/#\/schema\/logo\/image\/","url":"https:\/\/shop.bantam.ch\/wp-content\/uploads\/2022\/12\/bantam-logo.png","contentUrl":"https:\/\/shop.bantam.ch\/wp-content\/uploads\/2022\/12\/bantam-logo.png","width":320,"height":71,"caption":"Bantam Camping AG"},"image":{"@id":"https:\/\/shop.bantam.ch\/de\/#\/schema\/logo\/image\/"}}]}},"_links":{"self":[{"href":"https:\/\/shop.bantam.ch\/de\/wp-json\/wp\/v2\/product\/223601","targetHints":{"allow":["GET"]}}],"collection":[{"href":"https:\/\/shop.bantam.ch\/de\/wp-json\/wp\/v2\/product"}],"about":[{"href":"https:\/\/shop.bantam.ch\/de\/wp-json\/wp\/v2\/types\/product"}],"wp:featuredmedia":[{"embeddable":true,"href":"https:\/\/shop.bantam.ch\/de\/wp-json\/wp\/v2\/media\/223599"}],"wp:attachment":[{"href":"https:\/\/shop.bantam.ch\/de\/wp-json\/wp\/v2\/media?parent=223601"}],"wp:term":[{"taxonomy":"product_featured_cat","embeddable":true,"href":"https:\/\/shop.bantam.ch\/de\/wp-json\/wp\/v2\/product_featured_cat?post=223601"},{"taxonomy":"product_brand","embeddable":true,"href":"https:\/\/shop.bantam.ch\/de\/wp-json\/wp\/v2\/product_brand?post=223601"},{"taxonomy":"product_cat","embeddable":true,"href":"https:\/\/shop.bantam.ch\/de\/wp-json\/wp\/v2\/product_cat?post=223601"},{"taxonomy":"product_tag","embeddable":true,"href":"https:\/\/shop.bantam.ch\/de\/wp-json\/wp\/v2\/product_tag?post=223601"}],"curies":[{"name":"wp","href":"https:\/\/api.w.org\/{rel}","templated":true}]}}