{"id":223563,"date":"2025-12-17T14:00:49","date_gmt":"2025-12-17T13:00:49","guid":{"rendered":"https:\/\/shop.bantam.ch\/produit\/wasserhahn-reich-keramik-twist-hochglanz-chrom-inkl-schalter-und-39-mm-bohrung\/"},"modified":"2026-04-17T23:34:39","modified_gmt":"2026-04-17T21:34:39","slug":"wasserhahn-reich-keramik-twist-hochglanz-chrom-inkl-schalter-und-39-mm-bohrung","status":"publish","type":"product","link":"https:\/\/shop.bantam.ch\/de\/produkt\/wasserhahn-reich-keramik-twist-hochglanz-chrom-inkl-schalter-und-39-mm-bohrung\/","title":{"rendered":"Wasserhahn Reich Keramik Twist hochglanz chrom inkl. Schalter und 39 mm Bohrung"},"content":{"rendered":"<p>Durch die geringe Bauh\u00f6he von nur 40 mm ist die Armatur TWIST bestens f\u00fcr den Einbau bei beengten Platzverh\u00e4ltnissen geeignet.&nbsp;<br \/>\nDie eingebaute Keramik-Kartusche l\u00e4sst sich im Bedarfsfall ohne Ausbau der Armatur austauschen. Der Schalter ist komplett wasserdicht. Farbe: Hochglanz Chrom<\/p>\n","protected":false},"excerpt":{"rendered":"<p>Durch die geringe Bauh\u00f6he von nur 40 mm ist die Armatur TWIST bestens f\u00fcr den Einbau bei beengten Platzverh\u00e4ltnissen geeignet.&nbsp; Die eingebaute Keramik-Kartusche l\u00e4sst sich im Bedarfsfall ohne Ausbau der Armatur austauschen. Der Schalter ist komplett wasserdicht. Farbe: Hochglanz Chrom<\/p>\n","protected":false},"featured_media":223561,"template":"","meta":{"_acf_changed":false},"product_featured_cat":[],"product_brand":[],"product_cat":[4574],"product_tag":[],"class_list":{"0":"post-223563","1":"product","2":"type-product","3":"status-publish","4":"has-post-thumbnail","6":"product_cat-einhebelmischer-kaltwasserhaehne","8":"first","9":"instock","10":"taxable","11":"shipping-taxable","12":"purchasable","13":"product-type-simple"},"acf":[],"yoast_head":"<!-- This site is optimized with the Yoast SEO plugin v27.4 - https:\/\/yoast.com\/product\/yoast-seo-wordpress\/ -->\n<title>Wasserhahn Reich Keramik Twist hochglanz chrom inkl. Schalter und 39 mm Bohrung - Bantam Camping AG<\/title>\n<meta name=\"robots\" content=\"index, follow, max-snippet:-1, max-image-preview:large, max-video-preview:-1\" \/>\n<link rel=\"canonical\" href=\"https:\/\/shop.bantam.ch\/de\/produkt\/wasserhahn-reich-keramik-twist-hochglanz-chrom-inkl-schalter-und-39-mm-bohrung\/\" \/>\n<meta property=\"og:locale\" content=\"de_DE\" \/>\n<meta property=\"og:type\" content=\"article\" \/>\n<meta property=\"og:title\" content=\"Wasserhahn Reich Keramik Twist hochglanz chrom inkl. Schalter und 39 mm Bohrung - Bantam Camping AG\" \/>\n<meta property=\"og:description\" content=\"Durch die geringe Bauh\u00f6he von nur 40 mm ist die Armatur TWIST bestens f\u00fcr den Einbau bei beengten Platzverh\u00e4ltnissen geeignet.&nbsp; Die eingebaute Keramik-Kartusche l\u00e4sst sich im Bedarfsfall ohne Ausbau der Armatur austauschen. Der Schalter ist komplett wasserdicht. Farbe: Hochglanz Chrom\" \/>\n<meta property=\"og:url\" content=\"https:\/\/shop.bantam.ch\/de\/produkt\/wasserhahn-reich-keramik-twist-hochglanz-chrom-inkl-schalter-und-39-mm-bohrung\/\" \/>\n<meta property=\"og:site_name\" content=\"Bantam Camping AG\" \/>\n<meta property=\"article:modified_time\" content=\"2026-04-17T21:34:39+00:00\" \/>\n<meta name=\"twitter:card\" content=\"summary_large_image\" \/>\n<script type=\"application\/ld+json\" class=\"yoast-schema-graph\">{\"@context\":\"https:\\\/\\\/schema.org\",\"@graph\":[{\"@type\":\"WebPage\",\"@id\":\"https:\\\/\\\/shop.bantam.ch\\\/de\\\/produkt\\\/wasserhahn-reich-keramik-twist-hochglanz-chrom-inkl-schalter-und-39-mm-bohrung\\\/\",\"url\":\"https:\\\/\\\/shop.bantam.ch\\\/de\\\/produkt\\\/wasserhahn-reich-keramik-twist-hochglanz-chrom-inkl-schalter-und-39-mm-bohrung\\\/\",\"name\":\"Wasserhahn Reich Keramik Twist hochglanz chrom inkl. Schalter und 39 mm Bohrung - Bantam Camping AG\",\"isPartOf\":{\"@id\":\"https:\\\/\\\/shop.bantam.ch\\\/de\\\/#website\"},\"primaryImageOfPage\":{\"@id\":\"https:\\\/\\\/shop.bantam.ch\\\/de\\\/produkt\\\/wasserhahn-reich-keramik-twist-hochglanz-chrom-inkl-schalter-und-39-mm-bohrung\\\/#primaryimage\"},\"image\":{\"@id\":\"https:\\\/\\\/shop.bantam.ch\\\/de\\\/produkt\\\/wasserhahn-reich-keramik-twist-hochglanz-chrom-inkl-schalter-und-39-mm-bohrung\\\/#primaryimage\"},\"thumbnailUrl\":\"https:\\\/\\\/shop.bantam.ch\\\/wp-content\\\/uploads\\\/2025\\\/12\\\/Movera-L-9922561100.jpg\",\"datePublished\":\"2025-12-17T13:00:49+00:00\",\"dateModified\":\"2026-04-17T21:34:39+00:00\",\"breadcrumb\":{\"@id\":\"https:\\\/\\\/shop.bantam.ch\\\/de\\\/produkt\\\/wasserhahn-reich-keramik-twist-hochglanz-chrom-inkl-schalter-und-39-mm-bohrung\\\/#breadcrumb\"},\"inLanguage\":\"de\",\"potentialAction\":[{\"@type\":\"ReadAction\",\"target\":[\"https:\\\/\\\/shop.bantam.ch\\\/de\\\/produkt\\\/wasserhahn-reich-keramik-twist-hochglanz-chrom-inkl-schalter-und-39-mm-bohrung\\\/\"]}]},{\"@type\":\"ImageObject\",\"inLanguage\":\"de\",\"@id\":\"https:\\\/\\\/shop.bantam.ch\\\/de\\\/produkt\\\/wasserhahn-reich-keramik-twist-hochglanz-chrom-inkl-schalter-und-39-mm-bohrung\\\/#primaryimage\",\"url\":\"https:\\\/\\\/shop.bantam.ch\\\/wp-content\\\/uploads\\\/2025\\\/12\\\/Movera-L-9922561100.jpg\",\"contentUrl\":\"https:\\\/\\\/shop.bantam.ch\\\/wp-content\\\/uploads\\\/2025\\\/12\\\/Movera-L-9922561100.jpg\",\"width\":591,\"height\":886},{\"@type\":\"BreadcrumbList\",\"@id\":\"https:\\\/\\\/shop.bantam.ch\\\/de\\\/produkt\\\/wasserhahn-reich-keramik-twist-hochglanz-chrom-inkl-schalter-und-39-mm-bohrung\\\/#breadcrumb\",\"itemListElement\":[{\"@type\":\"ListItem\",\"position\":1,\"name\":\"Accueil\",\"item\":\"https:\\\/\\\/shop.bantam.ch\\\/de\\\/\"},{\"@type\":\"ListItem\",\"position\":2,\"name\":\"Shop\",\"item\":\"https:\\\/\\\/shop.bantam.ch\\\/de\\\/shop\\\/\"},{\"@type\":\"ListItem\",\"position\":3,\"name\":\"Wasserhahn Reich Keramik Twist hochglanz chrom inkl. Schalter und 39 mm Bohrung\"}]},{\"@type\":\"WebSite\",\"@id\":\"https:\\\/\\\/shop.bantam.ch\\\/de\\\/#website\",\"url\":\"https:\\\/\\\/shop.bantam.ch\\\/de\\\/\",\"name\":\"Bantam Camping AG\",\"description\":\"\",\"publisher\":{\"@id\":\"https:\\\/\\\/shop.bantam.ch\\\/de\\\/#organization\"},\"inLanguage\":\"de\"},{\"@type\":\"Organization\",\"@id\":\"https:\\\/\\\/shop.bantam.ch\\\/de\\\/#organization\",\"name\":\"Bantam Camping AG\",\"url\":\"https:\\\/\\\/shop.bantam.ch\\\/de\\\/\",\"logo\":{\"@type\":\"ImageObject\",\"inLanguage\":\"de\",\"@id\":\"https:\\\/\\\/shop.bantam.ch\\\/de\\\/#\\\/schema\\\/logo\\\/image\\\/\",\"url\":\"https:\\\/\\\/shop.bantam.ch\\\/wp-content\\\/uploads\\\/2022\\\/12\\\/bantam-logo.png\",\"contentUrl\":\"https:\\\/\\\/shop.bantam.ch\\\/wp-content\\\/uploads\\\/2022\\\/12\\\/bantam-logo.png\",\"width\":320,\"height\":71,\"caption\":\"Bantam Camping AG\"},\"image\":{\"@id\":\"https:\\\/\\\/shop.bantam.ch\\\/de\\\/#\\\/schema\\\/logo\\\/image\\\/\"}}]}<\/script>\n<!-- \/ Yoast SEO plugin. -->","yoast_head_json":{"title":"Wasserhahn Reich Keramik Twist hochglanz chrom inkl. Schalter und 39 mm Bohrung - Bantam Camping AG","robots":{"index":"index","follow":"follow","max-snippet":"max-snippet:-1","max-image-preview":"max-image-preview:large","max-video-preview":"max-video-preview:-1"},"canonical":"https:\/\/shop.bantam.ch\/de\/produkt\/wasserhahn-reich-keramik-twist-hochglanz-chrom-inkl-schalter-und-39-mm-bohrung\/","og_locale":"de_DE","og_type":"article","og_title":"Wasserhahn Reich Keramik Twist hochglanz chrom inkl. Schalter und 39 mm Bohrung - Bantam Camping AG","og_description":"Durch die geringe Bauh\u00f6he von nur 40 mm ist die Armatur TWIST bestens f\u00fcr den Einbau bei beengten Platzverh\u00e4ltnissen geeignet.&nbsp; Die eingebaute Keramik-Kartusche l\u00e4sst sich im Bedarfsfall ohne Ausbau der Armatur austauschen. Der Schalter ist komplett wasserdicht. Farbe: Hochglanz Chrom","og_url":"https:\/\/shop.bantam.ch\/de\/produkt\/wasserhahn-reich-keramik-twist-hochglanz-chrom-inkl-schalter-und-39-mm-bohrung\/","og_site_name":"Bantam Camping AG","article_modified_time":"2026-04-17T21:34:39+00:00","twitter_card":"summary_large_image","schema":{"@context":"https:\/\/schema.org","@graph":[{"@type":"WebPage","@id":"https:\/\/shop.bantam.ch\/de\/produkt\/wasserhahn-reich-keramik-twist-hochglanz-chrom-inkl-schalter-und-39-mm-bohrung\/","url":"https:\/\/shop.bantam.ch\/de\/produkt\/wasserhahn-reich-keramik-twist-hochglanz-chrom-inkl-schalter-und-39-mm-bohrung\/","name":"Wasserhahn Reich Keramik Twist hochglanz chrom inkl. Schalter und 39 mm Bohrung - Bantam Camping AG","isPartOf":{"@id":"https:\/\/shop.bantam.ch\/de\/#website"},"primaryImageOfPage":{"@id":"https:\/\/shop.bantam.ch\/de\/produkt\/wasserhahn-reich-keramik-twist-hochglanz-chrom-inkl-schalter-und-39-mm-bohrung\/#primaryimage"},"image":{"@id":"https:\/\/shop.bantam.ch\/de\/produkt\/wasserhahn-reich-keramik-twist-hochglanz-chrom-inkl-schalter-und-39-mm-bohrung\/#primaryimage"},"thumbnailUrl":"https:\/\/shop.bantam.ch\/wp-content\/uploads\/2025\/12\/Movera-L-9922561100.jpg","datePublished":"2025-12-17T13:00:49+00:00","dateModified":"2026-04-17T21:34:39+00:00","breadcrumb":{"@id":"https:\/\/shop.bantam.ch\/de\/produkt\/wasserhahn-reich-keramik-twist-hochglanz-chrom-inkl-schalter-und-39-mm-bohrung\/#breadcrumb"},"inLanguage":"de","potentialAction":[{"@type":"ReadAction","target":["https:\/\/shop.bantam.ch\/de\/produkt\/wasserhahn-reich-keramik-twist-hochglanz-chrom-inkl-schalter-und-39-mm-bohrung\/"]}]},{"@type":"ImageObject","inLanguage":"de","@id":"https:\/\/shop.bantam.ch\/de\/produkt\/wasserhahn-reich-keramik-twist-hochglanz-chrom-inkl-schalter-und-39-mm-bohrung\/#primaryimage","url":"https:\/\/shop.bantam.ch\/wp-content\/uploads\/2025\/12\/Movera-L-9922561100.jpg","contentUrl":"https:\/\/shop.bantam.ch\/wp-content\/uploads\/2025\/12\/Movera-L-9922561100.jpg","width":591,"height":886},{"@type":"BreadcrumbList","@id":"https:\/\/shop.bantam.ch\/de\/produkt\/wasserhahn-reich-keramik-twist-hochglanz-chrom-inkl-schalter-und-39-mm-bohrung\/#breadcrumb","itemListElement":[{"@type":"ListItem","position":1,"name":"Accueil","item":"https:\/\/shop.bantam.ch\/de\/"},{"@type":"ListItem","position":2,"name":"Shop","item":"https:\/\/shop.bantam.ch\/de\/shop\/"},{"@type":"ListItem","position":3,"name":"Wasserhahn Reich Keramik Twist hochglanz chrom inkl. Schalter und 39 mm Bohrung"}]},{"@type":"WebSite","@id":"https:\/\/shop.bantam.ch\/de\/#website","url":"https:\/\/shop.bantam.ch\/de\/","name":"Bantam Camping AG","description":"","publisher":{"@id":"https:\/\/shop.bantam.ch\/de\/#organization"},"inLanguage":"de"},{"@type":"Organization","@id":"https:\/\/shop.bantam.ch\/de\/#organization","name":"Bantam Camping AG","url":"https:\/\/shop.bantam.ch\/de\/","logo":{"@type":"ImageObject","inLanguage":"de","@id":"https:\/\/shop.bantam.ch\/de\/#\/schema\/logo\/image\/","url":"https:\/\/shop.bantam.ch\/wp-content\/uploads\/2022\/12\/bantam-logo.png","contentUrl":"https:\/\/shop.bantam.ch\/wp-content\/uploads\/2022\/12\/bantam-logo.png","width":320,"height":71,"caption":"Bantam Camping AG"},"image":{"@id":"https:\/\/shop.bantam.ch\/de\/#\/schema\/logo\/image\/"}}]}},"_links":{"self":[{"href":"https:\/\/shop.bantam.ch\/de\/wp-json\/wp\/v2\/product\/223563","targetHints":{"allow":["GET"]}}],"collection":[{"href":"https:\/\/shop.bantam.ch\/de\/wp-json\/wp\/v2\/product"}],"about":[{"href":"https:\/\/shop.bantam.ch\/de\/wp-json\/wp\/v2\/types\/product"}],"wp:featuredmedia":[{"embeddable":true,"href":"https:\/\/shop.bantam.ch\/de\/wp-json\/wp\/v2\/media\/223561"}],"wp:attachment":[{"href":"https:\/\/shop.bantam.ch\/de\/wp-json\/wp\/v2\/media?parent=223563"}],"wp:term":[{"taxonomy":"product_featured_cat","embeddable":true,"href":"https:\/\/shop.bantam.ch\/de\/wp-json\/wp\/v2\/product_featured_cat?post=223563"},{"taxonomy":"product_brand","embeddable":true,"href":"https:\/\/shop.bantam.ch\/de\/wp-json\/wp\/v2\/product_brand?post=223563"},{"taxonomy":"product_cat","embeddable":true,"href":"https:\/\/shop.bantam.ch\/de\/wp-json\/wp\/v2\/product_cat?post=223563"},{"taxonomy":"product_tag","embeddable":true,"href":"https:\/\/shop.bantam.ch\/de\/wp-json\/wp\/v2\/product_tag?post=223563"}],"curies":[{"name":"wp","href":"https:\/\/api.w.org\/{rel}","templated":true}]}}