{"id":223528,"date":"2025-12-17T13:49:42","date_gmt":"2025-12-17T12:49:42","guid":{"rendered":"https:\/\/shop.bantam.ch\/produit\/unterteil-thermofenstermatte-hindermann-lux-mercedes-klasse-b-slab-2013\/"},"modified":"2026-04-18T23:37:48","modified_gmt":"2026-04-18T21:37:48","slug":"unterteil-thermofenstermatte-hindermann-lux-mercedes-klasse-b-slab-2013","status":"publish","type":"product","link":"https:\/\/shop.bantam.ch\/de\/produkt\/unterteil-thermofenstermatte-hindermann-lux-mercedes-klasse-b-slab-2013\/","title":{"rendered":"Unterteil Thermofenstermatte HINDERMANN LUX Mercedes Klasse B-SLab 2013"},"content":{"rendered":"<p>Um auch im Winterurlaub einen wirksamen Schutz vor kalter Zugluft durch den nicht isolierten Motorraum, die Radh\u00e4user und den Fu\u00dfraum zu erm\u00f6glichen, hat passend f\u00fcr HINDERMANN das Verl\u00e4ngerungsmodul LUX DUO entwickelt. F\u00fcr die Verbindung mit der Fenstermatte ist oben ein Klettband eingearbeitet. Die Verl\u00e4ngerung besteht aus dem gleichen Material, die Isolierung ist jedoch etwas d\u00fcnner, um Volumen w\u00e4hrend der Reise einzusparen. Zusammen mit dem Oberteil der passend f\u00fcr HINDERMANN Thermofenstermatte LUX entsteht eine 2-teilige Thermoisolierung f\u00fcr das komplette Fahrerhaus. So l\u00e4sst sich das komplette Fahrerhaus wirkungsvoll vor eindringender K\u00e4lte sch\u00fctzen. Das passend f\u00fcr HINDERMANN Verl\u00e4ngerungsmodul LUX DUO kann auch nachtr\u00e4glich einzeln erworben werden.<\/p>\n","protected":false},"excerpt":{"rendered":"<p>Um auch im Winterurlaub einen wirksamen Schutz vor kalter Zugluft durch den nicht isolierten Motorraum, die Radh\u00e4user und den Fu\u00dfraum zu erm\u00f6glichen, hat passend f\u00fcr HINDERMANN das Verl\u00e4ngerungsmodul LUX DUO entwickelt. F\u00fcr die Verbindung mit der Fenstermatte ist oben ein Klettband eingearbeitet. Die Verl\u00e4ngerung besteht aus dem gleichen Material, die Isolierung ist jedoch etwas d\u00fcnner, [&hellip;]<\/p>\n","protected":false},"featured_media":223522,"template":"","meta":{"_acf_changed":false},"product_featured_cat":[],"product_brand":[],"product_cat":[4642],"product_tag":[],"class_list":{"0":"post-223528","1":"product","2":"type-product","3":"status-publish","4":"has-post-thumbnail","6":"product_cat-thermomatten-vorhaenge","8":"first","9":"instock","10":"taxable","11":"shipping-taxable","12":"purchasable","13":"product-type-simple"},"acf":[],"yoast_head":"<!-- This site is optimized with the Yoast SEO plugin v27.4 - https:\/\/yoast.com\/product\/yoast-seo-wordpress\/ -->\n<title>Unterteil Thermofenstermatte HINDERMANN LUX Mercedes Klasse B-SLab 2013 - Bantam Camping AG<\/title>\n<meta name=\"robots\" content=\"index, follow, max-snippet:-1, max-image-preview:large, max-video-preview:-1\" \/>\n<link rel=\"canonical\" href=\"https:\/\/shop.bantam.ch\/de\/produkt\/unterteil-thermofenstermatte-hindermann-lux-mercedes-klasse-b-slab-2013\/\" \/>\n<meta property=\"og:locale\" content=\"de_DE\" \/>\n<meta property=\"og:type\" content=\"article\" \/>\n<meta property=\"og:title\" content=\"Unterteil Thermofenstermatte HINDERMANN LUX Mercedes Klasse B-SLab 2013 - Bantam Camping AG\" \/>\n<meta property=\"og:description\" content=\"Um auch im Winterurlaub einen wirksamen Schutz vor kalter Zugluft durch den nicht isolierten Motorraum, die Radh\u00e4user und den Fu\u00dfraum zu erm\u00f6glichen, hat passend f\u00fcr HINDERMANN das Verl\u00e4ngerungsmodul LUX DUO entwickelt. F\u00fcr die Verbindung mit der Fenstermatte ist oben ein Klettband eingearbeitet. Die Verl\u00e4ngerung besteht aus dem gleichen Material, die Isolierung ist jedoch etwas d\u00fcnner, [&hellip;]\" \/>\n<meta property=\"og:url\" content=\"https:\/\/shop.bantam.ch\/de\/produkt\/unterteil-thermofenstermatte-hindermann-lux-mercedes-klasse-b-slab-2013\/\" \/>\n<meta property=\"og:site_name\" content=\"Bantam Camping AG\" \/>\n<meta property=\"article:modified_time\" content=\"2026-04-18T21:37:48+00:00\" \/>\n<meta name=\"twitter:card\" content=\"summary_large_image\" \/>\n<meta name=\"twitter:label1\" content=\"Gesch\u00e4tzte Lesezeit\" \/>\n\t<meta name=\"twitter:data1\" content=\"1\u00a0Minute\" \/>\n<script type=\"application\/ld+json\" class=\"yoast-schema-graph\">{\"@context\":\"https:\\\/\\\/schema.org\",\"@graph\":[{\"@type\":\"WebPage\",\"@id\":\"https:\\\/\\\/shop.bantam.ch\\\/de\\\/produkt\\\/unterteil-thermofenstermatte-hindermann-lux-mercedes-klasse-b-slab-2013\\\/\",\"url\":\"https:\\\/\\\/shop.bantam.ch\\\/de\\\/produkt\\\/unterteil-thermofenstermatte-hindermann-lux-mercedes-klasse-b-slab-2013\\\/\",\"name\":\"Unterteil Thermofenstermatte HINDERMANN LUX Mercedes Klasse B-SLab 2013 - Bantam Camping AG\",\"isPartOf\":{\"@id\":\"https:\\\/\\\/shop.bantam.ch\\\/de\\\/#website\"},\"primaryImageOfPage\":{\"@id\":\"https:\\\/\\\/shop.bantam.ch\\\/de\\\/produkt\\\/unterteil-thermofenstermatte-hindermann-lux-mercedes-klasse-b-slab-2013\\\/#primaryimage\"},\"image\":{\"@id\":\"https:\\\/\\\/shop.bantam.ch\\\/de\\\/produkt\\\/unterteil-thermofenstermatte-hindermann-lux-mercedes-klasse-b-slab-2013\\\/#primaryimage\"},\"thumbnailUrl\":\"https:\\\/\\\/shop.bantam.ch\\\/wp-content\\\/uploads\\\/2025\\\/12\\\/Movera-L-9918669100.png\",\"datePublished\":\"2025-12-17T12:49:42+00:00\",\"dateModified\":\"2026-04-18T21:37:48+00:00\",\"breadcrumb\":{\"@id\":\"https:\\\/\\\/shop.bantam.ch\\\/de\\\/produkt\\\/unterteil-thermofenstermatte-hindermann-lux-mercedes-klasse-b-slab-2013\\\/#breadcrumb\"},\"inLanguage\":\"de\",\"potentialAction\":[{\"@type\":\"ReadAction\",\"target\":[\"https:\\\/\\\/shop.bantam.ch\\\/de\\\/produkt\\\/unterteil-thermofenstermatte-hindermann-lux-mercedes-klasse-b-slab-2013\\\/\"]}]},{\"@type\":\"ImageObject\",\"inLanguage\":\"de\",\"@id\":\"https:\\\/\\\/shop.bantam.ch\\\/de\\\/produkt\\\/unterteil-thermofenstermatte-hindermann-lux-mercedes-klasse-b-slab-2013\\\/#primaryimage\",\"url\":\"https:\\\/\\\/shop.bantam.ch\\\/wp-content\\\/uploads\\\/2025\\\/12\\\/Movera-L-9918669100.png\",\"contentUrl\":\"https:\\\/\\\/shop.bantam.ch\\\/wp-content\\\/uploads\\\/2025\\\/12\\\/Movera-L-9918669100.png\",\"width\":420,\"height\":420},{\"@type\":\"BreadcrumbList\",\"@id\":\"https:\\\/\\\/shop.bantam.ch\\\/de\\\/produkt\\\/unterteil-thermofenstermatte-hindermann-lux-mercedes-klasse-b-slab-2013\\\/#breadcrumb\",\"itemListElement\":[{\"@type\":\"ListItem\",\"position\":1,\"name\":\"Accueil\",\"item\":\"https:\\\/\\\/shop.bantam.ch\\\/de\\\/\"},{\"@type\":\"ListItem\",\"position\":2,\"name\":\"Shop\",\"item\":\"https:\\\/\\\/shop.bantam.ch\\\/de\\\/shop\\\/\"},{\"@type\":\"ListItem\",\"position\":3,\"name\":\"Unterteil Thermofenstermatte HINDERMANN LUX Mercedes Klasse B-SLab 2013\"}]},{\"@type\":\"WebSite\",\"@id\":\"https:\\\/\\\/shop.bantam.ch\\\/de\\\/#website\",\"url\":\"https:\\\/\\\/shop.bantam.ch\\\/de\\\/\",\"name\":\"Bantam Camping AG\",\"description\":\"\",\"publisher\":{\"@id\":\"https:\\\/\\\/shop.bantam.ch\\\/de\\\/#organization\"},\"inLanguage\":\"de\"},{\"@type\":\"Organization\",\"@id\":\"https:\\\/\\\/shop.bantam.ch\\\/de\\\/#organization\",\"name\":\"Bantam Camping AG\",\"url\":\"https:\\\/\\\/shop.bantam.ch\\\/de\\\/\",\"logo\":{\"@type\":\"ImageObject\",\"inLanguage\":\"de\",\"@id\":\"https:\\\/\\\/shop.bantam.ch\\\/de\\\/#\\\/schema\\\/logo\\\/image\\\/\",\"url\":\"https:\\\/\\\/shop.bantam.ch\\\/wp-content\\\/uploads\\\/2022\\\/12\\\/bantam-logo.png\",\"contentUrl\":\"https:\\\/\\\/shop.bantam.ch\\\/wp-content\\\/uploads\\\/2022\\\/12\\\/bantam-logo.png\",\"width\":320,\"height\":71,\"caption\":\"Bantam Camping AG\"},\"image\":{\"@id\":\"https:\\\/\\\/shop.bantam.ch\\\/de\\\/#\\\/schema\\\/logo\\\/image\\\/\"}}]}<\/script>\n<!-- \/ Yoast SEO plugin. -->","yoast_head_json":{"title":"Unterteil Thermofenstermatte HINDERMANN LUX Mercedes Klasse B-SLab 2013 - Bantam Camping AG","robots":{"index":"index","follow":"follow","max-snippet":"max-snippet:-1","max-image-preview":"max-image-preview:large","max-video-preview":"max-video-preview:-1"},"canonical":"https:\/\/shop.bantam.ch\/de\/produkt\/unterteil-thermofenstermatte-hindermann-lux-mercedes-klasse-b-slab-2013\/","og_locale":"de_DE","og_type":"article","og_title":"Unterteil Thermofenstermatte HINDERMANN LUX Mercedes Klasse B-SLab 2013 - Bantam Camping AG","og_description":"Um auch im Winterurlaub einen wirksamen Schutz vor kalter Zugluft durch den nicht isolierten Motorraum, die Radh\u00e4user und den Fu\u00dfraum zu erm\u00f6glichen, hat passend f\u00fcr HINDERMANN das Verl\u00e4ngerungsmodul LUX DUO entwickelt. F\u00fcr die Verbindung mit der Fenstermatte ist oben ein Klettband eingearbeitet. Die Verl\u00e4ngerung besteht aus dem gleichen Material, die Isolierung ist jedoch etwas d\u00fcnner, [&hellip;]","og_url":"https:\/\/shop.bantam.ch\/de\/produkt\/unterteil-thermofenstermatte-hindermann-lux-mercedes-klasse-b-slab-2013\/","og_site_name":"Bantam Camping AG","article_modified_time":"2026-04-18T21:37:48+00:00","twitter_card":"summary_large_image","twitter_misc":{"Gesch\u00e4tzte Lesezeit":"1\u00a0Minute"},"schema":{"@context":"https:\/\/schema.org","@graph":[{"@type":"WebPage","@id":"https:\/\/shop.bantam.ch\/de\/produkt\/unterteil-thermofenstermatte-hindermann-lux-mercedes-klasse-b-slab-2013\/","url":"https:\/\/shop.bantam.ch\/de\/produkt\/unterteil-thermofenstermatte-hindermann-lux-mercedes-klasse-b-slab-2013\/","name":"Unterteil Thermofenstermatte HINDERMANN LUX Mercedes Klasse B-SLab 2013 - Bantam Camping AG","isPartOf":{"@id":"https:\/\/shop.bantam.ch\/de\/#website"},"primaryImageOfPage":{"@id":"https:\/\/shop.bantam.ch\/de\/produkt\/unterteil-thermofenstermatte-hindermann-lux-mercedes-klasse-b-slab-2013\/#primaryimage"},"image":{"@id":"https:\/\/shop.bantam.ch\/de\/produkt\/unterteil-thermofenstermatte-hindermann-lux-mercedes-klasse-b-slab-2013\/#primaryimage"},"thumbnailUrl":"https:\/\/shop.bantam.ch\/wp-content\/uploads\/2025\/12\/Movera-L-9918669100.png","datePublished":"2025-12-17T12:49:42+00:00","dateModified":"2026-04-18T21:37:48+00:00","breadcrumb":{"@id":"https:\/\/shop.bantam.ch\/de\/produkt\/unterteil-thermofenstermatte-hindermann-lux-mercedes-klasse-b-slab-2013\/#breadcrumb"},"inLanguage":"de","potentialAction":[{"@type":"ReadAction","target":["https:\/\/shop.bantam.ch\/de\/produkt\/unterteil-thermofenstermatte-hindermann-lux-mercedes-klasse-b-slab-2013\/"]}]},{"@type":"ImageObject","inLanguage":"de","@id":"https:\/\/shop.bantam.ch\/de\/produkt\/unterteil-thermofenstermatte-hindermann-lux-mercedes-klasse-b-slab-2013\/#primaryimage","url":"https:\/\/shop.bantam.ch\/wp-content\/uploads\/2025\/12\/Movera-L-9918669100.png","contentUrl":"https:\/\/shop.bantam.ch\/wp-content\/uploads\/2025\/12\/Movera-L-9918669100.png","width":420,"height":420},{"@type":"BreadcrumbList","@id":"https:\/\/shop.bantam.ch\/de\/produkt\/unterteil-thermofenstermatte-hindermann-lux-mercedes-klasse-b-slab-2013\/#breadcrumb","itemListElement":[{"@type":"ListItem","position":1,"name":"Accueil","item":"https:\/\/shop.bantam.ch\/de\/"},{"@type":"ListItem","position":2,"name":"Shop","item":"https:\/\/shop.bantam.ch\/de\/shop\/"},{"@type":"ListItem","position":3,"name":"Unterteil Thermofenstermatte HINDERMANN LUX Mercedes Klasse B-SLab 2013"}]},{"@type":"WebSite","@id":"https:\/\/shop.bantam.ch\/de\/#website","url":"https:\/\/shop.bantam.ch\/de\/","name":"Bantam Camping AG","description":"","publisher":{"@id":"https:\/\/shop.bantam.ch\/de\/#organization"},"inLanguage":"de"},{"@type":"Organization","@id":"https:\/\/shop.bantam.ch\/de\/#organization","name":"Bantam Camping AG","url":"https:\/\/shop.bantam.ch\/de\/","logo":{"@type":"ImageObject","inLanguage":"de","@id":"https:\/\/shop.bantam.ch\/de\/#\/schema\/logo\/image\/","url":"https:\/\/shop.bantam.ch\/wp-content\/uploads\/2022\/12\/bantam-logo.png","contentUrl":"https:\/\/shop.bantam.ch\/wp-content\/uploads\/2022\/12\/bantam-logo.png","width":320,"height":71,"caption":"Bantam Camping AG"},"image":{"@id":"https:\/\/shop.bantam.ch\/de\/#\/schema\/logo\/image\/"}}]}},"_links":{"self":[{"href":"https:\/\/shop.bantam.ch\/de\/wp-json\/wp\/v2\/product\/223528","targetHints":{"allow":["GET"]}}],"collection":[{"href":"https:\/\/shop.bantam.ch\/de\/wp-json\/wp\/v2\/product"}],"about":[{"href":"https:\/\/shop.bantam.ch\/de\/wp-json\/wp\/v2\/types\/product"}],"wp:featuredmedia":[{"embeddable":true,"href":"https:\/\/shop.bantam.ch\/de\/wp-json\/wp\/v2\/media\/223522"}],"wp:attachment":[{"href":"https:\/\/shop.bantam.ch\/de\/wp-json\/wp\/v2\/media?parent=223528"}],"wp:term":[{"taxonomy":"product_featured_cat","embeddable":true,"href":"https:\/\/shop.bantam.ch\/de\/wp-json\/wp\/v2\/product_featured_cat?post=223528"},{"taxonomy":"product_brand","embeddable":true,"href":"https:\/\/shop.bantam.ch\/de\/wp-json\/wp\/v2\/product_brand?post=223528"},{"taxonomy":"product_cat","embeddable":true,"href":"https:\/\/shop.bantam.ch\/de\/wp-json\/wp\/v2\/product_cat?post=223528"},{"taxonomy":"product_tag","embeddable":true,"href":"https:\/\/shop.bantam.ch\/de\/wp-json\/wp\/v2\/product_tag?post=223528"}],"curies":[{"name":"wp","href":"https:\/\/api.w.org\/{rel}","templated":true}]}}