{"id":223464,"date":"2025-12-17T13:47:45","date_gmt":"2025-12-17T12:47:45","guid":{"rendered":"https:\/\/shop.bantam.ch\/produit\/bambustisch-outwell-calgary-l-alu-farbe-braun\/"},"modified":"2026-04-17T23:34:10","modified_gmt":"2026-04-17T21:34:10","slug":"bambustisch-outwell-calgary-l-alu-farbe-braun","status":"publish","type":"product","link":"https:\/\/shop.bantam.ch\/de\/produkt\/bambustisch-outwell-calgary-l-alu-farbe-braun\/","title":{"rendered":"Bambustisch Outwell Calgary L Alu Farbe braun"},"content":{"rendered":"<p>Der elegante Bambus-Tisch kombiniert nat\u00fcrliche Sch\u00f6nheit mit modernem Design &#8211; Ihr Nachbar auf dem Campingplatz wird Sie beneiden. Der Tisch ist zum Transport kompakt zusammengelegt und leicht zu tragen, aber aufgebaut \u00e4u\u00dferst stabil. F\u00fcr Picknick und Camping ideal geeignet.<\/p>\n<p>Eigenschaften und Funktionen:<\/p>\n<ul>\n<li>Aufgeklappt und zusammengefaltet in Sekunden<\/li>\n<li>Praktische Griffe f\u00fcr einfachen Transport<\/li>\n<li>Geringes Gewicht<\/li>\n<li>Kompaktes Packma\u00df<\/li>\n<\/ul>\n<p>Material:<br \/>Bambus-Tischplatte <br \/>Aluminium-Untergestell<\/p>\n","protected":false},"excerpt":{"rendered":"<p>Der elegante Bambus-Tisch kombiniert nat\u00fcrliche Sch\u00f6nheit mit modernem Design &#8211; Ihr Nachbar auf dem Campingplatz wird Sie beneiden. Der Tisch ist zum Transport kompakt zusammengelegt und leicht zu tragen, aber aufgebaut \u00e4u\u00dferst stabil. F\u00fcr Picknick und Camping ideal geeignet. Eigenschaften und Funktionen: Aufgeklappt und zusammengefaltet in Sekunden Praktische Griffe f\u00fcr einfachen Transport Geringes Gewicht Kompaktes [&hellip;]<\/p>\n","protected":false},"featured_media":223462,"template":"","meta":{"_acf_changed":false},"product_featured_cat":[],"product_brand":[3203],"product_cat":[4054],"product_tag":[],"class_list":{"0":"post-223464","1":"product","2":"type-product","3":"status-publish","4":"has-post-thumbnail","6":"product_brand-movera-de","7":"product_cat-campingtische","9":"first","10":"instock","11":"sale","12":"taxable","13":"shipping-taxable","14":"purchasable","15":"product-type-simple"},"acf":[],"yoast_head":"<!-- This site is optimized with the Yoast SEO plugin v27.4 - https:\/\/yoast.com\/product\/yoast-seo-wordpress\/ -->\n<title>Bambustisch Outwell Calgary L Alu Farbe braun - Bantam Camping AG<\/title>\n<meta name=\"robots\" content=\"index, follow, max-snippet:-1, max-image-preview:large, max-video-preview:-1\" \/>\n<link rel=\"canonical\" href=\"https:\/\/shop.bantam.ch\/de\/produkt\/bambustisch-outwell-calgary-l-alu-farbe-braun\/\" \/>\n<meta property=\"og:locale\" content=\"de_DE\" \/>\n<meta property=\"og:type\" content=\"article\" \/>\n<meta property=\"og:title\" content=\"Bambustisch Outwell Calgary L Alu Farbe braun - Bantam Camping AG\" \/>\n<meta property=\"og:description\" content=\"Der elegante Bambus-Tisch kombiniert nat\u00fcrliche Sch\u00f6nheit mit modernem Design &#8211; Ihr Nachbar auf dem Campingplatz wird Sie beneiden. Der Tisch ist zum Transport kompakt zusammengelegt und leicht zu tragen, aber aufgebaut \u00e4u\u00dferst stabil. F\u00fcr Picknick und Camping ideal geeignet. Eigenschaften und Funktionen: Aufgeklappt und zusammengefaltet in Sekunden Praktische Griffe f\u00fcr einfachen Transport Geringes Gewicht Kompaktes [&hellip;]\" \/>\n<meta property=\"og:url\" content=\"https:\/\/shop.bantam.ch\/de\/produkt\/bambustisch-outwell-calgary-l-alu-farbe-braun\/\" \/>\n<meta property=\"og:site_name\" content=\"Bantam Camping AG\" \/>\n<meta property=\"article:modified_time\" content=\"2026-04-17T21:34:10+00:00\" \/>\n<meta property=\"og:image\" content=\"https:\/\/shop.bantam.ch\/wp-content\/uploads\/2025\/12\/Movera-L-9911779100.jpg\" \/>\n\t<meta property=\"og:image:width\" content=\"640\" \/>\n\t<meta property=\"og:image:height\" content=\"456\" \/>\n\t<meta property=\"og:image:type\" content=\"image\/jpeg\" \/>\n<meta name=\"twitter:card\" content=\"summary_large_image\" \/>\n<script type=\"application\/ld+json\" class=\"yoast-schema-graph\">{\"@context\":\"https:\\\/\\\/schema.org\",\"@graph\":[{\"@type\":\"WebPage\",\"@id\":\"https:\\\/\\\/shop.bantam.ch\\\/de\\\/produkt\\\/bambustisch-outwell-calgary-l-alu-farbe-braun\\\/\",\"url\":\"https:\\\/\\\/shop.bantam.ch\\\/de\\\/produkt\\\/bambustisch-outwell-calgary-l-alu-farbe-braun\\\/\",\"name\":\"Bambustisch Outwell Calgary L Alu Farbe braun - Bantam Camping AG\",\"isPartOf\":{\"@id\":\"https:\\\/\\\/shop.bantam.ch\\\/de\\\/#website\"},\"primaryImageOfPage\":{\"@id\":\"https:\\\/\\\/shop.bantam.ch\\\/de\\\/produkt\\\/bambustisch-outwell-calgary-l-alu-farbe-braun\\\/#primaryimage\"},\"image\":{\"@id\":\"https:\\\/\\\/shop.bantam.ch\\\/de\\\/produkt\\\/bambustisch-outwell-calgary-l-alu-farbe-braun\\\/#primaryimage\"},\"thumbnailUrl\":\"https:\\\/\\\/shop.bantam.ch\\\/wp-content\\\/uploads\\\/2025\\\/12\\\/Movera-L-9911779100.jpg\",\"datePublished\":\"2025-12-17T12:47:45+00:00\",\"dateModified\":\"2026-04-17T21:34:10+00:00\",\"breadcrumb\":{\"@id\":\"https:\\\/\\\/shop.bantam.ch\\\/de\\\/produkt\\\/bambustisch-outwell-calgary-l-alu-farbe-braun\\\/#breadcrumb\"},\"inLanguage\":\"de\",\"potentialAction\":[{\"@type\":\"ReadAction\",\"target\":[\"https:\\\/\\\/shop.bantam.ch\\\/de\\\/produkt\\\/bambustisch-outwell-calgary-l-alu-farbe-braun\\\/\"]}]},{\"@type\":\"ImageObject\",\"inLanguage\":\"de\",\"@id\":\"https:\\\/\\\/shop.bantam.ch\\\/de\\\/produkt\\\/bambustisch-outwell-calgary-l-alu-farbe-braun\\\/#primaryimage\",\"url\":\"https:\\\/\\\/shop.bantam.ch\\\/wp-content\\\/uploads\\\/2025\\\/12\\\/Movera-L-9911779100.jpg\",\"contentUrl\":\"https:\\\/\\\/shop.bantam.ch\\\/wp-content\\\/uploads\\\/2025\\\/12\\\/Movera-L-9911779100.jpg\",\"width\":640,\"height\":456},{\"@type\":\"BreadcrumbList\",\"@id\":\"https:\\\/\\\/shop.bantam.ch\\\/de\\\/produkt\\\/bambustisch-outwell-calgary-l-alu-farbe-braun\\\/#breadcrumb\",\"itemListElement\":[{\"@type\":\"ListItem\",\"position\":1,\"name\":\"Accueil\",\"item\":\"https:\\\/\\\/shop.bantam.ch\\\/de\\\/\"},{\"@type\":\"ListItem\",\"position\":2,\"name\":\"Shop\",\"item\":\"https:\\\/\\\/shop.bantam.ch\\\/de\\\/shop\\\/\"},{\"@type\":\"ListItem\",\"position\":3,\"name\":\"Bambustisch Outwell Calgary L Alu Farbe braun\"}]},{\"@type\":\"WebSite\",\"@id\":\"https:\\\/\\\/shop.bantam.ch\\\/de\\\/#website\",\"url\":\"https:\\\/\\\/shop.bantam.ch\\\/de\\\/\",\"name\":\"Bantam Camping AG\",\"description\":\"\",\"publisher\":{\"@id\":\"https:\\\/\\\/shop.bantam.ch\\\/de\\\/#organization\"},\"inLanguage\":\"de\"},{\"@type\":\"Organization\",\"@id\":\"https:\\\/\\\/shop.bantam.ch\\\/de\\\/#organization\",\"name\":\"Bantam Camping AG\",\"url\":\"https:\\\/\\\/shop.bantam.ch\\\/de\\\/\",\"logo\":{\"@type\":\"ImageObject\",\"inLanguage\":\"de\",\"@id\":\"https:\\\/\\\/shop.bantam.ch\\\/de\\\/#\\\/schema\\\/logo\\\/image\\\/\",\"url\":\"https:\\\/\\\/shop.bantam.ch\\\/wp-content\\\/uploads\\\/2022\\\/12\\\/bantam-logo.png\",\"contentUrl\":\"https:\\\/\\\/shop.bantam.ch\\\/wp-content\\\/uploads\\\/2022\\\/12\\\/bantam-logo.png\",\"width\":320,\"height\":71,\"caption\":\"Bantam Camping AG\"},\"image\":{\"@id\":\"https:\\\/\\\/shop.bantam.ch\\\/de\\\/#\\\/schema\\\/logo\\\/image\\\/\"}}]}<\/script>\n<!-- \/ Yoast SEO plugin. -->","yoast_head_json":{"title":"Bambustisch Outwell Calgary L Alu Farbe braun - Bantam Camping AG","robots":{"index":"index","follow":"follow","max-snippet":"max-snippet:-1","max-image-preview":"max-image-preview:large","max-video-preview":"max-video-preview:-1"},"canonical":"https:\/\/shop.bantam.ch\/de\/produkt\/bambustisch-outwell-calgary-l-alu-farbe-braun\/","og_locale":"de_DE","og_type":"article","og_title":"Bambustisch Outwell Calgary L Alu Farbe braun - Bantam Camping AG","og_description":"Der elegante Bambus-Tisch kombiniert nat\u00fcrliche Sch\u00f6nheit mit modernem Design &#8211; Ihr Nachbar auf dem Campingplatz wird Sie beneiden. Der Tisch ist zum Transport kompakt zusammengelegt und leicht zu tragen, aber aufgebaut \u00e4u\u00dferst stabil. F\u00fcr Picknick und Camping ideal geeignet. Eigenschaften und Funktionen: Aufgeklappt und zusammengefaltet in Sekunden Praktische Griffe f\u00fcr einfachen Transport Geringes Gewicht Kompaktes [&hellip;]","og_url":"https:\/\/shop.bantam.ch\/de\/produkt\/bambustisch-outwell-calgary-l-alu-farbe-braun\/","og_site_name":"Bantam Camping AG","article_modified_time":"2026-04-17T21:34:10+00:00","og_image":[{"width":640,"height":456,"url":"https:\/\/shop.bantam.ch\/wp-content\/uploads\/2025\/12\/Movera-L-9911779100.jpg","type":"image\/jpeg"}],"twitter_card":"summary_large_image","schema":{"@context":"https:\/\/schema.org","@graph":[{"@type":"WebPage","@id":"https:\/\/shop.bantam.ch\/de\/produkt\/bambustisch-outwell-calgary-l-alu-farbe-braun\/","url":"https:\/\/shop.bantam.ch\/de\/produkt\/bambustisch-outwell-calgary-l-alu-farbe-braun\/","name":"Bambustisch Outwell Calgary L Alu Farbe braun - Bantam Camping AG","isPartOf":{"@id":"https:\/\/shop.bantam.ch\/de\/#website"},"primaryImageOfPage":{"@id":"https:\/\/shop.bantam.ch\/de\/produkt\/bambustisch-outwell-calgary-l-alu-farbe-braun\/#primaryimage"},"image":{"@id":"https:\/\/shop.bantam.ch\/de\/produkt\/bambustisch-outwell-calgary-l-alu-farbe-braun\/#primaryimage"},"thumbnailUrl":"https:\/\/shop.bantam.ch\/wp-content\/uploads\/2025\/12\/Movera-L-9911779100.jpg","datePublished":"2025-12-17T12:47:45+00:00","dateModified":"2026-04-17T21:34:10+00:00","breadcrumb":{"@id":"https:\/\/shop.bantam.ch\/de\/produkt\/bambustisch-outwell-calgary-l-alu-farbe-braun\/#breadcrumb"},"inLanguage":"de","potentialAction":[{"@type":"ReadAction","target":["https:\/\/shop.bantam.ch\/de\/produkt\/bambustisch-outwell-calgary-l-alu-farbe-braun\/"]}]},{"@type":"ImageObject","inLanguage":"de","@id":"https:\/\/shop.bantam.ch\/de\/produkt\/bambustisch-outwell-calgary-l-alu-farbe-braun\/#primaryimage","url":"https:\/\/shop.bantam.ch\/wp-content\/uploads\/2025\/12\/Movera-L-9911779100.jpg","contentUrl":"https:\/\/shop.bantam.ch\/wp-content\/uploads\/2025\/12\/Movera-L-9911779100.jpg","width":640,"height":456},{"@type":"BreadcrumbList","@id":"https:\/\/shop.bantam.ch\/de\/produkt\/bambustisch-outwell-calgary-l-alu-farbe-braun\/#breadcrumb","itemListElement":[{"@type":"ListItem","position":1,"name":"Accueil","item":"https:\/\/shop.bantam.ch\/de\/"},{"@type":"ListItem","position":2,"name":"Shop","item":"https:\/\/shop.bantam.ch\/de\/shop\/"},{"@type":"ListItem","position":3,"name":"Bambustisch Outwell Calgary L Alu Farbe braun"}]},{"@type":"WebSite","@id":"https:\/\/shop.bantam.ch\/de\/#website","url":"https:\/\/shop.bantam.ch\/de\/","name":"Bantam Camping AG","description":"","publisher":{"@id":"https:\/\/shop.bantam.ch\/de\/#organization"},"inLanguage":"de"},{"@type":"Organization","@id":"https:\/\/shop.bantam.ch\/de\/#organization","name":"Bantam Camping AG","url":"https:\/\/shop.bantam.ch\/de\/","logo":{"@type":"ImageObject","inLanguage":"de","@id":"https:\/\/shop.bantam.ch\/de\/#\/schema\/logo\/image\/","url":"https:\/\/shop.bantam.ch\/wp-content\/uploads\/2022\/12\/bantam-logo.png","contentUrl":"https:\/\/shop.bantam.ch\/wp-content\/uploads\/2022\/12\/bantam-logo.png","width":320,"height":71,"caption":"Bantam Camping AG"},"image":{"@id":"https:\/\/shop.bantam.ch\/de\/#\/schema\/logo\/image\/"}}]}},"_links":{"self":[{"href":"https:\/\/shop.bantam.ch\/de\/wp-json\/wp\/v2\/product\/223464","targetHints":{"allow":["GET"]}}],"collection":[{"href":"https:\/\/shop.bantam.ch\/de\/wp-json\/wp\/v2\/product"}],"about":[{"href":"https:\/\/shop.bantam.ch\/de\/wp-json\/wp\/v2\/types\/product"}],"wp:featuredmedia":[{"embeddable":true,"href":"https:\/\/shop.bantam.ch\/de\/wp-json\/wp\/v2\/media\/223462"}],"wp:attachment":[{"href":"https:\/\/shop.bantam.ch\/de\/wp-json\/wp\/v2\/media?parent=223464"}],"wp:term":[{"taxonomy":"product_featured_cat","embeddable":true,"href":"https:\/\/shop.bantam.ch\/de\/wp-json\/wp\/v2\/product_featured_cat?post=223464"},{"taxonomy":"product_brand","embeddable":true,"href":"https:\/\/shop.bantam.ch\/de\/wp-json\/wp\/v2\/product_brand?post=223464"},{"taxonomy":"product_cat","embeddable":true,"href":"https:\/\/shop.bantam.ch\/de\/wp-json\/wp\/v2\/product_cat?post=223464"},{"taxonomy":"product_tag","embeddable":true,"href":"https:\/\/shop.bantam.ch\/de\/wp-json\/wp\/v2\/product_tag?post=223464"}],"curies":[{"name":"wp","href":"https:\/\/api.w.org\/{rel}","templated":true}]}}