{"id":223434,"date":"2025-12-17T13:46:41","date_gmt":"2025-12-17T12:46:41","guid":{"rendered":"https:\/\/shop.bantam.ch\/produit\/fahrradtraeger-agito-top-abklappbar-ohne-e-satz-und-aufnahmeelemente\/"},"modified":"2026-04-18T02:09:30","modified_gmt":"2026-04-18T00:09:30","slug":"fahrradtraeger-agito-top-abklappbar-ohne-e-satz-und-aufnahmeelemente","status":"publish","type":"product","link":"https:\/\/shop.bantam.ch\/de\/produkt\/fahrradtraeger-agito-top-abklappbar-ohne-e-satz-und-aufnahmeelemente\/","title":{"rendered":"Fahrradtr\u00e4ger Agito Top abklappbar ohne E-Satz und Aufnahmeelemente"},"content":{"rendered":"<p>AGITO Top &#8211; Das klapp- und schwenkbare Hecktr\u00e4gersystem f\u00fcr Ihren Kastenwagen<br \/>Schwenken mit Komfort<br \/>Zum kompletten \u00d6ffnen der Heckt\u00fcren oder Heckklappen lassen sich die Kastenwagentr\u00e4ger m\u00fchelos komplett zur Seite schwenken. Selbst im beladenen Zustand. Dazu wird einfach der Exzenter-Verschluss (nachstellbar) gel\u00f6st und das St\u00fctzrad (serienm\u00e4\u00dfig) in Position gebracht. Ideal, um bei Bedarf St\u00fchle zu entladen oder die Toilettenentsorgung vorzunehmen. Die neue Ausf\u00fchrung, AGITO-TOP, kann bei nicht Benutzung platzsparend hochgeklappt werden. Der AGITO ist f\u00fcr fast jeden Kastenwagen geeignet.<br \/>Stabil und gewichtsoptimiert<br \/>Die stabile Konstruktion ist gewichtsoptimiert und auf Ihre Anforderungen abgestimmt. Belastbar mit max. 80 kg. Wie bei jedem anderen SAWIKO-Tr\u00e4gersystem ist der AGITO-Top komplett abnehmbar. Lediglich die Aufnahmeelemente bleiben am Fahrzeug.<\/p>\n<p>\u00a0<\/p>\n<ul>\n<li>M\u00fcheloses Aufschwenken, auch im beladenen Zustand<\/li>\n<li>Tr\u00e4ger l\u00e4sst sich platzsparend hochklappen<\/li>\n<li>Stabile und dennoch gewichtsoptimierte Konstruktion<\/li>\n<li>Komplettes \u00f6ffnen der Heckt\u00fcren m\u00f6glich<\/li>\n<li>Ungehinderte Bewegungsfreiheit am Fahrzeug<\/li>\n<\/ul>\n<p>\u00a0<\/p>\n","protected":false},"excerpt":{"rendered":"<p>AGITO Top &#8211; Das klapp- und schwenkbare Hecktr\u00e4gersystem f\u00fcr Ihren KastenwagenSchwenken mit KomfortZum kompletten \u00d6ffnen der Heckt\u00fcren oder Heckklappen lassen sich die Kastenwagentr\u00e4ger m\u00fchelos komplett zur Seite schwenken. Selbst im beladenen Zustand. Dazu wird einfach der Exzenter-Verschluss (nachstellbar) gel\u00f6st und das St\u00fctzrad (serienm\u00e4\u00dfig) in Position gebracht. Ideal, um bei Bedarf St\u00fchle zu entladen oder die [&hellip;]<\/p>\n","protected":false},"featured_media":223424,"template":"","meta":{"_acf_changed":false},"product_featured_cat":[],"product_brand":[],"product_cat":[5138],"product_tag":[],"class_list":{"0":"post-223434","1":"product","2":"type-product","3":"status-publish","4":"has-post-thumbnail","6":"product_cat-heck-fahrradtraeger","8":"first","9":"instock","10":"taxable","11":"shipping-taxable","12":"purchasable","13":"product-type-variable"},"acf":[],"yoast_head":"<!-- This site is optimized with the Yoast SEO plugin v27.4 - https:\/\/yoast.com\/product\/yoast-seo-wordpress\/ -->\n<title>Fahrradtr\u00e4ger Agito Top abklappbar ohne E-Satz und Aufnahmeelemente - Bantam Camping AG<\/title>\n<meta name=\"robots\" content=\"index, follow, max-snippet:-1, max-image-preview:large, max-video-preview:-1\" \/>\n<link rel=\"canonical\" href=\"https:\/\/shop.bantam.ch\/de\/produkt\/fahrradtraeger-agito-top-abklappbar-ohne-e-satz-und-aufnahmeelemente\/\" \/>\n<meta property=\"og:locale\" content=\"de_DE\" \/>\n<meta property=\"og:type\" content=\"article\" \/>\n<meta property=\"og:title\" content=\"Fahrradtr\u00e4ger Agito Top abklappbar ohne E-Satz und Aufnahmeelemente - Bantam Camping AG\" \/>\n<meta property=\"og:description\" content=\"AGITO Top &#8211; Das klapp- und schwenkbare Hecktr\u00e4gersystem f\u00fcr Ihren KastenwagenSchwenken mit KomfortZum kompletten \u00d6ffnen der Heckt\u00fcren oder Heckklappen lassen sich die Kastenwagentr\u00e4ger m\u00fchelos komplett zur Seite schwenken. Selbst im beladenen Zustand. Dazu wird einfach der Exzenter-Verschluss (nachstellbar) gel\u00f6st und das St\u00fctzrad (serienm\u00e4\u00dfig) in Position gebracht. Ideal, um bei Bedarf St\u00fchle zu entladen oder die [&hellip;]\" \/>\n<meta property=\"og:url\" content=\"https:\/\/shop.bantam.ch\/de\/produkt\/fahrradtraeger-agito-top-abklappbar-ohne-e-satz-und-aufnahmeelemente\/\" \/>\n<meta property=\"og:site_name\" content=\"Bantam Camping AG\" \/>\n<meta property=\"article:modified_time\" content=\"2026-04-18T00:09:30+00:00\" \/>\n<meta name=\"twitter:card\" content=\"summary_large_image\" \/>\n<meta name=\"twitter:label1\" content=\"Gesch\u00e4tzte Lesezeit\" \/>\n\t<meta name=\"twitter:data1\" content=\"1\u00a0Minute\" \/>\n<script type=\"application\/ld+json\" class=\"yoast-schema-graph\">{\"@context\":\"https:\\\/\\\/schema.org\",\"@graph\":[{\"@type\":\"WebPage\",\"@id\":\"https:\\\/\\\/shop.bantam.ch\\\/de\\\/produkt\\\/fahrradtraeger-agito-top-abklappbar-ohne-e-satz-und-aufnahmeelemente\\\/\",\"url\":\"https:\\\/\\\/shop.bantam.ch\\\/de\\\/produkt\\\/fahrradtraeger-agito-top-abklappbar-ohne-e-satz-und-aufnahmeelemente\\\/\",\"name\":\"Fahrradtr\u00e4ger Agito Top abklappbar ohne E-Satz und Aufnahmeelemente - Bantam Camping AG\",\"isPartOf\":{\"@id\":\"https:\\\/\\\/shop.bantam.ch\\\/de\\\/#website\"},\"primaryImageOfPage\":{\"@id\":\"https:\\\/\\\/shop.bantam.ch\\\/de\\\/produkt\\\/fahrradtraeger-agito-top-abklappbar-ohne-e-satz-und-aufnahmeelemente\\\/#primaryimage\"},\"image\":{\"@id\":\"https:\\\/\\\/shop.bantam.ch\\\/de\\\/produkt\\\/fahrradtraeger-agito-top-abklappbar-ohne-e-satz-und-aufnahmeelemente\\\/#primaryimage\"},\"thumbnailUrl\":\"https:\\\/\\\/shop.bantam.ch\\\/wp-content\\\/uploads\\\/2025\\\/12\\\/Movera-L-0002448100.jpg\",\"datePublished\":\"2025-12-17T12:46:41+00:00\",\"dateModified\":\"2026-04-18T00:09:30+00:00\",\"breadcrumb\":{\"@id\":\"https:\\\/\\\/shop.bantam.ch\\\/de\\\/produkt\\\/fahrradtraeger-agito-top-abklappbar-ohne-e-satz-und-aufnahmeelemente\\\/#breadcrumb\"},\"inLanguage\":\"de\",\"potentialAction\":[{\"@type\":\"ReadAction\",\"target\":[\"https:\\\/\\\/shop.bantam.ch\\\/de\\\/produkt\\\/fahrradtraeger-agito-top-abklappbar-ohne-e-satz-und-aufnahmeelemente\\\/\"]}]},{\"@type\":\"ImageObject\",\"inLanguage\":\"de\",\"@id\":\"https:\\\/\\\/shop.bantam.ch\\\/de\\\/produkt\\\/fahrradtraeger-agito-top-abklappbar-ohne-e-satz-und-aufnahmeelemente\\\/#primaryimage\",\"url\":\"https:\\\/\\\/shop.bantam.ch\\\/wp-content\\\/uploads\\\/2025\\\/12\\\/Movera-L-0002448100.jpg\",\"contentUrl\":\"https:\\\/\\\/shop.bantam.ch\\\/wp-content\\\/uploads\\\/2025\\\/12\\\/Movera-L-0002448100.jpg\",\"width\":640,\"height\":534},{\"@type\":\"BreadcrumbList\",\"@id\":\"https:\\\/\\\/shop.bantam.ch\\\/de\\\/produkt\\\/fahrradtraeger-agito-top-abklappbar-ohne-e-satz-und-aufnahmeelemente\\\/#breadcrumb\",\"itemListElement\":[{\"@type\":\"ListItem\",\"position\":1,\"name\":\"Accueil\",\"item\":\"https:\\\/\\\/shop.bantam.ch\\\/de\\\/\"},{\"@type\":\"ListItem\",\"position\":2,\"name\":\"Shop\",\"item\":\"https:\\\/\\\/shop.bantam.ch\\\/de\\\/shop\\\/\"},{\"@type\":\"ListItem\",\"position\":3,\"name\":\"Fahrradtr\u00e4ger Agito Top abklappbar ohne E-Satz und Aufnahmeelemente\"}]},{\"@type\":\"WebSite\",\"@id\":\"https:\\\/\\\/shop.bantam.ch\\\/de\\\/#website\",\"url\":\"https:\\\/\\\/shop.bantam.ch\\\/de\\\/\",\"name\":\"Bantam Camping AG\",\"description\":\"\",\"publisher\":{\"@id\":\"https:\\\/\\\/shop.bantam.ch\\\/de\\\/#organization\"},\"inLanguage\":\"de\"},{\"@type\":\"Organization\",\"@id\":\"https:\\\/\\\/shop.bantam.ch\\\/de\\\/#organization\",\"name\":\"Bantam Camping AG\",\"url\":\"https:\\\/\\\/shop.bantam.ch\\\/de\\\/\",\"logo\":{\"@type\":\"ImageObject\",\"inLanguage\":\"de\",\"@id\":\"https:\\\/\\\/shop.bantam.ch\\\/de\\\/#\\\/schema\\\/logo\\\/image\\\/\",\"url\":\"https:\\\/\\\/shop.bantam.ch\\\/wp-content\\\/uploads\\\/2022\\\/12\\\/bantam-logo.png\",\"contentUrl\":\"https:\\\/\\\/shop.bantam.ch\\\/wp-content\\\/uploads\\\/2022\\\/12\\\/bantam-logo.png\",\"width\":320,\"height\":71,\"caption\":\"Bantam Camping AG\"},\"image\":{\"@id\":\"https:\\\/\\\/shop.bantam.ch\\\/de\\\/#\\\/schema\\\/logo\\\/image\\\/\"}}]}<\/script>\n<!-- \/ Yoast SEO plugin. -->","yoast_head_json":{"title":"Fahrradtr\u00e4ger Agito Top abklappbar ohne E-Satz und Aufnahmeelemente - Bantam Camping AG","robots":{"index":"index","follow":"follow","max-snippet":"max-snippet:-1","max-image-preview":"max-image-preview:large","max-video-preview":"max-video-preview:-1"},"canonical":"https:\/\/shop.bantam.ch\/de\/produkt\/fahrradtraeger-agito-top-abklappbar-ohne-e-satz-und-aufnahmeelemente\/","og_locale":"de_DE","og_type":"article","og_title":"Fahrradtr\u00e4ger Agito Top abklappbar ohne E-Satz und Aufnahmeelemente - Bantam Camping AG","og_description":"AGITO Top &#8211; Das klapp- und schwenkbare Hecktr\u00e4gersystem f\u00fcr Ihren KastenwagenSchwenken mit KomfortZum kompletten \u00d6ffnen der Heckt\u00fcren oder Heckklappen lassen sich die Kastenwagentr\u00e4ger m\u00fchelos komplett zur Seite schwenken. Selbst im beladenen Zustand. Dazu wird einfach der Exzenter-Verschluss (nachstellbar) gel\u00f6st und das St\u00fctzrad (serienm\u00e4\u00dfig) in Position gebracht. Ideal, um bei Bedarf St\u00fchle zu entladen oder die [&hellip;]","og_url":"https:\/\/shop.bantam.ch\/de\/produkt\/fahrradtraeger-agito-top-abklappbar-ohne-e-satz-und-aufnahmeelemente\/","og_site_name":"Bantam Camping AG","article_modified_time":"2026-04-18T00:09:30+00:00","twitter_card":"summary_large_image","twitter_misc":{"Gesch\u00e4tzte Lesezeit":"1\u00a0Minute"},"schema":{"@context":"https:\/\/schema.org","@graph":[{"@type":"WebPage","@id":"https:\/\/shop.bantam.ch\/de\/produkt\/fahrradtraeger-agito-top-abklappbar-ohne-e-satz-und-aufnahmeelemente\/","url":"https:\/\/shop.bantam.ch\/de\/produkt\/fahrradtraeger-agito-top-abklappbar-ohne-e-satz-und-aufnahmeelemente\/","name":"Fahrradtr\u00e4ger Agito Top abklappbar ohne E-Satz und Aufnahmeelemente - Bantam Camping AG","isPartOf":{"@id":"https:\/\/shop.bantam.ch\/de\/#website"},"primaryImageOfPage":{"@id":"https:\/\/shop.bantam.ch\/de\/produkt\/fahrradtraeger-agito-top-abklappbar-ohne-e-satz-und-aufnahmeelemente\/#primaryimage"},"image":{"@id":"https:\/\/shop.bantam.ch\/de\/produkt\/fahrradtraeger-agito-top-abklappbar-ohne-e-satz-und-aufnahmeelemente\/#primaryimage"},"thumbnailUrl":"https:\/\/shop.bantam.ch\/wp-content\/uploads\/2025\/12\/Movera-L-0002448100.jpg","datePublished":"2025-12-17T12:46:41+00:00","dateModified":"2026-04-18T00:09:30+00:00","breadcrumb":{"@id":"https:\/\/shop.bantam.ch\/de\/produkt\/fahrradtraeger-agito-top-abklappbar-ohne-e-satz-und-aufnahmeelemente\/#breadcrumb"},"inLanguage":"de","potentialAction":[{"@type":"ReadAction","target":["https:\/\/shop.bantam.ch\/de\/produkt\/fahrradtraeger-agito-top-abklappbar-ohne-e-satz-und-aufnahmeelemente\/"]}]},{"@type":"ImageObject","inLanguage":"de","@id":"https:\/\/shop.bantam.ch\/de\/produkt\/fahrradtraeger-agito-top-abklappbar-ohne-e-satz-und-aufnahmeelemente\/#primaryimage","url":"https:\/\/shop.bantam.ch\/wp-content\/uploads\/2025\/12\/Movera-L-0002448100.jpg","contentUrl":"https:\/\/shop.bantam.ch\/wp-content\/uploads\/2025\/12\/Movera-L-0002448100.jpg","width":640,"height":534},{"@type":"BreadcrumbList","@id":"https:\/\/shop.bantam.ch\/de\/produkt\/fahrradtraeger-agito-top-abklappbar-ohne-e-satz-und-aufnahmeelemente\/#breadcrumb","itemListElement":[{"@type":"ListItem","position":1,"name":"Accueil","item":"https:\/\/shop.bantam.ch\/de\/"},{"@type":"ListItem","position":2,"name":"Shop","item":"https:\/\/shop.bantam.ch\/de\/shop\/"},{"@type":"ListItem","position":3,"name":"Fahrradtr\u00e4ger Agito Top abklappbar ohne E-Satz und Aufnahmeelemente"}]},{"@type":"WebSite","@id":"https:\/\/shop.bantam.ch\/de\/#website","url":"https:\/\/shop.bantam.ch\/de\/","name":"Bantam Camping AG","description":"","publisher":{"@id":"https:\/\/shop.bantam.ch\/de\/#organization"},"inLanguage":"de"},{"@type":"Organization","@id":"https:\/\/shop.bantam.ch\/de\/#organization","name":"Bantam Camping AG","url":"https:\/\/shop.bantam.ch\/de\/","logo":{"@type":"ImageObject","inLanguage":"de","@id":"https:\/\/shop.bantam.ch\/de\/#\/schema\/logo\/image\/","url":"https:\/\/shop.bantam.ch\/wp-content\/uploads\/2022\/12\/bantam-logo.png","contentUrl":"https:\/\/shop.bantam.ch\/wp-content\/uploads\/2022\/12\/bantam-logo.png","width":320,"height":71,"caption":"Bantam Camping AG"},"image":{"@id":"https:\/\/shop.bantam.ch\/de\/#\/schema\/logo\/image\/"}}]}},"_links":{"self":[{"href":"https:\/\/shop.bantam.ch\/de\/wp-json\/wp\/v2\/product\/223434","targetHints":{"allow":["GET"]}}],"collection":[{"href":"https:\/\/shop.bantam.ch\/de\/wp-json\/wp\/v2\/product"}],"about":[{"href":"https:\/\/shop.bantam.ch\/de\/wp-json\/wp\/v2\/types\/product"}],"wp:featuredmedia":[{"embeddable":true,"href":"https:\/\/shop.bantam.ch\/de\/wp-json\/wp\/v2\/media\/223424"}],"wp:attachment":[{"href":"https:\/\/shop.bantam.ch\/de\/wp-json\/wp\/v2\/media?parent=223434"}],"wp:term":[{"taxonomy":"product_featured_cat","embeddable":true,"href":"https:\/\/shop.bantam.ch\/de\/wp-json\/wp\/v2\/product_featured_cat?post=223434"},{"taxonomy":"product_brand","embeddable":true,"href":"https:\/\/shop.bantam.ch\/de\/wp-json\/wp\/v2\/product_brand?post=223434"},{"taxonomy":"product_cat","embeddable":true,"href":"https:\/\/shop.bantam.ch\/de\/wp-json\/wp\/v2\/product_cat?post=223434"},{"taxonomy":"product_tag","embeddable":true,"href":"https:\/\/shop.bantam.ch\/de\/wp-json\/wp\/v2\/product_tag?post=223434"}],"curies":[{"name":"wp","href":"https:\/\/api.w.org\/{rel}","templated":true}]}}