{"id":223296,"date":"2025-12-09T13:49:21","date_gmt":"2025-12-09T12:49:21","guid":{"rendered":"https:\/\/shop.bantam.ch\/produit\/powerstation-power-e-500\/"},"modified":"2026-04-17T23:33:49","modified_gmt":"2026-04-17T21:33:49","slug":"powerstation-power-e-500","status":"publish","type":"product","link":"https:\/\/shop.bantam.ch\/de\/produkt\/powerstation-power-e-500\/","title":{"rendered":"Powerstation Power-E 500"},"content":{"rendered":"<p>Power Station Power-E : Unverzichtbar f\u00fcr autonomes Reisen<br \/>\nF\u00fcr moderne Entdecker sind die Power-E-Powerstations von EZA das unverzichtbare Zubeh\u00f6r f\u00fcr alle Reisen im Van, Wohnmobil, Caravan, Kastenwagen oder sogar zu Hause. Mit Modellen in 500 W, 1200 W und 2200 W passen sich diese tragbaren Energiestationen allen Strombed\u00fcrfnissen an und erm\u00f6glichen es Ihnen, \u00fcberall verbunden zu bleiben.<\/p>\n<p>Verschiedene Leistungen f\u00fcr jeden Bedarf \u2013 auch zu Hause<br \/>\nDie Power-E-Serie bietet Ihnen die Freiheit, genau die Leistung zu w\u00e4hlen, die zu Ihrem Energiebedarf passt. Ob das 500-W-Modell f\u00fcr kleine elektronische Ger\u00e4te, das 1200-W-Modell f\u00fcr vielseitige Anwendungen oder das 2200-W-Modell f\u00fcr h\u00f6here Anforderungen \u2013 Sie finden stets die passende Station. Zudem ist das 2200-W-Modell mit der Power-E+-Batterieerweiterung ausbauf\u00e4hig und kann um zus\u00e4tzliche 2200 W erweitert werden.<\/p>\n<p>Lange Autonomie und hohe Lebensdauer<br \/>\nUnabh\u00e4ngig von der gew\u00e4hlten Kapazit\u00e4t sind die Power-E-Powerstations f\u00fcr eine lange Nutzungsdauer ausgelegt. Mit einer Lebensdauer von rund 4000 Ladezyklen sind sie zuverl\u00e4ssige Begleiter auf all Ihren Reisen. Das integrierte LCD-Display zeigt Ihnen in Echtzeit den Energieverbrauch und den Batteriestand, sodass Sie Ihre Energie optimal verwalten k\u00f6nnen.<\/p>\n<p>\u00dcberall aufladbar, einfach zu bedienen<br \/>\nMit der speziellen App Power Zero steuern Sie Ihre Power-E bequem \u00fcber Ihr Smartphone. Sie k\u00f6nnen nicht nur den Energieverbrauch \u00fcberwachen, sondern auch Einstellungen aus der Ferne anpassen. Der integrierte MPPT-Solarregler optimiert zudem jederzeit die Stromproduktion Ihres Solarpanels und sorgt f\u00fcr eine effiziente und schnelle Ladung.<\/p>\n<p>Eine L\u00f6sung f\u00fcr alle Bed\u00fcrfnisse \u2013 auch im Haushalt<br \/>\nDie Power-E-Powerstations sind nicht nur f\u00fcrs Reisen gemacht. Dank ihrer UPS-Funktion, die bei einem Stromausfall automatisch \u00fcbernimmt, eignen sie sich auch perfekt f\u00fcr den Einsatz zu Hause und gew\u00e4hrleisten die kontinuierliche Versorgung Ihrer wichtigsten Ger\u00e4te.<\/p>\n","protected":false},"excerpt":{"rendered":"<p>Power Station Power-E : Unverzichtbar f\u00fcr autonomes Reisen F\u00fcr moderne Entdecker sind die Power-E-Powerstations von EZA das unverzichtbare Zubeh\u00f6r f\u00fcr alle Reisen im Van, Wohnmobil, Caravan, Kastenwagen oder sogar zu Hause. Mit Modellen in 500 W, 1200 W und 2200 W passen sich diese tragbaren Energiestationen allen Strombed\u00fcrfnissen an und erm\u00f6glichen es Ihnen, \u00fcberall verbunden [&hellip;]<\/p>\n","protected":false},"featured_media":223292,"template":"","meta":{"_acf_changed":false},"product_featured_cat":[],"product_brand":[3677],"product_cat":[5130],"product_tag":[],"class_list":{"0":"post-223296","1":"product","2":"type-product","3":"status-publish","4":"has-post-thumbnail","6":"product_brand-eza-de","7":"product_cat-powerstationen","9":"first","10":"instock","11":"taxable","12":"shipping-taxable","13":"purchasable","14":"product-type-simple"},"acf":[],"yoast_head":"<!-- This site is optimized with the Yoast SEO plugin v27.4 - https:\/\/yoast.com\/product\/yoast-seo-wordpress\/ -->\n<title>Powerstation Power-E 500 - Bantam Camping AG<\/title>\n<meta name=\"robots\" content=\"index, follow, max-snippet:-1, max-image-preview:large, max-video-preview:-1\" \/>\n<link rel=\"canonical\" href=\"https:\/\/shop.bantam.ch\/de\/produkt\/powerstation-power-e-500\/\" \/>\n<meta property=\"og:locale\" content=\"de_DE\" \/>\n<meta property=\"og:type\" content=\"article\" \/>\n<meta property=\"og:title\" content=\"Powerstation Power-E 500 - Bantam Camping AG\" \/>\n<meta property=\"og:description\" content=\"Power Station Power-E : Unverzichtbar f\u00fcr autonomes Reisen F\u00fcr moderne Entdecker sind die Power-E-Powerstations von EZA das unverzichtbare Zubeh\u00f6r f\u00fcr alle Reisen im Van, Wohnmobil, Caravan, Kastenwagen oder sogar zu Hause. Mit Modellen in 500 W, 1200 W und 2200 W passen sich diese tragbaren Energiestationen allen Strombed\u00fcrfnissen an und erm\u00f6glichen es Ihnen, \u00fcberall verbunden [&hellip;]\" \/>\n<meta property=\"og:url\" content=\"https:\/\/shop.bantam.ch\/de\/produkt\/powerstation-power-e-500\/\" \/>\n<meta property=\"og:site_name\" content=\"Bantam Camping AG\" \/>\n<meta property=\"article:modified_time\" content=\"2026-04-17T21:33:49+00:00\" \/>\n<meta property=\"og:image\" content=\"https:\/\/shop.bantam.ch\/wp-content\/uploads\/2025\/12\/496387-PA-300x235-1.jpg\" \/>\n\t<meta property=\"og:image:width\" content=\"300\" \/>\n\t<meta property=\"og:image:height\" content=\"235\" \/>\n\t<meta property=\"og:image:type\" content=\"image\/jpeg\" \/>\n<meta name=\"twitter:card\" content=\"summary_large_image\" \/>\n<meta name=\"twitter:label1\" content=\"Gesch\u00e4tzte Lesezeit\" \/>\n\t<meta name=\"twitter:data1\" content=\"1\u00a0Minute\" \/>\n<script type=\"application\/ld+json\" class=\"yoast-schema-graph\">{\"@context\":\"https:\\\/\\\/schema.org\",\"@graph\":[{\"@type\":\"WebPage\",\"@id\":\"https:\\\/\\\/shop.bantam.ch\\\/de\\\/produkt\\\/powerstation-power-e-500\\\/\",\"url\":\"https:\\\/\\\/shop.bantam.ch\\\/de\\\/produkt\\\/powerstation-power-e-500\\\/\",\"name\":\"Powerstation Power-E 500 - Bantam Camping AG\",\"isPartOf\":{\"@id\":\"https:\\\/\\\/shop.bantam.ch\\\/de\\\/#website\"},\"primaryImageOfPage\":{\"@id\":\"https:\\\/\\\/shop.bantam.ch\\\/de\\\/produkt\\\/powerstation-power-e-500\\\/#primaryimage\"},\"image\":{\"@id\":\"https:\\\/\\\/shop.bantam.ch\\\/de\\\/produkt\\\/powerstation-power-e-500\\\/#primaryimage\"},\"thumbnailUrl\":\"https:\\\/\\\/shop.bantam.ch\\\/wp-content\\\/uploads\\\/2025\\\/12\\\/496387-PA-300x235-1.jpg\",\"datePublished\":\"2025-12-09T12:49:21+00:00\",\"dateModified\":\"2026-04-17T21:33:49+00:00\",\"breadcrumb\":{\"@id\":\"https:\\\/\\\/shop.bantam.ch\\\/de\\\/produkt\\\/powerstation-power-e-500\\\/#breadcrumb\"},\"inLanguage\":\"de\",\"potentialAction\":[{\"@type\":\"ReadAction\",\"target\":[\"https:\\\/\\\/shop.bantam.ch\\\/de\\\/produkt\\\/powerstation-power-e-500\\\/\"]}]},{\"@type\":\"ImageObject\",\"inLanguage\":\"de\",\"@id\":\"https:\\\/\\\/shop.bantam.ch\\\/de\\\/produkt\\\/powerstation-power-e-500\\\/#primaryimage\",\"url\":\"https:\\\/\\\/shop.bantam.ch\\\/wp-content\\\/uploads\\\/2025\\\/12\\\/496387-PA-300x235-1.jpg\",\"contentUrl\":\"https:\\\/\\\/shop.bantam.ch\\\/wp-content\\\/uploads\\\/2025\\\/12\\\/496387-PA-300x235-1.jpg\",\"width\":300,\"height\":235},{\"@type\":\"BreadcrumbList\",\"@id\":\"https:\\\/\\\/shop.bantam.ch\\\/de\\\/produkt\\\/powerstation-power-e-500\\\/#breadcrumb\",\"itemListElement\":[{\"@type\":\"ListItem\",\"position\":1,\"name\":\"Accueil\",\"item\":\"https:\\\/\\\/shop.bantam.ch\\\/de\\\/\"},{\"@type\":\"ListItem\",\"position\":2,\"name\":\"Shop\",\"item\":\"https:\\\/\\\/shop.bantam.ch\\\/de\\\/shop\\\/\"},{\"@type\":\"ListItem\",\"position\":3,\"name\":\"Powerstation Power-E 500\"}]},{\"@type\":\"WebSite\",\"@id\":\"https:\\\/\\\/shop.bantam.ch\\\/de\\\/#website\",\"url\":\"https:\\\/\\\/shop.bantam.ch\\\/de\\\/\",\"name\":\"Bantam Camping AG\",\"description\":\"\",\"publisher\":{\"@id\":\"https:\\\/\\\/shop.bantam.ch\\\/de\\\/#organization\"},\"inLanguage\":\"de\"},{\"@type\":\"Organization\",\"@id\":\"https:\\\/\\\/shop.bantam.ch\\\/de\\\/#organization\",\"name\":\"Bantam Camping AG\",\"url\":\"https:\\\/\\\/shop.bantam.ch\\\/de\\\/\",\"logo\":{\"@type\":\"ImageObject\",\"inLanguage\":\"de\",\"@id\":\"https:\\\/\\\/shop.bantam.ch\\\/de\\\/#\\\/schema\\\/logo\\\/image\\\/\",\"url\":\"https:\\\/\\\/shop.bantam.ch\\\/wp-content\\\/uploads\\\/2022\\\/12\\\/bantam-logo.png\",\"contentUrl\":\"https:\\\/\\\/shop.bantam.ch\\\/wp-content\\\/uploads\\\/2022\\\/12\\\/bantam-logo.png\",\"width\":320,\"height\":71,\"caption\":\"Bantam Camping AG\"},\"image\":{\"@id\":\"https:\\\/\\\/shop.bantam.ch\\\/de\\\/#\\\/schema\\\/logo\\\/image\\\/\"}}]}<\/script>\n<!-- \/ Yoast SEO plugin. -->","yoast_head_json":{"title":"Powerstation Power-E 500 - Bantam Camping AG","robots":{"index":"index","follow":"follow","max-snippet":"max-snippet:-1","max-image-preview":"max-image-preview:large","max-video-preview":"max-video-preview:-1"},"canonical":"https:\/\/shop.bantam.ch\/de\/produkt\/powerstation-power-e-500\/","og_locale":"de_DE","og_type":"article","og_title":"Powerstation Power-E 500 - Bantam Camping AG","og_description":"Power Station Power-E : Unverzichtbar f\u00fcr autonomes Reisen F\u00fcr moderne Entdecker sind die Power-E-Powerstations von EZA das unverzichtbare Zubeh\u00f6r f\u00fcr alle Reisen im Van, Wohnmobil, Caravan, Kastenwagen oder sogar zu Hause. Mit Modellen in 500 W, 1200 W und 2200 W passen sich diese tragbaren Energiestationen allen Strombed\u00fcrfnissen an und erm\u00f6glichen es Ihnen, \u00fcberall verbunden [&hellip;]","og_url":"https:\/\/shop.bantam.ch\/de\/produkt\/powerstation-power-e-500\/","og_site_name":"Bantam Camping AG","article_modified_time":"2026-04-17T21:33:49+00:00","og_image":[{"width":300,"height":235,"url":"https:\/\/shop.bantam.ch\/wp-content\/uploads\/2025\/12\/496387-PA-300x235-1.jpg","type":"image\/jpeg"}],"twitter_card":"summary_large_image","twitter_misc":{"Gesch\u00e4tzte Lesezeit":"1\u00a0Minute"},"schema":{"@context":"https:\/\/schema.org","@graph":[{"@type":"WebPage","@id":"https:\/\/shop.bantam.ch\/de\/produkt\/powerstation-power-e-500\/","url":"https:\/\/shop.bantam.ch\/de\/produkt\/powerstation-power-e-500\/","name":"Powerstation Power-E 500 - Bantam Camping AG","isPartOf":{"@id":"https:\/\/shop.bantam.ch\/de\/#website"},"primaryImageOfPage":{"@id":"https:\/\/shop.bantam.ch\/de\/produkt\/powerstation-power-e-500\/#primaryimage"},"image":{"@id":"https:\/\/shop.bantam.ch\/de\/produkt\/powerstation-power-e-500\/#primaryimage"},"thumbnailUrl":"https:\/\/shop.bantam.ch\/wp-content\/uploads\/2025\/12\/496387-PA-300x235-1.jpg","datePublished":"2025-12-09T12:49:21+00:00","dateModified":"2026-04-17T21:33:49+00:00","breadcrumb":{"@id":"https:\/\/shop.bantam.ch\/de\/produkt\/powerstation-power-e-500\/#breadcrumb"},"inLanguage":"de","potentialAction":[{"@type":"ReadAction","target":["https:\/\/shop.bantam.ch\/de\/produkt\/powerstation-power-e-500\/"]}]},{"@type":"ImageObject","inLanguage":"de","@id":"https:\/\/shop.bantam.ch\/de\/produkt\/powerstation-power-e-500\/#primaryimage","url":"https:\/\/shop.bantam.ch\/wp-content\/uploads\/2025\/12\/496387-PA-300x235-1.jpg","contentUrl":"https:\/\/shop.bantam.ch\/wp-content\/uploads\/2025\/12\/496387-PA-300x235-1.jpg","width":300,"height":235},{"@type":"BreadcrumbList","@id":"https:\/\/shop.bantam.ch\/de\/produkt\/powerstation-power-e-500\/#breadcrumb","itemListElement":[{"@type":"ListItem","position":1,"name":"Accueil","item":"https:\/\/shop.bantam.ch\/de\/"},{"@type":"ListItem","position":2,"name":"Shop","item":"https:\/\/shop.bantam.ch\/de\/shop\/"},{"@type":"ListItem","position":3,"name":"Powerstation Power-E 500"}]},{"@type":"WebSite","@id":"https:\/\/shop.bantam.ch\/de\/#website","url":"https:\/\/shop.bantam.ch\/de\/","name":"Bantam Camping AG","description":"","publisher":{"@id":"https:\/\/shop.bantam.ch\/de\/#organization"},"inLanguage":"de"},{"@type":"Organization","@id":"https:\/\/shop.bantam.ch\/de\/#organization","name":"Bantam Camping AG","url":"https:\/\/shop.bantam.ch\/de\/","logo":{"@type":"ImageObject","inLanguage":"de","@id":"https:\/\/shop.bantam.ch\/de\/#\/schema\/logo\/image\/","url":"https:\/\/shop.bantam.ch\/wp-content\/uploads\/2022\/12\/bantam-logo.png","contentUrl":"https:\/\/shop.bantam.ch\/wp-content\/uploads\/2022\/12\/bantam-logo.png","width":320,"height":71,"caption":"Bantam Camping AG"},"image":{"@id":"https:\/\/shop.bantam.ch\/de\/#\/schema\/logo\/image\/"}}]}},"_links":{"self":[{"href":"https:\/\/shop.bantam.ch\/de\/wp-json\/wp\/v2\/product\/223296","targetHints":{"allow":["GET"]}}],"collection":[{"href":"https:\/\/shop.bantam.ch\/de\/wp-json\/wp\/v2\/product"}],"about":[{"href":"https:\/\/shop.bantam.ch\/de\/wp-json\/wp\/v2\/types\/product"}],"wp:featuredmedia":[{"embeddable":true,"href":"https:\/\/shop.bantam.ch\/de\/wp-json\/wp\/v2\/media\/223292"}],"wp:attachment":[{"href":"https:\/\/shop.bantam.ch\/de\/wp-json\/wp\/v2\/media?parent=223296"}],"wp:term":[{"taxonomy":"product_featured_cat","embeddable":true,"href":"https:\/\/shop.bantam.ch\/de\/wp-json\/wp\/v2\/product_featured_cat?post=223296"},{"taxonomy":"product_brand","embeddable":true,"href":"https:\/\/shop.bantam.ch\/de\/wp-json\/wp\/v2\/product_brand?post=223296"},{"taxonomy":"product_cat","embeddable":true,"href":"https:\/\/shop.bantam.ch\/de\/wp-json\/wp\/v2\/product_cat?post=223296"},{"taxonomy":"product_tag","embeddable":true,"href":"https:\/\/shop.bantam.ch\/de\/wp-json\/wp\/v2\/product_tag?post=223296"}],"curies":[{"name":"wp","href":"https:\/\/api.w.org\/{rel}","templated":true}]}}