{"id":222139,"date":"2025-09-04T15:38:01","date_gmt":"2025-09-04T13:38:01","guid":{"rendered":"https:\/\/shop.bantam.ch\/produit\/led-single-strip-10-mm-outdoor-5-m\/"},"modified":"2026-04-19T00:07:16","modified_gmt":"2026-04-18T22:07:16","slug":"led-single-strip-10-mm-outdoor-5-m","status":"publish","type":"product","link":"https:\/\/shop.bantam.ch\/de\/produkt\/led-single-strip-10-mm-outdoor-5-m\/","title":{"rendered":"LED Single Strip 10 mm Outdoor 5 m"},"content":{"rendered":"<p>Maximale Leuchtkraft im Reisemobil, Caravan, Freizeit- und Haushaltsbereich bei extrem niedrigem Stromverbrauch und minimalem Platzbedarf. Mit unserem neuen Komponentensystem lassen sich eine Vielzahl von unterschiedlichsten Lichtquellen einfach und schnell installieren. Der Strip ist r\u00fcckseitig mit 3M Selbstklebeband ausgestattet, in 10cm Schritten schneidbar sowie wasserbest\u00e4ndig auch f\u00fcr den Outdoorbereich geeignet. Stripverbindungen und Netzteilanschl\u00fcsse sind durch Klemmverbindung f\u00fcr den Verwender l\u00f6tfrei und einfach montierbar. Aluprofile f\u00fcr Einbau und Winkell\u00f6sungen mit diffuser Abdeckung lassen den LED Strip als Lichtband im M\u00f6bel und Fahrzeugausbau formvollendet verwenden. Verschiedene Bandbreiten und Lichtst\u00e4rken der LED Strips in Verbindung mit fernbedienbarem Dimmer lassen eine Vielzahl von Lichteffekten realisieren.<\/p>\n","protected":false},"excerpt":{"rendered":"<p>Maximale Leuchtkraft im Reisemobil, Caravan, Freizeit- und Haushaltsbereich bei extrem niedrigem Stromverbrauch und minimalem Platzbedarf. Mit unserem neuen Komponentensystem lassen sich eine Vielzahl von unterschiedlichsten Lichtquellen einfach und schnell installieren. Der Strip ist r\u00fcckseitig mit 3M Selbstklebeband ausgestattet, in 10cm Schritten schneidbar sowie wasserbest\u00e4ndig auch f\u00fcr den Outdoorbereich geeignet. Stripverbindungen und Netzteilanschl\u00fcsse sind durch Klemmverbindung [&hellip;]<\/p>\n","protected":false},"featured_media":222134,"template":"","meta":{"_acf_changed":false},"product_featured_cat":[],"product_brand":[3701],"product_cat":[4894],"product_tag":[],"class_list":{"0":"post-222139","1":"product","2":"type-product","3":"status-publish","4":"has-post-thumbnail","6":"product_brand-jamara-led-de","7":"product_cat-lichtleisten","9":"first","10":"instock","11":"taxable","12":"shipping-taxable","13":"purchasable","14":"product-type-variable"},"acf":[],"yoast_head":"<!-- This site is optimized with the Yoast SEO plugin v27.4 - https:\/\/yoast.com\/product\/yoast-seo-wordpress\/ -->\n<title>LED Single Strip 10 mm Outdoor 5 m - Bantam Camping AG<\/title>\n<meta name=\"robots\" content=\"index, follow, max-snippet:-1, max-image-preview:large, max-video-preview:-1\" \/>\n<link rel=\"canonical\" href=\"https:\/\/shop.bantam.ch\/de\/produkt\/led-single-strip-10-mm-outdoor-5-m\/\" \/>\n<meta property=\"og:locale\" content=\"de_DE\" \/>\n<meta property=\"og:type\" content=\"article\" \/>\n<meta property=\"og:title\" content=\"LED Single Strip 10 mm Outdoor 5 m - Bantam Camping AG\" \/>\n<meta property=\"og:description\" content=\"Maximale Leuchtkraft im Reisemobil, Caravan, Freizeit- und Haushaltsbereich bei extrem niedrigem Stromverbrauch und minimalem Platzbedarf. Mit unserem neuen Komponentensystem lassen sich eine Vielzahl von unterschiedlichsten Lichtquellen einfach und schnell installieren. Der Strip ist r\u00fcckseitig mit 3M Selbstklebeband ausgestattet, in 10cm Schritten schneidbar sowie wasserbest\u00e4ndig auch f\u00fcr den Outdoorbereich geeignet. Stripverbindungen und Netzteilanschl\u00fcsse sind durch Klemmverbindung [&hellip;]\" \/>\n<meta property=\"og:url\" content=\"https:\/\/shop.bantam.ch\/de\/produkt\/led-single-strip-10-mm-outdoor-5-m\/\" \/>\n<meta property=\"og:site_name\" content=\"Bantam Camping AG\" \/>\n<meta property=\"article:modified_time\" content=\"2026-04-18T22:07:16+00:00\" \/>\n<meta property=\"og:image\" content=\"https:\/\/shop.bantam.ch\/wp-content\/uploads\/2025\/09\/9934205-LED_Strip_5_mtr_5050_30LED_outdoor_w_w-Standard-02-1.jpg\" \/>\n\t<meta property=\"og:image:width\" content=\"800\" \/>\n\t<meta property=\"og:image:height\" content=\"533\" \/>\n\t<meta property=\"og:image:type\" content=\"image\/jpeg\" \/>\n<meta name=\"twitter:card\" content=\"summary_large_image\" \/>\n<meta name=\"twitter:label1\" content=\"Gesch\u00e4tzte Lesezeit\" \/>\n\t<meta name=\"twitter:data1\" content=\"1\u00a0Minute\" \/>\n<script type=\"application\/ld+json\" class=\"yoast-schema-graph\">{\"@context\":\"https:\\\/\\\/schema.org\",\"@graph\":[{\"@type\":\"WebPage\",\"@id\":\"https:\\\/\\\/shop.bantam.ch\\\/de\\\/produkt\\\/led-single-strip-10-mm-outdoor-5-m\\\/\",\"url\":\"https:\\\/\\\/shop.bantam.ch\\\/de\\\/produkt\\\/led-single-strip-10-mm-outdoor-5-m\\\/\",\"name\":\"LED Single Strip 10 mm Outdoor 5 m - Bantam Camping AG\",\"isPartOf\":{\"@id\":\"https:\\\/\\\/shop.bantam.ch\\\/de\\\/#website\"},\"primaryImageOfPage\":{\"@id\":\"https:\\\/\\\/shop.bantam.ch\\\/de\\\/produkt\\\/led-single-strip-10-mm-outdoor-5-m\\\/#primaryimage\"},\"image\":{\"@id\":\"https:\\\/\\\/shop.bantam.ch\\\/de\\\/produkt\\\/led-single-strip-10-mm-outdoor-5-m\\\/#primaryimage\"},\"thumbnailUrl\":\"https:\\\/\\\/shop.bantam.ch\\\/wp-content\\\/uploads\\\/2025\\\/09\\\/9934205-LED_Strip_5_mtr_5050_30LED_outdoor_w_w-Standard-02-1.jpg\",\"datePublished\":\"2025-09-04T13:38:01+00:00\",\"dateModified\":\"2026-04-18T22:07:16+00:00\",\"breadcrumb\":{\"@id\":\"https:\\\/\\\/shop.bantam.ch\\\/de\\\/produkt\\\/led-single-strip-10-mm-outdoor-5-m\\\/#breadcrumb\"},\"inLanguage\":\"de\",\"potentialAction\":[{\"@type\":\"ReadAction\",\"target\":[\"https:\\\/\\\/shop.bantam.ch\\\/de\\\/produkt\\\/led-single-strip-10-mm-outdoor-5-m\\\/\"]}]},{\"@type\":\"ImageObject\",\"inLanguage\":\"de\",\"@id\":\"https:\\\/\\\/shop.bantam.ch\\\/de\\\/produkt\\\/led-single-strip-10-mm-outdoor-5-m\\\/#primaryimage\",\"url\":\"https:\\\/\\\/shop.bantam.ch\\\/wp-content\\\/uploads\\\/2025\\\/09\\\/9934205-LED_Strip_5_mtr_5050_30LED_outdoor_w_w-Standard-02-1.jpg\",\"contentUrl\":\"https:\\\/\\\/shop.bantam.ch\\\/wp-content\\\/uploads\\\/2025\\\/09\\\/9934205-LED_Strip_5_mtr_5050_30LED_outdoor_w_w-Standard-02-1.jpg\",\"width\":800,\"height\":533},{\"@type\":\"BreadcrumbList\",\"@id\":\"https:\\\/\\\/shop.bantam.ch\\\/de\\\/produkt\\\/led-single-strip-10-mm-outdoor-5-m\\\/#breadcrumb\",\"itemListElement\":[{\"@type\":\"ListItem\",\"position\":1,\"name\":\"Accueil\",\"item\":\"https:\\\/\\\/shop.bantam.ch\\\/de\\\/\"},{\"@type\":\"ListItem\",\"position\":2,\"name\":\"Shop\",\"item\":\"https:\\\/\\\/shop.bantam.ch\\\/de\\\/shop\\\/\"},{\"@type\":\"ListItem\",\"position\":3,\"name\":\"LED Single Strip 10 mm Outdoor 5 m\"}]},{\"@type\":\"WebSite\",\"@id\":\"https:\\\/\\\/shop.bantam.ch\\\/de\\\/#website\",\"url\":\"https:\\\/\\\/shop.bantam.ch\\\/de\\\/\",\"name\":\"Bantam Camping AG\",\"description\":\"\",\"publisher\":{\"@id\":\"https:\\\/\\\/shop.bantam.ch\\\/de\\\/#organization\"},\"inLanguage\":\"de\"},{\"@type\":\"Organization\",\"@id\":\"https:\\\/\\\/shop.bantam.ch\\\/de\\\/#organization\",\"name\":\"Bantam Camping AG\",\"url\":\"https:\\\/\\\/shop.bantam.ch\\\/de\\\/\",\"logo\":{\"@type\":\"ImageObject\",\"inLanguage\":\"de\",\"@id\":\"https:\\\/\\\/shop.bantam.ch\\\/de\\\/#\\\/schema\\\/logo\\\/image\\\/\",\"url\":\"https:\\\/\\\/shop.bantam.ch\\\/wp-content\\\/uploads\\\/2022\\\/12\\\/bantam-logo.png\",\"contentUrl\":\"https:\\\/\\\/shop.bantam.ch\\\/wp-content\\\/uploads\\\/2022\\\/12\\\/bantam-logo.png\",\"width\":320,\"height\":71,\"caption\":\"Bantam Camping AG\"},\"image\":{\"@id\":\"https:\\\/\\\/shop.bantam.ch\\\/de\\\/#\\\/schema\\\/logo\\\/image\\\/\"}}]}<\/script>\n<!-- \/ Yoast SEO plugin. -->","yoast_head_json":{"title":"LED Single Strip 10 mm Outdoor 5 m - Bantam Camping AG","robots":{"index":"index","follow":"follow","max-snippet":"max-snippet:-1","max-image-preview":"max-image-preview:large","max-video-preview":"max-video-preview:-1"},"canonical":"https:\/\/shop.bantam.ch\/de\/produkt\/led-single-strip-10-mm-outdoor-5-m\/","og_locale":"de_DE","og_type":"article","og_title":"LED Single Strip 10 mm Outdoor 5 m - Bantam Camping AG","og_description":"Maximale Leuchtkraft im Reisemobil, Caravan, Freizeit- und Haushaltsbereich bei extrem niedrigem Stromverbrauch und minimalem Platzbedarf. Mit unserem neuen Komponentensystem lassen sich eine Vielzahl von unterschiedlichsten Lichtquellen einfach und schnell installieren. Der Strip ist r\u00fcckseitig mit 3M Selbstklebeband ausgestattet, in 10cm Schritten schneidbar sowie wasserbest\u00e4ndig auch f\u00fcr den Outdoorbereich geeignet. Stripverbindungen und Netzteilanschl\u00fcsse sind durch Klemmverbindung [&hellip;]","og_url":"https:\/\/shop.bantam.ch\/de\/produkt\/led-single-strip-10-mm-outdoor-5-m\/","og_site_name":"Bantam Camping AG","article_modified_time":"2026-04-18T22:07:16+00:00","og_image":[{"width":800,"height":533,"url":"https:\/\/shop.bantam.ch\/wp-content\/uploads\/2025\/09\/9934205-LED_Strip_5_mtr_5050_30LED_outdoor_w_w-Standard-02-1.jpg","type":"image\/jpeg"}],"twitter_card":"summary_large_image","twitter_misc":{"Gesch\u00e4tzte Lesezeit":"1\u00a0Minute"},"schema":{"@context":"https:\/\/schema.org","@graph":[{"@type":"WebPage","@id":"https:\/\/shop.bantam.ch\/de\/produkt\/led-single-strip-10-mm-outdoor-5-m\/","url":"https:\/\/shop.bantam.ch\/de\/produkt\/led-single-strip-10-mm-outdoor-5-m\/","name":"LED Single Strip 10 mm Outdoor 5 m - Bantam Camping AG","isPartOf":{"@id":"https:\/\/shop.bantam.ch\/de\/#website"},"primaryImageOfPage":{"@id":"https:\/\/shop.bantam.ch\/de\/produkt\/led-single-strip-10-mm-outdoor-5-m\/#primaryimage"},"image":{"@id":"https:\/\/shop.bantam.ch\/de\/produkt\/led-single-strip-10-mm-outdoor-5-m\/#primaryimage"},"thumbnailUrl":"https:\/\/shop.bantam.ch\/wp-content\/uploads\/2025\/09\/9934205-LED_Strip_5_mtr_5050_30LED_outdoor_w_w-Standard-02-1.jpg","datePublished":"2025-09-04T13:38:01+00:00","dateModified":"2026-04-18T22:07:16+00:00","breadcrumb":{"@id":"https:\/\/shop.bantam.ch\/de\/produkt\/led-single-strip-10-mm-outdoor-5-m\/#breadcrumb"},"inLanguage":"de","potentialAction":[{"@type":"ReadAction","target":["https:\/\/shop.bantam.ch\/de\/produkt\/led-single-strip-10-mm-outdoor-5-m\/"]}]},{"@type":"ImageObject","inLanguage":"de","@id":"https:\/\/shop.bantam.ch\/de\/produkt\/led-single-strip-10-mm-outdoor-5-m\/#primaryimage","url":"https:\/\/shop.bantam.ch\/wp-content\/uploads\/2025\/09\/9934205-LED_Strip_5_mtr_5050_30LED_outdoor_w_w-Standard-02-1.jpg","contentUrl":"https:\/\/shop.bantam.ch\/wp-content\/uploads\/2025\/09\/9934205-LED_Strip_5_mtr_5050_30LED_outdoor_w_w-Standard-02-1.jpg","width":800,"height":533},{"@type":"BreadcrumbList","@id":"https:\/\/shop.bantam.ch\/de\/produkt\/led-single-strip-10-mm-outdoor-5-m\/#breadcrumb","itemListElement":[{"@type":"ListItem","position":1,"name":"Accueil","item":"https:\/\/shop.bantam.ch\/de\/"},{"@type":"ListItem","position":2,"name":"Shop","item":"https:\/\/shop.bantam.ch\/de\/shop\/"},{"@type":"ListItem","position":3,"name":"LED Single Strip 10 mm Outdoor 5 m"}]},{"@type":"WebSite","@id":"https:\/\/shop.bantam.ch\/de\/#website","url":"https:\/\/shop.bantam.ch\/de\/","name":"Bantam Camping AG","description":"","publisher":{"@id":"https:\/\/shop.bantam.ch\/de\/#organization"},"inLanguage":"de"},{"@type":"Organization","@id":"https:\/\/shop.bantam.ch\/de\/#organization","name":"Bantam Camping AG","url":"https:\/\/shop.bantam.ch\/de\/","logo":{"@type":"ImageObject","inLanguage":"de","@id":"https:\/\/shop.bantam.ch\/de\/#\/schema\/logo\/image\/","url":"https:\/\/shop.bantam.ch\/wp-content\/uploads\/2022\/12\/bantam-logo.png","contentUrl":"https:\/\/shop.bantam.ch\/wp-content\/uploads\/2022\/12\/bantam-logo.png","width":320,"height":71,"caption":"Bantam Camping AG"},"image":{"@id":"https:\/\/shop.bantam.ch\/de\/#\/schema\/logo\/image\/"}}]}},"_links":{"self":[{"href":"https:\/\/shop.bantam.ch\/de\/wp-json\/wp\/v2\/product\/222139","targetHints":{"allow":["GET"]}}],"collection":[{"href":"https:\/\/shop.bantam.ch\/de\/wp-json\/wp\/v2\/product"}],"about":[{"href":"https:\/\/shop.bantam.ch\/de\/wp-json\/wp\/v2\/types\/product"}],"wp:featuredmedia":[{"embeddable":true,"href":"https:\/\/shop.bantam.ch\/de\/wp-json\/wp\/v2\/media\/222134"}],"wp:attachment":[{"href":"https:\/\/shop.bantam.ch\/de\/wp-json\/wp\/v2\/media?parent=222139"}],"wp:term":[{"taxonomy":"product_featured_cat","embeddable":true,"href":"https:\/\/shop.bantam.ch\/de\/wp-json\/wp\/v2\/product_featured_cat?post=222139"},{"taxonomy":"product_brand","embeddable":true,"href":"https:\/\/shop.bantam.ch\/de\/wp-json\/wp\/v2\/product_brand?post=222139"},{"taxonomy":"product_cat","embeddable":true,"href":"https:\/\/shop.bantam.ch\/de\/wp-json\/wp\/v2\/product_cat?post=222139"},{"taxonomy":"product_tag","embeddable":true,"href":"https:\/\/shop.bantam.ch\/de\/wp-json\/wp\/v2\/product_tag?post=222139"}],"curies":[{"name":"wp","href":"https:\/\/api.w.org\/{rel}","templated":true}]}}