{"id":222101,"date":"2025-09-04T14:26:19","date_gmt":"2025-09-04T12:26:19","guid":{"rendered":"https:\/\/shop.bantam.ch\/produit\/sat-tv-paket-mit-as2-80-ultrawhite-hd-a-i-o-all-in-one-system\/"},"modified":"2026-04-19T22:32:49","modified_gmt":"2026-04-19T20:32:49","slug":"sat-tv-paket-mit-as2-80-ultrawhite-hd-a-i-o-all-in-one-system","status":"publish","type":"product","link":"https:\/\/shop.bantam.ch\/de\/produkt\/sat-tv-paket-mit-as2-80-ultrawhite-hd-a-i-o-all-in-one-system\/","title":{"rendered":"SAT-TV-Paket mit AS2 80 Ultrawhite HD \/  A.I.O. \u201eAll-In-One\u201c System"},"content":{"rendered":"<p data-start=\"81\" data-end=\"154\"><span data-start=\"81\" data-end=\"152\">Automatische Premium-Satellitenantenne AS2 HD Modell Platinium SKEW.\u00a0<\/span>Alden pr\u00e4sentiert mit der AS-HD-Reihe vollautomatische Satellitensysteme mit lebenslanger Garantie auf die Drehteile. Die AS-Antennenserie erf\u00fcllt die h\u00f6chsten und anspruchsvollsten Anforderungen. Dieses System vereint h\u00f6chste Qualit\u00e4t mit einer sehr einfachen Bedienbarkeit.\u00a0Die <span data-start=\"439\" data-end=\"446\">AS4<\/span> ist wahrscheinlich die schnellste, leiseste und energiesparendste Antenne auf dem Markt. Im Wesentlichen unterscheiden sich die beiden Typen AS2 und AS4 nur in ihrer Drehgeschwindigkeit. Das moderne Design wird durch die Verwendung von Platinium-Antennensch\u00fcsseln mit dezentem Erscheinungsbild hervorgehoben.\u00a0A.I.O. EVO HD \u201eAll-In-One\u201c.\u00a0Die f\u00fcnfte Generation des einzigartigen A.I.O.-Systems im Bereich der Reisemobile. Das \u201eAll-In-One\u201c EVO HD-System kombiniert einen <span data-start=\"929\" data-end=\"962\">ALDEN ULTRAWIDE LED-Fernseher<\/span> mit einem Receiver und einem abnehmbaren Steuerungsmodul in einem einzigen Geh\u00e4use.\u00a0Eine einzige Fernbedienung gen\u00fcgt f\u00fcr ein einheitliches Bedienmen\u00fc. Das platzsparende Ger\u00e4t \u00fcberzeugt durch sein ultra-flaches Design und ist mit einem integrierten Triple-Tuner, einem DVD-Player und einem USB-Player ausgestattet.<\/p>\n","protected":false},"excerpt":{"rendered":"<p>Automatische Premium-Satellitenantenne AS2 HD Modell Platinium SKEW.\u00a0Alden pr\u00e4sentiert mit der AS-HD-Reihe vollautomatische Satellitensysteme mit lebenslanger Garantie auf die Drehteile. Die AS-Antennenserie erf\u00fcllt die h\u00f6chsten und anspruchsvollsten Anforderungen. Dieses System vereint h\u00f6chste Qualit\u00e4t mit einer sehr einfachen Bedienbarkeit.\u00a0Die AS4 ist wahrscheinlich die schnellste, leiseste und energiesparendste Antenne auf dem Markt. Im Wesentlichen unterscheiden sich die beiden [&hellip;]<\/p>\n","protected":false},"featured_media":222098,"template":"","meta":{"_acf_changed":false},"product_featured_cat":[],"product_brand":[3077],"product_cat":[4530],"product_tag":[],"class_list":{"0":"post-222101","1":"product","2":"type-product","3":"status-publish","4":"has-post-thumbnail","6":"product_brand-alden-de","7":"product_cat-sat-tv-komplettsysteme","9":"first","10":"instock","11":"taxable","12":"shipping-taxable","13":"purchasable","14":"product-type-variable"},"acf":[],"yoast_head":"<!-- This site is optimized with the Yoast SEO plugin v27.4 - https:\/\/yoast.com\/product\/yoast-seo-wordpress\/ -->\n<title>SAT-TV-Paket mit AS2 80 Ultrawhite HD \/ A.I.O. \u201eAll-In-One\u201c System - Bantam Camping AG<\/title>\n<meta name=\"robots\" content=\"index, follow, max-snippet:-1, max-image-preview:large, max-video-preview:-1\" \/>\n<link rel=\"canonical\" href=\"https:\/\/shop.bantam.ch\/de\/produkt\/sat-tv-paket-mit-as2-80-ultrawhite-hd-a-i-o-all-in-one-system\/\" \/>\n<meta property=\"og:locale\" content=\"de_DE\" \/>\n<meta property=\"og:type\" content=\"article\" \/>\n<meta property=\"og:title\" content=\"SAT-TV-Paket mit AS2 80 Ultrawhite HD \/ A.I.O. \u201eAll-In-One\u201c System - Bantam Camping AG\" \/>\n<meta property=\"og:description\" content=\"Automatische Premium-Satellitenantenne AS2 HD Modell Platinium SKEW.\u00a0Alden pr\u00e4sentiert mit der AS-HD-Reihe vollautomatische Satellitensysteme mit lebenslanger Garantie auf die Drehteile. Die AS-Antennenserie erf\u00fcllt die h\u00f6chsten und anspruchsvollsten Anforderungen. Dieses System vereint h\u00f6chste Qualit\u00e4t mit einer sehr einfachen Bedienbarkeit.\u00a0Die AS4 ist wahrscheinlich die schnellste, leiseste und energiesparendste Antenne auf dem Markt. Im Wesentlichen unterscheiden sich die beiden [&hellip;]\" \/>\n<meta property=\"og:url\" content=\"https:\/\/shop.bantam.ch\/de\/produkt\/sat-tv-paket-mit-as2-80-ultrawhite-hd-a-i-o-all-in-one-system\/\" \/>\n<meta property=\"og:site_name\" content=\"Bantam Camping AG\" \/>\n<meta property=\"article:modified_time\" content=\"2026-04-19T20:32:49+00:00\" \/>\n<meta property=\"og:image\" content=\"https:\/\/shop.bantam.ch\/wp-content\/uploads\/2025\/09\/CS200159_Alden_AS2_80_HD_Platinium.jpg\" \/>\n\t<meta property=\"og:image:width\" content=\"600\" \/>\n\t<meta property=\"og:image:height\" content=\"601\" \/>\n\t<meta property=\"og:image:type\" content=\"image\/jpeg\" \/>\n<meta name=\"twitter:card\" content=\"summary_large_image\" \/>\n<meta name=\"twitter:label1\" content=\"Gesch\u00e4tzte Lesezeit\" \/>\n\t<meta name=\"twitter:data1\" content=\"1\u00a0Minute\" \/>\n<script type=\"application\/ld+json\" class=\"yoast-schema-graph\">{\"@context\":\"https:\\\/\\\/schema.org\",\"@graph\":[{\"@type\":\"WebPage\",\"@id\":\"https:\\\/\\\/shop.bantam.ch\\\/de\\\/produkt\\\/sat-tv-paket-mit-as2-80-ultrawhite-hd-a-i-o-all-in-one-system\\\/\",\"url\":\"https:\\\/\\\/shop.bantam.ch\\\/de\\\/produkt\\\/sat-tv-paket-mit-as2-80-ultrawhite-hd-a-i-o-all-in-one-system\\\/\",\"name\":\"SAT-TV-Paket mit AS2 80 Ultrawhite HD \\\/ A.I.O. \u201eAll-In-One\u201c System - Bantam Camping AG\",\"isPartOf\":{\"@id\":\"https:\\\/\\\/shop.bantam.ch\\\/de\\\/#website\"},\"primaryImageOfPage\":{\"@id\":\"https:\\\/\\\/shop.bantam.ch\\\/de\\\/produkt\\\/sat-tv-paket-mit-as2-80-ultrawhite-hd-a-i-o-all-in-one-system\\\/#primaryimage\"},\"image\":{\"@id\":\"https:\\\/\\\/shop.bantam.ch\\\/de\\\/produkt\\\/sat-tv-paket-mit-as2-80-ultrawhite-hd-a-i-o-all-in-one-system\\\/#primaryimage\"},\"thumbnailUrl\":\"https:\\\/\\\/shop.bantam.ch\\\/wp-content\\\/uploads\\\/2025\\\/09\\\/CS200159_Alden_AS2_80_HD_Platinium.jpg\",\"datePublished\":\"2025-09-04T12:26:19+00:00\",\"dateModified\":\"2026-04-19T20:32:49+00:00\",\"breadcrumb\":{\"@id\":\"https:\\\/\\\/shop.bantam.ch\\\/de\\\/produkt\\\/sat-tv-paket-mit-as2-80-ultrawhite-hd-a-i-o-all-in-one-system\\\/#breadcrumb\"},\"inLanguage\":\"de\",\"potentialAction\":[{\"@type\":\"ReadAction\",\"target\":[\"https:\\\/\\\/shop.bantam.ch\\\/de\\\/produkt\\\/sat-tv-paket-mit-as2-80-ultrawhite-hd-a-i-o-all-in-one-system\\\/\"]}]},{\"@type\":\"ImageObject\",\"inLanguage\":\"de\",\"@id\":\"https:\\\/\\\/shop.bantam.ch\\\/de\\\/produkt\\\/sat-tv-paket-mit-as2-80-ultrawhite-hd-a-i-o-all-in-one-system\\\/#primaryimage\",\"url\":\"https:\\\/\\\/shop.bantam.ch\\\/wp-content\\\/uploads\\\/2025\\\/09\\\/CS200159_Alden_AS2_80_HD_Platinium.jpg\",\"contentUrl\":\"https:\\\/\\\/shop.bantam.ch\\\/wp-content\\\/uploads\\\/2025\\\/09\\\/CS200159_Alden_AS2_80_HD_Platinium.jpg\",\"width\":600,\"height\":601},{\"@type\":\"BreadcrumbList\",\"@id\":\"https:\\\/\\\/shop.bantam.ch\\\/de\\\/produkt\\\/sat-tv-paket-mit-as2-80-ultrawhite-hd-a-i-o-all-in-one-system\\\/#breadcrumb\",\"itemListElement\":[{\"@type\":\"ListItem\",\"position\":1,\"name\":\"Accueil\",\"item\":\"https:\\\/\\\/shop.bantam.ch\\\/de\\\/\"},{\"@type\":\"ListItem\",\"position\":2,\"name\":\"Shop\",\"item\":\"https:\\\/\\\/shop.bantam.ch\\\/de\\\/shop\\\/\"},{\"@type\":\"ListItem\",\"position\":3,\"name\":\"SAT-TV-Paket mit AS2 80 Ultrawhite HD \\\/ A.I.O. \u201eAll-In-One\u201c System\"}]},{\"@type\":\"WebSite\",\"@id\":\"https:\\\/\\\/shop.bantam.ch\\\/de\\\/#website\",\"url\":\"https:\\\/\\\/shop.bantam.ch\\\/de\\\/\",\"name\":\"Bantam Camping AG\",\"description\":\"\",\"publisher\":{\"@id\":\"https:\\\/\\\/shop.bantam.ch\\\/de\\\/#organization\"},\"inLanguage\":\"de\"},{\"@type\":\"Organization\",\"@id\":\"https:\\\/\\\/shop.bantam.ch\\\/de\\\/#organization\",\"name\":\"Bantam Camping AG\",\"url\":\"https:\\\/\\\/shop.bantam.ch\\\/de\\\/\",\"logo\":{\"@type\":\"ImageObject\",\"inLanguage\":\"de\",\"@id\":\"https:\\\/\\\/shop.bantam.ch\\\/de\\\/#\\\/schema\\\/logo\\\/image\\\/\",\"url\":\"https:\\\/\\\/shop.bantam.ch\\\/wp-content\\\/uploads\\\/2022\\\/12\\\/bantam-logo.png\",\"contentUrl\":\"https:\\\/\\\/shop.bantam.ch\\\/wp-content\\\/uploads\\\/2022\\\/12\\\/bantam-logo.png\",\"width\":320,\"height\":71,\"caption\":\"Bantam Camping AG\"},\"image\":{\"@id\":\"https:\\\/\\\/shop.bantam.ch\\\/de\\\/#\\\/schema\\\/logo\\\/image\\\/\"}}]}<\/script>\n<!-- \/ Yoast SEO plugin. -->","yoast_head_json":{"title":"SAT-TV-Paket mit AS2 80 Ultrawhite HD \/ A.I.O. \u201eAll-In-One\u201c System - Bantam Camping AG","robots":{"index":"index","follow":"follow","max-snippet":"max-snippet:-1","max-image-preview":"max-image-preview:large","max-video-preview":"max-video-preview:-1"},"canonical":"https:\/\/shop.bantam.ch\/de\/produkt\/sat-tv-paket-mit-as2-80-ultrawhite-hd-a-i-o-all-in-one-system\/","og_locale":"de_DE","og_type":"article","og_title":"SAT-TV-Paket mit AS2 80 Ultrawhite HD \/ A.I.O. \u201eAll-In-One\u201c System - Bantam Camping AG","og_description":"Automatische Premium-Satellitenantenne AS2 HD Modell Platinium SKEW.\u00a0Alden pr\u00e4sentiert mit der AS-HD-Reihe vollautomatische Satellitensysteme mit lebenslanger Garantie auf die Drehteile. Die AS-Antennenserie erf\u00fcllt die h\u00f6chsten und anspruchsvollsten Anforderungen. Dieses System vereint h\u00f6chste Qualit\u00e4t mit einer sehr einfachen Bedienbarkeit.\u00a0Die AS4 ist wahrscheinlich die schnellste, leiseste und energiesparendste Antenne auf dem Markt. Im Wesentlichen unterscheiden sich die beiden [&hellip;]","og_url":"https:\/\/shop.bantam.ch\/de\/produkt\/sat-tv-paket-mit-as2-80-ultrawhite-hd-a-i-o-all-in-one-system\/","og_site_name":"Bantam Camping AG","article_modified_time":"2026-04-19T20:32:49+00:00","og_image":[{"width":600,"height":601,"url":"https:\/\/shop.bantam.ch\/wp-content\/uploads\/2025\/09\/CS200159_Alden_AS2_80_HD_Platinium.jpg","type":"image\/jpeg"}],"twitter_card":"summary_large_image","twitter_misc":{"Gesch\u00e4tzte Lesezeit":"1\u00a0Minute"},"schema":{"@context":"https:\/\/schema.org","@graph":[{"@type":"WebPage","@id":"https:\/\/shop.bantam.ch\/de\/produkt\/sat-tv-paket-mit-as2-80-ultrawhite-hd-a-i-o-all-in-one-system\/","url":"https:\/\/shop.bantam.ch\/de\/produkt\/sat-tv-paket-mit-as2-80-ultrawhite-hd-a-i-o-all-in-one-system\/","name":"SAT-TV-Paket mit AS2 80 Ultrawhite HD \/ A.I.O. \u201eAll-In-One\u201c System - Bantam Camping AG","isPartOf":{"@id":"https:\/\/shop.bantam.ch\/de\/#website"},"primaryImageOfPage":{"@id":"https:\/\/shop.bantam.ch\/de\/produkt\/sat-tv-paket-mit-as2-80-ultrawhite-hd-a-i-o-all-in-one-system\/#primaryimage"},"image":{"@id":"https:\/\/shop.bantam.ch\/de\/produkt\/sat-tv-paket-mit-as2-80-ultrawhite-hd-a-i-o-all-in-one-system\/#primaryimage"},"thumbnailUrl":"https:\/\/shop.bantam.ch\/wp-content\/uploads\/2025\/09\/CS200159_Alden_AS2_80_HD_Platinium.jpg","datePublished":"2025-09-04T12:26:19+00:00","dateModified":"2026-04-19T20:32:49+00:00","breadcrumb":{"@id":"https:\/\/shop.bantam.ch\/de\/produkt\/sat-tv-paket-mit-as2-80-ultrawhite-hd-a-i-o-all-in-one-system\/#breadcrumb"},"inLanguage":"de","potentialAction":[{"@type":"ReadAction","target":["https:\/\/shop.bantam.ch\/de\/produkt\/sat-tv-paket-mit-as2-80-ultrawhite-hd-a-i-o-all-in-one-system\/"]}]},{"@type":"ImageObject","inLanguage":"de","@id":"https:\/\/shop.bantam.ch\/de\/produkt\/sat-tv-paket-mit-as2-80-ultrawhite-hd-a-i-o-all-in-one-system\/#primaryimage","url":"https:\/\/shop.bantam.ch\/wp-content\/uploads\/2025\/09\/CS200159_Alden_AS2_80_HD_Platinium.jpg","contentUrl":"https:\/\/shop.bantam.ch\/wp-content\/uploads\/2025\/09\/CS200159_Alden_AS2_80_HD_Platinium.jpg","width":600,"height":601},{"@type":"BreadcrumbList","@id":"https:\/\/shop.bantam.ch\/de\/produkt\/sat-tv-paket-mit-as2-80-ultrawhite-hd-a-i-o-all-in-one-system\/#breadcrumb","itemListElement":[{"@type":"ListItem","position":1,"name":"Accueil","item":"https:\/\/shop.bantam.ch\/de\/"},{"@type":"ListItem","position":2,"name":"Shop","item":"https:\/\/shop.bantam.ch\/de\/shop\/"},{"@type":"ListItem","position":3,"name":"SAT-TV-Paket mit AS2 80 Ultrawhite HD \/ A.I.O. \u201eAll-In-One\u201c System"}]},{"@type":"WebSite","@id":"https:\/\/shop.bantam.ch\/de\/#website","url":"https:\/\/shop.bantam.ch\/de\/","name":"Bantam Camping AG","description":"","publisher":{"@id":"https:\/\/shop.bantam.ch\/de\/#organization"},"inLanguage":"de"},{"@type":"Organization","@id":"https:\/\/shop.bantam.ch\/de\/#organization","name":"Bantam Camping AG","url":"https:\/\/shop.bantam.ch\/de\/","logo":{"@type":"ImageObject","inLanguage":"de","@id":"https:\/\/shop.bantam.ch\/de\/#\/schema\/logo\/image\/","url":"https:\/\/shop.bantam.ch\/wp-content\/uploads\/2022\/12\/bantam-logo.png","contentUrl":"https:\/\/shop.bantam.ch\/wp-content\/uploads\/2022\/12\/bantam-logo.png","width":320,"height":71,"caption":"Bantam Camping AG"},"image":{"@id":"https:\/\/shop.bantam.ch\/de\/#\/schema\/logo\/image\/"}}]}},"_links":{"self":[{"href":"https:\/\/shop.bantam.ch\/de\/wp-json\/wp\/v2\/product\/222101","targetHints":{"allow":["GET"]}}],"collection":[{"href":"https:\/\/shop.bantam.ch\/de\/wp-json\/wp\/v2\/product"}],"about":[{"href":"https:\/\/shop.bantam.ch\/de\/wp-json\/wp\/v2\/types\/product"}],"wp:featuredmedia":[{"embeddable":true,"href":"https:\/\/shop.bantam.ch\/de\/wp-json\/wp\/v2\/media\/222098"}],"wp:attachment":[{"href":"https:\/\/shop.bantam.ch\/de\/wp-json\/wp\/v2\/media?parent=222101"}],"wp:term":[{"taxonomy":"product_featured_cat","embeddable":true,"href":"https:\/\/shop.bantam.ch\/de\/wp-json\/wp\/v2\/product_featured_cat?post=222101"},{"taxonomy":"product_brand","embeddable":true,"href":"https:\/\/shop.bantam.ch\/de\/wp-json\/wp\/v2\/product_brand?post=222101"},{"taxonomy":"product_cat","embeddable":true,"href":"https:\/\/shop.bantam.ch\/de\/wp-json\/wp\/v2\/product_cat?post=222101"},{"taxonomy":"product_tag","embeddable":true,"href":"https:\/\/shop.bantam.ch\/de\/wp-json\/wp\/v2\/product_tag?post=222101"}],"curies":[{"name":"wp","href":"https:\/\/api.w.org\/{rel}","templated":true}]}}