{"id":221329,"date":"2025-08-15T11:05:17","date_gmt":"2025-08-15T09:05:17","guid":{"rendered":"https:\/\/shop.bantam.ch\/produit\/solarpanel-full-black-200w-mppt-20a\/"},"modified":"2026-04-19T23:40:34","modified_gmt":"2026-04-19T21:40:34","slug":"solarpanel-full-black-200w-mppt-20a","status":"publish","type":"product","link":"https:\/\/shop.bantam.ch\/de\/produkt\/solarpanel-full-black-200w-mppt-20a\/","title":{"rendered":"Solarpanel Full Black 200W + MPPT 20A"},"content":{"rendered":"<p>Entdecken Sie die Energie-Revolution mit der EZA-Solarmodulreihe, die mit der IBC-Technologie f\u00fcr maximale Leistung ausgestattet ist \u2013 ein echter technologischer Fortschritt, der die Standards f\u00fcr Leistung und Effizienz in der Solarenergie neu definiert. Die IBC-Technologie (Interdigitated Back Contact) optimiert die Erfassung der Sonnenenergie, indem alle Metallkontakte auf die R\u00fcckseite der Solarzellen verlegt werden. Dadurch wird das Sonnenlicht effizienter in Strom umgewandelt. Das Solarmodul reduziert so Energieverluste und steigert die Effizienz seiner Solarzellen. Diese Spitzentechnologie macht unsere Solarmodule zu einer sauberen Energiel\u00f6sung mit au\u00dfergew\u00f6hnlicher Leistungsf\u00e4higkeit. Dank ihres innovativen Designs \u00fcbertreffen diese Module herk\u00f6mmliche Modelle, indem sie auch bei wechselnden Lichtverh\u00e4ltnissen hohe Ertr\u00e4ge liefern.<br \/>\nMit ihrer robusten Struktur und einem hochwertigen Aluminiumrahmen sind diese Solarmodule darauf ausgelegt, eine bemerkenswerte Langlebigkeit zu gew\u00e4hrleisten und selbst unter schwierigen Umweltbedingungen zuverl\u00e4ssig zu funktionieren \u2013 und das \u00fcber viele Jahre hinweg. Da sich alle Metallkontakte auf der R\u00fcckseite der Solarzellen befinden, bietet die Vorderseite des Solarmoduls eine durchgehend schwarze Optik, die besonders \u00e4sthetisch wirkt und sich perfekt in Ihr geliebtes Freizeitfahrzeug einf\u00fcgt! + MPPT-Solarregler 20A<\/p>\n","protected":false},"excerpt":{"rendered":"<p>Entdecken Sie die Energie-Revolution mit der EZA-Solarmodulreihe, die mit der IBC-Technologie f\u00fcr maximale Leistung ausgestattet ist \u2013 ein echter technologischer Fortschritt, der die Standards f\u00fcr Leistung und Effizienz in der Solarenergie neu definiert. Die IBC-Technologie (Interdigitated Back Contact) optimiert die Erfassung der Sonnenenergie, indem alle Metallkontakte auf die R\u00fcckseite der Solarzellen verlegt werden. Dadurch wird [&hellip;]<\/p>\n","protected":false},"featured_media":221861,"template":"","meta":{"_acf_changed":false},"product_featured_cat":[],"product_brand":[3677],"product_cat":[4880],"product_tag":[],"class_list":{"0":"post-221329","1":"product","2":"type-product","3":"status-publish","4":"has-post-thumbnail","6":"product_brand-eza-de","7":"product_cat-solar-sets","9":"first","10":"instock","11":"taxable","12":"shipping-taxable","13":"purchasable","14":"product-type-simple"},"acf":[],"yoast_head":"<!-- This site is optimized with the Yoast SEO plugin v27.4 - https:\/\/yoast.com\/product\/yoast-seo-wordpress\/ -->\n<title>Solarpanel Full Black 200W + MPPT 20A - Bantam Camping AG<\/title>\n<meta name=\"robots\" content=\"index, follow, max-snippet:-1, max-image-preview:large, max-video-preview:-1\" \/>\n<link rel=\"canonical\" href=\"https:\/\/shop.bantam.ch\/de\/produkt\/solarpanel-full-black-200w-mppt-20a\/\" \/>\n<meta property=\"og:locale\" content=\"de_DE\" \/>\n<meta property=\"og:type\" content=\"article\" \/>\n<meta property=\"og:title\" content=\"Solarpanel Full Black 200W + MPPT 20A - Bantam Camping AG\" \/>\n<meta property=\"og:description\" content=\"Entdecken Sie die Energie-Revolution mit der EZA-Solarmodulreihe, die mit der IBC-Technologie f\u00fcr maximale Leistung ausgestattet ist \u2013 ein echter technologischer Fortschritt, der die Standards f\u00fcr Leistung und Effizienz in der Solarenergie neu definiert. Die IBC-Technologie (Interdigitated Back Contact) optimiert die Erfassung der Sonnenenergie, indem alle Metallkontakte auf die R\u00fcckseite der Solarzellen verlegt werden. Dadurch wird [&hellip;]\" \/>\n<meta property=\"og:url\" content=\"https:\/\/shop.bantam.ch\/de\/produkt\/solarpanel-full-black-200w-mppt-20a\/\" \/>\n<meta property=\"og:site_name\" content=\"Bantam Camping AG\" \/>\n<meta property=\"article:modified_time\" content=\"2026-04-19T21:40:34+00:00\" \/>\n<meta property=\"og:image\" content=\"https:\/\/shop.bantam.ch\/wp-content\/uploads\/2025\/08\/OIP3.jpg\" \/>\n\t<meta property=\"og:image:width\" content=\"474\" \/>\n\t<meta property=\"og:image:height\" content=\"474\" \/>\n\t<meta property=\"og:image:type\" content=\"image\/jpeg\" \/>\n<meta name=\"twitter:card\" content=\"summary_large_image\" \/>\n<meta name=\"twitter:label1\" content=\"Gesch\u00e4tzte Lesezeit\" \/>\n\t<meta name=\"twitter:data1\" content=\"1\u00a0Minute\" \/>\n<script type=\"application\/ld+json\" class=\"yoast-schema-graph\">{\"@context\":\"https:\\\/\\\/schema.org\",\"@graph\":[{\"@type\":\"WebPage\",\"@id\":\"https:\\\/\\\/shop.bantam.ch\\\/de\\\/produkt\\\/solarpanel-full-black-200w-mppt-20a\\\/\",\"url\":\"https:\\\/\\\/shop.bantam.ch\\\/de\\\/produkt\\\/solarpanel-full-black-200w-mppt-20a\\\/\",\"name\":\"Solarpanel Full Black 200W + MPPT 20A - Bantam Camping AG\",\"isPartOf\":{\"@id\":\"https:\\\/\\\/shop.bantam.ch\\\/de\\\/#website\"},\"primaryImageOfPage\":{\"@id\":\"https:\\\/\\\/shop.bantam.ch\\\/de\\\/produkt\\\/solarpanel-full-black-200w-mppt-20a\\\/#primaryimage\"},\"image\":{\"@id\":\"https:\\\/\\\/shop.bantam.ch\\\/de\\\/produkt\\\/solarpanel-full-black-200w-mppt-20a\\\/#primaryimage\"},\"thumbnailUrl\":\"https:\\\/\\\/shop.bantam.ch\\\/wp-content\\\/uploads\\\/2025\\\/08\\\/OIP3.jpg\",\"datePublished\":\"2025-08-15T09:05:17+00:00\",\"dateModified\":\"2026-04-19T21:40:34+00:00\",\"breadcrumb\":{\"@id\":\"https:\\\/\\\/shop.bantam.ch\\\/de\\\/produkt\\\/solarpanel-full-black-200w-mppt-20a\\\/#breadcrumb\"},\"inLanguage\":\"de\",\"potentialAction\":[{\"@type\":\"ReadAction\",\"target\":[\"https:\\\/\\\/shop.bantam.ch\\\/de\\\/produkt\\\/solarpanel-full-black-200w-mppt-20a\\\/\"]}]},{\"@type\":\"ImageObject\",\"inLanguage\":\"de\",\"@id\":\"https:\\\/\\\/shop.bantam.ch\\\/de\\\/produkt\\\/solarpanel-full-black-200w-mppt-20a\\\/#primaryimage\",\"url\":\"https:\\\/\\\/shop.bantam.ch\\\/wp-content\\\/uploads\\\/2025\\\/08\\\/OIP3.jpg\",\"contentUrl\":\"https:\\\/\\\/shop.bantam.ch\\\/wp-content\\\/uploads\\\/2025\\\/08\\\/OIP3.jpg\",\"width\":474,\"height\":474},{\"@type\":\"BreadcrumbList\",\"@id\":\"https:\\\/\\\/shop.bantam.ch\\\/de\\\/produkt\\\/solarpanel-full-black-200w-mppt-20a\\\/#breadcrumb\",\"itemListElement\":[{\"@type\":\"ListItem\",\"position\":1,\"name\":\"Accueil\",\"item\":\"https:\\\/\\\/shop.bantam.ch\\\/de\\\/\"},{\"@type\":\"ListItem\",\"position\":2,\"name\":\"Shop\",\"item\":\"https:\\\/\\\/shop.bantam.ch\\\/de\\\/shop\\\/\"},{\"@type\":\"ListItem\",\"position\":3,\"name\":\"Solarpanel Full Black 200W + MPPT 20A\"}]},{\"@type\":\"WebSite\",\"@id\":\"https:\\\/\\\/shop.bantam.ch\\\/de\\\/#website\",\"url\":\"https:\\\/\\\/shop.bantam.ch\\\/de\\\/\",\"name\":\"Bantam Camping AG\",\"description\":\"\",\"publisher\":{\"@id\":\"https:\\\/\\\/shop.bantam.ch\\\/de\\\/#organization\"},\"inLanguage\":\"de\"},{\"@type\":\"Organization\",\"@id\":\"https:\\\/\\\/shop.bantam.ch\\\/de\\\/#organization\",\"name\":\"Bantam Camping AG\",\"url\":\"https:\\\/\\\/shop.bantam.ch\\\/de\\\/\",\"logo\":{\"@type\":\"ImageObject\",\"inLanguage\":\"de\",\"@id\":\"https:\\\/\\\/shop.bantam.ch\\\/de\\\/#\\\/schema\\\/logo\\\/image\\\/\",\"url\":\"https:\\\/\\\/shop.bantam.ch\\\/wp-content\\\/uploads\\\/2022\\\/12\\\/bantam-logo.png\",\"contentUrl\":\"https:\\\/\\\/shop.bantam.ch\\\/wp-content\\\/uploads\\\/2022\\\/12\\\/bantam-logo.png\",\"width\":320,\"height\":71,\"caption\":\"Bantam Camping AG\"},\"image\":{\"@id\":\"https:\\\/\\\/shop.bantam.ch\\\/de\\\/#\\\/schema\\\/logo\\\/image\\\/\"}}]}<\/script>\n<!-- \/ Yoast SEO plugin. -->","yoast_head_json":{"title":"Solarpanel Full Black 200W + MPPT 20A - Bantam Camping AG","robots":{"index":"index","follow":"follow","max-snippet":"max-snippet:-1","max-image-preview":"max-image-preview:large","max-video-preview":"max-video-preview:-1"},"canonical":"https:\/\/shop.bantam.ch\/de\/produkt\/solarpanel-full-black-200w-mppt-20a\/","og_locale":"de_DE","og_type":"article","og_title":"Solarpanel Full Black 200W + MPPT 20A - Bantam Camping AG","og_description":"Entdecken Sie die Energie-Revolution mit der EZA-Solarmodulreihe, die mit der IBC-Technologie f\u00fcr maximale Leistung ausgestattet ist \u2013 ein echter technologischer Fortschritt, der die Standards f\u00fcr Leistung und Effizienz in der Solarenergie neu definiert. Die IBC-Technologie (Interdigitated Back Contact) optimiert die Erfassung der Sonnenenergie, indem alle Metallkontakte auf die R\u00fcckseite der Solarzellen verlegt werden. Dadurch wird [&hellip;]","og_url":"https:\/\/shop.bantam.ch\/de\/produkt\/solarpanel-full-black-200w-mppt-20a\/","og_site_name":"Bantam Camping AG","article_modified_time":"2026-04-19T21:40:34+00:00","og_image":[{"width":474,"height":474,"url":"https:\/\/shop.bantam.ch\/wp-content\/uploads\/2025\/08\/OIP3.jpg","type":"image\/jpeg"}],"twitter_card":"summary_large_image","twitter_misc":{"Gesch\u00e4tzte Lesezeit":"1\u00a0Minute"},"schema":{"@context":"https:\/\/schema.org","@graph":[{"@type":"WebPage","@id":"https:\/\/shop.bantam.ch\/de\/produkt\/solarpanel-full-black-200w-mppt-20a\/","url":"https:\/\/shop.bantam.ch\/de\/produkt\/solarpanel-full-black-200w-mppt-20a\/","name":"Solarpanel Full Black 200W + MPPT 20A - Bantam Camping AG","isPartOf":{"@id":"https:\/\/shop.bantam.ch\/de\/#website"},"primaryImageOfPage":{"@id":"https:\/\/shop.bantam.ch\/de\/produkt\/solarpanel-full-black-200w-mppt-20a\/#primaryimage"},"image":{"@id":"https:\/\/shop.bantam.ch\/de\/produkt\/solarpanel-full-black-200w-mppt-20a\/#primaryimage"},"thumbnailUrl":"https:\/\/shop.bantam.ch\/wp-content\/uploads\/2025\/08\/OIP3.jpg","datePublished":"2025-08-15T09:05:17+00:00","dateModified":"2026-04-19T21:40:34+00:00","breadcrumb":{"@id":"https:\/\/shop.bantam.ch\/de\/produkt\/solarpanel-full-black-200w-mppt-20a\/#breadcrumb"},"inLanguage":"de","potentialAction":[{"@type":"ReadAction","target":["https:\/\/shop.bantam.ch\/de\/produkt\/solarpanel-full-black-200w-mppt-20a\/"]}]},{"@type":"ImageObject","inLanguage":"de","@id":"https:\/\/shop.bantam.ch\/de\/produkt\/solarpanel-full-black-200w-mppt-20a\/#primaryimage","url":"https:\/\/shop.bantam.ch\/wp-content\/uploads\/2025\/08\/OIP3.jpg","contentUrl":"https:\/\/shop.bantam.ch\/wp-content\/uploads\/2025\/08\/OIP3.jpg","width":474,"height":474},{"@type":"BreadcrumbList","@id":"https:\/\/shop.bantam.ch\/de\/produkt\/solarpanel-full-black-200w-mppt-20a\/#breadcrumb","itemListElement":[{"@type":"ListItem","position":1,"name":"Accueil","item":"https:\/\/shop.bantam.ch\/de\/"},{"@type":"ListItem","position":2,"name":"Shop","item":"https:\/\/shop.bantam.ch\/de\/shop\/"},{"@type":"ListItem","position":3,"name":"Solarpanel Full Black 200W + MPPT 20A"}]},{"@type":"WebSite","@id":"https:\/\/shop.bantam.ch\/de\/#website","url":"https:\/\/shop.bantam.ch\/de\/","name":"Bantam Camping AG","description":"","publisher":{"@id":"https:\/\/shop.bantam.ch\/de\/#organization"},"inLanguage":"de"},{"@type":"Organization","@id":"https:\/\/shop.bantam.ch\/de\/#organization","name":"Bantam Camping AG","url":"https:\/\/shop.bantam.ch\/de\/","logo":{"@type":"ImageObject","inLanguage":"de","@id":"https:\/\/shop.bantam.ch\/de\/#\/schema\/logo\/image\/","url":"https:\/\/shop.bantam.ch\/wp-content\/uploads\/2022\/12\/bantam-logo.png","contentUrl":"https:\/\/shop.bantam.ch\/wp-content\/uploads\/2022\/12\/bantam-logo.png","width":320,"height":71,"caption":"Bantam Camping AG"},"image":{"@id":"https:\/\/shop.bantam.ch\/de\/#\/schema\/logo\/image\/"}}]}},"_links":{"self":[{"href":"https:\/\/shop.bantam.ch\/de\/wp-json\/wp\/v2\/product\/221329","targetHints":{"allow":["GET"]}}],"collection":[{"href":"https:\/\/shop.bantam.ch\/de\/wp-json\/wp\/v2\/product"}],"about":[{"href":"https:\/\/shop.bantam.ch\/de\/wp-json\/wp\/v2\/types\/product"}],"wp:featuredmedia":[{"embeddable":true,"href":"https:\/\/shop.bantam.ch\/de\/wp-json\/wp\/v2\/media\/221861"}],"wp:attachment":[{"href":"https:\/\/shop.bantam.ch\/de\/wp-json\/wp\/v2\/media?parent=221329"}],"wp:term":[{"taxonomy":"product_featured_cat","embeddable":true,"href":"https:\/\/shop.bantam.ch\/de\/wp-json\/wp\/v2\/product_featured_cat?post=221329"},{"taxonomy":"product_brand","embeddable":true,"href":"https:\/\/shop.bantam.ch\/de\/wp-json\/wp\/v2\/product_brand?post=221329"},{"taxonomy":"product_cat","embeddable":true,"href":"https:\/\/shop.bantam.ch\/de\/wp-json\/wp\/v2\/product_cat?post=221329"},{"taxonomy":"product_tag","embeddable":true,"href":"https:\/\/shop.bantam.ch\/de\/wp-json\/wp\/v2\/product_tag?post=221329"}],"curies":[{"name":"wp","href":"https:\/\/api.w.org\/{rel}","templated":true}]}}