{"id":221268,"date":"2025-08-14T10:52:12","date_gmt":"2025-08-14T08:52:12","guid":{"rendered":"https:\/\/shop.bantam.ch\/produit\/kompressionskuehler-blizz-e-dual\/"},"modified":"2026-04-19T02:11:25","modified_gmt":"2026-04-19T00:11:25","slug":"kompressionskuehler-blizz-e-dual","status":"publish","type":"product","link":"https:\/\/shop.bantam.ch\/de\/produkt\/kompressionskuehler-blizz-e-dual\/","title":{"rendered":"Kompressionsk\u00fchler Blizz-E Dual"},"content":{"rendered":"<p>Die ultimative Mehrfach-K\u00fchlbox. Die K\u00fchlbox BLIZZ-E DUAL ist speziell f\u00fcr anspruchsvolle Nutzer entwickelt, die gleichzeitig k\u00fchlen und gefrieren m\u00f6chten. Dank ihrer zwei unabh\u00e4ngigen Zonen, jeweils mit eigener T\u00fcr, k\u00f6nnen Sie die Temperatur jedes Fachs separat steuern \u2013 f\u00fcr maximale Flexibilit\u00e4t bei der Lagerung verschiedener Lebensmittel. So haben Sie stets optimale Kontrolle \u00fcber Ihre Vorr\u00e4te, selbst unter freiem Himmel. Fernsteuerung und einfache Bedienung. Die BLIZZ-E DUAL verf\u00fcgt \u00fcber Bluetooth-Konnektivit\u00e4t, sodass Sie die K\u00fchlbox \u00fcber die App \u201eCar fridge freezer\u201c aus der Ferne steuern k\u00f6nnen. Mit dieser intuitiven App \u00fcberwachen Sie die Temperatur jedes Fachs in Echtzeit, passen sie an, aktivieren den Eco-Modus oder sperren die Einstellungen, um versehentliche \u00c4nderungen zu vermeiden. Zus\u00e4tzlich ist ein USB-Anschluss integriert, um kleine Ger\u00e4te wie Smartphones aufzuladen. Bereit f\u00fcr alle Abenteuer. Mit ihren gro\u00dfz\u00fcgigen Gr\u00f6\u00dfen (31,3 und 39 Liter) bietet die BLIZZ-E DUAL viel Stauraum, bleibt aber leicht transportierbar. Sie verf\u00fcgt \u00fcber einen Ablassstopfen f\u00fcr schnelles Reinigen und bietet zahlreiche optionale Zubeh\u00f6rteile wie Aufbewahrungsk\u00f6rbe oder Eisw\u00fcrfelformen, um allen Anforderungen gerecht zu werden.<\/p>\n","protected":false},"excerpt":{"rendered":"<p>Die ultimative Mehrfach-K\u00fchlbox. Die K\u00fchlbox BLIZZ-E DUAL ist speziell f\u00fcr anspruchsvolle Nutzer entwickelt, die gleichzeitig k\u00fchlen und gefrieren m\u00f6chten. Dank ihrer zwei unabh\u00e4ngigen Zonen, jeweils mit eigener T\u00fcr, k\u00f6nnen Sie die Temperatur jedes Fachs separat steuern \u2013 f\u00fcr maximale Flexibilit\u00e4t bei der Lagerung verschiedener Lebensmittel. So haben Sie stets optimale Kontrolle \u00fcber Ihre Vorr\u00e4te, selbst [&hellip;]<\/p>\n","protected":false},"featured_media":221291,"template":"","meta":{"_acf_changed":false},"product_featured_cat":[],"product_brand":[3677],"product_cat":[4546],"product_tag":[],"class_list":{"0":"post-221268","1":"product","2":"type-product","3":"status-publish","4":"has-post-thumbnail","6":"product_brand-eza-de","7":"product_cat-kompressor-kuehlboxen-kuehlboxen","9":"first","10":"instock","11":"taxable","12":"shipping-taxable","13":"purchasable","14":"product-type-variable"},"acf":[],"yoast_head":"<!-- This site is optimized with the Yoast SEO plugin v27.4 - https:\/\/yoast.com\/product\/yoast-seo-wordpress\/ -->\n<title>Kompressionsk\u00fchler Blizz-E Dual - Bantam Camping AG<\/title>\n<meta name=\"robots\" content=\"index, follow, max-snippet:-1, max-image-preview:large, max-video-preview:-1\" \/>\n<link rel=\"canonical\" href=\"https:\/\/shop.bantam.ch\/de\/produkt\/kompressionskuehler-blizz-e-dual\/\" \/>\n<meta property=\"og:locale\" content=\"de_DE\" \/>\n<meta property=\"og:type\" content=\"article\" \/>\n<meta property=\"og:title\" content=\"Kompressionsk\u00fchler Blizz-E Dual - Bantam Camping AG\" \/>\n<meta property=\"og:description\" content=\"Die ultimative Mehrfach-K\u00fchlbox. Die K\u00fchlbox BLIZZ-E DUAL ist speziell f\u00fcr anspruchsvolle Nutzer entwickelt, die gleichzeitig k\u00fchlen und gefrieren m\u00f6chten. Dank ihrer zwei unabh\u00e4ngigen Zonen, jeweils mit eigener T\u00fcr, k\u00f6nnen Sie die Temperatur jedes Fachs separat steuern \u2013 f\u00fcr maximale Flexibilit\u00e4t bei der Lagerung verschiedener Lebensmittel. So haben Sie stets optimale Kontrolle \u00fcber Ihre Vorr\u00e4te, selbst [&hellip;]\" \/>\n<meta property=\"og:url\" content=\"https:\/\/shop.bantam.ch\/de\/produkt\/kompressionskuehler-blizz-e-dual\/\" \/>\n<meta property=\"og:site_name\" content=\"Bantam Camping AG\" \/>\n<meta property=\"article:modified_time\" content=\"2026-04-19T00:11:25+00:00\" \/>\n<meta property=\"og:image\" content=\"https:\/\/shop.bantam.ch\/wp-content\/uploads\/2025\/08\/P974414-S3-300x267-1.jpg\" \/>\n\t<meta property=\"og:image:width\" content=\"300\" \/>\n\t<meta property=\"og:image:height\" content=\"267\" \/>\n\t<meta property=\"og:image:type\" content=\"image\/jpeg\" \/>\n<meta name=\"twitter:card\" content=\"summary_large_image\" \/>\n<meta name=\"twitter:label1\" content=\"Gesch\u00e4tzte Lesezeit\" \/>\n\t<meta name=\"twitter:data1\" content=\"1\u00a0Minute\" \/>\n<script type=\"application\/ld+json\" class=\"yoast-schema-graph\">{\"@context\":\"https:\\\/\\\/schema.org\",\"@graph\":[{\"@type\":\"WebPage\",\"@id\":\"https:\\\/\\\/shop.bantam.ch\\\/de\\\/produkt\\\/kompressionskuehler-blizz-e-dual\\\/\",\"url\":\"https:\\\/\\\/shop.bantam.ch\\\/de\\\/produkt\\\/kompressionskuehler-blizz-e-dual\\\/\",\"name\":\"Kompressionsk\u00fchler Blizz-E Dual - Bantam Camping AG\",\"isPartOf\":{\"@id\":\"https:\\\/\\\/shop.bantam.ch\\\/de\\\/#website\"},\"primaryImageOfPage\":{\"@id\":\"https:\\\/\\\/shop.bantam.ch\\\/de\\\/produkt\\\/kompressionskuehler-blizz-e-dual\\\/#primaryimage\"},\"image\":{\"@id\":\"https:\\\/\\\/shop.bantam.ch\\\/de\\\/produkt\\\/kompressionskuehler-blizz-e-dual\\\/#primaryimage\"},\"thumbnailUrl\":\"https:\\\/\\\/shop.bantam.ch\\\/wp-content\\\/uploads\\\/2025\\\/08\\\/P974414-S3-300x267-1.jpg\",\"datePublished\":\"2025-08-14T08:52:12+00:00\",\"dateModified\":\"2026-04-19T00:11:25+00:00\",\"breadcrumb\":{\"@id\":\"https:\\\/\\\/shop.bantam.ch\\\/de\\\/produkt\\\/kompressionskuehler-blizz-e-dual\\\/#breadcrumb\"},\"inLanguage\":\"de\",\"potentialAction\":[{\"@type\":\"ReadAction\",\"target\":[\"https:\\\/\\\/shop.bantam.ch\\\/de\\\/produkt\\\/kompressionskuehler-blizz-e-dual\\\/\"]}]},{\"@type\":\"ImageObject\",\"inLanguage\":\"de\",\"@id\":\"https:\\\/\\\/shop.bantam.ch\\\/de\\\/produkt\\\/kompressionskuehler-blizz-e-dual\\\/#primaryimage\",\"url\":\"https:\\\/\\\/shop.bantam.ch\\\/wp-content\\\/uploads\\\/2025\\\/08\\\/P974414-S3-300x267-1.jpg\",\"contentUrl\":\"https:\\\/\\\/shop.bantam.ch\\\/wp-content\\\/uploads\\\/2025\\\/08\\\/P974414-S3-300x267-1.jpg\",\"width\":300,\"height\":267},{\"@type\":\"BreadcrumbList\",\"@id\":\"https:\\\/\\\/shop.bantam.ch\\\/de\\\/produkt\\\/kompressionskuehler-blizz-e-dual\\\/#breadcrumb\",\"itemListElement\":[{\"@type\":\"ListItem\",\"position\":1,\"name\":\"Accueil\",\"item\":\"https:\\\/\\\/shop.bantam.ch\\\/de\\\/\"},{\"@type\":\"ListItem\",\"position\":2,\"name\":\"Shop\",\"item\":\"https:\\\/\\\/shop.bantam.ch\\\/de\\\/shop\\\/\"},{\"@type\":\"ListItem\",\"position\":3,\"name\":\"Kompressionsk\u00fchler Blizz-E Dual\"}]},{\"@type\":\"WebSite\",\"@id\":\"https:\\\/\\\/shop.bantam.ch\\\/de\\\/#website\",\"url\":\"https:\\\/\\\/shop.bantam.ch\\\/de\\\/\",\"name\":\"Bantam Camping AG\",\"description\":\"\",\"publisher\":{\"@id\":\"https:\\\/\\\/shop.bantam.ch\\\/de\\\/#organization\"},\"inLanguage\":\"de\"},{\"@type\":\"Organization\",\"@id\":\"https:\\\/\\\/shop.bantam.ch\\\/de\\\/#organization\",\"name\":\"Bantam Camping AG\",\"url\":\"https:\\\/\\\/shop.bantam.ch\\\/de\\\/\",\"logo\":{\"@type\":\"ImageObject\",\"inLanguage\":\"de\",\"@id\":\"https:\\\/\\\/shop.bantam.ch\\\/de\\\/#\\\/schema\\\/logo\\\/image\\\/\",\"url\":\"https:\\\/\\\/shop.bantam.ch\\\/wp-content\\\/uploads\\\/2022\\\/12\\\/bantam-logo.png\",\"contentUrl\":\"https:\\\/\\\/shop.bantam.ch\\\/wp-content\\\/uploads\\\/2022\\\/12\\\/bantam-logo.png\",\"width\":320,\"height\":71,\"caption\":\"Bantam Camping AG\"},\"image\":{\"@id\":\"https:\\\/\\\/shop.bantam.ch\\\/de\\\/#\\\/schema\\\/logo\\\/image\\\/\"}}]}<\/script>\n<!-- \/ Yoast SEO plugin. -->","yoast_head_json":{"title":"Kompressionsk\u00fchler Blizz-E Dual - Bantam Camping AG","robots":{"index":"index","follow":"follow","max-snippet":"max-snippet:-1","max-image-preview":"max-image-preview:large","max-video-preview":"max-video-preview:-1"},"canonical":"https:\/\/shop.bantam.ch\/de\/produkt\/kompressionskuehler-blizz-e-dual\/","og_locale":"de_DE","og_type":"article","og_title":"Kompressionsk\u00fchler Blizz-E Dual - Bantam Camping AG","og_description":"Die ultimative Mehrfach-K\u00fchlbox. Die K\u00fchlbox BLIZZ-E DUAL ist speziell f\u00fcr anspruchsvolle Nutzer entwickelt, die gleichzeitig k\u00fchlen und gefrieren m\u00f6chten. Dank ihrer zwei unabh\u00e4ngigen Zonen, jeweils mit eigener T\u00fcr, k\u00f6nnen Sie die Temperatur jedes Fachs separat steuern \u2013 f\u00fcr maximale Flexibilit\u00e4t bei der Lagerung verschiedener Lebensmittel. So haben Sie stets optimale Kontrolle \u00fcber Ihre Vorr\u00e4te, selbst [&hellip;]","og_url":"https:\/\/shop.bantam.ch\/de\/produkt\/kompressionskuehler-blizz-e-dual\/","og_site_name":"Bantam Camping AG","article_modified_time":"2026-04-19T00:11:25+00:00","og_image":[{"width":300,"height":267,"url":"https:\/\/shop.bantam.ch\/wp-content\/uploads\/2025\/08\/P974414-S3-300x267-1.jpg","type":"image\/jpeg"}],"twitter_card":"summary_large_image","twitter_misc":{"Gesch\u00e4tzte Lesezeit":"1\u00a0Minute"},"schema":{"@context":"https:\/\/schema.org","@graph":[{"@type":"WebPage","@id":"https:\/\/shop.bantam.ch\/de\/produkt\/kompressionskuehler-blizz-e-dual\/","url":"https:\/\/shop.bantam.ch\/de\/produkt\/kompressionskuehler-blizz-e-dual\/","name":"Kompressionsk\u00fchler Blizz-E Dual - Bantam Camping AG","isPartOf":{"@id":"https:\/\/shop.bantam.ch\/de\/#website"},"primaryImageOfPage":{"@id":"https:\/\/shop.bantam.ch\/de\/produkt\/kompressionskuehler-blizz-e-dual\/#primaryimage"},"image":{"@id":"https:\/\/shop.bantam.ch\/de\/produkt\/kompressionskuehler-blizz-e-dual\/#primaryimage"},"thumbnailUrl":"https:\/\/shop.bantam.ch\/wp-content\/uploads\/2025\/08\/P974414-S3-300x267-1.jpg","datePublished":"2025-08-14T08:52:12+00:00","dateModified":"2026-04-19T00:11:25+00:00","breadcrumb":{"@id":"https:\/\/shop.bantam.ch\/de\/produkt\/kompressionskuehler-blizz-e-dual\/#breadcrumb"},"inLanguage":"de","potentialAction":[{"@type":"ReadAction","target":["https:\/\/shop.bantam.ch\/de\/produkt\/kompressionskuehler-blizz-e-dual\/"]}]},{"@type":"ImageObject","inLanguage":"de","@id":"https:\/\/shop.bantam.ch\/de\/produkt\/kompressionskuehler-blizz-e-dual\/#primaryimage","url":"https:\/\/shop.bantam.ch\/wp-content\/uploads\/2025\/08\/P974414-S3-300x267-1.jpg","contentUrl":"https:\/\/shop.bantam.ch\/wp-content\/uploads\/2025\/08\/P974414-S3-300x267-1.jpg","width":300,"height":267},{"@type":"BreadcrumbList","@id":"https:\/\/shop.bantam.ch\/de\/produkt\/kompressionskuehler-blizz-e-dual\/#breadcrumb","itemListElement":[{"@type":"ListItem","position":1,"name":"Accueil","item":"https:\/\/shop.bantam.ch\/de\/"},{"@type":"ListItem","position":2,"name":"Shop","item":"https:\/\/shop.bantam.ch\/de\/shop\/"},{"@type":"ListItem","position":3,"name":"Kompressionsk\u00fchler Blizz-E Dual"}]},{"@type":"WebSite","@id":"https:\/\/shop.bantam.ch\/de\/#website","url":"https:\/\/shop.bantam.ch\/de\/","name":"Bantam Camping AG","description":"","publisher":{"@id":"https:\/\/shop.bantam.ch\/de\/#organization"},"inLanguage":"de"},{"@type":"Organization","@id":"https:\/\/shop.bantam.ch\/de\/#organization","name":"Bantam Camping AG","url":"https:\/\/shop.bantam.ch\/de\/","logo":{"@type":"ImageObject","inLanguage":"de","@id":"https:\/\/shop.bantam.ch\/de\/#\/schema\/logo\/image\/","url":"https:\/\/shop.bantam.ch\/wp-content\/uploads\/2022\/12\/bantam-logo.png","contentUrl":"https:\/\/shop.bantam.ch\/wp-content\/uploads\/2022\/12\/bantam-logo.png","width":320,"height":71,"caption":"Bantam Camping AG"},"image":{"@id":"https:\/\/shop.bantam.ch\/de\/#\/schema\/logo\/image\/"}}]}},"_links":{"self":[{"href":"https:\/\/shop.bantam.ch\/de\/wp-json\/wp\/v2\/product\/221268","targetHints":{"allow":["GET"]}}],"collection":[{"href":"https:\/\/shop.bantam.ch\/de\/wp-json\/wp\/v2\/product"}],"about":[{"href":"https:\/\/shop.bantam.ch\/de\/wp-json\/wp\/v2\/types\/product"}],"wp:featuredmedia":[{"embeddable":true,"href":"https:\/\/shop.bantam.ch\/de\/wp-json\/wp\/v2\/media\/221291"}],"wp:attachment":[{"href":"https:\/\/shop.bantam.ch\/de\/wp-json\/wp\/v2\/media?parent=221268"}],"wp:term":[{"taxonomy":"product_featured_cat","embeddable":true,"href":"https:\/\/shop.bantam.ch\/de\/wp-json\/wp\/v2\/product_featured_cat?post=221268"},{"taxonomy":"product_brand","embeddable":true,"href":"https:\/\/shop.bantam.ch\/de\/wp-json\/wp\/v2\/product_brand?post=221268"},{"taxonomy":"product_cat","embeddable":true,"href":"https:\/\/shop.bantam.ch\/de\/wp-json\/wp\/v2\/product_cat?post=221268"},{"taxonomy":"product_tag","embeddable":true,"href":"https:\/\/shop.bantam.ch\/de\/wp-json\/wp\/v2\/product_tag?post=221268"}],"curies":[{"name":"wp","href":"https:\/\/api.w.org\/{rel}","templated":true}]}}