{"id":221260,"date":"2025-08-14T10:45:34","date_gmt":"2025-08-14T08:45:34","guid":{"rendered":"https:\/\/shop.bantam.ch\/produit\/blizz-e-one-kompressionskuehler\/"},"modified":"2026-04-20T02:20:22","modified_gmt":"2026-04-20T00:20:22","slug":"blizz-e-one-kompressionskuehler","status":"publish","type":"product","link":"https:\/\/shop.bantam.ch\/de\/produkt\/blizz-e-one-kompressionskuehler\/","title":{"rendered":"Blizz-E One Kompressionsk\u00fchler"},"content":{"rendered":"<p>Ein unverzichtbarer Begleiter f\u00fcr Ihre Reisen. Die K\u00fchlbox BLIZZ-E ONE ist f\u00fcr Reisende konzipiert, die Einfachheit und Effizienz sch\u00e4tzen. Diese Kompressionsk\u00fchlbox, ausgestattet mit modernster Technologie, sorgt f\u00fcr eine stabile Temperatur, unabh\u00e4ngig von den \u00e4u\u00dferen Bedingungen. Dank des Betriebs mit 12V oder 220V (optional) kann sie in allen Freizeitfahrzeugen, unter einem Zelt, am Strand oder sogar im Garten genutzt werden. Mit einem einstellbaren Temperaturbereich von -20\u202f\u00b0C bis +20\u202f\u00b0C k\u00fchlt sie nicht nur, sondern kann Lebensmittel auch gefrieren, wodurch deren Frische w\u00e4hrend der gesamten Reise gew\u00e4hrleistet ist. Die K\u00fchlbox ist in mehreren Gr\u00f6\u00dfen erh\u00e4ltlich, um allen Bed\u00fcrfnissen gerecht zu werden: 9, 11, 26,8 und 35,3 Liter. So passt die BLIZZ-E ONE sowohl zu Wochenendausfl\u00fcgen beim Camping als auch zu l\u00e4ngeren Abenteuern unterwegs. Die gr\u00f6\u00dferen Modelle (26,8 und 35,3 Liter) verf\u00fcgen \u00fcber einen integrierten Ablassstopfen f\u00fcr einfaches Reinigen sowie \u00fcber eine Innenbeleuchtung, die den Zugriff auch nachts erleichtert. Ein Metalltrenner in den gr\u00f6\u00dferen Modellen erm\u00f6glicht eine bessere Organisation der Vorr\u00e4te. Leistung und Praktikabilit\u00e4t vereint: Dank der zwei Betriebsmodi \u2013 \u201eFast Mode\u201c und \u201eEco Mode\u201c \u2013 k\u00f6nnen Sie zwischen maximaler Leistung zum schnellen K\u00fchlen oder energiesparendem Betrieb f\u00fcr l\u00e4ngere Nutzung w\u00e4hlen. Das intuitive LED-Display erleichtert die Temperaturkontrolle und sorgt f\u00fcr eine pr\u00e4zise und m\u00fchelose Handhabung.<\/p>\n","protected":false},"excerpt":{"rendered":"<p>Ein unverzichtbarer Begleiter f\u00fcr Ihre Reisen. Die K\u00fchlbox BLIZZ-E ONE ist f\u00fcr Reisende konzipiert, die Einfachheit und Effizienz sch\u00e4tzen. Diese Kompressionsk\u00fchlbox, ausgestattet mit modernster Technologie, sorgt f\u00fcr eine stabile Temperatur, unabh\u00e4ngig von den \u00e4u\u00dferen Bedingungen. Dank des Betriebs mit 12V oder 220V (optional) kann sie in allen Freizeitfahrzeugen, unter einem Zelt, am Strand oder sogar [&hellip;]<\/p>\n","protected":false},"featured_media":221283,"template":"","meta":{"_acf_changed":false},"product_featured_cat":[],"product_brand":[3677],"product_cat":[4546],"product_tag":[],"class_list":{"0":"post-221260","1":"product","2":"type-product","3":"status-publish","4":"has-post-thumbnail","6":"product_brand-eza-de","7":"product_cat-kompressor-kuehlboxen-kuehlboxen","9":"first","10":"instock","11":"taxable","12":"shipping-taxable","13":"purchasable","14":"product-type-variable"},"acf":[],"yoast_head":"<!-- This site is optimized with the Yoast SEO plugin v27.4 - https:\/\/yoast.com\/product\/yoast-seo-wordpress\/ -->\n<title>Blizz-E One Kompressionsk\u00fchler - Bantam Camping AG<\/title>\n<meta name=\"robots\" content=\"index, follow, max-snippet:-1, max-image-preview:large, max-video-preview:-1\" \/>\n<link rel=\"canonical\" href=\"https:\/\/shop.bantam.ch\/de\/produkt\/blizz-e-one-kompressionskuehler\/\" \/>\n<meta property=\"og:locale\" content=\"de_DE\" \/>\n<meta property=\"og:type\" content=\"article\" \/>\n<meta property=\"og:title\" content=\"Blizz-E One Kompressionsk\u00fchler - Bantam Camping AG\" \/>\n<meta property=\"og:description\" content=\"Ein unverzichtbarer Begleiter f\u00fcr Ihre Reisen. Die K\u00fchlbox BLIZZ-E ONE ist f\u00fcr Reisende konzipiert, die Einfachheit und Effizienz sch\u00e4tzen. Diese Kompressionsk\u00fchlbox, ausgestattet mit modernster Technologie, sorgt f\u00fcr eine stabile Temperatur, unabh\u00e4ngig von den \u00e4u\u00dferen Bedingungen. Dank des Betriebs mit 12V oder 220V (optional) kann sie in allen Freizeitfahrzeugen, unter einem Zelt, am Strand oder sogar [&hellip;]\" \/>\n<meta property=\"og:url\" content=\"https:\/\/shop.bantam.ch\/de\/produkt\/blizz-e-one-kompressionskuehler\/\" \/>\n<meta property=\"og:site_name\" content=\"Bantam Camping AG\" \/>\n<meta property=\"article:modified_time\" content=\"2026-04-20T00:20:22+00:00\" \/>\n<meta property=\"og:image\" content=\"https:\/\/shop.bantam.ch\/wp-content\/uploads\/2025\/08\/522500-PA-300x239-1.jpg\" \/>\n\t<meta property=\"og:image:width\" content=\"300\" \/>\n\t<meta property=\"og:image:height\" content=\"239\" \/>\n\t<meta property=\"og:image:type\" content=\"image\/jpeg\" \/>\n<meta name=\"twitter:card\" content=\"summary_large_image\" \/>\n<meta name=\"twitter:label1\" content=\"Gesch\u00e4tzte Lesezeit\" \/>\n\t<meta name=\"twitter:data1\" content=\"1\u00a0Minute\" \/>\n<script type=\"application\/ld+json\" class=\"yoast-schema-graph\">{\"@context\":\"https:\\\/\\\/schema.org\",\"@graph\":[{\"@type\":\"WebPage\",\"@id\":\"https:\\\/\\\/shop.bantam.ch\\\/de\\\/produkt\\\/blizz-e-one-kompressionskuehler\\\/\",\"url\":\"https:\\\/\\\/shop.bantam.ch\\\/de\\\/produkt\\\/blizz-e-one-kompressionskuehler\\\/\",\"name\":\"Blizz-E One Kompressionsk\u00fchler - Bantam Camping AG\",\"isPartOf\":{\"@id\":\"https:\\\/\\\/shop.bantam.ch\\\/de\\\/#website\"},\"primaryImageOfPage\":{\"@id\":\"https:\\\/\\\/shop.bantam.ch\\\/de\\\/produkt\\\/blizz-e-one-kompressionskuehler\\\/#primaryimage\"},\"image\":{\"@id\":\"https:\\\/\\\/shop.bantam.ch\\\/de\\\/produkt\\\/blizz-e-one-kompressionskuehler\\\/#primaryimage\"},\"thumbnailUrl\":\"https:\\\/\\\/shop.bantam.ch\\\/wp-content\\\/uploads\\\/2025\\\/08\\\/522500-PA-300x239-1.jpg\",\"datePublished\":\"2025-08-14T08:45:34+00:00\",\"dateModified\":\"2026-04-20T00:20:22+00:00\",\"breadcrumb\":{\"@id\":\"https:\\\/\\\/shop.bantam.ch\\\/de\\\/produkt\\\/blizz-e-one-kompressionskuehler\\\/#breadcrumb\"},\"inLanguage\":\"de\",\"potentialAction\":[{\"@type\":\"ReadAction\",\"target\":[\"https:\\\/\\\/shop.bantam.ch\\\/de\\\/produkt\\\/blizz-e-one-kompressionskuehler\\\/\"]}]},{\"@type\":\"ImageObject\",\"inLanguage\":\"de\",\"@id\":\"https:\\\/\\\/shop.bantam.ch\\\/de\\\/produkt\\\/blizz-e-one-kompressionskuehler\\\/#primaryimage\",\"url\":\"https:\\\/\\\/shop.bantam.ch\\\/wp-content\\\/uploads\\\/2025\\\/08\\\/522500-PA-300x239-1.jpg\",\"contentUrl\":\"https:\\\/\\\/shop.bantam.ch\\\/wp-content\\\/uploads\\\/2025\\\/08\\\/522500-PA-300x239-1.jpg\",\"width\":300,\"height\":239},{\"@type\":\"BreadcrumbList\",\"@id\":\"https:\\\/\\\/shop.bantam.ch\\\/de\\\/produkt\\\/blizz-e-one-kompressionskuehler\\\/#breadcrumb\",\"itemListElement\":[{\"@type\":\"ListItem\",\"position\":1,\"name\":\"Accueil\",\"item\":\"https:\\\/\\\/shop.bantam.ch\\\/de\\\/\"},{\"@type\":\"ListItem\",\"position\":2,\"name\":\"Shop\",\"item\":\"https:\\\/\\\/shop.bantam.ch\\\/de\\\/shop\\\/\"},{\"@type\":\"ListItem\",\"position\":3,\"name\":\"Blizz-E One Kompressionsk\u00fchler\"}]},{\"@type\":\"WebSite\",\"@id\":\"https:\\\/\\\/shop.bantam.ch\\\/de\\\/#website\",\"url\":\"https:\\\/\\\/shop.bantam.ch\\\/de\\\/\",\"name\":\"Bantam Camping AG\",\"description\":\"\",\"publisher\":{\"@id\":\"https:\\\/\\\/shop.bantam.ch\\\/de\\\/#organization\"},\"inLanguage\":\"de\"},{\"@type\":\"Organization\",\"@id\":\"https:\\\/\\\/shop.bantam.ch\\\/de\\\/#organization\",\"name\":\"Bantam Camping AG\",\"url\":\"https:\\\/\\\/shop.bantam.ch\\\/de\\\/\",\"logo\":{\"@type\":\"ImageObject\",\"inLanguage\":\"de\",\"@id\":\"https:\\\/\\\/shop.bantam.ch\\\/de\\\/#\\\/schema\\\/logo\\\/image\\\/\",\"url\":\"https:\\\/\\\/shop.bantam.ch\\\/wp-content\\\/uploads\\\/2022\\\/12\\\/bantam-logo.png\",\"contentUrl\":\"https:\\\/\\\/shop.bantam.ch\\\/wp-content\\\/uploads\\\/2022\\\/12\\\/bantam-logo.png\",\"width\":320,\"height\":71,\"caption\":\"Bantam Camping AG\"},\"image\":{\"@id\":\"https:\\\/\\\/shop.bantam.ch\\\/de\\\/#\\\/schema\\\/logo\\\/image\\\/\"}}]}<\/script>\n<!-- \/ Yoast SEO plugin. -->","yoast_head_json":{"title":"Blizz-E One Kompressionsk\u00fchler - Bantam Camping AG","robots":{"index":"index","follow":"follow","max-snippet":"max-snippet:-1","max-image-preview":"max-image-preview:large","max-video-preview":"max-video-preview:-1"},"canonical":"https:\/\/shop.bantam.ch\/de\/produkt\/blizz-e-one-kompressionskuehler\/","og_locale":"de_DE","og_type":"article","og_title":"Blizz-E One Kompressionsk\u00fchler - Bantam Camping AG","og_description":"Ein unverzichtbarer Begleiter f\u00fcr Ihre Reisen. Die K\u00fchlbox BLIZZ-E ONE ist f\u00fcr Reisende konzipiert, die Einfachheit und Effizienz sch\u00e4tzen. Diese Kompressionsk\u00fchlbox, ausgestattet mit modernster Technologie, sorgt f\u00fcr eine stabile Temperatur, unabh\u00e4ngig von den \u00e4u\u00dferen Bedingungen. Dank des Betriebs mit 12V oder 220V (optional) kann sie in allen Freizeitfahrzeugen, unter einem Zelt, am Strand oder sogar [&hellip;]","og_url":"https:\/\/shop.bantam.ch\/de\/produkt\/blizz-e-one-kompressionskuehler\/","og_site_name":"Bantam Camping AG","article_modified_time":"2026-04-20T00:20:22+00:00","og_image":[{"width":300,"height":239,"url":"https:\/\/shop.bantam.ch\/wp-content\/uploads\/2025\/08\/522500-PA-300x239-1.jpg","type":"image\/jpeg"}],"twitter_card":"summary_large_image","twitter_misc":{"Gesch\u00e4tzte Lesezeit":"1\u00a0Minute"},"schema":{"@context":"https:\/\/schema.org","@graph":[{"@type":"WebPage","@id":"https:\/\/shop.bantam.ch\/de\/produkt\/blizz-e-one-kompressionskuehler\/","url":"https:\/\/shop.bantam.ch\/de\/produkt\/blizz-e-one-kompressionskuehler\/","name":"Blizz-E One Kompressionsk\u00fchler - Bantam Camping AG","isPartOf":{"@id":"https:\/\/shop.bantam.ch\/de\/#website"},"primaryImageOfPage":{"@id":"https:\/\/shop.bantam.ch\/de\/produkt\/blizz-e-one-kompressionskuehler\/#primaryimage"},"image":{"@id":"https:\/\/shop.bantam.ch\/de\/produkt\/blizz-e-one-kompressionskuehler\/#primaryimage"},"thumbnailUrl":"https:\/\/shop.bantam.ch\/wp-content\/uploads\/2025\/08\/522500-PA-300x239-1.jpg","datePublished":"2025-08-14T08:45:34+00:00","dateModified":"2026-04-20T00:20:22+00:00","breadcrumb":{"@id":"https:\/\/shop.bantam.ch\/de\/produkt\/blizz-e-one-kompressionskuehler\/#breadcrumb"},"inLanguage":"de","potentialAction":[{"@type":"ReadAction","target":["https:\/\/shop.bantam.ch\/de\/produkt\/blizz-e-one-kompressionskuehler\/"]}]},{"@type":"ImageObject","inLanguage":"de","@id":"https:\/\/shop.bantam.ch\/de\/produkt\/blizz-e-one-kompressionskuehler\/#primaryimage","url":"https:\/\/shop.bantam.ch\/wp-content\/uploads\/2025\/08\/522500-PA-300x239-1.jpg","contentUrl":"https:\/\/shop.bantam.ch\/wp-content\/uploads\/2025\/08\/522500-PA-300x239-1.jpg","width":300,"height":239},{"@type":"BreadcrumbList","@id":"https:\/\/shop.bantam.ch\/de\/produkt\/blizz-e-one-kompressionskuehler\/#breadcrumb","itemListElement":[{"@type":"ListItem","position":1,"name":"Accueil","item":"https:\/\/shop.bantam.ch\/de\/"},{"@type":"ListItem","position":2,"name":"Shop","item":"https:\/\/shop.bantam.ch\/de\/shop\/"},{"@type":"ListItem","position":3,"name":"Blizz-E One Kompressionsk\u00fchler"}]},{"@type":"WebSite","@id":"https:\/\/shop.bantam.ch\/de\/#website","url":"https:\/\/shop.bantam.ch\/de\/","name":"Bantam Camping AG","description":"","publisher":{"@id":"https:\/\/shop.bantam.ch\/de\/#organization"},"inLanguage":"de"},{"@type":"Organization","@id":"https:\/\/shop.bantam.ch\/de\/#organization","name":"Bantam Camping AG","url":"https:\/\/shop.bantam.ch\/de\/","logo":{"@type":"ImageObject","inLanguage":"de","@id":"https:\/\/shop.bantam.ch\/de\/#\/schema\/logo\/image\/","url":"https:\/\/shop.bantam.ch\/wp-content\/uploads\/2022\/12\/bantam-logo.png","contentUrl":"https:\/\/shop.bantam.ch\/wp-content\/uploads\/2022\/12\/bantam-logo.png","width":320,"height":71,"caption":"Bantam Camping AG"},"image":{"@id":"https:\/\/shop.bantam.ch\/de\/#\/schema\/logo\/image\/"}}]}},"_links":{"self":[{"href":"https:\/\/shop.bantam.ch\/de\/wp-json\/wp\/v2\/product\/221260","targetHints":{"allow":["GET"]}}],"collection":[{"href":"https:\/\/shop.bantam.ch\/de\/wp-json\/wp\/v2\/product"}],"about":[{"href":"https:\/\/shop.bantam.ch\/de\/wp-json\/wp\/v2\/types\/product"}],"wp:featuredmedia":[{"embeddable":true,"href":"https:\/\/shop.bantam.ch\/de\/wp-json\/wp\/v2\/media\/221283"}],"wp:attachment":[{"href":"https:\/\/shop.bantam.ch\/de\/wp-json\/wp\/v2\/media?parent=221260"}],"wp:term":[{"taxonomy":"product_featured_cat","embeddable":true,"href":"https:\/\/shop.bantam.ch\/de\/wp-json\/wp\/v2\/product_featured_cat?post=221260"},{"taxonomy":"product_brand","embeddable":true,"href":"https:\/\/shop.bantam.ch\/de\/wp-json\/wp\/v2\/product_brand?post=221260"},{"taxonomy":"product_cat","embeddable":true,"href":"https:\/\/shop.bantam.ch\/de\/wp-json\/wp\/v2\/product_cat?post=221260"},{"taxonomy":"product_tag","embeddable":true,"href":"https:\/\/shop.bantam.ch\/de\/wp-json\/wp\/v2\/product_tag?post=221260"}],"curies":[{"name":"wp","href":"https:\/\/api.w.org\/{rel}","templated":true}]}}