{"id":221251,"date":"2025-08-14T10:24:39","date_gmt":"2025-08-14T08:24:39","guid":{"rendered":"https:\/\/shop.bantam.ch\/produit\/classic-fahrrad-20p-dunkelgrau\/"},"modified":"2026-05-10T23:32:49","modified_gmt":"2026-05-10T21:32:49","slug":"classic-fahrrad-20p-dunkelgrau","status":"publish","type":"product","link":"https:\/\/shop.bantam.ch\/de\/produkt\/classic-fahrrad-20p-dunkelgrau\/","title":{"rendered":"Classic-Fahrrad 20P Dunkelgrau"},"content":{"rendered":"<p>Kompaktes Elektrofahrrad 20 Zoll Anthrazit Classic. 20-Zoll-R\u00e4der f\u00fcr einfache Handhabung und maximale Sicherheit.<br \/>\nFaltbarer Aluminiumrahmen, leicht und rostfrei. Komfortable gefederte Vorderradgabel. Geeignet f\u00fcr alle K\u00f6rpergr\u00f6\u00dfen dank h\u00f6henverstellbarem Sattel und Vorbau. Schnelles und einfaches Zusammenklappen. Aluminium-Faltrahmen, 20-Zoll-R\u00e4der. Hervorragendes Preis-Leistungs-Verh\u00e4ltnis. Gro\u00dfe R\u00e4der f\u00fcr mehr Komfort. 5 Unterst\u00fctzungsstufen.<\/p>\n","protected":false},"excerpt":{"rendered":"<p>Kompaktes Elektrofahrrad 20 Zoll Anthrazit Classic. 20-Zoll-R\u00e4der f\u00fcr einfache Handhabung und maximale Sicherheit. Faltbarer Aluminiumrahmen, leicht und rostfrei. Komfortable gefederte Vorderradgabel. Geeignet f\u00fcr alle K\u00f6rpergr\u00f6\u00dfen dank h\u00f6henverstellbarem Sattel und Vorbau. Schnelles und einfaches Zusammenklappen. Aluminium-Faltrahmen, 20-Zoll-R\u00e4der. Hervorragendes Preis-Leistungs-Verh\u00e4ltnis. Gro\u00dfe R\u00e4der f\u00fcr mehr Komfort. 5 Unterst\u00fctzungsstufen.<\/p>\n","protected":false},"featured_media":221253,"template":"","meta":{"_acf_changed":false},"product_featured_cat":[5300],"product_brand":[5316],"product_cat":[5128],"product_tag":[],"class_list":{"0":"post-221251","1":"product","2":"type-product","3":"status-publish","4":"has-post-thumbnail","6":"product_featured_cat-prix-bantam-etagniers-de","7":"product_brand-e-scape-de","8":"product_cat-e-scooter","10":"first","11":"instock","12":"sale","13":"taxable","14":"shipping-taxable","15":"purchasable","16":"product-type-simple"},"acf":[],"yoast_head":"<!-- This site is optimized with the Yoast SEO plugin v27.5 - https:\/\/yoast.com\/product\/yoast-seo-wordpress\/ -->\n<title>Classic-Fahrrad 20P Dunkelgrau - Bantam<\/title>\n<meta name=\"robots\" content=\"index, follow, max-snippet:-1, max-image-preview:large, max-video-preview:-1\" \/>\n<link rel=\"canonical\" href=\"https:\/\/shop.bantam.ch\/de\/produkt\/classic-fahrrad-20p-dunkelgrau\/\" \/>\n<meta property=\"og:locale\" content=\"de_DE\" \/>\n<meta property=\"og:type\" content=\"article\" \/>\n<meta property=\"og:title\" content=\"Classic-Fahrrad 20P Dunkelgrau - Bantam\" \/>\n<meta property=\"og:description\" content=\"Kompaktes Elektrofahrrad 20 Zoll Anthrazit Classic. 20-Zoll-R\u00e4der f\u00fcr einfache Handhabung und maximale Sicherheit. Faltbarer Aluminiumrahmen, leicht und rostfrei. Komfortable gefederte Vorderradgabel. Geeignet f\u00fcr alle K\u00f6rpergr\u00f6\u00dfen dank h\u00f6henverstellbarem Sattel und Vorbau. Schnelles und einfaches Zusammenklappen. Aluminium-Faltrahmen, 20-Zoll-R\u00e4der. Hervorragendes Preis-Leistungs-Verh\u00e4ltnis. Gro\u00dfe R\u00e4der f\u00fcr mehr Komfort. 5 Unterst\u00fctzungsstufen.\" \/>\n<meta property=\"og:url\" content=\"https:\/\/shop.bantam.ch\/de\/produkt\/classic-fahrrad-20p-dunkelgrau\/\" \/>\n<meta property=\"og:site_name\" content=\"Bantam\" \/>\n<meta property=\"article:modified_time\" content=\"2026-05-10T21:32:49+00:00\" \/>\n<meta property=\"og:image\" content=\"https:\/\/shop.bantam.ch\/wp-content\/uploads\/2025\/08\/c_velos-a-assistance-electrique.jpg\" \/>\n\t<meta property=\"og:image:width\" content=\"350\" \/>\n\t<meta property=\"og:image:height\" content=\"350\" \/>\n\t<meta property=\"og:image:type\" content=\"image\/jpeg\" \/>\n<meta name=\"twitter:card\" content=\"summary_large_image\" \/>\n<script type=\"application\/ld+json\" class=\"yoast-schema-graph\">{\"@context\":\"https:\\\/\\\/schema.org\",\"@graph\":[{\"@type\":\"WebPage\",\"@id\":\"https:\\\/\\\/shop.bantam.ch\\\/de\\\/produkt\\\/classic-fahrrad-20p-dunkelgrau\\\/\",\"url\":\"https:\\\/\\\/shop.bantam.ch\\\/de\\\/produkt\\\/classic-fahrrad-20p-dunkelgrau\\\/\",\"name\":\"Classic-Fahrrad 20P Dunkelgrau - Bantam\",\"isPartOf\":{\"@id\":\"https:\\\/\\\/shop.bantam.ch\\\/de\\\/#website\"},\"primaryImageOfPage\":{\"@id\":\"https:\\\/\\\/shop.bantam.ch\\\/de\\\/produkt\\\/classic-fahrrad-20p-dunkelgrau\\\/#primaryimage\"},\"image\":{\"@id\":\"https:\\\/\\\/shop.bantam.ch\\\/de\\\/produkt\\\/classic-fahrrad-20p-dunkelgrau\\\/#primaryimage\"},\"thumbnailUrl\":\"https:\\\/\\\/shop.bantam.ch\\\/wp-content\\\/uploads\\\/2025\\\/08\\\/c_velos-a-assistance-electrique.jpg\",\"datePublished\":\"2025-08-14T08:24:39+00:00\",\"dateModified\":\"2026-05-10T21:32:49+00:00\",\"breadcrumb\":{\"@id\":\"https:\\\/\\\/shop.bantam.ch\\\/de\\\/produkt\\\/classic-fahrrad-20p-dunkelgrau\\\/#breadcrumb\"},\"inLanguage\":\"de\",\"potentialAction\":[{\"@type\":\"ReadAction\",\"target\":[\"https:\\\/\\\/shop.bantam.ch\\\/de\\\/produkt\\\/classic-fahrrad-20p-dunkelgrau\\\/\"]}]},{\"@type\":\"ImageObject\",\"inLanguage\":\"de\",\"@id\":\"https:\\\/\\\/shop.bantam.ch\\\/de\\\/produkt\\\/classic-fahrrad-20p-dunkelgrau\\\/#primaryimage\",\"url\":\"https:\\\/\\\/shop.bantam.ch\\\/wp-content\\\/uploads\\\/2025\\\/08\\\/c_velos-a-assistance-electrique.jpg\",\"contentUrl\":\"https:\\\/\\\/shop.bantam.ch\\\/wp-content\\\/uploads\\\/2025\\\/08\\\/c_velos-a-assistance-electrique.jpg\",\"width\":350,\"height\":350},{\"@type\":\"BreadcrumbList\",\"@id\":\"https:\\\/\\\/shop.bantam.ch\\\/de\\\/produkt\\\/classic-fahrrad-20p-dunkelgrau\\\/#breadcrumb\",\"itemListElement\":[{\"@type\":\"ListItem\",\"position\":1,\"name\":\"Accueil\",\"item\":\"https:\\\/\\\/shop.bantam.ch\\\/de\\\/\"},{\"@type\":\"ListItem\",\"position\":2,\"name\":\"Shop\",\"item\":\"https:\\\/\\\/shop.bantam.ch\\\/de\\\/shop\\\/\"},{\"@type\":\"ListItem\",\"position\":3,\"name\":\"Classic-Fahrrad 20P Dunkelgrau\"}]},{\"@type\":\"WebSite\",\"@id\":\"https:\\\/\\\/shop.bantam.ch\\\/de\\\/#website\",\"url\":\"https:\\\/\\\/shop.bantam.ch\\\/de\\\/\",\"name\":\"Bantam\",\"description\":\"\",\"publisher\":{\"@id\":\"https:\\\/\\\/shop.bantam.ch\\\/de\\\/#organization\"},\"inLanguage\":\"de\"},{\"@type\":\"Organization\",\"@id\":\"https:\\\/\\\/shop.bantam.ch\\\/de\\\/#organization\",\"name\":\"Bantam\",\"url\":\"https:\\\/\\\/shop.bantam.ch\\\/de\\\/\",\"logo\":{\"@type\":\"ImageObject\",\"inLanguage\":\"de\",\"@id\":\"https:\\\/\\\/shop.bantam.ch\\\/de\\\/#\\\/schema\\\/logo\\\/image\\\/\",\"url\":\"https:\\\/\\\/shop.bantam.ch\\\/wp-content\\\/uploads\\\/2022\\\/12\\\/bantam-logo.png\",\"contentUrl\":\"https:\\\/\\\/shop.bantam.ch\\\/wp-content\\\/uploads\\\/2022\\\/12\\\/bantam-logo.png\",\"width\":320,\"height\":71,\"caption\":\"Bantam\"},\"image\":{\"@id\":\"https:\\\/\\\/shop.bantam.ch\\\/de\\\/#\\\/schema\\\/logo\\\/image\\\/\"}}]}<\/script>\n<!-- \/ Yoast SEO plugin. -->","yoast_head_json":{"title":"Classic-Fahrrad 20P Dunkelgrau - Bantam","robots":{"index":"index","follow":"follow","max-snippet":"max-snippet:-1","max-image-preview":"max-image-preview:large","max-video-preview":"max-video-preview:-1"},"canonical":"https:\/\/shop.bantam.ch\/de\/produkt\/classic-fahrrad-20p-dunkelgrau\/","og_locale":"de_DE","og_type":"article","og_title":"Classic-Fahrrad 20P Dunkelgrau - Bantam","og_description":"Kompaktes Elektrofahrrad 20 Zoll Anthrazit Classic. 20-Zoll-R\u00e4der f\u00fcr einfache Handhabung und maximale Sicherheit. Faltbarer Aluminiumrahmen, leicht und rostfrei. Komfortable gefederte Vorderradgabel. Geeignet f\u00fcr alle K\u00f6rpergr\u00f6\u00dfen dank h\u00f6henverstellbarem Sattel und Vorbau. Schnelles und einfaches Zusammenklappen. Aluminium-Faltrahmen, 20-Zoll-R\u00e4der. Hervorragendes Preis-Leistungs-Verh\u00e4ltnis. Gro\u00dfe R\u00e4der f\u00fcr mehr Komfort. 5 Unterst\u00fctzungsstufen.","og_url":"https:\/\/shop.bantam.ch\/de\/produkt\/classic-fahrrad-20p-dunkelgrau\/","og_site_name":"Bantam","article_modified_time":"2026-05-10T21:32:49+00:00","og_image":[{"width":350,"height":350,"url":"https:\/\/shop.bantam.ch\/wp-content\/uploads\/2025\/08\/c_velos-a-assistance-electrique.jpg","type":"image\/jpeg"}],"twitter_card":"summary_large_image","schema":{"@context":"https:\/\/schema.org","@graph":[{"@type":"WebPage","@id":"https:\/\/shop.bantam.ch\/de\/produkt\/classic-fahrrad-20p-dunkelgrau\/","url":"https:\/\/shop.bantam.ch\/de\/produkt\/classic-fahrrad-20p-dunkelgrau\/","name":"Classic-Fahrrad 20P Dunkelgrau - Bantam","isPartOf":{"@id":"https:\/\/shop.bantam.ch\/de\/#website"},"primaryImageOfPage":{"@id":"https:\/\/shop.bantam.ch\/de\/produkt\/classic-fahrrad-20p-dunkelgrau\/#primaryimage"},"image":{"@id":"https:\/\/shop.bantam.ch\/de\/produkt\/classic-fahrrad-20p-dunkelgrau\/#primaryimage"},"thumbnailUrl":"https:\/\/shop.bantam.ch\/wp-content\/uploads\/2025\/08\/c_velos-a-assistance-electrique.jpg","datePublished":"2025-08-14T08:24:39+00:00","dateModified":"2026-05-10T21:32:49+00:00","breadcrumb":{"@id":"https:\/\/shop.bantam.ch\/de\/produkt\/classic-fahrrad-20p-dunkelgrau\/#breadcrumb"},"inLanguage":"de","potentialAction":[{"@type":"ReadAction","target":["https:\/\/shop.bantam.ch\/de\/produkt\/classic-fahrrad-20p-dunkelgrau\/"]}]},{"@type":"ImageObject","inLanguage":"de","@id":"https:\/\/shop.bantam.ch\/de\/produkt\/classic-fahrrad-20p-dunkelgrau\/#primaryimage","url":"https:\/\/shop.bantam.ch\/wp-content\/uploads\/2025\/08\/c_velos-a-assistance-electrique.jpg","contentUrl":"https:\/\/shop.bantam.ch\/wp-content\/uploads\/2025\/08\/c_velos-a-assistance-electrique.jpg","width":350,"height":350},{"@type":"BreadcrumbList","@id":"https:\/\/shop.bantam.ch\/de\/produkt\/classic-fahrrad-20p-dunkelgrau\/#breadcrumb","itemListElement":[{"@type":"ListItem","position":1,"name":"Accueil","item":"https:\/\/shop.bantam.ch\/de\/"},{"@type":"ListItem","position":2,"name":"Shop","item":"https:\/\/shop.bantam.ch\/de\/shop\/"},{"@type":"ListItem","position":3,"name":"Classic-Fahrrad 20P Dunkelgrau"}]},{"@type":"WebSite","@id":"https:\/\/shop.bantam.ch\/de\/#website","url":"https:\/\/shop.bantam.ch\/de\/","name":"Bantam","description":"","publisher":{"@id":"https:\/\/shop.bantam.ch\/de\/#organization"},"inLanguage":"de"},{"@type":"Organization","@id":"https:\/\/shop.bantam.ch\/de\/#organization","name":"Bantam","url":"https:\/\/shop.bantam.ch\/de\/","logo":{"@type":"ImageObject","inLanguage":"de","@id":"https:\/\/shop.bantam.ch\/de\/#\/schema\/logo\/image\/","url":"https:\/\/shop.bantam.ch\/wp-content\/uploads\/2022\/12\/bantam-logo.png","contentUrl":"https:\/\/shop.bantam.ch\/wp-content\/uploads\/2022\/12\/bantam-logo.png","width":320,"height":71,"caption":"Bantam"},"image":{"@id":"https:\/\/shop.bantam.ch\/de\/#\/schema\/logo\/image\/"}}]}},"_links":{"self":[{"href":"https:\/\/shop.bantam.ch\/de\/wp-json\/wp\/v2\/product\/221251","targetHints":{"allow":["GET"]}}],"collection":[{"href":"https:\/\/shop.bantam.ch\/de\/wp-json\/wp\/v2\/product"}],"about":[{"href":"https:\/\/shop.bantam.ch\/de\/wp-json\/wp\/v2\/types\/product"}],"wp:featuredmedia":[{"embeddable":true,"href":"https:\/\/shop.bantam.ch\/de\/wp-json\/wp\/v2\/media\/221253"}],"wp:attachment":[{"href":"https:\/\/shop.bantam.ch\/de\/wp-json\/wp\/v2\/media?parent=221251"}],"wp:term":[{"taxonomy":"product_featured_cat","embeddable":true,"href":"https:\/\/shop.bantam.ch\/de\/wp-json\/wp\/v2\/product_featured_cat?post=221251"},{"taxonomy":"product_brand","embeddable":true,"href":"https:\/\/shop.bantam.ch\/de\/wp-json\/wp\/v2\/product_brand?post=221251"},{"taxonomy":"product_cat","embeddable":true,"href":"https:\/\/shop.bantam.ch\/de\/wp-json\/wp\/v2\/product_cat?post=221251"},{"taxonomy":"product_tag","embeddable":true,"href":"https:\/\/shop.bantam.ch\/de\/wp-json\/wp\/v2\/product_tag?post=221251"}],"curies":[{"name":"wp","href":"https:\/\/api.w.org\/{rel}","templated":true}]}}