{"id":221246,"date":"2025-08-14T10:01:39","date_gmt":"2025-08-14T08:01:39","guid":{"rendered":"https:\/\/shop.bantam.ch\/produit\/reisefuehrer-portugal-petit-fute\/"},"modified":"2026-04-18T23:36:58","modified_gmt":"2026-04-18T21:36:58","slug":"reisefuehrer-portugal-petit-fute","status":"publish","type":"product","link":"https:\/\/shop.bantam.ch\/de\/produkt\/reisefuehrer-portugal-petit-fute\/","title":{"rendered":"Reisef\u00fchrer Portugal Petit Fut\u00e9"},"content":{"rendered":"<p>Am \u00e4u\u00dfersten Rand Europas h\u00e4lt dieses Land sein Versprechen einer echten Auszeit vom Alltag.<br \/>\nGepr\u00e4gt von seiner Geschichte, offenbart es Sch\u00e4tze, die man nur mit etwas Zeit und Neugier entdecken kann.<br \/>\nLissabon im S\u00fcden z\u00e4hlt zu den bezauberndsten Hauptst\u00e4dten Europas, und Porto im Norden zu den charakterst\u00e4rksten St\u00e4dten.<br \/>\nGeschichtsliebhaber kommen hier ebenso auf ihre Kosten wie Natur- und Traditionsfreunde.<br \/>\nWer einmal hier war, kehrt ver\u00e4ndert zur\u00fcck.<\/p>\n","protected":false},"excerpt":{"rendered":"<p>Am \u00e4u\u00dfersten Rand Europas h\u00e4lt dieses Land sein Versprechen einer echten Auszeit vom Alltag. Gepr\u00e4gt von seiner Geschichte, offenbart es Sch\u00e4tze, die man nur mit etwas Zeit und Neugier entdecken kann. Lissabon im S\u00fcden z\u00e4hlt zu den bezauberndsten Hauptst\u00e4dten Europas, und Porto im Norden zu den charakterst\u00e4rksten St\u00e4dten. Geschichtsliebhaber kommen hier ebenso auf ihre Kosten [&hellip;]<\/p>\n","protected":false},"featured_media":221248,"template":"","meta":{"_acf_changed":false},"product_featured_cat":[],"product_brand":[3741],"product_cat":[4352],"product_tag":[],"class_list":{"0":"post-221246","1":"product","2":"type-product","3":"status-publish","4":"has-post-thumbnail","6":"product_brand-bantam-de","7":"product_cat-reisefuehrer","9":"first","10":"instock","11":"taxable","12":"shipping-taxable","13":"purchasable","14":"product-type-simple"},"acf":[],"yoast_head":"<!-- This site is optimized with the Yoast SEO plugin v27.4 - https:\/\/yoast.com\/product\/yoast-seo-wordpress\/ -->\n<title>Reisef\u00fchrer Portugal Petit Fut\u00e9 - Bantam Camping AG<\/title>\n<meta name=\"robots\" content=\"index, follow, max-snippet:-1, max-image-preview:large, max-video-preview:-1\" \/>\n<link rel=\"canonical\" href=\"https:\/\/shop.bantam.ch\/de\/produkt\/reisefuehrer-portugal-petit-fute\/\" \/>\n<meta property=\"og:locale\" content=\"de_DE\" \/>\n<meta property=\"og:type\" content=\"article\" \/>\n<meta property=\"og:title\" content=\"Reisef\u00fchrer Portugal Petit Fut\u00e9 - Bantam Camping AG\" \/>\n<meta property=\"og:description\" content=\"Am \u00e4u\u00dfersten Rand Europas h\u00e4lt dieses Land sein Versprechen einer echten Auszeit vom Alltag. Gepr\u00e4gt von seiner Geschichte, offenbart es Sch\u00e4tze, die man nur mit etwas Zeit und Neugier entdecken kann. Lissabon im S\u00fcden z\u00e4hlt zu den bezauberndsten Hauptst\u00e4dten Europas, und Porto im Norden zu den charakterst\u00e4rksten St\u00e4dten. Geschichtsliebhaber kommen hier ebenso auf ihre Kosten [&hellip;]\" \/>\n<meta property=\"og:url\" content=\"https:\/\/shop.bantam.ch\/de\/produkt\/reisefuehrer-portugal-petit-fute\/\" \/>\n<meta property=\"og:site_name\" content=\"Bantam Camping AG\" \/>\n<meta property=\"article:modified_time\" content=\"2026-04-18T21:36:58+00:00\" \/>\n<meta property=\"og:image\" content=\"https:\/\/shop.bantam.ch\/wp-content\/uploads\/2025\/08\/PORTUGAL_2025.jpg\" \/>\n\t<meta property=\"og:image:width\" content=\"351\" \/>\n\t<meta property=\"og:image:height\" content=\"600\" \/>\n\t<meta property=\"og:image:type\" content=\"image\/jpeg\" \/>\n<meta name=\"twitter:card\" content=\"summary_large_image\" \/>\n<script type=\"application\/ld+json\" class=\"yoast-schema-graph\">{\"@context\":\"https:\\\/\\\/schema.org\",\"@graph\":[{\"@type\":\"WebPage\",\"@id\":\"https:\\\/\\\/shop.bantam.ch\\\/de\\\/produkt\\\/reisefuehrer-portugal-petit-fute\\\/\",\"url\":\"https:\\\/\\\/shop.bantam.ch\\\/de\\\/produkt\\\/reisefuehrer-portugal-petit-fute\\\/\",\"name\":\"Reisef\u00fchrer Portugal Petit Fut\u00e9 - Bantam Camping AG\",\"isPartOf\":{\"@id\":\"https:\\\/\\\/shop.bantam.ch\\\/de\\\/#website\"},\"primaryImageOfPage\":{\"@id\":\"https:\\\/\\\/shop.bantam.ch\\\/de\\\/produkt\\\/reisefuehrer-portugal-petit-fute\\\/#primaryimage\"},\"image\":{\"@id\":\"https:\\\/\\\/shop.bantam.ch\\\/de\\\/produkt\\\/reisefuehrer-portugal-petit-fute\\\/#primaryimage\"},\"thumbnailUrl\":\"https:\\\/\\\/shop.bantam.ch\\\/wp-content\\\/uploads\\\/2025\\\/08\\\/PORTUGAL_2025.jpg\",\"datePublished\":\"2025-08-14T08:01:39+00:00\",\"dateModified\":\"2026-04-18T21:36:58+00:00\",\"breadcrumb\":{\"@id\":\"https:\\\/\\\/shop.bantam.ch\\\/de\\\/produkt\\\/reisefuehrer-portugal-petit-fute\\\/#breadcrumb\"},\"inLanguage\":\"de\",\"potentialAction\":[{\"@type\":\"ReadAction\",\"target\":[\"https:\\\/\\\/shop.bantam.ch\\\/de\\\/produkt\\\/reisefuehrer-portugal-petit-fute\\\/\"]}]},{\"@type\":\"ImageObject\",\"inLanguage\":\"de\",\"@id\":\"https:\\\/\\\/shop.bantam.ch\\\/de\\\/produkt\\\/reisefuehrer-portugal-petit-fute\\\/#primaryimage\",\"url\":\"https:\\\/\\\/shop.bantam.ch\\\/wp-content\\\/uploads\\\/2025\\\/08\\\/PORTUGAL_2025.jpg\",\"contentUrl\":\"https:\\\/\\\/shop.bantam.ch\\\/wp-content\\\/uploads\\\/2025\\\/08\\\/PORTUGAL_2025.jpg\",\"width\":351,\"height\":600},{\"@type\":\"BreadcrumbList\",\"@id\":\"https:\\\/\\\/shop.bantam.ch\\\/de\\\/produkt\\\/reisefuehrer-portugal-petit-fute\\\/#breadcrumb\",\"itemListElement\":[{\"@type\":\"ListItem\",\"position\":1,\"name\":\"Accueil\",\"item\":\"https:\\\/\\\/shop.bantam.ch\\\/de\\\/\"},{\"@type\":\"ListItem\",\"position\":2,\"name\":\"Shop\",\"item\":\"https:\\\/\\\/shop.bantam.ch\\\/de\\\/shop\\\/\"},{\"@type\":\"ListItem\",\"position\":3,\"name\":\"Reisef\u00fchrer Portugal Petit Fut\u00e9\"}]},{\"@type\":\"WebSite\",\"@id\":\"https:\\\/\\\/shop.bantam.ch\\\/de\\\/#website\",\"url\":\"https:\\\/\\\/shop.bantam.ch\\\/de\\\/\",\"name\":\"Bantam Camping AG\",\"description\":\"\",\"publisher\":{\"@id\":\"https:\\\/\\\/shop.bantam.ch\\\/de\\\/#organization\"},\"inLanguage\":\"de\"},{\"@type\":\"Organization\",\"@id\":\"https:\\\/\\\/shop.bantam.ch\\\/de\\\/#organization\",\"name\":\"Bantam Camping AG\",\"url\":\"https:\\\/\\\/shop.bantam.ch\\\/de\\\/\",\"logo\":{\"@type\":\"ImageObject\",\"inLanguage\":\"de\",\"@id\":\"https:\\\/\\\/shop.bantam.ch\\\/de\\\/#\\\/schema\\\/logo\\\/image\\\/\",\"url\":\"https:\\\/\\\/shop.bantam.ch\\\/wp-content\\\/uploads\\\/2022\\\/12\\\/bantam-logo.png\",\"contentUrl\":\"https:\\\/\\\/shop.bantam.ch\\\/wp-content\\\/uploads\\\/2022\\\/12\\\/bantam-logo.png\",\"width\":320,\"height\":71,\"caption\":\"Bantam Camping AG\"},\"image\":{\"@id\":\"https:\\\/\\\/shop.bantam.ch\\\/de\\\/#\\\/schema\\\/logo\\\/image\\\/\"}}]}<\/script>\n<!-- \/ Yoast SEO plugin. -->","yoast_head_json":{"title":"Reisef\u00fchrer Portugal Petit Fut\u00e9 - Bantam Camping AG","robots":{"index":"index","follow":"follow","max-snippet":"max-snippet:-1","max-image-preview":"max-image-preview:large","max-video-preview":"max-video-preview:-1"},"canonical":"https:\/\/shop.bantam.ch\/de\/produkt\/reisefuehrer-portugal-petit-fute\/","og_locale":"de_DE","og_type":"article","og_title":"Reisef\u00fchrer Portugal Petit Fut\u00e9 - Bantam Camping AG","og_description":"Am \u00e4u\u00dfersten Rand Europas h\u00e4lt dieses Land sein Versprechen einer echten Auszeit vom Alltag. Gepr\u00e4gt von seiner Geschichte, offenbart es Sch\u00e4tze, die man nur mit etwas Zeit und Neugier entdecken kann. Lissabon im S\u00fcden z\u00e4hlt zu den bezauberndsten Hauptst\u00e4dten Europas, und Porto im Norden zu den charakterst\u00e4rksten St\u00e4dten. Geschichtsliebhaber kommen hier ebenso auf ihre Kosten [&hellip;]","og_url":"https:\/\/shop.bantam.ch\/de\/produkt\/reisefuehrer-portugal-petit-fute\/","og_site_name":"Bantam Camping AG","article_modified_time":"2026-04-18T21:36:58+00:00","og_image":[{"width":351,"height":600,"url":"https:\/\/shop.bantam.ch\/wp-content\/uploads\/2025\/08\/PORTUGAL_2025.jpg","type":"image\/jpeg"}],"twitter_card":"summary_large_image","schema":{"@context":"https:\/\/schema.org","@graph":[{"@type":"WebPage","@id":"https:\/\/shop.bantam.ch\/de\/produkt\/reisefuehrer-portugal-petit-fute\/","url":"https:\/\/shop.bantam.ch\/de\/produkt\/reisefuehrer-portugal-petit-fute\/","name":"Reisef\u00fchrer Portugal Petit Fut\u00e9 - Bantam Camping AG","isPartOf":{"@id":"https:\/\/shop.bantam.ch\/de\/#website"},"primaryImageOfPage":{"@id":"https:\/\/shop.bantam.ch\/de\/produkt\/reisefuehrer-portugal-petit-fute\/#primaryimage"},"image":{"@id":"https:\/\/shop.bantam.ch\/de\/produkt\/reisefuehrer-portugal-petit-fute\/#primaryimage"},"thumbnailUrl":"https:\/\/shop.bantam.ch\/wp-content\/uploads\/2025\/08\/PORTUGAL_2025.jpg","datePublished":"2025-08-14T08:01:39+00:00","dateModified":"2026-04-18T21:36:58+00:00","breadcrumb":{"@id":"https:\/\/shop.bantam.ch\/de\/produkt\/reisefuehrer-portugal-petit-fute\/#breadcrumb"},"inLanguage":"de","potentialAction":[{"@type":"ReadAction","target":["https:\/\/shop.bantam.ch\/de\/produkt\/reisefuehrer-portugal-petit-fute\/"]}]},{"@type":"ImageObject","inLanguage":"de","@id":"https:\/\/shop.bantam.ch\/de\/produkt\/reisefuehrer-portugal-petit-fute\/#primaryimage","url":"https:\/\/shop.bantam.ch\/wp-content\/uploads\/2025\/08\/PORTUGAL_2025.jpg","contentUrl":"https:\/\/shop.bantam.ch\/wp-content\/uploads\/2025\/08\/PORTUGAL_2025.jpg","width":351,"height":600},{"@type":"BreadcrumbList","@id":"https:\/\/shop.bantam.ch\/de\/produkt\/reisefuehrer-portugal-petit-fute\/#breadcrumb","itemListElement":[{"@type":"ListItem","position":1,"name":"Accueil","item":"https:\/\/shop.bantam.ch\/de\/"},{"@type":"ListItem","position":2,"name":"Shop","item":"https:\/\/shop.bantam.ch\/de\/shop\/"},{"@type":"ListItem","position":3,"name":"Reisef\u00fchrer Portugal Petit Fut\u00e9"}]},{"@type":"WebSite","@id":"https:\/\/shop.bantam.ch\/de\/#website","url":"https:\/\/shop.bantam.ch\/de\/","name":"Bantam Camping AG","description":"","publisher":{"@id":"https:\/\/shop.bantam.ch\/de\/#organization"},"inLanguage":"de"},{"@type":"Organization","@id":"https:\/\/shop.bantam.ch\/de\/#organization","name":"Bantam Camping AG","url":"https:\/\/shop.bantam.ch\/de\/","logo":{"@type":"ImageObject","inLanguage":"de","@id":"https:\/\/shop.bantam.ch\/de\/#\/schema\/logo\/image\/","url":"https:\/\/shop.bantam.ch\/wp-content\/uploads\/2022\/12\/bantam-logo.png","contentUrl":"https:\/\/shop.bantam.ch\/wp-content\/uploads\/2022\/12\/bantam-logo.png","width":320,"height":71,"caption":"Bantam Camping AG"},"image":{"@id":"https:\/\/shop.bantam.ch\/de\/#\/schema\/logo\/image\/"}}]}},"_links":{"self":[{"href":"https:\/\/shop.bantam.ch\/de\/wp-json\/wp\/v2\/product\/221246","targetHints":{"allow":["GET"]}}],"collection":[{"href":"https:\/\/shop.bantam.ch\/de\/wp-json\/wp\/v2\/product"}],"about":[{"href":"https:\/\/shop.bantam.ch\/de\/wp-json\/wp\/v2\/types\/product"}],"wp:featuredmedia":[{"embeddable":true,"href":"https:\/\/shop.bantam.ch\/de\/wp-json\/wp\/v2\/media\/221248"}],"wp:attachment":[{"href":"https:\/\/shop.bantam.ch\/de\/wp-json\/wp\/v2\/media?parent=221246"}],"wp:term":[{"taxonomy":"product_featured_cat","embeddable":true,"href":"https:\/\/shop.bantam.ch\/de\/wp-json\/wp\/v2\/product_featured_cat?post=221246"},{"taxonomy":"product_brand","embeddable":true,"href":"https:\/\/shop.bantam.ch\/de\/wp-json\/wp\/v2\/product_brand?post=221246"},{"taxonomy":"product_cat","embeddable":true,"href":"https:\/\/shop.bantam.ch\/de\/wp-json\/wp\/v2\/product_cat?post=221246"},{"taxonomy":"product_tag","embeddable":true,"href":"https:\/\/shop.bantam.ch\/de\/wp-json\/wp\/v2\/product_tag?post=221246"}],"curies":[{"name":"wp","href":"https:\/\/api.w.org\/{rel}","templated":true}]}}