{"id":221237,"date":"2025-08-14T09:24:16","date_gmt":"2025-08-14T07:24:16","guid":{"rendered":"https:\/\/shop.bantam.ch\/produit\/reisefuehrer-drome-ardeche-petit-fute\/"},"modified":"2026-04-20T23:34:37","modified_gmt":"2026-04-20T21:34:37","slug":"reisefuehrer-drome-ardeche-petit-fute","status":"publish","type":"product","link":"https:\/\/shop.bantam.ch\/de\/produkt\/reisefuehrer-drome-ardeche-petit-fute\/","title":{"rendered":"Reisef\u00fchrer Dr\u00f4me-Ard\u00e8che Petit Fut\u00e9"},"content":{"rendered":"<p>Von den schneebedeckten Bergen des Vercors bis zu den Ebenen der Rh\u00f4ne, von den H\u00fcgeln des Facteur Cheval bis zu den Lavendelfeldern und \u00d6lm\u00fchlen der Provence \u2013 die Dr\u00f4me l\u00e4sst uns alle Freuden genie\u00dfen. Naturliebhaber, Freunde weiter Horizonte, Kulturerbe, Wildwassersport oder Authentizit\u00e4t \u2013 in der gesamten Ard\u00e8che wird man dazu eingeladen, sich Zeit zu nehmen\u2026 und die l\u00e4ngst erwartete Zeit f\u00fcr Freizeit und Urlaub in vollen Z\u00fcgen zu genie\u00dfen.<\/p>\n","protected":false},"excerpt":{"rendered":"<p>Von den schneebedeckten Bergen des Vercors bis zu den Ebenen der Rh\u00f4ne, von den H\u00fcgeln des Facteur Cheval bis zu den Lavendelfeldern und \u00d6lm\u00fchlen der Provence \u2013 die Dr\u00f4me l\u00e4sst uns alle Freuden genie\u00dfen. Naturliebhaber, Freunde weiter Horizonte, Kulturerbe, Wildwassersport oder Authentizit\u00e4t \u2013 in der gesamten Ard\u00e8che wird man dazu eingeladen, sich Zeit zu nehmen\u2026 [&hellip;]<\/p>\n","protected":false},"featured_media":221272,"template":"","meta":{"_acf_changed":false},"product_featured_cat":[],"product_brand":[3741],"product_cat":[4352],"product_tag":[],"class_list":{"0":"post-221237","1":"product","2":"type-product","3":"status-publish","4":"has-post-thumbnail","6":"product_brand-bantam-de","7":"product_cat-reisefuehrer","9":"first","10":"instock","11":"taxable","12":"shipping-taxable","13":"purchasable","14":"product-type-simple"},"acf":[],"yoast_head":"<!-- This site is optimized with the Yoast SEO plugin v27.4 - https:\/\/yoast.com\/product\/yoast-seo-wordpress\/ -->\n<title>Reisef\u00fchrer Dr\u00f4me-Ard\u00e8che Petit Fut\u00e9 - Bantam Camping AG<\/title>\n<meta name=\"robots\" content=\"index, follow, max-snippet:-1, max-image-preview:large, max-video-preview:-1\" \/>\n<link rel=\"canonical\" href=\"https:\/\/shop.bantam.ch\/de\/produkt\/reisefuehrer-drome-ardeche-petit-fute\/\" \/>\n<meta property=\"og:locale\" content=\"de_DE\" \/>\n<meta property=\"og:type\" content=\"article\" \/>\n<meta property=\"og:title\" content=\"Reisef\u00fchrer Dr\u00f4me-Ard\u00e8che Petit Fut\u00e9 - Bantam Camping AG\" \/>\n<meta property=\"og:description\" content=\"Von den schneebedeckten Bergen des Vercors bis zu den Ebenen der Rh\u00f4ne, von den H\u00fcgeln des Facteur Cheval bis zu den Lavendelfeldern und \u00d6lm\u00fchlen der Provence \u2013 die Dr\u00f4me l\u00e4sst uns alle Freuden genie\u00dfen. Naturliebhaber, Freunde weiter Horizonte, Kulturerbe, Wildwassersport oder Authentizit\u00e4t \u2013 in der gesamten Ard\u00e8che wird man dazu eingeladen, sich Zeit zu nehmen\u2026 [&hellip;]\" \/>\n<meta property=\"og:url\" content=\"https:\/\/shop.bantam.ch\/de\/produkt\/reisefuehrer-drome-ardeche-petit-fute\/\" \/>\n<meta property=\"og:site_name\" content=\"Bantam Camping AG\" \/>\n<meta property=\"article:modified_time\" content=\"2026-04-20T21:34:37+00:00\" \/>\n<meta property=\"og:image\" content=\"https:\/\/shop.bantam.ch\/wp-content\/uploads\/2025\/08\/DROME-ARDECHE_2025.jpg\" \/>\n\t<meta property=\"og:image:width\" content=\"351\" \/>\n\t<meta property=\"og:image:height\" content=\"600\" \/>\n\t<meta property=\"og:image:type\" content=\"image\/jpeg\" \/>\n<meta name=\"twitter:card\" content=\"summary_large_image\" \/>\n<script type=\"application\/ld+json\" class=\"yoast-schema-graph\">{\"@context\":\"https:\\\/\\\/schema.org\",\"@graph\":[{\"@type\":\"WebPage\",\"@id\":\"https:\\\/\\\/shop.bantam.ch\\\/de\\\/produkt\\\/reisefuehrer-drome-ardeche-petit-fute\\\/\",\"url\":\"https:\\\/\\\/shop.bantam.ch\\\/de\\\/produkt\\\/reisefuehrer-drome-ardeche-petit-fute\\\/\",\"name\":\"Reisef\u00fchrer Dr\u00f4me-Ard\u00e8che Petit Fut\u00e9 - Bantam Camping AG\",\"isPartOf\":{\"@id\":\"https:\\\/\\\/shop.bantam.ch\\\/de\\\/#website\"},\"primaryImageOfPage\":{\"@id\":\"https:\\\/\\\/shop.bantam.ch\\\/de\\\/produkt\\\/reisefuehrer-drome-ardeche-petit-fute\\\/#primaryimage\"},\"image\":{\"@id\":\"https:\\\/\\\/shop.bantam.ch\\\/de\\\/produkt\\\/reisefuehrer-drome-ardeche-petit-fute\\\/#primaryimage\"},\"thumbnailUrl\":\"https:\\\/\\\/shop.bantam.ch\\\/wp-content\\\/uploads\\\/2025\\\/08\\\/DROME-ARDECHE_2025.jpg\",\"datePublished\":\"2025-08-14T07:24:16+00:00\",\"dateModified\":\"2026-04-20T21:34:37+00:00\",\"breadcrumb\":{\"@id\":\"https:\\\/\\\/shop.bantam.ch\\\/de\\\/produkt\\\/reisefuehrer-drome-ardeche-petit-fute\\\/#breadcrumb\"},\"inLanguage\":\"de\",\"potentialAction\":[{\"@type\":\"ReadAction\",\"target\":[\"https:\\\/\\\/shop.bantam.ch\\\/de\\\/produkt\\\/reisefuehrer-drome-ardeche-petit-fute\\\/\"]}]},{\"@type\":\"ImageObject\",\"inLanguage\":\"de\",\"@id\":\"https:\\\/\\\/shop.bantam.ch\\\/de\\\/produkt\\\/reisefuehrer-drome-ardeche-petit-fute\\\/#primaryimage\",\"url\":\"https:\\\/\\\/shop.bantam.ch\\\/wp-content\\\/uploads\\\/2025\\\/08\\\/DROME-ARDECHE_2025.jpg\",\"contentUrl\":\"https:\\\/\\\/shop.bantam.ch\\\/wp-content\\\/uploads\\\/2025\\\/08\\\/DROME-ARDECHE_2025.jpg\",\"width\":351,\"height\":600},{\"@type\":\"BreadcrumbList\",\"@id\":\"https:\\\/\\\/shop.bantam.ch\\\/de\\\/produkt\\\/reisefuehrer-drome-ardeche-petit-fute\\\/#breadcrumb\",\"itemListElement\":[{\"@type\":\"ListItem\",\"position\":1,\"name\":\"Accueil\",\"item\":\"https:\\\/\\\/shop.bantam.ch\\\/de\\\/\"},{\"@type\":\"ListItem\",\"position\":2,\"name\":\"Shop\",\"item\":\"https:\\\/\\\/shop.bantam.ch\\\/de\\\/shop\\\/\"},{\"@type\":\"ListItem\",\"position\":3,\"name\":\"Reisef\u00fchrer Dr\u00f4me-Ard\u00e8che Petit Fut\u00e9\"}]},{\"@type\":\"WebSite\",\"@id\":\"https:\\\/\\\/shop.bantam.ch\\\/de\\\/#website\",\"url\":\"https:\\\/\\\/shop.bantam.ch\\\/de\\\/\",\"name\":\"Bantam Camping AG\",\"description\":\"\",\"publisher\":{\"@id\":\"https:\\\/\\\/shop.bantam.ch\\\/de\\\/#organization\"},\"inLanguage\":\"de\"},{\"@type\":\"Organization\",\"@id\":\"https:\\\/\\\/shop.bantam.ch\\\/de\\\/#organization\",\"name\":\"Bantam Camping AG\",\"url\":\"https:\\\/\\\/shop.bantam.ch\\\/de\\\/\",\"logo\":{\"@type\":\"ImageObject\",\"inLanguage\":\"de\",\"@id\":\"https:\\\/\\\/shop.bantam.ch\\\/de\\\/#\\\/schema\\\/logo\\\/image\\\/\",\"url\":\"https:\\\/\\\/shop.bantam.ch\\\/wp-content\\\/uploads\\\/2022\\\/12\\\/bantam-logo.png\",\"contentUrl\":\"https:\\\/\\\/shop.bantam.ch\\\/wp-content\\\/uploads\\\/2022\\\/12\\\/bantam-logo.png\",\"width\":320,\"height\":71,\"caption\":\"Bantam Camping AG\"},\"image\":{\"@id\":\"https:\\\/\\\/shop.bantam.ch\\\/de\\\/#\\\/schema\\\/logo\\\/image\\\/\"}}]}<\/script>\n<!-- \/ Yoast SEO plugin. -->","yoast_head_json":{"title":"Reisef\u00fchrer Dr\u00f4me-Ard\u00e8che Petit Fut\u00e9 - Bantam Camping AG","robots":{"index":"index","follow":"follow","max-snippet":"max-snippet:-1","max-image-preview":"max-image-preview:large","max-video-preview":"max-video-preview:-1"},"canonical":"https:\/\/shop.bantam.ch\/de\/produkt\/reisefuehrer-drome-ardeche-petit-fute\/","og_locale":"de_DE","og_type":"article","og_title":"Reisef\u00fchrer Dr\u00f4me-Ard\u00e8che Petit Fut\u00e9 - Bantam Camping AG","og_description":"Von den schneebedeckten Bergen des Vercors bis zu den Ebenen der Rh\u00f4ne, von den H\u00fcgeln des Facteur Cheval bis zu den Lavendelfeldern und \u00d6lm\u00fchlen der Provence \u2013 die Dr\u00f4me l\u00e4sst uns alle Freuden genie\u00dfen. Naturliebhaber, Freunde weiter Horizonte, Kulturerbe, Wildwassersport oder Authentizit\u00e4t \u2013 in der gesamten Ard\u00e8che wird man dazu eingeladen, sich Zeit zu nehmen\u2026 [&hellip;]","og_url":"https:\/\/shop.bantam.ch\/de\/produkt\/reisefuehrer-drome-ardeche-petit-fute\/","og_site_name":"Bantam Camping AG","article_modified_time":"2026-04-20T21:34:37+00:00","og_image":[{"width":351,"height":600,"url":"https:\/\/shop.bantam.ch\/wp-content\/uploads\/2025\/08\/DROME-ARDECHE_2025.jpg","type":"image\/jpeg"}],"twitter_card":"summary_large_image","schema":{"@context":"https:\/\/schema.org","@graph":[{"@type":"WebPage","@id":"https:\/\/shop.bantam.ch\/de\/produkt\/reisefuehrer-drome-ardeche-petit-fute\/","url":"https:\/\/shop.bantam.ch\/de\/produkt\/reisefuehrer-drome-ardeche-petit-fute\/","name":"Reisef\u00fchrer Dr\u00f4me-Ard\u00e8che Petit Fut\u00e9 - Bantam Camping AG","isPartOf":{"@id":"https:\/\/shop.bantam.ch\/de\/#website"},"primaryImageOfPage":{"@id":"https:\/\/shop.bantam.ch\/de\/produkt\/reisefuehrer-drome-ardeche-petit-fute\/#primaryimage"},"image":{"@id":"https:\/\/shop.bantam.ch\/de\/produkt\/reisefuehrer-drome-ardeche-petit-fute\/#primaryimage"},"thumbnailUrl":"https:\/\/shop.bantam.ch\/wp-content\/uploads\/2025\/08\/DROME-ARDECHE_2025.jpg","datePublished":"2025-08-14T07:24:16+00:00","dateModified":"2026-04-20T21:34:37+00:00","breadcrumb":{"@id":"https:\/\/shop.bantam.ch\/de\/produkt\/reisefuehrer-drome-ardeche-petit-fute\/#breadcrumb"},"inLanguage":"de","potentialAction":[{"@type":"ReadAction","target":["https:\/\/shop.bantam.ch\/de\/produkt\/reisefuehrer-drome-ardeche-petit-fute\/"]}]},{"@type":"ImageObject","inLanguage":"de","@id":"https:\/\/shop.bantam.ch\/de\/produkt\/reisefuehrer-drome-ardeche-petit-fute\/#primaryimage","url":"https:\/\/shop.bantam.ch\/wp-content\/uploads\/2025\/08\/DROME-ARDECHE_2025.jpg","contentUrl":"https:\/\/shop.bantam.ch\/wp-content\/uploads\/2025\/08\/DROME-ARDECHE_2025.jpg","width":351,"height":600},{"@type":"BreadcrumbList","@id":"https:\/\/shop.bantam.ch\/de\/produkt\/reisefuehrer-drome-ardeche-petit-fute\/#breadcrumb","itemListElement":[{"@type":"ListItem","position":1,"name":"Accueil","item":"https:\/\/shop.bantam.ch\/de\/"},{"@type":"ListItem","position":2,"name":"Shop","item":"https:\/\/shop.bantam.ch\/de\/shop\/"},{"@type":"ListItem","position":3,"name":"Reisef\u00fchrer Dr\u00f4me-Ard\u00e8che Petit Fut\u00e9"}]},{"@type":"WebSite","@id":"https:\/\/shop.bantam.ch\/de\/#website","url":"https:\/\/shop.bantam.ch\/de\/","name":"Bantam Camping AG","description":"","publisher":{"@id":"https:\/\/shop.bantam.ch\/de\/#organization"},"inLanguage":"de"},{"@type":"Organization","@id":"https:\/\/shop.bantam.ch\/de\/#organization","name":"Bantam Camping AG","url":"https:\/\/shop.bantam.ch\/de\/","logo":{"@type":"ImageObject","inLanguage":"de","@id":"https:\/\/shop.bantam.ch\/de\/#\/schema\/logo\/image\/","url":"https:\/\/shop.bantam.ch\/wp-content\/uploads\/2022\/12\/bantam-logo.png","contentUrl":"https:\/\/shop.bantam.ch\/wp-content\/uploads\/2022\/12\/bantam-logo.png","width":320,"height":71,"caption":"Bantam Camping AG"},"image":{"@id":"https:\/\/shop.bantam.ch\/de\/#\/schema\/logo\/image\/"}}]}},"_links":{"self":[{"href":"https:\/\/shop.bantam.ch\/de\/wp-json\/wp\/v2\/product\/221237","targetHints":{"allow":["GET"]}}],"collection":[{"href":"https:\/\/shop.bantam.ch\/de\/wp-json\/wp\/v2\/product"}],"about":[{"href":"https:\/\/shop.bantam.ch\/de\/wp-json\/wp\/v2\/types\/product"}],"wp:featuredmedia":[{"embeddable":true,"href":"https:\/\/shop.bantam.ch\/de\/wp-json\/wp\/v2\/media\/221272"}],"wp:attachment":[{"href":"https:\/\/shop.bantam.ch\/de\/wp-json\/wp\/v2\/media?parent=221237"}],"wp:term":[{"taxonomy":"product_featured_cat","embeddable":true,"href":"https:\/\/shop.bantam.ch\/de\/wp-json\/wp\/v2\/product_featured_cat?post=221237"},{"taxonomy":"product_brand","embeddable":true,"href":"https:\/\/shop.bantam.ch\/de\/wp-json\/wp\/v2\/product_brand?post=221237"},{"taxonomy":"product_cat","embeddable":true,"href":"https:\/\/shop.bantam.ch\/de\/wp-json\/wp\/v2\/product_cat?post=221237"},{"taxonomy":"product_tag","embeddable":true,"href":"https:\/\/shop.bantam.ch\/de\/wp-json\/wp\/v2\/product_tag?post=221237"}],"curies":[{"name":"wp","href":"https:\/\/api.w.org\/{rel}","templated":true}]}}