{"id":221226,"date":"2025-08-14T09:01:42","date_gmt":"2025-08-14T07:01:42","guid":{"rendered":"https:\/\/shop.bantam.ch\/produit\/reisefuehrer-kroatien-petit-fute\/"},"modified":"2026-04-18T23:36:58","modified_gmt":"2026-04-18T21:36:58","slug":"reisefuehrer-kroatien-petit-fute","status":"publish","type":"product","link":"https:\/\/shop.bantam.ch\/de\/produkt\/reisefuehrer-kroatien-petit-fute\/","title":{"rendered":"Reisef\u00fchrer Kroatien Petit Fut\u00e9"},"content":{"rendered":"<p>Gepr\u00e4gt von einer bewegten Geschichte versteht es das Land, seine Besucher zu verw\u00f6hnen.<br \/>\nSie lassen sich verzaubern von langen Kopfsteinpflasterstra\u00dfen und prachtvollen Barockpal\u00e4sten in warmen Ocker-, Gelb- und Rott\u00f6nen. Ein wahres Paradies f\u00fcr Naturliebhaber: Das Land setzt seine nat\u00fcrlichen Sch\u00e4tze gekonnt in Szene und bietet den Besuchern eine F\u00fclle an M\u00f6glichkeiten, Natur-, Nationalparks oder Schutzgebiete zu erkunden.<br \/>\nUnd dann sind da noch diese traumhaften Buchten, in denen das t\u00fcrkisfarbene, glasklare Wasser von der Sonne erw\u00e4rmt wird.<br \/>\nWie sch\u00f6n ist es, im Schatten einer Caf\u00e9terrasse zu sitzen, ein Glas Rakija in der Hand. Wenn die Zeit beschlie\u00dft, an einem so sch\u00f6nen und friedlichen Ort stehen zu bleiben, ist das reiner Genuss.<\/p>\n","protected":false},"excerpt":{"rendered":"<p>Gepr\u00e4gt von einer bewegten Geschichte versteht es das Land, seine Besucher zu verw\u00f6hnen. Sie lassen sich verzaubern von langen Kopfsteinpflasterstra\u00dfen und prachtvollen Barockpal\u00e4sten in warmen Ocker-, Gelb- und Rott\u00f6nen. Ein wahres Paradies f\u00fcr Naturliebhaber: Das Land setzt seine nat\u00fcrlichen Sch\u00e4tze gekonnt in Szene und bietet den Besuchern eine F\u00fclle an M\u00f6glichkeiten, Natur-, Nationalparks oder Schutzgebiete [&hellip;]<\/p>\n","protected":false},"featured_media":221239,"template":"","meta":{"_acf_changed":false},"product_featured_cat":[],"product_brand":[3741],"product_cat":[4352],"product_tag":[],"class_list":{"0":"post-221226","1":"product","2":"type-product","3":"status-publish","4":"has-post-thumbnail","6":"product_brand-bantam-de","7":"product_cat-reisefuehrer","9":"first","10":"instock","11":"taxable","12":"shipping-taxable","13":"purchasable","14":"product-type-simple"},"acf":[],"yoast_head":"<!-- This site is optimized with the Yoast SEO plugin v27.4 - https:\/\/yoast.com\/product\/yoast-seo-wordpress\/ -->\n<title>Reisef\u00fchrer Kroatien Petit Fut\u00e9 - Bantam Camping AG<\/title>\n<meta name=\"robots\" content=\"index, follow, max-snippet:-1, max-image-preview:large, max-video-preview:-1\" \/>\n<link rel=\"canonical\" href=\"https:\/\/shop.bantam.ch\/de\/produkt\/reisefuehrer-kroatien-petit-fute\/\" \/>\n<meta property=\"og:locale\" content=\"de_DE\" \/>\n<meta property=\"og:type\" content=\"article\" \/>\n<meta property=\"og:title\" content=\"Reisef\u00fchrer Kroatien Petit Fut\u00e9 - Bantam Camping AG\" \/>\n<meta property=\"og:description\" content=\"Gepr\u00e4gt von einer bewegten Geschichte versteht es das Land, seine Besucher zu verw\u00f6hnen. Sie lassen sich verzaubern von langen Kopfsteinpflasterstra\u00dfen und prachtvollen Barockpal\u00e4sten in warmen Ocker-, Gelb- und Rott\u00f6nen. Ein wahres Paradies f\u00fcr Naturliebhaber: Das Land setzt seine nat\u00fcrlichen Sch\u00e4tze gekonnt in Szene und bietet den Besuchern eine F\u00fclle an M\u00f6glichkeiten, Natur-, Nationalparks oder Schutzgebiete [&hellip;]\" \/>\n<meta property=\"og:url\" content=\"https:\/\/shop.bantam.ch\/de\/produkt\/reisefuehrer-kroatien-petit-fute\/\" \/>\n<meta property=\"og:site_name\" content=\"Bantam Camping AG\" \/>\n<meta property=\"article:modified_time\" content=\"2026-04-18T21:36:58+00:00\" \/>\n<meta property=\"og:image\" content=\"https:\/\/shop.bantam.ch\/wp-content\/uploads\/2025\/08\/CROATIE_2025.jpg\" \/>\n\t<meta property=\"og:image:width\" content=\"468\" \/>\n\t<meta property=\"og:image:height\" content=\"800\" \/>\n\t<meta property=\"og:image:type\" content=\"image\/jpeg\" \/>\n<meta name=\"twitter:card\" content=\"summary_large_image\" \/>\n<meta name=\"twitter:label1\" content=\"Gesch\u00e4tzte Lesezeit\" \/>\n\t<meta name=\"twitter:data1\" content=\"1\u00a0Minute\" \/>\n<script type=\"application\/ld+json\" class=\"yoast-schema-graph\">{\"@context\":\"https:\\\/\\\/schema.org\",\"@graph\":[{\"@type\":\"WebPage\",\"@id\":\"https:\\\/\\\/shop.bantam.ch\\\/de\\\/produkt\\\/reisefuehrer-kroatien-petit-fute\\\/\",\"url\":\"https:\\\/\\\/shop.bantam.ch\\\/de\\\/produkt\\\/reisefuehrer-kroatien-petit-fute\\\/\",\"name\":\"Reisef\u00fchrer Kroatien Petit Fut\u00e9 - Bantam Camping AG\",\"isPartOf\":{\"@id\":\"https:\\\/\\\/shop.bantam.ch\\\/de\\\/#website\"},\"primaryImageOfPage\":{\"@id\":\"https:\\\/\\\/shop.bantam.ch\\\/de\\\/produkt\\\/reisefuehrer-kroatien-petit-fute\\\/#primaryimage\"},\"image\":{\"@id\":\"https:\\\/\\\/shop.bantam.ch\\\/de\\\/produkt\\\/reisefuehrer-kroatien-petit-fute\\\/#primaryimage\"},\"thumbnailUrl\":\"https:\\\/\\\/shop.bantam.ch\\\/wp-content\\\/uploads\\\/2025\\\/08\\\/CROATIE_2025.jpg\",\"datePublished\":\"2025-08-14T07:01:42+00:00\",\"dateModified\":\"2026-04-18T21:36:58+00:00\",\"breadcrumb\":{\"@id\":\"https:\\\/\\\/shop.bantam.ch\\\/de\\\/produkt\\\/reisefuehrer-kroatien-petit-fute\\\/#breadcrumb\"},\"inLanguage\":\"de\",\"potentialAction\":[{\"@type\":\"ReadAction\",\"target\":[\"https:\\\/\\\/shop.bantam.ch\\\/de\\\/produkt\\\/reisefuehrer-kroatien-petit-fute\\\/\"]}]},{\"@type\":\"ImageObject\",\"inLanguage\":\"de\",\"@id\":\"https:\\\/\\\/shop.bantam.ch\\\/de\\\/produkt\\\/reisefuehrer-kroatien-petit-fute\\\/#primaryimage\",\"url\":\"https:\\\/\\\/shop.bantam.ch\\\/wp-content\\\/uploads\\\/2025\\\/08\\\/CROATIE_2025.jpg\",\"contentUrl\":\"https:\\\/\\\/shop.bantam.ch\\\/wp-content\\\/uploads\\\/2025\\\/08\\\/CROATIE_2025.jpg\",\"width\":468,\"height\":800},{\"@type\":\"BreadcrumbList\",\"@id\":\"https:\\\/\\\/shop.bantam.ch\\\/de\\\/produkt\\\/reisefuehrer-kroatien-petit-fute\\\/#breadcrumb\",\"itemListElement\":[{\"@type\":\"ListItem\",\"position\":1,\"name\":\"Accueil\",\"item\":\"https:\\\/\\\/shop.bantam.ch\\\/de\\\/\"},{\"@type\":\"ListItem\",\"position\":2,\"name\":\"Shop\",\"item\":\"https:\\\/\\\/shop.bantam.ch\\\/de\\\/shop\\\/\"},{\"@type\":\"ListItem\",\"position\":3,\"name\":\"Reisef\u00fchrer Kroatien Petit Fut\u00e9\"}]},{\"@type\":\"WebSite\",\"@id\":\"https:\\\/\\\/shop.bantam.ch\\\/de\\\/#website\",\"url\":\"https:\\\/\\\/shop.bantam.ch\\\/de\\\/\",\"name\":\"Bantam Camping AG\",\"description\":\"\",\"publisher\":{\"@id\":\"https:\\\/\\\/shop.bantam.ch\\\/de\\\/#organization\"},\"inLanguage\":\"de\"},{\"@type\":\"Organization\",\"@id\":\"https:\\\/\\\/shop.bantam.ch\\\/de\\\/#organization\",\"name\":\"Bantam Camping AG\",\"url\":\"https:\\\/\\\/shop.bantam.ch\\\/de\\\/\",\"logo\":{\"@type\":\"ImageObject\",\"inLanguage\":\"de\",\"@id\":\"https:\\\/\\\/shop.bantam.ch\\\/de\\\/#\\\/schema\\\/logo\\\/image\\\/\",\"url\":\"https:\\\/\\\/shop.bantam.ch\\\/wp-content\\\/uploads\\\/2022\\\/12\\\/bantam-logo.png\",\"contentUrl\":\"https:\\\/\\\/shop.bantam.ch\\\/wp-content\\\/uploads\\\/2022\\\/12\\\/bantam-logo.png\",\"width\":320,\"height\":71,\"caption\":\"Bantam Camping AG\"},\"image\":{\"@id\":\"https:\\\/\\\/shop.bantam.ch\\\/de\\\/#\\\/schema\\\/logo\\\/image\\\/\"}}]}<\/script>\n<!-- \/ Yoast SEO plugin. -->","yoast_head_json":{"title":"Reisef\u00fchrer Kroatien Petit Fut\u00e9 - Bantam Camping AG","robots":{"index":"index","follow":"follow","max-snippet":"max-snippet:-1","max-image-preview":"max-image-preview:large","max-video-preview":"max-video-preview:-1"},"canonical":"https:\/\/shop.bantam.ch\/de\/produkt\/reisefuehrer-kroatien-petit-fute\/","og_locale":"de_DE","og_type":"article","og_title":"Reisef\u00fchrer Kroatien Petit Fut\u00e9 - Bantam Camping AG","og_description":"Gepr\u00e4gt von einer bewegten Geschichte versteht es das Land, seine Besucher zu verw\u00f6hnen. Sie lassen sich verzaubern von langen Kopfsteinpflasterstra\u00dfen und prachtvollen Barockpal\u00e4sten in warmen Ocker-, Gelb- und Rott\u00f6nen. Ein wahres Paradies f\u00fcr Naturliebhaber: Das Land setzt seine nat\u00fcrlichen Sch\u00e4tze gekonnt in Szene und bietet den Besuchern eine F\u00fclle an M\u00f6glichkeiten, Natur-, Nationalparks oder Schutzgebiete [&hellip;]","og_url":"https:\/\/shop.bantam.ch\/de\/produkt\/reisefuehrer-kroatien-petit-fute\/","og_site_name":"Bantam Camping AG","article_modified_time":"2026-04-18T21:36:58+00:00","og_image":[{"width":468,"height":800,"url":"https:\/\/shop.bantam.ch\/wp-content\/uploads\/2025\/08\/CROATIE_2025.jpg","type":"image\/jpeg"}],"twitter_card":"summary_large_image","twitter_misc":{"Gesch\u00e4tzte Lesezeit":"1\u00a0Minute"},"schema":{"@context":"https:\/\/schema.org","@graph":[{"@type":"WebPage","@id":"https:\/\/shop.bantam.ch\/de\/produkt\/reisefuehrer-kroatien-petit-fute\/","url":"https:\/\/shop.bantam.ch\/de\/produkt\/reisefuehrer-kroatien-petit-fute\/","name":"Reisef\u00fchrer Kroatien Petit Fut\u00e9 - Bantam Camping AG","isPartOf":{"@id":"https:\/\/shop.bantam.ch\/de\/#website"},"primaryImageOfPage":{"@id":"https:\/\/shop.bantam.ch\/de\/produkt\/reisefuehrer-kroatien-petit-fute\/#primaryimage"},"image":{"@id":"https:\/\/shop.bantam.ch\/de\/produkt\/reisefuehrer-kroatien-petit-fute\/#primaryimage"},"thumbnailUrl":"https:\/\/shop.bantam.ch\/wp-content\/uploads\/2025\/08\/CROATIE_2025.jpg","datePublished":"2025-08-14T07:01:42+00:00","dateModified":"2026-04-18T21:36:58+00:00","breadcrumb":{"@id":"https:\/\/shop.bantam.ch\/de\/produkt\/reisefuehrer-kroatien-petit-fute\/#breadcrumb"},"inLanguage":"de","potentialAction":[{"@type":"ReadAction","target":["https:\/\/shop.bantam.ch\/de\/produkt\/reisefuehrer-kroatien-petit-fute\/"]}]},{"@type":"ImageObject","inLanguage":"de","@id":"https:\/\/shop.bantam.ch\/de\/produkt\/reisefuehrer-kroatien-petit-fute\/#primaryimage","url":"https:\/\/shop.bantam.ch\/wp-content\/uploads\/2025\/08\/CROATIE_2025.jpg","contentUrl":"https:\/\/shop.bantam.ch\/wp-content\/uploads\/2025\/08\/CROATIE_2025.jpg","width":468,"height":800},{"@type":"BreadcrumbList","@id":"https:\/\/shop.bantam.ch\/de\/produkt\/reisefuehrer-kroatien-petit-fute\/#breadcrumb","itemListElement":[{"@type":"ListItem","position":1,"name":"Accueil","item":"https:\/\/shop.bantam.ch\/de\/"},{"@type":"ListItem","position":2,"name":"Shop","item":"https:\/\/shop.bantam.ch\/de\/shop\/"},{"@type":"ListItem","position":3,"name":"Reisef\u00fchrer Kroatien Petit Fut\u00e9"}]},{"@type":"WebSite","@id":"https:\/\/shop.bantam.ch\/de\/#website","url":"https:\/\/shop.bantam.ch\/de\/","name":"Bantam Camping AG","description":"","publisher":{"@id":"https:\/\/shop.bantam.ch\/de\/#organization"},"inLanguage":"de"},{"@type":"Organization","@id":"https:\/\/shop.bantam.ch\/de\/#organization","name":"Bantam Camping AG","url":"https:\/\/shop.bantam.ch\/de\/","logo":{"@type":"ImageObject","inLanguage":"de","@id":"https:\/\/shop.bantam.ch\/de\/#\/schema\/logo\/image\/","url":"https:\/\/shop.bantam.ch\/wp-content\/uploads\/2022\/12\/bantam-logo.png","contentUrl":"https:\/\/shop.bantam.ch\/wp-content\/uploads\/2022\/12\/bantam-logo.png","width":320,"height":71,"caption":"Bantam Camping AG"},"image":{"@id":"https:\/\/shop.bantam.ch\/de\/#\/schema\/logo\/image\/"}}]}},"_links":{"self":[{"href":"https:\/\/shop.bantam.ch\/de\/wp-json\/wp\/v2\/product\/221226","targetHints":{"allow":["GET"]}}],"collection":[{"href":"https:\/\/shop.bantam.ch\/de\/wp-json\/wp\/v2\/product"}],"about":[{"href":"https:\/\/shop.bantam.ch\/de\/wp-json\/wp\/v2\/types\/product"}],"wp:featuredmedia":[{"embeddable":true,"href":"https:\/\/shop.bantam.ch\/de\/wp-json\/wp\/v2\/media\/221239"}],"wp:attachment":[{"href":"https:\/\/shop.bantam.ch\/de\/wp-json\/wp\/v2\/media?parent=221226"}],"wp:term":[{"taxonomy":"product_featured_cat","embeddable":true,"href":"https:\/\/shop.bantam.ch\/de\/wp-json\/wp\/v2\/product_featured_cat?post=221226"},{"taxonomy":"product_brand","embeddable":true,"href":"https:\/\/shop.bantam.ch\/de\/wp-json\/wp\/v2\/product_brand?post=221226"},{"taxonomy":"product_cat","embeddable":true,"href":"https:\/\/shop.bantam.ch\/de\/wp-json\/wp\/v2\/product_cat?post=221226"},{"taxonomy":"product_tag","embeddable":true,"href":"https:\/\/shop.bantam.ch\/de\/wp-json\/wp\/v2\/product_tag?post=221226"}],"curies":[{"name":"wp","href":"https:\/\/api.w.org\/{rel}","templated":true}]}}