{"id":220949,"date":"2025-08-04T13:17:49","date_gmt":"2025-08-04T11:17:49","guid":{"rendered":"https:\/\/shop.bantam.ch\/produit\/lithium-batterie-espilon-90ah\/"},"modified":"2026-05-01T23:30:01","modified_gmt":"2026-05-01T21:30:01","slug":"lithium-batterie-espilon-90ah","status":"publish","type":"product","link":"https:\/\/shop.bantam.ch\/de\/produkt\/lithium-batterie-espilon-90ah\/","title":{"rendered":"Lithium-Batterie Espilon 90Ah"},"content":{"rendered":"<p data-start=\"118\" data-end=\"487\"><span data-start=\"118\" data-end=\"155\">Diese Epsilon 12 V 90 Ah Batterie<\/span> wurde speziell f\u00fcr Wohnmobile, Wohnwagen, Kastenwagen und Vans entwickelt.\u00a0Neueste Generation von sicheren und zuverl\u00e4ssigen Lithium-Eisenphosphat-Batterien (LiFePO4).\u00a0Ihr Gewicht ist deutlich reduziert, ihre Energiereserven sind enorm (100 % nutzbare Energie) und ihre Spannung bleibt selbst bei extremen Lasten sehr stabil!\u00a0Gleiche Gr\u00f6\u00dfe wie eine Standard-100 Ah-Batterie \u2013 mit der doppelten Autonomie!\u00a0Diese Batterie ist mit einem <span data-start=\"599\" data-end=\"634\">BMS (Battery Monitoring System)<\/span> ausgestattet, einem unverzichtbaren Werkzeug zum Schutz der Batterie.\u00a0Das patentierte aktive BMS der Super B Batterie koordiniert und balanciert kontinuierlich die entnommene Leistung. Es steuert und sch\u00fctzt die Batterie \u00fcber das mitgelieferte Relais.\u00a0Die <span data-start=\"895\" data-end=\"920\">CANOpen-Schnittstelle<\/span> erm\u00f6glicht das Auslesen und Analysieren der Batteriedaten. Historische Speicherung der letzten 1500 Ereignisse (Zyklen, Lade- und Entladespitzen).\u00a0Zus\u00e4tzlich verf\u00fcgt sie \u00fcber ein <span data-start=\"1103\" data-end=\"1123\">Bluetooth-System<\/span>: So k\u00f6nnen Sie alle Informationen zu Ihrer Batterie direkt \u00fcber Tablet oder Smartphone abrufen (Lade- und Entladestatus in Echtzeit, verbleibende Autonomie usw.).\u00a0Mit dieser Batterie k\u00f6nnen Sie Ihre Haushaltsger\u00e4te \u00fcber einen 220 V-Wechselrichter (nicht im Lieferumfang enthalten) betreiben.\u00a0Vorteile:\u00a0Schnelles Laden.\u00a0Gewichtsersparnis.\u00a0Kompakte Bauweise.\u00a0Lange Lebensdauer.\u00a0Geringe Selbstentladung.\u00a0Sehr gro\u00dfe Autonomie.\u00a0Hervorragende Leistung \u2013 100 ?r Energie nutzbar.\u00a0Lebensdauer: bis zu 5000 Zyklen.\u00a0Kein besonderer Wartungsaufwand.\u00a0Keine Besch\u00e4digung bei vollst\u00e4ndiger Entladung.\u00a0Sehr geringe Selbstentladung.\u00a0Wichtige technische Daten:\u00a0Nennspannung: 12,8 V.\u00a0Technologie: Lithium-Eisenphosphat (LiFePO4).\u00a0Kapazit\u00e4t: 90 Ah.\u00a0Maximaler Dauerentladestrom: 200 A.\u00a0Lebensdauer: bis zu 5000 Zyklen (100 % DoD).\u00a0Gewicht: 12,5 kg.\u00a0Abmessungen: 353 \u00d7 175 \u00d7 190 mm.\u00a0Garantie: 3 Jahre.\u00a0Schutzklasse: IP51.\u00a0Lademethode: Konstantstrom\/Konstantspannung (CCCV).\u00a0Ladespannung: 14,3 \u2013 14,6 V.\u00a0Betriebstemperatur (Laden): \u221210 \u00b0C bis +45 \u00b0C.\u00a0Betriebstemperatur (Entladen): \u221220 \u00b0C bis +60 \u00b0C.\u00a0Lagertemperatur: \u221210 \u00b0C bis +35 \u00b0C.\u00a0Entladeschlussspannung: 8 V.<\/p>\n","protected":false},"excerpt":{"rendered":"<p>Diese Epsilon 12 V 90 Ah Batterie wurde speziell f\u00fcr Wohnmobile, Wohnwagen, Kastenwagen und Vans entwickelt.\u00a0Neueste Generation von sicheren und zuverl\u00e4ssigen Lithium-Eisenphosphat-Batterien (LiFePO4).\u00a0Ihr Gewicht ist deutlich reduziert, ihre Energiereserven sind enorm (100 % nutzbare Energie) und ihre Spannung bleibt selbst bei extremen Lasten sehr stabil!\u00a0Gleiche Gr\u00f6\u00dfe wie eine Standard-100 Ah-Batterie \u2013 mit der doppelten Autonomie!\u00a0Diese [&hellip;]<\/p>\n","protected":false},"featured_media":220959,"template":"","meta":{"_acf_changed":false},"product_featured_cat":[5324,5318],"product_brand":[3793],"product_cat":[5114],"product_tag":[],"class_list":{"0":"post-220949","1":"product","2":"type-product","3":"status-publish","4":"has-post-thumbnail","6":"product_featured_cat-batterie-etagnieres-de","7":"product_featured_cat-sonderangebote-lithium-batterien","8":"product_brand-epsilon-de","9":"product_cat-lithium-batterien","11":"first","12":"instock","13":"sale","14":"taxable","15":"shipping-taxable","16":"purchasable","17":"product-type-simple"},"acf":[],"yoast_head":"<!-- This site is optimized with the Yoast SEO plugin v27.5 - https:\/\/yoast.com\/product\/yoast-seo-wordpress\/ -->\n<title>Lithium-Batterie Espilon 90Ah - Bantam<\/title>\n<meta name=\"robots\" content=\"index, follow, max-snippet:-1, max-image-preview:large, max-video-preview:-1\" \/>\n<link rel=\"canonical\" href=\"https:\/\/shop.bantam.ch\/de\/produkt\/lithium-batterie-espilon-90ah\/\" \/>\n<meta property=\"og:locale\" content=\"de_DE\" \/>\n<meta property=\"og:type\" content=\"article\" \/>\n<meta property=\"og:title\" content=\"Lithium-Batterie Espilon 90Ah - Bantam\" \/>\n<meta property=\"og:description\" content=\"Diese Epsilon 12 V 90 Ah Batterie wurde speziell f\u00fcr Wohnmobile, Wohnwagen, Kastenwagen und Vans entwickelt.\u00a0Neueste Generation von sicheren und zuverl\u00e4ssigen Lithium-Eisenphosphat-Batterien (LiFePO4).\u00a0Ihr Gewicht ist deutlich reduziert, ihre Energiereserven sind enorm (100 % nutzbare Energie) und ihre Spannung bleibt selbst bei extremen Lasten sehr stabil!\u00a0Gleiche Gr\u00f6\u00dfe wie eine Standard-100 Ah-Batterie \u2013 mit der doppelten Autonomie!\u00a0Diese [&hellip;]\" \/>\n<meta property=\"og:url\" content=\"https:\/\/shop.bantam.ch\/de\/produkt\/lithium-batterie-espilon-90ah\/\" \/>\n<meta property=\"og:site_name\" content=\"Bantam\" \/>\n<meta property=\"article:modified_time\" content=\"2026-05-01T21:30:01+00:00\" \/>\n<meta property=\"og:image\" content=\"https:\/\/shop.bantam.ch\/wp-content\/uploads\/2025\/08\/batterie-lithium-90-ah-super-b-epsilon.jpg\" \/>\n\t<meta property=\"og:image:width\" content=\"800\" \/>\n\t<meta property=\"og:image:height\" content=\"800\" \/>\n\t<meta property=\"og:image:type\" content=\"image\/jpeg\" \/>\n<meta name=\"twitter:card\" content=\"summary_large_image\" \/>\n<meta name=\"twitter:label1\" content=\"Gesch\u00e4tzte Lesezeit\" \/>\n\t<meta name=\"twitter:data1\" content=\"1\u00a0Minute\" \/>\n<script type=\"application\/ld+json\" class=\"yoast-schema-graph\">{\"@context\":\"https:\\\/\\\/schema.org\",\"@graph\":[{\"@type\":\"WebPage\",\"@id\":\"https:\\\/\\\/shop.bantam.ch\\\/de\\\/produkt\\\/lithium-batterie-espilon-90ah\\\/\",\"url\":\"https:\\\/\\\/shop.bantam.ch\\\/de\\\/produkt\\\/lithium-batterie-espilon-90ah\\\/\",\"name\":\"Lithium-Batterie Espilon 90Ah - Bantam\",\"isPartOf\":{\"@id\":\"https:\\\/\\\/shop.bantam.ch\\\/de\\\/#website\"},\"primaryImageOfPage\":{\"@id\":\"https:\\\/\\\/shop.bantam.ch\\\/de\\\/produkt\\\/lithium-batterie-espilon-90ah\\\/#primaryimage\"},\"image\":{\"@id\":\"https:\\\/\\\/shop.bantam.ch\\\/de\\\/produkt\\\/lithium-batterie-espilon-90ah\\\/#primaryimage\"},\"thumbnailUrl\":\"https:\\\/\\\/shop.bantam.ch\\\/wp-content\\\/uploads\\\/2025\\\/08\\\/batterie-lithium-90-ah-super-b-epsilon.jpg\",\"datePublished\":\"2025-08-04T11:17:49+00:00\",\"dateModified\":\"2026-05-01T21:30:01+00:00\",\"breadcrumb\":{\"@id\":\"https:\\\/\\\/shop.bantam.ch\\\/de\\\/produkt\\\/lithium-batterie-espilon-90ah\\\/#breadcrumb\"},\"inLanguage\":\"de\",\"potentialAction\":[{\"@type\":\"ReadAction\",\"target\":[\"https:\\\/\\\/shop.bantam.ch\\\/de\\\/produkt\\\/lithium-batterie-espilon-90ah\\\/\"]}]},{\"@type\":\"ImageObject\",\"inLanguage\":\"de\",\"@id\":\"https:\\\/\\\/shop.bantam.ch\\\/de\\\/produkt\\\/lithium-batterie-espilon-90ah\\\/#primaryimage\",\"url\":\"https:\\\/\\\/shop.bantam.ch\\\/wp-content\\\/uploads\\\/2025\\\/08\\\/batterie-lithium-90-ah-super-b-epsilon.jpg\",\"contentUrl\":\"https:\\\/\\\/shop.bantam.ch\\\/wp-content\\\/uploads\\\/2025\\\/08\\\/batterie-lithium-90-ah-super-b-epsilon.jpg\",\"width\":800,\"height\":800},{\"@type\":\"BreadcrumbList\",\"@id\":\"https:\\\/\\\/shop.bantam.ch\\\/de\\\/produkt\\\/lithium-batterie-espilon-90ah\\\/#breadcrumb\",\"itemListElement\":[{\"@type\":\"ListItem\",\"position\":1,\"name\":\"Accueil\",\"item\":\"https:\\\/\\\/shop.bantam.ch\\\/de\\\/\"},{\"@type\":\"ListItem\",\"position\":2,\"name\":\"Shop\",\"item\":\"https:\\\/\\\/shop.bantam.ch\\\/de\\\/shop\\\/\"},{\"@type\":\"ListItem\",\"position\":3,\"name\":\"Lithium-Batterie Espilon 90Ah\"}]},{\"@type\":\"WebSite\",\"@id\":\"https:\\\/\\\/shop.bantam.ch\\\/de\\\/#website\",\"url\":\"https:\\\/\\\/shop.bantam.ch\\\/de\\\/\",\"name\":\"Bantam\",\"description\":\"\",\"publisher\":{\"@id\":\"https:\\\/\\\/shop.bantam.ch\\\/de\\\/#organization\"},\"inLanguage\":\"de\"},{\"@type\":\"Organization\",\"@id\":\"https:\\\/\\\/shop.bantam.ch\\\/de\\\/#organization\",\"name\":\"Bantam\",\"url\":\"https:\\\/\\\/shop.bantam.ch\\\/de\\\/\",\"logo\":{\"@type\":\"ImageObject\",\"inLanguage\":\"de\",\"@id\":\"https:\\\/\\\/shop.bantam.ch\\\/de\\\/#\\\/schema\\\/logo\\\/image\\\/\",\"url\":\"https:\\\/\\\/shop.bantam.ch\\\/wp-content\\\/uploads\\\/2022\\\/12\\\/bantam-logo.png\",\"contentUrl\":\"https:\\\/\\\/shop.bantam.ch\\\/wp-content\\\/uploads\\\/2022\\\/12\\\/bantam-logo.png\",\"width\":320,\"height\":71,\"caption\":\"Bantam\"},\"image\":{\"@id\":\"https:\\\/\\\/shop.bantam.ch\\\/de\\\/#\\\/schema\\\/logo\\\/image\\\/\"}}]}<\/script>\n<!-- \/ Yoast SEO plugin. -->","yoast_head_json":{"title":"Lithium-Batterie Espilon 90Ah - Bantam","robots":{"index":"index","follow":"follow","max-snippet":"max-snippet:-1","max-image-preview":"max-image-preview:large","max-video-preview":"max-video-preview:-1"},"canonical":"https:\/\/shop.bantam.ch\/de\/produkt\/lithium-batterie-espilon-90ah\/","og_locale":"de_DE","og_type":"article","og_title":"Lithium-Batterie Espilon 90Ah - Bantam","og_description":"Diese Epsilon 12 V 90 Ah Batterie wurde speziell f\u00fcr Wohnmobile, Wohnwagen, Kastenwagen und Vans entwickelt.\u00a0Neueste Generation von sicheren und zuverl\u00e4ssigen Lithium-Eisenphosphat-Batterien (LiFePO4).\u00a0Ihr Gewicht ist deutlich reduziert, ihre Energiereserven sind enorm (100 % nutzbare Energie) und ihre Spannung bleibt selbst bei extremen Lasten sehr stabil!\u00a0Gleiche Gr\u00f6\u00dfe wie eine Standard-100 Ah-Batterie \u2013 mit der doppelten Autonomie!\u00a0Diese [&hellip;]","og_url":"https:\/\/shop.bantam.ch\/de\/produkt\/lithium-batterie-espilon-90ah\/","og_site_name":"Bantam","article_modified_time":"2026-05-01T21:30:01+00:00","og_image":[{"width":800,"height":800,"url":"https:\/\/shop.bantam.ch\/wp-content\/uploads\/2025\/08\/batterie-lithium-90-ah-super-b-epsilon.jpg","type":"image\/jpeg"}],"twitter_card":"summary_large_image","twitter_misc":{"Gesch\u00e4tzte Lesezeit":"1\u00a0Minute"},"schema":{"@context":"https:\/\/schema.org","@graph":[{"@type":"WebPage","@id":"https:\/\/shop.bantam.ch\/de\/produkt\/lithium-batterie-espilon-90ah\/","url":"https:\/\/shop.bantam.ch\/de\/produkt\/lithium-batterie-espilon-90ah\/","name":"Lithium-Batterie Espilon 90Ah - Bantam","isPartOf":{"@id":"https:\/\/shop.bantam.ch\/de\/#website"},"primaryImageOfPage":{"@id":"https:\/\/shop.bantam.ch\/de\/produkt\/lithium-batterie-espilon-90ah\/#primaryimage"},"image":{"@id":"https:\/\/shop.bantam.ch\/de\/produkt\/lithium-batterie-espilon-90ah\/#primaryimage"},"thumbnailUrl":"https:\/\/shop.bantam.ch\/wp-content\/uploads\/2025\/08\/batterie-lithium-90-ah-super-b-epsilon.jpg","datePublished":"2025-08-04T11:17:49+00:00","dateModified":"2026-05-01T21:30:01+00:00","breadcrumb":{"@id":"https:\/\/shop.bantam.ch\/de\/produkt\/lithium-batterie-espilon-90ah\/#breadcrumb"},"inLanguage":"de","potentialAction":[{"@type":"ReadAction","target":["https:\/\/shop.bantam.ch\/de\/produkt\/lithium-batterie-espilon-90ah\/"]}]},{"@type":"ImageObject","inLanguage":"de","@id":"https:\/\/shop.bantam.ch\/de\/produkt\/lithium-batterie-espilon-90ah\/#primaryimage","url":"https:\/\/shop.bantam.ch\/wp-content\/uploads\/2025\/08\/batterie-lithium-90-ah-super-b-epsilon.jpg","contentUrl":"https:\/\/shop.bantam.ch\/wp-content\/uploads\/2025\/08\/batterie-lithium-90-ah-super-b-epsilon.jpg","width":800,"height":800},{"@type":"BreadcrumbList","@id":"https:\/\/shop.bantam.ch\/de\/produkt\/lithium-batterie-espilon-90ah\/#breadcrumb","itemListElement":[{"@type":"ListItem","position":1,"name":"Accueil","item":"https:\/\/shop.bantam.ch\/de\/"},{"@type":"ListItem","position":2,"name":"Shop","item":"https:\/\/shop.bantam.ch\/de\/shop\/"},{"@type":"ListItem","position":3,"name":"Lithium-Batterie Espilon 90Ah"}]},{"@type":"WebSite","@id":"https:\/\/shop.bantam.ch\/de\/#website","url":"https:\/\/shop.bantam.ch\/de\/","name":"Bantam","description":"","publisher":{"@id":"https:\/\/shop.bantam.ch\/de\/#organization"},"inLanguage":"de"},{"@type":"Organization","@id":"https:\/\/shop.bantam.ch\/de\/#organization","name":"Bantam","url":"https:\/\/shop.bantam.ch\/de\/","logo":{"@type":"ImageObject","inLanguage":"de","@id":"https:\/\/shop.bantam.ch\/de\/#\/schema\/logo\/image\/","url":"https:\/\/shop.bantam.ch\/wp-content\/uploads\/2022\/12\/bantam-logo.png","contentUrl":"https:\/\/shop.bantam.ch\/wp-content\/uploads\/2022\/12\/bantam-logo.png","width":320,"height":71,"caption":"Bantam"},"image":{"@id":"https:\/\/shop.bantam.ch\/de\/#\/schema\/logo\/image\/"}}]}},"_links":{"self":[{"href":"https:\/\/shop.bantam.ch\/de\/wp-json\/wp\/v2\/product\/220949","targetHints":{"allow":["GET"]}}],"collection":[{"href":"https:\/\/shop.bantam.ch\/de\/wp-json\/wp\/v2\/product"}],"about":[{"href":"https:\/\/shop.bantam.ch\/de\/wp-json\/wp\/v2\/types\/product"}],"wp:featuredmedia":[{"embeddable":true,"href":"https:\/\/shop.bantam.ch\/de\/wp-json\/wp\/v2\/media\/220959"}],"wp:attachment":[{"href":"https:\/\/shop.bantam.ch\/de\/wp-json\/wp\/v2\/media?parent=220949"}],"wp:term":[{"taxonomy":"product_featured_cat","embeddable":true,"href":"https:\/\/shop.bantam.ch\/de\/wp-json\/wp\/v2\/product_featured_cat?post=220949"},{"taxonomy":"product_brand","embeddable":true,"href":"https:\/\/shop.bantam.ch\/de\/wp-json\/wp\/v2\/product_brand?post=220949"},{"taxonomy":"product_cat","embeddable":true,"href":"https:\/\/shop.bantam.ch\/de\/wp-json\/wp\/v2\/product_cat?post=220949"},{"taxonomy":"product_tag","embeddable":true,"href":"https:\/\/shop.bantam.ch\/de\/wp-json\/wp\/v2\/product_tag?post=220949"}],"curies":[{"name":"wp","href":"https:\/\/api.w.org\/{rel}","templated":true}]}}