{"id":219691,"date":"2025-06-10T16:16:17","date_gmt":"2025-06-10T14:16:17","guid":{"rendered":"https:\/\/shop.bantam.ch\/produit\/orion-anbau\/"},"modified":"2026-05-10T23:32:29","modified_gmt":"2026-05-10T21:32:29","slug":"orion-anbau","status":"publish","type":"product","link":"https:\/\/shop.bantam.ch\/de\/produkt\/orion-anbau\/","title":{"rendered":"Orion Anbau"},"content":{"rendered":"<p>Westfield Orion Air Annex (Nur f\u00fcr Orion vor 2023). Das Orion Annex ist ein hervorragendes optionales Zubeh\u00f6r, das auf beiden Seiten des Orion-Vorzelts (nur f\u00fcr Orion vor 2023) angebracht werden kann. Es erm\u00f6glicht eine Erweiterung des Vorzelts f\u00fcr zus\u00e4tzlichen Stauraum, und durch den optionalen Innenzelt-Einsatz kann es sogar in einen Schlafbereich umgewandelt werden. Das Annex verf\u00fcgt \u00fcber einen doppelt gezippten Eingang, sodass das herausnehmbare Paneel erneut verwendet werden kann. Wenn es als Stauraum genutzt wird, kann das Paneel wieder eingezippt werden, um den Hauptbereich frei von Unordnung zu halten. Auf der R\u00fcckseite des Annex befindet sich eine Rei\u00dfverschlusst\u00fcr (die bei Bedarf vollst\u00e4ndig entfernt werden kann), die einen einfachen Zugang zum Verstauen von Gegenst\u00e4nden erm\u00f6glicht. Hergestellt aus dem robusten HydroTech SL Pro-Material, bietet das Annex eine beeindruckende Wassers\u00e4ule von 8.000 mm und somit hervorragenden Schutz bei jeder Witterung. Die Einrichtung ist \u00e4u\u00dferst einfach, da nur ein einziger Luftbalken aufgepumpt werden muss. Zudem wird das Annex mit Sturmriemen geliefert, die praktisch in kleinen Netzf\u00e4chern am Balken verstaut werden k\u00f6nnen, um ein Verheddern zu vermeiden. Eigenschaften. Einfach per Rei\u00dfverschluss anzubringen. Kann auf beiden Seiten des Vorzelts verwendet werden (oder auf beiden gleichzeitig). Ideal als zus\u00e4tzlicher Stauraum. Optionales Innenzelt erh\u00e4ltlich, um es in einen vollwertigen Schlafraum zu verwandeln. Materialien und Abmessungen. Luftgest\u00e4nge: Fortschrittliches Luftsystem. Gewebe: HydroTech SL Pro. Gr\u00f6\u00dfe: 200 x 220 x 165 &#8211; 185 cm. Gewicht: 6,5 kg. Packma\u00df. 78 x 20 x 20 cm<\/p>\n","protected":false},"excerpt":{"rendered":"<p>Westfield Orion Air Annex (Nur f\u00fcr Orion vor 2023). Das Orion Annex ist ein hervorragendes optionales Zubeh\u00f6r, das auf beiden Seiten des Orion-Vorzelts (nur f\u00fcr Orion vor 2023) angebracht werden kann. Es erm\u00f6glicht eine Erweiterung des Vorzelts f\u00fcr zus\u00e4tzlichen Stauraum, und durch den optionalen Innenzelt-Einsatz kann es sogar in einen Schlafbereich umgewandelt werden. Das Annex [&hellip;]<\/p>\n","protected":false},"featured_media":219687,"template":"","meta":{"_acf_changed":false},"product_featured_cat":[5301,5302],"product_brand":[3697],"product_cat":[3988],"product_tag":[],"class_list":{"0":"post-219691","1":"product","2":"type-product","3":"status-publish","4":"has-post-thumbnail","6":"product_featured_cat-promotions-etagnieres-fr","7":"product_featured_cat-sonderangebote-hindelbank-urdorf","8":"product_brand-westfiel-outdoors-de","9":"product_cat-zelte-vorzelte-zubehoer","11":"first","12":"instock","13":"sale","14":"taxable","15":"shipping-taxable","16":"purchasable","17":"product-type-simple"},"acf":[],"yoast_head":"<!-- This site is optimized with the Yoast SEO plugin v27.5 - https:\/\/yoast.com\/product\/yoast-seo-wordpress\/ -->\n<title>Orion Anbau - Bantam<\/title>\n<meta name=\"robots\" content=\"index, follow, max-snippet:-1, max-image-preview:large, max-video-preview:-1\" \/>\n<link rel=\"canonical\" href=\"https:\/\/shop.bantam.ch\/de\/produkt\/orion-anbau\/\" \/>\n<meta property=\"og:locale\" content=\"de_DE\" \/>\n<meta property=\"og:type\" content=\"article\" \/>\n<meta property=\"og:title\" content=\"Orion Anbau - Bantam\" \/>\n<meta property=\"og:description\" content=\"Westfield Orion Air Annex (Nur f\u00fcr Orion vor 2023). Das Orion Annex ist ein hervorragendes optionales Zubeh\u00f6r, das auf beiden Seiten des Orion-Vorzelts (nur f\u00fcr Orion vor 2023) angebracht werden kann. Es erm\u00f6glicht eine Erweiterung des Vorzelts f\u00fcr zus\u00e4tzlichen Stauraum, und durch den optionalen Innenzelt-Einsatz kann es sogar in einen Schlafbereich umgewandelt werden. Das Annex [&hellip;]\" \/>\n<meta property=\"og:url\" content=\"https:\/\/shop.bantam.ch\/de\/produkt\/orion-anbau\/\" \/>\n<meta property=\"og:site_name\" content=\"Bantam\" \/>\n<meta property=\"article:modified_time\" content=\"2026-05-10T21:32:29+00:00\" \/>\n<meta property=\"og:image\" content=\"https:\/\/shop.bantam.ch\/wp-content\/uploads\/2025\/06\/0ef87375-939e-4077-af51-4c584f340da8_546x546.jpg\" \/>\n\t<meta property=\"og:image:width\" content=\"546\" \/>\n\t<meta property=\"og:image:height\" content=\"546\" \/>\n\t<meta property=\"og:image:type\" content=\"image\/jpeg\" \/>\n<meta name=\"twitter:card\" content=\"summary_large_image\" \/>\n<meta name=\"twitter:label1\" content=\"Gesch\u00e4tzte Lesezeit\" \/>\n\t<meta name=\"twitter:data1\" content=\"1\u00a0Minute\" \/>\n<script type=\"application\/ld+json\" class=\"yoast-schema-graph\">{\"@context\":\"https:\\\/\\\/schema.org\",\"@graph\":[{\"@type\":\"WebPage\",\"@id\":\"https:\\\/\\\/shop.bantam.ch\\\/de\\\/produkt\\\/orion-anbau\\\/\",\"url\":\"https:\\\/\\\/shop.bantam.ch\\\/de\\\/produkt\\\/orion-anbau\\\/\",\"name\":\"Orion Anbau - Bantam\",\"isPartOf\":{\"@id\":\"https:\\\/\\\/shop.bantam.ch\\\/de\\\/#website\"},\"primaryImageOfPage\":{\"@id\":\"https:\\\/\\\/shop.bantam.ch\\\/de\\\/produkt\\\/orion-anbau\\\/#primaryimage\"},\"image\":{\"@id\":\"https:\\\/\\\/shop.bantam.ch\\\/de\\\/produkt\\\/orion-anbau\\\/#primaryimage\"},\"thumbnailUrl\":\"https:\\\/\\\/shop.bantam.ch\\\/wp-content\\\/uploads\\\/2025\\\/06\\\/0ef87375-939e-4077-af51-4c584f340da8_546x546.jpg\",\"datePublished\":\"2025-06-10T14:16:17+00:00\",\"dateModified\":\"2026-05-10T21:32:29+00:00\",\"breadcrumb\":{\"@id\":\"https:\\\/\\\/shop.bantam.ch\\\/de\\\/produkt\\\/orion-anbau\\\/#breadcrumb\"},\"inLanguage\":\"de\",\"potentialAction\":[{\"@type\":\"ReadAction\",\"target\":[\"https:\\\/\\\/shop.bantam.ch\\\/de\\\/produkt\\\/orion-anbau\\\/\"]}]},{\"@type\":\"ImageObject\",\"inLanguage\":\"de\",\"@id\":\"https:\\\/\\\/shop.bantam.ch\\\/de\\\/produkt\\\/orion-anbau\\\/#primaryimage\",\"url\":\"https:\\\/\\\/shop.bantam.ch\\\/wp-content\\\/uploads\\\/2025\\\/06\\\/0ef87375-939e-4077-af51-4c584f340da8_546x546.jpg\",\"contentUrl\":\"https:\\\/\\\/shop.bantam.ch\\\/wp-content\\\/uploads\\\/2025\\\/06\\\/0ef87375-939e-4077-af51-4c584f340da8_546x546.jpg\",\"width\":546,\"height\":546},{\"@type\":\"BreadcrumbList\",\"@id\":\"https:\\\/\\\/shop.bantam.ch\\\/de\\\/produkt\\\/orion-anbau\\\/#breadcrumb\",\"itemListElement\":[{\"@type\":\"ListItem\",\"position\":1,\"name\":\"Accueil\",\"item\":\"https:\\\/\\\/shop.bantam.ch\\\/de\\\/\"},{\"@type\":\"ListItem\",\"position\":2,\"name\":\"Shop\",\"item\":\"https:\\\/\\\/shop.bantam.ch\\\/de\\\/shop\\\/\"},{\"@type\":\"ListItem\",\"position\":3,\"name\":\"Orion Anbau\"}]},{\"@type\":\"WebSite\",\"@id\":\"https:\\\/\\\/shop.bantam.ch\\\/de\\\/#website\",\"url\":\"https:\\\/\\\/shop.bantam.ch\\\/de\\\/\",\"name\":\"Bantam\",\"description\":\"\",\"publisher\":{\"@id\":\"https:\\\/\\\/shop.bantam.ch\\\/de\\\/#organization\"},\"inLanguage\":\"de\"},{\"@type\":\"Organization\",\"@id\":\"https:\\\/\\\/shop.bantam.ch\\\/de\\\/#organization\",\"name\":\"Bantam\",\"url\":\"https:\\\/\\\/shop.bantam.ch\\\/de\\\/\",\"logo\":{\"@type\":\"ImageObject\",\"inLanguage\":\"de\",\"@id\":\"https:\\\/\\\/shop.bantam.ch\\\/de\\\/#\\\/schema\\\/logo\\\/image\\\/\",\"url\":\"https:\\\/\\\/shop.bantam.ch\\\/wp-content\\\/uploads\\\/2022\\\/12\\\/bantam-logo.png\",\"contentUrl\":\"https:\\\/\\\/shop.bantam.ch\\\/wp-content\\\/uploads\\\/2022\\\/12\\\/bantam-logo.png\",\"width\":320,\"height\":71,\"caption\":\"Bantam\"},\"image\":{\"@id\":\"https:\\\/\\\/shop.bantam.ch\\\/de\\\/#\\\/schema\\\/logo\\\/image\\\/\"}}]}<\/script>\n<!-- \/ Yoast SEO plugin. -->","yoast_head_json":{"title":"Orion Anbau - Bantam","robots":{"index":"index","follow":"follow","max-snippet":"max-snippet:-1","max-image-preview":"max-image-preview:large","max-video-preview":"max-video-preview:-1"},"canonical":"https:\/\/shop.bantam.ch\/de\/produkt\/orion-anbau\/","og_locale":"de_DE","og_type":"article","og_title":"Orion Anbau - Bantam","og_description":"Westfield Orion Air Annex (Nur f\u00fcr Orion vor 2023). Das Orion Annex ist ein hervorragendes optionales Zubeh\u00f6r, das auf beiden Seiten des Orion-Vorzelts (nur f\u00fcr Orion vor 2023) angebracht werden kann. Es erm\u00f6glicht eine Erweiterung des Vorzelts f\u00fcr zus\u00e4tzlichen Stauraum, und durch den optionalen Innenzelt-Einsatz kann es sogar in einen Schlafbereich umgewandelt werden. Das Annex [&hellip;]","og_url":"https:\/\/shop.bantam.ch\/de\/produkt\/orion-anbau\/","og_site_name":"Bantam","article_modified_time":"2026-05-10T21:32:29+00:00","og_image":[{"width":546,"height":546,"url":"https:\/\/shop.bantam.ch\/wp-content\/uploads\/2025\/06\/0ef87375-939e-4077-af51-4c584f340da8_546x546.jpg","type":"image\/jpeg"}],"twitter_card":"summary_large_image","twitter_misc":{"Gesch\u00e4tzte Lesezeit":"1\u00a0Minute"},"schema":{"@context":"https:\/\/schema.org","@graph":[{"@type":"WebPage","@id":"https:\/\/shop.bantam.ch\/de\/produkt\/orion-anbau\/","url":"https:\/\/shop.bantam.ch\/de\/produkt\/orion-anbau\/","name":"Orion Anbau - Bantam","isPartOf":{"@id":"https:\/\/shop.bantam.ch\/de\/#website"},"primaryImageOfPage":{"@id":"https:\/\/shop.bantam.ch\/de\/produkt\/orion-anbau\/#primaryimage"},"image":{"@id":"https:\/\/shop.bantam.ch\/de\/produkt\/orion-anbau\/#primaryimage"},"thumbnailUrl":"https:\/\/shop.bantam.ch\/wp-content\/uploads\/2025\/06\/0ef87375-939e-4077-af51-4c584f340da8_546x546.jpg","datePublished":"2025-06-10T14:16:17+00:00","dateModified":"2026-05-10T21:32:29+00:00","breadcrumb":{"@id":"https:\/\/shop.bantam.ch\/de\/produkt\/orion-anbau\/#breadcrumb"},"inLanguage":"de","potentialAction":[{"@type":"ReadAction","target":["https:\/\/shop.bantam.ch\/de\/produkt\/orion-anbau\/"]}]},{"@type":"ImageObject","inLanguage":"de","@id":"https:\/\/shop.bantam.ch\/de\/produkt\/orion-anbau\/#primaryimage","url":"https:\/\/shop.bantam.ch\/wp-content\/uploads\/2025\/06\/0ef87375-939e-4077-af51-4c584f340da8_546x546.jpg","contentUrl":"https:\/\/shop.bantam.ch\/wp-content\/uploads\/2025\/06\/0ef87375-939e-4077-af51-4c584f340da8_546x546.jpg","width":546,"height":546},{"@type":"BreadcrumbList","@id":"https:\/\/shop.bantam.ch\/de\/produkt\/orion-anbau\/#breadcrumb","itemListElement":[{"@type":"ListItem","position":1,"name":"Accueil","item":"https:\/\/shop.bantam.ch\/de\/"},{"@type":"ListItem","position":2,"name":"Shop","item":"https:\/\/shop.bantam.ch\/de\/shop\/"},{"@type":"ListItem","position":3,"name":"Orion Anbau"}]},{"@type":"WebSite","@id":"https:\/\/shop.bantam.ch\/de\/#website","url":"https:\/\/shop.bantam.ch\/de\/","name":"Bantam","description":"","publisher":{"@id":"https:\/\/shop.bantam.ch\/de\/#organization"},"inLanguage":"de"},{"@type":"Organization","@id":"https:\/\/shop.bantam.ch\/de\/#organization","name":"Bantam","url":"https:\/\/shop.bantam.ch\/de\/","logo":{"@type":"ImageObject","inLanguage":"de","@id":"https:\/\/shop.bantam.ch\/de\/#\/schema\/logo\/image\/","url":"https:\/\/shop.bantam.ch\/wp-content\/uploads\/2022\/12\/bantam-logo.png","contentUrl":"https:\/\/shop.bantam.ch\/wp-content\/uploads\/2022\/12\/bantam-logo.png","width":320,"height":71,"caption":"Bantam"},"image":{"@id":"https:\/\/shop.bantam.ch\/de\/#\/schema\/logo\/image\/"}}]}},"_links":{"self":[{"href":"https:\/\/shop.bantam.ch\/de\/wp-json\/wp\/v2\/product\/219691","targetHints":{"allow":["GET"]}}],"collection":[{"href":"https:\/\/shop.bantam.ch\/de\/wp-json\/wp\/v2\/product"}],"about":[{"href":"https:\/\/shop.bantam.ch\/de\/wp-json\/wp\/v2\/types\/product"}],"wp:featuredmedia":[{"embeddable":true,"href":"https:\/\/shop.bantam.ch\/de\/wp-json\/wp\/v2\/media\/219687"}],"wp:attachment":[{"href":"https:\/\/shop.bantam.ch\/de\/wp-json\/wp\/v2\/media?parent=219691"}],"wp:term":[{"taxonomy":"product_featured_cat","embeddable":true,"href":"https:\/\/shop.bantam.ch\/de\/wp-json\/wp\/v2\/product_featured_cat?post=219691"},{"taxonomy":"product_brand","embeddable":true,"href":"https:\/\/shop.bantam.ch\/de\/wp-json\/wp\/v2\/product_brand?post=219691"},{"taxonomy":"product_cat","embeddable":true,"href":"https:\/\/shop.bantam.ch\/de\/wp-json\/wp\/v2\/product_cat?post=219691"},{"taxonomy":"product_tag","embeddable":true,"href":"https:\/\/shop.bantam.ch\/de\/wp-json\/wp\/v2\/product_tag?post=219691"}],"curies":[{"name":"wp","href":"https:\/\/api.w.org\/{rel}","templated":true}]}}