{"id":219527,"date":"2025-06-04T08:44:47","date_gmt":"2025-06-04T06:44:47","guid":{"rendered":"https:\/\/shop.bantam.ch\/produit\/kabine-fuer-breiten-overland-gelaendewagen\/"},"modified":"2026-05-10T23:32:28","modified_gmt":"2026-05-10T21:32:28","slug":"kabine-fuer-breiten-overland-gelaendewagen","status":"publish","type":"product","link":"https:\/\/shop.bantam.ch\/de\/produkt\/kabine-fuer-breiten-overland-gelaendewagen\/","title":{"rendered":"Kabine f\u00fcr breiten Overland-Gel\u00e4ndewagen"},"content":{"rendered":"<p>Overland-Umkleidekabine (f\u00fcr Fahrzeuge mit einer Gesamth\u00f6he \u2013 inklusive Dachtr\u00e4ger \u2013 zwischen 186 und 220 cm). Diese praktische und leichte Kabine wurde f\u00fcr Abenteurer entwickelt, die nie stillstehen. Sie l\u00e4sst sich dank eines cleveren Schienensystems in eine kleine Veranda verwandeln \u2013 ideal zum Umziehen oder zum Verstauen Ihrer Ausr\u00fcstung. Abmessungen: 180 x 110 cm. Gr\u00f6\u00dfe: Large. Farbe des Stoffs: Safari. Geeignet f\u00fcr: klassische Fahrzeuge<\/p>\n","protected":false},"excerpt":{"rendered":"<p>Overland-Umkleidekabine (f\u00fcr Fahrzeuge mit einer Gesamth\u00f6he \u2013 inklusive Dachtr\u00e4ger \u2013 zwischen 186 und 220 cm). Diese praktische und leichte Kabine wurde f\u00fcr Abenteurer entwickelt, die nie stillstehen. Sie l\u00e4sst sich dank eines cleveren Schienensystems in eine kleine Veranda verwandeln \u2013 ideal zum Umziehen oder zum Verstauen Ihrer Ausr\u00fcstung. Abmessungen: 180 x 110 cm. Gr\u00f6\u00dfe: Large. [&hellip;]<\/p>\n","protected":false},"featured_media":219523,"template":"","meta":{"_acf_changed":false},"product_featured_cat":[5301],"product_brand":[3741],"product_cat":[3988],"product_tag":[],"class_list":{"0":"post-219527","1":"product","2":"type-product","3":"status-publish","4":"has-post-thumbnail","6":"product_featured_cat-promotions-etagnieres-fr","7":"product_brand-bantam-de","8":"product_cat-zelte-vorzelte-zubehoer","10":"first","11":"instock","12":"sale","13":"taxable","14":"shipping-taxable","15":"purchasable","16":"product-type-simple"},"acf":[],"yoast_head":"<!-- This site is optimized with the Yoast SEO plugin v27.5 - https:\/\/yoast.com\/product\/yoast-seo-wordpress\/ -->\n<title>Kabine f\u00fcr breiten Overland-Gel\u00e4ndewagen - Bantam<\/title>\n<meta name=\"robots\" content=\"index, follow, max-snippet:-1, max-image-preview:large, max-video-preview:-1\" \/>\n<link rel=\"canonical\" href=\"https:\/\/shop.bantam.ch\/de\/produkt\/kabine-fuer-breiten-overland-gelaendewagen\/\" \/>\n<meta property=\"og:locale\" content=\"de_DE\" \/>\n<meta property=\"og:type\" content=\"article\" \/>\n<meta property=\"og:title\" content=\"Kabine f\u00fcr breiten Overland-Gel\u00e4ndewagen - Bantam\" \/>\n<meta property=\"og:description\" content=\"Overland-Umkleidekabine (f\u00fcr Fahrzeuge mit einer Gesamth\u00f6he \u2013 inklusive Dachtr\u00e4ger \u2013 zwischen 186 und 220 cm). Diese praktische und leichte Kabine wurde f\u00fcr Abenteurer entwickelt, die nie stillstehen. Sie l\u00e4sst sich dank eines cleveren Schienensystems in eine kleine Veranda verwandeln \u2013 ideal zum Umziehen oder zum Verstauen Ihrer Ausr\u00fcstung. Abmessungen: 180 x 110 cm. Gr\u00f6\u00dfe: Large. [&hellip;]\" \/>\n<meta property=\"og:url\" content=\"https:\/\/shop.bantam.ch\/de\/produkt\/kabine-fuer-breiten-overland-gelaendewagen\/\" \/>\n<meta property=\"og:site_name\" content=\"Bantam\" \/>\n<meta property=\"article:modified_time\" content=\"2026-05-10T21:32:28+00:00\" \/>\n<meta property=\"og:image\" content=\"https:\/\/shop.bantam.ch\/wp-content\/uploads\/2025\/06\/75x75_5323.jpg\" \/>\n\t<meta property=\"og:image:width\" content=\"700\" \/>\n\t<meta property=\"og:image:height\" content=\"475\" \/>\n\t<meta property=\"og:image:type\" content=\"image\/jpeg\" \/>\n<meta name=\"twitter:card\" content=\"summary_large_image\" \/>\n<script type=\"application\/ld+json\" class=\"yoast-schema-graph\">{\"@context\":\"https:\\\/\\\/schema.org\",\"@graph\":[{\"@type\":\"WebPage\",\"@id\":\"https:\\\/\\\/shop.bantam.ch\\\/de\\\/produkt\\\/kabine-fuer-breiten-overland-gelaendewagen\\\/\",\"url\":\"https:\\\/\\\/shop.bantam.ch\\\/de\\\/produkt\\\/kabine-fuer-breiten-overland-gelaendewagen\\\/\",\"name\":\"Kabine f\u00fcr breiten Overland-Gel\u00e4ndewagen - Bantam\",\"isPartOf\":{\"@id\":\"https:\\\/\\\/shop.bantam.ch\\\/de\\\/#website\"},\"primaryImageOfPage\":{\"@id\":\"https:\\\/\\\/shop.bantam.ch\\\/de\\\/produkt\\\/kabine-fuer-breiten-overland-gelaendewagen\\\/#primaryimage\"},\"image\":{\"@id\":\"https:\\\/\\\/shop.bantam.ch\\\/de\\\/produkt\\\/kabine-fuer-breiten-overland-gelaendewagen\\\/#primaryimage\"},\"thumbnailUrl\":\"https:\\\/\\\/shop.bantam.ch\\\/wp-content\\\/uploads\\\/2025\\\/06\\\/75x75_5323.jpg\",\"datePublished\":\"2025-06-04T06:44:47+00:00\",\"dateModified\":\"2026-05-10T21:32:28+00:00\",\"breadcrumb\":{\"@id\":\"https:\\\/\\\/shop.bantam.ch\\\/de\\\/produkt\\\/kabine-fuer-breiten-overland-gelaendewagen\\\/#breadcrumb\"},\"inLanguage\":\"de\",\"potentialAction\":[{\"@type\":\"ReadAction\",\"target\":[\"https:\\\/\\\/shop.bantam.ch\\\/de\\\/produkt\\\/kabine-fuer-breiten-overland-gelaendewagen\\\/\"]}]},{\"@type\":\"ImageObject\",\"inLanguage\":\"de\",\"@id\":\"https:\\\/\\\/shop.bantam.ch\\\/de\\\/produkt\\\/kabine-fuer-breiten-overland-gelaendewagen\\\/#primaryimage\",\"url\":\"https:\\\/\\\/shop.bantam.ch\\\/wp-content\\\/uploads\\\/2025\\\/06\\\/75x75_5323.jpg\",\"contentUrl\":\"https:\\\/\\\/shop.bantam.ch\\\/wp-content\\\/uploads\\\/2025\\\/06\\\/75x75_5323.jpg\",\"width\":700,\"height\":475},{\"@type\":\"BreadcrumbList\",\"@id\":\"https:\\\/\\\/shop.bantam.ch\\\/de\\\/produkt\\\/kabine-fuer-breiten-overland-gelaendewagen\\\/#breadcrumb\",\"itemListElement\":[{\"@type\":\"ListItem\",\"position\":1,\"name\":\"Accueil\",\"item\":\"https:\\\/\\\/shop.bantam.ch\\\/de\\\/\"},{\"@type\":\"ListItem\",\"position\":2,\"name\":\"Shop\",\"item\":\"https:\\\/\\\/shop.bantam.ch\\\/de\\\/shop\\\/\"},{\"@type\":\"ListItem\",\"position\":3,\"name\":\"Kabine f\u00fcr breiten Overland-Gel\u00e4ndewagen\"}]},{\"@type\":\"WebSite\",\"@id\":\"https:\\\/\\\/shop.bantam.ch\\\/de\\\/#website\",\"url\":\"https:\\\/\\\/shop.bantam.ch\\\/de\\\/\",\"name\":\"Bantam\",\"description\":\"\",\"publisher\":{\"@id\":\"https:\\\/\\\/shop.bantam.ch\\\/de\\\/#organization\"},\"inLanguage\":\"de\"},{\"@type\":\"Organization\",\"@id\":\"https:\\\/\\\/shop.bantam.ch\\\/de\\\/#organization\",\"name\":\"Bantam\",\"url\":\"https:\\\/\\\/shop.bantam.ch\\\/de\\\/\",\"logo\":{\"@type\":\"ImageObject\",\"inLanguage\":\"de\",\"@id\":\"https:\\\/\\\/shop.bantam.ch\\\/de\\\/#\\\/schema\\\/logo\\\/image\\\/\",\"url\":\"https:\\\/\\\/shop.bantam.ch\\\/wp-content\\\/uploads\\\/2022\\\/12\\\/bantam-logo.png\",\"contentUrl\":\"https:\\\/\\\/shop.bantam.ch\\\/wp-content\\\/uploads\\\/2022\\\/12\\\/bantam-logo.png\",\"width\":320,\"height\":71,\"caption\":\"Bantam\"},\"image\":{\"@id\":\"https:\\\/\\\/shop.bantam.ch\\\/de\\\/#\\\/schema\\\/logo\\\/image\\\/\"}}]}<\/script>\n<!-- \/ Yoast SEO plugin. -->","yoast_head_json":{"title":"Kabine f\u00fcr breiten Overland-Gel\u00e4ndewagen - Bantam","robots":{"index":"index","follow":"follow","max-snippet":"max-snippet:-1","max-image-preview":"max-image-preview:large","max-video-preview":"max-video-preview:-1"},"canonical":"https:\/\/shop.bantam.ch\/de\/produkt\/kabine-fuer-breiten-overland-gelaendewagen\/","og_locale":"de_DE","og_type":"article","og_title":"Kabine f\u00fcr breiten Overland-Gel\u00e4ndewagen - Bantam","og_description":"Overland-Umkleidekabine (f\u00fcr Fahrzeuge mit einer Gesamth\u00f6he \u2013 inklusive Dachtr\u00e4ger \u2013 zwischen 186 und 220 cm). Diese praktische und leichte Kabine wurde f\u00fcr Abenteurer entwickelt, die nie stillstehen. Sie l\u00e4sst sich dank eines cleveren Schienensystems in eine kleine Veranda verwandeln \u2013 ideal zum Umziehen oder zum Verstauen Ihrer Ausr\u00fcstung. Abmessungen: 180 x 110 cm. Gr\u00f6\u00dfe: Large. [&hellip;]","og_url":"https:\/\/shop.bantam.ch\/de\/produkt\/kabine-fuer-breiten-overland-gelaendewagen\/","og_site_name":"Bantam","article_modified_time":"2026-05-10T21:32:28+00:00","og_image":[{"width":700,"height":475,"url":"https:\/\/shop.bantam.ch\/wp-content\/uploads\/2025\/06\/75x75_5323.jpg","type":"image\/jpeg"}],"twitter_card":"summary_large_image","schema":{"@context":"https:\/\/schema.org","@graph":[{"@type":"WebPage","@id":"https:\/\/shop.bantam.ch\/de\/produkt\/kabine-fuer-breiten-overland-gelaendewagen\/","url":"https:\/\/shop.bantam.ch\/de\/produkt\/kabine-fuer-breiten-overland-gelaendewagen\/","name":"Kabine f\u00fcr breiten Overland-Gel\u00e4ndewagen - Bantam","isPartOf":{"@id":"https:\/\/shop.bantam.ch\/de\/#website"},"primaryImageOfPage":{"@id":"https:\/\/shop.bantam.ch\/de\/produkt\/kabine-fuer-breiten-overland-gelaendewagen\/#primaryimage"},"image":{"@id":"https:\/\/shop.bantam.ch\/de\/produkt\/kabine-fuer-breiten-overland-gelaendewagen\/#primaryimage"},"thumbnailUrl":"https:\/\/shop.bantam.ch\/wp-content\/uploads\/2025\/06\/75x75_5323.jpg","datePublished":"2025-06-04T06:44:47+00:00","dateModified":"2026-05-10T21:32:28+00:00","breadcrumb":{"@id":"https:\/\/shop.bantam.ch\/de\/produkt\/kabine-fuer-breiten-overland-gelaendewagen\/#breadcrumb"},"inLanguage":"de","potentialAction":[{"@type":"ReadAction","target":["https:\/\/shop.bantam.ch\/de\/produkt\/kabine-fuer-breiten-overland-gelaendewagen\/"]}]},{"@type":"ImageObject","inLanguage":"de","@id":"https:\/\/shop.bantam.ch\/de\/produkt\/kabine-fuer-breiten-overland-gelaendewagen\/#primaryimage","url":"https:\/\/shop.bantam.ch\/wp-content\/uploads\/2025\/06\/75x75_5323.jpg","contentUrl":"https:\/\/shop.bantam.ch\/wp-content\/uploads\/2025\/06\/75x75_5323.jpg","width":700,"height":475},{"@type":"BreadcrumbList","@id":"https:\/\/shop.bantam.ch\/de\/produkt\/kabine-fuer-breiten-overland-gelaendewagen\/#breadcrumb","itemListElement":[{"@type":"ListItem","position":1,"name":"Accueil","item":"https:\/\/shop.bantam.ch\/de\/"},{"@type":"ListItem","position":2,"name":"Shop","item":"https:\/\/shop.bantam.ch\/de\/shop\/"},{"@type":"ListItem","position":3,"name":"Kabine f\u00fcr breiten Overland-Gel\u00e4ndewagen"}]},{"@type":"WebSite","@id":"https:\/\/shop.bantam.ch\/de\/#website","url":"https:\/\/shop.bantam.ch\/de\/","name":"Bantam","description":"","publisher":{"@id":"https:\/\/shop.bantam.ch\/de\/#organization"},"inLanguage":"de"},{"@type":"Organization","@id":"https:\/\/shop.bantam.ch\/de\/#organization","name":"Bantam","url":"https:\/\/shop.bantam.ch\/de\/","logo":{"@type":"ImageObject","inLanguage":"de","@id":"https:\/\/shop.bantam.ch\/de\/#\/schema\/logo\/image\/","url":"https:\/\/shop.bantam.ch\/wp-content\/uploads\/2022\/12\/bantam-logo.png","contentUrl":"https:\/\/shop.bantam.ch\/wp-content\/uploads\/2022\/12\/bantam-logo.png","width":320,"height":71,"caption":"Bantam"},"image":{"@id":"https:\/\/shop.bantam.ch\/de\/#\/schema\/logo\/image\/"}}]}},"_links":{"self":[{"href":"https:\/\/shop.bantam.ch\/de\/wp-json\/wp\/v2\/product\/219527","targetHints":{"allow":["GET"]}}],"collection":[{"href":"https:\/\/shop.bantam.ch\/de\/wp-json\/wp\/v2\/product"}],"about":[{"href":"https:\/\/shop.bantam.ch\/de\/wp-json\/wp\/v2\/types\/product"}],"wp:featuredmedia":[{"embeddable":true,"href":"https:\/\/shop.bantam.ch\/de\/wp-json\/wp\/v2\/media\/219523"}],"wp:attachment":[{"href":"https:\/\/shop.bantam.ch\/de\/wp-json\/wp\/v2\/media?parent=219527"}],"wp:term":[{"taxonomy":"product_featured_cat","embeddable":true,"href":"https:\/\/shop.bantam.ch\/de\/wp-json\/wp\/v2\/product_featured_cat?post=219527"},{"taxonomy":"product_brand","embeddable":true,"href":"https:\/\/shop.bantam.ch\/de\/wp-json\/wp\/v2\/product_brand?post=219527"},{"taxonomy":"product_cat","embeddable":true,"href":"https:\/\/shop.bantam.ch\/de\/wp-json\/wp\/v2\/product_cat?post=219527"},{"taxonomy":"product_tag","embeddable":true,"href":"https:\/\/shop.bantam.ch\/de\/wp-json\/wp\/v2\/product_tag?post=219527"}],"curies":[{"name":"wp","href":"https:\/\/api.w.org\/{rel}","templated":true}]}}