{"id":219348,"date":"2025-05-27T15:54:55","date_gmt":"2025-05-27T13:54:55","guid":{"rendered":"https:\/\/shop.bantam.ch\/produit\/little-joe-lufterfrischer-vanilla\/"},"modified":"2026-04-17T23:33:21","modified_gmt":"2026-04-17T21:33:21","slug":"little-joe-lufterfrischer-vanilla","status":"publish","type":"product","link":"https:\/\/shop.bantam.ch\/de\/produkt\/little-joe-lufterfrischer-vanilla\/","title":{"rendered":"Little Joe Lufterfrischer &#8211; Vanilla"},"content":{"rendered":"<p>Dieser Little Joe 3D Lufterfrischer verstr\u00f6mt einen angenehmen Neuwagenduft in Ihrem Fahrzeuginnenraum. Die Duftdauer betr\u00e4gt etwa 45 Tage. Der Lufterfrischer wird an den L\u00fcftungsgittern des Fahrzeugs befestigt, sodass der Duft durch die Fahrzeugbel\u00fcftung besonders effektiv verteilt wird.<\/p>\n","protected":false},"excerpt":{"rendered":"<p>Dieser Little Joe 3D Lufterfrischer verstr\u00f6mt einen angenehmen Neuwagenduft in Ihrem Fahrzeuginnenraum. Die Duftdauer betr\u00e4gt etwa 45 Tage. Der Lufterfrischer wird an den L\u00fcftungsgittern des Fahrzeugs befestigt, sodass der Duft durch die Fahrzeugbel\u00fcftung besonders effektiv verteilt wird.<\/p>\n","protected":false},"featured_media":219344,"template":"","meta":{"_acf_changed":false},"product_featured_cat":[],"product_brand":[5314],"product_cat":[4756],"product_tag":[],"class_list":{"0":"post-219348","1":"product","2":"type-product","3":"status-publish","4":"has-post-thumbnail","6":"product_brand-drive-int-ag-de","7":"product_cat-zubehoer-fuer-reinigungs-pflegemittel","9":"first","10":"instock","11":"taxable","12":"shipping-taxable","13":"purchasable","14":"product-type-simple"},"acf":[],"yoast_head":"<!-- This site is optimized with the Yoast SEO plugin v27.4 - https:\/\/yoast.com\/product\/yoast-seo-wordpress\/ -->\n<title>Little Joe Lufterfrischer - Vanilla - Bantam Camping AG<\/title>\n<meta name=\"robots\" content=\"index, follow, max-snippet:-1, max-image-preview:large, max-video-preview:-1\" \/>\n<link rel=\"canonical\" href=\"https:\/\/shop.bantam.ch\/de\/produkt\/little-joe-lufterfrischer-vanilla\/\" \/>\n<meta property=\"og:locale\" content=\"de_DE\" \/>\n<meta property=\"og:type\" content=\"article\" \/>\n<meta property=\"og:title\" content=\"Little Joe Lufterfrischer - Vanilla - Bantam Camping AG\" \/>\n<meta property=\"og:description\" content=\"Dieser Little Joe 3D Lufterfrischer verstr\u00f6mt einen angenehmen Neuwagenduft in Ihrem Fahrzeuginnenraum. Die Duftdauer betr\u00e4gt etwa 45 Tage. Der Lufterfrischer wird an den L\u00fcftungsgittern des Fahrzeugs befestigt, sodass der Duft durch die Fahrzeugbel\u00fcftung besonders effektiv verteilt wird.\" \/>\n<meta property=\"og:url\" content=\"https:\/\/shop.bantam.ch\/de\/produkt\/little-joe-lufterfrischer-vanilla\/\" \/>\n<meta property=\"og:site_name\" content=\"Bantam Camping AG\" \/>\n<meta property=\"article:modified_time\" content=\"2026-04-17T21:33:21+00:00\" \/>\n<meta property=\"og:image\" content=\"https:\/\/shop.bantam.ch\/wp-content\/uploads\/2025\/05\/6292170-004.jpg\" \/>\n\t<meta property=\"og:image:width\" content=\"800\" \/>\n\t<meta property=\"og:image:height\" content=\"533\" \/>\n\t<meta property=\"og:image:type\" content=\"image\/jpeg\" \/>\n<meta name=\"twitter:card\" content=\"summary_large_image\" \/>\n<script type=\"application\/ld+json\" class=\"yoast-schema-graph\">{\"@context\":\"https:\\\/\\\/schema.org\",\"@graph\":[{\"@type\":\"WebPage\",\"@id\":\"https:\\\/\\\/shop.bantam.ch\\\/de\\\/produkt\\\/little-joe-lufterfrischer-vanilla\\\/\",\"url\":\"https:\\\/\\\/shop.bantam.ch\\\/de\\\/produkt\\\/little-joe-lufterfrischer-vanilla\\\/\",\"name\":\"Little Joe Lufterfrischer - Vanilla - Bantam Camping AG\",\"isPartOf\":{\"@id\":\"https:\\\/\\\/shop.bantam.ch\\\/de\\\/#website\"},\"primaryImageOfPage\":{\"@id\":\"https:\\\/\\\/shop.bantam.ch\\\/de\\\/produkt\\\/little-joe-lufterfrischer-vanilla\\\/#primaryimage\"},\"image\":{\"@id\":\"https:\\\/\\\/shop.bantam.ch\\\/de\\\/produkt\\\/little-joe-lufterfrischer-vanilla\\\/#primaryimage\"},\"thumbnailUrl\":\"https:\\\/\\\/shop.bantam.ch\\\/wp-content\\\/uploads\\\/2025\\\/05\\\/6292170-004.jpg\",\"datePublished\":\"2025-05-27T13:54:55+00:00\",\"dateModified\":\"2026-04-17T21:33:21+00:00\",\"breadcrumb\":{\"@id\":\"https:\\\/\\\/shop.bantam.ch\\\/de\\\/produkt\\\/little-joe-lufterfrischer-vanilla\\\/#breadcrumb\"},\"inLanguage\":\"de\",\"potentialAction\":[{\"@type\":\"ReadAction\",\"target\":[\"https:\\\/\\\/shop.bantam.ch\\\/de\\\/produkt\\\/little-joe-lufterfrischer-vanilla\\\/\"]}]},{\"@type\":\"ImageObject\",\"inLanguage\":\"de\",\"@id\":\"https:\\\/\\\/shop.bantam.ch\\\/de\\\/produkt\\\/little-joe-lufterfrischer-vanilla\\\/#primaryimage\",\"url\":\"https:\\\/\\\/shop.bantam.ch\\\/wp-content\\\/uploads\\\/2025\\\/05\\\/6292170-004.jpg\",\"contentUrl\":\"https:\\\/\\\/shop.bantam.ch\\\/wp-content\\\/uploads\\\/2025\\\/05\\\/6292170-004.jpg\",\"width\":800,\"height\":533},{\"@type\":\"BreadcrumbList\",\"@id\":\"https:\\\/\\\/shop.bantam.ch\\\/de\\\/produkt\\\/little-joe-lufterfrischer-vanilla\\\/#breadcrumb\",\"itemListElement\":[{\"@type\":\"ListItem\",\"position\":1,\"name\":\"Accueil\",\"item\":\"https:\\\/\\\/shop.bantam.ch\\\/de\\\/\"},{\"@type\":\"ListItem\",\"position\":2,\"name\":\"Shop\",\"item\":\"https:\\\/\\\/shop.bantam.ch\\\/de\\\/shop\\\/\"},{\"@type\":\"ListItem\",\"position\":3,\"name\":\"Little Joe Lufterfrischer &#8211; Vanilla\"}]},{\"@type\":\"WebSite\",\"@id\":\"https:\\\/\\\/shop.bantam.ch\\\/de\\\/#website\",\"url\":\"https:\\\/\\\/shop.bantam.ch\\\/de\\\/\",\"name\":\"Bantam Camping AG\",\"description\":\"\",\"publisher\":{\"@id\":\"https:\\\/\\\/shop.bantam.ch\\\/de\\\/#organization\"},\"inLanguage\":\"de\"},{\"@type\":\"Organization\",\"@id\":\"https:\\\/\\\/shop.bantam.ch\\\/de\\\/#organization\",\"name\":\"Bantam Camping AG\",\"url\":\"https:\\\/\\\/shop.bantam.ch\\\/de\\\/\",\"logo\":{\"@type\":\"ImageObject\",\"inLanguage\":\"de\",\"@id\":\"https:\\\/\\\/shop.bantam.ch\\\/de\\\/#\\\/schema\\\/logo\\\/image\\\/\",\"url\":\"https:\\\/\\\/shop.bantam.ch\\\/wp-content\\\/uploads\\\/2022\\\/12\\\/bantam-logo.png\",\"contentUrl\":\"https:\\\/\\\/shop.bantam.ch\\\/wp-content\\\/uploads\\\/2022\\\/12\\\/bantam-logo.png\",\"width\":320,\"height\":71,\"caption\":\"Bantam Camping AG\"},\"image\":{\"@id\":\"https:\\\/\\\/shop.bantam.ch\\\/de\\\/#\\\/schema\\\/logo\\\/image\\\/\"}}]}<\/script>\n<!-- \/ Yoast SEO plugin. -->","yoast_head_json":{"title":"Little Joe Lufterfrischer - Vanilla - Bantam Camping AG","robots":{"index":"index","follow":"follow","max-snippet":"max-snippet:-1","max-image-preview":"max-image-preview:large","max-video-preview":"max-video-preview:-1"},"canonical":"https:\/\/shop.bantam.ch\/de\/produkt\/little-joe-lufterfrischer-vanilla\/","og_locale":"de_DE","og_type":"article","og_title":"Little Joe Lufterfrischer - Vanilla - Bantam Camping AG","og_description":"Dieser Little Joe 3D Lufterfrischer verstr\u00f6mt einen angenehmen Neuwagenduft in Ihrem Fahrzeuginnenraum. Die Duftdauer betr\u00e4gt etwa 45 Tage. Der Lufterfrischer wird an den L\u00fcftungsgittern des Fahrzeugs befestigt, sodass der Duft durch die Fahrzeugbel\u00fcftung besonders effektiv verteilt wird.","og_url":"https:\/\/shop.bantam.ch\/de\/produkt\/little-joe-lufterfrischer-vanilla\/","og_site_name":"Bantam Camping AG","article_modified_time":"2026-04-17T21:33:21+00:00","og_image":[{"width":800,"height":533,"url":"https:\/\/shop.bantam.ch\/wp-content\/uploads\/2025\/05\/6292170-004.jpg","type":"image\/jpeg"}],"twitter_card":"summary_large_image","schema":{"@context":"https:\/\/schema.org","@graph":[{"@type":"WebPage","@id":"https:\/\/shop.bantam.ch\/de\/produkt\/little-joe-lufterfrischer-vanilla\/","url":"https:\/\/shop.bantam.ch\/de\/produkt\/little-joe-lufterfrischer-vanilla\/","name":"Little Joe Lufterfrischer - Vanilla - Bantam Camping AG","isPartOf":{"@id":"https:\/\/shop.bantam.ch\/de\/#website"},"primaryImageOfPage":{"@id":"https:\/\/shop.bantam.ch\/de\/produkt\/little-joe-lufterfrischer-vanilla\/#primaryimage"},"image":{"@id":"https:\/\/shop.bantam.ch\/de\/produkt\/little-joe-lufterfrischer-vanilla\/#primaryimage"},"thumbnailUrl":"https:\/\/shop.bantam.ch\/wp-content\/uploads\/2025\/05\/6292170-004.jpg","datePublished":"2025-05-27T13:54:55+00:00","dateModified":"2026-04-17T21:33:21+00:00","breadcrumb":{"@id":"https:\/\/shop.bantam.ch\/de\/produkt\/little-joe-lufterfrischer-vanilla\/#breadcrumb"},"inLanguage":"de","potentialAction":[{"@type":"ReadAction","target":["https:\/\/shop.bantam.ch\/de\/produkt\/little-joe-lufterfrischer-vanilla\/"]}]},{"@type":"ImageObject","inLanguage":"de","@id":"https:\/\/shop.bantam.ch\/de\/produkt\/little-joe-lufterfrischer-vanilla\/#primaryimage","url":"https:\/\/shop.bantam.ch\/wp-content\/uploads\/2025\/05\/6292170-004.jpg","contentUrl":"https:\/\/shop.bantam.ch\/wp-content\/uploads\/2025\/05\/6292170-004.jpg","width":800,"height":533},{"@type":"BreadcrumbList","@id":"https:\/\/shop.bantam.ch\/de\/produkt\/little-joe-lufterfrischer-vanilla\/#breadcrumb","itemListElement":[{"@type":"ListItem","position":1,"name":"Accueil","item":"https:\/\/shop.bantam.ch\/de\/"},{"@type":"ListItem","position":2,"name":"Shop","item":"https:\/\/shop.bantam.ch\/de\/shop\/"},{"@type":"ListItem","position":3,"name":"Little Joe Lufterfrischer &#8211; Vanilla"}]},{"@type":"WebSite","@id":"https:\/\/shop.bantam.ch\/de\/#website","url":"https:\/\/shop.bantam.ch\/de\/","name":"Bantam Camping AG","description":"","publisher":{"@id":"https:\/\/shop.bantam.ch\/de\/#organization"},"inLanguage":"de"},{"@type":"Organization","@id":"https:\/\/shop.bantam.ch\/de\/#organization","name":"Bantam Camping AG","url":"https:\/\/shop.bantam.ch\/de\/","logo":{"@type":"ImageObject","inLanguage":"de","@id":"https:\/\/shop.bantam.ch\/de\/#\/schema\/logo\/image\/","url":"https:\/\/shop.bantam.ch\/wp-content\/uploads\/2022\/12\/bantam-logo.png","contentUrl":"https:\/\/shop.bantam.ch\/wp-content\/uploads\/2022\/12\/bantam-logo.png","width":320,"height":71,"caption":"Bantam Camping AG"},"image":{"@id":"https:\/\/shop.bantam.ch\/de\/#\/schema\/logo\/image\/"}}]}},"_links":{"self":[{"href":"https:\/\/shop.bantam.ch\/de\/wp-json\/wp\/v2\/product\/219348","targetHints":{"allow":["GET"]}}],"collection":[{"href":"https:\/\/shop.bantam.ch\/de\/wp-json\/wp\/v2\/product"}],"about":[{"href":"https:\/\/shop.bantam.ch\/de\/wp-json\/wp\/v2\/types\/product"}],"wp:featuredmedia":[{"embeddable":true,"href":"https:\/\/shop.bantam.ch\/de\/wp-json\/wp\/v2\/media\/219344"}],"wp:attachment":[{"href":"https:\/\/shop.bantam.ch\/de\/wp-json\/wp\/v2\/media?parent=219348"}],"wp:term":[{"taxonomy":"product_featured_cat","embeddable":true,"href":"https:\/\/shop.bantam.ch\/de\/wp-json\/wp\/v2\/product_featured_cat?post=219348"},{"taxonomy":"product_brand","embeddable":true,"href":"https:\/\/shop.bantam.ch\/de\/wp-json\/wp\/v2\/product_brand?post=219348"},{"taxonomy":"product_cat","embeddable":true,"href":"https:\/\/shop.bantam.ch\/de\/wp-json\/wp\/v2\/product_cat?post=219348"},{"taxonomy":"product_tag","embeddable":true,"href":"https:\/\/shop.bantam.ch\/de\/wp-json\/wp\/v2\/product_tag?post=219348"}],"curies":[{"name":"wp","href":"https:\/\/api.w.org\/{rel}","templated":true}]}}