{"id":219223,"date":"2025-05-22T10:05:44","date_gmt":"2025-05-22T08:05:44","guid":{"rendered":"https:\/\/shop.bantam.ch\/produit\/innenzelt-fuer-vorzelt-2-personen\/"},"modified":"2026-04-18T23:36:42","modified_gmt":"2026-04-18T21:36:42","slug":"innenzelt-fuer-vorzelt-2-personen","status":"publish","type":"product","link":"https:\/\/shop.bantam.ch\/de\/produkt\/innenzelt-fuer-vorzelt-2-personen\/","title":{"rendered":"Innenzelt f\u00fcr Vorzelt, 2 Personen"},"content":{"rendered":"<p>Innenzelt speziell f\u00fcr das Vorzelt. Einfacher Aufbau dank Aufh\u00e4ngeschlaufen. Das Innenzelt ist mit einem robusten, wasserdichten PVC-Boden ausgestattet, der \u00fcber verschwei\u00dfte \u00d6sen zur Bodenbefestigung verf\u00fcgt. Die Konstruktion besteht aus atmungsaktivem und komfortablem Baumwoll-Polyester-Gewebe. Erh\u00e4ltlich in zwei Gr\u00f6\u00dfen : Ma\u00dfe: 210 \u00d7 145 \u00d7 185 cm \/ 210 \u00d7 180 \u00d7 185 cm. Gestellmaterial: 65 % Polyester \u2013 35 ?umwolle. Bodenmaterial: PVC, 100 % Polyester. Gewicht: ca. 3,05 kg<\/p>\n","protected":false},"excerpt":{"rendered":"<p>Innenzelt speziell f\u00fcr das Vorzelt. Einfacher Aufbau dank Aufh\u00e4ngeschlaufen. Das Innenzelt ist mit einem robusten, wasserdichten PVC-Boden ausgestattet, der \u00fcber verschwei\u00dfte \u00d6sen zur Bodenbefestigung verf\u00fcgt. Die Konstruktion besteht aus atmungsaktivem und komfortablem Baumwoll-Polyester-Gewebe. Erh\u00e4ltlich in zwei Gr\u00f6\u00dfen : Ma\u00dfe: 210 \u00d7 145 \u00d7 185 cm \/ 210 \u00d7 180 \u00d7 185 cm. Gestellmaterial: 65 % [&hellip;]<\/p>\n","protected":false},"featured_media":219217,"template":"","meta":{"_acf_changed":false},"product_featured_cat":[5301,5302],"product_brand":[3813],"product_cat":[3982],"product_tag":[],"class_list":{"0":"post-219223","1":"product","2":"type-product","3":"status-publish","4":"has-post-thumbnail","6":"product_featured_cat-promotions-etagnieres-fr","7":"product_featured_cat-sonderangebote-hindelbank-urdorf","8":"product_brand-eutrotrail-de","9":"product_cat-innenzelte","11":"first","12":"instock","13":"sale","14":"taxable","15":"shipping-taxable","16":"purchasable","17":"product-type-simple"},"acf":[],"yoast_head":"<!-- This site is optimized with the Yoast SEO plugin v27.4 - https:\/\/yoast.com\/product\/yoast-seo-wordpress\/ -->\n<title>Innenzelt f\u00fcr Vorzelt, 2 Personen - Bantam Camping AG<\/title>\n<meta name=\"robots\" content=\"index, follow, max-snippet:-1, max-image-preview:large, max-video-preview:-1\" \/>\n<link rel=\"canonical\" href=\"https:\/\/shop.bantam.ch\/de\/produkt\/innenzelt-fuer-vorzelt-2-personen\/\" \/>\n<meta property=\"og:locale\" content=\"de_DE\" \/>\n<meta property=\"og:type\" content=\"article\" \/>\n<meta property=\"og:title\" content=\"Innenzelt f\u00fcr Vorzelt, 2 Personen - Bantam Camping AG\" \/>\n<meta property=\"og:description\" content=\"Innenzelt speziell f\u00fcr das Vorzelt. Einfacher Aufbau dank Aufh\u00e4ngeschlaufen. Das Innenzelt ist mit einem robusten, wasserdichten PVC-Boden ausgestattet, der \u00fcber verschwei\u00dfte \u00d6sen zur Bodenbefestigung verf\u00fcgt. Die Konstruktion besteht aus atmungsaktivem und komfortablem Baumwoll-Polyester-Gewebe. Erh\u00e4ltlich in zwei Gr\u00f6\u00dfen : Ma\u00dfe: 210 \u00d7 145 \u00d7 185 cm \/ 210 \u00d7 180 \u00d7 185 cm. Gestellmaterial: 65 % [&hellip;]\" \/>\n<meta property=\"og:url\" content=\"https:\/\/shop.bantam.ch\/de\/produkt\/innenzelt-fuer-vorzelt-2-personen\/\" \/>\n<meta property=\"og:site_name\" content=\"Bantam Camping AG\" \/>\n<meta property=\"article:modified_time\" content=\"2026-04-18T21:36:42+00:00\" \/>\n<meta property=\"og:image\" content=\"https:\/\/shop.bantam.ch\/wp-content\/uploads\/2025\/05\/ETCT0096.jpg\" \/>\n\t<meta property=\"og:image:width\" content=\"640\" \/>\n\t<meta property=\"og:image:height\" content=\"542\" \/>\n\t<meta property=\"og:image:type\" content=\"image\/jpeg\" \/>\n<meta name=\"twitter:card\" content=\"summary_large_image\" \/>\n<script type=\"application\/ld+json\" class=\"yoast-schema-graph\">{\"@context\":\"https:\\\/\\\/schema.org\",\"@graph\":[{\"@type\":\"WebPage\",\"@id\":\"https:\\\/\\\/shop.bantam.ch\\\/de\\\/produkt\\\/innenzelt-fuer-vorzelt-2-personen\\\/\",\"url\":\"https:\\\/\\\/shop.bantam.ch\\\/de\\\/produkt\\\/innenzelt-fuer-vorzelt-2-personen\\\/\",\"name\":\"Innenzelt f\u00fcr Vorzelt, 2 Personen - Bantam Camping AG\",\"isPartOf\":{\"@id\":\"https:\\\/\\\/shop.bantam.ch\\\/de\\\/#website\"},\"primaryImageOfPage\":{\"@id\":\"https:\\\/\\\/shop.bantam.ch\\\/de\\\/produkt\\\/innenzelt-fuer-vorzelt-2-personen\\\/#primaryimage\"},\"image\":{\"@id\":\"https:\\\/\\\/shop.bantam.ch\\\/de\\\/produkt\\\/innenzelt-fuer-vorzelt-2-personen\\\/#primaryimage\"},\"thumbnailUrl\":\"https:\\\/\\\/shop.bantam.ch\\\/wp-content\\\/uploads\\\/2025\\\/05\\\/ETCT0096.jpg\",\"datePublished\":\"2025-05-22T08:05:44+00:00\",\"dateModified\":\"2026-04-18T21:36:42+00:00\",\"breadcrumb\":{\"@id\":\"https:\\\/\\\/shop.bantam.ch\\\/de\\\/produkt\\\/innenzelt-fuer-vorzelt-2-personen\\\/#breadcrumb\"},\"inLanguage\":\"de\",\"potentialAction\":[{\"@type\":\"ReadAction\",\"target\":[\"https:\\\/\\\/shop.bantam.ch\\\/de\\\/produkt\\\/innenzelt-fuer-vorzelt-2-personen\\\/\"]}]},{\"@type\":\"ImageObject\",\"inLanguage\":\"de\",\"@id\":\"https:\\\/\\\/shop.bantam.ch\\\/de\\\/produkt\\\/innenzelt-fuer-vorzelt-2-personen\\\/#primaryimage\",\"url\":\"https:\\\/\\\/shop.bantam.ch\\\/wp-content\\\/uploads\\\/2025\\\/05\\\/ETCT0096.jpg\",\"contentUrl\":\"https:\\\/\\\/shop.bantam.ch\\\/wp-content\\\/uploads\\\/2025\\\/05\\\/ETCT0096.jpg\",\"width\":640,\"height\":542},{\"@type\":\"BreadcrumbList\",\"@id\":\"https:\\\/\\\/shop.bantam.ch\\\/de\\\/produkt\\\/innenzelt-fuer-vorzelt-2-personen\\\/#breadcrumb\",\"itemListElement\":[{\"@type\":\"ListItem\",\"position\":1,\"name\":\"Accueil\",\"item\":\"https:\\\/\\\/shop.bantam.ch\\\/de\\\/\"},{\"@type\":\"ListItem\",\"position\":2,\"name\":\"Shop\",\"item\":\"https:\\\/\\\/shop.bantam.ch\\\/de\\\/shop\\\/\"},{\"@type\":\"ListItem\",\"position\":3,\"name\":\"Innenzelt f\u00fcr Vorzelt, 2 Personen\"}]},{\"@type\":\"WebSite\",\"@id\":\"https:\\\/\\\/shop.bantam.ch\\\/de\\\/#website\",\"url\":\"https:\\\/\\\/shop.bantam.ch\\\/de\\\/\",\"name\":\"Bantam Camping AG\",\"description\":\"\",\"publisher\":{\"@id\":\"https:\\\/\\\/shop.bantam.ch\\\/de\\\/#organization\"},\"inLanguage\":\"de\"},{\"@type\":\"Organization\",\"@id\":\"https:\\\/\\\/shop.bantam.ch\\\/de\\\/#organization\",\"name\":\"Bantam Camping AG\",\"url\":\"https:\\\/\\\/shop.bantam.ch\\\/de\\\/\",\"logo\":{\"@type\":\"ImageObject\",\"inLanguage\":\"de\",\"@id\":\"https:\\\/\\\/shop.bantam.ch\\\/de\\\/#\\\/schema\\\/logo\\\/image\\\/\",\"url\":\"https:\\\/\\\/shop.bantam.ch\\\/wp-content\\\/uploads\\\/2022\\\/12\\\/bantam-logo.png\",\"contentUrl\":\"https:\\\/\\\/shop.bantam.ch\\\/wp-content\\\/uploads\\\/2022\\\/12\\\/bantam-logo.png\",\"width\":320,\"height\":71,\"caption\":\"Bantam Camping AG\"},\"image\":{\"@id\":\"https:\\\/\\\/shop.bantam.ch\\\/de\\\/#\\\/schema\\\/logo\\\/image\\\/\"}}]}<\/script>\n<!-- \/ Yoast SEO plugin. -->","yoast_head_json":{"title":"Innenzelt f\u00fcr Vorzelt, 2 Personen - Bantam Camping AG","robots":{"index":"index","follow":"follow","max-snippet":"max-snippet:-1","max-image-preview":"max-image-preview:large","max-video-preview":"max-video-preview:-1"},"canonical":"https:\/\/shop.bantam.ch\/de\/produkt\/innenzelt-fuer-vorzelt-2-personen\/","og_locale":"de_DE","og_type":"article","og_title":"Innenzelt f\u00fcr Vorzelt, 2 Personen - Bantam Camping AG","og_description":"Innenzelt speziell f\u00fcr das Vorzelt. Einfacher Aufbau dank Aufh\u00e4ngeschlaufen. Das Innenzelt ist mit einem robusten, wasserdichten PVC-Boden ausgestattet, der \u00fcber verschwei\u00dfte \u00d6sen zur Bodenbefestigung verf\u00fcgt. Die Konstruktion besteht aus atmungsaktivem und komfortablem Baumwoll-Polyester-Gewebe. Erh\u00e4ltlich in zwei Gr\u00f6\u00dfen : Ma\u00dfe: 210 \u00d7 145 \u00d7 185 cm \/ 210 \u00d7 180 \u00d7 185 cm. Gestellmaterial: 65 % [&hellip;]","og_url":"https:\/\/shop.bantam.ch\/de\/produkt\/innenzelt-fuer-vorzelt-2-personen\/","og_site_name":"Bantam Camping AG","article_modified_time":"2026-04-18T21:36:42+00:00","og_image":[{"width":640,"height":542,"url":"https:\/\/shop.bantam.ch\/wp-content\/uploads\/2025\/05\/ETCT0096.jpg","type":"image\/jpeg"}],"twitter_card":"summary_large_image","schema":{"@context":"https:\/\/schema.org","@graph":[{"@type":"WebPage","@id":"https:\/\/shop.bantam.ch\/de\/produkt\/innenzelt-fuer-vorzelt-2-personen\/","url":"https:\/\/shop.bantam.ch\/de\/produkt\/innenzelt-fuer-vorzelt-2-personen\/","name":"Innenzelt f\u00fcr Vorzelt, 2 Personen - Bantam Camping AG","isPartOf":{"@id":"https:\/\/shop.bantam.ch\/de\/#website"},"primaryImageOfPage":{"@id":"https:\/\/shop.bantam.ch\/de\/produkt\/innenzelt-fuer-vorzelt-2-personen\/#primaryimage"},"image":{"@id":"https:\/\/shop.bantam.ch\/de\/produkt\/innenzelt-fuer-vorzelt-2-personen\/#primaryimage"},"thumbnailUrl":"https:\/\/shop.bantam.ch\/wp-content\/uploads\/2025\/05\/ETCT0096.jpg","datePublished":"2025-05-22T08:05:44+00:00","dateModified":"2026-04-18T21:36:42+00:00","breadcrumb":{"@id":"https:\/\/shop.bantam.ch\/de\/produkt\/innenzelt-fuer-vorzelt-2-personen\/#breadcrumb"},"inLanguage":"de","potentialAction":[{"@type":"ReadAction","target":["https:\/\/shop.bantam.ch\/de\/produkt\/innenzelt-fuer-vorzelt-2-personen\/"]}]},{"@type":"ImageObject","inLanguage":"de","@id":"https:\/\/shop.bantam.ch\/de\/produkt\/innenzelt-fuer-vorzelt-2-personen\/#primaryimage","url":"https:\/\/shop.bantam.ch\/wp-content\/uploads\/2025\/05\/ETCT0096.jpg","contentUrl":"https:\/\/shop.bantam.ch\/wp-content\/uploads\/2025\/05\/ETCT0096.jpg","width":640,"height":542},{"@type":"BreadcrumbList","@id":"https:\/\/shop.bantam.ch\/de\/produkt\/innenzelt-fuer-vorzelt-2-personen\/#breadcrumb","itemListElement":[{"@type":"ListItem","position":1,"name":"Accueil","item":"https:\/\/shop.bantam.ch\/de\/"},{"@type":"ListItem","position":2,"name":"Shop","item":"https:\/\/shop.bantam.ch\/de\/shop\/"},{"@type":"ListItem","position":3,"name":"Innenzelt f\u00fcr Vorzelt, 2 Personen"}]},{"@type":"WebSite","@id":"https:\/\/shop.bantam.ch\/de\/#website","url":"https:\/\/shop.bantam.ch\/de\/","name":"Bantam Camping AG","description":"","publisher":{"@id":"https:\/\/shop.bantam.ch\/de\/#organization"},"inLanguage":"de"},{"@type":"Organization","@id":"https:\/\/shop.bantam.ch\/de\/#organization","name":"Bantam Camping AG","url":"https:\/\/shop.bantam.ch\/de\/","logo":{"@type":"ImageObject","inLanguage":"de","@id":"https:\/\/shop.bantam.ch\/de\/#\/schema\/logo\/image\/","url":"https:\/\/shop.bantam.ch\/wp-content\/uploads\/2022\/12\/bantam-logo.png","contentUrl":"https:\/\/shop.bantam.ch\/wp-content\/uploads\/2022\/12\/bantam-logo.png","width":320,"height":71,"caption":"Bantam Camping AG"},"image":{"@id":"https:\/\/shop.bantam.ch\/de\/#\/schema\/logo\/image\/"}}]}},"_links":{"self":[{"href":"https:\/\/shop.bantam.ch\/de\/wp-json\/wp\/v2\/product\/219223","targetHints":{"allow":["GET"]}}],"collection":[{"href":"https:\/\/shop.bantam.ch\/de\/wp-json\/wp\/v2\/product"}],"about":[{"href":"https:\/\/shop.bantam.ch\/de\/wp-json\/wp\/v2\/types\/product"}],"wp:featuredmedia":[{"embeddable":true,"href":"https:\/\/shop.bantam.ch\/de\/wp-json\/wp\/v2\/media\/219217"}],"wp:attachment":[{"href":"https:\/\/shop.bantam.ch\/de\/wp-json\/wp\/v2\/media?parent=219223"}],"wp:term":[{"taxonomy":"product_featured_cat","embeddable":true,"href":"https:\/\/shop.bantam.ch\/de\/wp-json\/wp\/v2\/product_featured_cat?post=219223"},{"taxonomy":"product_brand","embeddable":true,"href":"https:\/\/shop.bantam.ch\/de\/wp-json\/wp\/v2\/product_brand?post=219223"},{"taxonomy":"product_cat","embeddable":true,"href":"https:\/\/shop.bantam.ch\/de\/wp-json\/wp\/v2\/product_cat?post=219223"},{"taxonomy":"product_tag","embeddable":true,"href":"https:\/\/shop.bantam.ch\/de\/wp-json\/wp\/v2\/product_tag?post=219223"}],"curies":[{"name":"wp","href":"https:\/\/api.w.org\/{rel}","templated":true}]}}