{"id":219185,"date":"2025-05-21T09:06:24","date_gmt":"2025-05-21T07:06:24","guid":{"rendered":"https:\/\/shop.bantam.ch\/produit\/fahrradtraeger-sawiko-van-bike-2-schwarz-fuer-2-e-bikes-fahrgestell-von-2007-bis-2010\/"},"modified":"2026-04-18T23:36:36","modified_gmt":"2026-04-18T21:36:36","slug":"fahrradtraeger-sawiko-van-bike-2-schwarz-fuer-2-e-bikes-fahrgestell-von-2007-bis-2010","status":"publish","type":"product","link":"https:\/\/shop.bantam.ch\/de\/produkt\/fahrradtraeger-sawiko-van-bike-2-schwarz-fuer-2-e-bikes-fahrgestell-von-2007-bis-2010\/","title":{"rendered":"Fahrradtr\u00e4ger Sawiko Van Bike 2 Schwarz f\u00fcr 2 E-Bikes, Fahrgestell von 2007 bis 2010"},"content":{"rendered":"<p>Eine echte Innovation im Bereich der Fahrradtr\u00e4ger f\u00fcr Kastenwagen: Der VAN-BIKE 2 Fahrradtr\u00e4ger \u00fcberzeugt durch zahlreiche Vorteile. Sein schwenkbares System erm\u00f6glicht das vollst\u00e4ndige \u00d6ffnen der Heckt\u00fcren Ihres Kastenwagens (90\u00b0), was den Zugang zum Innenraum erheblich erleichtert. Dank der niedrigen Ladeh\u00f6he ist das Be- und Entladen der Fahrr\u00e4der besonders einfach und ohne gro\u00dfen Kraftaufwand m\u00f6glich. Das Befestigungssystem erlaubt es dem VAN-BIKE 2, auch unbeladen in Position am Fahrzeugheck zu verbleiben. Er wurde speziell f\u00fcr den Transport von 2 Elektrofahrr\u00e4dern konzipiert (Option f\u00fcr 3 bis 4 Standardfahrr\u00e4der \u2013 bitte kontaktieren Sie uns f\u00fcr weitere Informationen). Zudem ist der Tr\u00e4ger bei Nichtbenutzung vollst\u00e4ndig abklappbar. F\u00fcr die Versionen mit 3 bis 4 Fahrr\u00e4dern bitten wir um R\u00fccksprache zur \u00dcberpr\u00fcfung der Machbarkeit. Leergewicht: 25 kg. Zuladung: 80 kg.<\/p>\n","protected":false},"excerpt":{"rendered":"<p>Eine echte Innovation im Bereich der Fahrradtr\u00e4ger f\u00fcr Kastenwagen: Der VAN-BIKE 2 Fahrradtr\u00e4ger \u00fcberzeugt durch zahlreiche Vorteile. Sein schwenkbares System erm\u00f6glicht das vollst\u00e4ndige \u00d6ffnen der Heckt\u00fcren Ihres Kastenwagens (90\u00b0), was den Zugang zum Innenraum erheblich erleichtert. Dank der niedrigen Ladeh\u00f6he ist das Be- und Entladen der Fahrr\u00e4der besonders einfach und ohne gro\u00dfen Kraftaufwand m\u00f6glich. Das [&hellip;]<\/p>\n","protected":false},"featured_media":219194,"template":"","meta":{"_acf_changed":false},"product_featured_cat":[5301,5302],"product_brand":[3683],"product_cat":[5138],"product_tag":[],"class_list":{"0":"post-219185","1":"product","2":"type-product","3":"status-publish","4":"has-post-thumbnail","6":"product_featured_cat-promotions-etagnieres-fr","7":"product_featured_cat-sonderangebote-hindelbank-urdorf","8":"product_brand-sawiko-de","9":"product_cat-heck-fahrradtraeger","11":"first","12":"instock","13":"sale","14":"taxable","15":"shipping-taxable","16":"purchasable","17":"product-type-simple"},"acf":[],"yoast_head":"<!-- This site is optimized with the Yoast SEO plugin v27.4 - https:\/\/yoast.com\/product\/yoast-seo-wordpress\/ -->\n<title>Fahrradtr\u00e4ger Sawiko Van Bike 2 Schwarz f\u00fcr 2 E-Bikes, Fahrgestell von 2007 bis 2010 - Bantam Camping AG<\/title>\n<meta name=\"robots\" content=\"index, follow, max-snippet:-1, max-image-preview:large, max-video-preview:-1\" \/>\n<link rel=\"canonical\" href=\"https:\/\/shop.bantam.ch\/de\/produkt\/fahrradtraeger-sawiko-van-bike-2-schwarz-fuer-2-e-bikes-fahrgestell-von-2007-bis-2010\/\" \/>\n<meta property=\"og:locale\" content=\"de_DE\" \/>\n<meta property=\"og:type\" content=\"article\" \/>\n<meta property=\"og:title\" content=\"Fahrradtr\u00e4ger Sawiko Van Bike 2 Schwarz f\u00fcr 2 E-Bikes, Fahrgestell von 2007 bis 2010 - Bantam Camping AG\" \/>\n<meta property=\"og:description\" content=\"Eine echte Innovation im Bereich der Fahrradtr\u00e4ger f\u00fcr Kastenwagen: Der VAN-BIKE 2 Fahrradtr\u00e4ger \u00fcberzeugt durch zahlreiche Vorteile. Sein schwenkbares System erm\u00f6glicht das vollst\u00e4ndige \u00d6ffnen der Heckt\u00fcren Ihres Kastenwagens (90\u00b0), was den Zugang zum Innenraum erheblich erleichtert. Dank der niedrigen Ladeh\u00f6he ist das Be- und Entladen der Fahrr\u00e4der besonders einfach und ohne gro\u00dfen Kraftaufwand m\u00f6glich. Das [&hellip;]\" \/>\n<meta property=\"og:url\" content=\"https:\/\/shop.bantam.ch\/de\/produkt\/fahrradtraeger-sawiko-van-bike-2-schwarz-fuer-2-e-bikes-fahrgestell-von-2007-bis-2010\/\" \/>\n<meta property=\"og:site_name\" content=\"Bantam Camping AG\" \/>\n<meta property=\"article:modified_time\" content=\"2026-04-18T21:36:36+00:00\" \/>\n<meta property=\"og:image\" content=\"https:\/\/shop.bantam.ch\/wp-content\/uploads\/2025\/05\/porte-velos-pour-fourgon-van-bike-2.jpg\" \/>\n\t<meta property=\"og:image:width\" content=\"800\" \/>\n\t<meta property=\"og:image:height\" content=\"800\" \/>\n\t<meta property=\"og:image:type\" content=\"image\/jpeg\" \/>\n<meta name=\"twitter:card\" content=\"summary_large_image\" \/>\n<meta name=\"twitter:label1\" content=\"Gesch\u00e4tzte Lesezeit\" \/>\n\t<meta name=\"twitter:data1\" content=\"1\u00a0Minute\" \/>\n<script type=\"application\/ld+json\" class=\"yoast-schema-graph\">{\"@context\":\"https:\\\/\\\/schema.org\",\"@graph\":[{\"@type\":\"WebPage\",\"@id\":\"https:\\\/\\\/shop.bantam.ch\\\/de\\\/produkt\\\/fahrradtraeger-sawiko-van-bike-2-schwarz-fuer-2-e-bikes-fahrgestell-von-2007-bis-2010\\\/\",\"url\":\"https:\\\/\\\/shop.bantam.ch\\\/de\\\/produkt\\\/fahrradtraeger-sawiko-van-bike-2-schwarz-fuer-2-e-bikes-fahrgestell-von-2007-bis-2010\\\/\",\"name\":\"Fahrradtr\u00e4ger Sawiko Van Bike 2 Schwarz f\u00fcr 2 E-Bikes, Fahrgestell von 2007 bis 2010 - Bantam Camping AG\",\"isPartOf\":{\"@id\":\"https:\\\/\\\/shop.bantam.ch\\\/de\\\/#website\"},\"primaryImageOfPage\":{\"@id\":\"https:\\\/\\\/shop.bantam.ch\\\/de\\\/produkt\\\/fahrradtraeger-sawiko-van-bike-2-schwarz-fuer-2-e-bikes-fahrgestell-von-2007-bis-2010\\\/#primaryimage\"},\"image\":{\"@id\":\"https:\\\/\\\/shop.bantam.ch\\\/de\\\/produkt\\\/fahrradtraeger-sawiko-van-bike-2-schwarz-fuer-2-e-bikes-fahrgestell-von-2007-bis-2010\\\/#primaryimage\"},\"thumbnailUrl\":\"https:\\\/\\\/shop.bantam.ch\\\/wp-content\\\/uploads\\\/2025\\\/05\\\/porte-velos-pour-fourgon-van-bike-2.jpg\",\"datePublished\":\"2025-05-21T07:06:24+00:00\",\"dateModified\":\"2026-04-18T21:36:36+00:00\",\"breadcrumb\":{\"@id\":\"https:\\\/\\\/shop.bantam.ch\\\/de\\\/produkt\\\/fahrradtraeger-sawiko-van-bike-2-schwarz-fuer-2-e-bikes-fahrgestell-von-2007-bis-2010\\\/#breadcrumb\"},\"inLanguage\":\"de\",\"potentialAction\":[{\"@type\":\"ReadAction\",\"target\":[\"https:\\\/\\\/shop.bantam.ch\\\/de\\\/produkt\\\/fahrradtraeger-sawiko-van-bike-2-schwarz-fuer-2-e-bikes-fahrgestell-von-2007-bis-2010\\\/\"]}]},{\"@type\":\"ImageObject\",\"inLanguage\":\"de\",\"@id\":\"https:\\\/\\\/shop.bantam.ch\\\/de\\\/produkt\\\/fahrradtraeger-sawiko-van-bike-2-schwarz-fuer-2-e-bikes-fahrgestell-von-2007-bis-2010\\\/#primaryimage\",\"url\":\"https:\\\/\\\/shop.bantam.ch\\\/wp-content\\\/uploads\\\/2025\\\/05\\\/porte-velos-pour-fourgon-van-bike-2.jpg\",\"contentUrl\":\"https:\\\/\\\/shop.bantam.ch\\\/wp-content\\\/uploads\\\/2025\\\/05\\\/porte-velos-pour-fourgon-van-bike-2.jpg\",\"width\":800,\"height\":800},{\"@type\":\"BreadcrumbList\",\"@id\":\"https:\\\/\\\/shop.bantam.ch\\\/de\\\/produkt\\\/fahrradtraeger-sawiko-van-bike-2-schwarz-fuer-2-e-bikes-fahrgestell-von-2007-bis-2010\\\/#breadcrumb\",\"itemListElement\":[{\"@type\":\"ListItem\",\"position\":1,\"name\":\"Accueil\",\"item\":\"https:\\\/\\\/shop.bantam.ch\\\/de\\\/\"},{\"@type\":\"ListItem\",\"position\":2,\"name\":\"Shop\",\"item\":\"https:\\\/\\\/shop.bantam.ch\\\/de\\\/shop\\\/\"},{\"@type\":\"ListItem\",\"position\":3,\"name\":\"Fahrradtr\u00e4ger Sawiko Van Bike 2 Schwarz f\u00fcr 2 E-Bikes, Fahrgestell von 2007 bis 2010\"}]},{\"@type\":\"WebSite\",\"@id\":\"https:\\\/\\\/shop.bantam.ch\\\/de\\\/#website\",\"url\":\"https:\\\/\\\/shop.bantam.ch\\\/de\\\/\",\"name\":\"Bantam Camping AG\",\"description\":\"\",\"publisher\":{\"@id\":\"https:\\\/\\\/shop.bantam.ch\\\/de\\\/#organization\"},\"inLanguage\":\"de\"},{\"@type\":\"Organization\",\"@id\":\"https:\\\/\\\/shop.bantam.ch\\\/de\\\/#organization\",\"name\":\"Bantam Camping AG\",\"url\":\"https:\\\/\\\/shop.bantam.ch\\\/de\\\/\",\"logo\":{\"@type\":\"ImageObject\",\"inLanguage\":\"de\",\"@id\":\"https:\\\/\\\/shop.bantam.ch\\\/de\\\/#\\\/schema\\\/logo\\\/image\\\/\",\"url\":\"https:\\\/\\\/shop.bantam.ch\\\/wp-content\\\/uploads\\\/2022\\\/12\\\/bantam-logo.png\",\"contentUrl\":\"https:\\\/\\\/shop.bantam.ch\\\/wp-content\\\/uploads\\\/2022\\\/12\\\/bantam-logo.png\",\"width\":320,\"height\":71,\"caption\":\"Bantam Camping AG\"},\"image\":{\"@id\":\"https:\\\/\\\/shop.bantam.ch\\\/de\\\/#\\\/schema\\\/logo\\\/image\\\/\"}}]}<\/script>\n<!-- \/ Yoast SEO plugin. -->","yoast_head_json":{"title":"Fahrradtr\u00e4ger Sawiko Van Bike 2 Schwarz f\u00fcr 2 E-Bikes, Fahrgestell von 2007 bis 2010 - Bantam Camping AG","robots":{"index":"index","follow":"follow","max-snippet":"max-snippet:-1","max-image-preview":"max-image-preview:large","max-video-preview":"max-video-preview:-1"},"canonical":"https:\/\/shop.bantam.ch\/de\/produkt\/fahrradtraeger-sawiko-van-bike-2-schwarz-fuer-2-e-bikes-fahrgestell-von-2007-bis-2010\/","og_locale":"de_DE","og_type":"article","og_title":"Fahrradtr\u00e4ger Sawiko Van Bike 2 Schwarz f\u00fcr 2 E-Bikes, Fahrgestell von 2007 bis 2010 - Bantam Camping AG","og_description":"Eine echte Innovation im Bereich der Fahrradtr\u00e4ger f\u00fcr Kastenwagen: Der VAN-BIKE 2 Fahrradtr\u00e4ger \u00fcberzeugt durch zahlreiche Vorteile. Sein schwenkbares System erm\u00f6glicht das vollst\u00e4ndige \u00d6ffnen der Heckt\u00fcren Ihres Kastenwagens (90\u00b0), was den Zugang zum Innenraum erheblich erleichtert. Dank der niedrigen Ladeh\u00f6he ist das Be- und Entladen der Fahrr\u00e4der besonders einfach und ohne gro\u00dfen Kraftaufwand m\u00f6glich. Das [&hellip;]","og_url":"https:\/\/shop.bantam.ch\/de\/produkt\/fahrradtraeger-sawiko-van-bike-2-schwarz-fuer-2-e-bikes-fahrgestell-von-2007-bis-2010\/","og_site_name":"Bantam Camping AG","article_modified_time":"2026-04-18T21:36:36+00:00","og_image":[{"width":800,"height":800,"url":"https:\/\/shop.bantam.ch\/wp-content\/uploads\/2025\/05\/porte-velos-pour-fourgon-van-bike-2.jpg","type":"image\/jpeg"}],"twitter_card":"summary_large_image","twitter_misc":{"Gesch\u00e4tzte Lesezeit":"1\u00a0Minute"},"schema":{"@context":"https:\/\/schema.org","@graph":[{"@type":"WebPage","@id":"https:\/\/shop.bantam.ch\/de\/produkt\/fahrradtraeger-sawiko-van-bike-2-schwarz-fuer-2-e-bikes-fahrgestell-von-2007-bis-2010\/","url":"https:\/\/shop.bantam.ch\/de\/produkt\/fahrradtraeger-sawiko-van-bike-2-schwarz-fuer-2-e-bikes-fahrgestell-von-2007-bis-2010\/","name":"Fahrradtr\u00e4ger Sawiko Van Bike 2 Schwarz f\u00fcr 2 E-Bikes, Fahrgestell von 2007 bis 2010 - Bantam Camping AG","isPartOf":{"@id":"https:\/\/shop.bantam.ch\/de\/#website"},"primaryImageOfPage":{"@id":"https:\/\/shop.bantam.ch\/de\/produkt\/fahrradtraeger-sawiko-van-bike-2-schwarz-fuer-2-e-bikes-fahrgestell-von-2007-bis-2010\/#primaryimage"},"image":{"@id":"https:\/\/shop.bantam.ch\/de\/produkt\/fahrradtraeger-sawiko-van-bike-2-schwarz-fuer-2-e-bikes-fahrgestell-von-2007-bis-2010\/#primaryimage"},"thumbnailUrl":"https:\/\/shop.bantam.ch\/wp-content\/uploads\/2025\/05\/porte-velos-pour-fourgon-van-bike-2.jpg","datePublished":"2025-05-21T07:06:24+00:00","dateModified":"2026-04-18T21:36:36+00:00","breadcrumb":{"@id":"https:\/\/shop.bantam.ch\/de\/produkt\/fahrradtraeger-sawiko-van-bike-2-schwarz-fuer-2-e-bikes-fahrgestell-von-2007-bis-2010\/#breadcrumb"},"inLanguage":"de","potentialAction":[{"@type":"ReadAction","target":["https:\/\/shop.bantam.ch\/de\/produkt\/fahrradtraeger-sawiko-van-bike-2-schwarz-fuer-2-e-bikes-fahrgestell-von-2007-bis-2010\/"]}]},{"@type":"ImageObject","inLanguage":"de","@id":"https:\/\/shop.bantam.ch\/de\/produkt\/fahrradtraeger-sawiko-van-bike-2-schwarz-fuer-2-e-bikes-fahrgestell-von-2007-bis-2010\/#primaryimage","url":"https:\/\/shop.bantam.ch\/wp-content\/uploads\/2025\/05\/porte-velos-pour-fourgon-van-bike-2.jpg","contentUrl":"https:\/\/shop.bantam.ch\/wp-content\/uploads\/2025\/05\/porte-velos-pour-fourgon-van-bike-2.jpg","width":800,"height":800},{"@type":"BreadcrumbList","@id":"https:\/\/shop.bantam.ch\/de\/produkt\/fahrradtraeger-sawiko-van-bike-2-schwarz-fuer-2-e-bikes-fahrgestell-von-2007-bis-2010\/#breadcrumb","itemListElement":[{"@type":"ListItem","position":1,"name":"Accueil","item":"https:\/\/shop.bantam.ch\/de\/"},{"@type":"ListItem","position":2,"name":"Shop","item":"https:\/\/shop.bantam.ch\/de\/shop\/"},{"@type":"ListItem","position":3,"name":"Fahrradtr\u00e4ger Sawiko Van Bike 2 Schwarz f\u00fcr 2 E-Bikes, Fahrgestell von 2007 bis 2010"}]},{"@type":"WebSite","@id":"https:\/\/shop.bantam.ch\/de\/#website","url":"https:\/\/shop.bantam.ch\/de\/","name":"Bantam Camping AG","description":"","publisher":{"@id":"https:\/\/shop.bantam.ch\/de\/#organization"},"inLanguage":"de"},{"@type":"Organization","@id":"https:\/\/shop.bantam.ch\/de\/#organization","name":"Bantam Camping AG","url":"https:\/\/shop.bantam.ch\/de\/","logo":{"@type":"ImageObject","inLanguage":"de","@id":"https:\/\/shop.bantam.ch\/de\/#\/schema\/logo\/image\/","url":"https:\/\/shop.bantam.ch\/wp-content\/uploads\/2022\/12\/bantam-logo.png","contentUrl":"https:\/\/shop.bantam.ch\/wp-content\/uploads\/2022\/12\/bantam-logo.png","width":320,"height":71,"caption":"Bantam Camping AG"},"image":{"@id":"https:\/\/shop.bantam.ch\/de\/#\/schema\/logo\/image\/"}}]}},"_links":{"self":[{"href":"https:\/\/shop.bantam.ch\/de\/wp-json\/wp\/v2\/product\/219185","targetHints":{"allow":["GET"]}}],"collection":[{"href":"https:\/\/shop.bantam.ch\/de\/wp-json\/wp\/v2\/product"}],"about":[{"href":"https:\/\/shop.bantam.ch\/de\/wp-json\/wp\/v2\/types\/product"}],"wp:featuredmedia":[{"embeddable":true,"href":"https:\/\/shop.bantam.ch\/de\/wp-json\/wp\/v2\/media\/219194"}],"wp:attachment":[{"href":"https:\/\/shop.bantam.ch\/de\/wp-json\/wp\/v2\/media?parent=219185"}],"wp:term":[{"taxonomy":"product_featured_cat","embeddable":true,"href":"https:\/\/shop.bantam.ch\/de\/wp-json\/wp\/v2\/product_featured_cat?post=219185"},{"taxonomy":"product_brand","embeddable":true,"href":"https:\/\/shop.bantam.ch\/de\/wp-json\/wp\/v2\/product_brand?post=219185"},{"taxonomy":"product_cat","embeddable":true,"href":"https:\/\/shop.bantam.ch\/de\/wp-json\/wp\/v2\/product_cat?post=219185"},{"taxonomy":"product_tag","embeddable":true,"href":"https:\/\/shop.bantam.ch\/de\/wp-json\/wp\/v2\/product_tag?post=219185"}],"curies":[{"name":"wp","href":"https:\/\/api.w.org\/{rel}","templated":true}]}}