{"id":219026,"date":"2025-05-14T14:28:05","date_gmt":"2025-05-14T12:28:05","guid":{"rendered":"https:\/\/shop.bantam.ch\/produit\/stabiler-camping-esstisch\/"},"modified":"2026-04-18T22:49:30","modified_gmt":"2026-04-18T20:49:30","slug":"stabiler-camping-esstisch","status":"publish","type":"product","link":"https:\/\/shop.bantam.ch\/de\/produkt\/stabiler-camping-esstisch\/","title":{"rendered":"Stabiler Camping-Esstisch"},"content":{"rendered":"<p>Der Tisch zeigt sich stilecht mit abgerundeten Ecken und Kanten und mit leicht gewinkelten Tischbeinen. Die vier Tischbeine sind in H\u00f6he und Neigung verstellbar, wodurch Unebenheiten kein Problem mehr sind. Das Untergestell aus Stahl ist zusammenklappbar und so ist der Tisch zum Transport nur 6 cm dick.<br \/>Die Tischplatte hat keine umlaufenden Kanten, so dass Wasser und Schmutz einfach ablaufen kann und die Reinigung sehr einfach wird. Das Plattenmaterial ist UV-best\u00e4ndig, voll wetterfest, bruch- und schlagfest, zigarettenglutfest und hitzebest\u00e4ndig bis zu 180\u00b0C. Widerstandsf\u00e4higer kann eine Tischplatte kaum sein!<br \/>Die Platte kommt von einem f\u00fchrenden Spezialisten aus \u00d6sterreich und die Montage erfolgt in unserem Werk in D\u00e4nemark, wo auch das Gestell gefertigt wird.<br \/>100% Made in Europe!<\/p>\n","protected":false},"excerpt":{"rendered":"<p>Der Tisch zeigt sich stilecht mit abgerundeten Ecken und Kanten und mit leicht gewinkelten Tischbeinen. Die vier Tischbeine sind in H\u00f6he und Neigung verstellbar, wodurch Unebenheiten kein Problem mehr sind. Das Untergestell aus Stahl ist zusammenklappbar und so ist der Tisch zum Transport nur 6 cm dick.Die Tischplatte hat keine umlaufenden Kanten, so dass Wasser [&hellip;]<\/p>\n","protected":false},"featured_media":219034,"template":"","meta":{"_acf_changed":false},"product_featured_cat":[],"product_brand":[3091],"product_cat":[4054],"product_tag":[],"class_list":{"0":"post-219026","1":"product","2":"type-product","3":"status-publish","4":"has-post-thumbnail","6":"product_brand-isabella-de","7":"product_cat-campingtische","9":"first","10":"instock","11":"taxable","12":"shipping-taxable","13":"purchasable","14":"product-type-variable"},"acf":[],"yoast_head":"<!-- This site is optimized with the Yoast SEO plugin v27.4 - https:\/\/yoast.com\/product\/yoast-seo-wordpress\/ -->\n<title>Stabiler Camping-Esstisch - Bantam Camping AG<\/title>\n<meta name=\"robots\" content=\"index, follow, max-snippet:-1, max-image-preview:large, max-video-preview:-1\" \/>\n<link rel=\"canonical\" href=\"https:\/\/shop.bantam.ch\/de\/produkt\/stabiler-camping-esstisch\/\" \/>\n<meta property=\"og:locale\" content=\"de_DE\" \/>\n<meta property=\"og:type\" content=\"article\" \/>\n<meta property=\"og:title\" content=\"Stabiler Camping-Esstisch - Bantam Camping AG\" \/>\n<meta property=\"og:description\" content=\"Der Tisch zeigt sich stilecht mit abgerundeten Ecken und Kanten und mit leicht gewinkelten Tischbeinen. Die vier Tischbeine sind in H\u00f6he und Neigung verstellbar, wodurch Unebenheiten kein Problem mehr sind. Das Untergestell aus Stahl ist zusammenklappbar und so ist der Tisch zum Transport nur 6 cm dick.Die Tischplatte hat keine umlaufenden Kanten, so dass Wasser [&hellip;]\" \/>\n<meta property=\"og:url\" content=\"https:\/\/shop.bantam.ch\/de\/produkt\/stabiler-camping-esstisch\/\" \/>\n<meta property=\"og:site_name\" content=\"Bantam Camping AG\" \/>\n<meta property=\"article:modified_time\" content=\"2026-04-18T20:49:30+00:00\" \/>\n<meta name=\"twitter:card\" content=\"summary_large_image\" \/>\n<meta name=\"twitter:label1\" content=\"Gesch\u00e4tzte Lesezeit\" \/>\n\t<meta name=\"twitter:data1\" content=\"1\u00a0Minute\" \/>\n<script type=\"application\/ld+json\" class=\"yoast-schema-graph\">{\"@context\":\"https:\\\/\\\/schema.org\",\"@graph\":[{\"@type\":\"WebPage\",\"@id\":\"https:\\\/\\\/shop.bantam.ch\\\/de\\\/produkt\\\/stabiler-camping-esstisch\\\/\",\"url\":\"https:\\\/\\\/shop.bantam.ch\\\/de\\\/produkt\\\/stabiler-camping-esstisch\\\/\",\"name\":\"Stabiler Camping-Esstisch - Bantam Camping AG\",\"isPartOf\":{\"@id\":\"https:\\\/\\\/shop.bantam.ch\\\/de\\\/#website\"},\"primaryImageOfPage\":{\"@id\":\"https:\\\/\\\/shop.bantam.ch\\\/de\\\/produkt\\\/stabiler-camping-esstisch\\\/#primaryimage\"},\"image\":{\"@id\":\"https:\\\/\\\/shop.bantam.ch\\\/de\\\/produkt\\\/stabiler-camping-esstisch\\\/#primaryimage\"},\"thumbnailUrl\":\"https:\\\/\\\/shop.bantam.ch\\\/wp-content\\\/uploads\\\/2025\\\/05\\\/996023311-2.jpg\",\"datePublished\":\"2025-05-14T12:28:05+00:00\",\"dateModified\":\"2026-04-18T20:49:30+00:00\",\"breadcrumb\":{\"@id\":\"https:\\\/\\\/shop.bantam.ch\\\/de\\\/produkt\\\/stabiler-camping-esstisch\\\/#breadcrumb\"},\"inLanguage\":\"de\",\"potentialAction\":[{\"@type\":\"ReadAction\",\"target\":[\"https:\\\/\\\/shop.bantam.ch\\\/de\\\/produkt\\\/stabiler-camping-esstisch\\\/\"]}]},{\"@type\":\"ImageObject\",\"inLanguage\":\"de\",\"@id\":\"https:\\\/\\\/shop.bantam.ch\\\/de\\\/produkt\\\/stabiler-camping-esstisch\\\/#primaryimage\",\"url\":\"https:\\\/\\\/shop.bantam.ch\\\/wp-content\\\/uploads\\\/2025\\\/05\\\/996023311-2.jpg\",\"contentUrl\":\"https:\\\/\\\/shop.bantam.ch\\\/wp-content\\\/uploads\\\/2025\\\/05\\\/996023311-2.jpg\",\"width\":1000,\"height\":751},{\"@type\":\"BreadcrumbList\",\"@id\":\"https:\\\/\\\/shop.bantam.ch\\\/de\\\/produkt\\\/stabiler-camping-esstisch\\\/#breadcrumb\",\"itemListElement\":[{\"@type\":\"ListItem\",\"position\":1,\"name\":\"Accueil\",\"item\":\"https:\\\/\\\/shop.bantam.ch\\\/de\\\/\"},{\"@type\":\"ListItem\",\"position\":2,\"name\":\"Shop\",\"item\":\"https:\\\/\\\/shop.bantam.ch\\\/de\\\/shop\\\/\"},{\"@type\":\"ListItem\",\"position\":3,\"name\":\"Stabiler Camping-Esstisch\"}]},{\"@type\":\"WebSite\",\"@id\":\"https:\\\/\\\/shop.bantam.ch\\\/de\\\/#website\",\"url\":\"https:\\\/\\\/shop.bantam.ch\\\/de\\\/\",\"name\":\"Bantam Camping AG\",\"description\":\"\",\"publisher\":{\"@id\":\"https:\\\/\\\/shop.bantam.ch\\\/de\\\/#organization\"},\"inLanguage\":\"de\"},{\"@type\":\"Organization\",\"@id\":\"https:\\\/\\\/shop.bantam.ch\\\/de\\\/#organization\",\"name\":\"Bantam Camping AG\",\"url\":\"https:\\\/\\\/shop.bantam.ch\\\/de\\\/\",\"logo\":{\"@type\":\"ImageObject\",\"inLanguage\":\"de\",\"@id\":\"https:\\\/\\\/shop.bantam.ch\\\/de\\\/#\\\/schema\\\/logo\\\/image\\\/\",\"url\":\"https:\\\/\\\/shop.bantam.ch\\\/wp-content\\\/uploads\\\/2022\\\/12\\\/bantam-logo.png\",\"contentUrl\":\"https:\\\/\\\/shop.bantam.ch\\\/wp-content\\\/uploads\\\/2022\\\/12\\\/bantam-logo.png\",\"width\":320,\"height\":71,\"caption\":\"Bantam Camping AG\"},\"image\":{\"@id\":\"https:\\\/\\\/shop.bantam.ch\\\/de\\\/#\\\/schema\\\/logo\\\/image\\\/\"}}]}<\/script>\n<!-- \/ Yoast SEO plugin. -->","yoast_head_json":{"title":"Stabiler Camping-Esstisch - Bantam Camping AG","robots":{"index":"index","follow":"follow","max-snippet":"max-snippet:-1","max-image-preview":"max-image-preview:large","max-video-preview":"max-video-preview:-1"},"canonical":"https:\/\/shop.bantam.ch\/de\/produkt\/stabiler-camping-esstisch\/","og_locale":"de_DE","og_type":"article","og_title":"Stabiler Camping-Esstisch - Bantam Camping AG","og_description":"Der Tisch zeigt sich stilecht mit abgerundeten Ecken und Kanten und mit leicht gewinkelten Tischbeinen. Die vier Tischbeine sind in H\u00f6he und Neigung verstellbar, wodurch Unebenheiten kein Problem mehr sind. Das Untergestell aus Stahl ist zusammenklappbar und so ist der Tisch zum Transport nur 6 cm dick.Die Tischplatte hat keine umlaufenden Kanten, so dass Wasser [&hellip;]","og_url":"https:\/\/shop.bantam.ch\/de\/produkt\/stabiler-camping-esstisch\/","og_site_name":"Bantam Camping AG","article_modified_time":"2026-04-18T20:49:30+00:00","twitter_card":"summary_large_image","twitter_misc":{"Gesch\u00e4tzte Lesezeit":"1\u00a0Minute"},"schema":{"@context":"https:\/\/schema.org","@graph":[{"@type":"WebPage","@id":"https:\/\/shop.bantam.ch\/de\/produkt\/stabiler-camping-esstisch\/","url":"https:\/\/shop.bantam.ch\/de\/produkt\/stabiler-camping-esstisch\/","name":"Stabiler Camping-Esstisch - Bantam Camping AG","isPartOf":{"@id":"https:\/\/shop.bantam.ch\/de\/#website"},"primaryImageOfPage":{"@id":"https:\/\/shop.bantam.ch\/de\/produkt\/stabiler-camping-esstisch\/#primaryimage"},"image":{"@id":"https:\/\/shop.bantam.ch\/de\/produkt\/stabiler-camping-esstisch\/#primaryimage"},"thumbnailUrl":"https:\/\/shop.bantam.ch\/wp-content\/uploads\/2025\/05\/996023311-2.jpg","datePublished":"2025-05-14T12:28:05+00:00","dateModified":"2026-04-18T20:49:30+00:00","breadcrumb":{"@id":"https:\/\/shop.bantam.ch\/de\/produkt\/stabiler-camping-esstisch\/#breadcrumb"},"inLanguage":"de","potentialAction":[{"@type":"ReadAction","target":["https:\/\/shop.bantam.ch\/de\/produkt\/stabiler-camping-esstisch\/"]}]},{"@type":"ImageObject","inLanguage":"de","@id":"https:\/\/shop.bantam.ch\/de\/produkt\/stabiler-camping-esstisch\/#primaryimage","url":"https:\/\/shop.bantam.ch\/wp-content\/uploads\/2025\/05\/996023311-2.jpg","contentUrl":"https:\/\/shop.bantam.ch\/wp-content\/uploads\/2025\/05\/996023311-2.jpg","width":1000,"height":751},{"@type":"BreadcrumbList","@id":"https:\/\/shop.bantam.ch\/de\/produkt\/stabiler-camping-esstisch\/#breadcrumb","itemListElement":[{"@type":"ListItem","position":1,"name":"Accueil","item":"https:\/\/shop.bantam.ch\/de\/"},{"@type":"ListItem","position":2,"name":"Shop","item":"https:\/\/shop.bantam.ch\/de\/shop\/"},{"@type":"ListItem","position":3,"name":"Stabiler Camping-Esstisch"}]},{"@type":"WebSite","@id":"https:\/\/shop.bantam.ch\/de\/#website","url":"https:\/\/shop.bantam.ch\/de\/","name":"Bantam Camping AG","description":"","publisher":{"@id":"https:\/\/shop.bantam.ch\/de\/#organization"},"inLanguage":"de"},{"@type":"Organization","@id":"https:\/\/shop.bantam.ch\/de\/#organization","name":"Bantam Camping AG","url":"https:\/\/shop.bantam.ch\/de\/","logo":{"@type":"ImageObject","inLanguage":"de","@id":"https:\/\/shop.bantam.ch\/de\/#\/schema\/logo\/image\/","url":"https:\/\/shop.bantam.ch\/wp-content\/uploads\/2022\/12\/bantam-logo.png","contentUrl":"https:\/\/shop.bantam.ch\/wp-content\/uploads\/2022\/12\/bantam-logo.png","width":320,"height":71,"caption":"Bantam Camping AG"},"image":{"@id":"https:\/\/shop.bantam.ch\/de\/#\/schema\/logo\/image\/"}}]}},"_links":{"self":[{"href":"https:\/\/shop.bantam.ch\/de\/wp-json\/wp\/v2\/product\/219026","targetHints":{"allow":["GET"]}}],"collection":[{"href":"https:\/\/shop.bantam.ch\/de\/wp-json\/wp\/v2\/product"}],"about":[{"href":"https:\/\/shop.bantam.ch\/de\/wp-json\/wp\/v2\/types\/product"}],"wp:featuredmedia":[{"embeddable":true,"href":"https:\/\/shop.bantam.ch\/de\/wp-json\/wp\/v2\/media\/219034"}],"wp:attachment":[{"href":"https:\/\/shop.bantam.ch\/de\/wp-json\/wp\/v2\/media?parent=219026"}],"wp:term":[{"taxonomy":"product_featured_cat","embeddable":true,"href":"https:\/\/shop.bantam.ch\/de\/wp-json\/wp\/v2\/product_featured_cat?post=219026"},{"taxonomy":"product_brand","embeddable":true,"href":"https:\/\/shop.bantam.ch\/de\/wp-json\/wp\/v2\/product_brand?post=219026"},{"taxonomy":"product_cat","embeddable":true,"href":"https:\/\/shop.bantam.ch\/de\/wp-json\/wp\/v2\/product_cat?post=219026"},{"taxonomy":"product_tag","embeddable":true,"href":"https:\/\/shop.bantam.ch\/de\/wp-json\/wp\/v2\/product_tag?post=219026"}],"curies":[{"name":"wp","href":"https:\/\/api.w.org\/{rel}","templated":true}]}}