{"id":217719,"date":"2025-04-01T17:32:22","date_gmt":"2025-04-01T15:32:22","guid":{"rendered":"https:\/\/shop.bantam.ch\/produit\/rally-air-pro-aufblasbar-vorzelt\/"},"modified":"2026-05-01T23:55:18","modified_gmt":"2026-05-01T21:55:18","slug":"rally-air-pro-aufblasbar-vorzelt","status":"publish","type":"product","link":"https:\/\/shop.bantam.ch\/de\/produkt\/rally-air-pro-aufblasbar-vorzelt\/","title":{"rendered":"Rally AIR PRO &#8211; aufblasbar Vorzelt"},"content":{"rendered":"<p>Neue Version unseres beliebtesten Bestsellers Das Rally AIR Pro ist eines der bestverkauften aufblasbaren Vorzelte. Die verbesserte Serie 3 bringt noch mehr Ausstattung und sorgt daf\u00fcr, dass das Rally AIR Pro marktf\u00fchrend ist. Das aktuelle Modell hat einen neuen Look mit abzippbaren Aussenteilen f\u00fcr einen optionalen Anbau mit Gardinen-Fenstern. Die neuen Oberlichter im Dach geben dem Innenraum ein Gef\u00fchl von Ger\u00e4umigkeit und einen tollen Ausblick. Neu haben alle unsere AIR-Modelle ungehinderten Zugang \u00fcber die Vorderwand. Wir haben den Eingangsbereich abgesenkt, damit man nicht mehr dar\u00fcbersteigen muss. Das Rally AIR Pro nutzt unser Weathershield\u00ae 300D Pro Material und bietet eine hervorragende Wetterfestigkeit und eine lange Lebensdauer, ist aber dennoch leicht genug f\u00fcr einfache Einrichtung und Bedienung. Die Frontteile rollen zur Seite oder k\u00f6nnen als \u201cVeranda\u201d verwendet werden.\u00a0<\/p>\n<p>\u2022 300D Weathershield\u00ae extra strapazierf\u00e4higes Pro Material<\/p>\n<p>\u2022 kristallklare Fenster mit Vorh\u00e4ngen an allen Fenstern<\/p>\n<p>\u2022 abzippbare Seitenteile mit T\u00fcr und Insektenschutz<\/p>\n<p>\u2022 Oberlichter im Dach \u2022 Optionaler Seitenanbau rechts, links 330 und 390.<\/p>\n<p>\u00a0<\/p>\n<p>S = 235-265 cm<\/p>\n<p>M = 265-295 cm<\/p>\n","protected":false},"excerpt":{"rendered":"<p>Neue Version unseres beliebtesten Bestsellers Das Rally AIR Pro ist eines der bestverkauften aufblasbaren Vorzelte. Die verbesserte Serie 3 bringt noch mehr Ausstattung und sorgt daf\u00fcr, dass das Rally AIR Pro marktf\u00fchrend ist. Das aktuelle Modell hat einen neuen Look mit abzippbaren Aussenteilen f\u00fcr einen optionalen Anbau mit Gardinen-Fenstern. Die neuen Oberlichter im Dach geben [&hellip;]<\/p>\n","protected":false},"featured_media":217728,"template":"","meta":{"_acf_changed":false},"product_featured_cat":[5307,5308],"product_brand":[3029],"product_cat":[4248],"product_tag":[],"class_list":{"0":"post-217719","1":"product","2":"type-product","3":"status-publish","4":"has-post-thumbnail","6":"product_featured_cat-auvents-etagniere-de","7":"product_featured_cat-sonderangebote-vorzelte-hindelbank-urdorf","8":"product_brand-dometic-de","9":"product_cat-vorzelte-zelte","11":"first","12":"instock","13":"sale","14":"taxable","15":"shipping-taxable","16":"purchasable","17":"product-type-variable"},"acf":[],"yoast_head":"<!-- This site is optimized with the Yoast SEO plugin v27.5 - https:\/\/yoast.com\/product\/yoast-seo-wordpress\/ -->\n<title>Rally AIR PRO - aufblasbar Vorzelt - Bantam<\/title>\n<meta name=\"robots\" content=\"index, follow, max-snippet:-1, max-image-preview:large, max-video-preview:-1\" \/>\n<link rel=\"canonical\" href=\"https:\/\/shop.bantam.ch\/de\/produkt\/rally-air-pro-aufblasbar-vorzelt\/\" \/>\n<meta property=\"og:locale\" content=\"de_DE\" \/>\n<meta property=\"og:type\" content=\"article\" \/>\n<meta property=\"og:title\" content=\"Rally AIR PRO - aufblasbar Vorzelt - Bantam\" \/>\n<meta property=\"og:description\" content=\"Neue Version unseres beliebtesten Bestsellers Das Rally AIR Pro ist eines der bestverkauften aufblasbaren Vorzelte. Die verbesserte Serie 3 bringt noch mehr Ausstattung und sorgt daf\u00fcr, dass das Rally AIR Pro marktf\u00fchrend ist. Das aktuelle Modell hat einen neuen Look mit abzippbaren Aussenteilen f\u00fcr einen optionalen Anbau mit Gardinen-Fenstern. Die neuen Oberlichter im Dach geben [&hellip;]\" \/>\n<meta property=\"og:url\" content=\"https:\/\/shop.bantam.ch\/de\/produkt\/rally-air-pro-aufblasbar-vorzelt\/\" \/>\n<meta property=\"og:site_name\" content=\"Bantam\" \/>\n<meta property=\"article:modified_time\" content=\"2026-05-01T21:55:18+00:00\" \/>\n<meta property=\"og:image\" content=\"https:\/\/shop.bantam.ch\/wp-content\/uploads\/2025\/04\/15021009_Rally-AIR-Pro-390-M-1-600x600-1.jpg\" \/>\n\t<meta property=\"og:image:width\" content=\"600\" \/>\n\t<meta property=\"og:image:height\" content=\"600\" \/>\n\t<meta property=\"og:image:type\" content=\"image\/jpeg\" \/>\n<meta name=\"twitter:card\" content=\"summary_large_image\" \/>\n<meta name=\"twitter:label1\" content=\"Gesch\u00e4tzte Lesezeit\" \/>\n\t<meta name=\"twitter:data1\" content=\"1\u00a0Minute\" \/>\n<script type=\"application\/ld+json\" class=\"yoast-schema-graph\">{\"@context\":\"https:\\\/\\\/schema.org\",\"@graph\":[{\"@type\":\"WebPage\",\"@id\":\"https:\\\/\\\/shop.bantam.ch\\\/de\\\/produkt\\\/rally-air-pro-aufblasbar-vorzelt\\\/\",\"url\":\"https:\\\/\\\/shop.bantam.ch\\\/de\\\/produkt\\\/rally-air-pro-aufblasbar-vorzelt\\\/\",\"name\":\"Rally AIR PRO - aufblasbar Vorzelt - Bantam\",\"isPartOf\":{\"@id\":\"https:\\\/\\\/shop.bantam.ch\\\/de\\\/#website\"},\"primaryImageOfPage\":{\"@id\":\"https:\\\/\\\/shop.bantam.ch\\\/de\\\/produkt\\\/rally-air-pro-aufblasbar-vorzelt\\\/#primaryimage\"},\"image\":{\"@id\":\"https:\\\/\\\/shop.bantam.ch\\\/de\\\/produkt\\\/rally-air-pro-aufblasbar-vorzelt\\\/#primaryimage\"},\"thumbnailUrl\":\"https:\\\/\\\/shop.bantam.ch\\\/wp-content\\\/uploads\\\/2025\\\/04\\\/15021009_Rally-AIR-Pro-390-M-1-600x600-1.jpg\",\"datePublished\":\"2025-04-01T15:32:22+00:00\",\"dateModified\":\"2026-05-01T21:55:18+00:00\",\"breadcrumb\":{\"@id\":\"https:\\\/\\\/shop.bantam.ch\\\/de\\\/produkt\\\/rally-air-pro-aufblasbar-vorzelt\\\/#breadcrumb\"},\"inLanguage\":\"de\",\"potentialAction\":[{\"@type\":\"ReadAction\",\"target\":[\"https:\\\/\\\/shop.bantam.ch\\\/de\\\/produkt\\\/rally-air-pro-aufblasbar-vorzelt\\\/\"]}]},{\"@type\":\"ImageObject\",\"inLanguage\":\"de\",\"@id\":\"https:\\\/\\\/shop.bantam.ch\\\/de\\\/produkt\\\/rally-air-pro-aufblasbar-vorzelt\\\/#primaryimage\",\"url\":\"https:\\\/\\\/shop.bantam.ch\\\/wp-content\\\/uploads\\\/2025\\\/04\\\/15021009_Rally-AIR-Pro-390-M-1-600x600-1.jpg\",\"contentUrl\":\"https:\\\/\\\/shop.bantam.ch\\\/wp-content\\\/uploads\\\/2025\\\/04\\\/15021009_Rally-AIR-Pro-390-M-1-600x600-1.jpg\",\"width\":600,\"height\":600},{\"@type\":\"BreadcrumbList\",\"@id\":\"https:\\\/\\\/shop.bantam.ch\\\/de\\\/produkt\\\/rally-air-pro-aufblasbar-vorzelt\\\/#breadcrumb\",\"itemListElement\":[{\"@type\":\"ListItem\",\"position\":1,\"name\":\"Accueil\",\"item\":\"https:\\\/\\\/shop.bantam.ch\\\/de\\\/\"},{\"@type\":\"ListItem\",\"position\":2,\"name\":\"Shop\",\"item\":\"https:\\\/\\\/shop.bantam.ch\\\/de\\\/shop\\\/\"},{\"@type\":\"ListItem\",\"position\":3,\"name\":\"Rally AIR PRO &#8211; aufblasbar Vorzelt\"}]},{\"@type\":\"WebSite\",\"@id\":\"https:\\\/\\\/shop.bantam.ch\\\/de\\\/#website\",\"url\":\"https:\\\/\\\/shop.bantam.ch\\\/de\\\/\",\"name\":\"Bantam\",\"description\":\"\",\"publisher\":{\"@id\":\"https:\\\/\\\/shop.bantam.ch\\\/de\\\/#organization\"},\"inLanguage\":\"de\"},{\"@type\":\"Organization\",\"@id\":\"https:\\\/\\\/shop.bantam.ch\\\/de\\\/#organization\",\"name\":\"Bantam\",\"url\":\"https:\\\/\\\/shop.bantam.ch\\\/de\\\/\",\"logo\":{\"@type\":\"ImageObject\",\"inLanguage\":\"de\",\"@id\":\"https:\\\/\\\/shop.bantam.ch\\\/de\\\/#\\\/schema\\\/logo\\\/image\\\/\",\"url\":\"https:\\\/\\\/shop.bantam.ch\\\/wp-content\\\/uploads\\\/2022\\\/12\\\/bantam-logo.png\",\"contentUrl\":\"https:\\\/\\\/shop.bantam.ch\\\/wp-content\\\/uploads\\\/2022\\\/12\\\/bantam-logo.png\",\"width\":320,\"height\":71,\"caption\":\"Bantam\"},\"image\":{\"@id\":\"https:\\\/\\\/shop.bantam.ch\\\/de\\\/#\\\/schema\\\/logo\\\/image\\\/\"}}]}<\/script>\n<!-- \/ Yoast SEO plugin. -->","yoast_head_json":{"title":"Rally AIR PRO - aufblasbar Vorzelt - Bantam","robots":{"index":"index","follow":"follow","max-snippet":"max-snippet:-1","max-image-preview":"max-image-preview:large","max-video-preview":"max-video-preview:-1"},"canonical":"https:\/\/shop.bantam.ch\/de\/produkt\/rally-air-pro-aufblasbar-vorzelt\/","og_locale":"de_DE","og_type":"article","og_title":"Rally AIR PRO - aufblasbar Vorzelt - Bantam","og_description":"Neue Version unseres beliebtesten Bestsellers Das Rally AIR Pro ist eines der bestverkauften aufblasbaren Vorzelte. Die verbesserte Serie 3 bringt noch mehr Ausstattung und sorgt daf\u00fcr, dass das Rally AIR Pro marktf\u00fchrend ist. Das aktuelle Modell hat einen neuen Look mit abzippbaren Aussenteilen f\u00fcr einen optionalen Anbau mit Gardinen-Fenstern. Die neuen Oberlichter im Dach geben [&hellip;]","og_url":"https:\/\/shop.bantam.ch\/de\/produkt\/rally-air-pro-aufblasbar-vorzelt\/","og_site_name":"Bantam","article_modified_time":"2026-05-01T21:55:18+00:00","og_image":[{"width":600,"height":600,"url":"https:\/\/shop.bantam.ch\/wp-content\/uploads\/2025\/04\/15021009_Rally-AIR-Pro-390-M-1-600x600-1.jpg","type":"image\/jpeg"}],"twitter_card":"summary_large_image","twitter_misc":{"Gesch\u00e4tzte Lesezeit":"1\u00a0Minute"},"schema":{"@context":"https:\/\/schema.org","@graph":[{"@type":"WebPage","@id":"https:\/\/shop.bantam.ch\/de\/produkt\/rally-air-pro-aufblasbar-vorzelt\/","url":"https:\/\/shop.bantam.ch\/de\/produkt\/rally-air-pro-aufblasbar-vorzelt\/","name":"Rally AIR PRO - aufblasbar Vorzelt - Bantam","isPartOf":{"@id":"https:\/\/shop.bantam.ch\/de\/#website"},"primaryImageOfPage":{"@id":"https:\/\/shop.bantam.ch\/de\/produkt\/rally-air-pro-aufblasbar-vorzelt\/#primaryimage"},"image":{"@id":"https:\/\/shop.bantam.ch\/de\/produkt\/rally-air-pro-aufblasbar-vorzelt\/#primaryimage"},"thumbnailUrl":"https:\/\/shop.bantam.ch\/wp-content\/uploads\/2025\/04\/15021009_Rally-AIR-Pro-390-M-1-600x600-1.jpg","datePublished":"2025-04-01T15:32:22+00:00","dateModified":"2026-05-01T21:55:18+00:00","breadcrumb":{"@id":"https:\/\/shop.bantam.ch\/de\/produkt\/rally-air-pro-aufblasbar-vorzelt\/#breadcrumb"},"inLanguage":"de","potentialAction":[{"@type":"ReadAction","target":["https:\/\/shop.bantam.ch\/de\/produkt\/rally-air-pro-aufblasbar-vorzelt\/"]}]},{"@type":"ImageObject","inLanguage":"de","@id":"https:\/\/shop.bantam.ch\/de\/produkt\/rally-air-pro-aufblasbar-vorzelt\/#primaryimage","url":"https:\/\/shop.bantam.ch\/wp-content\/uploads\/2025\/04\/15021009_Rally-AIR-Pro-390-M-1-600x600-1.jpg","contentUrl":"https:\/\/shop.bantam.ch\/wp-content\/uploads\/2025\/04\/15021009_Rally-AIR-Pro-390-M-1-600x600-1.jpg","width":600,"height":600},{"@type":"BreadcrumbList","@id":"https:\/\/shop.bantam.ch\/de\/produkt\/rally-air-pro-aufblasbar-vorzelt\/#breadcrumb","itemListElement":[{"@type":"ListItem","position":1,"name":"Accueil","item":"https:\/\/shop.bantam.ch\/de\/"},{"@type":"ListItem","position":2,"name":"Shop","item":"https:\/\/shop.bantam.ch\/de\/shop\/"},{"@type":"ListItem","position":3,"name":"Rally AIR PRO &#8211; aufblasbar Vorzelt"}]},{"@type":"WebSite","@id":"https:\/\/shop.bantam.ch\/de\/#website","url":"https:\/\/shop.bantam.ch\/de\/","name":"Bantam","description":"","publisher":{"@id":"https:\/\/shop.bantam.ch\/de\/#organization"},"inLanguage":"de"},{"@type":"Organization","@id":"https:\/\/shop.bantam.ch\/de\/#organization","name":"Bantam","url":"https:\/\/shop.bantam.ch\/de\/","logo":{"@type":"ImageObject","inLanguage":"de","@id":"https:\/\/shop.bantam.ch\/de\/#\/schema\/logo\/image\/","url":"https:\/\/shop.bantam.ch\/wp-content\/uploads\/2022\/12\/bantam-logo.png","contentUrl":"https:\/\/shop.bantam.ch\/wp-content\/uploads\/2022\/12\/bantam-logo.png","width":320,"height":71,"caption":"Bantam"},"image":{"@id":"https:\/\/shop.bantam.ch\/de\/#\/schema\/logo\/image\/"}}]}},"_links":{"self":[{"href":"https:\/\/shop.bantam.ch\/de\/wp-json\/wp\/v2\/product\/217719","targetHints":{"allow":["GET"]}}],"collection":[{"href":"https:\/\/shop.bantam.ch\/de\/wp-json\/wp\/v2\/product"}],"about":[{"href":"https:\/\/shop.bantam.ch\/de\/wp-json\/wp\/v2\/types\/product"}],"wp:featuredmedia":[{"embeddable":true,"href":"https:\/\/shop.bantam.ch\/de\/wp-json\/wp\/v2\/media\/217728"}],"wp:attachment":[{"href":"https:\/\/shop.bantam.ch\/de\/wp-json\/wp\/v2\/media?parent=217719"}],"wp:term":[{"taxonomy":"product_featured_cat","embeddable":true,"href":"https:\/\/shop.bantam.ch\/de\/wp-json\/wp\/v2\/product_featured_cat?post=217719"},{"taxonomy":"product_brand","embeddable":true,"href":"https:\/\/shop.bantam.ch\/de\/wp-json\/wp\/v2\/product_brand?post=217719"},{"taxonomy":"product_cat","embeddable":true,"href":"https:\/\/shop.bantam.ch\/de\/wp-json\/wp\/v2\/product_cat?post=217719"},{"taxonomy":"product_tag","embeddable":true,"href":"https:\/\/shop.bantam.ch\/de\/wp-json\/wp\/v2\/product_tag?post=217719"}],"curies":[{"name":"wp","href":"https:\/\/api.w.org\/{rel}","templated":true}]}}