{"id":217486,"date":"2025-03-25T15:05:26","date_gmt":"2025-03-25T14:05:26","guid":{"rendered":"https:\/\/shop.bantam.ch\/produit\/savoie-mont-blanc-reisefuehrer-petit-fute\/"},"modified":"2026-04-20T23:34:07","modified_gmt":"2026-04-20T21:34:07","slug":"savoie-mont-blanc-reisefuehrer-petit-fute","status":"publish","type":"product","link":"https:\/\/shop.bantam.ch\/de\/produkt\/savoie-mont-blanc-reisefuehrer-petit-fute\/","title":{"rendered":"Savoie Mont-Blanc Reisef\u00fchrer Petit Fut\u00e9"},"content":{"rendered":"<p>Der Tourismus in Savoie Mont Blanc, dem wei\u00dfen Paradies der Skifahrer, muss sich an die Elemente anpassen. Die Gesundheitskrise und der Klimawandel haben eine neue Ausrichtung f\u00fcr die 114 Skigebiete von Savoie Mont Blanc beschleunigt, die nun als \u201e4-Saison-Gebiete\u201c fungieren. Das Wandern, sogar mit Schneeschuhen, hat den Vorrang vor dem Skifahren \u00fcbernommen. Mountainbiken, Trailrunning, Paragliding, Canyoning, Rafting\u2026 Outdoor-Aktivit\u00e4ten nehmen rund um die vielen alpinen Seen und auf den Almen zu, w\u00e4hrend das Erbe seine ganzen Sch\u00e4tze offenbart. In der K\u00fcche weichen die traditionellen Spezialit\u00e4ten mit geschmolzenem K\u00e4se einer raffinierten K\u00fcche, die sich mehr auf pflanzliche Zutaten konzentriert. Von den gro\u00dfen Sternerestaurants bis zur Gastwirtschaft am Ende der Welt \u2013 der Petit Fut\u00e9 Savoie Mont Blanc verw\u00f6hnt Sie. F\u00fcr einen perfekten Aufenthalt w\u00e4hlen Sie Ihre Unterkunft. Vom Dom inmitten der wilden Natur bis zu den luxuri\u00f6sen Zimmern der Pal\u00e4ste \u2013 Ihr Reisef\u00fchrer \u00f6ffnet Ihnen alle T\u00fcren. Ein Petit Fut\u00e9 Savoie Mont Blanc f\u00fcr alle vier Jahreszeiten, der all Ihre Bergtr\u00e4ume erf\u00fcllt.<\/p>\n","protected":false},"excerpt":{"rendered":"<p>Der Tourismus in Savoie Mont Blanc, dem wei\u00dfen Paradies der Skifahrer, muss sich an die Elemente anpassen. Die Gesundheitskrise und der Klimawandel haben eine neue Ausrichtung f\u00fcr die 114 Skigebiete von Savoie Mont Blanc beschleunigt, die nun als \u201e4-Saison-Gebiete\u201c fungieren. Das Wandern, sogar mit Schneeschuhen, hat den Vorrang vor dem Skifahren \u00fcbernommen. Mountainbiken, Trailrunning, Paragliding, [&hellip;]<\/p>\n","protected":false},"featured_media":217484,"template":"","meta":{"_acf_changed":false},"product_featured_cat":[],"product_brand":[3741],"product_cat":[4346],"product_tag":[],"class_list":{"0":"post-217486","1":"product","2":"type-product","3":"status-publish","4":"has-post-thumbnail","6":"product_brand-bantam-de","7":"product_cat-stellplatzfuehrer","9":"first","10":"instock","11":"taxable","12":"shipping-taxable","13":"purchasable","14":"product-type-simple"},"acf":[],"yoast_head":"<!-- This site is optimized with the Yoast SEO plugin v27.4 - https:\/\/yoast.com\/product\/yoast-seo-wordpress\/ -->\n<title>Savoie Mont-Blanc Reisef\u00fchrer Petit Fut\u00e9 - Bantam Camping AG<\/title>\n<meta name=\"robots\" content=\"index, follow, max-snippet:-1, max-image-preview:large, max-video-preview:-1\" \/>\n<link rel=\"canonical\" href=\"https:\/\/shop.bantam.ch\/de\/produkt\/savoie-mont-blanc-reisefuehrer-petit-fute\/\" \/>\n<meta property=\"og:locale\" content=\"de_DE\" \/>\n<meta property=\"og:type\" content=\"article\" \/>\n<meta property=\"og:title\" content=\"Savoie Mont-Blanc Reisef\u00fchrer Petit Fut\u00e9 - Bantam Camping AG\" \/>\n<meta property=\"og:description\" content=\"Der Tourismus in Savoie Mont Blanc, dem wei\u00dfen Paradies der Skifahrer, muss sich an die Elemente anpassen. Die Gesundheitskrise und der Klimawandel haben eine neue Ausrichtung f\u00fcr die 114 Skigebiete von Savoie Mont Blanc beschleunigt, die nun als \u201e4-Saison-Gebiete\u201c fungieren. Das Wandern, sogar mit Schneeschuhen, hat den Vorrang vor dem Skifahren \u00fcbernommen. Mountainbiken, Trailrunning, Paragliding, [&hellip;]\" \/>\n<meta property=\"og:url\" content=\"https:\/\/shop.bantam.ch\/de\/produkt\/savoie-mont-blanc-reisefuehrer-petit-fute\/\" \/>\n<meta property=\"og:site_name\" content=\"Bantam Camping AG\" \/>\n<meta property=\"article:modified_time\" content=\"2026-04-20T21:34:07+00:00\" \/>\n<meta property=\"og:image\" content=\"https:\/\/shop.bantam.ch\/wp-content\/uploads\/2025\/03\/Guide-Savoie-Mont-Blanc-2024-Petit-Fute.jpg\" \/>\n\t<meta property=\"og:image:width\" content=\"340\" \/>\n\t<meta property=\"og:image:height\" content=\"340\" \/>\n\t<meta property=\"og:image:type\" content=\"image\/jpeg\" \/>\n<meta name=\"twitter:card\" content=\"summary_large_image\" \/>\n<meta name=\"twitter:label1\" content=\"Gesch\u00e4tzte Lesezeit\" \/>\n\t<meta name=\"twitter:data1\" content=\"1\u00a0Minute\" \/>\n<script type=\"application\/ld+json\" class=\"yoast-schema-graph\">{\"@context\":\"https:\\\/\\\/schema.org\",\"@graph\":[{\"@type\":\"WebPage\",\"@id\":\"https:\\\/\\\/shop.bantam.ch\\\/de\\\/produkt\\\/savoie-mont-blanc-reisefuehrer-petit-fute\\\/\",\"url\":\"https:\\\/\\\/shop.bantam.ch\\\/de\\\/produkt\\\/savoie-mont-blanc-reisefuehrer-petit-fute\\\/\",\"name\":\"Savoie Mont-Blanc Reisef\u00fchrer Petit Fut\u00e9 - Bantam Camping AG\",\"isPartOf\":{\"@id\":\"https:\\\/\\\/shop.bantam.ch\\\/de\\\/#website\"},\"primaryImageOfPage\":{\"@id\":\"https:\\\/\\\/shop.bantam.ch\\\/de\\\/produkt\\\/savoie-mont-blanc-reisefuehrer-petit-fute\\\/#primaryimage\"},\"image\":{\"@id\":\"https:\\\/\\\/shop.bantam.ch\\\/de\\\/produkt\\\/savoie-mont-blanc-reisefuehrer-petit-fute\\\/#primaryimage\"},\"thumbnailUrl\":\"https:\\\/\\\/shop.bantam.ch\\\/wp-content\\\/uploads\\\/2025\\\/03\\\/Guide-Savoie-Mont-Blanc-2024-Petit-Fute.jpg\",\"datePublished\":\"2025-03-25T14:05:26+00:00\",\"dateModified\":\"2026-04-20T21:34:07+00:00\",\"breadcrumb\":{\"@id\":\"https:\\\/\\\/shop.bantam.ch\\\/de\\\/produkt\\\/savoie-mont-blanc-reisefuehrer-petit-fute\\\/#breadcrumb\"},\"inLanguage\":\"de\",\"potentialAction\":[{\"@type\":\"ReadAction\",\"target\":[\"https:\\\/\\\/shop.bantam.ch\\\/de\\\/produkt\\\/savoie-mont-blanc-reisefuehrer-petit-fute\\\/\"]}]},{\"@type\":\"ImageObject\",\"inLanguage\":\"de\",\"@id\":\"https:\\\/\\\/shop.bantam.ch\\\/de\\\/produkt\\\/savoie-mont-blanc-reisefuehrer-petit-fute\\\/#primaryimage\",\"url\":\"https:\\\/\\\/shop.bantam.ch\\\/wp-content\\\/uploads\\\/2025\\\/03\\\/Guide-Savoie-Mont-Blanc-2024-Petit-Fute.jpg\",\"contentUrl\":\"https:\\\/\\\/shop.bantam.ch\\\/wp-content\\\/uploads\\\/2025\\\/03\\\/Guide-Savoie-Mont-Blanc-2024-Petit-Fute.jpg\",\"width\":340,\"height\":340},{\"@type\":\"BreadcrumbList\",\"@id\":\"https:\\\/\\\/shop.bantam.ch\\\/de\\\/produkt\\\/savoie-mont-blanc-reisefuehrer-petit-fute\\\/#breadcrumb\",\"itemListElement\":[{\"@type\":\"ListItem\",\"position\":1,\"name\":\"Accueil\",\"item\":\"https:\\\/\\\/shop.bantam.ch\\\/de\\\/\"},{\"@type\":\"ListItem\",\"position\":2,\"name\":\"Shop\",\"item\":\"https:\\\/\\\/shop.bantam.ch\\\/de\\\/shop\\\/\"},{\"@type\":\"ListItem\",\"position\":3,\"name\":\"Savoie Mont-Blanc Reisef\u00fchrer Petit Fut\u00e9\"}]},{\"@type\":\"WebSite\",\"@id\":\"https:\\\/\\\/shop.bantam.ch\\\/de\\\/#website\",\"url\":\"https:\\\/\\\/shop.bantam.ch\\\/de\\\/\",\"name\":\"Bantam Camping AG\",\"description\":\"\",\"publisher\":{\"@id\":\"https:\\\/\\\/shop.bantam.ch\\\/de\\\/#organization\"},\"inLanguage\":\"de\"},{\"@type\":\"Organization\",\"@id\":\"https:\\\/\\\/shop.bantam.ch\\\/de\\\/#organization\",\"name\":\"Bantam Camping AG\",\"url\":\"https:\\\/\\\/shop.bantam.ch\\\/de\\\/\",\"logo\":{\"@type\":\"ImageObject\",\"inLanguage\":\"de\",\"@id\":\"https:\\\/\\\/shop.bantam.ch\\\/de\\\/#\\\/schema\\\/logo\\\/image\\\/\",\"url\":\"https:\\\/\\\/shop.bantam.ch\\\/wp-content\\\/uploads\\\/2022\\\/12\\\/bantam-logo.png\",\"contentUrl\":\"https:\\\/\\\/shop.bantam.ch\\\/wp-content\\\/uploads\\\/2022\\\/12\\\/bantam-logo.png\",\"width\":320,\"height\":71,\"caption\":\"Bantam Camping AG\"},\"image\":{\"@id\":\"https:\\\/\\\/shop.bantam.ch\\\/de\\\/#\\\/schema\\\/logo\\\/image\\\/\"}}]}<\/script>\n<!-- \/ Yoast SEO plugin. -->","yoast_head_json":{"title":"Savoie Mont-Blanc Reisef\u00fchrer Petit Fut\u00e9 - Bantam Camping AG","robots":{"index":"index","follow":"follow","max-snippet":"max-snippet:-1","max-image-preview":"max-image-preview:large","max-video-preview":"max-video-preview:-1"},"canonical":"https:\/\/shop.bantam.ch\/de\/produkt\/savoie-mont-blanc-reisefuehrer-petit-fute\/","og_locale":"de_DE","og_type":"article","og_title":"Savoie Mont-Blanc Reisef\u00fchrer Petit Fut\u00e9 - Bantam Camping AG","og_description":"Der Tourismus in Savoie Mont Blanc, dem wei\u00dfen Paradies der Skifahrer, muss sich an die Elemente anpassen. Die Gesundheitskrise und der Klimawandel haben eine neue Ausrichtung f\u00fcr die 114 Skigebiete von Savoie Mont Blanc beschleunigt, die nun als \u201e4-Saison-Gebiete\u201c fungieren. Das Wandern, sogar mit Schneeschuhen, hat den Vorrang vor dem Skifahren \u00fcbernommen. Mountainbiken, Trailrunning, Paragliding, [&hellip;]","og_url":"https:\/\/shop.bantam.ch\/de\/produkt\/savoie-mont-blanc-reisefuehrer-petit-fute\/","og_site_name":"Bantam Camping AG","article_modified_time":"2026-04-20T21:34:07+00:00","og_image":[{"width":340,"height":340,"url":"https:\/\/shop.bantam.ch\/wp-content\/uploads\/2025\/03\/Guide-Savoie-Mont-Blanc-2024-Petit-Fute.jpg","type":"image\/jpeg"}],"twitter_card":"summary_large_image","twitter_misc":{"Gesch\u00e4tzte Lesezeit":"1\u00a0Minute"},"schema":{"@context":"https:\/\/schema.org","@graph":[{"@type":"WebPage","@id":"https:\/\/shop.bantam.ch\/de\/produkt\/savoie-mont-blanc-reisefuehrer-petit-fute\/","url":"https:\/\/shop.bantam.ch\/de\/produkt\/savoie-mont-blanc-reisefuehrer-petit-fute\/","name":"Savoie Mont-Blanc Reisef\u00fchrer Petit Fut\u00e9 - Bantam Camping AG","isPartOf":{"@id":"https:\/\/shop.bantam.ch\/de\/#website"},"primaryImageOfPage":{"@id":"https:\/\/shop.bantam.ch\/de\/produkt\/savoie-mont-blanc-reisefuehrer-petit-fute\/#primaryimage"},"image":{"@id":"https:\/\/shop.bantam.ch\/de\/produkt\/savoie-mont-blanc-reisefuehrer-petit-fute\/#primaryimage"},"thumbnailUrl":"https:\/\/shop.bantam.ch\/wp-content\/uploads\/2025\/03\/Guide-Savoie-Mont-Blanc-2024-Petit-Fute.jpg","datePublished":"2025-03-25T14:05:26+00:00","dateModified":"2026-04-20T21:34:07+00:00","breadcrumb":{"@id":"https:\/\/shop.bantam.ch\/de\/produkt\/savoie-mont-blanc-reisefuehrer-petit-fute\/#breadcrumb"},"inLanguage":"de","potentialAction":[{"@type":"ReadAction","target":["https:\/\/shop.bantam.ch\/de\/produkt\/savoie-mont-blanc-reisefuehrer-petit-fute\/"]}]},{"@type":"ImageObject","inLanguage":"de","@id":"https:\/\/shop.bantam.ch\/de\/produkt\/savoie-mont-blanc-reisefuehrer-petit-fute\/#primaryimage","url":"https:\/\/shop.bantam.ch\/wp-content\/uploads\/2025\/03\/Guide-Savoie-Mont-Blanc-2024-Petit-Fute.jpg","contentUrl":"https:\/\/shop.bantam.ch\/wp-content\/uploads\/2025\/03\/Guide-Savoie-Mont-Blanc-2024-Petit-Fute.jpg","width":340,"height":340},{"@type":"BreadcrumbList","@id":"https:\/\/shop.bantam.ch\/de\/produkt\/savoie-mont-blanc-reisefuehrer-petit-fute\/#breadcrumb","itemListElement":[{"@type":"ListItem","position":1,"name":"Accueil","item":"https:\/\/shop.bantam.ch\/de\/"},{"@type":"ListItem","position":2,"name":"Shop","item":"https:\/\/shop.bantam.ch\/de\/shop\/"},{"@type":"ListItem","position":3,"name":"Savoie Mont-Blanc Reisef\u00fchrer Petit Fut\u00e9"}]},{"@type":"WebSite","@id":"https:\/\/shop.bantam.ch\/de\/#website","url":"https:\/\/shop.bantam.ch\/de\/","name":"Bantam Camping AG","description":"","publisher":{"@id":"https:\/\/shop.bantam.ch\/de\/#organization"},"inLanguage":"de"},{"@type":"Organization","@id":"https:\/\/shop.bantam.ch\/de\/#organization","name":"Bantam Camping AG","url":"https:\/\/shop.bantam.ch\/de\/","logo":{"@type":"ImageObject","inLanguage":"de","@id":"https:\/\/shop.bantam.ch\/de\/#\/schema\/logo\/image\/","url":"https:\/\/shop.bantam.ch\/wp-content\/uploads\/2022\/12\/bantam-logo.png","contentUrl":"https:\/\/shop.bantam.ch\/wp-content\/uploads\/2022\/12\/bantam-logo.png","width":320,"height":71,"caption":"Bantam Camping AG"},"image":{"@id":"https:\/\/shop.bantam.ch\/de\/#\/schema\/logo\/image\/"}}]}},"_links":{"self":[{"href":"https:\/\/shop.bantam.ch\/de\/wp-json\/wp\/v2\/product\/217486","targetHints":{"allow":["GET"]}}],"collection":[{"href":"https:\/\/shop.bantam.ch\/de\/wp-json\/wp\/v2\/product"}],"about":[{"href":"https:\/\/shop.bantam.ch\/de\/wp-json\/wp\/v2\/types\/product"}],"wp:featuredmedia":[{"embeddable":true,"href":"https:\/\/shop.bantam.ch\/de\/wp-json\/wp\/v2\/media\/217484"}],"wp:attachment":[{"href":"https:\/\/shop.bantam.ch\/de\/wp-json\/wp\/v2\/media?parent=217486"}],"wp:term":[{"taxonomy":"product_featured_cat","embeddable":true,"href":"https:\/\/shop.bantam.ch\/de\/wp-json\/wp\/v2\/product_featured_cat?post=217486"},{"taxonomy":"product_brand","embeddable":true,"href":"https:\/\/shop.bantam.ch\/de\/wp-json\/wp\/v2\/product_brand?post=217486"},{"taxonomy":"product_cat","embeddable":true,"href":"https:\/\/shop.bantam.ch\/de\/wp-json\/wp\/v2\/product_cat?post=217486"},{"taxonomy":"product_tag","embeddable":true,"href":"https:\/\/shop.bantam.ch\/de\/wp-json\/wp\/v2\/product_tag?post=217486"}],"curies":[{"name":"wp","href":"https:\/\/api.w.org\/{rel}","templated":true}]}}