{"id":217458,"date":"2025-03-25T14:47:15","date_gmt":"2025-03-25T13:47:15","guid":{"rendered":"https:\/\/shop.bantam.ch\/produit\/norwegen-reisefuehrer-petit-fute\/"},"modified":"2026-04-20T23:33:59","modified_gmt":"2026-04-20T21:33:59","slug":"norwegen-reisefuehrer-petit-fute","status":"publish","type":"product","link":"https:\/\/shop.bantam.ch\/de\/produkt\/norwegen-reisefuehrer-petit-fute\/","title":{"rendered":"Norwegen Reisef\u00fchrer Petit Fut\u00e9"},"content":{"rendered":"<p>An den Grenzen zu Eisw\u00fcsten und gefrorenen Meeren entfaltet eine europ\u00e4ische parlamentarische Monarchie tausend magische Landschaften \u2013 zur Freude der Reisenden und ihrer gl\u00fccklichen Bewohner. Unabh\u00e4ngig von Jahreszeit und Ort zeigt sich die norwegische Natur \u00fcppig, \u00fcberw\u00e4ltigend und oft geradezu spektakul\u00e4r. Fjorde und Fl\u00fcsse durchziehen eine unber\u00fchrte Landschaft, die eine reiche Tierwelt beherbergt. Eine Reise nach Norwegen bedeutet vor allem eine Entscheidung f\u00fcr Authentizit\u00e4t, f\u00fcr eine unber\u00fchrte und gro\u00dfz\u00fcgige Natur \u2013 kurz gesagt: ein vollst\u00e4ndiger Tapetenwechsel, nur zwei Flugstunden von Paris entfernt.<\/p>\n","protected":false},"excerpt":{"rendered":"<p>An den Grenzen zu Eisw\u00fcsten und gefrorenen Meeren entfaltet eine europ\u00e4ische parlamentarische Monarchie tausend magische Landschaften \u2013 zur Freude der Reisenden und ihrer gl\u00fccklichen Bewohner. Unabh\u00e4ngig von Jahreszeit und Ort zeigt sich die norwegische Natur \u00fcppig, \u00fcberw\u00e4ltigend und oft geradezu spektakul\u00e4r. Fjorde und Fl\u00fcsse durchziehen eine unber\u00fchrte Landschaft, die eine reiche Tierwelt beherbergt. Eine Reise [&hellip;]<\/p>\n","protected":false},"featured_media":217456,"template":"","meta":{"_acf_changed":false},"product_featured_cat":[],"product_brand":[3741],"product_cat":[4346],"product_tag":[],"class_list":{"0":"post-217458","1":"product","2":"type-product","3":"status-publish","4":"has-post-thumbnail","6":"product_brand-bantam-de","7":"product_cat-stellplatzfuehrer","9":"first","10":"instock","11":"taxable","12":"shipping-taxable","13":"purchasable","14":"product-type-simple"},"acf":[],"yoast_head":"<!-- This site is optimized with the Yoast SEO plugin v27.4 - https:\/\/yoast.com\/product\/yoast-seo-wordpress\/ -->\n<title>Norwegen Reisef\u00fchrer Petit Fut\u00e9 - Bantam Camping AG<\/title>\n<meta name=\"robots\" content=\"index, follow, max-snippet:-1, max-image-preview:large, max-video-preview:-1\" \/>\n<link rel=\"canonical\" href=\"https:\/\/shop.bantam.ch\/de\/produkt\/norwegen-reisefuehrer-petit-fute\/\" \/>\n<meta property=\"og:locale\" content=\"de_DE\" \/>\n<meta property=\"og:type\" content=\"article\" \/>\n<meta property=\"og:title\" content=\"Norwegen Reisef\u00fchrer Petit Fut\u00e9 - Bantam Camping AG\" \/>\n<meta property=\"og:description\" content=\"An den Grenzen zu Eisw\u00fcsten und gefrorenen Meeren entfaltet eine europ\u00e4ische parlamentarische Monarchie tausend magische Landschaften \u2013 zur Freude der Reisenden und ihrer gl\u00fccklichen Bewohner. Unabh\u00e4ngig von Jahreszeit und Ort zeigt sich die norwegische Natur \u00fcppig, \u00fcberw\u00e4ltigend und oft geradezu spektakul\u00e4r. Fjorde und Fl\u00fcsse durchziehen eine unber\u00fchrte Landschaft, die eine reiche Tierwelt beherbergt. Eine Reise [&hellip;]\" \/>\n<meta property=\"og:url\" content=\"https:\/\/shop.bantam.ch\/de\/produkt\/norwegen-reisefuehrer-petit-fute\/\" \/>\n<meta property=\"og:site_name\" content=\"Bantam Camping AG\" \/>\n<meta property=\"article:modified_time\" content=\"2026-04-20T21:33:59+00:00\" \/>\n<meta property=\"og:image\" content=\"https:\/\/shop.bantam.ch\/wp-content\/uploads\/2025\/03\/Guide-Norvege-2024-Petit-Fute.jpg\" \/>\n\t<meta property=\"og:image:width\" content=\"400\" \/>\n\t<meta property=\"og:image:height\" content=\"683\" \/>\n\t<meta property=\"og:image:type\" content=\"image\/jpeg\" \/>\n<meta name=\"twitter:card\" content=\"summary_large_image\" \/>\n<script type=\"application\/ld+json\" class=\"yoast-schema-graph\">{\"@context\":\"https:\\\/\\\/schema.org\",\"@graph\":[{\"@type\":\"WebPage\",\"@id\":\"https:\\\/\\\/shop.bantam.ch\\\/de\\\/produkt\\\/norwegen-reisefuehrer-petit-fute\\\/\",\"url\":\"https:\\\/\\\/shop.bantam.ch\\\/de\\\/produkt\\\/norwegen-reisefuehrer-petit-fute\\\/\",\"name\":\"Norwegen Reisef\u00fchrer Petit Fut\u00e9 - Bantam Camping AG\",\"isPartOf\":{\"@id\":\"https:\\\/\\\/shop.bantam.ch\\\/de\\\/#website\"},\"primaryImageOfPage\":{\"@id\":\"https:\\\/\\\/shop.bantam.ch\\\/de\\\/produkt\\\/norwegen-reisefuehrer-petit-fute\\\/#primaryimage\"},\"image\":{\"@id\":\"https:\\\/\\\/shop.bantam.ch\\\/de\\\/produkt\\\/norwegen-reisefuehrer-petit-fute\\\/#primaryimage\"},\"thumbnailUrl\":\"https:\\\/\\\/shop.bantam.ch\\\/wp-content\\\/uploads\\\/2025\\\/03\\\/Guide-Norvege-2024-Petit-Fute.jpg\",\"datePublished\":\"2025-03-25T13:47:15+00:00\",\"dateModified\":\"2026-04-20T21:33:59+00:00\",\"breadcrumb\":{\"@id\":\"https:\\\/\\\/shop.bantam.ch\\\/de\\\/produkt\\\/norwegen-reisefuehrer-petit-fute\\\/#breadcrumb\"},\"inLanguage\":\"de\",\"potentialAction\":[{\"@type\":\"ReadAction\",\"target\":[\"https:\\\/\\\/shop.bantam.ch\\\/de\\\/produkt\\\/norwegen-reisefuehrer-petit-fute\\\/\"]}]},{\"@type\":\"ImageObject\",\"inLanguage\":\"de\",\"@id\":\"https:\\\/\\\/shop.bantam.ch\\\/de\\\/produkt\\\/norwegen-reisefuehrer-petit-fute\\\/#primaryimage\",\"url\":\"https:\\\/\\\/shop.bantam.ch\\\/wp-content\\\/uploads\\\/2025\\\/03\\\/Guide-Norvege-2024-Petit-Fute.jpg\",\"contentUrl\":\"https:\\\/\\\/shop.bantam.ch\\\/wp-content\\\/uploads\\\/2025\\\/03\\\/Guide-Norvege-2024-Petit-Fute.jpg\",\"width\":400,\"height\":683},{\"@type\":\"BreadcrumbList\",\"@id\":\"https:\\\/\\\/shop.bantam.ch\\\/de\\\/produkt\\\/norwegen-reisefuehrer-petit-fute\\\/#breadcrumb\",\"itemListElement\":[{\"@type\":\"ListItem\",\"position\":1,\"name\":\"Accueil\",\"item\":\"https:\\\/\\\/shop.bantam.ch\\\/de\\\/\"},{\"@type\":\"ListItem\",\"position\":2,\"name\":\"Shop\",\"item\":\"https:\\\/\\\/shop.bantam.ch\\\/de\\\/shop\\\/\"},{\"@type\":\"ListItem\",\"position\":3,\"name\":\"Norwegen Reisef\u00fchrer Petit Fut\u00e9\"}]},{\"@type\":\"WebSite\",\"@id\":\"https:\\\/\\\/shop.bantam.ch\\\/de\\\/#website\",\"url\":\"https:\\\/\\\/shop.bantam.ch\\\/de\\\/\",\"name\":\"Bantam Camping AG\",\"description\":\"\",\"publisher\":{\"@id\":\"https:\\\/\\\/shop.bantam.ch\\\/de\\\/#organization\"},\"inLanguage\":\"de\"},{\"@type\":\"Organization\",\"@id\":\"https:\\\/\\\/shop.bantam.ch\\\/de\\\/#organization\",\"name\":\"Bantam Camping AG\",\"url\":\"https:\\\/\\\/shop.bantam.ch\\\/de\\\/\",\"logo\":{\"@type\":\"ImageObject\",\"inLanguage\":\"de\",\"@id\":\"https:\\\/\\\/shop.bantam.ch\\\/de\\\/#\\\/schema\\\/logo\\\/image\\\/\",\"url\":\"https:\\\/\\\/shop.bantam.ch\\\/wp-content\\\/uploads\\\/2022\\\/12\\\/bantam-logo.png\",\"contentUrl\":\"https:\\\/\\\/shop.bantam.ch\\\/wp-content\\\/uploads\\\/2022\\\/12\\\/bantam-logo.png\",\"width\":320,\"height\":71,\"caption\":\"Bantam Camping AG\"},\"image\":{\"@id\":\"https:\\\/\\\/shop.bantam.ch\\\/de\\\/#\\\/schema\\\/logo\\\/image\\\/\"}}]}<\/script>\n<!-- \/ Yoast SEO plugin. -->","yoast_head_json":{"title":"Norwegen Reisef\u00fchrer Petit Fut\u00e9 - Bantam Camping AG","robots":{"index":"index","follow":"follow","max-snippet":"max-snippet:-1","max-image-preview":"max-image-preview:large","max-video-preview":"max-video-preview:-1"},"canonical":"https:\/\/shop.bantam.ch\/de\/produkt\/norwegen-reisefuehrer-petit-fute\/","og_locale":"de_DE","og_type":"article","og_title":"Norwegen Reisef\u00fchrer Petit Fut\u00e9 - Bantam Camping AG","og_description":"An den Grenzen zu Eisw\u00fcsten und gefrorenen Meeren entfaltet eine europ\u00e4ische parlamentarische Monarchie tausend magische Landschaften \u2013 zur Freude der Reisenden und ihrer gl\u00fccklichen Bewohner. Unabh\u00e4ngig von Jahreszeit und Ort zeigt sich die norwegische Natur \u00fcppig, \u00fcberw\u00e4ltigend und oft geradezu spektakul\u00e4r. Fjorde und Fl\u00fcsse durchziehen eine unber\u00fchrte Landschaft, die eine reiche Tierwelt beherbergt. Eine Reise [&hellip;]","og_url":"https:\/\/shop.bantam.ch\/de\/produkt\/norwegen-reisefuehrer-petit-fute\/","og_site_name":"Bantam Camping AG","article_modified_time":"2026-04-20T21:33:59+00:00","og_image":[{"width":400,"height":683,"url":"https:\/\/shop.bantam.ch\/wp-content\/uploads\/2025\/03\/Guide-Norvege-2024-Petit-Fute.jpg","type":"image\/jpeg"}],"twitter_card":"summary_large_image","schema":{"@context":"https:\/\/schema.org","@graph":[{"@type":"WebPage","@id":"https:\/\/shop.bantam.ch\/de\/produkt\/norwegen-reisefuehrer-petit-fute\/","url":"https:\/\/shop.bantam.ch\/de\/produkt\/norwegen-reisefuehrer-petit-fute\/","name":"Norwegen Reisef\u00fchrer Petit Fut\u00e9 - Bantam Camping AG","isPartOf":{"@id":"https:\/\/shop.bantam.ch\/de\/#website"},"primaryImageOfPage":{"@id":"https:\/\/shop.bantam.ch\/de\/produkt\/norwegen-reisefuehrer-petit-fute\/#primaryimage"},"image":{"@id":"https:\/\/shop.bantam.ch\/de\/produkt\/norwegen-reisefuehrer-petit-fute\/#primaryimage"},"thumbnailUrl":"https:\/\/shop.bantam.ch\/wp-content\/uploads\/2025\/03\/Guide-Norvege-2024-Petit-Fute.jpg","datePublished":"2025-03-25T13:47:15+00:00","dateModified":"2026-04-20T21:33:59+00:00","breadcrumb":{"@id":"https:\/\/shop.bantam.ch\/de\/produkt\/norwegen-reisefuehrer-petit-fute\/#breadcrumb"},"inLanguage":"de","potentialAction":[{"@type":"ReadAction","target":["https:\/\/shop.bantam.ch\/de\/produkt\/norwegen-reisefuehrer-petit-fute\/"]}]},{"@type":"ImageObject","inLanguage":"de","@id":"https:\/\/shop.bantam.ch\/de\/produkt\/norwegen-reisefuehrer-petit-fute\/#primaryimage","url":"https:\/\/shop.bantam.ch\/wp-content\/uploads\/2025\/03\/Guide-Norvege-2024-Petit-Fute.jpg","contentUrl":"https:\/\/shop.bantam.ch\/wp-content\/uploads\/2025\/03\/Guide-Norvege-2024-Petit-Fute.jpg","width":400,"height":683},{"@type":"BreadcrumbList","@id":"https:\/\/shop.bantam.ch\/de\/produkt\/norwegen-reisefuehrer-petit-fute\/#breadcrumb","itemListElement":[{"@type":"ListItem","position":1,"name":"Accueil","item":"https:\/\/shop.bantam.ch\/de\/"},{"@type":"ListItem","position":2,"name":"Shop","item":"https:\/\/shop.bantam.ch\/de\/shop\/"},{"@type":"ListItem","position":3,"name":"Norwegen Reisef\u00fchrer Petit Fut\u00e9"}]},{"@type":"WebSite","@id":"https:\/\/shop.bantam.ch\/de\/#website","url":"https:\/\/shop.bantam.ch\/de\/","name":"Bantam Camping AG","description":"","publisher":{"@id":"https:\/\/shop.bantam.ch\/de\/#organization"},"inLanguage":"de"},{"@type":"Organization","@id":"https:\/\/shop.bantam.ch\/de\/#organization","name":"Bantam Camping AG","url":"https:\/\/shop.bantam.ch\/de\/","logo":{"@type":"ImageObject","inLanguage":"de","@id":"https:\/\/shop.bantam.ch\/de\/#\/schema\/logo\/image\/","url":"https:\/\/shop.bantam.ch\/wp-content\/uploads\/2022\/12\/bantam-logo.png","contentUrl":"https:\/\/shop.bantam.ch\/wp-content\/uploads\/2022\/12\/bantam-logo.png","width":320,"height":71,"caption":"Bantam Camping AG"},"image":{"@id":"https:\/\/shop.bantam.ch\/de\/#\/schema\/logo\/image\/"}}]}},"_links":{"self":[{"href":"https:\/\/shop.bantam.ch\/de\/wp-json\/wp\/v2\/product\/217458","targetHints":{"allow":["GET"]}}],"collection":[{"href":"https:\/\/shop.bantam.ch\/de\/wp-json\/wp\/v2\/product"}],"about":[{"href":"https:\/\/shop.bantam.ch\/de\/wp-json\/wp\/v2\/types\/product"}],"wp:featuredmedia":[{"embeddable":true,"href":"https:\/\/shop.bantam.ch\/de\/wp-json\/wp\/v2\/media\/217456"}],"wp:attachment":[{"href":"https:\/\/shop.bantam.ch\/de\/wp-json\/wp\/v2\/media?parent=217458"}],"wp:term":[{"taxonomy":"product_featured_cat","embeddable":true,"href":"https:\/\/shop.bantam.ch\/de\/wp-json\/wp\/v2\/product_featured_cat?post=217458"},{"taxonomy":"product_brand","embeddable":true,"href":"https:\/\/shop.bantam.ch\/de\/wp-json\/wp\/v2\/product_brand?post=217458"},{"taxonomy":"product_cat","embeddable":true,"href":"https:\/\/shop.bantam.ch\/de\/wp-json\/wp\/v2\/product_cat?post=217458"},{"taxonomy":"product_tag","embeddable":true,"href":"https:\/\/shop.bantam.ch\/de\/wp-json\/wp\/v2\/product_tag?post=217458"}],"curies":[{"name":"wp","href":"https:\/\/api.w.org\/{rel}","templated":true}]}}